{"id":79106,"date":"2019-09-28T17:36:15","date_gmt":"2019-09-28T15:36:15","guid":{"rendered":"http:\/\/www.erboristerie.com\/?post_type=product&#038;p=79106"},"modified":"2025-09-10T18:54:28","modified_gmt":"2025-09-10T16:54:28","slug":"fior-di-salina-lozione-deodorante","status":"publish","type":"product","link":"https:\/\/www.erboristerie.com\/it\/prodotto\/fior-di-salina-lozione-deodorante\/","title":{"rendered":"Fior Di Salina Lozione Deodorante"},"content":{"rendered":"<p><strong>Lozione Deodorante Fior di Salina 100ml &#8211; L&#8217;Erbolario<\/strong><br \/>\nUn&#8217;efficace Lozione Deodorante con Sale marino delle Saline Conti Vecchi<br \/>\n<strong>Descrizione<\/strong><br \/>\nFreschezza e sensazione di comfort accompagnano per tutta la giornata, grazie a questa formulazione in spray, che vanta l\u2019efficace azione deodorante del Trietilcitrato e dei fitocomplessi da Cocco e da Equiseto e Salvia. Ricco \u00e8 inoltre il contributo degli ingredienti tipicamente mediterranei: il Sale marino, tonificante, l\u2019acqua distillata di foglie di Corbezzolo, rinfrescante, gli estratti di Salicornia e di Lentisco, addolcenti ed emollienti.<br \/>\n<strong>Fragranza: <\/strong>agrumata, acquatica<br \/>\n<strong>Consigli d&#8217;uso<\/strong><br \/>\nDopo la detersione, vaporizzare nell\u2019incavo delle ascelle.<br \/>\n<strong>Sostanze funzionali<\/strong><br \/>\nSale marino delle Saline Conti Vecchi, acqua distillata di foglie di Corbezzolo, estratti di Salicornia e di Lentisco, Sodio Usnato da Usnea barbata, Trietilcitrato da biotecnologia, fitocomplesso neutralizzante dell\u2019odore da Equiseto e Salvia, fitocomplesso deodorante da Cocco, Alfa bisabololo da Candeia biologico<br \/>\n<strong>Ingredienti (INCI)<\/strong><br \/>\nAlcohol denat., Aqua (Water), Arbutus unedo leaf water, Triethyl citrate, Parfum (Fragrance), Maris sal, Pistacia lentiscus leaf extract, Salicornia herbacea extract, Equisetum arvense extract, Salvia officinalis (Sage) oil , Bisabolol, Sodium usnate, Glyceryl caprylate, Glycerin, Citric acid, Polyglyceryl-10 laurate, Citronellyl methylcrotonate, Alpha-isomethyl ionone, Benzyl salicylate, Citral, Geraniol, Limonene, Linalool<br \/>\n<strong>Cosa sapere in piu&#8217;<\/strong><\/p>\n<ul>\n<li>100% Made in Italy<br \/>\nOgni fase della nostra attivit\u00e0, dalla formulazione al controllo qualit\u00e0, dalla preparazione del semilavorato al confezionamento, viene attuata da sempre nel nostro sito produttivo di Lodi: noi non abbiamo delocalizzato alcuna fase produttiva in paesi terzi, men che meno in quelli nei quali i diritti umani e i diritti fondamentali dei lavoratori sono calpestati. I nostri fitocosmetici sono orgogliosi di potersi dire 100% MADE IN ITALY<\/li>\n<li>7 Metalli testati<br \/>\nMonitoraggio del contenuto di 7 metalli per minimizzare i rischi di allergia: *(Nichel, Piombo, Arsenico, Cadmio, Mercurio, Antimonio e Cromo) e salvaguardare cos\u00ec anche le pelli pi\u00f9 sensibili. Ogni lotto di produzione \u00e8 rigorosamente controllato per garantire un contenuto di ogni singolo metallo inferiore a 0.00005% (limite di rilevabilit\u00e0 strumentale)<\/li>\n<li>Da sempre amici degli animali<br \/>\nAderiamo allo \u201cStandard Internazionale Stop ai Test su Animali\u201d; garantito da LAV (Lega Anti Vivisezione). Fin dalla sua fondazione nel 1978 L&#8217;Erbolario ha seguito la politica di non ricorrere a test su animali e dal 2006, dopo che le normative europee hanno iniziato a limitare e poi hanno man mano proibito il ricorso ai test su animali per fini cosmetici, ha aderito allo Standard. www.lav.it<\/li>\n<li>Dermatologicamente Testato<br \/>\nQuesto prodotto ha dimostrato di essere ottimamente tollerato dopo una rigorosa sperimentazione clinica finalizzata alla ricerca di eventuali potenzialit\u00e0 di irritazione e di allergogenesi. La valutazione delle ricerche \u00e8 stata effettuata presso il Dipartimento di Medicina interna e Terapia medica dell\u2019Universit\u00e0 degli Studi di Pavia<\/li>\n<li>Imballo in Carta FSC\u00ae<br \/>\nLa confezione esterna cartacea di questo prodotto \u00e8 costituita esclusivamente carta certificata FSC\u00ae, secondo i rigorosi standardambientali e sociali del Forest Stewardship Concil\u00ae a supporto di una corretta e responsabile gestione delle risorse forestali<\/li>\n<li>Senza ingredienti di derivazione animale<\/li>\n<\/ul>\n<hr \/>\n<p>Una linea profumata che rende omaggio ai sentori del Mediterraneo e che dal mare della Sardegna trae un ingrediente speciale, il Sale marino. Dalle Saline Conti Vecchi, nell\u2019assolata provincia di Cagliari, giunge l\u2019oro bianco che ha ispirato queste formulazioni.<br \/>\nUn luogo unico, dove, in un contesto naturalistico, sorge tuttora il sito produttivo che l\u2019illuminato Ingegner Luigi Conti-Vecchi volle impiantare negli anni Venti del Novecento. Oggi, mentre continua incessante l\u2019opera di estrazione del sale, il sito di archeologia industriale \u00e8 affidato al FAI &#8211; Fondo Ambiente Italiano, che ne cura la valorizzazione.<br \/>\nLa linea Fior di Salina \u00e8 dunque, nell\u2019intento de L\u2019Erbolario, molto pi\u00f9 di un omaggio profumato al sale e al Mediterraneo: \u00e8 altres\u00ec un progetto che consente di rinnovare il decennale impegno a sostegno del FAI e del patrimonio culturale e paesaggistico italiano.<\/p>\n<p><img decoding=\"async\" style=\"width: 447px; height: 300px;\" src=\"https:\/\/www.erboristerie.com\/image\/data\/LINEAFIORDISALINA-1.jpg\" alt=\"\" \/><\/p>\n","protected":false},"excerpt":{"rendered":"<p>Lozione Deodorante Fior di Salina 100ml &#8211; L&#8217;Erbolario Un&#8217;efficace Lozione Deodorante con Sale marino delle Saline Conti Vecchi Descrizione Freschezza e sensazione di comfort accompagnano per tutta la giornata, grazie a questa formulazione in spray, che vanta l\u2019efficace azione deodorante del Trietilcitrato e dei fitocomplessi&#8230;<\/p>\n","protected":false},"featured_media":109247,"template":"","meta":{"_acf_changed":false},"product_brand":[9603],"product_cat":[49195,9687],"product_tag":[11473,11559,10832,14094,12472,10801,12580,12238,17913,10889],"giftcard-category":[],"class_list":{"0":"post-79106","1":"product","2":"type-product","3":"status-publish","4":"has-post-thumbnail","6":"product_brand-erbolario","7":"product_cat-linee-profumate","8":"product_cat-deodoranti","9":"product_tag-15ml","10":"product_tag-bagnoschiuma","11":"product_tag-deodorante","12":"product_tag-fior","13":"product_tag-iris","14":"product_tag-linea","15":"product_tag-lozione","16":"product_tag-profumo","17":"product_tag-salina","18":"product_tag-spray","19":"pa_formato-125-ml","20":"pa_linea-profumazione-fior-di-salina","21":"pa_marca-lerbolario","22":"pa_tipologia-deodorante","24":"first","25":"instock","26":"sale","27":"taxable","28":"shipping-taxable","29":"purchasable","30":"product-type-simple"},"acf":[],"yoast_head":"<!-- This site is optimized with the Yoast SEO plugin v24.9 - https:\/\/yoast.com\/wordpress\/plugins\/seo\/ -->\n<title>Fior Di Salina Lozione Deodorante<\/title>\n<meta name=\"description\" content=\"Un&#039;efficace Lozione Deodorante con Sale marino delle Saline Conti Vecchi. Una fragranza che guida tra i sentori agrumati e aromatici della costa mediterranea e la freschezza della brezza marina\" \/>\n<meta name=\"robots\" content=\"index, follow, max-snippet:-1, max-image-preview:large, max-video-preview:-1\" \/>\n<link rel=\"canonical\" href=\"https:\/\/www.erboristerie.com\/it\/prodotto\/fior-di-salina-lozione-deodorante\/\" \/>\n<meta property=\"og:locale\" content=\"it_IT\" \/>\n<meta property=\"og:type\" content=\"article\" \/>\n<meta property=\"og:title\" content=\"Fior Di Salina Lozione Deodorante\" \/>\n<meta property=\"og:description\" content=\"Un&#039;efficace Lozione Deodorante con Sale marino delle Saline Conti Vecchi. Una fragranza che guida tra i sentori agrumati e aromatici della costa mediterranea e la freschezza della brezza marina\" \/>\n<meta property=\"og:url\" content=\"https:\/\/www.erboristerie.com\/it\/prodotto\/fior-di-salina-lozione-deodorante\/\" \/>\n<meta property=\"og:site_name\" content=\"Erboristeria Demetra\" \/>\n<meta property=\"article:publisher\" content=\"https:\/\/www.facebook.com\/erboristeria.demetra.online\" \/>\n<meta property=\"article:modified_time\" content=\"2025-09-10T16:54:28+00:00\" \/>\n<meta property=\"og:image\" content=\"https:\/\/www.erboristerie.com\/wp-content\/uploads\/2019\/09\/00002819-1.jpg\" \/>\n\t<meta property=\"og:image:width\" content=\"637\" \/>\n\t<meta property=\"og:image:height\" content=\"670\" \/>\n\t<meta property=\"og:image:type\" content=\"image\/jpeg\" \/>\n<meta name=\"twitter:card\" content=\"summary_large_image\" \/>\n<meta name=\"twitter:label1\" content=\"Tempo di lettura stimato\" \/>\n\t<meta name=\"twitter:data1\" content=\"3 minuti\" \/>\n<script type=\"application\/ld+json\" class=\"yoast-schema-graph\">{\"@context\":\"https:\/\/schema.org\",\"@graph\":[{\"@type\":\"WebPage\",\"@id\":\"https:\/\/www.erboristerie.com\/it\/prodotto\/fior-di-salina-lozione-deodorante\/\",\"url\":\"https:\/\/www.erboristerie.com\/it\/prodotto\/fior-di-salina-lozione-deodorante\/\",\"name\":\"Fior Di Salina Lozione Deodorante\",\"isPartOf\":{\"@id\":\"https:\/\/www.erboristerie.com\/it\/#website\"},\"primaryImageOfPage\":{\"@id\":\"https:\/\/www.erboristerie.com\/it\/prodotto\/fior-di-salina-lozione-deodorante\/#primaryimage\"},\"image\":{\"@id\":\"https:\/\/www.erboristerie.com\/it\/prodotto\/fior-di-salina-lozione-deodorante\/#primaryimage\"},\"thumbnailUrl\":\"https:\/\/www.erboristerie.com\/wp-content\/uploads\/2019\/09\/00002819-1.jpg\",\"datePublished\":\"2019-09-28T15:36:15+00:00\",\"dateModified\":\"2025-09-10T16:54:28+00:00\",\"description\":\"Un'efficace Lozione Deodorante con Sale marino delle Saline Conti Vecchi. Una fragranza che guida tra i sentori agrumati e aromatici della costa mediterranea e la freschezza della brezza marina\",\"breadcrumb\":{\"@id\":\"https:\/\/www.erboristerie.com\/it\/prodotto\/fior-di-salina-lozione-deodorante\/#breadcrumb\"},\"inLanguage\":\"it-IT\",\"potentialAction\":[{\"@type\":\"ReadAction\",\"target\":[\"https:\/\/www.erboristerie.com\/it\/prodotto\/fior-di-salina-lozione-deodorante\/\"]}]},{\"@type\":\"ImageObject\",\"inLanguage\":\"it-IT\",\"@id\":\"https:\/\/www.erboristerie.com\/it\/prodotto\/fior-di-salina-lozione-deodorante\/#primaryimage\",\"url\":\"https:\/\/www.erboristerie.com\/wp-content\/uploads\/2019\/09\/00002819-1.jpg\",\"contentUrl\":\"https:\/\/www.erboristerie.com\/wp-content\/uploads\/2019\/09\/00002819-1.jpg\",\"width\":637,\"height\":670},{\"@type\":\"BreadcrumbList\",\"@id\":\"https:\/\/www.erboristerie.com\/it\/prodotto\/fior-di-salina-lozione-deodorante\/#breadcrumb\",\"itemListElement\":[{\"@type\":\"ListItem\",\"position\":1,\"name\":\"Home\",\"item\":\"https:\/\/www.erboristerie.com\/it\/\"},{\"@type\":\"ListItem\",\"position\":2,\"name\":\"Tutti i prodotti\",\"item\":\"https:\/\/www.erboristerie.com\/it\/tutti-i-prodotti\/\"},{\"@type\":\"ListItem\",\"position\":3,\"name\":\"Fior Di Salina Lozione Deodorante\"}]},{\"@type\":\"WebSite\",\"@id\":\"https:\/\/www.erboristerie.com\/it\/#website\",\"url\":\"https:\/\/www.erboristerie.com\/it\/\",\"name\":\"Erboristeria Demetra\",\"description\":\"La tua salute al naturale\",\"publisher\":{\"@id\":\"https:\/\/www.erboristerie.com\/it\/#organization\"},\"potentialAction\":[{\"@type\":\"SearchAction\",\"target\":{\"@type\":\"EntryPoint\",\"urlTemplate\":\"https:\/\/www.erboristerie.com\/it\/?s={search_term_string}\"},\"query-input\":{\"@type\":\"PropertyValueSpecification\",\"valueRequired\":true,\"valueName\":\"search_term_string\"}}],\"inLanguage\":\"it-IT\"},{\"@type\":\"Organization\",\"@id\":\"https:\/\/www.erboristerie.com\/it\/#organization\",\"name\":\"Erboristeria Demetra\",\"url\":\"https:\/\/www.erboristerie.com\/it\/\",\"logo\":{\"@type\":\"ImageObject\",\"inLanguage\":\"it-IT\",\"@id\":\"https:\/\/www.erboristerie.com\/it\/#\/schema\/logo\/image\/\",\"url\":\"https:\/\/www.erboristerie.com\/wp-content\/uploads\/2019\/11\/LOGO_ERBORISTERIA_DEMETRA_original.png?v=1611516981\",\"contentUrl\":\"https:\/\/www.erboristerie.com\/wp-content\/uploads\/2019\/11\/LOGO_ERBORISTERIA_DEMETRA_original.png?v=1611516981\",\"width\":201,\"height\":54,\"caption\":\"Erboristeria Demetra\"},\"image\":{\"@id\":\"https:\/\/www.erboristerie.com\/it\/#\/schema\/logo\/image\/\"},\"sameAs\":[\"https:\/\/www.facebook.com\/erboristeria.demetra.online\"]}]}<\/script>\n<!-- \/ Yoast SEO plugin. -->","yoast_head_json":{"title":"Fior Di Salina Lozione Deodorante","description":"Un'efficace Lozione Deodorante con Sale marino delle Saline Conti Vecchi. Una fragranza che guida tra i sentori agrumati e aromatici della costa mediterranea e la freschezza della brezza marina","robots":{"index":"index","follow":"follow","max-snippet":"max-snippet:-1","max-image-preview":"max-image-preview:large","max-video-preview":"max-video-preview:-1"},"canonical":"https:\/\/www.erboristerie.com\/it\/prodotto\/fior-di-salina-lozione-deodorante\/","og_locale":"it_IT","og_type":"article","og_title":"Fior Di Salina Lozione Deodorante","og_description":"Un'efficace Lozione Deodorante con Sale marino delle Saline Conti Vecchi. Una fragranza che guida tra i sentori agrumati e aromatici della costa mediterranea e la freschezza della brezza marina","og_url":"https:\/\/www.erboristerie.com\/it\/prodotto\/fior-di-salina-lozione-deodorante\/","og_site_name":"Erboristeria Demetra","article_publisher":"https:\/\/www.facebook.com\/erboristeria.demetra.online","article_modified_time":"2025-09-10T16:54:28+00:00","og_image":[{"width":637,"height":670,"url":"https:\/\/www.erboristerie.com\/wp-content\/uploads\/2019\/09\/00002819-1.jpg","type":"image\/jpeg"}],"twitter_card":"summary_large_image","twitter_misc":{"Tempo di lettura stimato":"3 minuti"},"schema":{"@context":"https:\/\/schema.org","@graph":[{"@type":"WebPage","@id":"https:\/\/www.erboristerie.com\/it\/prodotto\/fior-di-salina-lozione-deodorante\/","url":"https:\/\/www.erboristerie.com\/it\/prodotto\/fior-di-salina-lozione-deodorante\/","name":"Fior Di Salina Lozione Deodorante","isPartOf":{"@id":"https:\/\/www.erboristerie.com\/it\/#website"},"primaryImageOfPage":{"@id":"https:\/\/www.erboristerie.com\/it\/prodotto\/fior-di-salina-lozione-deodorante\/#primaryimage"},"image":{"@id":"https:\/\/www.erboristerie.com\/it\/prodotto\/fior-di-salina-lozione-deodorante\/#primaryimage"},"thumbnailUrl":"https:\/\/www.erboristerie.com\/wp-content\/uploads\/2019\/09\/00002819-1.jpg","datePublished":"2019-09-28T15:36:15+00:00","dateModified":"2025-09-10T16:54:28+00:00","description":"Un'efficace Lozione Deodorante con Sale marino delle Saline Conti Vecchi. Una fragranza che guida tra i sentori agrumati e aromatici della costa mediterranea e la freschezza della brezza marina","breadcrumb":{"@id":"https:\/\/www.erboristerie.com\/it\/prodotto\/fior-di-salina-lozione-deodorante\/#breadcrumb"},"inLanguage":"it-IT","potentialAction":[{"@type":"ReadAction","target":["https:\/\/www.erboristerie.com\/it\/prodotto\/fior-di-salina-lozione-deodorante\/"]}]},{"@type":"ImageObject","inLanguage":"it-IT","@id":"https:\/\/www.erboristerie.com\/it\/prodotto\/fior-di-salina-lozione-deodorante\/#primaryimage","url":"https:\/\/www.erboristerie.com\/wp-content\/uploads\/2019\/09\/00002819-1.jpg","contentUrl":"https:\/\/www.erboristerie.com\/wp-content\/uploads\/2019\/09\/00002819-1.jpg","width":637,"height":670},{"@type":"BreadcrumbList","@id":"https:\/\/www.erboristerie.com\/it\/prodotto\/fior-di-salina-lozione-deodorante\/#breadcrumb","itemListElement":[{"@type":"ListItem","position":1,"name":"Home","item":"https:\/\/www.erboristerie.com\/it\/"},{"@type":"ListItem","position":2,"name":"Tutti i prodotti","item":"https:\/\/www.erboristerie.com\/it\/tutti-i-prodotti\/"},{"@type":"ListItem","position":3,"name":"Fior Di Salina Lozione Deodorante"}]},{"@type":"WebSite","@id":"https:\/\/www.erboristerie.com\/it\/#website","url":"https:\/\/www.erboristerie.com\/it\/","name":"Erboristeria Demetra","description":"La tua salute al naturale","publisher":{"@id":"https:\/\/www.erboristerie.com\/it\/#organization"},"potentialAction":[{"@type":"SearchAction","target":{"@type":"EntryPoint","urlTemplate":"https:\/\/www.erboristerie.com\/it\/?s={search_term_string}"},"query-input":{"@type":"PropertyValueSpecification","valueRequired":true,"valueName":"search_term_string"}}],"inLanguage":"it-IT"},{"@type":"Organization","@id":"https:\/\/www.erboristerie.com\/it\/#organization","name":"Erboristeria Demetra","url":"https:\/\/www.erboristerie.com\/it\/","logo":{"@type":"ImageObject","inLanguage":"it-IT","@id":"https:\/\/www.erboristerie.com\/it\/#\/schema\/logo\/image\/","url":"https:\/\/www.erboristerie.com\/wp-content\/uploads\/2019\/11\/LOGO_ERBORISTERIA_DEMETRA_original.png?v=1611516981","contentUrl":"https:\/\/www.erboristerie.com\/wp-content\/uploads\/2019\/11\/LOGO_ERBORISTERIA_DEMETRA_original.png?v=1611516981","width":201,"height":54,"caption":"Erboristeria Demetra"},"image":{"@id":"https:\/\/www.erboristerie.com\/it\/#\/schema\/logo\/image\/"},"sameAs":["https:\/\/www.facebook.com\/erboristeria.demetra.online"]}]}},"_links":{"self":[{"href":"https:\/\/www.erboristerie.com\/it\/wp-json\/wp\/v2\/product\/79106","targetHints":{"allow":["GET"]}}],"collection":[{"href":"https:\/\/www.erboristerie.com\/it\/wp-json\/wp\/v2\/product"}],"about":[{"href":"https:\/\/www.erboristerie.com\/it\/wp-json\/wp\/v2\/types\/product"}],"wp:featuredmedia":[{"embeddable":true,"href":"https:\/\/www.erboristerie.com\/it\/wp-json\/wp\/v2\/media\/109247"}],"wp:attachment":[{"href":"https:\/\/www.erboristerie.com\/it\/wp-json\/wp\/v2\/media?parent=79106"}],"wp:term":[{"taxonomy":"product_brand","embeddable":true,"href":"https:\/\/www.erboristerie.com\/it\/wp-json\/wp\/v2\/product_brand?post=79106"},{"taxonomy":"product_cat","embeddable":true,"href":"https:\/\/www.erboristerie.com\/it\/wp-json\/wp\/v2\/product_cat?post=79106"},{"taxonomy":"product_tag","embeddable":true,"href":"https:\/\/www.erboristerie.com\/it\/wp-json\/wp\/v2\/product_tag?post=79106"},{"taxonomy":"giftcard-category","embeddable":true,"href":"https:\/\/www.erboristerie.com\/it\/wp-json\/wp\/v2\/giftcard-category?post=79106"}],"curies":[{"name":"wp","href":"https:\/\/api.w.org\/{rel}","templated":true}]}}