{"id":78942,"date":"2019-09-27T18:40:14","date_gmt":"2019-09-27T16:40:14","guid":{"rendered":"http:\/\/www.erboristerie.com\/?post_type=product&#038;p=78942"},"modified":"2025-09-25T20:31:29","modified_gmt":"2025-09-25T18:31:29","slug":"accordo-di-ebano-schiuma-da-barba-200-ml","status":"publish","type":"product","link":"https:\/\/www.erboristerie.com\/it\/prodotto\/accordo-di-ebano-schiuma-da-barba-200-ml\/","title":{"rendered":"Accordo di Ebano Schiuma da Barba 200 ml"},"content":{"rendered":"<p><strong>Schiuma da Barba 200 ml Accordo di Ebano <em>&#8211; L&#8217;Erbolario<\/em><\/strong><\/p>\n<p>Questa Schiuma da Barba, con estratto di Ebano per garantire dolcezza, prepara il viso all\u2019incontro con il rasoio. Inoltre lascia la pelle fresca e idratata, grazie all\u2019Alfa bisabololo contenuto in questa ricetta.<\/p>\n<p><strong>Uso: <\/strong>Agitare la bombola prima dell\u2019uso e applicare la schiuma sul viso bagnato.<\/p>\n<p><strong>Senza siliconi, parabeni e petrolati<\/strong><em><strong>.<\/strong><\/em><\/p>\n<hr \/>\n<table border=\"0\" cellspacing=\"1\" cellpadding=\"1\">\n<tbody>\n<tr>\n<td><\/td>\n<td>\n<ul>\n<li><strong>100% Made in Italy<\/strong><br \/>\nOgni fase della nostra attivit\u00e0, dalla formulazione al controllo qualit\u00e0, dalla preparazione del semilavorato al confezionamento, viene attuata da sempre nel nostro sito produttivo di Lodi: noi non abbiamo delocalizzato alcuna fase produttiva in paesi terzi, men che meno in quelli nei quali i diritti umani e i diritti fondamentali dei lavoratori sono calpestati. I nostri fitocosmetici sono orgogliosi di potersi dire 100% MADE IN ITALY!<\/li>\n<li><strong>7 Metalli testati<\/strong><br \/>\nMonitoraggio del contenuto di 7 metalli per minimizzare i rischi di allergia: *(Nichel, Piombo, Arsenico, Cadmio, Mercurio, Antimonio e Cromo) e salvaguardare cos\u00ec anche le pelli pi\u00f9 sensibili. Ogni lotto di produzione \u00e8 rigorosamente controllato per garantire un contenuto di ogni singolo metallo inferiore a 0.00005% (limite di rilevabilit\u00e0 strumentale).<\/li>\n<li><strong>Da sempre amici degli animali<\/strong><br \/>\nAderiamo allo \u201cStandard Internazionale Stop ai Test su Animali\u201d; garantito da LAV (Lega Anti Vivisezione). Fin dalla sua fondazione nel 1978 L&#8217;Erbolario ha seguito la politica di non ricorrere a test su animali e dal 2006, dopo che le normative europee hanno iniziato a limitare e poi hanno man mano proibito il ricorso ai test su animali per fini cosmetici, ha aderito allo Standard. www.lav.it<\/li>\n<li><strong>Dermatologicamente Testato<\/strong><br \/>\nQuesto prodotto ha dimostrato di essere ottimamente tollerato dopo una rigorosa sperimentazione clinica finalizzata alla ricerca di eventuali potenzialit\u00e0 di irritazione e di allergogenesi. La valutazione delle ricerche \u00e8 stata effettuata presso il Dipartimento di Medicina interna e Terapia medica dell\u2019Universit\u00e0 degli Studi di Pavia.<\/li>\n<li><strong>Imballo in Carta FSC\u00ae<\/strong><br \/>\nLa confezione esterna cartacea di questo prodotto \u00e8 costituita esclusivamente carta certificata FSC\u00ae, secondo i rigorosi standardambientali e sociali del Forest Stewardship Concil\u00ae a supporto di una corretta e responsabile gestione delle risorse forestali<\/li>\n<li><strong>Senza ingredienti di derivazione animale.<\/strong><\/li>\n<\/ul>\n<\/td>\n<\/tr>\n<\/tbody>\n<\/table>\n<p>&nbsp;<\/p>\n","protected":false},"excerpt":{"rendered":"<p>Schiuma da Barba 200 ml Accordo di Ebano &#8211; L&#8217;Erbolario Questa Schiuma da Barba, con estratto di Ebano per garantire dolcezza, prepara il viso all\u2019incontro con il rasoio. Inoltre lascia la pelle fresca e idratata, grazie all\u2019Alfa bisabololo contenuto in questa ricetta. Uso: Agitare la&#8230;<\/p>\n","protected":false},"featured_media":109283,"template":"","meta":{"_acf_changed":false},"product_brand":[9603],"product_cat":[9715,45040],"product_tag":[14442,10566,14028,11559,12115,10938,11524,18241,17991,11304,12500,10786,11016,19339,11024,13401,17958,21016,19456,18944,14134],"giftcard-category":[],"class_list":{"0":"post-78942","1":"product","2":"type-product","3":"status-publish","4":"has-post-thumbnail","6":"product_brand-erbolario","7":"product_cat-uomo","8":"product_cat-viso","9":"product_tag-accordo","10":"product_tag-acido","11":"product_tag-azione","12":"product_tag-bagnoschiuma","13":"product_tag-barba","14":"product_tag-bifasico","15":"product_tag-corpo","16":"product_tag-crema-2","17":"product_tag-danza","18":"product_tag-ebano","19":"product_tag-effetto","20":"product_tag-filler","21":"product_tag-fiori","22":"product_tag-ialuronico-2","23":"product_tag-idratante","24":"product_tag-intensa","25":"product_tag-millevirtu","26":"product_tag-schiuma-2","27":"product_tag-shampoo-2","28":"product_tag-spray-3","29":"product_tag-tripla","30":"pa_formato-200-ml","31":"pa_linea-profumazione-accordo-di-ebano-en","32":"pa_marca-lerbolario","33":"pa_tipologia-schiuma-da-barba","35":"first","36":"instock","37":"sale","38":"taxable","39":"shipping-taxable","40":"purchasable","41":"product-type-simple"},"acf":[],"yoast_head":"<!-- This site is optimized with the Yoast SEO plugin v24.9 - https:\/\/yoast.com\/wordpress\/plugins\/seo\/ -->\n<title>Accordo di Ebano Schiuma da Barba 200 ml<\/title>\n<meta name=\"description\" content=\"Delicata schiuma per una rasatura perfetta\" \/>\n<meta name=\"robots\" content=\"index, follow, max-snippet:-1, max-image-preview:large, max-video-preview:-1\" \/>\n<link rel=\"canonical\" href=\"https:\/\/www.erboristerie.com\/it\/prodotto\/accordo-di-ebano-schiuma-da-barba-200-ml\/\" \/>\n<meta property=\"og:locale\" content=\"it_IT\" \/>\n<meta property=\"og:type\" content=\"article\" \/>\n<meta property=\"og:title\" content=\"Accordo di Ebano Schiuma da Barba 200 ml\" \/>\n<meta property=\"og:description\" content=\"Delicata schiuma per una rasatura perfetta\" \/>\n<meta property=\"og:url\" content=\"https:\/\/www.erboristerie.com\/it\/prodotto\/accordo-di-ebano-schiuma-da-barba-200-ml\/\" \/>\n<meta property=\"og:site_name\" content=\"Erboristeria Demetra\" \/>\n<meta property=\"article:publisher\" content=\"https:\/\/www.facebook.com\/erboristeria.demetra.online\" \/>\n<meta property=\"article:modified_time\" content=\"2025-09-25T18:31:29+00:00\" \/>\n<meta property=\"og:image\" content=\"https:\/\/www.erboristerie.com\/wp-content\/uploads\/2019\/09\/Schiuma-Ebano-1.jpg\" \/>\n\t<meta property=\"og:image:width\" content=\"490\" \/>\n\t<meta property=\"og:image:height\" content=\"878\" \/>\n\t<meta property=\"og:image:type\" content=\"image\/jpeg\" \/>\n<meta name=\"twitter:card\" content=\"summary_large_image\" \/>\n<meta name=\"twitter:label1\" content=\"Tempo di lettura stimato\" \/>\n\t<meta name=\"twitter:data1\" content=\"2 minuti\" \/>\n<script type=\"application\/ld+json\" class=\"yoast-schema-graph\">{\"@context\":\"https:\/\/schema.org\",\"@graph\":[{\"@type\":\"WebPage\",\"@id\":\"https:\/\/www.erboristerie.com\/it\/prodotto\/accordo-di-ebano-schiuma-da-barba-200-ml\/\",\"url\":\"https:\/\/www.erboristerie.com\/it\/prodotto\/accordo-di-ebano-schiuma-da-barba-200-ml\/\",\"name\":\"Accordo di Ebano Schiuma da Barba 200 ml\",\"isPartOf\":{\"@id\":\"https:\/\/www.erboristerie.com\/it\/#website\"},\"primaryImageOfPage\":{\"@id\":\"https:\/\/www.erboristerie.com\/it\/prodotto\/accordo-di-ebano-schiuma-da-barba-200-ml\/#primaryimage\"},\"image\":{\"@id\":\"https:\/\/www.erboristerie.com\/it\/prodotto\/accordo-di-ebano-schiuma-da-barba-200-ml\/#primaryimage\"},\"thumbnailUrl\":\"https:\/\/www.erboristerie.com\/wp-content\/uploads\/2019\/09\/Schiuma-Ebano-1.jpg\",\"datePublished\":\"2019-09-27T16:40:14+00:00\",\"dateModified\":\"2025-09-25T18:31:29+00:00\",\"description\":\"Delicata schiuma per una rasatura perfetta\",\"breadcrumb\":{\"@id\":\"https:\/\/www.erboristerie.com\/it\/prodotto\/accordo-di-ebano-schiuma-da-barba-200-ml\/#breadcrumb\"},\"inLanguage\":\"it-IT\",\"potentialAction\":[{\"@type\":\"ReadAction\",\"target\":[\"https:\/\/www.erboristerie.com\/it\/prodotto\/accordo-di-ebano-schiuma-da-barba-200-ml\/\"]}]},{\"@type\":\"ImageObject\",\"inLanguage\":\"it-IT\",\"@id\":\"https:\/\/www.erboristerie.com\/it\/prodotto\/accordo-di-ebano-schiuma-da-barba-200-ml\/#primaryimage\",\"url\":\"https:\/\/www.erboristerie.com\/wp-content\/uploads\/2019\/09\/Schiuma-Ebano-1.jpg\",\"contentUrl\":\"https:\/\/www.erboristerie.com\/wp-content\/uploads\/2019\/09\/Schiuma-Ebano-1.jpg\",\"width\":490,\"height\":878},{\"@type\":\"BreadcrumbList\",\"@id\":\"https:\/\/www.erboristerie.com\/it\/prodotto\/accordo-di-ebano-schiuma-da-barba-200-ml\/#breadcrumb\",\"itemListElement\":[{\"@type\":\"ListItem\",\"position\":1,\"name\":\"Home\",\"item\":\"https:\/\/www.erboristerie.com\/it\/\"},{\"@type\":\"ListItem\",\"position\":2,\"name\":\"Tutti i prodotti\",\"item\":\"https:\/\/www.erboristerie.com\/it\/tutti-i-prodotti\/\"},{\"@type\":\"ListItem\",\"position\":3,\"name\":\"Accordo di Ebano Schiuma da Barba 200 ml\"}]},{\"@type\":\"WebSite\",\"@id\":\"https:\/\/www.erboristerie.com\/it\/#website\",\"url\":\"https:\/\/www.erboristerie.com\/it\/\",\"name\":\"Erboristeria Demetra\",\"description\":\"La tua salute al naturale\",\"publisher\":{\"@id\":\"https:\/\/www.erboristerie.com\/it\/#organization\"},\"potentialAction\":[{\"@type\":\"SearchAction\",\"target\":{\"@type\":\"EntryPoint\",\"urlTemplate\":\"https:\/\/www.erboristerie.com\/it\/?s={search_term_string}\"},\"query-input\":{\"@type\":\"PropertyValueSpecification\",\"valueRequired\":true,\"valueName\":\"search_term_string\"}}],\"inLanguage\":\"it-IT\"},{\"@type\":\"Organization\",\"@id\":\"https:\/\/www.erboristerie.com\/it\/#organization\",\"name\":\"Erboristeria Demetra\",\"url\":\"https:\/\/www.erboristerie.com\/it\/\",\"logo\":{\"@type\":\"ImageObject\",\"inLanguage\":\"it-IT\",\"@id\":\"https:\/\/www.erboristerie.com\/it\/#\/schema\/logo\/image\/\",\"url\":\"https:\/\/www.erboristerie.com\/wp-content\/uploads\/2019\/11\/LOGO_ERBORISTERIA_DEMETRA_original.png?v=1611516981\",\"contentUrl\":\"https:\/\/www.erboristerie.com\/wp-content\/uploads\/2019\/11\/LOGO_ERBORISTERIA_DEMETRA_original.png?v=1611516981\",\"width\":201,\"height\":54,\"caption\":\"Erboristeria Demetra\"},\"image\":{\"@id\":\"https:\/\/www.erboristerie.com\/it\/#\/schema\/logo\/image\/\"},\"sameAs\":[\"https:\/\/www.facebook.com\/erboristeria.demetra.online\"]}]}<\/script>\n<!-- \/ Yoast SEO plugin. -->","yoast_head_json":{"title":"Accordo di Ebano Schiuma da Barba 200 ml","description":"Delicata schiuma per una rasatura perfetta","robots":{"index":"index","follow":"follow","max-snippet":"max-snippet:-1","max-image-preview":"max-image-preview:large","max-video-preview":"max-video-preview:-1"},"canonical":"https:\/\/www.erboristerie.com\/it\/prodotto\/accordo-di-ebano-schiuma-da-barba-200-ml\/","og_locale":"it_IT","og_type":"article","og_title":"Accordo di Ebano Schiuma da Barba 200 ml","og_description":"Delicata schiuma per una rasatura perfetta","og_url":"https:\/\/www.erboristerie.com\/it\/prodotto\/accordo-di-ebano-schiuma-da-barba-200-ml\/","og_site_name":"Erboristeria Demetra","article_publisher":"https:\/\/www.facebook.com\/erboristeria.demetra.online","article_modified_time":"2025-09-25T18:31:29+00:00","og_image":[{"width":490,"height":878,"url":"https:\/\/www.erboristerie.com\/wp-content\/uploads\/2019\/09\/Schiuma-Ebano-1.jpg","type":"image\/jpeg"}],"twitter_card":"summary_large_image","twitter_misc":{"Tempo di lettura stimato":"2 minuti"},"schema":{"@context":"https:\/\/schema.org","@graph":[{"@type":"WebPage","@id":"https:\/\/www.erboristerie.com\/it\/prodotto\/accordo-di-ebano-schiuma-da-barba-200-ml\/","url":"https:\/\/www.erboristerie.com\/it\/prodotto\/accordo-di-ebano-schiuma-da-barba-200-ml\/","name":"Accordo di Ebano Schiuma da Barba 200 ml","isPartOf":{"@id":"https:\/\/www.erboristerie.com\/it\/#website"},"primaryImageOfPage":{"@id":"https:\/\/www.erboristerie.com\/it\/prodotto\/accordo-di-ebano-schiuma-da-barba-200-ml\/#primaryimage"},"image":{"@id":"https:\/\/www.erboristerie.com\/it\/prodotto\/accordo-di-ebano-schiuma-da-barba-200-ml\/#primaryimage"},"thumbnailUrl":"https:\/\/www.erboristerie.com\/wp-content\/uploads\/2019\/09\/Schiuma-Ebano-1.jpg","datePublished":"2019-09-27T16:40:14+00:00","dateModified":"2025-09-25T18:31:29+00:00","description":"Delicata schiuma per una rasatura perfetta","breadcrumb":{"@id":"https:\/\/www.erboristerie.com\/it\/prodotto\/accordo-di-ebano-schiuma-da-barba-200-ml\/#breadcrumb"},"inLanguage":"it-IT","potentialAction":[{"@type":"ReadAction","target":["https:\/\/www.erboristerie.com\/it\/prodotto\/accordo-di-ebano-schiuma-da-barba-200-ml\/"]}]},{"@type":"ImageObject","inLanguage":"it-IT","@id":"https:\/\/www.erboristerie.com\/it\/prodotto\/accordo-di-ebano-schiuma-da-barba-200-ml\/#primaryimage","url":"https:\/\/www.erboristerie.com\/wp-content\/uploads\/2019\/09\/Schiuma-Ebano-1.jpg","contentUrl":"https:\/\/www.erboristerie.com\/wp-content\/uploads\/2019\/09\/Schiuma-Ebano-1.jpg","width":490,"height":878},{"@type":"BreadcrumbList","@id":"https:\/\/www.erboristerie.com\/it\/prodotto\/accordo-di-ebano-schiuma-da-barba-200-ml\/#breadcrumb","itemListElement":[{"@type":"ListItem","position":1,"name":"Home","item":"https:\/\/www.erboristerie.com\/it\/"},{"@type":"ListItem","position":2,"name":"Tutti i prodotti","item":"https:\/\/www.erboristerie.com\/it\/tutti-i-prodotti\/"},{"@type":"ListItem","position":3,"name":"Accordo di Ebano Schiuma da Barba 200 ml"}]},{"@type":"WebSite","@id":"https:\/\/www.erboristerie.com\/it\/#website","url":"https:\/\/www.erboristerie.com\/it\/","name":"Erboristeria Demetra","description":"La tua salute al naturale","publisher":{"@id":"https:\/\/www.erboristerie.com\/it\/#organization"},"potentialAction":[{"@type":"SearchAction","target":{"@type":"EntryPoint","urlTemplate":"https:\/\/www.erboristerie.com\/it\/?s={search_term_string}"},"query-input":{"@type":"PropertyValueSpecification","valueRequired":true,"valueName":"search_term_string"}}],"inLanguage":"it-IT"},{"@type":"Organization","@id":"https:\/\/www.erboristerie.com\/it\/#organization","name":"Erboristeria Demetra","url":"https:\/\/www.erboristerie.com\/it\/","logo":{"@type":"ImageObject","inLanguage":"it-IT","@id":"https:\/\/www.erboristerie.com\/it\/#\/schema\/logo\/image\/","url":"https:\/\/www.erboristerie.com\/wp-content\/uploads\/2019\/11\/LOGO_ERBORISTERIA_DEMETRA_original.png?v=1611516981","contentUrl":"https:\/\/www.erboristerie.com\/wp-content\/uploads\/2019\/11\/LOGO_ERBORISTERIA_DEMETRA_original.png?v=1611516981","width":201,"height":54,"caption":"Erboristeria Demetra"},"image":{"@id":"https:\/\/www.erboristerie.com\/it\/#\/schema\/logo\/image\/"},"sameAs":["https:\/\/www.facebook.com\/erboristeria.demetra.online"]}]}},"_links":{"self":[{"href":"https:\/\/www.erboristerie.com\/it\/wp-json\/wp\/v2\/product\/78942","targetHints":{"allow":["GET"]}}],"collection":[{"href":"https:\/\/www.erboristerie.com\/it\/wp-json\/wp\/v2\/product"}],"about":[{"href":"https:\/\/www.erboristerie.com\/it\/wp-json\/wp\/v2\/types\/product"}],"wp:featuredmedia":[{"embeddable":true,"href":"https:\/\/www.erboristerie.com\/it\/wp-json\/wp\/v2\/media\/109283"}],"wp:attachment":[{"href":"https:\/\/www.erboristerie.com\/it\/wp-json\/wp\/v2\/media?parent=78942"}],"wp:term":[{"taxonomy":"product_brand","embeddable":true,"href":"https:\/\/www.erboristerie.com\/it\/wp-json\/wp\/v2\/product_brand?post=78942"},{"taxonomy":"product_cat","embeddable":true,"href":"https:\/\/www.erboristerie.com\/it\/wp-json\/wp\/v2\/product_cat?post=78942"},{"taxonomy":"product_tag","embeddable":true,"href":"https:\/\/www.erboristerie.com\/it\/wp-json\/wp\/v2\/product_tag?post=78942"},{"taxonomy":"giftcard-category","embeddable":true,"href":"https:\/\/www.erboristerie.com\/it\/wp-json\/wp\/v2\/giftcard-category?post=78942"}],"curies":[{"name":"wp","href":"https:\/\/api.w.org\/{rel}","templated":true}]}}