{"id":78166,"date":"2019-04-10T12:18:34","date_gmt":"2019-04-10T10:18:34","guid":{"rendered":"http:\/\/www.erboristerie.com\/?post_type=product&#038;p=78166"},"modified":"2025-04-04T10:16:15","modified_gmt":"2025-04-04T08:16:15","slug":"centella-gel-125ml-allevia-la-sensazione-di-pesantezza-e-gonfiore-alle-gambe","status":"publish","type":"product","link":"https:\/\/www.erboristerie.com\/it\/prodotto\/centella-gel-125ml-allevia-la-sensazione-di-pesantezza-e-gonfiore-alle-gambe\/","title":{"rendered":"Centella gel 125ml allevia la sensazione di pesantezza e gonfiore alle gambe"},"content":{"rendered":"<p><strong>Centella Gel 125 ml &#8211; Dr. Giorgini<\/strong><\/p>\n<p>Gel a base di centella asiatica, arricchito con vitamine A, B5, C, E, olio di lino ed enotera e tessuti embrionali o meristematici di ippocastano.<\/p>\n<p>Utile per <strong>favorire la microcircolazione<\/strong> contrastando gli inestetismi della <strong>cellulite<\/strong> e la formazione di <strong>smagliature<\/strong>; aiuta a migliorare l\u2019aspetto di piccole cicatrici, dona sollievo in caso di <strong>vene varicose, edemi, prurito<\/strong> e allevia la sensazione di pesantezza e gonfiore alle gambe.<\/p>\n<p><strong>Consigli d&#8217;uso<\/strong><\/p>\n<p>Applicare sulla pelle integra in corrispondenza delle parti interessate e massaggiare delicatamente fino a completo assorbimento.<\/p>\n<p>La dose specificata nella tabella (10 spruzzi = 4,8 ml) \u00e8 indicativa: il prodotto pu\u00f2 essere applicato in quantit\u00e0 maggiore o minore, in funzione della superficie di applicazione o della frequenza d\u2019impiego.<\/p>\n<p><strong>Ingredients<\/strong><\/p>\n<p>Aqua, Centella asiatica leaf extract, Alcohol, Sorbitan oleate, Linum usitatissimum seed oil, Glycerin, Xanthan gum, Cedrus libani bark oil, Oenothera biennis seed oil, Aesculus hippocastanum bud extract, Tocopherol, Chamomilla recutita flower oil, Citrus limon peel oil, Cupressus sempervirens cone oil, Pelargonium graveolens flower oil, Ascorbic acid, Panthenol, Citric acid, Borneol, Eugenia caryophyllus bud oil, Retinyl palmitate, Juniperus communis fruit oil, Ascorbyl tetraisopalmitate, d-Limonene*, Eugenol*, Citronellol*, Geraniol*, Linalool*, Citral*.<br \/>\n*Componenti degli oli essenziali naturali.<\/p>\n<p>Non contiene parabeni n\u00e9 altri conservanti, coloranti e profumazioni sintetiche o artificiali.<\/p>\n","protected":false},"excerpt":{"rendered":"<p>Centella Gel 125 ml &#8211; Dr. Giorgini Gel a base di centella asiatica, arricchito con vitamine A, B5, C, E, olio di lino ed enotera e tessuti embrionali o meristematici di ippocastano. Utile per favorire la microcircolazione contrastando gli inestetismi della cellulite e la formazione&#8230;<\/p>\n","protected":false},"featured_media":109675,"template":"","meta":{"_acf_changed":false},"product_brand":[9598],"product_cat":[9887,9823],"product_tag":[],"giftcard-category":[],"class_list":{"0":"post-78166","1":"product","2":"type-product","3":"status-publish","4":"has-post-thumbnail","6":"product_brand-dr-giorgini-martino-ser-vis","7":"product_cat-piedi-e-gambe","8":"product_cat-benessere-ardio-ascolare","10":"first","11":"instock","12":"sale","13":"taxable","14":"shipping-taxable","15":"purchasable","16":"product-type-simple"},"acf":[],"yoast_head":"<!-- This site is optimized with the Yoast SEO plugin v24.9 - https:\/\/yoast.com\/wordpress\/plugins\/seo\/ -->\n<title>Centella gel 125ml allevia la sensazione di pesantezza e gonfiore alle gambe - Erboristeria Demetra<\/title>\n<meta name=\"description\" content=\"Dona sollievo in caso di vene varicose, edemi, prurito e allevia la sensazione di pesantezza e gonfiore alle gambe. Pratico erogatore.\" \/>\n<meta name=\"robots\" content=\"index, follow, max-snippet:-1, max-image-preview:large, max-video-preview:-1\" \/>\n<link rel=\"canonical\" href=\"https:\/\/www.erboristerie.com\/it\/prodotto\/centella-gel-125ml-allevia-la-sensazione-di-pesantezza-e-gonfiore-alle-gambe\/\" \/>\n<meta property=\"og:locale\" content=\"it_IT\" \/>\n<meta property=\"og:type\" content=\"article\" \/>\n<meta property=\"og:title\" content=\"Centella gel 125ml allevia la sensazione di pesantezza e gonfiore alle gambe - Erboristeria Demetra\" \/>\n<meta property=\"og:description\" content=\"Dona sollievo in caso di vene varicose, edemi, prurito e allevia la sensazione di pesantezza e gonfiore alle gambe. Pratico erogatore.\" \/>\n<meta property=\"og:url\" content=\"https:\/\/www.erboristerie.com\/it\/prodotto\/centella-gel-125ml-allevia-la-sensazione-di-pesantezza-e-gonfiore-alle-gambe\/\" \/>\n<meta property=\"og:site_name\" content=\"Erboristeria Demetra\" \/>\n<meta property=\"article:publisher\" content=\"https:\/\/www.facebook.com\/erboristeria.demetra.online\" \/>\n<meta property=\"article:modified_time\" content=\"2025-04-04T08:16:15+00:00\" \/>\n<meta property=\"og:image\" content=\"https:\/\/www.erboristerie.com\/wp-content\/uploads\/2019\/04\/00009412-2.jpg\" \/>\n\t<meta property=\"og:image:width\" content=\"513\" \/>\n\t<meta property=\"og:image:height\" content=\"540\" \/>\n\t<meta property=\"og:image:type\" content=\"image\/jpeg\" \/>\n<meta name=\"twitter:card\" content=\"summary_large_image\" \/>\n<meta name=\"twitter:label1\" content=\"Tempo di lettura stimato\" \/>\n\t<meta name=\"twitter:data1\" content=\"2 minuti\" \/>\n<script type=\"application\/ld+json\" class=\"yoast-schema-graph\">{\"@context\":\"https:\/\/schema.org\",\"@graph\":[{\"@type\":\"WebPage\",\"@id\":\"https:\/\/www.erboristerie.com\/it\/prodotto\/centella-gel-125ml-allevia-la-sensazione-di-pesantezza-e-gonfiore-alle-gambe\/\",\"url\":\"https:\/\/www.erboristerie.com\/it\/prodotto\/centella-gel-125ml-allevia-la-sensazione-di-pesantezza-e-gonfiore-alle-gambe\/\",\"name\":\"Centella gel 125ml allevia la sensazione di pesantezza e gonfiore alle gambe - Erboristeria Demetra\",\"isPartOf\":{\"@id\":\"https:\/\/www.erboristerie.com\/it\/#website\"},\"primaryImageOfPage\":{\"@id\":\"https:\/\/www.erboristerie.com\/it\/prodotto\/centella-gel-125ml-allevia-la-sensazione-di-pesantezza-e-gonfiore-alle-gambe\/#primaryimage\"},\"image\":{\"@id\":\"https:\/\/www.erboristerie.com\/it\/prodotto\/centella-gel-125ml-allevia-la-sensazione-di-pesantezza-e-gonfiore-alle-gambe\/#primaryimage\"},\"thumbnailUrl\":\"https:\/\/www.erboristerie.com\/wp-content\/uploads\/2019\/04\/00009412-2.jpg\",\"datePublished\":\"2019-04-10T10:18:34+00:00\",\"dateModified\":\"2025-04-04T08:16:15+00:00\",\"description\":\"Dona sollievo in caso di vene varicose, edemi, prurito e allevia la sensazione di pesantezza e gonfiore alle gambe. Pratico erogatore.\",\"breadcrumb\":{\"@id\":\"https:\/\/www.erboristerie.com\/it\/prodotto\/centella-gel-125ml-allevia-la-sensazione-di-pesantezza-e-gonfiore-alle-gambe\/#breadcrumb\"},\"inLanguage\":\"it-IT\",\"potentialAction\":[{\"@type\":\"ReadAction\",\"target\":[\"https:\/\/www.erboristerie.com\/it\/prodotto\/centella-gel-125ml-allevia-la-sensazione-di-pesantezza-e-gonfiore-alle-gambe\/\"]}]},{\"@type\":\"ImageObject\",\"inLanguage\":\"it-IT\",\"@id\":\"https:\/\/www.erboristerie.com\/it\/prodotto\/centella-gel-125ml-allevia-la-sensazione-di-pesantezza-e-gonfiore-alle-gambe\/#primaryimage\",\"url\":\"https:\/\/www.erboristerie.com\/wp-content\/uploads\/2019\/04\/00009412-2.jpg\",\"contentUrl\":\"https:\/\/www.erboristerie.com\/wp-content\/uploads\/2019\/04\/00009412-2.jpg\",\"width\":513,\"height\":540},{\"@type\":\"BreadcrumbList\",\"@id\":\"https:\/\/www.erboristerie.com\/it\/prodotto\/centella-gel-125ml-allevia-la-sensazione-di-pesantezza-e-gonfiore-alle-gambe\/#breadcrumb\",\"itemListElement\":[{\"@type\":\"ListItem\",\"position\":1,\"name\":\"Home\",\"item\":\"https:\/\/www.erboristerie.com\/it\/\"},{\"@type\":\"ListItem\",\"position\":2,\"name\":\"Tutti i prodotti\",\"item\":\"https:\/\/www.erboristerie.com\/it\/tutti-i-prodotti\/\"},{\"@type\":\"ListItem\",\"position\":3,\"name\":\"Centella gel 125ml allevia la sensazione di pesantezza e gonfiore alle gambe\"}]},{\"@type\":\"WebSite\",\"@id\":\"https:\/\/www.erboristerie.com\/it\/#website\",\"url\":\"https:\/\/www.erboristerie.com\/it\/\",\"name\":\"Erboristeria Demetra\",\"description\":\"La tua salute al naturale\",\"publisher\":{\"@id\":\"https:\/\/www.erboristerie.com\/it\/#organization\"},\"potentialAction\":[{\"@type\":\"SearchAction\",\"target\":{\"@type\":\"EntryPoint\",\"urlTemplate\":\"https:\/\/www.erboristerie.com\/it\/?s={search_term_string}\"},\"query-input\":{\"@type\":\"PropertyValueSpecification\",\"valueRequired\":true,\"valueName\":\"search_term_string\"}}],\"inLanguage\":\"it-IT\"},{\"@type\":\"Organization\",\"@id\":\"https:\/\/www.erboristerie.com\/it\/#organization\",\"name\":\"Erboristeria Demetra\",\"url\":\"https:\/\/www.erboristerie.com\/it\/\",\"logo\":{\"@type\":\"ImageObject\",\"inLanguage\":\"it-IT\",\"@id\":\"https:\/\/www.erboristerie.com\/it\/#\/schema\/logo\/image\/\",\"url\":\"https:\/\/www.erboristerie.com\/wp-content\/uploads\/2019\/11\/LOGO_ERBORISTERIA_DEMETRA_original.png?v=1611516981\",\"contentUrl\":\"https:\/\/www.erboristerie.com\/wp-content\/uploads\/2019\/11\/LOGO_ERBORISTERIA_DEMETRA_original.png?v=1611516981\",\"width\":201,\"height\":54,\"caption\":\"Erboristeria Demetra\"},\"image\":{\"@id\":\"https:\/\/www.erboristerie.com\/it\/#\/schema\/logo\/image\/\"},\"sameAs\":[\"https:\/\/www.facebook.com\/erboristeria.demetra.online\"]}]}<\/script>\n<!-- \/ Yoast SEO plugin. -->","yoast_head_json":{"title":"Centella gel 125ml allevia la sensazione di pesantezza e gonfiore alle gambe - Erboristeria Demetra","description":"Dona sollievo in caso di vene varicose, edemi, prurito e allevia la sensazione di pesantezza e gonfiore alle gambe. Pratico erogatore.","robots":{"index":"index","follow":"follow","max-snippet":"max-snippet:-1","max-image-preview":"max-image-preview:large","max-video-preview":"max-video-preview:-1"},"canonical":"https:\/\/www.erboristerie.com\/it\/prodotto\/centella-gel-125ml-allevia-la-sensazione-di-pesantezza-e-gonfiore-alle-gambe\/","og_locale":"it_IT","og_type":"article","og_title":"Centella gel 125ml allevia la sensazione di pesantezza e gonfiore alle gambe - Erboristeria Demetra","og_description":"Dona sollievo in caso di vene varicose, edemi, prurito e allevia la sensazione di pesantezza e gonfiore alle gambe. Pratico erogatore.","og_url":"https:\/\/www.erboristerie.com\/it\/prodotto\/centella-gel-125ml-allevia-la-sensazione-di-pesantezza-e-gonfiore-alle-gambe\/","og_site_name":"Erboristeria Demetra","article_publisher":"https:\/\/www.facebook.com\/erboristeria.demetra.online","article_modified_time":"2025-04-04T08:16:15+00:00","og_image":[{"width":513,"height":540,"url":"https:\/\/www.erboristerie.com\/wp-content\/uploads\/2019\/04\/00009412-2.jpg","type":"image\/jpeg"}],"twitter_card":"summary_large_image","twitter_misc":{"Tempo di lettura stimato":"2 minuti"},"schema":{"@context":"https:\/\/schema.org","@graph":[{"@type":"WebPage","@id":"https:\/\/www.erboristerie.com\/it\/prodotto\/centella-gel-125ml-allevia-la-sensazione-di-pesantezza-e-gonfiore-alle-gambe\/","url":"https:\/\/www.erboristerie.com\/it\/prodotto\/centella-gel-125ml-allevia-la-sensazione-di-pesantezza-e-gonfiore-alle-gambe\/","name":"Centella gel 125ml allevia la sensazione di pesantezza e gonfiore alle gambe - Erboristeria Demetra","isPartOf":{"@id":"https:\/\/www.erboristerie.com\/it\/#website"},"primaryImageOfPage":{"@id":"https:\/\/www.erboristerie.com\/it\/prodotto\/centella-gel-125ml-allevia-la-sensazione-di-pesantezza-e-gonfiore-alle-gambe\/#primaryimage"},"image":{"@id":"https:\/\/www.erboristerie.com\/it\/prodotto\/centella-gel-125ml-allevia-la-sensazione-di-pesantezza-e-gonfiore-alle-gambe\/#primaryimage"},"thumbnailUrl":"https:\/\/www.erboristerie.com\/wp-content\/uploads\/2019\/04\/00009412-2.jpg","datePublished":"2019-04-10T10:18:34+00:00","dateModified":"2025-04-04T08:16:15+00:00","description":"Dona sollievo in caso di vene varicose, edemi, prurito e allevia la sensazione di pesantezza e gonfiore alle gambe. Pratico erogatore.","breadcrumb":{"@id":"https:\/\/www.erboristerie.com\/it\/prodotto\/centella-gel-125ml-allevia-la-sensazione-di-pesantezza-e-gonfiore-alle-gambe\/#breadcrumb"},"inLanguage":"it-IT","potentialAction":[{"@type":"ReadAction","target":["https:\/\/www.erboristerie.com\/it\/prodotto\/centella-gel-125ml-allevia-la-sensazione-di-pesantezza-e-gonfiore-alle-gambe\/"]}]},{"@type":"ImageObject","inLanguage":"it-IT","@id":"https:\/\/www.erboristerie.com\/it\/prodotto\/centella-gel-125ml-allevia-la-sensazione-di-pesantezza-e-gonfiore-alle-gambe\/#primaryimage","url":"https:\/\/www.erboristerie.com\/wp-content\/uploads\/2019\/04\/00009412-2.jpg","contentUrl":"https:\/\/www.erboristerie.com\/wp-content\/uploads\/2019\/04\/00009412-2.jpg","width":513,"height":540},{"@type":"BreadcrumbList","@id":"https:\/\/www.erboristerie.com\/it\/prodotto\/centella-gel-125ml-allevia-la-sensazione-di-pesantezza-e-gonfiore-alle-gambe\/#breadcrumb","itemListElement":[{"@type":"ListItem","position":1,"name":"Home","item":"https:\/\/www.erboristerie.com\/it\/"},{"@type":"ListItem","position":2,"name":"Tutti i prodotti","item":"https:\/\/www.erboristerie.com\/it\/tutti-i-prodotti\/"},{"@type":"ListItem","position":3,"name":"Centella gel 125ml allevia la sensazione di pesantezza e gonfiore alle gambe"}]},{"@type":"WebSite","@id":"https:\/\/www.erboristerie.com\/it\/#website","url":"https:\/\/www.erboristerie.com\/it\/","name":"Erboristeria Demetra","description":"La tua salute al naturale","publisher":{"@id":"https:\/\/www.erboristerie.com\/it\/#organization"},"potentialAction":[{"@type":"SearchAction","target":{"@type":"EntryPoint","urlTemplate":"https:\/\/www.erboristerie.com\/it\/?s={search_term_string}"},"query-input":{"@type":"PropertyValueSpecification","valueRequired":true,"valueName":"search_term_string"}}],"inLanguage":"it-IT"},{"@type":"Organization","@id":"https:\/\/www.erboristerie.com\/it\/#organization","name":"Erboristeria Demetra","url":"https:\/\/www.erboristerie.com\/it\/","logo":{"@type":"ImageObject","inLanguage":"it-IT","@id":"https:\/\/www.erboristerie.com\/it\/#\/schema\/logo\/image\/","url":"https:\/\/www.erboristerie.com\/wp-content\/uploads\/2019\/11\/LOGO_ERBORISTERIA_DEMETRA_original.png?v=1611516981","contentUrl":"https:\/\/www.erboristerie.com\/wp-content\/uploads\/2019\/11\/LOGO_ERBORISTERIA_DEMETRA_original.png?v=1611516981","width":201,"height":54,"caption":"Erboristeria Demetra"},"image":{"@id":"https:\/\/www.erboristerie.com\/it\/#\/schema\/logo\/image\/"},"sameAs":["https:\/\/www.facebook.com\/erboristeria.demetra.online"]}]}},"_links":{"self":[{"href":"https:\/\/www.erboristerie.com\/it\/wp-json\/wp\/v2\/product\/78166","targetHints":{"allow":["GET"]}}],"collection":[{"href":"https:\/\/www.erboristerie.com\/it\/wp-json\/wp\/v2\/product"}],"about":[{"href":"https:\/\/www.erboristerie.com\/it\/wp-json\/wp\/v2\/types\/product"}],"wp:featuredmedia":[{"embeddable":true,"href":"https:\/\/www.erboristerie.com\/it\/wp-json\/wp\/v2\/media\/109675"}],"wp:attachment":[{"href":"https:\/\/www.erboristerie.com\/it\/wp-json\/wp\/v2\/media?parent=78166"}],"wp:term":[{"taxonomy":"product_brand","embeddable":true,"href":"https:\/\/www.erboristerie.com\/it\/wp-json\/wp\/v2\/product_brand?post=78166"},{"taxonomy":"product_cat","embeddable":true,"href":"https:\/\/www.erboristerie.com\/it\/wp-json\/wp\/v2\/product_cat?post=78166"},{"taxonomy":"product_tag","embeddable":true,"href":"https:\/\/www.erboristerie.com\/it\/wp-json\/wp\/v2\/product_tag?post=78166"},{"taxonomy":"giftcard-category","embeddable":true,"href":"https:\/\/www.erboristerie.com\/it\/wp-json\/wp\/v2\/giftcard-category?post=78166"}],"curies":[{"name":"wp","href":"https:\/\/api.w.org\/{rel}","templated":true}]}}