{"id":77690,"date":"2019-04-05T17:44:23","date_gmt":"2019-04-05T15:44:23","guid":{"rendered":"http:\/\/www.erboristerie.com\/?post_type=product&#038;p=77690"},"modified":"2026-03-24T17:17:07","modified_gmt":"2026-03-24T16:17:07","slug":"calendula-gel-ad-azione-emolliente-e-lenitiva-125ml-dr-giorgini","status":"publish","type":"product","link":"https:\/\/www.erboristerie.com\/it\/prodotto\/calendula-gel-ad-azione-emolliente-e-lenitiva-125ml-dr-giorgini\/","title":{"rendered":"Calendula Gel ad azione emolliente e lenitiva 125ml dr. Giorgini"},"content":{"rendered":"<p><strong>Calendula gel 125 ml &#8211; Dr. Giorgini<\/strong><\/p>\n<p>Gel ad azione emolliente e lenitiva<\/p>\n<p>Gel alla calendula ad azione emolliente e lenitiva, arricchito con vitamine A ed E, olio di lino ed oliva e tessuti embrionali o meristematici freschi di cedro, olmo e noce.<\/p>\n<p>D\u00e0 sollievo alla pelle sottoposta a stress e soggetta ad arrossamenti, pruriti, secchezza o screpolature. Ottimo come lenitivo nelle reazioni da esposizione solare o in quelle tipiche delle pelli delicate e sensibili.<\/p>\n<p><strong>Consigli d&#8217;uso<\/strong><\/p>\n<p>Applicare sulla pelle integra in corrispondenza delle parti interessate e massaggiare delicatamente fino a completo assorbimento.<\/p>\n<p>La dose specificata nella tabella (10 spruzzi = 4,8 ml) \u00e8 indicativa: il prodotto pu\u00f2 essere applicato in quantit\u00e0 maggiore o minore, in funzione della superficie di applicazione o della frequenza d\u2019impiego.<\/p>\n<p>Agitare prima dell\u2019uso.<\/p>\n<p><strong>Ingredienti<\/strong><\/p>\n<p>Aqua, Calendula officinalis flower extract, Alcohol, Sorbitan oleate, Linum usitatissimum seed oil, Glycerin, Xanthan gum, Chamomilla recutita flower oil, Olea europaea fruit oil, Tocopherol, Cedrus libani bud extract, Ulmus campestris bud extract, Ascorbic acid, Borneol, Juglans regia bud extract, Lavandula angustifolia herb oil, Melaleuca alternifolia leaf oil, Melaleuca leucadendron cajaputi leaf oil, Melaleuca viridiflora leaf oil, Panthenol, Eugenia caryophyllus bud oil, Pelargonium graveolens flower oil, Retinyl palmitate, Cinnamomum zeylanicum bark oil, Myristica fragrans kernel oil, Eugenol*, Linalool*, d-Limonene*, Citronellol*, Geraniol*, Citral*, Coumarin*, Isoeugenol*, Benzyl benzoate*.<br \/>\n*Componenti degli oli essenziali naturali.<\/p>\n","protected":false},"excerpt":{"rendered":"<p>Calendula gel 125 ml &#8211; Dr. Giorgini Gel ad azione emolliente e lenitiva Gel alla calendula ad azione emolliente e lenitiva, arricchito con vitamine A ed E, olio di lino ed oliva e tessuti embrionali o meristematici freschi di cedro, olmo e noce. D\u00e0 sollievo&#8230;<\/p>\n","protected":false},"featured_media":109713,"template":"","meta":{"_acf_changed":false},"product_brand":[9598],"product_cat":[9743,9695,10163,10195],"product_tag":[],"giftcard-category":[],"class_list":{"0":"post-77690","1":"product","2":"type-product","3":"status-publish","4":"has-post-thumbnail","6":"product_brand-dr-giorgini-martino-ser-vis","7":"product_cat-massaggio","8":"product_cat-solari","9":"product_cat-linea-oro-classica","10":"product_cat-solari-4","11":"pa_formato-125-ml","12":"pa_linea-linea-oro","13":"pa_marca-dr-giorgini","14":"pa_tipologia-gel","16":"first","17":"instock","18":"sale","19":"taxable","20":"shipping-taxable","21":"purchasable","22":"product-type-simple"},"acf":[],"yoast_head":"<!-- This site is optimized with the Yoast SEO plugin v24.9 - https:\/\/yoast.com\/wordpress\/plugins\/seo\/ -->\n<title>Calendula Gel ad azione emolliente e lenitiva 125ml dr. Giorgini - Erboristeria Demetra<\/title>\n<meta name=\"description\" content=\"Gel alla calendula ad azione emolliente e lenitiva, arricchito con vitamine A ed E, olio di lino ed oliva e tessuti embrionali o meristematici freschi di cedro, olmo e noce.\" \/>\n<meta name=\"robots\" content=\"index, follow, max-snippet:-1, max-image-preview:large, max-video-preview:-1\" \/>\n<link rel=\"canonical\" href=\"https:\/\/www.erboristerie.com\/it\/prodotto\/calendula-gel-ad-azione-emolliente-e-lenitiva-125ml-dr-giorgini\/\" \/>\n<meta property=\"og:locale\" content=\"it_IT\" \/>\n<meta property=\"og:type\" content=\"article\" \/>\n<meta property=\"og:title\" content=\"Calendula Gel ad azione emolliente e lenitiva 125ml dr. Giorgini - Erboristeria Demetra\" \/>\n<meta property=\"og:description\" content=\"Gel alla calendula ad azione emolliente e lenitiva, arricchito con vitamine A ed E, olio di lino ed oliva e tessuti embrionali o meristematici freschi di cedro, olmo e noce.\" \/>\n<meta property=\"og:url\" content=\"https:\/\/www.erboristerie.com\/it\/prodotto\/calendula-gel-ad-azione-emolliente-e-lenitiva-125ml-dr-giorgini\/\" \/>\n<meta property=\"og:site_name\" content=\"Erboristeria Demetra\" \/>\n<meta property=\"article:publisher\" content=\"https:\/\/www.facebook.com\/erboristeria.demetra.online\" \/>\n<meta property=\"article:modified_time\" content=\"2026-03-24T16:17:07+00:00\" \/>\n<meta property=\"og:image\" content=\"https:\/\/www.erboristerie.com\/wp-content\/uploads\/2019\/04\/00009420-2.jpg\" \/>\n\t<meta property=\"og:image:width\" content=\"372\" \/>\n\t<meta property=\"og:image:height\" content=\"446\" \/>\n\t<meta property=\"og:image:type\" content=\"image\/jpeg\" \/>\n<meta name=\"twitter:card\" content=\"summary_large_image\" \/>\n<meta name=\"twitter:label1\" content=\"Tempo di lettura stimato\" \/>\n\t<meta name=\"twitter:data1\" content=\"2 minuti\" \/>\n<script type=\"application\/ld+json\" class=\"yoast-schema-graph\">{\"@context\":\"https:\/\/schema.org\",\"@graph\":[{\"@type\":\"WebPage\",\"@id\":\"https:\/\/www.erboristerie.com\/it\/prodotto\/calendula-gel-ad-azione-emolliente-e-lenitiva-125ml-dr-giorgini\/\",\"url\":\"https:\/\/www.erboristerie.com\/it\/prodotto\/calendula-gel-ad-azione-emolliente-e-lenitiva-125ml-dr-giorgini\/\",\"name\":\"Calendula Gel ad azione emolliente e lenitiva 125ml dr. Giorgini - Erboristeria Demetra\",\"isPartOf\":{\"@id\":\"https:\/\/www.erboristerie.com\/it\/#website\"},\"primaryImageOfPage\":{\"@id\":\"https:\/\/www.erboristerie.com\/it\/prodotto\/calendula-gel-ad-azione-emolliente-e-lenitiva-125ml-dr-giorgini\/#primaryimage\"},\"image\":{\"@id\":\"https:\/\/www.erboristerie.com\/it\/prodotto\/calendula-gel-ad-azione-emolliente-e-lenitiva-125ml-dr-giorgini\/#primaryimage\"},\"thumbnailUrl\":\"https:\/\/www.erboristerie.com\/wp-content\/uploads\/2019\/04\/00009420-2.jpg\",\"datePublished\":\"2019-04-05T15:44:23+00:00\",\"dateModified\":\"2026-03-24T16:17:07+00:00\",\"description\":\"Gel alla calendula ad azione emolliente e lenitiva, arricchito con vitamine A ed E, olio di lino ed oliva e tessuti embrionali o meristematici freschi di cedro, olmo e noce.\",\"breadcrumb\":{\"@id\":\"https:\/\/www.erboristerie.com\/it\/prodotto\/calendula-gel-ad-azione-emolliente-e-lenitiva-125ml-dr-giorgini\/#breadcrumb\"},\"inLanguage\":\"it-IT\",\"potentialAction\":[{\"@type\":\"ReadAction\",\"target\":[\"https:\/\/www.erboristerie.com\/it\/prodotto\/calendula-gel-ad-azione-emolliente-e-lenitiva-125ml-dr-giorgini\/\"]}]},{\"@type\":\"ImageObject\",\"inLanguage\":\"it-IT\",\"@id\":\"https:\/\/www.erboristerie.com\/it\/prodotto\/calendula-gel-ad-azione-emolliente-e-lenitiva-125ml-dr-giorgini\/#primaryimage\",\"url\":\"https:\/\/www.erboristerie.com\/wp-content\/uploads\/2019\/04\/00009420-2.jpg\",\"contentUrl\":\"https:\/\/www.erboristerie.com\/wp-content\/uploads\/2019\/04\/00009420-2.jpg\",\"width\":372,\"height\":446},{\"@type\":\"BreadcrumbList\",\"@id\":\"https:\/\/www.erboristerie.com\/it\/prodotto\/calendula-gel-ad-azione-emolliente-e-lenitiva-125ml-dr-giorgini\/#breadcrumb\",\"itemListElement\":[{\"@type\":\"ListItem\",\"position\":1,\"name\":\"Home\",\"item\":\"https:\/\/www.erboristerie.com\/it\/\"},{\"@type\":\"ListItem\",\"position\":2,\"name\":\"Tutti i prodotti\",\"item\":\"https:\/\/www.erboristerie.com\/it\/tutti-i-prodotti\/\"},{\"@type\":\"ListItem\",\"position\":3,\"name\":\"Calendula Gel ad azione emolliente e lenitiva 125ml dr. Giorgini\"}]},{\"@type\":\"WebSite\",\"@id\":\"https:\/\/www.erboristerie.com\/it\/#website\",\"url\":\"https:\/\/www.erboristerie.com\/it\/\",\"name\":\"Erboristeria Demetra\",\"description\":\"La tua salute al naturale\",\"publisher\":{\"@id\":\"https:\/\/www.erboristerie.com\/it\/#organization\"},\"potentialAction\":[{\"@type\":\"SearchAction\",\"target\":{\"@type\":\"EntryPoint\",\"urlTemplate\":\"https:\/\/www.erboristerie.com\/it\/?s={search_term_string}\"},\"query-input\":{\"@type\":\"PropertyValueSpecification\",\"valueRequired\":true,\"valueName\":\"search_term_string\"}}],\"inLanguage\":\"it-IT\"},{\"@type\":\"Organization\",\"@id\":\"https:\/\/www.erboristerie.com\/it\/#organization\",\"name\":\"Erboristeria Demetra\",\"url\":\"https:\/\/www.erboristerie.com\/it\/\",\"logo\":{\"@type\":\"ImageObject\",\"inLanguage\":\"it-IT\",\"@id\":\"https:\/\/www.erboristerie.com\/it\/#\/schema\/logo\/image\/\",\"url\":\"https:\/\/www.erboristerie.com\/wp-content\/uploads\/2019\/11\/LOGO_ERBORISTERIA_DEMETRA_original.png?v=1611516981\",\"contentUrl\":\"https:\/\/www.erboristerie.com\/wp-content\/uploads\/2019\/11\/LOGO_ERBORISTERIA_DEMETRA_original.png?v=1611516981\",\"width\":201,\"height\":54,\"caption\":\"Erboristeria Demetra\"},\"image\":{\"@id\":\"https:\/\/www.erboristerie.com\/it\/#\/schema\/logo\/image\/\"},\"sameAs\":[\"https:\/\/www.facebook.com\/erboristeria.demetra.online\"]}]}<\/script>\n<!-- \/ Yoast SEO plugin. -->","yoast_head_json":{"title":"Calendula Gel ad azione emolliente e lenitiva 125ml dr. Giorgini - Erboristeria Demetra","description":"Gel alla calendula ad azione emolliente e lenitiva, arricchito con vitamine A ed E, olio di lino ed oliva e tessuti embrionali o meristematici freschi di cedro, olmo e noce.","robots":{"index":"index","follow":"follow","max-snippet":"max-snippet:-1","max-image-preview":"max-image-preview:large","max-video-preview":"max-video-preview:-1"},"canonical":"https:\/\/www.erboristerie.com\/it\/prodotto\/calendula-gel-ad-azione-emolliente-e-lenitiva-125ml-dr-giorgini\/","og_locale":"it_IT","og_type":"article","og_title":"Calendula Gel ad azione emolliente e lenitiva 125ml dr. Giorgini - Erboristeria Demetra","og_description":"Gel alla calendula ad azione emolliente e lenitiva, arricchito con vitamine A ed E, olio di lino ed oliva e tessuti embrionali o meristematici freschi di cedro, olmo e noce.","og_url":"https:\/\/www.erboristerie.com\/it\/prodotto\/calendula-gel-ad-azione-emolliente-e-lenitiva-125ml-dr-giorgini\/","og_site_name":"Erboristeria Demetra","article_publisher":"https:\/\/www.facebook.com\/erboristeria.demetra.online","article_modified_time":"2026-03-24T16:17:07+00:00","og_image":[{"width":372,"height":446,"url":"https:\/\/www.erboristerie.com\/wp-content\/uploads\/2019\/04\/00009420-2.jpg","type":"image\/jpeg"}],"twitter_card":"summary_large_image","twitter_misc":{"Tempo di lettura stimato":"2 minuti"},"schema":{"@context":"https:\/\/schema.org","@graph":[{"@type":"WebPage","@id":"https:\/\/www.erboristerie.com\/it\/prodotto\/calendula-gel-ad-azione-emolliente-e-lenitiva-125ml-dr-giorgini\/","url":"https:\/\/www.erboristerie.com\/it\/prodotto\/calendula-gel-ad-azione-emolliente-e-lenitiva-125ml-dr-giorgini\/","name":"Calendula Gel ad azione emolliente e lenitiva 125ml dr. Giorgini - Erboristeria Demetra","isPartOf":{"@id":"https:\/\/www.erboristerie.com\/it\/#website"},"primaryImageOfPage":{"@id":"https:\/\/www.erboristerie.com\/it\/prodotto\/calendula-gel-ad-azione-emolliente-e-lenitiva-125ml-dr-giorgini\/#primaryimage"},"image":{"@id":"https:\/\/www.erboristerie.com\/it\/prodotto\/calendula-gel-ad-azione-emolliente-e-lenitiva-125ml-dr-giorgini\/#primaryimage"},"thumbnailUrl":"https:\/\/www.erboristerie.com\/wp-content\/uploads\/2019\/04\/00009420-2.jpg","datePublished":"2019-04-05T15:44:23+00:00","dateModified":"2026-03-24T16:17:07+00:00","description":"Gel alla calendula ad azione emolliente e lenitiva, arricchito con vitamine A ed E, olio di lino ed oliva e tessuti embrionali o meristematici freschi di cedro, olmo e noce.","breadcrumb":{"@id":"https:\/\/www.erboristerie.com\/it\/prodotto\/calendula-gel-ad-azione-emolliente-e-lenitiva-125ml-dr-giorgini\/#breadcrumb"},"inLanguage":"it-IT","potentialAction":[{"@type":"ReadAction","target":["https:\/\/www.erboristerie.com\/it\/prodotto\/calendula-gel-ad-azione-emolliente-e-lenitiva-125ml-dr-giorgini\/"]}]},{"@type":"ImageObject","inLanguage":"it-IT","@id":"https:\/\/www.erboristerie.com\/it\/prodotto\/calendula-gel-ad-azione-emolliente-e-lenitiva-125ml-dr-giorgini\/#primaryimage","url":"https:\/\/www.erboristerie.com\/wp-content\/uploads\/2019\/04\/00009420-2.jpg","contentUrl":"https:\/\/www.erboristerie.com\/wp-content\/uploads\/2019\/04\/00009420-2.jpg","width":372,"height":446},{"@type":"BreadcrumbList","@id":"https:\/\/www.erboristerie.com\/it\/prodotto\/calendula-gel-ad-azione-emolliente-e-lenitiva-125ml-dr-giorgini\/#breadcrumb","itemListElement":[{"@type":"ListItem","position":1,"name":"Home","item":"https:\/\/www.erboristerie.com\/it\/"},{"@type":"ListItem","position":2,"name":"Tutti i prodotti","item":"https:\/\/www.erboristerie.com\/it\/tutti-i-prodotti\/"},{"@type":"ListItem","position":3,"name":"Calendula Gel ad azione emolliente e lenitiva 125ml dr. Giorgini"}]},{"@type":"WebSite","@id":"https:\/\/www.erboristerie.com\/it\/#website","url":"https:\/\/www.erboristerie.com\/it\/","name":"Erboristeria Demetra","description":"La tua salute al naturale","publisher":{"@id":"https:\/\/www.erboristerie.com\/it\/#organization"},"potentialAction":[{"@type":"SearchAction","target":{"@type":"EntryPoint","urlTemplate":"https:\/\/www.erboristerie.com\/it\/?s={search_term_string}"},"query-input":{"@type":"PropertyValueSpecification","valueRequired":true,"valueName":"search_term_string"}}],"inLanguage":"it-IT"},{"@type":"Organization","@id":"https:\/\/www.erboristerie.com\/it\/#organization","name":"Erboristeria Demetra","url":"https:\/\/www.erboristerie.com\/it\/","logo":{"@type":"ImageObject","inLanguage":"it-IT","@id":"https:\/\/www.erboristerie.com\/it\/#\/schema\/logo\/image\/","url":"https:\/\/www.erboristerie.com\/wp-content\/uploads\/2019\/11\/LOGO_ERBORISTERIA_DEMETRA_original.png?v=1611516981","contentUrl":"https:\/\/www.erboristerie.com\/wp-content\/uploads\/2019\/11\/LOGO_ERBORISTERIA_DEMETRA_original.png?v=1611516981","width":201,"height":54,"caption":"Erboristeria Demetra"},"image":{"@id":"https:\/\/www.erboristerie.com\/it\/#\/schema\/logo\/image\/"},"sameAs":["https:\/\/www.facebook.com\/erboristeria.demetra.online"]}]}},"_links":{"self":[{"href":"https:\/\/www.erboristerie.com\/it\/wp-json\/wp\/v2\/product\/77690","targetHints":{"allow":["GET"]}}],"collection":[{"href":"https:\/\/www.erboristerie.com\/it\/wp-json\/wp\/v2\/product"}],"about":[{"href":"https:\/\/www.erboristerie.com\/it\/wp-json\/wp\/v2\/types\/product"}],"wp:featuredmedia":[{"embeddable":true,"href":"https:\/\/www.erboristerie.com\/it\/wp-json\/wp\/v2\/media\/109713"}],"wp:attachment":[{"href":"https:\/\/www.erboristerie.com\/it\/wp-json\/wp\/v2\/media?parent=77690"}],"wp:term":[{"taxonomy":"product_brand","embeddable":true,"href":"https:\/\/www.erboristerie.com\/it\/wp-json\/wp\/v2\/product_brand?post=77690"},{"taxonomy":"product_cat","embeddable":true,"href":"https:\/\/www.erboristerie.com\/it\/wp-json\/wp\/v2\/product_cat?post=77690"},{"taxonomy":"product_tag","embeddable":true,"href":"https:\/\/www.erboristerie.com\/it\/wp-json\/wp\/v2\/product_tag?post=77690"},{"taxonomy":"giftcard-category","embeddable":true,"href":"https:\/\/www.erboristerie.com\/it\/wp-json\/wp\/v2\/giftcard-category?post=77690"}],"curies":[{"name":"wp","href":"https:\/\/api.w.org\/{rel}","templated":true}]}}