{"id":77622,"date":"2019-03-26T15:47:40","date_gmt":"2019-03-26T14:47:40","guid":{"rendered":"http:\/\/www.erboristerie.com\/?post_type=product&#038;p=77622"},"modified":"2025-09-10T18:54:40","modified_gmt":"2025-09-10T16:54:40","slug":"albero-di-giada-profumo-50ml","status":"publish","type":"product","link":"https:\/\/www.erboristerie.com\/it\/prodotto\/albero-di-giada-profumo-50ml\/","title":{"rendered":"Albero di Giada Profumo 50ml"},"content":{"rendered":"<p><span style=\"font-size: 14px;\"><strong>Profumo 50 ml Albero di Giada<em> &#8211; L&#8217;Erbolario<\/em><\/strong><\/span><br \/>\nTutta l\u2019energia positiva dell\u2019Albero di Giada in una fragranza<\/p>\n<p><strong>Descrizione<\/strong><br \/>\nGemme verdi e lucenti, fiori candidi e stellati: dal radioso Albero di Giada nasce questa freschissima fragranza, che sapr\u00e0 regalare tutto il suo fascino e la sua energia positiva a chi la indossa.<br \/>\nFragranza: fiorita, agrumata<br \/>\nProfumo fiorito-agrumato femminile<br \/>\n<strong>Note di: <\/strong>Bergamotto, Rosa gialla, The bianco, Fiore di Giada, Verbena esotica, Ambra<\/p>\n<p><strong>Ingredienti (INCI)<\/strong><br \/>\nAlcohol denat., Parfum (Fragrance), Aqua (Water), Tocopheryl acetate, Citric acid, Alpha-isomethyl ionone, Citral, Citronellol, Hexyl cinnamal, Hydroxycitronellal, Geraniol, Limonene, Linalool<\/p>\n<p><strong>PIRAMIDE OLFATTIVA<\/strong><\/p>\n<p><strong>NOTA DI TESTA: FRESCA &#8211; AGRUMATA<\/strong><br \/>\nLimone &#8211; Bergamotto &#8211; Arancia amara &#8211; Verbena esotica &#8211; Ribes nero<\/p>\n<p><strong>NOTA DI CUORE: VERDE &#8211; FIORITA<\/strong><br \/>\nFiore di Giada &#8211; Violetta &#8211; Magnolia &#8211; Rosa gialla &#8211; Rosa bianca<\/p>\n<p><strong>NOTA DI FONDO: LEGNOSA &#8211; MUSCHIATA<\/strong><br \/>\nMuschio bianco &#8211; Legno di Cedro della Virginia &#8211; Ambra &#8211; Foglie di The bianco<\/p>\n<p><strong>Cosa sapere in pi\u00f9<\/strong><\/p>\n<ul>\n<li><strong>100% Made in Italy<\/strong><br \/>\nOgni fase della nostra attivit\u00e0, dalla formulazione al controllo qualit\u00e0, dalla preparazione del semilavorato al confezionamento, viene attuata da sempre nel nostro sito produttivo di Lodi: noi non abbiamo delocalizzato alcuna fase produttiva in paesi terzi, men che meno in quelli nei quali i diritti umani e i diritti fondamentali dei lavoratori sono calpestati. I nostri fitocosmetici sono orgogliosi di potersi dire 100% MADE IN ITALY!<\/li>\n<li><strong>7 Metalli testati<\/strong><br \/>\nMonitoraggio del contenuto di 7 metalli per minimizzare i rischi di allergia: *(Nichel, Piombo, Arsenico, Cadmio, Mercurio, Antimonio e Cromo) e salvaguardare cos\u00ec anche le pelli pi\u00f9 sensibili. Ogni lotto di produzione \u00e8 rigorosamente controllato per garantire un contenuto di ogni singolo metallo inferiore a 0.00005% (limite di rilevabilit\u00e0 strumentale).<\/li>\n<li><strong>Da sempre amici degli animali<\/strong><br \/>\nAderiamo allo \u201cStandard Internazionale Stop ai Test su Animali\u201d; garantito da LAV (Lega Anti Vivisezione). Fin dalla sua fondazione nel 1978 L&#8217;Erbolario ha seguito la politica di non ricorrere a test su animali e dal 2006, dopo che le normative europee hanno iniziato a limitare e poi hanno man mano proibito il ricorso ai test su animali per fini cosmetici, ha aderito allo Standard. www.lav.it<\/li>\n<li><strong>Dermatologicamente Testato<\/strong><br \/>\nQuesto prodotto ha dimostrato di essere ottimamente tollerato dopo una rigorosa sperimentazione clinica finalizzata alla ricerca di eventuali potenzialit\u00e0 di irritazione e di allergogenesi. La valutazione delle ricerche \u00e8 stata effettuata presso il Dipartimento di Medicina interna e Terapia medica dell\u2019Universit\u00e0 degli Studi di Pavia.<\/li>\n<li><strong>Imballo in Carta FSC\u00ae<\/strong><br \/>\nLa confezione esterna cartacea di questo prodotto \u00e8 costituita esclusivamente carta certificata FSC\u00ae, secondo i rigorosi standardambientali e sociali del Forest Stewardship Concil\u00ae a supporto di una corretta e responsabile gestione delle risorse forestali Senza ingredienti di derivazione animale<\/li>\n<\/ul>\n<hr \/>\n<p><span style=\"font-size: 14px;\"><strong>Albero di Giada<em> &#8211; L&#8217;Erbolario<\/em><\/strong><\/span><\/p>\n<p>Secondo l\u2019antica teoria cinese del Feng shui, piante e fiori hanno una speciale capacit\u00e0 di attrarre energia vitale e di restituirla. Tra le numerose piante dalle propriet\u00e0 benefiche, spicca proprio l\u2019Albero di Giada, a cui si attribuisce una sorprendente capacit\u00e0 di sprigionare energia positiva e ricchezza, motivo per cui \u00e8 chiamato anche Pianta della Fortuna.<br \/>\nNei nostri Laboratori abbiamo utilizzato degli esemplari di Albero di Giada coltivati per noi sulla riviera ligure, nei pressi di Sanremo. Dalle foglie abbiamo ricavato un estratto dalle ricche propriet\u00e0 idratanti perfetto per prendersi cura dell\u2019epidermide del viso e del corpo. In un secondo momento, abbiamo lavorato i residui del processo di estrazione, per produrre, grazie a una raffinata tecnica di distillazione in corrente di vapore, un\u2019acqua distillata addolcente, adatta anche per le pelli pi\u00f9 delicate.<\/p>\n<p><img decoding=\"async\" style=\"width: 370px; height: 370px;\" src=\"https:\/\/www.erboristerie.com\/image\/data\/lineagiada2.jpg\" alt=\"\" \/><\/p>\n","protected":false},"excerpt":{"rendered":"<p>Profumo 50 ml Albero di Giada &#8211; L&#8217;Erbolario Tutta l\u2019energia positiva dell\u2019Albero di Giada in una fragranza Descrizione Gemme verdi e lucenti, fiori candidi e stellati: dal radioso Albero di Giada nasce questa freschissima fragranza, che sapr\u00e0 regalare tutto il suo fascino e la sua&#8230;<\/p>\n","protected":false},"featured_media":109854,"template":"","meta":{"_acf_changed":false},"product_brand":[9603],"product_cat":[49195,45042],"product_tag":[11423,10566,17736,14028,12315,10650,18060,10946,11018,12238,14134,10985],"giftcard-category":[],"class_list":{"0":"post-77622","1":"product","2":"type-product","3":"status-publish","4":"has-post-thumbnail","6":"product_brand-erbolario","7":"product_cat-linee-profumate","8":"product_cat-profumi","9":"product_tag-50ml","10":"product_tag-acido","11":"product_tag-albero","12":"product_tag-azione","13":"product_tag-bagnogel","14":"product_tag-crema","15":"product_tag-giada","16":"product_tag-ialuronico","17":"product_tag-notte","18":"product_tag-profumo","19":"product_tag-tripla","20":"product_tag-viso","21":"pa_formato-50-ml","22":"pa_linea-profumazione-albero-di-giada","23":"pa_marca-lerbolario","24":"pa_tipologia-profumo","26":"first","27":"instock","28":"sale","29":"taxable","30":"shipping-taxable","31":"purchasable","32":"product-type-simple"},"acf":[],"yoast_head":"<!-- This site is optimized with the Yoast SEO plugin v24.9 - https:\/\/yoast.com\/wordpress\/plugins\/seo\/ -->\n<title>Albero di Giada Profumo 50ml<\/title>\n<meta name=\"description\" content=\"Tutta l\u2019energia positiva dell\u2019Albero di Giada in una fragranza\" \/>\n<meta name=\"robots\" content=\"index, follow, max-snippet:-1, max-image-preview:large, max-video-preview:-1\" \/>\n<link rel=\"canonical\" href=\"https:\/\/www.erboristerie.com\/it\/prodotto\/albero-di-giada-profumo-50ml\/\" \/>\n<meta property=\"og:locale\" content=\"it_IT\" \/>\n<meta property=\"og:type\" content=\"article\" \/>\n<meta property=\"og:title\" content=\"Albero di Giada Profumo 50ml\" \/>\n<meta property=\"og:description\" content=\"Tutta l\u2019energia positiva dell\u2019Albero di Giada in una fragranza\" \/>\n<meta property=\"og:url\" content=\"https:\/\/www.erboristerie.com\/it\/prodotto\/albero-di-giada-profumo-50ml\/\" \/>\n<meta property=\"og:site_name\" content=\"Erboristeria Demetra\" \/>\n<meta property=\"article:publisher\" content=\"https:\/\/www.facebook.com\/erboristeria.demetra.online\" \/>\n<meta property=\"article:modified_time\" content=\"2025-09-10T16:54:40+00:00\" \/>\n<meta property=\"og:image\" content=\"https:\/\/www.erboristerie.com\/wp-content\/uploads\/2019\/03\/00002643-1.jpg\" \/>\n\t<meta property=\"og:image:width\" content=\"728\" \/>\n\t<meta property=\"og:image:height\" content=\"694\" \/>\n\t<meta property=\"og:image:type\" content=\"image\/jpeg\" \/>\n<meta name=\"twitter:card\" content=\"summary_large_image\" \/>\n<meta name=\"twitter:label1\" content=\"Tempo di lettura stimato\" \/>\n\t<meta name=\"twitter:data1\" content=\"3 minuti\" \/>\n<script type=\"application\/ld+json\" class=\"yoast-schema-graph\">{\"@context\":\"https:\/\/schema.org\",\"@graph\":[{\"@type\":\"WebPage\",\"@id\":\"https:\/\/www.erboristerie.com\/it\/prodotto\/albero-di-giada-profumo-50ml\/\",\"url\":\"https:\/\/www.erboristerie.com\/it\/prodotto\/albero-di-giada-profumo-50ml\/\",\"name\":\"Albero di Giada Profumo 50ml\",\"isPartOf\":{\"@id\":\"https:\/\/www.erboristerie.com\/it\/#website\"},\"primaryImageOfPage\":{\"@id\":\"https:\/\/www.erboristerie.com\/it\/prodotto\/albero-di-giada-profumo-50ml\/#primaryimage\"},\"image\":{\"@id\":\"https:\/\/www.erboristerie.com\/it\/prodotto\/albero-di-giada-profumo-50ml\/#primaryimage\"},\"thumbnailUrl\":\"https:\/\/www.erboristerie.com\/wp-content\/uploads\/2019\/03\/00002643-1.jpg\",\"datePublished\":\"2019-03-26T14:47:40+00:00\",\"dateModified\":\"2025-09-10T16:54:40+00:00\",\"description\":\"Tutta l\u2019energia positiva dell\u2019Albero di Giada in una fragranza\",\"breadcrumb\":{\"@id\":\"https:\/\/www.erboristerie.com\/it\/prodotto\/albero-di-giada-profumo-50ml\/#breadcrumb\"},\"inLanguage\":\"it-IT\",\"potentialAction\":[{\"@type\":\"ReadAction\",\"target\":[\"https:\/\/www.erboristerie.com\/it\/prodotto\/albero-di-giada-profumo-50ml\/\"]}]},{\"@type\":\"ImageObject\",\"inLanguage\":\"it-IT\",\"@id\":\"https:\/\/www.erboristerie.com\/it\/prodotto\/albero-di-giada-profumo-50ml\/#primaryimage\",\"url\":\"https:\/\/www.erboristerie.com\/wp-content\/uploads\/2019\/03\/00002643-1.jpg\",\"contentUrl\":\"https:\/\/www.erboristerie.com\/wp-content\/uploads\/2019\/03\/00002643-1.jpg\",\"width\":728,\"height\":694},{\"@type\":\"BreadcrumbList\",\"@id\":\"https:\/\/www.erboristerie.com\/it\/prodotto\/albero-di-giada-profumo-50ml\/#breadcrumb\",\"itemListElement\":[{\"@type\":\"ListItem\",\"position\":1,\"name\":\"Home\",\"item\":\"https:\/\/www.erboristerie.com\/it\/\"},{\"@type\":\"ListItem\",\"position\":2,\"name\":\"Tutti i prodotti\",\"item\":\"https:\/\/www.erboristerie.com\/it\/tutti-i-prodotti\/\"},{\"@type\":\"ListItem\",\"position\":3,\"name\":\"Albero di Giada Profumo 50ml\"}]},{\"@type\":\"WebSite\",\"@id\":\"https:\/\/www.erboristerie.com\/it\/#website\",\"url\":\"https:\/\/www.erboristerie.com\/it\/\",\"name\":\"Erboristeria Demetra\",\"description\":\"La tua salute al naturale\",\"publisher\":{\"@id\":\"https:\/\/www.erboristerie.com\/it\/#organization\"},\"potentialAction\":[{\"@type\":\"SearchAction\",\"target\":{\"@type\":\"EntryPoint\",\"urlTemplate\":\"https:\/\/www.erboristerie.com\/it\/?s={search_term_string}\"},\"query-input\":{\"@type\":\"PropertyValueSpecification\",\"valueRequired\":true,\"valueName\":\"search_term_string\"}}],\"inLanguage\":\"it-IT\"},{\"@type\":\"Organization\",\"@id\":\"https:\/\/www.erboristerie.com\/it\/#organization\",\"name\":\"Erboristeria Demetra\",\"url\":\"https:\/\/www.erboristerie.com\/it\/\",\"logo\":{\"@type\":\"ImageObject\",\"inLanguage\":\"it-IT\",\"@id\":\"https:\/\/www.erboristerie.com\/it\/#\/schema\/logo\/image\/\",\"url\":\"https:\/\/www.erboristerie.com\/wp-content\/uploads\/2019\/11\/LOGO_ERBORISTERIA_DEMETRA_original.png?v=1611516981\",\"contentUrl\":\"https:\/\/www.erboristerie.com\/wp-content\/uploads\/2019\/11\/LOGO_ERBORISTERIA_DEMETRA_original.png?v=1611516981\",\"width\":201,\"height\":54,\"caption\":\"Erboristeria Demetra\"},\"image\":{\"@id\":\"https:\/\/www.erboristerie.com\/it\/#\/schema\/logo\/image\/\"},\"sameAs\":[\"https:\/\/www.facebook.com\/erboristeria.demetra.online\"]}]}<\/script>\n<!-- \/ Yoast SEO plugin. -->","yoast_head_json":{"title":"Albero di Giada Profumo 50ml","description":"Tutta l\u2019energia positiva dell\u2019Albero di Giada in una fragranza","robots":{"index":"index","follow":"follow","max-snippet":"max-snippet:-1","max-image-preview":"max-image-preview:large","max-video-preview":"max-video-preview:-1"},"canonical":"https:\/\/www.erboristerie.com\/it\/prodotto\/albero-di-giada-profumo-50ml\/","og_locale":"it_IT","og_type":"article","og_title":"Albero di Giada Profumo 50ml","og_description":"Tutta l\u2019energia positiva dell\u2019Albero di Giada in una fragranza","og_url":"https:\/\/www.erboristerie.com\/it\/prodotto\/albero-di-giada-profumo-50ml\/","og_site_name":"Erboristeria Demetra","article_publisher":"https:\/\/www.facebook.com\/erboristeria.demetra.online","article_modified_time":"2025-09-10T16:54:40+00:00","og_image":[{"width":728,"height":694,"url":"https:\/\/www.erboristerie.com\/wp-content\/uploads\/2019\/03\/00002643-1.jpg","type":"image\/jpeg"}],"twitter_card":"summary_large_image","twitter_misc":{"Tempo di lettura stimato":"3 minuti"},"schema":{"@context":"https:\/\/schema.org","@graph":[{"@type":"WebPage","@id":"https:\/\/www.erboristerie.com\/it\/prodotto\/albero-di-giada-profumo-50ml\/","url":"https:\/\/www.erboristerie.com\/it\/prodotto\/albero-di-giada-profumo-50ml\/","name":"Albero di Giada Profumo 50ml","isPartOf":{"@id":"https:\/\/www.erboristerie.com\/it\/#website"},"primaryImageOfPage":{"@id":"https:\/\/www.erboristerie.com\/it\/prodotto\/albero-di-giada-profumo-50ml\/#primaryimage"},"image":{"@id":"https:\/\/www.erboristerie.com\/it\/prodotto\/albero-di-giada-profumo-50ml\/#primaryimage"},"thumbnailUrl":"https:\/\/www.erboristerie.com\/wp-content\/uploads\/2019\/03\/00002643-1.jpg","datePublished":"2019-03-26T14:47:40+00:00","dateModified":"2025-09-10T16:54:40+00:00","description":"Tutta l\u2019energia positiva dell\u2019Albero di Giada in una fragranza","breadcrumb":{"@id":"https:\/\/www.erboristerie.com\/it\/prodotto\/albero-di-giada-profumo-50ml\/#breadcrumb"},"inLanguage":"it-IT","potentialAction":[{"@type":"ReadAction","target":["https:\/\/www.erboristerie.com\/it\/prodotto\/albero-di-giada-profumo-50ml\/"]}]},{"@type":"ImageObject","inLanguage":"it-IT","@id":"https:\/\/www.erboristerie.com\/it\/prodotto\/albero-di-giada-profumo-50ml\/#primaryimage","url":"https:\/\/www.erboristerie.com\/wp-content\/uploads\/2019\/03\/00002643-1.jpg","contentUrl":"https:\/\/www.erboristerie.com\/wp-content\/uploads\/2019\/03\/00002643-1.jpg","width":728,"height":694},{"@type":"BreadcrumbList","@id":"https:\/\/www.erboristerie.com\/it\/prodotto\/albero-di-giada-profumo-50ml\/#breadcrumb","itemListElement":[{"@type":"ListItem","position":1,"name":"Home","item":"https:\/\/www.erboristerie.com\/it\/"},{"@type":"ListItem","position":2,"name":"Tutti i prodotti","item":"https:\/\/www.erboristerie.com\/it\/tutti-i-prodotti\/"},{"@type":"ListItem","position":3,"name":"Albero di Giada Profumo 50ml"}]},{"@type":"WebSite","@id":"https:\/\/www.erboristerie.com\/it\/#website","url":"https:\/\/www.erboristerie.com\/it\/","name":"Erboristeria Demetra","description":"La tua salute al naturale","publisher":{"@id":"https:\/\/www.erboristerie.com\/it\/#organization"},"potentialAction":[{"@type":"SearchAction","target":{"@type":"EntryPoint","urlTemplate":"https:\/\/www.erboristerie.com\/it\/?s={search_term_string}"},"query-input":{"@type":"PropertyValueSpecification","valueRequired":true,"valueName":"search_term_string"}}],"inLanguage":"it-IT"},{"@type":"Organization","@id":"https:\/\/www.erboristerie.com\/it\/#organization","name":"Erboristeria Demetra","url":"https:\/\/www.erboristerie.com\/it\/","logo":{"@type":"ImageObject","inLanguage":"it-IT","@id":"https:\/\/www.erboristerie.com\/it\/#\/schema\/logo\/image\/","url":"https:\/\/www.erboristerie.com\/wp-content\/uploads\/2019\/11\/LOGO_ERBORISTERIA_DEMETRA_original.png?v=1611516981","contentUrl":"https:\/\/www.erboristerie.com\/wp-content\/uploads\/2019\/11\/LOGO_ERBORISTERIA_DEMETRA_original.png?v=1611516981","width":201,"height":54,"caption":"Erboristeria Demetra"},"image":{"@id":"https:\/\/www.erboristerie.com\/it\/#\/schema\/logo\/image\/"},"sameAs":["https:\/\/www.facebook.com\/erboristeria.demetra.online"]}]}},"_links":{"self":[{"href":"https:\/\/www.erboristerie.com\/it\/wp-json\/wp\/v2\/product\/77622","targetHints":{"allow":["GET"]}}],"collection":[{"href":"https:\/\/www.erboristerie.com\/it\/wp-json\/wp\/v2\/product"}],"about":[{"href":"https:\/\/www.erboristerie.com\/it\/wp-json\/wp\/v2\/types\/product"}],"wp:featuredmedia":[{"embeddable":true,"href":"https:\/\/www.erboristerie.com\/it\/wp-json\/wp\/v2\/media\/109854"}],"wp:attachment":[{"href":"https:\/\/www.erboristerie.com\/it\/wp-json\/wp\/v2\/media?parent=77622"}],"wp:term":[{"taxonomy":"product_brand","embeddable":true,"href":"https:\/\/www.erboristerie.com\/it\/wp-json\/wp\/v2\/product_brand?post=77622"},{"taxonomy":"product_cat","embeddable":true,"href":"https:\/\/www.erboristerie.com\/it\/wp-json\/wp\/v2\/product_cat?post=77622"},{"taxonomy":"product_tag","embeddable":true,"href":"https:\/\/www.erboristerie.com\/it\/wp-json\/wp\/v2\/product_tag?post=77622"},{"taxonomy":"giftcard-category","embeddable":true,"href":"https:\/\/www.erboristerie.com\/it\/wp-json\/wp\/v2\/giftcard-category?post=77622"}],"curies":[{"name":"wp","href":"https:\/\/api.w.org\/{rel}","templated":true}]}}