{"id":77606,"date":"2019-03-26T15:38:40","date_gmt":"2019-03-26T14:38:40","guid":{"rendered":"http:\/\/www.erboristerie.com\/?post_type=product&#038;p=77606"},"modified":"2025-09-10T18:54:20","modified_gmt":"2025-09-10T16:54:20","slug":"albero-di-giada-crema-fluida-corpo-200ml","status":"publish","type":"product","link":"https:\/\/www.erboristerie.com\/it\/prodotto\/albero-di-giada-crema-fluida-corpo-200ml\/","title":{"rendered":"Albero di Giada Crema Fluida Corpo 200ml"},"content":{"rendered":"<p><span style=\"font-size: 14px;\"><strong>Crema Fluida per il Corpo Albero di Giada<em> &#8211; L&#8217;Erbolario<\/em><\/strong><\/span><br \/>\nLeggera emulsione che regla idratazione e morbidezza. Fragranza: fiorita, agrumata.<br \/>\n<strong>Formato: tubo da 200 ml<\/strong><\/p>\n<p><strong>Descrizione<\/strong><br \/>\nQuesta Crema fluida si stende con piacere e con dolcezza regala nutrimento, morbidezza e setosit\u00e0 all\u2019epidermide del corpo, grazie ai ricchi ingredienti di origine naturale: l\u2019estratto e l\u2019acqua distillata di Albero di Giada, i burri di Cocco e di Karit\u00e9, la vitamina E dai semi della Soja. Il suo profumo fiorito e raffinato avvolge il corpo in un abbraccio gentile.<br \/>\nCon il 96% di ingredienti di origine naturale*<br \/>\nSenza siliconi, parabeni, coloranti sintetici e petrolati<br \/>\n*La restante percentuale di ingredienti garantisce stabilit\u00e0 e gradevolezza del prodotto<\/p>\n<p><strong>Consigli d&#8217;uso<\/strong><br \/>\nCon ampi e veloci gesti, distribuire e massaggiare la Crema fluida sulla pelle di tutto il corpo, fino a completo assorbimento. Questa formulazione non lascia tracce untuose e si assorbe velocemente.<\/p>\n<p><strong>Sostanze funzionali<\/strong><br \/>\nEstratto e acqua distillata di Albero di Giada, burro di Cocco, frazione del burro di Karit\u00e9, olio di Girasole biologico, Vitamina E dai semi della Soja, gomma di Tara.<br \/>\nCon il 96% di ingredienti di origine naturale*<br \/>\nSenza siliconi, parabeni, coloranti sintetici e petrolati<br \/>\n*La restante percentuale di ingredienti garantisce stabilit\u00e0 e gradevolezza del prodotto<\/p>\n<p><strong>Ingredienti (INCI)<\/strong><br \/>\nAqua (Water), Crassula argentea leaf water, Tripelargonin, C15-c19 alkane, Glycerin, Cocos nucifera (Coconut) oil , Parfum (Fragrance), Glyceryl behenate, Stearic acid, Helianthus annuus (Sunflower) seed oil, Shea butter ethyl esters, Crassula argentea leaf extract, Glyceryl oleate, Sodium olivoyl glutamate, Tocopherol, Caesalpinia spinosa gum, Sclerotium gum, Rosmarinus officinalis (Rosemary) leaf extract, Brassica campestris (Rapeseed) seed oil, Xanthan gum, Lecithin, Pullulan, Behenyl alcohol, Glyceryl stearate citrate, Citric acid, Calcium sodium borosilicate, Silica, Alpha-isomethyl ionone, Citral, Geraniol, Hexyl cinnamal, Hydroxycitronellal, Limonene, Linalool, Benzyl alcohol, Sodium phytate, Potassium sorbate, Sodium benzoate, Ci 77891 (Titanium dioxide), Cl 75810 (Chlorophyllin-copper complex), Ci 77861 (Tin oxide)<\/p>\n<p><strong>Cosa sapere in pi\u00f9<\/strong><\/p>\n<ul>\n<li><strong>100% Made in Italy<\/strong><br \/>\nOgni fase della nostra attivit\u00e0, dalla formulazione al controllo qualit\u00e0, dalla preparazione del semilavorato al confezionamento, viene attuata da sempre nel nostro sito produttivo di Lodi: noi non abbiamo delocalizzato alcuna fase produttiva in paesi terzi, men che meno in quelli nei quali i diritti umani e i diritti fondamentali dei lavoratori sono calpestati. I nostri fitocosmetici sono orgogliosi di potersi dire 100% MADE IN ITALY!<\/li>\n<li><strong>7 Metalli testati<\/strong><br \/>\nMonitoraggio del contenuto di 7 metalli per minimizzare i rischi di allergia: *(Nichel, Piombo, Arsenico, Cadmio, Mercurio, Antimonio e Cromo) e salvaguardare cos\u00ec anche le pelli pi\u00f9 sensibili. Ogni lotto di produzione \u00e8 rigorosamente controllato per garantire un contenuto di ogni singolo metallo inferiore a 0.00005% (limite di rilevabilit\u00e0 strumentale).<\/li>\n<li><strong>Da sempre amici degli animali<\/strong><br \/>\nAderiamo allo \u201cStandard Internazionale Stop ai Test su Animali\u201d; garantito da LAV (Lega Anti Vivisezione). Fin dalla sua fondazione nel 1978 L&#8217;Erbolario ha seguito la politica di non ricorrere a test su animali e dal 2006, dopo che le normative europee hanno iniziato a limitare e poi hanno man mano proibito il ricorso ai test su animali per fini cosmetici, ha aderito allo Standard. www.lav.it<\/li>\n<li><strong>Dermatologicamente Testato<\/strong><br \/>\nQuesto prodotto ha dimostrato di essere ottimamente tollerato dopo una rigorosa sperimentazione clinica finalizzata alla ricerca di eventuali potenzialit\u00e0 di irritazione e di allergogenesi. La valutazione delle ricerche \u00e8 stata effettuata presso il Dipartimento di Medicina interna e Terapia medica dell\u2019Universit\u00e0 degli Studi di Pavia.<\/li>\n<li><strong>Imballo in Carta FSC\u00ae<\/strong><br \/>\nLa confezione esterna cartacea di questo prodotto \u00e8 costituita esclusivamente carta certificata FSC\u00ae, secondo i rigorosi standardambientali e sociali del Forest Stewardship Concil\u00ae a supporto di una corretta e responsabile gestione delle risorse forestali Senza ingredienti di derivazione animale<\/li>\n<\/ul>\n<hr \/>\n<p><span style=\"font-size: 14px;\"><strong>Albero di Giada<em> &#8211; L&#8217;Erbolario<\/em><\/strong><\/span><\/p>\n<p>Secondo l\u2019antica teoria cinese del Feng shui, piante e fiori hanno una speciale capacit\u00e0 di attrarre energia vitale e di restituirla. Tra le numerose piante dalle propriet\u00e0 benefiche, spicca proprio l\u2019Albero di Giada, a cui si attribuisce una sorprendente capacit\u00e0 di sprigionare energia positiva e ricchezza, motivo per cui \u00e8 chiamato anche Pianta della Fortuna.<br \/>\nNei nostri Laboratori abbiamo utilizzato degli esemplari di Albero di Giada coltivati per noi sulla riviera ligure, nei pressi di Sanremo. Dalle foglie abbiamo ricavato un estratto dalle ricche propriet\u00e0 idratanti perfetto per prendersi cura dell\u2019epidermide del viso e del corpo. In un secondo momento, abbiamo lavorato i residui del processo di estrazione, per produrre, grazie a una raffinata tecnica di distillazione in corrente di vapore, un\u2019acqua distillata addolcente, adatta anche per le pelli pi\u00f9 delicate.<\/p>\n<p><img decoding=\"async\" style=\"width: 370px; height: 370px;\" src=\"https:\/\/www.erboristerie.com\/image\/data\/lineagiada2.jpg\" alt=\"\" \/><\/p>\n","protected":false},"excerpt":{"rendered":"<p>Crema Fluida per il Corpo Albero di Giada &#8211; L&#8217;Erbolario Leggera emulsione che regla idratazione e morbidezza. Fragranza: fiorita, agrumata. Formato: tubo da 200 ml Descrizione Questa Crema fluida si stende con piacere e con dolcezza regala nutrimento, morbidezza e setosit\u00e0 all\u2019epidermide del corpo, grazie&#8230;<\/p>\n","protected":false},"featured_media":109858,"template":"","meta":{"_acf_changed":false},"product_brand":[9603],"product_cat":[49195,45041],"product_tag":[10917,10566,17736,14028,11524,10650,10653,18060,10946,11018,14134,10985],"giftcard-category":[],"class_list":{"0":"post-77606","1":"product","2":"type-product","3":"status-publish","4":"has-post-thumbnail","6":"product_brand-erbolario","7":"product_cat-linee-profumate","8":"product_cat-corpo","9":"product_tag-200ml","10":"product_tag-acido","11":"product_tag-albero","12":"product_tag-azione","13":"product_tag-corpo","14":"product_tag-crema","15":"product_tag-fluida","16":"product_tag-giada","17":"product_tag-ialuronico","18":"product_tag-notte","19":"product_tag-tripla","20":"product_tag-viso","21":"pa_formato-200-ml","22":"pa_linea-profumazione-albero-di-giada","23":"pa_marca-lerbolario","24":"pa_tipologia-crema","26":"first","27":"instock","28":"sale","29":"taxable","30":"shipping-taxable","31":"purchasable","32":"product-type-simple"},"acf":[],"yoast_head":"<!-- This site is optimized with the Yoast SEO plugin v24.9 - https:\/\/yoast.com\/wordpress\/plugins\/seo\/ -->\n<title>Albero di Giada Crema Fluida Corpo 200ml<\/title>\n<meta name=\"description\" content=\"Leggera emulsione che regala idratazione e morbidezza\" \/>\n<meta name=\"robots\" content=\"index, follow, max-snippet:-1, max-image-preview:large, max-video-preview:-1\" \/>\n<link rel=\"canonical\" href=\"https:\/\/www.erboristerie.com\/it\/prodotto\/albero-di-giada-crema-fluida-corpo-200ml\/\" \/>\n<meta property=\"og:locale\" content=\"it_IT\" \/>\n<meta property=\"og:type\" content=\"article\" \/>\n<meta property=\"og:title\" content=\"Albero di Giada Crema Fluida Corpo 200ml\" \/>\n<meta property=\"og:description\" content=\"Leggera emulsione che regala idratazione e morbidezza\" \/>\n<meta property=\"og:url\" content=\"https:\/\/www.erboristerie.com\/it\/prodotto\/albero-di-giada-crema-fluida-corpo-200ml\/\" \/>\n<meta property=\"og:site_name\" content=\"Erboristeria Demetra\" \/>\n<meta property=\"article:publisher\" content=\"https:\/\/www.facebook.com\/erboristeria.demetra.online\" \/>\n<meta property=\"article:modified_time\" content=\"2025-09-10T16:54:20+00:00\" \/>\n<meta property=\"og:image\" content=\"https:\/\/www.erboristerie.com\/wp-content\/uploads\/2019\/03\/00002660-1.jpg\" \/>\n\t<meta property=\"og:image:width\" content=\"672\" \/>\n\t<meta property=\"og:image:height\" content=\"783\" \/>\n\t<meta property=\"og:image:type\" content=\"image\/jpeg\" \/>\n<meta name=\"twitter:card\" content=\"summary_large_image\" \/>\n<meta name=\"twitter:label1\" content=\"Tempo di lettura stimato\" \/>\n\t<meta name=\"twitter:data1\" content=\"4 minuti\" \/>\n<script type=\"application\/ld+json\" class=\"yoast-schema-graph\">{\"@context\":\"https:\/\/schema.org\",\"@graph\":[{\"@type\":\"WebPage\",\"@id\":\"https:\/\/www.erboristerie.com\/it\/prodotto\/albero-di-giada-crema-fluida-corpo-200ml\/\",\"url\":\"https:\/\/www.erboristerie.com\/it\/prodotto\/albero-di-giada-crema-fluida-corpo-200ml\/\",\"name\":\"Albero di Giada Crema Fluida Corpo 200ml\",\"isPartOf\":{\"@id\":\"https:\/\/www.erboristerie.com\/it\/#website\"},\"primaryImageOfPage\":{\"@id\":\"https:\/\/www.erboristerie.com\/it\/prodotto\/albero-di-giada-crema-fluida-corpo-200ml\/#primaryimage\"},\"image\":{\"@id\":\"https:\/\/www.erboristerie.com\/it\/prodotto\/albero-di-giada-crema-fluida-corpo-200ml\/#primaryimage\"},\"thumbnailUrl\":\"https:\/\/www.erboristerie.com\/wp-content\/uploads\/2019\/03\/00002660-1.jpg\",\"datePublished\":\"2019-03-26T14:38:40+00:00\",\"dateModified\":\"2025-09-10T16:54:20+00:00\",\"description\":\"Leggera emulsione che regala idratazione e morbidezza\",\"breadcrumb\":{\"@id\":\"https:\/\/www.erboristerie.com\/it\/prodotto\/albero-di-giada-crema-fluida-corpo-200ml\/#breadcrumb\"},\"inLanguage\":\"it-IT\",\"potentialAction\":[{\"@type\":\"ReadAction\",\"target\":[\"https:\/\/www.erboristerie.com\/it\/prodotto\/albero-di-giada-crema-fluida-corpo-200ml\/\"]}]},{\"@type\":\"ImageObject\",\"inLanguage\":\"it-IT\",\"@id\":\"https:\/\/www.erboristerie.com\/it\/prodotto\/albero-di-giada-crema-fluida-corpo-200ml\/#primaryimage\",\"url\":\"https:\/\/www.erboristerie.com\/wp-content\/uploads\/2019\/03\/00002660-1.jpg\",\"contentUrl\":\"https:\/\/www.erboristerie.com\/wp-content\/uploads\/2019\/03\/00002660-1.jpg\",\"width\":672,\"height\":783},{\"@type\":\"BreadcrumbList\",\"@id\":\"https:\/\/www.erboristerie.com\/it\/prodotto\/albero-di-giada-crema-fluida-corpo-200ml\/#breadcrumb\",\"itemListElement\":[{\"@type\":\"ListItem\",\"position\":1,\"name\":\"Home\",\"item\":\"https:\/\/www.erboristerie.com\/it\/\"},{\"@type\":\"ListItem\",\"position\":2,\"name\":\"Tutti i prodotti\",\"item\":\"https:\/\/www.erboristerie.com\/it\/tutti-i-prodotti\/\"},{\"@type\":\"ListItem\",\"position\":3,\"name\":\"Albero di Giada Crema Fluida Corpo 200ml\"}]},{\"@type\":\"WebSite\",\"@id\":\"https:\/\/www.erboristerie.com\/it\/#website\",\"url\":\"https:\/\/www.erboristerie.com\/it\/\",\"name\":\"Erboristeria Demetra\",\"description\":\"La tua salute al naturale\",\"publisher\":{\"@id\":\"https:\/\/www.erboristerie.com\/it\/#organization\"},\"potentialAction\":[{\"@type\":\"SearchAction\",\"target\":{\"@type\":\"EntryPoint\",\"urlTemplate\":\"https:\/\/www.erboristerie.com\/it\/?s={search_term_string}\"},\"query-input\":{\"@type\":\"PropertyValueSpecification\",\"valueRequired\":true,\"valueName\":\"search_term_string\"}}],\"inLanguage\":\"it-IT\"},{\"@type\":\"Organization\",\"@id\":\"https:\/\/www.erboristerie.com\/it\/#organization\",\"name\":\"Erboristeria Demetra\",\"url\":\"https:\/\/www.erboristerie.com\/it\/\",\"logo\":{\"@type\":\"ImageObject\",\"inLanguage\":\"it-IT\",\"@id\":\"https:\/\/www.erboristerie.com\/it\/#\/schema\/logo\/image\/\",\"url\":\"https:\/\/www.erboristerie.com\/wp-content\/uploads\/2019\/11\/LOGO_ERBORISTERIA_DEMETRA_original.png?v=1611516981\",\"contentUrl\":\"https:\/\/www.erboristerie.com\/wp-content\/uploads\/2019\/11\/LOGO_ERBORISTERIA_DEMETRA_original.png?v=1611516981\",\"width\":201,\"height\":54,\"caption\":\"Erboristeria Demetra\"},\"image\":{\"@id\":\"https:\/\/www.erboristerie.com\/it\/#\/schema\/logo\/image\/\"},\"sameAs\":[\"https:\/\/www.facebook.com\/erboristeria.demetra.online\"]}]}<\/script>\n<!-- \/ Yoast SEO plugin. -->","yoast_head_json":{"title":"Albero di Giada Crema Fluida Corpo 200ml","description":"Leggera emulsione che regala idratazione e morbidezza","robots":{"index":"index","follow":"follow","max-snippet":"max-snippet:-1","max-image-preview":"max-image-preview:large","max-video-preview":"max-video-preview:-1"},"canonical":"https:\/\/www.erboristerie.com\/it\/prodotto\/albero-di-giada-crema-fluida-corpo-200ml\/","og_locale":"it_IT","og_type":"article","og_title":"Albero di Giada Crema Fluida Corpo 200ml","og_description":"Leggera emulsione che regala idratazione e morbidezza","og_url":"https:\/\/www.erboristerie.com\/it\/prodotto\/albero-di-giada-crema-fluida-corpo-200ml\/","og_site_name":"Erboristeria Demetra","article_publisher":"https:\/\/www.facebook.com\/erboristeria.demetra.online","article_modified_time":"2025-09-10T16:54:20+00:00","og_image":[{"width":672,"height":783,"url":"https:\/\/www.erboristerie.com\/wp-content\/uploads\/2019\/03\/00002660-1.jpg","type":"image\/jpeg"}],"twitter_card":"summary_large_image","twitter_misc":{"Tempo di lettura stimato":"4 minuti"},"schema":{"@context":"https:\/\/schema.org","@graph":[{"@type":"WebPage","@id":"https:\/\/www.erboristerie.com\/it\/prodotto\/albero-di-giada-crema-fluida-corpo-200ml\/","url":"https:\/\/www.erboristerie.com\/it\/prodotto\/albero-di-giada-crema-fluida-corpo-200ml\/","name":"Albero di Giada Crema Fluida Corpo 200ml","isPartOf":{"@id":"https:\/\/www.erboristerie.com\/it\/#website"},"primaryImageOfPage":{"@id":"https:\/\/www.erboristerie.com\/it\/prodotto\/albero-di-giada-crema-fluida-corpo-200ml\/#primaryimage"},"image":{"@id":"https:\/\/www.erboristerie.com\/it\/prodotto\/albero-di-giada-crema-fluida-corpo-200ml\/#primaryimage"},"thumbnailUrl":"https:\/\/www.erboristerie.com\/wp-content\/uploads\/2019\/03\/00002660-1.jpg","datePublished":"2019-03-26T14:38:40+00:00","dateModified":"2025-09-10T16:54:20+00:00","description":"Leggera emulsione che regala idratazione e morbidezza","breadcrumb":{"@id":"https:\/\/www.erboristerie.com\/it\/prodotto\/albero-di-giada-crema-fluida-corpo-200ml\/#breadcrumb"},"inLanguage":"it-IT","potentialAction":[{"@type":"ReadAction","target":["https:\/\/www.erboristerie.com\/it\/prodotto\/albero-di-giada-crema-fluida-corpo-200ml\/"]}]},{"@type":"ImageObject","inLanguage":"it-IT","@id":"https:\/\/www.erboristerie.com\/it\/prodotto\/albero-di-giada-crema-fluida-corpo-200ml\/#primaryimage","url":"https:\/\/www.erboristerie.com\/wp-content\/uploads\/2019\/03\/00002660-1.jpg","contentUrl":"https:\/\/www.erboristerie.com\/wp-content\/uploads\/2019\/03\/00002660-1.jpg","width":672,"height":783},{"@type":"BreadcrumbList","@id":"https:\/\/www.erboristerie.com\/it\/prodotto\/albero-di-giada-crema-fluida-corpo-200ml\/#breadcrumb","itemListElement":[{"@type":"ListItem","position":1,"name":"Home","item":"https:\/\/www.erboristerie.com\/it\/"},{"@type":"ListItem","position":2,"name":"Tutti i prodotti","item":"https:\/\/www.erboristerie.com\/it\/tutti-i-prodotti\/"},{"@type":"ListItem","position":3,"name":"Albero di Giada Crema Fluida Corpo 200ml"}]},{"@type":"WebSite","@id":"https:\/\/www.erboristerie.com\/it\/#website","url":"https:\/\/www.erboristerie.com\/it\/","name":"Erboristeria Demetra","description":"La tua salute al naturale","publisher":{"@id":"https:\/\/www.erboristerie.com\/it\/#organization"},"potentialAction":[{"@type":"SearchAction","target":{"@type":"EntryPoint","urlTemplate":"https:\/\/www.erboristerie.com\/it\/?s={search_term_string}"},"query-input":{"@type":"PropertyValueSpecification","valueRequired":true,"valueName":"search_term_string"}}],"inLanguage":"it-IT"},{"@type":"Organization","@id":"https:\/\/www.erboristerie.com\/it\/#organization","name":"Erboristeria Demetra","url":"https:\/\/www.erboristerie.com\/it\/","logo":{"@type":"ImageObject","inLanguage":"it-IT","@id":"https:\/\/www.erboristerie.com\/it\/#\/schema\/logo\/image\/","url":"https:\/\/www.erboristerie.com\/wp-content\/uploads\/2019\/11\/LOGO_ERBORISTERIA_DEMETRA_original.png?v=1611516981","contentUrl":"https:\/\/www.erboristerie.com\/wp-content\/uploads\/2019\/11\/LOGO_ERBORISTERIA_DEMETRA_original.png?v=1611516981","width":201,"height":54,"caption":"Erboristeria Demetra"},"image":{"@id":"https:\/\/www.erboristerie.com\/it\/#\/schema\/logo\/image\/"},"sameAs":["https:\/\/www.facebook.com\/erboristeria.demetra.online"]}]}},"_links":{"self":[{"href":"https:\/\/www.erboristerie.com\/it\/wp-json\/wp\/v2\/product\/77606","targetHints":{"allow":["GET"]}}],"collection":[{"href":"https:\/\/www.erboristerie.com\/it\/wp-json\/wp\/v2\/product"}],"about":[{"href":"https:\/\/www.erboristerie.com\/it\/wp-json\/wp\/v2\/types\/product"}],"wp:featuredmedia":[{"embeddable":true,"href":"https:\/\/www.erboristerie.com\/it\/wp-json\/wp\/v2\/media\/109858"}],"wp:attachment":[{"href":"https:\/\/www.erboristerie.com\/it\/wp-json\/wp\/v2\/media?parent=77606"}],"wp:term":[{"taxonomy":"product_brand","embeddable":true,"href":"https:\/\/www.erboristerie.com\/it\/wp-json\/wp\/v2\/product_brand?post=77606"},{"taxonomy":"product_cat","embeddable":true,"href":"https:\/\/www.erboristerie.com\/it\/wp-json\/wp\/v2\/product_cat?post=77606"},{"taxonomy":"product_tag","embeddable":true,"href":"https:\/\/www.erboristerie.com\/it\/wp-json\/wp\/v2\/product_tag?post=77606"},{"taxonomy":"giftcard-category","embeddable":true,"href":"https:\/\/www.erboristerie.com\/it\/wp-json\/wp\/v2\/giftcard-category?post=77606"}],"curies":[{"name":"wp","href":"https:\/\/api.w.org\/{rel}","templated":true}]}}