{"id":77598,"date":"2019-03-26T15:30:46","date_gmt":"2019-03-26T14:30:46","guid":{"rendered":"http:\/\/www.erboristerie.com\/?post_type=product&#038;p=77598"},"modified":"2025-09-10T18:54:04","modified_gmt":"2025-09-10T16:54:04","slug":"albero-di-giada-bagnogel-250ml","status":"publish","type":"product","link":"https:\/\/www.erboristerie.com\/it\/prodotto\/albero-di-giada-bagnogel-250ml\/","title":{"rendered":"Albero di Giada Bagnogel 250ml"},"content":{"rendered":"<p><span style=\"font-size: 14px;\"><strong>Bagnogel Albero di Giada<em> &#8211; L&#8217;Erbolario<\/em><\/strong><\/span><br \/>\n250ml di Bagnogel dal profumo verde e fiorito<br \/>\n<strong>Descrizione<\/strong><br \/>\nUna formulazione gentile per un detergente dalle efficaci propriet\u00e0 idratanti, emollienti e protettive. Gli ottimi ingredienti di origine naturale, come l\u2019estratto e l\u2019acqua distillata di Albero di Giada, l\u2019olio di Cotone tensioattivato e gli aminoacidi di Orzo, rendono questo Bagnogel ideale anche per le pelli pi\u00f9 delicate. A ci\u00f2 si aggiungono l\u2019incanto di una profumazione verde e fiorita e la piacevolezza di una texture leggera.<br \/>\nCon il 96% di ingredienti di origine naturale*<br \/>\nSenza siliconi, tensioattivi solfati, parabeni, coloranti sintetici e petrolati<br \/>\n*La restante percentuale di ingredienti garantisce stabilit\u00e0 e gradevolezza del prodotto<br \/>\nFragranza: fiorita, agrumata<\/p>\n<p><strong>Consigli d&#8217;uso<\/strong><br \/>\nRaccogliere nell\u2019incavo della mano o direttamente sulla spugna uno, due cucchiai di prodotto, che saranno sufficienti a creare tanta, fragrantissima schiuma.<\/p>\n<p><strong>Sostanze funzionali<\/strong><br \/>\nEstratto e acqua distillata di Albero di Giada, olio di Cotone tensioattivato, aminoacidi di Orzo tensioattivati<br \/>\nCon il 96% di ingredienti di origine naturale*<br \/>\nSenza siliconi, tensioattivi solfati, parabeni, coloranti sintetici e petrolati<br \/>\n*La restante percentuale di ingredienti garantisce stabilit\u00e0 e gradevolezza del prodotto<\/p>\n<p><strong>Ingredienti (INCI)<\/strong><br \/>\nAqua (Water), Crassula argentea leaf water, Lauryl glucoside, Cocamidopropyl betaine, Sodium cocoyl glutamate, Parfum (Fragrance), Glycerin, Crassula argentea leaf extract, Sodium cocoyl barley amino acids, Disodium cocoyl glutamate, Sodium cottonseedamphoacetate, Decyl glucoside, Glyceryl oleate, Xanthan gum, Citric acid, Sodium citrate, Sodium chloride, Calcium sodium borosilicate, Geraniol, Hexyl cinnamal, Hydroxycitronellal, Limonene, Linalool, Sodium benzoate, Ci 77891 (Titanium dioxide), Ci 77861 (Tin oxide)<\/p>\n<p><strong>Cosa sapere in pi\u00f9<\/strong><\/p>\n<ul>\n<li><strong>100% Made in Italy<\/strong><br \/>\nOgni fase della nostra attivit\u00e0, dalla formulazione al controllo qualit\u00e0, dalla preparazione del semilavorato al confezionamento, viene attuata da sempre nel nostro sito produttivo di Lodi: noi non abbiamo delocalizzato alcuna fase produttiva in paesi terzi, men che meno in quelli nei quali i diritti umani e i diritti fondamentali dei lavoratori sono calpestati. I nostri fitocosmetici sono orgogliosi di potersi dire 100% MADE IN ITALY!<\/li>\n<li><strong>7 Metalli testati<\/strong><br \/>\nMonitoraggio del contenuto di 7 metalli per minimizzare i rischi di allergia: *(Nichel, Piombo, Arsenico, Cadmio, Mercurio, Antimonio e Cromo) e salvaguardare cos\u00ec anche le pelli pi\u00f9 sensibili. Ogni lotto di produzione \u00e8 rigorosamente controllato per garantire un contenuto di ogni singolo metallo inferiore a 0.00005% (limite di rilevabilit\u00e0 strumentale).<\/li>\n<li><strong>Da sempre amici degli animali<\/strong><br \/>\nAderiamo allo \u201cStandard Internazionale Stop ai Test su Animali\u201d; garantito da LAV (Lega Anti Vivisezione). Fin dalla sua fondazione nel 1978 L&#8217;Erbolario ha seguito la politica di non ricorrere a test su animali e dal 2006, dopo che le normative europee hanno iniziato a limitare e poi hanno man mano proibito il ricorso ai test su animali per fini cosmetici, ha aderito allo Standard. www.lav.it<\/li>\n<li><strong>Dermatologicamente Testato<\/strong><br \/>\nQuesto prodotto ha dimostrato di essere ottimamente tollerato dopo una rigorosa sperimentazione clinica finalizzata alla ricerca di eventuali potenzialit\u00e0 di irritazione e di allergogenesi. La valutazione delle ricerche \u00e8 stata effettuata presso il Dipartimento di Medicina interna e Terapia medica dell\u2019Universit\u00e0 degli Studi di Pavia.<\/li>\n<li><strong>Imballo in Carta FSC\u00ae<\/strong><br \/>\nLa confezione esterna cartacea di questo prodotto \u00e8 costituita esclusivamente carta certificata FSC\u00ae, secondo i rigorosi standardambientali e sociali del Forest Stewardship Concil\u00ae a supporto di una corretta e responsabile gestione delle risorse forestali Senza ingredienti di derivazione animale<\/li>\n<\/ul>\n<hr \/>\n<p><span style=\"font-size: 14px;\"><strong>Albero di Giada<em> &#8211; L&#8217;Erbolario<\/em><\/strong><\/span><\/p>\n<p>Secondo l\u2019antica teoria cinese del Feng shui, piante e fiori hanno una speciale capacit\u00e0 di attrarre energia vitale e di restituirla. Tra le numerose piante dalle propriet\u00e0 benefiche, spicca proprio l\u2019Albero di Giada, a cui si attribuisce una sorprendente capacit\u00e0 di sprigionare energia positiva e ricchezza, motivo per cui \u00e8 chiamato anche Pianta della Fortuna.<br \/>\nNei nostri Laboratori abbiamo utilizzato degli esemplari di Albero di Giada coltivati per noi sulla riviera ligure, nei pressi di Sanremo. Dalle foglie abbiamo ricavato un estratto dalle ricche propriet\u00e0 idratanti perfetto per prendersi cura dell\u2019epidermide del viso e del corpo. In un secondo momento, abbiamo lavorato i residui del processo di estrazione, per produrre, grazie a una raffinata tecnica di distillazione in corrente di vapore, un\u2019acqua distillata addolcente, adatta anche per le pelli pi\u00f9 delicate.<\/p>\n<p><img decoding=\"async\" style=\"width: 370px; height: 370px;\" src=\"https:\/\/www.erboristerie.com\/image\/data\/lineagiada2.jpg\" alt=\"\" \/><\/p>\n","protected":false},"excerpt":{"rendered":"<p>Bagnogel Albero di Giada &#8211; L&#8217;Erbolario 250ml di Bagnogel dal profumo verde e fiorito Descrizione Una formulazione gentile per un detergente dalle efficaci propriet\u00e0 idratanti, emollienti e protettive. Gli ottimi ingredienti di origine naturale, come l\u2019estratto e l\u2019acqua distillata di Albero di Giada, l\u2019olio di&#8230;<\/p>\n","protected":false},"featured_media":109860,"template":"","meta":{"_acf_changed":false},"product_brand":[9603],"product_cat":[49195,45044],"product_tag":[11561,10566,17736,14028,12315,10650,18060,10946,11018,14134,10985],"giftcard-category":[],"class_list":{"0":"post-77598","1":"product","2":"type-product","3":"status-publish","4":"has-post-thumbnail","6":"product_brand-erbolario","7":"product_cat-linee-profumate","8":"product_cat-detergenza","9":"product_tag-250ml","10":"product_tag-acido","11":"product_tag-albero","12":"product_tag-azione","13":"product_tag-bagnogel","14":"product_tag-crema","15":"product_tag-giada","16":"product_tag-ialuronico","17":"product_tag-notte","18":"product_tag-tripla","19":"product_tag-viso","20":"pa_formato-250-ml","21":"pa_linea-profumazione-albero-di-giada","22":"pa_marca-lerbolario","23":"pa_tipologia-bagnoschiuma","25":"first","26":"instock","27":"sale","28":"taxable","29":"shipping-taxable","30":"purchasable","31":"product-type-simple"},"acf":[],"yoast_head":"<!-- This site is optimized with the Yoast SEO plugin v24.9 - https:\/\/yoast.com\/wordpress\/plugins\/seo\/ -->\n<title>Albero di Giada Bagnogel 250ml<\/title>\n<meta name=\"description\" content=\"Bagnogel dal profumo verde e fiorito\" \/>\n<meta name=\"robots\" content=\"index, follow, max-snippet:-1, max-image-preview:large, max-video-preview:-1\" \/>\n<link rel=\"canonical\" href=\"https:\/\/www.erboristerie.com\/it\/prodotto\/albero-di-giada-bagnogel-250ml\/\" \/>\n<meta property=\"og:locale\" content=\"it_IT\" \/>\n<meta property=\"og:type\" content=\"article\" \/>\n<meta property=\"og:title\" content=\"Albero di Giada Bagnogel 250ml\" \/>\n<meta property=\"og:description\" content=\"Bagnogel dal profumo verde e fiorito\" \/>\n<meta property=\"og:url\" content=\"https:\/\/www.erboristerie.com\/it\/prodotto\/albero-di-giada-bagnogel-250ml\/\" \/>\n<meta property=\"og:site_name\" content=\"Erboristeria Demetra\" \/>\n<meta property=\"article:publisher\" content=\"https:\/\/www.facebook.com\/erboristeria.demetra.online\" \/>\n<meta property=\"article:modified_time\" content=\"2025-09-10T16:54:04+00:00\" \/>\n<meta property=\"og:image\" content=\"https:\/\/www.erboristerie.com\/wp-content\/uploads\/2019\/03\/00002663-1.jpg\" \/>\n\t<meta property=\"og:image:width\" content=\"757\" \/>\n\t<meta property=\"og:image:height\" content=\"780\" \/>\n\t<meta property=\"og:image:type\" content=\"image\/jpeg\" \/>\n<meta name=\"twitter:card\" content=\"summary_large_image\" \/>\n<meta name=\"twitter:label1\" content=\"Tempo di lettura stimato\" \/>\n\t<meta name=\"twitter:data1\" content=\"3 minuti\" \/>\n<script type=\"application\/ld+json\" class=\"yoast-schema-graph\">{\"@context\":\"https:\/\/schema.org\",\"@graph\":[{\"@type\":\"WebPage\",\"@id\":\"https:\/\/www.erboristerie.com\/it\/prodotto\/albero-di-giada-bagnogel-250ml\/\",\"url\":\"https:\/\/www.erboristerie.com\/it\/prodotto\/albero-di-giada-bagnogel-250ml\/\",\"name\":\"Albero di Giada Bagnogel 250ml\",\"isPartOf\":{\"@id\":\"https:\/\/www.erboristerie.com\/it\/#website\"},\"primaryImageOfPage\":{\"@id\":\"https:\/\/www.erboristerie.com\/it\/prodotto\/albero-di-giada-bagnogel-250ml\/#primaryimage\"},\"image\":{\"@id\":\"https:\/\/www.erboristerie.com\/it\/prodotto\/albero-di-giada-bagnogel-250ml\/#primaryimage\"},\"thumbnailUrl\":\"https:\/\/www.erboristerie.com\/wp-content\/uploads\/2019\/03\/00002663-1.jpg\",\"datePublished\":\"2019-03-26T14:30:46+00:00\",\"dateModified\":\"2025-09-10T16:54:04+00:00\",\"description\":\"Bagnogel dal profumo verde e fiorito\",\"breadcrumb\":{\"@id\":\"https:\/\/www.erboristerie.com\/it\/prodotto\/albero-di-giada-bagnogel-250ml\/#breadcrumb\"},\"inLanguage\":\"it-IT\",\"potentialAction\":[{\"@type\":\"ReadAction\",\"target\":[\"https:\/\/www.erboristerie.com\/it\/prodotto\/albero-di-giada-bagnogel-250ml\/\"]}]},{\"@type\":\"ImageObject\",\"inLanguage\":\"it-IT\",\"@id\":\"https:\/\/www.erboristerie.com\/it\/prodotto\/albero-di-giada-bagnogel-250ml\/#primaryimage\",\"url\":\"https:\/\/www.erboristerie.com\/wp-content\/uploads\/2019\/03\/00002663-1.jpg\",\"contentUrl\":\"https:\/\/www.erboristerie.com\/wp-content\/uploads\/2019\/03\/00002663-1.jpg\",\"width\":757,\"height\":780},{\"@type\":\"BreadcrumbList\",\"@id\":\"https:\/\/www.erboristerie.com\/it\/prodotto\/albero-di-giada-bagnogel-250ml\/#breadcrumb\",\"itemListElement\":[{\"@type\":\"ListItem\",\"position\":1,\"name\":\"Home\",\"item\":\"https:\/\/www.erboristerie.com\/it\/\"},{\"@type\":\"ListItem\",\"position\":2,\"name\":\"Tutti i prodotti\",\"item\":\"https:\/\/www.erboristerie.com\/it\/tutti-i-prodotti\/\"},{\"@type\":\"ListItem\",\"position\":3,\"name\":\"Albero di Giada Bagnogel 250ml\"}]},{\"@type\":\"WebSite\",\"@id\":\"https:\/\/www.erboristerie.com\/it\/#website\",\"url\":\"https:\/\/www.erboristerie.com\/it\/\",\"name\":\"Erboristeria Demetra\",\"description\":\"La tua salute al naturale\",\"publisher\":{\"@id\":\"https:\/\/www.erboristerie.com\/it\/#organization\"},\"potentialAction\":[{\"@type\":\"SearchAction\",\"target\":{\"@type\":\"EntryPoint\",\"urlTemplate\":\"https:\/\/www.erboristerie.com\/it\/?s={search_term_string}\"},\"query-input\":{\"@type\":\"PropertyValueSpecification\",\"valueRequired\":true,\"valueName\":\"search_term_string\"}}],\"inLanguage\":\"it-IT\"},{\"@type\":\"Organization\",\"@id\":\"https:\/\/www.erboristerie.com\/it\/#organization\",\"name\":\"Erboristeria Demetra\",\"url\":\"https:\/\/www.erboristerie.com\/it\/\",\"logo\":{\"@type\":\"ImageObject\",\"inLanguage\":\"it-IT\",\"@id\":\"https:\/\/www.erboristerie.com\/it\/#\/schema\/logo\/image\/\",\"url\":\"https:\/\/www.erboristerie.com\/wp-content\/uploads\/2019\/11\/LOGO_ERBORISTERIA_DEMETRA_original.png?v=1611516981\",\"contentUrl\":\"https:\/\/www.erboristerie.com\/wp-content\/uploads\/2019\/11\/LOGO_ERBORISTERIA_DEMETRA_original.png?v=1611516981\",\"width\":201,\"height\":54,\"caption\":\"Erboristeria Demetra\"},\"image\":{\"@id\":\"https:\/\/www.erboristerie.com\/it\/#\/schema\/logo\/image\/\"},\"sameAs\":[\"https:\/\/www.facebook.com\/erboristeria.demetra.online\"]}]}<\/script>\n<!-- \/ Yoast SEO plugin. -->","yoast_head_json":{"title":"Albero di Giada Bagnogel 250ml","description":"Bagnogel dal profumo verde e fiorito","robots":{"index":"index","follow":"follow","max-snippet":"max-snippet:-1","max-image-preview":"max-image-preview:large","max-video-preview":"max-video-preview:-1"},"canonical":"https:\/\/www.erboristerie.com\/it\/prodotto\/albero-di-giada-bagnogel-250ml\/","og_locale":"it_IT","og_type":"article","og_title":"Albero di Giada Bagnogel 250ml","og_description":"Bagnogel dal profumo verde e fiorito","og_url":"https:\/\/www.erboristerie.com\/it\/prodotto\/albero-di-giada-bagnogel-250ml\/","og_site_name":"Erboristeria Demetra","article_publisher":"https:\/\/www.facebook.com\/erboristeria.demetra.online","article_modified_time":"2025-09-10T16:54:04+00:00","og_image":[{"width":757,"height":780,"url":"https:\/\/www.erboristerie.com\/wp-content\/uploads\/2019\/03\/00002663-1.jpg","type":"image\/jpeg"}],"twitter_card":"summary_large_image","twitter_misc":{"Tempo di lettura stimato":"3 minuti"},"schema":{"@context":"https:\/\/schema.org","@graph":[{"@type":"WebPage","@id":"https:\/\/www.erboristerie.com\/it\/prodotto\/albero-di-giada-bagnogel-250ml\/","url":"https:\/\/www.erboristerie.com\/it\/prodotto\/albero-di-giada-bagnogel-250ml\/","name":"Albero di Giada Bagnogel 250ml","isPartOf":{"@id":"https:\/\/www.erboristerie.com\/it\/#website"},"primaryImageOfPage":{"@id":"https:\/\/www.erboristerie.com\/it\/prodotto\/albero-di-giada-bagnogel-250ml\/#primaryimage"},"image":{"@id":"https:\/\/www.erboristerie.com\/it\/prodotto\/albero-di-giada-bagnogel-250ml\/#primaryimage"},"thumbnailUrl":"https:\/\/www.erboristerie.com\/wp-content\/uploads\/2019\/03\/00002663-1.jpg","datePublished":"2019-03-26T14:30:46+00:00","dateModified":"2025-09-10T16:54:04+00:00","description":"Bagnogel dal profumo verde e fiorito","breadcrumb":{"@id":"https:\/\/www.erboristerie.com\/it\/prodotto\/albero-di-giada-bagnogel-250ml\/#breadcrumb"},"inLanguage":"it-IT","potentialAction":[{"@type":"ReadAction","target":["https:\/\/www.erboristerie.com\/it\/prodotto\/albero-di-giada-bagnogel-250ml\/"]}]},{"@type":"ImageObject","inLanguage":"it-IT","@id":"https:\/\/www.erboristerie.com\/it\/prodotto\/albero-di-giada-bagnogel-250ml\/#primaryimage","url":"https:\/\/www.erboristerie.com\/wp-content\/uploads\/2019\/03\/00002663-1.jpg","contentUrl":"https:\/\/www.erboristerie.com\/wp-content\/uploads\/2019\/03\/00002663-1.jpg","width":757,"height":780},{"@type":"BreadcrumbList","@id":"https:\/\/www.erboristerie.com\/it\/prodotto\/albero-di-giada-bagnogel-250ml\/#breadcrumb","itemListElement":[{"@type":"ListItem","position":1,"name":"Home","item":"https:\/\/www.erboristerie.com\/it\/"},{"@type":"ListItem","position":2,"name":"Tutti i prodotti","item":"https:\/\/www.erboristerie.com\/it\/tutti-i-prodotti\/"},{"@type":"ListItem","position":3,"name":"Albero di Giada Bagnogel 250ml"}]},{"@type":"WebSite","@id":"https:\/\/www.erboristerie.com\/it\/#website","url":"https:\/\/www.erboristerie.com\/it\/","name":"Erboristeria Demetra","description":"La tua salute al naturale","publisher":{"@id":"https:\/\/www.erboristerie.com\/it\/#organization"},"potentialAction":[{"@type":"SearchAction","target":{"@type":"EntryPoint","urlTemplate":"https:\/\/www.erboristerie.com\/it\/?s={search_term_string}"},"query-input":{"@type":"PropertyValueSpecification","valueRequired":true,"valueName":"search_term_string"}}],"inLanguage":"it-IT"},{"@type":"Organization","@id":"https:\/\/www.erboristerie.com\/it\/#organization","name":"Erboristeria Demetra","url":"https:\/\/www.erboristerie.com\/it\/","logo":{"@type":"ImageObject","inLanguage":"it-IT","@id":"https:\/\/www.erboristerie.com\/it\/#\/schema\/logo\/image\/","url":"https:\/\/www.erboristerie.com\/wp-content\/uploads\/2019\/11\/LOGO_ERBORISTERIA_DEMETRA_original.png?v=1611516981","contentUrl":"https:\/\/www.erboristerie.com\/wp-content\/uploads\/2019\/11\/LOGO_ERBORISTERIA_DEMETRA_original.png?v=1611516981","width":201,"height":54,"caption":"Erboristeria Demetra"},"image":{"@id":"https:\/\/www.erboristerie.com\/it\/#\/schema\/logo\/image\/"},"sameAs":["https:\/\/www.facebook.com\/erboristeria.demetra.online"]}]}},"_links":{"self":[{"href":"https:\/\/www.erboristerie.com\/it\/wp-json\/wp\/v2\/product\/77598","targetHints":{"allow":["GET"]}}],"collection":[{"href":"https:\/\/www.erboristerie.com\/it\/wp-json\/wp\/v2\/product"}],"about":[{"href":"https:\/\/www.erboristerie.com\/it\/wp-json\/wp\/v2\/types\/product"}],"wp:featuredmedia":[{"embeddable":true,"href":"https:\/\/www.erboristerie.com\/it\/wp-json\/wp\/v2\/media\/109860"}],"wp:attachment":[{"href":"https:\/\/www.erboristerie.com\/it\/wp-json\/wp\/v2\/media?parent=77598"}],"wp:term":[{"taxonomy":"product_brand","embeddable":true,"href":"https:\/\/www.erboristerie.com\/it\/wp-json\/wp\/v2\/product_brand?post=77598"},{"taxonomy":"product_cat","embeddable":true,"href":"https:\/\/www.erboristerie.com\/it\/wp-json\/wp\/v2\/product_cat?post=77598"},{"taxonomy":"product_tag","embeddable":true,"href":"https:\/\/www.erboristerie.com\/it\/wp-json\/wp\/v2\/product_tag?post=77598"},{"taxonomy":"giftcard-category","embeddable":true,"href":"https:\/\/www.erboristerie.com\/it\/wp-json\/wp\/v2\/giftcard-category?post=77598"}],"curies":[{"name":"wp","href":"https:\/\/api.w.org\/{rel}","templated":true}]}}