{"id":75662,"date":"2018-04-11T10:39:31","date_gmt":"2018-04-11T08:39:31","guid":{"rendered":"http:\/\/www.erboristerie.com\/?post_type=product&#038;p=75662"},"modified":"2025-04-04T10:22:47","modified_gmt":"2025-04-04T08:22:47","slug":"fior-di-salina-kit-linea-spedizione-gratis","status":"publish","type":"product","link":"https:\/\/www.erboristerie.com\/it\/prodotto\/fior-di-salina-kit-linea-spedizione-gratis\/","title":{"rendered":"Fior di salina Kit Linea spedizione Gratis"},"content":{"rendered":"<p><strong>Fior di Salina kit linea- L&#8217;Erbolario<\/strong><\/p>\n<p><strong>SPEDIZIONE GRATUITA<\/strong><\/p>\n<p><strong>Il kit \u00e8 cos\u00ec composto::<\/strong><\/p>\n<ul>\n<li><strong>FIOR DI SALINA BAGNOSCHIUMA 250 ml <\/strong>Per un bagno o una doccia intrisi di calma e di benessere. Con Sale marino delle Saline Conti Vecchi<\/li>\n<li><strong>FIOR DI SALINA CREMA PER IL CORPO 200 ml <\/strong>Con Sale marino delle Saline Conti Vecchi &#8211; Bene valorizzato dal FAI<\/li>\n<li><strong>FIOR DI SALINA OLEOSCRUB PER IL CORPO 500 GR <\/strong>al Sale marino delle Saline Conti Vecchi &#8211; Bene valorizzato dal FAI<\/li>\n<li><strong>FIOR DI SALINA PROFUMO 15 ml <\/strong>Una fragranza che guida tra i sentori agrumati e aromatici della costa mediterranea e la freschezza della brezza marina<\/li>\n<\/ul>\n<p><strong>FIOR DI SALINA &#8211; L&#8217;ERBOLARIO<\/strong><br \/>\nUna linea profumata che rende omaggio ai sentori del Mediterraneo e che dal mare della Sardegna trae un ingrediente speciale, il Sale marino. Dalle Saline Conti Vecchi, nell\u2019assolata provincia di Cagliari, giunge l\u2019oro bianco che ha ispirato queste formulazioni.<br \/>\nUn luogo unico, dove, in un contesto naturalistico, sorge tuttora il sito produttivo che l\u2019illuminato Ingegner Luigi Conti-Vecchi volle impiantare negli anni Venti del Novecento.<br \/>\nOggi, mentre continua incessante l\u2019opera di estrazione del sale, il sito di archeologia industriale \u00e8 affidato al FAI &#8211; Fondo Ambiente Italiano, che ne cura la valorizzazione.<br \/>\nLa linea Fior di Salina \u00e8 dunque, nell\u2019intento de L\u2019Erbolario, molto pi\u00f9 di un omaggio profumato al sale e al Mediterraneo: \u00e8 altres\u00ec un progetto che consente di rinnovare il decennale impegno a sostegno del FAI e del patrimonio culturale e paesaggistico italiano.<\/p>\n<p><strong>Cosa sapere in piu&#8217;<\/strong><\/p>\n<ul>\n<li>100% Made in Italy<\/li>\n<li>8 Metalli testati<\/li>\n<li>Da sempre amici degli animali<\/li>\n<li>Dermatologicamente Testato<\/li>\n<li>Imballo in Carta FSC\u00ae<\/li>\n<li>Senza ingredienti di derivazione animale<\/li>\n<\/ul>\n","protected":false},"excerpt":{"rendered":"<p>Fior di Salina kit linea- L&#8217;Erbolario SPEDIZIONE GRATUITA Il kit \u00e8 cos\u00ec composto:: FIOR DI SALINA BAGNOSCHIUMA 250 ml Per un bagno o una doccia intrisi di calma e di benessere. Con Sale marino delle Saline Conti Vecchi FIOR DI SALINA CREMA PER IL CORPO&#8230;<\/p>\n","protected":false},"featured_media":75663,"template":"","meta":{"_acf_changed":false},"product_brand":[9603],"product_cat":[45041],"product_tag":[11559,10802,14094,11530,12472,10798,10801,11824,17913,19320],"giftcard-category":[],"class_list":{"0":"post-75662","1":"product","2":"type-product","3":"status-publish","4":"has-post-thumbnail","6":"product_brand-erbolario","7":"product_cat-corpo","8":"product_tag-bagnoschiuma","9":"product_tag-con","10":"product_tag-fior","11":"product_tag-gratis","12":"product_tag-iris","13":"product_tag-kit","14":"product_tag-linea","15":"product_tag-omaggio","16":"product_tag-salina","17":"product_tag-spedizione-2","18":"pa_linea-profumazione-fior-di-salina","19":"pa_marca-lerbolario","20":"pa_tipologia-kit-o-conf-regalo","22":"first","23":"instock","24":"sale","25":"taxable","26":"shipping-taxable","27":"purchasable","28":"product-type-simple"},"acf":[],"yoast_head":"<!-- This site is optimized with the Yoast SEO plugin v24.9 - https:\/\/yoast.com\/wordpress\/plugins\/seo\/ -->\n<title>Fior di salina Kit Linea spedizione Gratis<\/title>\n<meta name=\"description\" content=\"Una linea profumata che rende omaggio ai sentori del Mediterraneo e che dal mare della Sardegna trae un ingrediente speciale, il Sale marino\" \/>\n<meta name=\"robots\" content=\"index, follow, max-snippet:-1, max-image-preview:large, max-video-preview:-1\" \/>\n<link rel=\"canonical\" href=\"https:\/\/www.erboristerie.com\/it\/prodotto\/fior-di-salina-kit-linea-spedizione-gratis\/\" \/>\n<meta property=\"og:locale\" content=\"it_IT\" \/>\n<meta property=\"og:type\" content=\"article\" \/>\n<meta property=\"og:title\" content=\"Fior di salina Kit Linea spedizione Gratis\" \/>\n<meta property=\"og:description\" content=\"Una linea profumata che rende omaggio ai sentori del Mediterraneo e che dal mare della Sardegna trae un ingrediente speciale, il Sale marino\" \/>\n<meta property=\"og:url\" content=\"https:\/\/www.erboristerie.com\/it\/prodotto\/fior-di-salina-kit-linea-spedizione-gratis\/\" \/>\n<meta property=\"og:site_name\" content=\"Erboristeria Demetra\" \/>\n<meta property=\"article:publisher\" content=\"https:\/\/www.facebook.com\/erboristeria.demetra.online\" \/>\n<meta property=\"article:modified_time\" content=\"2025-04-04T08:22:47+00:00\" \/>\n<meta property=\"og:image\" content=\"https:\/\/www.erboristerie.com\/wp-content\/uploads\/2019\/01\/products-LINEAFIORDISALINA-1.jpg\" \/>\n\t<meta property=\"og:image:width\" content=\"447\" \/>\n\t<meta property=\"og:image:height\" content=\"300\" \/>\n\t<meta property=\"og:image:type\" content=\"image\/jpeg\" \/>\n<meta name=\"twitter:card\" content=\"summary_large_image\" \/>\n<meta name=\"twitter:label1\" content=\"Tempo di lettura stimato\" \/>\n\t<meta name=\"twitter:data1\" content=\"2 minuti\" \/>\n<script type=\"application\/ld+json\" class=\"yoast-schema-graph\">{\"@context\":\"https:\/\/schema.org\",\"@graph\":[{\"@type\":\"WebPage\",\"@id\":\"https:\/\/www.erboristerie.com\/it\/prodotto\/fior-di-salina-kit-linea-spedizione-gratis\/\",\"url\":\"https:\/\/www.erboristerie.com\/it\/prodotto\/fior-di-salina-kit-linea-spedizione-gratis\/\",\"name\":\"Fior di salina Kit Linea spedizione Gratis\",\"isPartOf\":{\"@id\":\"https:\/\/www.erboristerie.com\/it\/#website\"},\"primaryImageOfPage\":{\"@id\":\"https:\/\/www.erboristerie.com\/it\/prodotto\/fior-di-salina-kit-linea-spedizione-gratis\/#primaryimage\"},\"image\":{\"@id\":\"https:\/\/www.erboristerie.com\/it\/prodotto\/fior-di-salina-kit-linea-spedizione-gratis\/#primaryimage\"},\"thumbnailUrl\":\"https:\/\/www.erboristerie.com\/wp-content\/uploads\/2019\/01\/products-LINEAFIORDISALINA-1.jpg\",\"datePublished\":\"2018-04-11T08:39:31+00:00\",\"dateModified\":\"2025-04-04T08:22:47+00:00\",\"description\":\"Una linea profumata che rende omaggio ai sentori del Mediterraneo e che dal mare della Sardegna trae un ingrediente speciale, il Sale marino\",\"breadcrumb\":{\"@id\":\"https:\/\/www.erboristerie.com\/it\/prodotto\/fior-di-salina-kit-linea-spedizione-gratis\/#breadcrumb\"},\"inLanguage\":\"it-IT\",\"potentialAction\":[{\"@type\":\"ReadAction\",\"target\":[\"https:\/\/www.erboristerie.com\/it\/prodotto\/fior-di-salina-kit-linea-spedizione-gratis\/\"]}]},{\"@type\":\"ImageObject\",\"inLanguage\":\"it-IT\",\"@id\":\"https:\/\/www.erboristerie.com\/it\/prodotto\/fior-di-salina-kit-linea-spedizione-gratis\/#primaryimage\",\"url\":\"https:\/\/www.erboristerie.com\/wp-content\/uploads\/2019\/01\/products-LINEAFIORDISALINA-1.jpg\",\"contentUrl\":\"https:\/\/www.erboristerie.com\/wp-content\/uploads\/2019\/01\/products-LINEAFIORDISALINA-1.jpg\",\"width\":\"447\",\"height\":\"300\",\"caption\":\"Fior di salina Kit Linea spedizione Gratis\"},{\"@type\":\"BreadcrumbList\",\"@id\":\"https:\/\/www.erboristerie.com\/it\/prodotto\/fior-di-salina-kit-linea-spedizione-gratis\/#breadcrumb\",\"itemListElement\":[{\"@type\":\"ListItem\",\"position\":1,\"name\":\"Home\",\"item\":\"https:\/\/www.erboristerie.com\/it\/\"},{\"@type\":\"ListItem\",\"position\":2,\"name\":\"Tutti i prodotti\",\"item\":\"https:\/\/www.erboristerie.com\/it\/tutti-i-prodotti\/\"},{\"@type\":\"ListItem\",\"position\":3,\"name\":\"Fior di salina Kit Linea spedizione Gratis\"}]},{\"@type\":\"WebSite\",\"@id\":\"https:\/\/www.erboristerie.com\/it\/#website\",\"url\":\"https:\/\/www.erboristerie.com\/it\/\",\"name\":\"Erboristeria Demetra\",\"description\":\"La tua salute al naturale\",\"publisher\":{\"@id\":\"https:\/\/www.erboristerie.com\/it\/#organization\"},\"potentialAction\":[{\"@type\":\"SearchAction\",\"target\":{\"@type\":\"EntryPoint\",\"urlTemplate\":\"https:\/\/www.erboristerie.com\/it\/?s={search_term_string}\"},\"query-input\":{\"@type\":\"PropertyValueSpecification\",\"valueRequired\":true,\"valueName\":\"search_term_string\"}}],\"inLanguage\":\"it-IT\"},{\"@type\":\"Organization\",\"@id\":\"https:\/\/www.erboristerie.com\/it\/#organization\",\"name\":\"Erboristeria Demetra\",\"url\":\"https:\/\/www.erboristerie.com\/it\/\",\"logo\":{\"@type\":\"ImageObject\",\"inLanguage\":\"it-IT\",\"@id\":\"https:\/\/www.erboristerie.com\/it\/#\/schema\/logo\/image\/\",\"url\":\"https:\/\/www.erboristerie.com\/wp-content\/uploads\/2019\/11\/LOGO_ERBORISTERIA_DEMETRA_original.png?v=1611516981\",\"contentUrl\":\"https:\/\/www.erboristerie.com\/wp-content\/uploads\/2019\/11\/LOGO_ERBORISTERIA_DEMETRA_original.png?v=1611516981\",\"width\":201,\"height\":54,\"caption\":\"Erboristeria Demetra\"},\"image\":{\"@id\":\"https:\/\/www.erboristerie.com\/it\/#\/schema\/logo\/image\/\"},\"sameAs\":[\"https:\/\/www.facebook.com\/erboristeria.demetra.online\"]}]}<\/script>\n<!-- \/ Yoast SEO plugin. -->","yoast_head_json":{"title":"Fior di salina Kit Linea spedizione Gratis","description":"Una linea profumata che rende omaggio ai sentori del Mediterraneo e che dal mare della Sardegna trae un ingrediente speciale, il Sale marino","robots":{"index":"index","follow":"follow","max-snippet":"max-snippet:-1","max-image-preview":"max-image-preview:large","max-video-preview":"max-video-preview:-1"},"canonical":"https:\/\/www.erboristerie.com\/it\/prodotto\/fior-di-salina-kit-linea-spedizione-gratis\/","og_locale":"it_IT","og_type":"article","og_title":"Fior di salina Kit Linea spedizione Gratis","og_description":"Una linea profumata che rende omaggio ai sentori del Mediterraneo e che dal mare della Sardegna trae un ingrediente speciale, il Sale marino","og_url":"https:\/\/www.erboristerie.com\/it\/prodotto\/fior-di-salina-kit-linea-spedizione-gratis\/","og_site_name":"Erboristeria Demetra","article_publisher":"https:\/\/www.facebook.com\/erboristeria.demetra.online","article_modified_time":"2025-04-04T08:22:47+00:00","og_image":[{"width":447,"height":300,"url":"https:\/\/www.erboristerie.com\/wp-content\/uploads\/2019\/01\/products-LINEAFIORDISALINA-1.jpg","type":"image\/jpeg"}],"twitter_card":"summary_large_image","twitter_misc":{"Tempo di lettura stimato":"2 minuti"},"schema":{"@context":"https:\/\/schema.org","@graph":[{"@type":"WebPage","@id":"https:\/\/www.erboristerie.com\/it\/prodotto\/fior-di-salina-kit-linea-spedizione-gratis\/","url":"https:\/\/www.erboristerie.com\/it\/prodotto\/fior-di-salina-kit-linea-spedizione-gratis\/","name":"Fior di salina Kit Linea spedizione Gratis","isPartOf":{"@id":"https:\/\/www.erboristerie.com\/it\/#website"},"primaryImageOfPage":{"@id":"https:\/\/www.erboristerie.com\/it\/prodotto\/fior-di-salina-kit-linea-spedizione-gratis\/#primaryimage"},"image":{"@id":"https:\/\/www.erboristerie.com\/it\/prodotto\/fior-di-salina-kit-linea-spedizione-gratis\/#primaryimage"},"thumbnailUrl":"https:\/\/www.erboristerie.com\/wp-content\/uploads\/2019\/01\/products-LINEAFIORDISALINA-1.jpg","datePublished":"2018-04-11T08:39:31+00:00","dateModified":"2025-04-04T08:22:47+00:00","description":"Una linea profumata che rende omaggio ai sentori del Mediterraneo e che dal mare della Sardegna trae un ingrediente speciale, il Sale marino","breadcrumb":{"@id":"https:\/\/www.erboristerie.com\/it\/prodotto\/fior-di-salina-kit-linea-spedizione-gratis\/#breadcrumb"},"inLanguage":"it-IT","potentialAction":[{"@type":"ReadAction","target":["https:\/\/www.erboristerie.com\/it\/prodotto\/fior-di-salina-kit-linea-spedizione-gratis\/"]}]},{"@type":"ImageObject","inLanguage":"it-IT","@id":"https:\/\/www.erboristerie.com\/it\/prodotto\/fior-di-salina-kit-linea-spedizione-gratis\/#primaryimage","url":"https:\/\/www.erboristerie.com\/wp-content\/uploads\/2019\/01\/products-LINEAFIORDISALINA-1.jpg","contentUrl":"https:\/\/www.erboristerie.com\/wp-content\/uploads\/2019\/01\/products-LINEAFIORDISALINA-1.jpg","width":"447","height":"300","caption":"Fior di salina Kit Linea spedizione Gratis"},{"@type":"BreadcrumbList","@id":"https:\/\/www.erboristerie.com\/it\/prodotto\/fior-di-salina-kit-linea-spedizione-gratis\/#breadcrumb","itemListElement":[{"@type":"ListItem","position":1,"name":"Home","item":"https:\/\/www.erboristerie.com\/it\/"},{"@type":"ListItem","position":2,"name":"Tutti i prodotti","item":"https:\/\/www.erboristerie.com\/it\/tutti-i-prodotti\/"},{"@type":"ListItem","position":3,"name":"Fior di salina Kit Linea spedizione Gratis"}]},{"@type":"WebSite","@id":"https:\/\/www.erboristerie.com\/it\/#website","url":"https:\/\/www.erboristerie.com\/it\/","name":"Erboristeria Demetra","description":"La tua salute al naturale","publisher":{"@id":"https:\/\/www.erboristerie.com\/it\/#organization"},"potentialAction":[{"@type":"SearchAction","target":{"@type":"EntryPoint","urlTemplate":"https:\/\/www.erboristerie.com\/it\/?s={search_term_string}"},"query-input":{"@type":"PropertyValueSpecification","valueRequired":true,"valueName":"search_term_string"}}],"inLanguage":"it-IT"},{"@type":"Organization","@id":"https:\/\/www.erboristerie.com\/it\/#organization","name":"Erboristeria Demetra","url":"https:\/\/www.erboristerie.com\/it\/","logo":{"@type":"ImageObject","inLanguage":"it-IT","@id":"https:\/\/www.erboristerie.com\/it\/#\/schema\/logo\/image\/","url":"https:\/\/www.erboristerie.com\/wp-content\/uploads\/2019\/11\/LOGO_ERBORISTERIA_DEMETRA_original.png?v=1611516981","contentUrl":"https:\/\/www.erboristerie.com\/wp-content\/uploads\/2019\/11\/LOGO_ERBORISTERIA_DEMETRA_original.png?v=1611516981","width":201,"height":54,"caption":"Erboristeria Demetra"},"image":{"@id":"https:\/\/www.erboristerie.com\/it\/#\/schema\/logo\/image\/"},"sameAs":["https:\/\/www.facebook.com\/erboristeria.demetra.online"]}]}},"_links":{"self":[{"href":"https:\/\/www.erboristerie.com\/it\/wp-json\/wp\/v2\/product\/75662","targetHints":{"allow":["GET"]}}],"collection":[{"href":"https:\/\/www.erboristerie.com\/it\/wp-json\/wp\/v2\/product"}],"about":[{"href":"https:\/\/www.erboristerie.com\/it\/wp-json\/wp\/v2\/types\/product"}],"wp:featuredmedia":[{"embeddable":true,"href":"https:\/\/www.erboristerie.com\/it\/wp-json\/wp\/v2\/media\/75663"}],"wp:attachment":[{"href":"https:\/\/www.erboristerie.com\/it\/wp-json\/wp\/v2\/media?parent=75662"}],"wp:term":[{"taxonomy":"product_brand","embeddable":true,"href":"https:\/\/www.erboristerie.com\/it\/wp-json\/wp\/v2\/product_brand?post=75662"},{"taxonomy":"product_cat","embeddable":true,"href":"https:\/\/www.erboristerie.com\/it\/wp-json\/wp\/v2\/product_cat?post=75662"},{"taxonomy":"product_tag","embeddable":true,"href":"https:\/\/www.erboristerie.com\/it\/wp-json\/wp\/v2\/product_tag?post=75662"},{"taxonomy":"giftcard-category","embeddable":true,"href":"https:\/\/www.erboristerie.com\/it\/wp-json\/wp\/v2\/giftcard-category?post=75662"}],"curies":[{"name":"wp","href":"https:\/\/api.w.org\/{rel}","templated":true}]}}