{"id":75654,"date":"2018-04-10T20:05:21","date_gmt":"2018-04-10T18:05:21","guid":{"rendered":"http:\/\/www.erboristerie.com\/?post_type=product&#038;p=75654"},"modified":"2025-09-10T18:54:56","modified_gmt":"2025-09-10T16:54:56","slug":"fior-di-salina-oleoscrub-corpo-500gr","status":"publish","type":"product","link":"https:\/\/www.erboristerie.com\/it\/prodotto\/fior-di-salina-oleoscrub-corpo-500gr\/","title":{"rendered":"Fior di Salina Oleoscrub Corpo 500gr"},"content":{"rendered":"<p>\n\t<strong>FIOR DI SALINA OLEOSCRUB PER IL CORPO 500 GR <em>&#8211; L&#8217;Erbolario<\/em><\/strong><br \/>\n\tal Sale marino delle Saline Conti Vecchi &#8211; Bene valorizzato dal FAI &#8211;<br \/>\n\t<strong>Sostanze funzionali caratterizzanti<\/strong><br \/>\n\tSale marino delle Saline Conti Vecchi (Sardegna) \u2013 Olio di Mandorle dolci \u2013 Olio di Oliva biologico da frantoio italiano (Regione Umbria) \u2013 Olio di Girasole biologico \u2013 Vitamina E dai Semi della Soja \u2013 Estratto di Lentisco \u2013 Estratto di Corbezzolo<br \/>\n\t<strong>Descrizione<\/strong><br \/>\n\tIn un angolo di luminosa Sardegna dimorano le saline da cui proviene il protagonista assoluto di questo trattamento fai da te per il corpo, il Sale marino, dalle eccezionali propriet\u00e0 tonificanti e leviganti. I suoi cristalli svolgono una funzione esfoliante che favorisce il microcircolo cutaneo e rimuove gli strati superficiali dell\u2019epidermide, lasciando una sensazione di rinnovamento e di levigatezza. Nel contempo, gli oli vegetali di Mandorle dolci, di Oliva e di Girasole addolciscono l\u2019azione energica dello Scrub, arricchendo la pelle di nutrimento e morbidezza. Infine gli estratti di foglie di Corbezzolo e di Lentisco intervengono per proteggere e tonificare.<br \/>\n\t<strong>Uso<\/strong><br \/>\n\tMiscelare con l\u2019apposita spatola il contenuto del vaso per rendere omogenea la miscela di sale e Fase oleosa. Applicare su pelle asciutta (o leggermente bagnata per un\u2019azione pi\u00f9 delicata) e massaggiare sul corpo insistendo sulle zone pi\u00f9 critiche. Risciacquare con acqua tiepida. Si consiglia di eseguire il trattamento 2 volte alla settimana. Non utilizzare il prodotto sulla pelle irritata.<br \/>\n\t<strong>Cosa sapere in piu&#8217;<\/strong><\/p>\n<ul>\n<li>\n\t\t100% Made in Italy<br \/>\n\t\tOgni fase della nostra attivit\u00e0, dalla formulazione al controllo qualit\u00e0, dalla preparazione del semilavorato al confezionamento, viene attuata da sempre nel nostro sito produttivo di Lodi: noi non abbiamo delocalizzato alcuna fase produttiva in paesi terzi, men che meno in quelli nei quali i diritti umani e i diritti fondamentali dei lavoratori sono calpestati. I nostri fitocosmetici sono orgogliosi di potersi dire 100% MADE IN ITALY<\/li>\n<li>\n\t\t7 Metalli testati<br \/>\n\t\tMonitoraggio del contenuto di 7 metalli per minimizzare i rischi di allergia: *(Nichel, Piombo, Arsenico, Cadmio, Mercurio, Antimonio e Cromo) e salvaguardare cos\u00ec anche le pelli pi\u00f9 sensibili. Ogni lotto di produzione \u00e8 rigorosamente controllato per garantire un contenuto di ogni singolo metallo inferiore a 0.00005% (limite di rilevabilit\u00e0 strumentale)<\/li>\n<li>\n\t\tDa sempre amici degli animali<br \/>\n\t\tAderiamo allo \u201cStandard Internazionale Stop ai Test su Animali\u201d; garantito da LAV (Lega Anti Vivisezione). Fin dalla sua fondazione nel 1978 L&#8217;Erbolario ha seguito la politica di non ricorrere a test su animali e dal 2006, dopo che le normative europee hanno iniziato a limitare e poi hanno man mano proibito il ricorso ai test su animali per fini cosmetici, ha aderito allo Standard. www.lav.it<\/li>\n<li>\n\t\tDermatologicamente Testato<br \/>\n\t\tQuesto prodotto ha dimostrato di essere ottimamente tollerato dopo una rigorosa sperimentazione clinica finalizzata alla ricerca di eventuali potenzialit\u00e0 di irritazione e di allergogenesi. La valutazione delle ricerche \u00e8 stata effettuata presso il Dipartimento di Medicina interna e Terapia medica dell\u2019Universit\u00e0 degli Studi di Pavia<\/li>\n<li>\n\t\tImballo in Carta FSC\u00ae<br \/>\n\t\tLa confezione esterna cartacea di questo prodotto \u00e8 costituita esclusivamente carta certificata FSC\u00ae, secondo i rigorosi standardambientali e sociali del Forest Stewardship Concil\u00ae a supporto di una corretta e responsabile gestione delle risorse forestali<\/li>\n<li>\n\t\tSenza ingredienti di derivazione animale<\/li>\n<\/ul>\n<hr \/>\n<p>\n\tUna linea profumata che rende omaggio ai sentori del Mediterraneo e che dal mare della Sardegna trae un ingrediente speciale, il Sale marino. Dalle Saline Conti Vecchi, nell\u2019assolata provincia di Cagliari, giunge l\u2019oro bianco che ha ispirato queste formulazioni.<br \/>\n\tUn luogo unico, dove, in un contesto naturalistico, sorge tuttora il sito produttivo che l\u2019illuminato Ingegner Luigi Conti-Vecchi volle impiantare negli anni Venti del Novecento. Oggi, mentre continua incessante l\u2019opera di estrazione del sale, il sito di archeologia industriale \u00e8 affidato al FAI &#8211; Fondo Ambiente Italiano, che ne cura la valorizzazione.<br \/>\n\tLa linea Fior di Salina \u00e8 dunque, nell\u2019intento de L\u2019Erbolario, molto pi\u00f9 di un omaggio profumato al sale e al Mediterraneo: \u00e8 altres\u00ec un progetto che consente di rinnovare il decennale impegno a sostegno del FAI e del patrimonio culturale e paesaggistico italiano.<\/p>\n<p>\n\t<img decoding=\"async\" alt=\"\" src=\"https:\/\/www.erboristerie.com\/image\/data\/LINEAFIORDISALINA-1.jpg\" style=\"width: 447px; height: 300px;\" \/><\/p>\n","protected":false},"excerpt":{"rendered":"<p>FIOR DI SALINA OLEOSCRUB PER IL CORPO 500 GR &#8211; L&#8217;Erbolario al Sale marino delle Saline Conti Vecchi &#8211; Bene valorizzato dal FAI &#8211; Sostanze funzionali caratterizzanti Sale marino delle Saline Conti Vecchi (Sardegna) \u2013 Olio di Mandorle dolci \u2013 Olio di Oliva biologico da&#8230;<\/p>\n","protected":false},"featured_media":75655,"template":"","meta":{"_acf_changed":false},"product_brand":[9603],"product_cat":[49195,45044],"product_tag":[11088,11559,11524,14094,12472,10801,17914,17913],"giftcard-category":[],"class_list":{"0":"post-75654","1":"product","2":"type-product","3":"status-publish","4":"has-post-thumbnail","6":"product_brand-erbolario","7":"product_cat-linee-profumate","8":"product_cat-detergenza","9":"product_tag-500gr","10":"product_tag-bagnoschiuma","11":"product_tag-corpo","12":"product_tag-fior","13":"product_tag-iris","14":"product_tag-linea","15":"product_tag-oleoscrub","16":"product_tag-salina","17":"pa_formato-500-grammi","18":"pa_linea-profumazione-fior-di-salina","19":"pa_marca-lerbolario","20":"pa_tipologia-scrub","22":"first","23":"instock","24":"sale","25":"taxable","26":"shipping-taxable","27":"purchasable","28":"product-type-simple"},"acf":[],"yoast_head":"<!-- This site is optimized with the Yoast SEO plugin v24.9 - https:\/\/yoast.com\/wordpress\/plugins\/seo\/ -->\n<title>Fior di Salina Oleoscrub Corpo 500gr<\/title>\n<meta name=\"description\" content=\"In un angolo di luminosa Sardegna dimorano le saline da cui proviene il protagonista assoluto di questo trattamento fai da te per il corpo, il Sale marino, dalle eccezionali propriet\u00e0 tonificanti e leviganti. I suoi cristalli svolgono una funzione esfoliante che favorisce il microcircolo cutaneo e rimuove gli strati superficiali dell\u2019epidermide, lasciando una sensazione di rinnovamento e di levigatezza.\" \/>\n<meta name=\"robots\" content=\"index, follow, max-snippet:-1, max-image-preview:large, max-video-preview:-1\" \/>\n<link rel=\"canonical\" href=\"https:\/\/www.erboristerie.com\/it\/prodotto\/fior-di-salina-oleoscrub-corpo-500gr\/\" \/>\n<meta property=\"og:locale\" content=\"it_IT\" \/>\n<meta property=\"og:type\" content=\"article\" \/>\n<meta property=\"og:title\" content=\"Fior di Salina Oleoscrub Corpo 500gr\" \/>\n<meta property=\"og:description\" content=\"In un angolo di luminosa Sardegna dimorano le saline da cui proviene il protagonista assoluto di questo trattamento fai da te per il corpo, il Sale marino, dalle eccezionali propriet\u00e0 tonificanti e leviganti. I suoi cristalli svolgono una funzione esfoliante che favorisce il microcircolo cutaneo e rimuove gli strati superficiali dell\u2019epidermide, lasciando una sensazione di rinnovamento e di levigatezza.\" \/>\n<meta property=\"og:url\" content=\"https:\/\/www.erboristerie.com\/it\/prodotto\/fior-di-salina-oleoscrub-corpo-500gr\/\" \/>\n<meta property=\"og:site_name\" content=\"Erboristeria Demetra\" \/>\n<meta property=\"article:publisher\" content=\"https:\/\/www.facebook.com\/erboristeria.demetra.online\" \/>\n<meta property=\"article:modified_time\" content=\"2025-09-10T16:54:56+00:00\" \/>\n<meta property=\"og:image\" content=\"https:\/\/www.erboristerie.com\/wp-content\/uploads\/2019\/01\/products-00002708.jpg\" \/>\n\t<meta property=\"og:image:width\" content=\"914\" \/>\n\t<meta property=\"og:image:height\" content=\"749\" \/>\n\t<meta property=\"og:image:type\" content=\"image\/jpeg\" \/>\n<meta name=\"twitter:card\" content=\"summary_large_image\" \/>\n<meta name=\"twitter:label1\" content=\"Tempo di lettura stimato\" \/>\n\t<meta name=\"twitter:data1\" content=\"3 minuti\" \/>\n<script type=\"application\/ld+json\" class=\"yoast-schema-graph\">{\"@context\":\"https:\/\/schema.org\",\"@graph\":[{\"@type\":\"WebPage\",\"@id\":\"https:\/\/www.erboristerie.com\/it\/prodotto\/fior-di-salina-oleoscrub-corpo-500gr\/\",\"url\":\"https:\/\/www.erboristerie.com\/it\/prodotto\/fior-di-salina-oleoscrub-corpo-500gr\/\",\"name\":\"Fior di Salina Oleoscrub Corpo 500gr\",\"isPartOf\":{\"@id\":\"https:\/\/www.erboristerie.com\/it\/#website\"},\"primaryImageOfPage\":{\"@id\":\"https:\/\/www.erboristerie.com\/it\/prodotto\/fior-di-salina-oleoscrub-corpo-500gr\/#primaryimage\"},\"image\":{\"@id\":\"https:\/\/www.erboristerie.com\/it\/prodotto\/fior-di-salina-oleoscrub-corpo-500gr\/#primaryimage\"},\"thumbnailUrl\":\"https:\/\/www.erboristerie.com\/wp-content\/uploads\/2019\/01\/products-00002708.jpg\",\"datePublished\":\"2018-04-10T18:05:21+00:00\",\"dateModified\":\"2025-09-10T16:54:56+00:00\",\"description\":\"In un angolo di luminosa Sardegna dimorano le saline da cui proviene il protagonista assoluto di questo trattamento fai da te per il corpo, il Sale marino, dalle eccezionali propriet\u00e0 tonificanti e leviganti. I suoi cristalli svolgono una funzione esfoliante che favorisce il microcircolo cutaneo e rimuove gli strati superficiali dell\u2019epidermide, lasciando una sensazione di rinnovamento e di levigatezza.\",\"breadcrumb\":{\"@id\":\"https:\/\/www.erboristerie.com\/it\/prodotto\/fior-di-salina-oleoscrub-corpo-500gr\/#breadcrumb\"},\"inLanguage\":\"it-IT\",\"potentialAction\":[{\"@type\":\"ReadAction\",\"target\":[\"https:\/\/www.erboristerie.com\/it\/prodotto\/fior-di-salina-oleoscrub-corpo-500gr\/\"]}]},{\"@type\":\"ImageObject\",\"inLanguage\":\"it-IT\",\"@id\":\"https:\/\/www.erboristerie.com\/it\/prodotto\/fior-di-salina-oleoscrub-corpo-500gr\/#primaryimage\",\"url\":\"https:\/\/www.erboristerie.com\/wp-content\/uploads\/2019\/01\/products-00002708.jpg\",\"contentUrl\":\"https:\/\/www.erboristerie.com\/wp-content\/uploads\/2019\/01\/products-00002708.jpg\",\"width\":914,\"height\":749,\"caption\":\"Fior di Salina Oleoscrub Corpo 500gr\"},{\"@type\":\"BreadcrumbList\",\"@id\":\"https:\/\/www.erboristerie.com\/it\/prodotto\/fior-di-salina-oleoscrub-corpo-500gr\/#breadcrumb\",\"itemListElement\":[{\"@type\":\"ListItem\",\"position\":1,\"name\":\"Home\",\"item\":\"https:\/\/www.erboristerie.com\/it\/\"},{\"@type\":\"ListItem\",\"position\":2,\"name\":\"Tutti i prodotti\",\"item\":\"https:\/\/www.erboristerie.com\/it\/tutti-i-prodotti\/\"},{\"@type\":\"ListItem\",\"position\":3,\"name\":\"Fior di Salina Oleoscrub Corpo 500gr\"}]},{\"@type\":\"WebSite\",\"@id\":\"https:\/\/www.erboristerie.com\/it\/#website\",\"url\":\"https:\/\/www.erboristerie.com\/it\/\",\"name\":\"Erboristeria Demetra\",\"description\":\"La tua salute al naturale\",\"publisher\":{\"@id\":\"https:\/\/www.erboristerie.com\/it\/#organization\"},\"potentialAction\":[{\"@type\":\"SearchAction\",\"target\":{\"@type\":\"EntryPoint\",\"urlTemplate\":\"https:\/\/www.erboristerie.com\/it\/?s={search_term_string}\"},\"query-input\":{\"@type\":\"PropertyValueSpecification\",\"valueRequired\":true,\"valueName\":\"search_term_string\"}}],\"inLanguage\":\"it-IT\"},{\"@type\":\"Organization\",\"@id\":\"https:\/\/www.erboristerie.com\/it\/#organization\",\"name\":\"Erboristeria Demetra\",\"url\":\"https:\/\/www.erboristerie.com\/it\/\",\"logo\":{\"@type\":\"ImageObject\",\"inLanguage\":\"it-IT\",\"@id\":\"https:\/\/www.erboristerie.com\/it\/#\/schema\/logo\/image\/\",\"url\":\"https:\/\/www.erboristerie.com\/wp-content\/uploads\/2019\/11\/LOGO_ERBORISTERIA_DEMETRA_original.png?v=1611516981\",\"contentUrl\":\"https:\/\/www.erboristerie.com\/wp-content\/uploads\/2019\/11\/LOGO_ERBORISTERIA_DEMETRA_original.png?v=1611516981\",\"width\":201,\"height\":54,\"caption\":\"Erboristeria Demetra\"},\"image\":{\"@id\":\"https:\/\/www.erboristerie.com\/it\/#\/schema\/logo\/image\/\"},\"sameAs\":[\"https:\/\/www.facebook.com\/erboristeria.demetra.online\"]}]}<\/script>\n<!-- \/ Yoast SEO plugin. -->","yoast_head_json":{"title":"Fior di Salina Oleoscrub Corpo 500gr","description":"In un angolo di luminosa Sardegna dimorano le saline da cui proviene il protagonista assoluto di questo trattamento fai da te per il corpo, il Sale marino, dalle eccezionali propriet\u00e0 tonificanti e leviganti. I suoi cristalli svolgono una funzione esfoliante che favorisce il microcircolo cutaneo e rimuove gli strati superficiali dell\u2019epidermide, lasciando una sensazione di rinnovamento e di levigatezza.","robots":{"index":"index","follow":"follow","max-snippet":"max-snippet:-1","max-image-preview":"max-image-preview:large","max-video-preview":"max-video-preview:-1"},"canonical":"https:\/\/www.erboristerie.com\/it\/prodotto\/fior-di-salina-oleoscrub-corpo-500gr\/","og_locale":"it_IT","og_type":"article","og_title":"Fior di Salina Oleoscrub Corpo 500gr","og_description":"In un angolo di luminosa Sardegna dimorano le saline da cui proviene il protagonista assoluto di questo trattamento fai da te per il corpo, il Sale marino, dalle eccezionali propriet\u00e0 tonificanti e leviganti. I suoi cristalli svolgono una funzione esfoliante che favorisce il microcircolo cutaneo e rimuove gli strati superficiali dell\u2019epidermide, lasciando una sensazione di rinnovamento e di levigatezza.","og_url":"https:\/\/www.erboristerie.com\/it\/prodotto\/fior-di-salina-oleoscrub-corpo-500gr\/","og_site_name":"Erboristeria Demetra","article_publisher":"https:\/\/www.facebook.com\/erboristeria.demetra.online","article_modified_time":"2025-09-10T16:54:56+00:00","og_image":[{"width":914,"height":749,"url":"https:\/\/www.erboristerie.com\/wp-content\/uploads\/2019\/01\/products-00002708.jpg","type":"image\/jpeg"}],"twitter_card":"summary_large_image","twitter_misc":{"Tempo di lettura stimato":"3 minuti"},"schema":{"@context":"https:\/\/schema.org","@graph":[{"@type":"WebPage","@id":"https:\/\/www.erboristerie.com\/it\/prodotto\/fior-di-salina-oleoscrub-corpo-500gr\/","url":"https:\/\/www.erboristerie.com\/it\/prodotto\/fior-di-salina-oleoscrub-corpo-500gr\/","name":"Fior di Salina Oleoscrub Corpo 500gr","isPartOf":{"@id":"https:\/\/www.erboristerie.com\/it\/#website"},"primaryImageOfPage":{"@id":"https:\/\/www.erboristerie.com\/it\/prodotto\/fior-di-salina-oleoscrub-corpo-500gr\/#primaryimage"},"image":{"@id":"https:\/\/www.erboristerie.com\/it\/prodotto\/fior-di-salina-oleoscrub-corpo-500gr\/#primaryimage"},"thumbnailUrl":"https:\/\/www.erboristerie.com\/wp-content\/uploads\/2019\/01\/products-00002708.jpg","datePublished":"2018-04-10T18:05:21+00:00","dateModified":"2025-09-10T16:54:56+00:00","description":"In un angolo di luminosa Sardegna dimorano le saline da cui proviene il protagonista assoluto di questo trattamento fai da te per il corpo, il Sale marino, dalle eccezionali propriet\u00e0 tonificanti e leviganti. I suoi cristalli svolgono una funzione esfoliante che favorisce il microcircolo cutaneo e rimuove gli strati superficiali dell\u2019epidermide, lasciando una sensazione di rinnovamento e di levigatezza.","breadcrumb":{"@id":"https:\/\/www.erboristerie.com\/it\/prodotto\/fior-di-salina-oleoscrub-corpo-500gr\/#breadcrumb"},"inLanguage":"it-IT","potentialAction":[{"@type":"ReadAction","target":["https:\/\/www.erboristerie.com\/it\/prodotto\/fior-di-salina-oleoscrub-corpo-500gr\/"]}]},{"@type":"ImageObject","inLanguage":"it-IT","@id":"https:\/\/www.erboristerie.com\/it\/prodotto\/fior-di-salina-oleoscrub-corpo-500gr\/#primaryimage","url":"https:\/\/www.erboristerie.com\/wp-content\/uploads\/2019\/01\/products-00002708.jpg","contentUrl":"https:\/\/www.erboristerie.com\/wp-content\/uploads\/2019\/01\/products-00002708.jpg","width":914,"height":749,"caption":"Fior di Salina Oleoscrub Corpo 500gr"},{"@type":"BreadcrumbList","@id":"https:\/\/www.erboristerie.com\/it\/prodotto\/fior-di-salina-oleoscrub-corpo-500gr\/#breadcrumb","itemListElement":[{"@type":"ListItem","position":1,"name":"Home","item":"https:\/\/www.erboristerie.com\/it\/"},{"@type":"ListItem","position":2,"name":"Tutti i prodotti","item":"https:\/\/www.erboristerie.com\/it\/tutti-i-prodotti\/"},{"@type":"ListItem","position":3,"name":"Fior di Salina Oleoscrub Corpo 500gr"}]},{"@type":"WebSite","@id":"https:\/\/www.erboristerie.com\/it\/#website","url":"https:\/\/www.erboristerie.com\/it\/","name":"Erboristeria Demetra","description":"La tua salute al naturale","publisher":{"@id":"https:\/\/www.erboristerie.com\/it\/#organization"},"potentialAction":[{"@type":"SearchAction","target":{"@type":"EntryPoint","urlTemplate":"https:\/\/www.erboristerie.com\/it\/?s={search_term_string}"},"query-input":{"@type":"PropertyValueSpecification","valueRequired":true,"valueName":"search_term_string"}}],"inLanguage":"it-IT"},{"@type":"Organization","@id":"https:\/\/www.erboristerie.com\/it\/#organization","name":"Erboristeria Demetra","url":"https:\/\/www.erboristerie.com\/it\/","logo":{"@type":"ImageObject","inLanguage":"it-IT","@id":"https:\/\/www.erboristerie.com\/it\/#\/schema\/logo\/image\/","url":"https:\/\/www.erboristerie.com\/wp-content\/uploads\/2019\/11\/LOGO_ERBORISTERIA_DEMETRA_original.png?v=1611516981","contentUrl":"https:\/\/www.erboristerie.com\/wp-content\/uploads\/2019\/11\/LOGO_ERBORISTERIA_DEMETRA_original.png?v=1611516981","width":201,"height":54,"caption":"Erboristeria Demetra"},"image":{"@id":"https:\/\/www.erboristerie.com\/it\/#\/schema\/logo\/image\/"},"sameAs":["https:\/\/www.facebook.com\/erboristeria.demetra.online"]}]}},"_links":{"self":[{"href":"https:\/\/www.erboristerie.com\/it\/wp-json\/wp\/v2\/product\/75654","targetHints":{"allow":["GET"]}}],"collection":[{"href":"https:\/\/www.erboristerie.com\/it\/wp-json\/wp\/v2\/product"}],"about":[{"href":"https:\/\/www.erboristerie.com\/it\/wp-json\/wp\/v2\/types\/product"}],"wp:featuredmedia":[{"embeddable":true,"href":"https:\/\/www.erboristerie.com\/it\/wp-json\/wp\/v2\/media\/75655"}],"wp:attachment":[{"href":"https:\/\/www.erboristerie.com\/it\/wp-json\/wp\/v2\/media?parent=75654"}],"wp:term":[{"taxonomy":"product_brand","embeddable":true,"href":"https:\/\/www.erboristerie.com\/it\/wp-json\/wp\/v2\/product_brand?post=75654"},{"taxonomy":"product_cat","embeddable":true,"href":"https:\/\/www.erboristerie.com\/it\/wp-json\/wp\/v2\/product_cat?post=75654"},{"taxonomy":"product_tag","embeddable":true,"href":"https:\/\/www.erboristerie.com\/it\/wp-json\/wp\/v2\/product_tag?post=75654"},{"taxonomy":"giftcard-category","embeddable":true,"href":"https:\/\/www.erboristerie.com\/it\/wp-json\/wp\/v2\/giftcard-category?post=75654"}],"curies":[{"name":"wp","href":"https:\/\/api.w.org\/{rel}","templated":true}]}}