{"id":74926,"date":"2017-11-06T18:13:36","date_gmt":"2017-11-06T17:13:36","guid":{"rendered":"http:\/\/www.erboristerie.com\/?post_type=product&#038;p=74926"},"modified":"2026-03-03T10:20:17","modified_gmt":"2026-03-03T09:20:17","slug":"artiglio-del-diavolo-crema-gel-con-boswellia-zenzero-curcuma-e-peperoncino","status":"publish","type":"product","link":"https:\/\/www.erboristerie.com\/it\/prodotto\/artiglio-del-diavolo-crema-gel-con-boswellia-zenzero-curcuma-e-peperoncino\/","title":{"rendered":"Artiglio del Diavolo Crema Gel con Boswellia, Zenzero, Curcuma e Peperoncino"},"content":{"rendered":"<div>\n<div>\n<p><strong>Artiglio del Diavolo Crema Gel 75ml &#8211; Erbamea<\/strong><\/p>\n<p>Crema per il corpo con estratti di <strong>Artiglio del Diavolo, Boswellia, Zenzero, Curcuma e Peperoncino<\/strong><\/p>\n<\/div>\n<div>\n<p>Questa Crema Gel \u00e8 l&#8217;alleata ideale per le persone dinamiche e sempre in movimento.<\/p>\n<p>Grazie agli estratti di <strong>Artiglio del Diavolo, Boswellia (Incenso), Zenzero, Curcuma e Peperoncino<\/strong> e a ben 18 oli essenziali, tra cui quelli di <strong>Eucalipto, Pino silvestre e Cajeput<\/strong>, si rivela utile in particolare per il trattamento cutaneo delle zone articolari, alle quali dona elasticit\u00e0 e benessere.<\/p>\n<p>Perfetta anche per massaggi distensivi dopo l&#8217;attivit\u00e0 sportiva.<\/p>\n<p><strong>Contiene<\/strong><\/p>\n<p>Estratti idrosolubili di Artiglio del Diavolo (5%) e Boswellia (Incenso &#8211; 5%), Estratto liposolubile di Peperoncino (8%), Estratti in CO2 supercritica di Zenzero (0,3%) e Curcuma (0,15%), Oli essenziali di: Rosmarino, Artemisia, Assenzio, Cannella, Eucalipto, Elicriso, Lavandino, Legno di Cedro, Cajeput, Menta crispa, Menta campestre, Pino silvestre, Patchouly, Salvia officinale, Salvia sclarea, Legno di Cedro bianco, Timo e Vetiver.<\/p>\n<p><strong>Modo d&#8217;uso<br \/>\n<\/strong><\/p>\n<\/div>\n<div>\n<p>Applicare 2-3 volte al giorno, su zone circoscritte, massaggiando a lungo, fino a completo assorbimento.<\/p>\n<p>Prodotto cosmetico per uso esterno.<\/p>\n<p>Tenere lontano dalla portata dei bambini.<\/p>\n<p>Non usare su cute lesa o irritata ed evitare il contatto con gli occhi.<\/p>\n<p><strong>INCI Ingredients<\/strong><\/p>\n<p>Aqua (Water), Glycerin, Helianthus annuus (Sunflower) Seed Oil, Triisostearin, Glyceryl Stearate Citrate, Tripelargonin, Hydrogenated Vegetable Glycerides, Harpagophytum procumbens Root Extract, Boswellia carterii Resin Extract, Zingiber officinale (Ginger) Root Extract, Curcuma longa (Turmeric) Rhizome Extract, Capsicum annuum Fruit Extract, Theobroma cacao (Cocoa) Seed Butter, Tocopherol, Menthyl Nicotinate, Chondrus crispus, Xanthan Gum, Cetyl Esters, Brassica campestris (Rapeseed) Seed Oil, Rosmarinus officinalis (Rosemary) Leaf Extract, Artemisia absinthium Oil, Artemisia vulgaris Oil, Cinnamomum zeylanicum Bark Oil, Eucalyptus globulus Leaf Extract, Helichrysum italicum Flower Oil, Lavandula hibrida Herb Extract, Juniperus virginiana Oil, Melaleuca leucadendron Cajaput Oil, Mentha arvensis Leaf Oil, Mentha spicata Leaf Extract, Pinus sylvestris Leaf Extract, Pogostemon cablin Extract, Salvia officinalis (Sage) Extract, Salvia sclarea (Clary) Oil, Thuya occidentalis Bark Extract, Thymus vulgaris (Thyme) Oil, Vetiveria zizanoides Root Extract, Triethyl citrate, Citral, Geraniol, Limonene, Linalool Citric acid, Sodium Phytate, Benzyl Alcohol, Potassium sorbate, Sodium Benzoate.Phytate, Benzyl Alcohol, Potassium sorbate, Sodium Benzoate.<\/p>\n<p><strong>Cosa sapere in pi\u00f9<br \/>\n<\/strong><\/p>\n<p>100% Made in Italy<\/p>\n<p>7 Metalli testati<br \/>\nMonitoraggio del contenuto di almeno sette metalli per minimizzare i rischi di allergia: *(Nichel, Piombo, Arsenico, Cadmio, Mercurio, Antimonio e Cromo) e salvaguardare cos\u00ec anche le pelli pi\u00f9 sensibili. Ogni lotto di produzione \u00e8 rigorosamente controllato per garantire un contenuto di ogni singolo metallo inferiore a 0.00005% (limite di rilevabilit\u00e0 strumentale).<\/p>\n<p>Dermatologicamente Testato<\/p>\n<p>Senza ingredienti di derivazione animale<\/p>\n<p>12 MPaO (Period after Opening &#8211; periodo dopo l\u2019apertura)<\/p>\n<\/div>\n<\/div>\n","protected":false},"excerpt":{"rendered":"<p>Artiglio del Diavolo Crema Gel 75ml &#8211; Erbamea Crema per il corpo con estratti di Artiglio del Diavolo, Boswellia, Zenzero, Curcuma e Peperoncino Questa Crema Gel \u00e8 l&#8217;alleata ideale per le persone dinamiche e sempre in movimento. Grazie agli estratti di Artiglio del Diavolo, Boswellia&#8230;<\/p>\n","protected":false},"featured_media":126939,"template":"","meta":{"_acf_changed":false},"product_brand":[9617],"product_cat":[9827],"product_tag":[10688,10660,18241,10689,10687,18735,10661,12420,11232],"giftcard-category":[],"class_list":{"0":"post-74926","1":"product","2":"type-product","3":"status-publish","4":"has-post-thumbnail","6":"product_brand-erbamea","7":"product_cat-articolazioni","8":"product_tag-artiglio","9":"product_tag-complex","10":"product_tag-crema-2","11":"product_tag-del","12":"product_tag-diavolo","13":"product_tag-gel-2","14":"product_tag-glucosamina","15":"product_tag-joint","16":"product_tag-massaggio-4","17":"pa_formato-75-ml","18":"pa_tipologia-crema","19":"pa_tipologia-gel","21":"first","22":"instock","23":"sale","24":"taxable","25":"shipping-taxable","26":"purchasable","27":"product-type-simple"},"acf":[],"yoast_head":"<!-- This site is optimized with the Yoast SEO plugin v24.9 - https:\/\/yoast.com\/wordpress\/plugins\/seo\/ -->\n<title>Artiglio del Diavolo Crema Gel con Boswellia, Zenzero, Curcuma e Peperoncino - Erboristeria Demetra<\/title>\n<meta name=\"description\" content=\"Questa Crema Gel \u00e8 l&#039;alleata ideale per le persone dinamiche e sempre in movimento. Perfetta anche per massaggi distensivi dopo l&#039;attivit\u00e0 sportiva.\u00a0\" \/>\n<meta name=\"robots\" content=\"index, follow, max-snippet:-1, max-image-preview:large, max-video-preview:-1\" \/>\n<link rel=\"canonical\" href=\"https:\/\/www.erboristerie.com\/it\/prodotto\/artiglio-del-diavolo-crema-gel-con-boswellia-zenzero-curcuma-e-peperoncino\/\" \/>\n<meta property=\"og:locale\" content=\"it_IT\" \/>\n<meta property=\"og:type\" content=\"article\" \/>\n<meta property=\"og:title\" content=\"Artiglio del Diavolo Crema Gel con Boswellia, Zenzero, Curcuma e Peperoncino - Erboristeria Demetra\" \/>\n<meta property=\"og:description\" content=\"Questa Crema Gel \u00e8 l&#039;alleata ideale per le persone dinamiche e sempre in movimento. Perfetta anche per massaggi distensivi dopo l&#039;attivit\u00e0 sportiva.\u00a0\" \/>\n<meta property=\"og:url\" content=\"https:\/\/www.erboristerie.com\/it\/prodotto\/artiglio-del-diavolo-crema-gel-con-boswellia-zenzero-curcuma-e-peperoncino\/\" \/>\n<meta property=\"og:site_name\" content=\"Erboristeria Demetra\" \/>\n<meta property=\"article:publisher\" content=\"https:\/\/www.facebook.com\/erboristeria.demetra.online\" \/>\n<meta property=\"article:modified_time\" content=\"2026-03-03T09:20:17+00:00\" \/>\n<meta property=\"og:image\" content=\"https:\/\/www.erboristerie.com\/wp-content\/uploads\/2017\/11\/00008239-crema-gel-artiglio-del-diavolo-erbamea-erboristerie-com.jpg\" \/>\n\t<meta property=\"og:image:width\" content=\"1000\" \/>\n\t<meta property=\"og:image:height\" content=\"1000\" \/>\n\t<meta property=\"og:image:type\" content=\"image\/jpeg\" \/>\n<meta name=\"twitter:card\" content=\"summary_large_image\" \/>\n<meta name=\"twitter:label1\" content=\"Tempo di lettura stimato\" \/>\n\t<meta name=\"twitter:data1\" content=\"3 minuti\" \/>\n<script type=\"application\/ld+json\" class=\"yoast-schema-graph\">{\"@context\":\"https:\/\/schema.org\",\"@graph\":[{\"@type\":\"WebPage\",\"@id\":\"https:\/\/www.erboristerie.com\/it\/prodotto\/artiglio-del-diavolo-crema-gel-con-boswellia-zenzero-curcuma-e-peperoncino\/\",\"url\":\"https:\/\/www.erboristerie.com\/it\/prodotto\/artiglio-del-diavolo-crema-gel-con-boswellia-zenzero-curcuma-e-peperoncino\/\",\"name\":\"Artiglio del Diavolo Crema Gel con Boswellia, Zenzero, Curcuma e Peperoncino - Erboristeria Demetra\",\"isPartOf\":{\"@id\":\"https:\/\/www.erboristerie.com\/it\/#website\"},\"primaryImageOfPage\":{\"@id\":\"https:\/\/www.erboristerie.com\/it\/prodotto\/artiglio-del-diavolo-crema-gel-con-boswellia-zenzero-curcuma-e-peperoncino\/#primaryimage\"},\"image\":{\"@id\":\"https:\/\/www.erboristerie.com\/it\/prodotto\/artiglio-del-diavolo-crema-gel-con-boswellia-zenzero-curcuma-e-peperoncino\/#primaryimage\"},\"thumbnailUrl\":\"https:\/\/www.erboristerie.com\/wp-content\/uploads\/2017\/11\/00008239-crema-gel-artiglio-del-diavolo-erbamea-erboristerie-com.jpg\",\"datePublished\":\"2017-11-06T17:13:36+00:00\",\"dateModified\":\"2026-03-03T09:20:17+00:00\",\"description\":\"Questa Crema Gel \u00e8 l'alleata ideale per le persone dinamiche e sempre in movimento. Perfetta anche per massaggi distensivi dopo l'attivit\u00e0 sportiva.\u00a0\",\"breadcrumb\":{\"@id\":\"https:\/\/www.erboristerie.com\/it\/prodotto\/artiglio-del-diavolo-crema-gel-con-boswellia-zenzero-curcuma-e-peperoncino\/#breadcrumb\"},\"inLanguage\":\"it-IT\",\"potentialAction\":[{\"@type\":\"ReadAction\",\"target\":[\"https:\/\/www.erboristerie.com\/it\/prodotto\/artiglio-del-diavolo-crema-gel-con-boswellia-zenzero-curcuma-e-peperoncino\/\"]}]},{\"@type\":\"ImageObject\",\"inLanguage\":\"it-IT\",\"@id\":\"https:\/\/www.erboristerie.com\/it\/prodotto\/artiglio-del-diavolo-crema-gel-con-boswellia-zenzero-curcuma-e-peperoncino\/#primaryimage\",\"url\":\"https:\/\/www.erboristerie.com\/wp-content\/uploads\/2017\/11\/00008239-crema-gel-artiglio-del-diavolo-erbamea-erboristerie-com.jpg\",\"contentUrl\":\"https:\/\/www.erboristerie.com\/wp-content\/uploads\/2017\/11\/00008239-crema-gel-artiglio-del-diavolo-erbamea-erboristerie-com.jpg\",\"width\":1000,\"height\":1000},{\"@type\":\"BreadcrumbList\",\"@id\":\"https:\/\/www.erboristerie.com\/it\/prodotto\/artiglio-del-diavolo-crema-gel-con-boswellia-zenzero-curcuma-e-peperoncino\/#breadcrumb\",\"itemListElement\":[{\"@type\":\"ListItem\",\"position\":1,\"name\":\"Home\",\"item\":\"https:\/\/www.erboristerie.com\/it\/\"},{\"@type\":\"ListItem\",\"position\":2,\"name\":\"Tutti i prodotti\",\"item\":\"https:\/\/www.erboristerie.com\/it\/tutti-i-prodotti\/\"},{\"@type\":\"ListItem\",\"position\":3,\"name\":\"Artiglio del Diavolo Crema Gel con Boswellia, Zenzero, Curcuma e Peperoncino\"}]},{\"@type\":\"WebSite\",\"@id\":\"https:\/\/www.erboristerie.com\/it\/#website\",\"url\":\"https:\/\/www.erboristerie.com\/it\/\",\"name\":\"Erboristeria Demetra\",\"description\":\"La tua salute al naturale\",\"publisher\":{\"@id\":\"https:\/\/www.erboristerie.com\/it\/#organization\"},\"potentialAction\":[{\"@type\":\"SearchAction\",\"target\":{\"@type\":\"EntryPoint\",\"urlTemplate\":\"https:\/\/www.erboristerie.com\/it\/?s={search_term_string}\"},\"query-input\":{\"@type\":\"PropertyValueSpecification\",\"valueRequired\":true,\"valueName\":\"search_term_string\"}}],\"inLanguage\":\"it-IT\"},{\"@type\":\"Organization\",\"@id\":\"https:\/\/www.erboristerie.com\/it\/#organization\",\"name\":\"Erboristeria Demetra\",\"url\":\"https:\/\/www.erboristerie.com\/it\/\",\"logo\":{\"@type\":\"ImageObject\",\"inLanguage\":\"it-IT\",\"@id\":\"https:\/\/www.erboristerie.com\/it\/#\/schema\/logo\/image\/\",\"url\":\"https:\/\/www.erboristerie.com\/wp-content\/uploads\/2019\/11\/LOGO_ERBORISTERIA_DEMETRA_original.png?v=1611516981\",\"contentUrl\":\"https:\/\/www.erboristerie.com\/wp-content\/uploads\/2019\/11\/LOGO_ERBORISTERIA_DEMETRA_original.png?v=1611516981\",\"width\":201,\"height\":54,\"caption\":\"Erboristeria Demetra\"},\"image\":{\"@id\":\"https:\/\/www.erboristerie.com\/it\/#\/schema\/logo\/image\/\"},\"sameAs\":[\"https:\/\/www.facebook.com\/erboristeria.demetra.online\"]}]}<\/script>\n<!-- \/ Yoast SEO plugin. -->","yoast_head_json":{"title":"Artiglio del Diavolo Crema Gel con Boswellia, Zenzero, Curcuma e Peperoncino - Erboristeria Demetra","description":"Questa Crema Gel \u00e8 l'alleata ideale per le persone dinamiche e sempre in movimento. Perfetta anche per massaggi distensivi dopo l'attivit\u00e0 sportiva.\u00a0","robots":{"index":"index","follow":"follow","max-snippet":"max-snippet:-1","max-image-preview":"max-image-preview:large","max-video-preview":"max-video-preview:-1"},"canonical":"https:\/\/www.erboristerie.com\/it\/prodotto\/artiglio-del-diavolo-crema-gel-con-boswellia-zenzero-curcuma-e-peperoncino\/","og_locale":"it_IT","og_type":"article","og_title":"Artiglio del Diavolo Crema Gel con Boswellia, Zenzero, Curcuma e Peperoncino - Erboristeria Demetra","og_description":"Questa Crema Gel \u00e8 l'alleata ideale per le persone dinamiche e sempre in movimento. Perfetta anche per massaggi distensivi dopo l'attivit\u00e0 sportiva.\u00a0","og_url":"https:\/\/www.erboristerie.com\/it\/prodotto\/artiglio-del-diavolo-crema-gel-con-boswellia-zenzero-curcuma-e-peperoncino\/","og_site_name":"Erboristeria Demetra","article_publisher":"https:\/\/www.facebook.com\/erboristeria.demetra.online","article_modified_time":"2026-03-03T09:20:17+00:00","og_image":[{"width":1000,"height":1000,"url":"https:\/\/www.erboristerie.com\/wp-content\/uploads\/2017\/11\/00008239-crema-gel-artiglio-del-diavolo-erbamea-erboristerie-com.jpg","type":"image\/jpeg"}],"twitter_card":"summary_large_image","twitter_misc":{"Tempo di lettura stimato":"3 minuti"},"schema":{"@context":"https:\/\/schema.org","@graph":[{"@type":"WebPage","@id":"https:\/\/www.erboristerie.com\/it\/prodotto\/artiglio-del-diavolo-crema-gel-con-boswellia-zenzero-curcuma-e-peperoncino\/","url":"https:\/\/www.erboristerie.com\/it\/prodotto\/artiglio-del-diavolo-crema-gel-con-boswellia-zenzero-curcuma-e-peperoncino\/","name":"Artiglio del Diavolo Crema Gel con Boswellia, Zenzero, Curcuma e Peperoncino - Erboristeria Demetra","isPartOf":{"@id":"https:\/\/www.erboristerie.com\/it\/#website"},"primaryImageOfPage":{"@id":"https:\/\/www.erboristerie.com\/it\/prodotto\/artiglio-del-diavolo-crema-gel-con-boswellia-zenzero-curcuma-e-peperoncino\/#primaryimage"},"image":{"@id":"https:\/\/www.erboristerie.com\/it\/prodotto\/artiglio-del-diavolo-crema-gel-con-boswellia-zenzero-curcuma-e-peperoncino\/#primaryimage"},"thumbnailUrl":"https:\/\/www.erboristerie.com\/wp-content\/uploads\/2017\/11\/00008239-crema-gel-artiglio-del-diavolo-erbamea-erboristerie-com.jpg","datePublished":"2017-11-06T17:13:36+00:00","dateModified":"2026-03-03T09:20:17+00:00","description":"Questa Crema Gel \u00e8 l'alleata ideale per le persone dinamiche e sempre in movimento. Perfetta anche per massaggi distensivi dopo l'attivit\u00e0 sportiva.\u00a0","breadcrumb":{"@id":"https:\/\/www.erboristerie.com\/it\/prodotto\/artiglio-del-diavolo-crema-gel-con-boswellia-zenzero-curcuma-e-peperoncino\/#breadcrumb"},"inLanguage":"it-IT","potentialAction":[{"@type":"ReadAction","target":["https:\/\/www.erboristerie.com\/it\/prodotto\/artiglio-del-diavolo-crema-gel-con-boswellia-zenzero-curcuma-e-peperoncino\/"]}]},{"@type":"ImageObject","inLanguage":"it-IT","@id":"https:\/\/www.erboristerie.com\/it\/prodotto\/artiglio-del-diavolo-crema-gel-con-boswellia-zenzero-curcuma-e-peperoncino\/#primaryimage","url":"https:\/\/www.erboristerie.com\/wp-content\/uploads\/2017\/11\/00008239-crema-gel-artiglio-del-diavolo-erbamea-erboristerie-com.jpg","contentUrl":"https:\/\/www.erboristerie.com\/wp-content\/uploads\/2017\/11\/00008239-crema-gel-artiglio-del-diavolo-erbamea-erboristerie-com.jpg","width":1000,"height":1000},{"@type":"BreadcrumbList","@id":"https:\/\/www.erboristerie.com\/it\/prodotto\/artiglio-del-diavolo-crema-gel-con-boswellia-zenzero-curcuma-e-peperoncino\/#breadcrumb","itemListElement":[{"@type":"ListItem","position":1,"name":"Home","item":"https:\/\/www.erboristerie.com\/it\/"},{"@type":"ListItem","position":2,"name":"Tutti i prodotti","item":"https:\/\/www.erboristerie.com\/it\/tutti-i-prodotti\/"},{"@type":"ListItem","position":3,"name":"Artiglio del Diavolo Crema Gel con Boswellia, Zenzero, Curcuma e Peperoncino"}]},{"@type":"WebSite","@id":"https:\/\/www.erboristerie.com\/it\/#website","url":"https:\/\/www.erboristerie.com\/it\/","name":"Erboristeria Demetra","description":"La tua salute al naturale","publisher":{"@id":"https:\/\/www.erboristerie.com\/it\/#organization"},"potentialAction":[{"@type":"SearchAction","target":{"@type":"EntryPoint","urlTemplate":"https:\/\/www.erboristerie.com\/it\/?s={search_term_string}"},"query-input":{"@type":"PropertyValueSpecification","valueRequired":true,"valueName":"search_term_string"}}],"inLanguage":"it-IT"},{"@type":"Organization","@id":"https:\/\/www.erboristerie.com\/it\/#organization","name":"Erboristeria Demetra","url":"https:\/\/www.erboristerie.com\/it\/","logo":{"@type":"ImageObject","inLanguage":"it-IT","@id":"https:\/\/www.erboristerie.com\/it\/#\/schema\/logo\/image\/","url":"https:\/\/www.erboristerie.com\/wp-content\/uploads\/2019\/11\/LOGO_ERBORISTERIA_DEMETRA_original.png?v=1611516981","contentUrl":"https:\/\/www.erboristerie.com\/wp-content\/uploads\/2019\/11\/LOGO_ERBORISTERIA_DEMETRA_original.png?v=1611516981","width":201,"height":54,"caption":"Erboristeria Demetra"},"image":{"@id":"https:\/\/www.erboristerie.com\/it\/#\/schema\/logo\/image\/"},"sameAs":["https:\/\/www.facebook.com\/erboristeria.demetra.online"]}]}},"_links":{"self":[{"href":"https:\/\/www.erboristerie.com\/it\/wp-json\/wp\/v2\/product\/74926","targetHints":{"allow":["GET"]}}],"collection":[{"href":"https:\/\/www.erboristerie.com\/it\/wp-json\/wp\/v2\/product"}],"about":[{"href":"https:\/\/www.erboristerie.com\/it\/wp-json\/wp\/v2\/types\/product"}],"wp:featuredmedia":[{"embeddable":true,"href":"https:\/\/www.erboristerie.com\/it\/wp-json\/wp\/v2\/media\/126939"}],"wp:attachment":[{"href":"https:\/\/www.erboristerie.com\/it\/wp-json\/wp\/v2\/media?parent=74926"}],"wp:term":[{"taxonomy":"product_brand","embeddable":true,"href":"https:\/\/www.erboristerie.com\/it\/wp-json\/wp\/v2\/product_brand?post=74926"},{"taxonomy":"product_cat","embeddable":true,"href":"https:\/\/www.erboristerie.com\/it\/wp-json\/wp\/v2\/product_cat?post=74926"},{"taxonomy":"product_tag","embeddable":true,"href":"https:\/\/www.erboristerie.com\/it\/wp-json\/wp\/v2\/product_tag?post=74926"},{"taxonomy":"giftcard-category","embeddable":true,"href":"https:\/\/www.erboristerie.com\/it\/wp-json\/wp\/v2\/giftcard-category?post=74926"}],"curies":[{"name":"wp","href":"https:\/\/api.w.org\/{rel}","templated":true}]}}