{"id":74710,"date":"2017-10-03T11:58:59","date_gmt":"2017-10-03T09:58:59","guid":{"rendered":"http:\/\/www.erboristerie.com\/?post_type=product&#038;p=74710"},"modified":"2025-09-10T18:54:35","modified_gmt":"2025-09-10T16:54:35","slug":"collezione-creme-mani-uno-3-creme-mani","status":"publish","type":"product","link":"https:\/\/www.erboristerie.com\/it\/prodotto\/collezione-creme-mani-uno-3-creme-mani\/","title":{"rendered":"Collezione Creme Mani UNO &#8211; 3 creme mani"},"content":{"rendered":"<p><strong>COLLEZIONE CREME MANI UNO <em>&#8211; de L&#8217;Erbolario<\/em><\/strong><br \/>\nUna preziosa collezione di Creme per le mani sempre morbide, vellutate e profumatissime!<br \/>\nLa confezione contiene:<\/p>\n<ul>\n<li><strong>Crema Mani Antiet\u00e0 all\u2019Olio di Argan Con estratto di foglie di Argan \u2013 formato 30 ml<\/strong><\/li>\n<li><strong>Crema per le Mani &amp; le Unghie Con Olio di Oliva e Vitamina \u2013 E formato 30 ml<\/strong><\/li>\n<li><strong>Crema per le Mani con Limone \u2013 formato 30 ml<\/strong><\/li>\n<\/ul>\n<p><strong>CARATTERISTICHE DELLE CREME NELLA COLLEZIONE UNO<\/strong><\/p>\n<ul>\n<li><strong>LINEA ARGAN CREMA MANI ANTIETA<em>&#8216; <\/em>Con estratto di foglie di Argan\u00a0pi\u00f9 nutrimento pi\u00f9 protezione. <\/strong>Seduttive e belle, le mani costantemente vedono minacciata la loro integrit\u00e0 cutanea e la loro freschezza. Come un film protettivo ad ogni applicazione si andr\u00e0 allora a stendere su di esse questa crema ricchissima e dallo spiccato potere restitutivo. Dimenticata la sensazione fastidiosissima della secchezza, l\u2019epidermide di questa fondamentale zona del corpo incredibilmente apprezzer\u00e0 il contributo dinamizzante, nutriente e protettivo dell\u2019Olio di Argan e dell\u2019Estratto di foglie di Argan e arriver\u00e0 finalmente a non pi\u00f9 temere l\u2019aggressione frequente di vento, acqua e detersivi. Inoltre, essa trarr\u00e0 profitto dall\u2019azione combinata dell\u2019olio di crusca di Riso, schermante, e del burro di Karit\u00e8, emolliente, ingredienti ai quali si affiancano la vitamina E e l\u2019alfabisabololo, chiamati ad assicurare il loro pregevole contributo addolcente e antiet\u00e0. <strong>Sostanze funzionali caratterizzanti <\/strong>Olio di Argan, Estratto di foglie di Argan, Burro di Karit\u00e8, Complesso poliglicerico di Acidi grassi Essenziali, Provitamina B5, Esteri della Cera di Jojoba, Gamma Orizanolo, Alfa Bisabololo, Vitamina E dai semi di Soja. <strong>Uso <\/strong>Ogni volta che la pelle desideri vivere una sensazione di rinnovata dolcezza e freschezza, applicate un poco di prodotto e massaggiate con delicatezza.<\/li>\n<li><strong>CREMA MANI E UNGHIE <\/strong>All&#8217;Olio di Oliva &amp; alla Vitamina E. Un trattamento mani-unghie a tripla azione specifica: idratante, emolliente, nutriente. Oltre a prevenire le aggressioni degli agenti esterni, aiutando a combattere screpolature e arrossamenti, protegge le unghie e le fa tornare lisce e compatte, grazie all\u2019apporto vitaminico presente nella sua ricca formulazione. Tra i suoi ingredienti spiccano, per efficacia ed importanza, l\u2019Olio di Oliva, il Burro di Karit\u00e9, la Vitamina E e la Vitamina B5. <strong>Sostanze funzionali caratterizzanti <\/strong>NUOVA FORMULA! Burro di Olivo, Esteri della Cera di Jojoba. Pantenolo, Acido glicirretico, Olio di Oliva, Burro di Karit\u00e8, Vitamina E Acetato, Alfa bisabololo, Gamma Orizanolo. <strong>Uso <\/strong>Applicare la crema con un lieve massaggio, pi\u00f9 volte al giorno: grazie alla sua azione vitaminica, unghie e mani saranno lisce e vellutate, perfettamente protette dalle minacce esterne.<\/li>\n<li><strong>CREMA MANI LIMONE <\/strong>Un trattamento di bellezza completo per le mani pi\u00f9 esigenti. Immediatamente assimilabile, questa crema crea un film invisibile, che protegge l\u2019epidermide da aggressioni esterne quali freddo, vento, acqua, detersivi. Tra le sue componenti annovera la glicerina vegetale, che, con la sua azione addolcente, idrata la pelle rendendo le mani pi\u00f9 giovani e lisce. Il Limone, poi, aiuta a schiarire la pelle e a contrastare le fastidiose macchie brune.<strong>Sostanze funzionali Caratterizzanti <\/strong>Estratto di Limone, Glicerina Vegetale <strong>Uso <\/strong>Una piccola quantit\u00e0 di crema, pi\u00f9 volte al giorno, \u00e8 sufficiente per garantire una perfetta idratazione e protezione. Utilizzarla sempre prima dei lavori domestici e dopo essersi lavati le mani, con un lieve massaggio che insista sulle zone pi\u00f9 aride, come ad esempio le nocche.<\/li>\n<\/ul>\n","protected":false},"excerpt":{"rendered":"<p>COLLEZIONE CREME MANI UNO &#8211; de L&#8217;Erbolario Una preziosa collezione di Creme per le mani sempre morbide, vellutate e profumatissime! La confezione contiene: Crema Mani Antiet\u00e0 all\u2019Olio di Argan Con estratto di foglie di Argan \u2013 formato 30 ml Crema per le Mani &amp; le&#8230;<\/p>\n","protected":false},"featured_media":74711,"template":"","meta":{"_acf_changed":false},"product_brand":[9603],"product_cat":[49195,9907],"product_tag":[17301,10650,17823,11042,11529,17824],"giftcard-category":[],"class_list":{"0":"post-74710","1":"product","2":"type-product","3":"status-publish","4":"has-post-thumbnail","6":"product_brand-erbolario","7":"product_cat-linee-profumate","8":"product_cat-mani-unghie","9":"product_tag-collezione","10":"product_tag-crema","11":"product_tag-creme","12":"product_tag-mani","13":"product_tag-unghie","14":"product_tag-uno","15":"pa_formato-90-ml","16":"pa_linea-profumazione-mani","17":"pa_marca-lerbolario","18":"pa_tipologia-kit-o-conf-regalo","20":"first","21":"instock","22":"sale","23":"taxable","24":"shipping-taxable","25":"purchasable","26":"product-type-simple"},"acf":[],"yoast_head":"<!-- This site is optimized with the Yoast SEO plugin v24.9 - https:\/\/yoast.com\/wordpress\/plugins\/seo\/ -->\n<title>Collezione Creme Mani UNO - 3 creme mani - Erboristeria Demetra<\/title>\n<meta name=\"description\" content=\"Una preziosa collezione di Creme per le mani sempre morbide, vellutate e profumatissime!\" \/>\n<meta name=\"robots\" content=\"index, follow, max-snippet:-1, max-image-preview:large, max-video-preview:-1\" \/>\n<link rel=\"canonical\" href=\"https:\/\/www.erboristerie.com\/it\/prodotto\/collezione-creme-mani-uno-3-creme-mani\/\" \/>\n<meta property=\"og:locale\" content=\"it_IT\" \/>\n<meta property=\"og:type\" content=\"article\" \/>\n<meta property=\"og:title\" content=\"Collezione Creme Mani UNO - 3 creme mani - Erboristeria Demetra\" \/>\n<meta property=\"og:description\" content=\"Una preziosa collezione di Creme per le mani sempre morbide, vellutate e profumatissime!\" \/>\n<meta property=\"og:url\" content=\"https:\/\/www.erboristerie.com\/it\/prodotto\/collezione-creme-mani-uno-3-creme-mani\/\" \/>\n<meta property=\"og:site_name\" content=\"Erboristeria Demetra\" \/>\n<meta property=\"article:publisher\" content=\"https:\/\/www.facebook.com\/erboristeria.demetra.online\" \/>\n<meta property=\"article:modified_time\" content=\"2025-09-10T16:54:35+00:00\" \/>\n<meta property=\"og:image\" content=\"https:\/\/www.erboristerie.com\/wp-content\/uploads\/2019\/01\/products-00001960.jpg\" \/>\n\t<meta property=\"og:image:width\" content=\"785\" \/>\n\t<meta property=\"og:image:height\" content=\"506\" \/>\n\t<meta property=\"og:image:type\" content=\"image\/jpeg\" \/>\n<meta name=\"twitter:card\" content=\"summary_large_image\" \/>\n<meta name=\"twitter:label1\" content=\"Tempo di lettura stimato\" \/>\n\t<meta name=\"twitter:data1\" content=\"3 minuti\" \/>\n<script type=\"application\/ld+json\" class=\"yoast-schema-graph\">{\"@context\":\"https:\/\/schema.org\",\"@graph\":[{\"@type\":\"WebPage\",\"@id\":\"https:\/\/www.erboristerie.com\/it\/prodotto\/collezione-creme-mani-uno-3-creme-mani\/\",\"url\":\"https:\/\/www.erboristerie.com\/it\/prodotto\/collezione-creme-mani-uno-3-creme-mani\/\",\"name\":\"Collezione Creme Mani UNO - 3 creme mani - Erboristeria Demetra\",\"isPartOf\":{\"@id\":\"https:\/\/www.erboristerie.com\/it\/#website\"},\"primaryImageOfPage\":{\"@id\":\"https:\/\/www.erboristerie.com\/it\/prodotto\/collezione-creme-mani-uno-3-creme-mani\/#primaryimage\"},\"image\":{\"@id\":\"https:\/\/www.erboristerie.com\/it\/prodotto\/collezione-creme-mani-uno-3-creme-mani\/#primaryimage\"},\"thumbnailUrl\":\"https:\/\/www.erboristerie.com\/wp-content\/uploads\/2019\/01\/products-00001960.jpg\",\"datePublished\":\"2017-10-03T09:58:59+00:00\",\"dateModified\":\"2025-09-10T16:54:35+00:00\",\"description\":\"Una preziosa collezione di Creme per le mani sempre morbide, vellutate e profumatissime!\",\"breadcrumb\":{\"@id\":\"https:\/\/www.erboristerie.com\/it\/prodotto\/collezione-creme-mani-uno-3-creme-mani\/#breadcrumb\"},\"inLanguage\":\"it-IT\",\"potentialAction\":[{\"@type\":\"ReadAction\",\"target\":[\"https:\/\/www.erboristerie.com\/it\/prodotto\/collezione-creme-mani-uno-3-creme-mani\/\"]}]},{\"@type\":\"ImageObject\",\"inLanguage\":\"it-IT\",\"@id\":\"https:\/\/www.erboristerie.com\/it\/prodotto\/collezione-creme-mani-uno-3-creme-mani\/#primaryimage\",\"url\":\"https:\/\/www.erboristerie.com\/wp-content\/uploads\/2019\/01\/products-00001960.jpg\",\"contentUrl\":\"https:\/\/www.erboristerie.com\/wp-content\/uploads\/2019\/01\/products-00001960.jpg\",\"width\":\"785\",\"height\":\"506\",\"caption\":\"Collezione Creme Mani UNO - 3 creme mani\"},{\"@type\":\"BreadcrumbList\",\"@id\":\"https:\/\/www.erboristerie.com\/it\/prodotto\/collezione-creme-mani-uno-3-creme-mani\/#breadcrumb\",\"itemListElement\":[{\"@type\":\"ListItem\",\"position\":1,\"name\":\"Home\",\"item\":\"https:\/\/www.erboristerie.com\/it\/\"},{\"@type\":\"ListItem\",\"position\":2,\"name\":\"Tutti i prodotti\",\"item\":\"https:\/\/www.erboristerie.com\/it\/tutti-i-prodotti\/\"},{\"@type\":\"ListItem\",\"position\":3,\"name\":\"Collezione Creme Mani UNO &#8211; 3 creme mani\"}]},{\"@type\":\"WebSite\",\"@id\":\"https:\/\/www.erboristerie.com\/it\/#website\",\"url\":\"https:\/\/www.erboristerie.com\/it\/\",\"name\":\"Erboristeria Demetra\",\"description\":\"La tua salute al naturale\",\"publisher\":{\"@id\":\"https:\/\/www.erboristerie.com\/it\/#organization\"},\"potentialAction\":[{\"@type\":\"SearchAction\",\"target\":{\"@type\":\"EntryPoint\",\"urlTemplate\":\"https:\/\/www.erboristerie.com\/it\/?s={search_term_string}\"},\"query-input\":{\"@type\":\"PropertyValueSpecification\",\"valueRequired\":true,\"valueName\":\"search_term_string\"}}],\"inLanguage\":\"it-IT\"},{\"@type\":\"Organization\",\"@id\":\"https:\/\/www.erboristerie.com\/it\/#organization\",\"name\":\"Erboristeria Demetra\",\"url\":\"https:\/\/www.erboristerie.com\/it\/\",\"logo\":{\"@type\":\"ImageObject\",\"inLanguage\":\"it-IT\",\"@id\":\"https:\/\/www.erboristerie.com\/it\/#\/schema\/logo\/image\/\",\"url\":\"https:\/\/www.erboristerie.com\/wp-content\/uploads\/2019\/11\/LOGO_ERBORISTERIA_DEMETRA_original.png?v=1611516981\",\"contentUrl\":\"https:\/\/www.erboristerie.com\/wp-content\/uploads\/2019\/11\/LOGO_ERBORISTERIA_DEMETRA_original.png?v=1611516981\",\"width\":201,\"height\":54,\"caption\":\"Erboristeria Demetra\"},\"image\":{\"@id\":\"https:\/\/www.erboristerie.com\/it\/#\/schema\/logo\/image\/\"},\"sameAs\":[\"https:\/\/www.facebook.com\/erboristeria.demetra.online\"]}]}<\/script>\n<!-- \/ Yoast SEO plugin. -->","yoast_head_json":{"title":"Collezione Creme Mani UNO - 3 creme mani - Erboristeria Demetra","description":"Una preziosa collezione di Creme per le mani sempre morbide, vellutate e profumatissime!","robots":{"index":"index","follow":"follow","max-snippet":"max-snippet:-1","max-image-preview":"max-image-preview:large","max-video-preview":"max-video-preview:-1"},"canonical":"https:\/\/www.erboristerie.com\/it\/prodotto\/collezione-creme-mani-uno-3-creme-mani\/","og_locale":"it_IT","og_type":"article","og_title":"Collezione Creme Mani UNO - 3 creme mani - Erboristeria Demetra","og_description":"Una preziosa collezione di Creme per le mani sempre morbide, vellutate e profumatissime!","og_url":"https:\/\/www.erboristerie.com\/it\/prodotto\/collezione-creme-mani-uno-3-creme-mani\/","og_site_name":"Erboristeria Demetra","article_publisher":"https:\/\/www.facebook.com\/erboristeria.demetra.online","article_modified_time":"2025-09-10T16:54:35+00:00","og_image":[{"width":785,"height":506,"url":"https:\/\/www.erboristerie.com\/wp-content\/uploads\/2019\/01\/products-00001960.jpg","type":"image\/jpeg"}],"twitter_card":"summary_large_image","twitter_misc":{"Tempo di lettura stimato":"3 minuti"},"schema":{"@context":"https:\/\/schema.org","@graph":[{"@type":"WebPage","@id":"https:\/\/www.erboristerie.com\/it\/prodotto\/collezione-creme-mani-uno-3-creme-mani\/","url":"https:\/\/www.erboristerie.com\/it\/prodotto\/collezione-creme-mani-uno-3-creme-mani\/","name":"Collezione Creme Mani UNO - 3 creme mani - Erboristeria Demetra","isPartOf":{"@id":"https:\/\/www.erboristerie.com\/it\/#website"},"primaryImageOfPage":{"@id":"https:\/\/www.erboristerie.com\/it\/prodotto\/collezione-creme-mani-uno-3-creme-mani\/#primaryimage"},"image":{"@id":"https:\/\/www.erboristerie.com\/it\/prodotto\/collezione-creme-mani-uno-3-creme-mani\/#primaryimage"},"thumbnailUrl":"https:\/\/www.erboristerie.com\/wp-content\/uploads\/2019\/01\/products-00001960.jpg","datePublished":"2017-10-03T09:58:59+00:00","dateModified":"2025-09-10T16:54:35+00:00","description":"Una preziosa collezione di Creme per le mani sempre morbide, vellutate e profumatissime!","breadcrumb":{"@id":"https:\/\/www.erboristerie.com\/it\/prodotto\/collezione-creme-mani-uno-3-creme-mani\/#breadcrumb"},"inLanguage":"it-IT","potentialAction":[{"@type":"ReadAction","target":["https:\/\/www.erboristerie.com\/it\/prodotto\/collezione-creme-mani-uno-3-creme-mani\/"]}]},{"@type":"ImageObject","inLanguage":"it-IT","@id":"https:\/\/www.erboristerie.com\/it\/prodotto\/collezione-creme-mani-uno-3-creme-mani\/#primaryimage","url":"https:\/\/www.erboristerie.com\/wp-content\/uploads\/2019\/01\/products-00001960.jpg","contentUrl":"https:\/\/www.erboristerie.com\/wp-content\/uploads\/2019\/01\/products-00001960.jpg","width":"785","height":"506","caption":"Collezione Creme Mani UNO - 3 creme mani"},{"@type":"BreadcrumbList","@id":"https:\/\/www.erboristerie.com\/it\/prodotto\/collezione-creme-mani-uno-3-creme-mani\/#breadcrumb","itemListElement":[{"@type":"ListItem","position":1,"name":"Home","item":"https:\/\/www.erboristerie.com\/it\/"},{"@type":"ListItem","position":2,"name":"Tutti i prodotti","item":"https:\/\/www.erboristerie.com\/it\/tutti-i-prodotti\/"},{"@type":"ListItem","position":3,"name":"Collezione Creme Mani UNO &#8211; 3 creme mani"}]},{"@type":"WebSite","@id":"https:\/\/www.erboristerie.com\/it\/#website","url":"https:\/\/www.erboristerie.com\/it\/","name":"Erboristeria Demetra","description":"La tua salute al naturale","publisher":{"@id":"https:\/\/www.erboristerie.com\/it\/#organization"},"potentialAction":[{"@type":"SearchAction","target":{"@type":"EntryPoint","urlTemplate":"https:\/\/www.erboristerie.com\/it\/?s={search_term_string}"},"query-input":{"@type":"PropertyValueSpecification","valueRequired":true,"valueName":"search_term_string"}}],"inLanguage":"it-IT"},{"@type":"Organization","@id":"https:\/\/www.erboristerie.com\/it\/#organization","name":"Erboristeria Demetra","url":"https:\/\/www.erboristerie.com\/it\/","logo":{"@type":"ImageObject","inLanguage":"it-IT","@id":"https:\/\/www.erboristerie.com\/it\/#\/schema\/logo\/image\/","url":"https:\/\/www.erboristerie.com\/wp-content\/uploads\/2019\/11\/LOGO_ERBORISTERIA_DEMETRA_original.png?v=1611516981","contentUrl":"https:\/\/www.erboristerie.com\/wp-content\/uploads\/2019\/11\/LOGO_ERBORISTERIA_DEMETRA_original.png?v=1611516981","width":201,"height":54,"caption":"Erboristeria Demetra"},"image":{"@id":"https:\/\/www.erboristerie.com\/it\/#\/schema\/logo\/image\/"},"sameAs":["https:\/\/www.facebook.com\/erboristeria.demetra.online"]}]}},"_links":{"self":[{"href":"https:\/\/www.erboristerie.com\/it\/wp-json\/wp\/v2\/product\/74710","targetHints":{"allow":["GET"]}}],"collection":[{"href":"https:\/\/www.erboristerie.com\/it\/wp-json\/wp\/v2\/product"}],"about":[{"href":"https:\/\/www.erboristerie.com\/it\/wp-json\/wp\/v2\/types\/product"}],"wp:featuredmedia":[{"embeddable":true,"href":"https:\/\/www.erboristerie.com\/it\/wp-json\/wp\/v2\/media\/74711"}],"wp:attachment":[{"href":"https:\/\/www.erboristerie.com\/it\/wp-json\/wp\/v2\/media?parent=74710"}],"wp:term":[{"taxonomy":"product_brand","embeddable":true,"href":"https:\/\/www.erboristerie.com\/it\/wp-json\/wp\/v2\/product_brand?post=74710"},{"taxonomy":"product_cat","embeddable":true,"href":"https:\/\/www.erboristerie.com\/it\/wp-json\/wp\/v2\/product_cat?post=74710"},{"taxonomy":"product_tag","embeddable":true,"href":"https:\/\/www.erboristerie.com\/it\/wp-json\/wp\/v2\/product_tag?post=74710"},{"taxonomy":"giftcard-category","embeddable":true,"href":"https:\/\/www.erboristerie.com\/it\/wp-json\/wp\/v2\/giftcard-category?post=74710"}],"curies":[{"name":"wp","href":"https:\/\/api.w.org\/{rel}","templated":true}]}}