{"id":74558,"date":"2017-09-23T10:48:21","date_gmt":"2017-09-23T08:48:21","guid":{"rendered":"http:\/\/www.erboristerie.com\/?post_type=product&#038;p=74558"},"modified":"2025-09-10T18:54:23","modified_gmt":"2025-09-10T16:54:23","slug":"iris-carezza-profumata-150ml","status":"publish","type":"product","link":"https:\/\/www.erboristerie.com\/it\/prodotto\/iris-carezza-profumata-150ml\/","title":{"rendered":"Iris Carezza Profumata 150ml"},"content":{"rendered":"<p>\n\t<strong>Descrizione<\/strong><br \/>\n\tQuesta forma cosmetica innovativa regala sensazioni piacevoli in una soluzione molto pratica. Un&#8217;emulsione fluida e leggera che, grazie alla presenza dell\u2019Amido di Tapioca, dall&#8217;azione assorbente e setificante, \u00e8 in grado di donare alla persona una diffusa e piacevole sensazione di freschezza. La pelle del corpo sar\u00e0 morbida, levigata e perfettamente asciutta assicurandole al contempo, grazie agli estratti addolcenti e rinfrescanti di Iris e Altea, il corretto tasso di idratazione.<br \/>\n\t<strong>Fragranza<\/strong><br \/>\n\tfiorita, cipriata<br \/>\n\t<strong>Consigli d&#8217;uso<\/strong><br \/>\n\tDopo il bagno o la doccia, raccogliete un poco di prodotto sul palmo della mano e distribuitelo poi con leggerissimo massaggio.<br \/>\n\t<strong>Sostanze funzionali<\/strong><br \/>\n\tOlio di Mandorle dolci, Estratto fluido di Iris, Estratto fluido di Altea, Amido di Tapioca, Latte di Mandorle dolci<\/p>\n<p>\t<strong>Cosa sapere in pi\u00f9<\/strong><\/p>\n<ul>\n<li>\n\t\t100% Made in Italy.Ogni fase della nostra attivit\u00e0, dalla formulazione al controllo qualit\u00e0, dalla preparazione del semilavorato al confezionamento, viene attuata da sempre nel nostro sito produttivo di Lodi: noi non abbiamo delocalizzato alcuna fase produttiva in paesi terzi, men che meno in quelli nei quali i diritti umani e i diritti fondamentali dei lavoratori sono calpestati. I nostri fitocosmetici sono orgogliosi di potersi dire 100% MADE IN ITALY!<\/li>\n<li>\n\t\t7 Metalli testati. Monitoraggio del contenuto di 7 metalli per minimizzare i rischi di allergia: *(Nichel, Piombo, Arsenico, Cadmio, Mercurio, Antimonio e Cromo) e salvaguardare cos\u00ec anche le pelli pi\u00f9 sensibili. Ogni lotto di produzione \u00e8 rigorosamente controllato per garantire un contenuto di ogni singolo metallo inferiore a 0.00005% (limite di rilevabilit\u00e0 strumentale).<\/li>\n<li>\n\t\tDa sempre amici degli animali. Aderiamo allo \u201cStandard Internazionale Stop ai Test su Animali\u201d; garantito da LAV (Lega Anti Vivisezione). Fin dalla sua fondazione nel 1978 L&#8217;Erbolario ha seguito la politica di non ricorrere a test su animali e dal 2006, dopo che le normative europee hanno iniziato a limitare e poi hanno man mano proibito il ricorso ai test su animali per fini cosmetici, ha aderito allo Standard.<\/li>\n<li>\n\t\tDermatologicamente Testato. Questo prodotto ha dimostrato di essere ottimamente tollerato dopo una rigorosa sperimentazione clinica finalizzata alla ricerca di eventuali potenzialit\u00e0 di irritazione e di allergogenesi. La valutazione delle ricerche \u00e8 stata effettuata presso il Dipartimento di Medicina interna e Terapia medica dell\u2019Universit\u00e0 degli Studi di Pavia.<\/li>\n<li>\n\t\tImballo in Carta FSC\u00ae. La confezione esterna cartacea di questo prodotto \u00e8 costituita esclusivamente carta certificata FSC\u00ae, secondo i rigorosi standardambientali e sociali del Forest Stewardship Concil\u00ae a supporto di una corretta e responsabile gestione delle risorse forestali<\/li>\n<li>\n\t\tSenza ingredienti di derivazione animale<\/li>\n<\/ul>\n","protected":false},"excerpt":{"rendered":"<p>Descrizione Questa forma cosmetica innovativa regala sensazioni piacevoli in una soluzione molto pratica. Un&#8217;emulsione fluida e leggera che, grazie alla presenza dell\u2019Amido di Tapioca, dall&#8217;azione assorbente e setificante, \u00e8 in grado di donare alla persona una diffusa e piacevole sensazione di freschezza. La pelle del&#8230;<\/p>\n","protected":false},"featured_media":74559,"template":"","meta":{"_acf_changed":false},"product_brand":[9603],"product_cat":[45041],"product_tag":[12042,17813,12472,10801,12582,11540,12018],"giftcard-category":[],"class_list":{"0":"post-74558","1":"product","2":"type-product","3":"status-publish","4":"has-post-thumbnail","6":"product_brand-erbolario","7":"product_cat-corpo","8":"product_tag-150ml","9":"product_tag-carezza","10":"product_tag-iris","11":"product_tag-linea","12":"product_tag-liquido","13":"product_tag-profumata","14":"product_tag-talco","15":"pa_formato-150-ml","16":"pa_linea-profumazione-iris","17":"pa_marca-lerbolario","18":"pa_tipologia-crema","20":"first","21":"instock","22":"sale","23":"taxable","24":"shipping-taxable","25":"purchasable","26":"product-type-simple"},"acf":[],"yoast_head":"<!-- This site is optimized with the Yoast SEO plugin v24.9 - https:\/\/yoast.com\/wordpress\/plugins\/seo\/ -->\n<title>Iris Carezza Profumata 150ml<\/title>\n<meta name=\"description\" content=\"Fluido vellutante per la pelle del corpo.\" \/>\n<meta name=\"robots\" content=\"index, follow, max-snippet:-1, max-image-preview:large, max-video-preview:-1\" \/>\n<link rel=\"canonical\" href=\"https:\/\/www.erboristerie.com\/it\/prodotto\/iris-carezza-profumata-150ml\/\" \/>\n<meta property=\"og:locale\" content=\"it_IT\" \/>\n<meta property=\"og:type\" content=\"article\" \/>\n<meta property=\"og:title\" content=\"Iris Carezza Profumata 150ml\" \/>\n<meta property=\"og:description\" content=\"Fluido vellutante per la pelle del corpo.\" \/>\n<meta property=\"og:url\" content=\"https:\/\/www.erboristerie.com\/it\/prodotto\/iris-carezza-profumata-150ml\/\" \/>\n<meta property=\"og:site_name\" content=\"Erboristeria Demetra\" \/>\n<meta property=\"article:publisher\" content=\"https:\/\/www.facebook.com\/erboristeria.demetra.online\" \/>\n<meta property=\"article:modified_time\" content=\"2025-09-10T16:54:23+00:00\" \/>\n<meta property=\"og:image\" content=\"https:\/\/www.erboristerie.com\/wp-content\/uploads\/2019\/01\/products-00006044.jpg\" \/>\n\t<meta property=\"og:image:width\" content=\"838\" \/>\n\t<meta property=\"og:image:height\" content=\"830\" \/>\n\t<meta property=\"og:image:type\" content=\"image\/jpeg\" \/>\n<meta name=\"twitter:card\" content=\"summary_large_image\" \/>\n<meta name=\"twitter:label1\" content=\"Tempo di lettura stimato\" \/>\n\t<meta name=\"twitter:data1\" content=\"2 minuti\" \/>\n<script type=\"application\/ld+json\" class=\"yoast-schema-graph\">{\"@context\":\"https:\/\/schema.org\",\"@graph\":[{\"@type\":\"WebPage\",\"@id\":\"https:\/\/www.erboristerie.com\/it\/prodotto\/iris-carezza-profumata-150ml\/\",\"url\":\"https:\/\/www.erboristerie.com\/it\/prodotto\/iris-carezza-profumata-150ml\/\",\"name\":\"Iris Carezza Profumata 150ml\",\"isPartOf\":{\"@id\":\"https:\/\/www.erboristerie.com\/it\/#website\"},\"primaryImageOfPage\":{\"@id\":\"https:\/\/www.erboristerie.com\/it\/prodotto\/iris-carezza-profumata-150ml\/#primaryimage\"},\"image\":{\"@id\":\"https:\/\/www.erboristerie.com\/it\/prodotto\/iris-carezza-profumata-150ml\/#primaryimage\"},\"thumbnailUrl\":\"https:\/\/www.erboristerie.com\/wp-content\/uploads\/2019\/01\/products-00006044.jpg\",\"datePublished\":\"2017-09-23T08:48:21+00:00\",\"dateModified\":\"2025-09-10T16:54:23+00:00\",\"description\":\"Fluido vellutante per la pelle del corpo.\",\"breadcrumb\":{\"@id\":\"https:\/\/www.erboristerie.com\/it\/prodotto\/iris-carezza-profumata-150ml\/#breadcrumb\"},\"inLanguage\":\"it-IT\",\"potentialAction\":[{\"@type\":\"ReadAction\",\"target\":[\"https:\/\/www.erboristerie.com\/it\/prodotto\/iris-carezza-profumata-150ml\/\"]}]},{\"@type\":\"ImageObject\",\"inLanguage\":\"it-IT\",\"@id\":\"https:\/\/www.erboristerie.com\/it\/prodotto\/iris-carezza-profumata-150ml\/#primaryimage\",\"url\":\"https:\/\/www.erboristerie.com\/wp-content\/uploads\/2019\/01\/products-00006044.jpg\",\"contentUrl\":\"https:\/\/www.erboristerie.com\/wp-content\/uploads\/2019\/01\/products-00006044.jpg\",\"width\":\"838\",\"height\":\"830\",\"caption\":\"Iris Carezza Profumata 150ml\"},{\"@type\":\"BreadcrumbList\",\"@id\":\"https:\/\/www.erboristerie.com\/it\/prodotto\/iris-carezza-profumata-150ml\/#breadcrumb\",\"itemListElement\":[{\"@type\":\"ListItem\",\"position\":1,\"name\":\"Home\",\"item\":\"https:\/\/www.erboristerie.com\/it\/\"},{\"@type\":\"ListItem\",\"position\":2,\"name\":\"Tutti i prodotti\",\"item\":\"https:\/\/www.erboristerie.com\/it\/tutti-i-prodotti\/\"},{\"@type\":\"ListItem\",\"position\":3,\"name\":\"Iris Carezza Profumata 150ml\"}]},{\"@type\":\"WebSite\",\"@id\":\"https:\/\/www.erboristerie.com\/it\/#website\",\"url\":\"https:\/\/www.erboristerie.com\/it\/\",\"name\":\"Erboristeria Demetra\",\"description\":\"La tua salute al naturale\",\"publisher\":{\"@id\":\"https:\/\/www.erboristerie.com\/it\/#organization\"},\"potentialAction\":[{\"@type\":\"SearchAction\",\"target\":{\"@type\":\"EntryPoint\",\"urlTemplate\":\"https:\/\/www.erboristerie.com\/it\/?s={search_term_string}\"},\"query-input\":{\"@type\":\"PropertyValueSpecification\",\"valueRequired\":true,\"valueName\":\"search_term_string\"}}],\"inLanguage\":\"it-IT\"},{\"@type\":\"Organization\",\"@id\":\"https:\/\/www.erboristerie.com\/it\/#organization\",\"name\":\"Erboristeria Demetra\",\"url\":\"https:\/\/www.erboristerie.com\/it\/\",\"logo\":{\"@type\":\"ImageObject\",\"inLanguage\":\"it-IT\",\"@id\":\"https:\/\/www.erboristerie.com\/it\/#\/schema\/logo\/image\/\",\"url\":\"https:\/\/www.erboristerie.com\/wp-content\/uploads\/2019\/11\/LOGO_ERBORISTERIA_DEMETRA_original.png?v=1611516981\",\"contentUrl\":\"https:\/\/www.erboristerie.com\/wp-content\/uploads\/2019\/11\/LOGO_ERBORISTERIA_DEMETRA_original.png?v=1611516981\",\"width\":201,\"height\":54,\"caption\":\"Erboristeria Demetra\"},\"image\":{\"@id\":\"https:\/\/www.erboristerie.com\/it\/#\/schema\/logo\/image\/\"},\"sameAs\":[\"https:\/\/www.facebook.com\/erboristeria.demetra.online\"]}]}<\/script>\n<!-- \/ Yoast SEO plugin. -->","yoast_head_json":{"title":"Iris Carezza Profumata 150ml","description":"Fluido vellutante per la pelle del corpo.","robots":{"index":"index","follow":"follow","max-snippet":"max-snippet:-1","max-image-preview":"max-image-preview:large","max-video-preview":"max-video-preview:-1"},"canonical":"https:\/\/www.erboristerie.com\/it\/prodotto\/iris-carezza-profumata-150ml\/","og_locale":"it_IT","og_type":"article","og_title":"Iris Carezza Profumata 150ml","og_description":"Fluido vellutante per la pelle del corpo.","og_url":"https:\/\/www.erboristerie.com\/it\/prodotto\/iris-carezza-profumata-150ml\/","og_site_name":"Erboristeria Demetra","article_publisher":"https:\/\/www.facebook.com\/erboristeria.demetra.online","article_modified_time":"2025-09-10T16:54:23+00:00","og_image":[{"width":838,"height":830,"url":"https:\/\/www.erboristerie.com\/wp-content\/uploads\/2019\/01\/products-00006044.jpg","type":"image\/jpeg"}],"twitter_card":"summary_large_image","twitter_misc":{"Tempo di lettura stimato":"2 minuti"},"schema":{"@context":"https:\/\/schema.org","@graph":[{"@type":"WebPage","@id":"https:\/\/www.erboristerie.com\/it\/prodotto\/iris-carezza-profumata-150ml\/","url":"https:\/\/www.erboristerie.com\/it\/prodotto\/iris-carezza-profumata-150ml\/","name":"Iris Carezza Profumata 150ml","isPartOf":{"@id":"https:\/\/www.erboristerie.com\/it\/#website"},"primaryImageOfPage":{"@id":"https:\/\/www.erboristerie.com\/it\/prodotto\/iris-carezza-profumata-150ml\/#primaryimage"},"image":{"@id":"https:\/\/www.erboristerie.com\/it\/prodotto\/iris-carezza-profumata-150ml\/#primaryimage"},"thumbnailUrl":"https:\/\/www.erboristerie.com\/wp-content\/uploads\/2019\/01\/products-00006044.jpg","datePublished":"2017-09-23T08:48:21+00:00","dateModified":"2025-09-10T16:54:23+00:00","description":"Fluido vellutante per la pelle del corpo.","breadcrumb":{"@id":"https:\/\/www.erboristerie.com\/it\/prodotto\/iris-carezza-profumata-150ml\/#breadcrumb"},"inLanguage":"it-IT","potentialAction":[{"@type":"ReadAction","target":["https:\/\/www.erboristerie.com\/it\/prodotto\/iris-carezza-profumata-150ml\/"]}]},{"@type":"ImageObject","inLanguage":"it-IT","@id":"https:\/\/www.erboristerie.com\/it\/prodotto\/iris-carezza-profumata-150ml\/#primaryimage","url":"https:\/\/www.erboristerie.com\/wp-content\/uploads\/2019\/01\/products-00006044.jpg","contentUrl":"https:\/\/www.erboristerie.com\/wp-content\/uploads\/2019\/01\/products-00006044.jpg","width":"838","height":"830","caption":"Iris Carezza Profumata 150ml"},{"@type":"BreadcrumbList","@id":"https:\/\/www.erboristerie.com\/it\/prodotto\/iris-carezza-profumata-150ml\/#breadcrumb","itemListElement":[{"@type":"ListItem","position":1,"name":"Home","item":"https:\/\/www.erboristerie.com\/it\/"},{"@type":"ListItem","position":2,"name":"Tutti i prodotti","item":"https:\/\/www.erboristerie.com\/it\/tutti-i-prodotti\/"},{"@type":"ListItem","position":3,"name":"Iris Carezza Profumata 150ml"}]},{"@type":"WebSite","@id":"https:\/\/www.erboristerie.com\/it\/#website","url":"https:\/\/www.erboristerie.com\/it\/","name":"Erboristeria Demetra","description":"La tua salute al naturale","publisher":{"@id":"https:\/\/www.erboristerie.com\/it\/#organization"},"potentialAction":[{"@type":"SearchAction","target":{"@type":"EntryPoint","urlTemplate":"https:\/\/www.erboristerie.com\/it\/?s={search_term_string}"},"query-input":{"@type":"PropertyValueSpecification","valueRequired":true,"valueName":"search_term_string"}}],"inLanguage":"it-IT"},{"@type":"Organization","@id":"https:\/\/www.erboristerie.com\/it\/#organization","name":"Erboristeria Demetra","url":"https:\/\/www.erboristerie.com\/it\/","logo":{"@type":"ImageObject","inLanguage":"it-IT","@id":"https:\/\/www.erboristerie.com\/it\/#\/schema\/logo\/image\/","url":"https:\/\/www.erboristerie.com\/wp-content\/uploads\/2019\/11\/LOGO_ERBORISTERIA_DEMETRA_original.png?v=1611516981","contentUrl":"https:\/\/www.erboristerie.com\/wp-content\/uploads\/2019\/11\/LOGO_ERBORISTERIA_DEMETRA_original.png?v=1611516981","width":201,"height":54,"caption":"Erboristeria Demetra"},"image":{"@id":"https:\/\/www.erboristerie.com\/it\/#\/schema\/logo\/image\/"},"sameAs":["https:\/\/www.facebook.com\/erboristeria.demetra.online"]}]}},"_links":{"self":[{"href":"https:\/\/www.erboristerie.com\/it\/wp-json\/wp\/v2\/product\/74558","targetHints":{"allow":["GET"]}}],"collection":[{"href":"https:\/\/www.erboristerie.com\/it\/wp-json\/wp\/v2\/product"}],"about":[{"href":"https:\/\/www.erboristerie.com\/it\/wp-json\/wp\/v2\/types\/product"}],"wp:featuredmedia":[{"embeddable":true,"href":"https:\/\/www.erboristerie.com\/it\/wp-json\/wp\/v2\/media\/74559"}],"wp:attachment":[{"href":"https:\/\/www.erboristerie.com\/it\/wp-json\/wp\/v2\/media?parent=74558"}],"wp:term":[{"taxonomy":"product_brand","embeddable":true,"href":"https:\/\/www.erboristerie.com\/it\/wp-json\/wp\/v2\/product_brand?post=74558"},{"taxonomy":"product_cat","embeddable":true,"href":"https:\/\/www.erboristerie.com\/it\/wp-json\/wp\/v2\/product_cat?post=74558"},{"taxonomy":"product_tag","embeddable":true,"href":"https:\/\/www.erboristerie.com\/it\/wp-json\/wp\/v2\/product_tag?post=74558"},{"taxonomy":"giftcard-category","embeddable":true,"href":"https:\/\/www.erboristerie.com\/it\/wp-json\/wp\/v2\/giftcard-category?post=74558"}],"curies":[{"name":"wp","href":"https:\/\/api.w.org\/{rel}","templated":true}]}}