{"id":74282,"date":"2017-05-25T18:27:24","date_gmt":"2017-05-25T16:27:24","guid":{"rendered":"http:\/\/www.erboristerie.com\/?post_type=product&#038;p=74282"},"modified":"2025-09-25T12:13:10","modified_gmt":"2025-09-25T10:13:10","slug":"spirulina-marcus-rohrer-180-compresse-60-gratis-promo-pack","status":"publish","type":"product","link":"https:\/\/www.erboristerie.com\/it\/prodotto\/spirulina-marcus-rohrer-180-compresse-60-gratis-promo-pack\/","title":{"rendered":"Spirulina Marcus Rohrer 180 compresse +60 gratis. Promo pack"},"content":{"rendered":"<p><strong>Spirulina Marcus Rohrer\u00ae 180+60 compresse promo pack<\/strong><\/p>\n<p><strong>Formato convenienza<br \/>\n<\/strong>Contiene 1 flacone da 180 compresse + 1 sacchetto da 60 compresse<\/p>\n<p><strong>Pi\u00f9 ricca fonte di energia naturale<\/strong><br \/>\nLa Spirulina \u00e8 una delle pi\u00f9 ricche fonti di energia naturale al mondo.<\/p>\n<p>Questa alga, dalla caratteristica forma a spirale, \u00e8 colma di sostanze nutritive vitali , come vitamine e minerali, clorofilla, enzimi e antiossidanti.<\/p>\n<p>Un\u2019enorme quantit\u00e0 di energia solare. In pratica, tutto ci\u00f2 di cui si ha bisogno per un corpo sano ed una vita vigorosa!<\/p>\n<p><strong>La migliore qualit\u00e0<\/strong><br \/>\nLa Spirulina Marcus Rohrer\u00ae \u00e8 fatta con le alghe Spirulina delle Hawaii della migliore qualit\u00e0.<\/p>\n<p>Per proteggere al meglio le sue preziose sostanze nutritive e l\u2019energia solare che contiene, la Spirulina di Marcus Rohrer \u00e8 confezionata solo nell\u2019esclusivo vetro VioSol\u00ae-glas.<\/p>\n<p>In questo modo la Spirulina conserva la sua forza naturale e resta fresca pi\u00f9 a lungo. Una garanzia di qualit\u00e0 e efficacia ottimali!<\/p>\n<p><strong>Ricaricati!<\/strong><br \/>\nLa Spirulina di Marcus Rohrer\u00ae favorisce la depurazione interna, aumenta la resistenza e d\u00e0 pi\u00f9 energia.<\/p>\n<p>Ideale in caso di spossatezza, per rimettersi dopo una malattia, in caso di grandi sforzi per migliori prestazioni sul lavoro, nello sport e nello studio.<\/p>\n<p><strong>Consigli d&#8217;uso<\/strong><\/p>\n<ul>\n<li>Adulti: 6-10 compresse al giorno<\/li>\n<li>Bambini: 1-3 compresse al giorno<\/li>\n<\/ul>\n","protected":false},"excerpt":{"rendered":"<p>Spirulina Marcus Rohrer\u00ae 180+60 compresse promo pack Formato convenienza Contiene 1 flacone da 180 compresse + 1 sacchetto da 60 compresse Pi\u00f9 ricca fonte di energia naturale La Spirulina \u00e8 una delle pi\u00f9 ricche fonti di energia naturale al mondo. Questa alga, dalla caratteristica forma&#8230;<\/p>\n","protected":false},"featured_media":74283,"template":"","meta":{"_acf_changed":false},"product_brand":[9625],"product_cat":[45113,49558],"product_tag":[10868,12273,17794,17795,18547],"giftcard-category":[],"class_list":{"0":"post-74282","1":"product","2":"type-product","3":"status-publish","4":"has-post-thumbnail","6":"product_brand-giuriati-group","7":"product_cat-spirulina","8":"product_cat-sport","9":"product_tag-cp","10":"product_tag-marcus","11":"product_tag-pack","12":"product_tag-promo","13":"product_tag-spirulina","14":"pa_formato-180-compresse","15":"pa_linea-spirulina-marcus-rohrer","16":"pa_marca-marcus-rohrer","17":"pa_tipologia-compresse","19":"first","20":"instock","21":"sale","22":"taxable","23":"shipping-taxable","24":"purchasable","25":"product-type-simple"},"acf":[],"yoast_head":"<!-- This site is optimized with the Yoast SEO plugin v24.9 - https:\/\/yoast.com\/wordpress\/plugins\/seo\/ -->\n<title>Spirulina Marcus Rohrer 180 compresse +60 gratis. Promo pack - Erboristeria Demetra<\/title>\n<meta name=\"description\" content=\"La miglior Spirulina sul mercato! Formato convenienza: Contiene 1 flacone da 180 compresse + 1 sacchetto da 60 compresse. Marcus Rohrer\" \/>\n<meta name=\"robots\" content=\"index, follow, max-snippet:-1, max-image-preview:large, max-video-preview:-1\" \/>\n<link rel=\"canonical\" href=\"https:\/\/www.erboristerie.com\/it\/prodotto\/spirulina-marcus-rohrer-180-compresse-60-gratis-promo-pack\/\" \/>\n<meta property=\"og:locale\" content=\"it_IT\" \/>\n<meta property=\"og:type\" content=\"article\" \/>\n<meta property=\"og:title\" content=\"Spirulina Marcus Rohrer 180 compresse +60 gratis. Promo pack - Erboristeria Demetra\" \/>\n<meta property=\"og:description\" content=\"La miglior Spirulina sul mercato! Formato convenienza: Contiene 1 flacone da 180 compresse + 1 sacchetto da 60 compresse. Marcus Rohrer\" \/>\n<meta property=\"og:url\" content=\"https:\/\/www.erboristerie.com\/it\/prodotto\/spirulina-marcus-rohrer-180-compresse-60-gratis-promo-pack\/\" \/>\n<meta property=\"og:site_name\" content=\"Erboristeria Demetra\" \/>\n<meta property=\"article:publisher\" content=\"https:\/\/www.facebook.com\/erboristeria.demetra.online\" \/>\n<meta property=\"article:modified_time\" content=\"2025-09-25T10:13:10+00:00\" \/>\n<meta property=\"og:image\" content=\"https:\/\/www.erboristerie.com\/wp-content\/uploads\/2019\/01\/products-00004247.jpg\" \/>\n\t<meta property=\"og:image:width\" content=\"856\" \/>\n\t<meta property=\"og:image:height\" content=\"797\" \/>\n\t<meta property=\"og:image:type\" content=\"image\/jpeg\" \/>\n<meta name=\"twitter:card\" content=\"summary_large_image\" \/>\n<meta name=\"twitter:label1\" content=\"Tempo di lettura stimato\" \/>\n\t<meta name=\"twitter:data1\" content=\"1 minuto\" \/>\n<script type=\"application\/ld+json\" class=\"yoast-schema-graph\">{\"@context\":\"https:\/\/schema.org\",\"@graph\":[{\"@type\":\"WebPage\",\"@id\":\"https:\/\/www.erboristerie.com\/it\/prodotto\/spirulina-marcus-rohrer-180-compresse-60-gratis-promo-pack\/\",\"url\":\"https:\/\/www.erboristerie.com\/it\/prodotto\/spirulina-marcus-rohrer-180-compresse-60-gratis-promo-pack\/\",\"name\":\"Spirulina Marcus Rohrer 180 compresse +60 gratis. Promo pack - Erboristeria Demetra\",\"isPartOf\":{\"@id\":\"https:\/\/www.erboristerie.com\/it\/#website\"},\"primaryImageOfPage\":{\"@id\":\"https:\/\/www.erboristerie.com\/it\/prodotto\/spirulina-marcus-rohrer-180-compresse-60-gratis-promo-pack\/#primaryimage\"},\"image\":{\"@id\":\"https:\/\/www.erboristerie.com\/it\/prodotto\/spirulina-marcus-rohrer-180-compresse-60-gratis-promo-pack\/#primaryimage\"},\"thumbnailUrl\":\"https:\/\/www.erboristerie.com\/wp-content\/uploads\/2019\/01\/products-00004247.jpg\",\"datePublished\":\"2017-05-25T16:27:24+00:00\",\"dateModified\":\"2025-09-25T10:13:10+00:00\",\"description\":\"La miglior Spirulina sul mercato! Formato convenienza: Contiene 1 flacone da 180 compresse + 1 sacchetto da 60 compresse. Marcus Rohrer\",\"breadcrumb\":{\"@id\":\"https:\/\/www.erboristerie.com\/it\/prodotto\/spirulina-marcus-rohrer-180-compresse-60-gratis-promo-pack\/#breadcrumb\"},\"inLanguage\":\"it-IT\",\"potentialAction\":[{\"@type\":\"ReadAction\",\"target\":[\"https:\/\/www.erboristerie.com\/it\/prodotto\/spirulina-marcus-rohrer-180-compresse-60-gratis-promo-pack\/\"]}]},{\"@type\":\"ImageObject\",\"inLanguage\":\"it-IT\",\"@id\":\"https:\/\/www.erboristerie.com\/it\/prodotto\/spirulina-marcus-rohrer-180-compresse-60-gratis-promo-pack\/#primaryimage\",\"url\":\"https:\/\/www.erboristerie.com\/wp-content\/uploads\/2019\/01\/products-00004247.jpg\",\"contentUrl\":\"https:\/\/www.erboristerie.com\/wp-content\/uploads\/2019\/01\/products-00004247.jpg\",\"width\":\"856\",\"height\":\"797\",\"caption\":\"SPIRULINA MARCUS 180+60 CP PROMO PACK\"},{\"@type\":\"BreadcrumbList\",\"@id\":\"https:\/\/www.erboristerie.com\/it\/prodotto\/spirulina-marcus-rohrer-180-compresse-60-gratis-promo-pack\/#breadcrumb\",\"itemListElement\":[{\"@type\":\"ListItem\",\"position\":1,\"name\":\"Home\",\"item\":\"https:\/\/www.erboristerie.com\/it\/\"},{\"@type\":\"ListItem\",\"position\":2,\"name\":\"Tutti i prodotti\",\"item\":\"https:\/\/www.erboristerie.com\/it\/tutti-i-prodotti\/\"},{\"@type\":\"ListItem\",\"position\":3,\"name\":\"Spirulina Marcus Rohrer 180 compresse +60 gratis. Promo pack\"}]},{\"@type\":\"WebSite\",\"@id\":\"https:\/\/www.erboristerie.com\/it\/#website\",\"url\":\"https:\/\/www.erboristerie.com\/it\/\",\"name\":\"Erboristeria Demetra\",\"description\":\"La tua salute al naturale\",\"publisher\":{\"@id\":\"https:\/\/www.erboristerie.com\/it\/#organization\"},\"potentialAction\":[{\"@type\":\"SearchAction\",\"target\":{\"@type\":\"EntryPoint\",\"urlTemplate\":\"https:\/\/www.erboristerie.com\/it\/?s={search_term_string}\"},\"query-input\":{\"@type\":\"PropertyValueSpecification\",\"valueRequired\":true,\"valueName\":\"search_term_string\"}}],\"inLanguage\":\"it-IT\"},{\"@type\":\"Organization\",\"@id\":\"https:\/\/www.erboristerie.com\/it\/#organization\",\"name\":\"Erboristeria Demetra\",\"url\":\"https:\/\/www.erboristerie.com\/it\/\",\"logo\":{\"@type\":\"ImageObject\",\"inLanguage\":\"it-IT\",\"@id\":\"https:\/\/www.erboristerie.com\/it\/#\/schema\/logo\/image\/\",\"url\":\"https:\/\/www.erboristerie.com\/wp-content\/uploads\/2019\/11\/LOGO_ERBORISTERIA_DEMETRA_original.png?v=1611516981\",\"contentUrl\":\"https:\/\/www.erboristerie.com\/wp-content\/uploads\/2019\/11\/LOGO_ERBORISTERIA_DEMETRA_original.png?v=1611516981\",\"width\":201,\"height\":54,\"caption\":\"Erboristeria Demetra\"},\"image\":{\"@id\":\"https:\/\/www.erboristerie.com\/it\/#\/schema\/logo\/image\/\"},\"sameAs\":[\"https:\/\/www.facebook.com\/erboristeria.demetra.online\"]}]}<\/script>\n<!-- \/ Yoast SEO plugin. -->","yoast_head_json":{"title":"Spirulina Marcus Rohrer 180 compresse +60 gratis. Promo pack - Erboristeria Demetra","description":"La miglior Spirulina sul mercato! Formato convenienza: Contiene 1 flacone da 180 compresse + 1 sacchetto da 60 compresse. Marcus Rohrer","robots":{"index":"index","follow":"follow","max-snippet":"max-snippet:-1","max-image-preview":"max-image-preview:large","max-video-preview":"max-video-preview:-1"},"canonical":"https:\/\/www.erboristerie.com\/it\/prodotto\/spirulina-marcus-rohrer-180-compresse-60-gratis-promo-pack\/","og_locale":"it_IT","og_type":"article","og_title":"Spirulina Marcus Rohrer 180 compresse +60 gratis. Promo pack - Erboristeria Demetra","og_description":"La miglior Spirulina sul mercato! Formato convenienza: Contiene 1 flacone da 180 compresse + 1 sacchetto da 60 compresse. Marcus Rohrer","og_url":"https:\/\/www.erboristerie.com\/it\/prodotto\/spirulina-marcus-rohrer-180-compresse-60-gratis-promo-pack\/","og_site_name":"Erboristeria Demetra","article_publisher":"https:\/\/www.facebook.com\/erboristeria.demetra.online","article_modified_time":"2025-09-25T10:13:10+00:00","og_image":[{"width":856,"height":797,"url":"https:\/\/www.erboristerie.com\/wp-content\/uploads\/2019\/01\/products-00004247.jpg","type":"image\/jpeg"}],"twitter_card":"summary_large_image","twitter_misc":{"Tempo di lettura stimato":"1 minuto"},"schema":{"@context":"https:\/\/schema.org","@graph":[{"@type":"WebPage","@id":"https:\/\/www.erboristerie.com\/it\/prodotto\/spirulina-marcus-rohrer-180-compresse-60-gratis-promo-pack\/","url":"https:\/\/www.erboristerie.com\/it\/prodotto\/spirulina-marcus-rohrer-180-compresse-60-gratis-promo-pack\/","name":"Spirulina Marcus Rohrer 180 compresse +60 gratis. Promo pack - Erboristeria Demetra","isPartOf":{"@id":"https:\/\/www.erboristerie.com\/it\/#website"},"primaryImageOfPage":{"@id":"https:\/\/www.erboristerie.com\/it\/prodotto\/spirulina-marcus-rohrer-180-compresse-60-gratis-promo-pack\/#primaryimage"},"image":{"@id":"https:\/\/www.erboristerie.com\/it\/prodotto\/spirulina-marcus-rohrer-180-compresse-60-gratis-promo-pack\/#primaryimage"},"thumbnailUrl":"https:\/\/www.erboristerie.com\/wp-content\/uploads\/2019\/01\/products-00004247.jpg","datePublished":"2017-05-25T16:27:24+00:00","dateModified":"2025-09-25T10:13:10+00:00","description":"La miglior Spirulina sul mercato! Formato convenienza: Contiene 1 flacone da 180 compresse + 1 sacchetto da 60 compresse. Marcus Rohrer","breadcrumb":{"@id":"https:\/\/www.erboristerie.com\/it\/prodotto\/spirulina-marcus-rohrer-180-compresse-60-gratis-promo-pack\/#breadcrumb"},"inLanguage":"it-IT","potentialAction":[{"@type":"ReadAction","target":["https:\/\/www.erboristerie.com\/it\/prodotto\/spirulina-marcus-rohrer-180-compresse-60-gratis-promo-pack\/"]}]},{"@type":"ImageObject","inLanguage":"it-IT","@id":"https:\/\/www.erboristerie.com\/it\/prodotto\/spirulina-marcus-rohrer-180-compresse-60-gratis-promo-pack\/#primaryimage","url":"https:\/\/www.erboristerie.com\/wp-content\/uploads\/2019\/01\/products-00004247.jpg","contentUrl":"https:\/\/www.erboristerie.com\/wp-content\/uploads\/2019\/01\/products-00004247.jpg","width":"856","height":"797","caption":"SPIRULINA MARCUS 180+60 CP PROMO PACK"},{"@type":"BreadcrumbList","@id":"https:\/\/www.erboristerie.com\/it\/prodotto\/spirulina-marcus-rohrer-180-compresse-60-gratis-promo-pack\/#breadcrumb","itemListElement":[{"@type":"ListItem","position":1,"name":"Home","item":"https:\/\/www.erboristerie.com\/it\/"},{"@type":"ListItem","position":2,"name":"Tutti i prodotti","item":"https:\/\/www.erboristerie.com\/it\/tutti-i-prodotti\/"},{"@type":"ListItem","position":3,"name":"Spirulina Marcus Rohrer 180 compresse +60 gratis. Promo pack"}]},{"@type":"WebSite","@id":"https:\/\/www.erboristerie.com\/it\/#website","url":"https:\/\/www.erboristerie.com\/it\/","name":"Erboristeria Demetra","description":"La tua salute al naturale","publisher":{"@id":"https:\/\/www.erboristerie.com\/it\/#organization"},"potentialAction":[{"@type":"SearchAction","target":{"@type":"EntryPoint","urlTemplate":"https:\/\/www.erboristerie.com\/it\/?s={search_term_string}"},"query-input":{"@type":"PropertyValueSpecification","valueRequired":true,"valueName":"search_term_string"}}],"inLanguage":"it-IT"},{"@type":"Organization","@id":"https:\/\/www.erboristerie.com\/it\/#organization","name":"Erboristeria Demetra","url":"https:\/\/www.erboristerie.com\/it\/","logo":{"@type":"ImageObject","inLanguage":"it-IT","@id":"https:\/\/www.erboristerie.com\/it\/#\/schema\/logo\/image\/","url":"https:\/\/www.erboristerie.com\/wp-content\/uploads\/2019\/11\/LOGO_ERBORISTERIA_DEMETRA_original.png?v=1611516981","contentUrl":"https:\/\/www.erboristerie.com\/wp-content\/uploads\/2019\/11\/LOGO_ERBORISTERIA_DEMETRA_original.png?v=1611516981","width":201,"height":54,"caption":"Erboristeria Demetra"},"image":{"@id":"https:\/\/www.erboristerie.com\/it\/#\/schema\/logo\/image\/"},"sameAs":["https:\/\/www.facebook.com\/erboristeria.demetra.online"]}]}},"_links":{"self":[{"href":"https:\/\/www.erboristerie.com\/it\/wp-json\/wp\/v2\/product\/74282","targetHints":{"allow":["GET"]}}],"collection":[{"href":"https:\/\/www.erboristerie.com\/it\/wp-json\/wp\/v2\/product"}],"about":[{"href":"https:\/\/www.erboristerie.com\/it\/wp-json\/wp\/v2\/types\/product"}],"wp:featuredmedia":[{"embeddable":true,"href":"https:\/\/www.erboristerie.com\/it\/wp-json\/wp\/v2\/media\/74283"}],"wp:attachment":[{"href":"https:\/\/www.erboristerie.com\/it\/wp-json\/wp\/v2\/media?parent=74282"}],"wp:term":[{"taxonomy":"product_brand","embeddable":true,"href":"https:\/\/www.erboristerie.com\/it\/wp-json\/wp\/v2\/product_brand?post=74282"},{"taxonomy":"product_cat","embeddable":true,"href":"https:\/\/www.erboristerie.com\/it\/wp-json\/wp\/v2\/product_cat?post=74282"},{"taxonomy":"product_tag","embeddable":true,"href":"https:\/\/www.erboristerie.com\/it\/wp-json\/wp\/v2\/product_tag?post=74282"},{"taxonomy":"giftcard-category","embeddable":true,"href":"https:\/\/www.erboristerie.com\/it\/wp-json\/wp\/v2\/giftcard-category?post=74282"}],"curies":[{"name":"wp","href":"https:\/\/api.w.org\/{rel}","templated":true}]}}