{"id":71746,"date":"2016-05-04T10:17:59","date_gmt":"2016-05-04T08:17:59","guid":{"rendered":"http:\/\/www.erboristerie.com\/?post_type=product&#038;p=71746"},"modified":"2026-02-04T12:04:40","modified_gmt":"2026-02-04T11:04:40","slug":"fieno-greco-50-capsule-vegetali-trigonella-foenum-graecum-l-erbamea","status":"publish","type":"product","link":"https:\/\/www.erboristerie.com\/it\/prodotto\/fieno-greco-50-capsule-vegetali-trigonella-foenum-graecum-l-erbamea\/","title":{"rendered":"Fieno Greco 50 capsule vegetali (Trigonella foenum-graecum L.) Erbamea"},"content":{"rendered":"<p class=\"\" data-start=\"0\" data-end=\"78\"><strong data-start=\"0\" data-end=\"78\">Fieno Greco (Trigonella foenum-graecum L.) 50 capsule vegetali &#8211; Erbamea<\/strong><\/p>\n<p class=\"\" data-start=\"80\" data-end=\"508\">Il Fieno Greco \u00e8 una pianta dalle molteplici propriet\u00e0, utilizzata tradizionalmente per il suo supporto al benessere metabolico e per favorire la funzione digestiva.<\/p>\n<p class=\"\" data-start=\"80\" data-end=\"508\">\u00c8 noto anche per il suo impiego nel miglioramento del tono muscolare e come coadiuvante nelle diete per il controllo del peso.<\/p>\n<p class=\"\" data-start=\"80\" data-end=\"508\">Grazie al suo contenuto di saponine, il Fieno Greco supporta l&#8217;equilibrio del colesterolo e favorisce l&#8217;elasticit\u00e0 delle articolazioni.<\/p>\n<p class=\"\" data-start=\"510\" data-end=\"627\"><strong data-start=\"510\" data-end=\"536\">In 1 capsula vegetale<\/strong><\/p>\n<p class=\"\" data-start=\"510\" data-end=\"627\">Fieno greco semi estratto secco (titolato al 10% in saponine) 300 mg + Inulina 110 mg.<\/p>\n<p class=\"\" data-start=\"629\" data-end=\"699\"><strong data-start=\"629\" data-end=\"657\">Contenuto per 2 capsule<\/strong><\/p>\n<p class=\"\" data-start=\"629\" data-end=\"699\">Fieno greco semi estratto secco 600 mg.<\/p>\n<p class=\"\" data-start=\"701\" data-end=\"767\"><strong data-start=\"701\" data-end=\"716\">Modo d\u2019uso<\/strong><\/p>\n<p class=\"\" data-start=\"701\" data-end=\"767\">Assumere 1 capsula al mattino e 1 al pomeriggio.<\/p>\n<p class=\"\" data-start=\"769\" data-end=\"799\">Senza glutine<br data-start=\"782\" data-end=\"785\" \/>Senza lattosio<\/p>\n","protected":false},"excerpt":{"rendered":"<p>Fieno Greco (Trigonella foenum-graecum L.) 50 capsule vegetali &#8211; Erbamea Il Fieno Greco \u00e8 una pianta dalle molteplici propriet\u00e0, utilizzata tradizionalmente per il suo supporto al benessere metabolico e per favorire la funzione digestiva. \u00c8 noto anche per il suo impiego nel miglioramento del tono&#8230;<\/p>\n","protected":false},"featured_media":55091,"template":"","meta":{"_acf_changed":false},"product_brand":[9617],"product_cat":[9863,49560],"product_tag":[10574,20528,11368,11371,12741,12742],"giftcard-category":[],"class_list":{"0":"post-71746","1":"product","2":"type-product","3":"status-publish","4":"has-post-thumbnail","6":"product_brand-erbamea","7":"product_cat-energia-e-vitalita","8":"product_cat-singoli-in-pastiglie","9":"product_tag-capsule","10":"product_tag-erbamea","11":"product_tag-fieno","12":"product_tag-greco","13":"product_tag-terrestris","14":"product_tag-tribulus","16":"first","17":"instock","18":"sale","19":"taxable","20":"shipping-taxable","21":"purchasable","22":"product-type-simple"},"acf":[],"yoast_head":"<!-- This site is optimized with the Yoast SEO plugin v24.9 - https:\/\/yoast.com\/wordpress\/plugins\/seo\/ -->\n<title>Fieno Greco 50 capsule vegetali (Trigonella foenum-graecum L.) Erbamea - Erboristeria Demetra<\/title>\n<meta name=\"description\" content=\"Il Fieno Greco \u00e8 una pianta dalle molteplici propriet\u00e0, utilizzata tradizionalmente per il suo supporto al benessere metabolico e per la funzione digestiva.\" \/>\n<meta name=\"robots\" content=\"index, follow, max-snippet:-1, max-image-preview:large, max-video-preview:-1\" \/>\n<link rel=\"canonical\" href=\"https:\/\/www.erboristerie.com\/it\/prodotto\/fieno-greco-50-capsule-vegetali-trigonella-foenum-graecum-l-erbamea\/\" \/>\n<meta property=\"og:locale\" content=\"it_IT\" \/>\n<meta property=\"og:type\" content=\"article\" \/>\n<meta property=\"og:title\" content=\"Fieno Greco 50 capsule vegetali (Trigonella foenum-graecum L.) Erbamea - Erboristeria Demetra\" \/>\n<meta property=\"og:description\" content=\"Il Fieno Greco \u00e8 una pianta dalle molteplici propriet\u00e0, utilizzata tradizionalmente per il suo supporto al benessere metabolico e per la funzione digestiva.\" \/>\n<meta property=\"og:url\" content=\"https:\/\/www.erboristerie.com\/it\/prodotto\/fieno-greco-50-capsule-vegetali-trigonella-foenum-graecum-l-erbamea\/\" \/>\n<meta property=\"og:site_name\" content=\"Erboristeria Demetra\" \/>\n<meta property=\"article:publisher\" content=\"https:\/\/www.facebook.com\/erboristeria.demetra.online\" \/>\n<meta property=\"article:modified_time\" content=\"2026-02-04T11:04:40+00:00\" \/>\n<meta property=\"og:image\" content=\"https:\/\/www.erboristerie.com\/wp-content\/uploads\/2019\/01\/products-ERBAMEA.jpg\" \/>\n\t<meta property=\"og:image:width\" content=\"492\" \/>\n\t<meta property=\"og:image:height\" content=\"320\" \/>\n\t<meta property=\"og:image:type\" content=\"image\/jpeg\" \/>\n<meta name=\"twitter:card\" content=\"summary_large_image\" \/>\n<meta name=\"twitter:label1\" content=\"Tempo di lettura stimato\" \/>\n\t<meta name=\"twitter:data1\" content=\"1 minuto\" \/>\n<script type=\"application\/ld+json\" class=\"yoast-schema-graph\">{\"@context\":\"https:\/\/schema.org\",\"@graph\":[{\"@type\":\"WebPage\",\"@id\":\"https:\/\/www.erboristerie.com\/it\/prodotto\/fieno-greco-50-capsule-vegetali-trigonella-foenum-graecum-l-erbamea\/\",\"url\":\"https:\/\/www.erboristerie.com\/it\/prodotto\/fieno-greco-50-capsule-vegetali-trigonella-foenum-graecum-l-erbamea\/\",\"name\":\"Fieno Greco 50 capsule vegetali (Trigonella foenum-graecum L.) Erbamea - Erboristeria Demetra\",\"isPartOf\":{\"@id\":\"https:\/\/www.erboristerie.com\/it\/#website\"},\"primaryImageOfPage\":{\"@id\":\"https:\/\/www.erboristerie.com\/it\/prodotto\/fieno-greco-50-capsule-vegetali-trigonella-foenum-graecum-l-erbamea\/#primaryimage\"},\"image\":{\"@id\":\"https:\/\/www.erboristerie.com\/it\/prodotto\/fieno-greco-50-capsule-vegetali-trigonella-foenum-graecum-l-erbamea\/#primaryimage\"},\"thumbnailUrl\":\"https:\/\/www.erboristerie.com\/wp-content\/uploads\/2019\/01\/products-ERBAMEA.jpg\",\"datePublished\":\"2016-05-04T08:17:59+00:00\",\"dateModified\":\"2026-02-04T11:04:40+00:00\",\"description\":\"Il Fieno Greco \u00e8 una pianta dalle molteplici propriet\u00e0, utilizzata tradizionalmente per il suo supporto al benessere metabolico e per la funzione digestiva.\",\"breadcrumb\":{\"@id\":\"https:\/\/www.erboristerie.com\/it\/prodotto\/fieno-greco-50-capsule-vegetali-trigonella-foenum-graecum-l-erbamea\/#breadcrumb\"},\"inLanguage\":\"it-IT\",\"potentialAction\":[{\"@type\":\"ReadAction\",\"target\":[\"https:\/\/www.erboristerie.com\/it\/prodotto\/fieno-greco-50-capsule-vegetali-trigonella-foenum-graecum-l-erbamea\/\"]}]},{\"@type\":\"ImageObject\",\"inLanguage\":\"it-IT\",\"@id\":\"https:\/\/www.erboristerie.com\/it\/prodotto\/fieno-greco-50-capsule-vegetali-trigonella-foenum-graecum-l-erbamea\/#primaryimage\",\"url\":\"https:\/\/www.erboristerie.com\/wp-content\/uploads\/2019\/01\/products-ERBAMEA.jpg\",\"contentUrl\":\"https:\/\/www.erboristerie.com\/wp-content\/uploads\/2019\/01\/products-ERBAMEA.jpg\",\"width\":\"492\",\"height\":\"320\",\"caption\":\"DAMIANA 50 CAPSULE (TURNERA DIFFUSA)\"},{\"@type\":\"BreadcrumbList\",\"@id\":\"https:\/\/www.erboristerie.com\/it\/prodotto\/fieno-greco-50-capsule-vegetali-trigonella-foenum-graecum-l-erbamea\/#breadcrumb\",\"itemListElement\":[{\"@type\":\"ListItem\",\"position\":1,\"name\":\"Home\",\"item\":\"https:\/\/www.erboristerie.com\/it\/\"},{\"@type\":\"ListItem\",\"position\":2,\"name\":\"Tutti i prodotti\",\"item\":\"https:\/\/www.erboristerie.com\/it\/tutti-i-prodotti\/\"},{\"@type\":\"ListItem\",\"position\":3,\"name\":\"Fieno Greco 50 capsule vegetali (Trigonella foenum-graecum L.) Erbamea\"}]},{\"@type\":\"WebSite\",\"@id\":\"https:\/\/www.erboristerie.com\/it\/#website\",\"url\":\"https:\/\/www.erboristerie.com\/it\/\",\"name\":\"Erboristeria Demetra\",\"description\":\"La tua salute al naturale\",\"publisher\":{\"@id\":\"https:\/\/www.erboristerie.com\/it\/#organization\"},\"potentialAction\":[{\"@type\":\"SearchAction\",\"target\":{\"@type\":\"EntryPoint\",\"urlTemplate\":\"https:\/\/www.erboristerie.com\/it\/?s={search_term_string}\"},\"query-input\":{\"@type\":\"PropertyValueSpecification\",\"valueRequired\":true,\"valueName\":\"search_term_string\"}}],\"inLanguage\":\"it-IT\"},{\"@type\":\"Organization\",\"@id\":\"https:\/\/www.erboristerie.com\/it\/#organization\",\"name\":\"Erboristeria Demetra\",\"url\":\"https:\/\/www.erboristerie.com\/it\/\",\"logo\":{\"@type\":\"ImageObject\",\"inLanguage\":\"it-IT\",\"@id\":\"https:\/\/www.erboristerie.com\/it\/#\/schema\/logo\/image\/\",\"url\":\"https:\/\/www.erboristerie.com\/wp-content\/uploads\/2019\/11\/LOGO_ERBORISTERIA_DEMETRA_original.png?v=1611516981\",\"contentUrl\":\"https:\/\/www.erboristerie.com\/wp-content\/uploads\/2019\/11\/LOGO_ERBORISTERIA_DEMETRA_original.png?v=1611516981\",\"width\":201,\"height\":54,\"caption\":\"Erboristeria Demetra\"},\"image\":{\"@id\":\"https:\/\/www.erboristerie.com\/it\/#\/schema\/logo\/image\/\"},\"sameAs\":[\"https:\/\/www.facebook.com\/erboristeria.demetra.online\"]}]}<\/script>\n<!-- \/ Yoast SEO plugin. -->","yoast_head_json":{"title":"Fieno Greco 50 capsule vegetali (Trigonella foenum-graecum L.) Erbamea - Erboristeria Demetra","description":"Il Fieno Greco \u00e8 una pianta dalle molteplici propriet\u00e0, utilizzata tradizionalmente per il suo supporto al benessere metabolico e per la funzione digestiva.","robots":{"index":"index","follow":"follow","max-snippet":"max-snippet:-1","max-image-preview":"max-image-preview:large","max-video-preview":"max-video-preview:-1"},"canonical":"https:\/\/www.erboristerie.com\/it\/prodotto\/fieno-greco-50-capsule-vegetali-trigonella-foenum-graecum-l-erbamea\/","og_locale":"it_IT","og_type":"article","og_title":"Fieno Greco 50 capsule vegetali (Trigonella foenum-graecum L.) Erbamea - Erboristeria Demetra","og_description":"Il Fieno Greco \u00e8 una pianta dalle molteplici propriet\u00e0, utilizzata tradizionalmente per il suo supporto al benessere metabolico e per la funzione digestiva.","og_url":"https:\/\/www.erboristerie.com\/it\/prodotto\/fieno-greco-50-capsule-vegetali-trigonella-foenum-graecum-l-erbamea\/","og_site_name":"Erboristeria Demetra","article_publisher":"https:\/\/www.facebook.com\/erboristeria.demetra.online","article_modified_time":"2026-02-04T11:04:40+00:00","og_image":[{"width":492,"height":320,"url":"https:\/\/www.erboristerie.com\/wp-content\/uploads\/2019\/01\/products-ERBAMEA.jpg","type":"image\/jpeg"}],"twitter_card":"summary_large_image","twitter_misc":{"Tempo di lettura stimato":"1 minuto"},"schema":{"@context":"https:\/\/schema.org","@graph":[{"@type":"WebPage","@id":"https:\/\/www.erboristerie.com\/it\/prodotto\/fieno-greco-50-capsule-vegetali-trigonella-foenum-graecum-l-erbamea\/","url":"https:\/\/www.erboristerie.com\/it\/prodotto\/fieno-greco-50-capsule-vegetali-trigonella-foenum-graecum-l-erbamea\/","name":"Fieno Greco 50 capsule vegetali (Trigonella foenum-graecum L.) Erbamea - Erboristeria Demetra","isPartOf":{"@id":"https:\/\/www.erboristerie.com\/it\/#website"},"primaryImageOfPage":{"@id":"https:\/\/www.erboristerie.com\/it\/prodotto\/fieno-greco-50-capsule-vegetali-trigonella-foenum-graecum-l-erbamea\/#primaryimage"},"image":{"@id":"https:\/\/www.erboristerie.com\/it\/prodotto\/fieno-greco-50-capsule-vegetali-trigonella-foenum-graecum-l-erbamea\/#primaryimage"},"thumbnailUrl":"https:\/\/www.erboristerie.com\/wp-content\/uploads\/2019\/01\/products-ERBAMEA.jpg","datePublished":"2016-05-04T08:17:59+00:00","dateModified":"2026-02-04T11:04:40+00:00","description":"Il Fieno Greco \u00e8 una pianta dalle molteplici propriet\u00e0, utilizzata tradizionalmente per il suo supporto al benessere metabolico e per la funzione digestiva.","breadcrumb":{"@id":"https:\/\/www.erboristerie.com\/it\/prodotto\/fieno-greco-50-capsule-vegetali-trigonella-foenum-graecum-l-erbamea\/#breadcrumb"},"inLanguage":"it-IT","potentialAction":[{"@type":"ReadAction","target":["https:\/\/www.erboristerie.com\/it\/prodotto\/fieno-greco-50-capsule-vegetali-trigonella-foenum-graecum-l-erbamea\/"]}]},{"@type":"ImageObject","inLanguage":"it-IT","@id":"https:\/\/www.erboristerie.com\/it\/prodotto\/fieno-greco-50-capsule-vegetali-trigonella-foenum-graecum-l-erbamea\/#primaryimage","url":"https:\/\/www.erboristerie.com\/wp-content\/uploads\/2019\/01\/products-ERBAMEA.jpg","contentUrl":"https:\/\/www.erboristerie.com\/wp-content\/uploads\/2019\/01\/products-ERBAMEA.jpg","width":"492","height":"320","caption":"DAMIANA 50 CAPSULE (TURNERA DIFFUSA)"},{"@type":"BreadcrumbList","@id":"https:\/\/www.erboristerie.com\/it\/prodotto\/fieno-greco-50-capsule-vegetali-trigonella-foenum-graecum-l-erbamea\/#breadcrumb","itemListElement":[{"@type":"ListItem","position":1,"name":"Home","item":"https:\/\/www.erboristerie.com\/it\/"},{"@type":"ListItem","position":2,"name":"Tutti i prodotti","item":"https:\/\/www.erboristerie.com\/it\/tutti-i-prodotti\/"},{"@type":"ListItem","position":3,"name":"Fieno Greco 50 capsule vegetali (Trigonella foenum-graecum L.) Erbamea"}]},{"@type":"WebSite","@id":"https:\/\/www.erboristerie.com\/it\/#website","url":"https:\/\/www.erboristerie.com\/it\/","name":"Erboristeria Demetra","description":"La tua salute al naturale","publisher":{"@id":"https:\/\/www.erboristerie.com\/it\/#organization"},"potentialAction":[{"@type":"SearchAction","target":{"@type":"EntryPoint","urlTemplate":"https:\/\/www.erboristerie.com\/it\/?s={search_term_string}"},"query-input":{"@type":"PropertyValueSpecification","valueRequired":true,"valueName":"search_term_string"}}],"inLanguage":"it-IT"},{"@type":"Organization","@id":"https:\/\/www.erboristerie.com\/it\/#organization","name":"Erboristeria Demetra","url":"https:\/\/www.erboristerie.com\/it\/","logo":{"@type":"ImageObject","inLanguage":"it-IT","@id":"https:\/\/www.erboristerie.com\/it\/#\/schema\/logo\/image\/","url":"https:\/\/www.erboristerie.com\/wp-content\/uploads\/2019\/11\/LOGO_ERBORISTERIA_DEMETRA_original.png?v=1611516981","contentUrl":"https:\/\/www.erboristerie.com\/wp-content\/uploads\/2019\/11\/LOGO_ERBORISTERIA_DEMETRA_original.png?v=1611516981","width":201,"height":54,"caption":"Erboristeria Demetra"},"image":{"@id":"https:\/\/www.erboristerie.com\/it\/#\/schema\/logo\/image\/"},"sameAs":["https:\/\/www.facebook.com\/erboristeria.demetra.online"]}]}},"_links":{"self":[{"href":"https:\/\/www.erboristerie.com\/it\/wp-json\/wp\/v2\/product\/71746","targetHints":{"allow":["GET"]}}],"collection":[{"href":"https:\/\/www.erboristerie.com\/it\/wp-json\/wp\/v2\/product"}],"about":[{"href":"https:\/\/www.erboristerie.com\/it\/wp-json\/wp\/v2\/types\/product"}],"wp:featuredmedia":[{"embeddable":true,"href":"https:\/\/www.erboristerie.com\/it\/wp-json\/wp\/v2\/media\/55091"}],"wp:attachment":[{"href":"https:\/\/www.erboristerie.com\/it\/wp-json\/wp\/v2\/media?parent=71746"}],"wp:term":[{"taxonomy":"product_brand","embeddable":true,"href":"https:\/\/www.erboristerie.com\/it\/wp-json\/wp\/v2\/product_brand?post=71746"},{"taxonomy":"product_cat","embeddable":true,"href":"https:\/\/www.erboristerie.com\/it\/wp-json\/wp\/v2\/product_cat?post=71746"},{"taxonomy":"product_tag","embeddable":true,"href":"https:\/\/www.erboristerie.com\/it\/wp-json\/wp\/v2\/product_tag?post=71746"},{"taxonomy":"giftcard-category","embeddable":true,"href":"https:\/\/www.erboristerie.com\/it\/wp-json\/wp\/v2\/giftcard-category?post=71746"}],"curies":[{"name":"wp","href":"https:\/\/api.w.org\/{rel}","templated":true}]}}