{"id":71194,"date":"2016-02-13T17:31:56","date_gmt":"2016-02-13T16:31:56","guid":{"rendered":"http:\/\/www.erboristerie.com\/?post_type=product&#038;p=71194"},"modified":"2026-04-16T11:27:57","modified_gmt":"2026-04-16T09:27:57","slug":"epa3-fish-epa-dha-90-mini-capsule-principium","status":"publish","type":"product","link":"https:\/\/www.erboristerie.com\/it\/prodotto\/epa3-fish-epa-dha-90-mini-capsule-principium\/","title":{"rendered":"Epa3 Fish EPA DHA 90 mini capsule Principium"},"content":{"rendered":"<p><strong>Epa3 Fish EPA DHA 90 mini capsule &#8211; Principium di Biosline<\/strong><\/p>\n<p>Gli Omega 3 sono acidi grassi polinsaturi essenziali i cui benefici riguardano la salute del sistema cardiovascolare, la funzionalit\u00e0 cerebrale ed il mantenimento della capacit\u00e0 visiva.<\/p>\n<p>EPA-3 FISH \u00e8 un integratore ad alta titolazione di Omega 3 ottenuti per distillazione molecolare di olio di pesce, processo che ne garantisce la purezza.<\/p>\n<p>La stabilizzazione brevettata Quality Silver\u00ae, unita alla presenza di vitamina E naturale e dell\u2019estratto di Rosmarino, evita l\u2019ossidazione degli acidi grassi polinsaturi di cui il prodotto \u00e8 ricco, rendendolo stabile nel tempo e pi\u00f9 digeribile ed evitandone il ritorno di gusto.<\/p>\n<p>Quality Silver\u00ae \u00e8 un marchio registrato di Polaris \u2013 France. Il prodotto \u00e8 ottenuto da pesca sostenibile certificata.<\/p>\n<p><strong>Quattro capsule garantiscono un apporto giornaliero 1540 mg di Omega 3 di cui 1360 mg di EPAe DHA, utili al benessere cardio vascolare.<\/strong><\/p>\n<p>Prodotto Friend of the Sea\u00a9, marchio che garantisce la conservazione e la tutela delle specie marine, in quanto sottoprodotto derivato dalla lavorazione del pesce destinato all\u2019alimentazione.<\/p>\n<p>Contiene Olio di Pesce ricco in EPA e DHAche contribuiscono alla normale funzione cardiaca.<\/p>\n<p><strong>Modo d&#8217;uso<\/strong><\/p>\n<p>Da 2 a 4 mini-capsule al giorno, suddivise durante o dopo ogni pasto principale, prese con un po\u2019 d\u2019acqua o altro liquido.<strong><br \/>\n<\/strong><\/p>\n<p>Senza glutine<br \/>\nSenza Lattosio<br \/>\nCapsule facili da ingerire<\/p>\n","protected":false},"excerpt":{"rendered":"<p>Epa3 Fish EPA DHA 90 mini capsule &#8211; Principium di Biosline Gli Omega 3 sono acidi grassi polinsaturi essenziali i cui benefici riguardano la salute del sistema cardiovascolare, la funzionalit\u00e0 cerebrale ed il mantenimento della capacit\u00e0 visiva. EPA-3 FISH \u00e8 un integratore ad alta titolazione&#8230;<\/p>\n","protected":false},"featured_media":110043,"template":"","meta":{"_acf_changed":false},"product_brand":[9595],"product_cat":[9751,9799],"product_tag":[10521,10574,14302,10667,17590,17588,12249,14076,17589,14078,17187,10515,10555,12319],"giftcard-category":[],"class_list":{"0":"post-71194","1":"product","2":"type-product","3":"status-publish","4":"has-post-thumbnail","6":"product_brand-biosline","7":"product_cat-colesterolo","8":"product_cat-vitamine-e-minerali","9":"product_tag-calcio","10":"product_tag-capsule","11":"product_tag-dha","12":"product_tag-epa","13":"product_tag-epa3","14":"product_tag-fish","15":"product_tag-gold","16":"product_tag-marino","17":"product_tag-mini","18":"product_tag-principium","19":"product_tag-rodiola","20":"product_tag-tavolette","21":"product_tag-vegicaps","22":"product_tag-vitamina","23":"pa_linea-principium","24":"pa_marca-biosline","25":"pa_tipologia-capsule","27":"first","28":"instock","29":"sale","30":"taxable","31":"shipping-taxable","32":"purchasable","33":"product-type-simple"},"acf":[],"yoast_head":"<!-- This site is optimized with the Yoast SEO plugin v24.9 - https:\/\/yoast.com\/wordpress\/plugins\/seo\/ -->\n<title>Epa3 Fish EPA DHA 90 mini capsule Principium - Erboristeria Demetra<\/title>\n<meta name=\"description\" content=\"Alta titolazione in acidi grassi polinsaturi Omega 3 con processo che garantisce la purezza dell\u2019olio ed aiuta ad eliminare metalli pesanti e pesticidi.\" \/>\n<meta name=\"robots\" content=\"index, follow, max-snippet:-1, max-image-preview:large, max-video-preview:-1\" \/>\n<link rel=\"canonical\" href=\"https:\/\/www.erboristerie.com\/it\/prodotto\/epa3-fish-epa-dha-90-mini-capsule-principium\/\" \/>\n<meta property=\"og:locale\" content=\"it_IT\" \/>\n<meta property=\"og:type\" content=\"article\" \/>\n<meta property=\"og:title\" content=\"Epa3 Fish EPA DHA 90 mini capsule Principium - Erboristeria Demetra\" \/>\n<meta property=\"og:description\" content=\"Alta titolazione in acidi grassi polinsaturi Omega 3 con processo che garantisce la purezza dell\u2019olio ed aiuta ad eliminare metalli pesanti e pesticidi.\" \/>\n<meta property=\"og:url\" content=\"https:\/\/www.erboristerie.com\/it\/prodotto\/epa3-fish-epa-dha-90-mini-capsule-principium\/\" \/>\n<meta property=\"og:site_name\" content=\"Erboristeria Demetra\" \/>\n<meta property=\"article:publisher\" content=\"https:\/\/www.facebook.com\/erboristeria.demetra.online\" \/>\n<meta property=\"article:modified_time\" content=\"2026-04-16T09:27:57+00:00\" \/>\n<meta property=\"og:image\" content=\"https:\/\/www.erboristerie.com\/wp-content\/uploads\/2016\/02\/00001365.jpeg\" \/>\n\t<meta property=\"og:image:width\" content=\"573\" \/>\n\t<meta property=\"og:image:height\" content=\"610\" \/>\n\t<meta property=\"og:image:type\" content=\"image\/jpeg\" \/>\n<meta name=\"twitter:card\" content=\"summary_large_image\" \/>\n<meta name=\"twitter:label1\" content=\"Tempo di lettura stimato\" \/>\n\t<meta name=\"twitter:data1\" content=\"1 minuto\" \/>\n<script type=\"application\/ld+json\" class=\"yoast-schema-graph\">{\"@context\":\"https:\/\/schema.org\",\"@graph\":[{\"@type\":\"WebPage\",\"@id\":\"https:\/\/www.erboristerie.com\/it\/prodotto\/epa3-fish-epa-dha-90-mini-capsule-principium\/\",\"url\":\"https:\/\/www.erboristerie.com\/it\/prodotto\/epa3-fish-epa-dha-90-mini-capsule-principium\/\",\"name\":\"Epa3 Fish EPA DHA 90 mini capsule Principium - Erboristeria Demetra\",\"isPartOf\":{\"@id\":\"https:\/\/www.erboristerie.com\/it\/#website\"},\"primaryImageOfPage\":{\"@id\":\"https:\/\/www.erboristerie.com\/it\/prodotto\/epa3-fish-epa-dha-90-mini-capsule-principium\/#primaryimage\"},\"image\":{\"@id\":\"https:\/\/www.erboristerie.com\/it\/prodotto\/epa3-fish-epa-dha-90-mini-capsule-principium\/#primaryimage\"},\"thumbnailUrl\":\"https:\/\/www.erboristerie.com\/wp-content\/uploads\/2016\/02\/00001365.jpeg\",\"datePublished\":\"2016-02-13T16:31:56+00:00\",\"dateModified\":\"2026-04-16T09:27:57+00:00\",\"description\":\"Alta titolazione in acidi grassi polinsaturi Omega 3 con processo che garantisce la purezza dell\u2019olio ed aiuta ad eliminare metalli pesanti e pesticidi.\",\"breadcrumb\":{\"@id\":\"https:\/\/www.erboristerie.com\/it\/prodotto\/epa3-fish-epa-dha-90-mini-capsule-principium\/#breadcrumb\"},\"inLanguage\":\"it-IT\",\"potentialAction\":[{\"@type\":\"ReadAction\",\"target\":[\"https:\/\/www.erboristerie.com\/it\/prodotto\/epa3-fish-epa-dha-90-mini-capsule-principium\/\"]}]},{\"@type\":\"ImageObject\",\"inLanguage\":\"it-IT\",\"@id\":\"https:\/\/www.erboristerie.com\/it\/prodotto\/epa3-fish-epa-dha-90-mini-capsule-principium\/#primaryimage\",\"url\":\"https:\/\/www.erboristerie.com\/wp-content\/uploads\/2016\/02\/00001365.jpeg\",\"contentUrl\":\"https:\/\/www.erboristerie.com\/wp-content\/uploads\/2016\/02\/00001365.jpeg\",\"width\":573,\"height\":610},{\"@type\":\"BreadcrumbList\",\"@id\":\"https:\/\/www.erboristerie.com\/it\/prodotto\/epa3-fish-epa-dha-90-mini-capsule-principium\/#breadcrumb\",\"itemListElement\":[{\"@type\":\"ListItem\",\"position\":1,\"name\":\"Home\",\"item\":\"https:\/\/www.erboristerie.com\/it\/\"},{\"@type\":\"ListItem\",\"position\":2,\"name\":\"Tutti i prodotti\",\"item\":\"https:\/\/www.erboristerie.com\/it\/tutti-i-prodotti\/\"},{\"@type\":\"ListItem\",\"position\":3,\"name\":\"Epa3 Fish EPA DHA 90 mini capsule Principium\"}]},{\"@type\":\"WebSite\",\"@id\":\"https:\/\/www.erboristerie.com\/it\/#website\",\"url\":\"https:\/\/www.erboristerie.com\/it\/\",\"name\":\"Erboristeria Demetra\",\"description\":\"La tua salute al naturale\",\"publisher\":{\"@id\":\"https:\/\/www.erboristerie.com\/it\/#organization\"},\"potentialAction\":[{\"@type\":\"SearchAction\",\"target\":{\"@type\":\"EntryPoint\",\"urlTemplate\":\"https:\/\/www.erboristerie.com\/it\/?s={search_term_string}\"},\"query-input\":{\"@type\":\"PropertyValueSpecification\",\"valueRequired\":true,\"valueName\":\"search_term_string\"}}],\"inLanguage\":\"it-IT\"},{\"@type\":\"Organization\",\"@id\":\"https:\/\/www.erboristerie.com\/it\/#organization\",\"name\":\"Erboristeria Demetra\",\"url\":\"https:\/\/www.erboristerie.com\/it\/\",\"logo\":{\"@type\":\"ImageObject\",\"inLanguage\":\"it-IT\",\"@id\":\"https:\/\/www.erboristerie.com\/it\/#\/schema\/logo\/image\/\",\"url\":\"https:\/\/www.erboristerie.com\/wp-content\/uploads\/2019\/11\/LOGO_ERBORISTERIA_DEMETRA_original.png?v=1611516981\",\"contentUrl\":\"https:\/\/www.erboristerie.com\/wp-content\/uploads\/2019\/11\/LOGO_ERBORISTERIA_DEMETRA_original.png?v=1611516981\",\"width\":201,\"height\":54,\"caption\":\"Erboristeria Demetra\"},\"image\":{\"@id\":\"https:\/\/www.erboristerie.com\/it\/#\/schema\/logo\/image\/\"},\"sameAs\":[\"https:\/\/www.facebook.com\/erboristeria.demetra.online\"]}]}<\/script>\n<!-- \/ Yoast SEO plugin. -->","yoast_head_json":{"title":"Epa3 Fish EPA DHA 90 mini capsule Principium - Erboristeria Demetra","description":"Alta titolazione in acidi grassi polinsaturi Omega 3 con processo che garantisce la purezza dell\u2019olio ed aiuta ad eliminare metalli pesanti e pesticidi.","robots":{"index":"index","follow":"follow","max-snippet":"max-snippet:-1","max-image-preview":"max-image-preview:large","max-video-preview":"max-video-preview:-1"},"canonical":"https:\/\/www.erboristerie.com\/it\/prodotto\/epa3-fish-epa-dha-90-mini-capsule-principium\/","og_locale":"it_IT","og_type":"article","og_title":"Epa3 Fish EPA DHA 90 mini capsule Principium - Erboristeria Demetra","og_description":"Alta titolazione in acidi grassi polinsaturi Omega 3 con processo che garantisce la purezza dell\u2019olio ed aiuta ad eliminare metalli pesanti e pesticidi.","og_url":"https:\/\/www.erboristerie.com\/it\/prodotto\/epa3-fish-epa-dha-90-mini-capsule-principium\/","og_site_name":"Erboristeria Demetra","article_publisher":"https:\/\/www.facebook.com\/erboristeria.demetra.online","article_modified_time":"2026-04-16T09:27:57+00:00","og_image":[{"width":573,"height":610,"url":"https:\/\/www.erboristerie.com\/wp-content\/uploads\/2016\/02\/00001365.jpeg","type":"image\/jpeg"}],"twitter_card":"summary_large_image","twitter_misc":{"Tempo di lettura stimato":"1 minuto"},"schema":{"@context":"https:\/\/schema.org","@graph":[{"@type":"WebPage","@id":"https:\/\/www.erboristerie.com\/it\/prodotto\/epa3-fish-epa-dha-90-mini-capsule-principium\/","url":"https:\/\/www.erboristerie.com\/it\/prodotto\/epa3-fish-epa-dha-90-mini-capsule-principium\/","name":"Epa3 Fish EPA DHA 90 mini capsule Principium - Erboristeria Demetra","isPartOf":{"@id":"https:\/\/www.erboristerie.com\/it\/#website"},"primaryImageOfPage":{"@id":"https:\/\/www.erboristerie.com\/it\/prodotto\/epa3-fish-epa-dha-90-mini-capsule-principium\/#primaryimage"},"image":{"@id":"https:\/\/www.erboristerie.com\/it\/prodotto\/epa3-fish-epa-dha-90-mini-capsule-principium\/#primaryimage"},"thumbnailUrl":"https:\/\/www.erboristerie.com\/wp-content\/uploads\/2016\/02\/00001365.jpeg","datePublished":"2016-02-13T16:31:56+00:00","dateModified":"2026-04-16T09:27:57+00:00","description":"Alta titolazione in acidi grassi polinsaturi Omega 3 con processo che garantisce la purezza dell\u2019olio ed aiuta ad eliminare metalli pesanti e pesticidi.","breadcrumb":{"@id":"https:\/\/www.erboristerie.com\/it\/prodotto\/epa3-fish-epa-dha-90-mini-capsule-principium\/#breadcrumb"},"inLanguage":"it-IT","potentialAction":[{"@type":"ReadAction","target":["https:\/\/www.erboristerie.com\/it\/prodotto\/epa3-fish-epa-dha-90-mini-capsule-principium\/"]}]},{"@type":"ImageObject","inLanguage":"it-IT","@id":"https:\/\/www.erboristerie.com\/it\/prodotto\/epa3-fish-epa-dha-90-mini-capsule-principium\/#primaryimage","url":"https:\/\/www.erboristerie.com\/wp-content\/uploads\/2016\/02\/00001365.jpeg","contentUrl":"https:\/\/www.erboristerie.com\/wp-content\/uploads\/2016\/02\/00001365.jpeg","width":573,"height":610},{"@type":"BreadcrumbList","@id":"https:\/\/www.erboristerie.com\/it\/prodotto\/epa3-fish-epa-dha-90-mini-capsule-principium\/#breadcrumb","itemListElement":[{"@type":"ListItem","position":1,"name":"Home","item":"https:\/\/www.erboristerie.com\/it\/"},{"@type":"ListItem","position":2,"name":"Tutti i prodotti","item":"https:\/\/www.erboristerie.com\/it\/tutti-i-prodotti\/"},{"@type":"ListItem","position":3,"name":"Epa3 Fish EPA DHA 90 mini capsule Principium"}]},{"@type":"WebSite","@id":"https:\/\/www.erboristerie.com\/it\/#website","url":"https:\/\/www.erboristerie.com\/it\/","name":"Erboristeria Demetra","description":"La tua salute al naturale","publisher":{"@id":"https:\/\/www.erboristerie.com\/it\/#organization"},"potentialAction":[{"@type":"SearchAction","target":{"@type":"EntryPoint","urlTemplate":"https:\/\/www.erboristerie.com\/it\/?s={search_term_string}"},"query-input":{"@type":"PropertyValueSpecification","valueRequired":true,"valueName":"search_term_string"}}],"inLanguage":"it-IT"},{"@type":"Organization","@id":"https:\/\/www.erboristerie.com\/it\/#organization","name":"Erboristeria Demetra","url":"https:\/\/www.erboristerie.com\/it\/","logo":{"@type":"ImageObject","inLanguage":"it-IT","@id":"https:\/\/www.erboristerie.com\/it\/#\/schema\/logo\/image\/","url":"https:\/\/www.erboristerie.com\/wp-content\/uploads\/2019\/11\/LOGO_ERBORISTERIA_DEMETRA_original.png?v=1611516981","contentUrl":"https:\/\/www.erboristerie.com\/wp-content\/uploads\/2019\/11\/LOGO_ERBORISTERIA_DEMETRA_original.png?v=1611516981","width":201,"height":54,"caption":"Erboristeria Demetra"},"image":{"@id":"https:\/\/www.erboristerie.com\/it\/#\/schema\/logo\/image\/"},"sameAs":["https:\/\/www.facebook.com\/erboristeria.demetra.online"]}]}},"_links":{"self":[{"href":"https:\/\/www.erboristerie.com\/it\/wp-json\/wp\/v2\/product\/71194","targetHints":{"allow":["GET"]}}],"collection":[{"href":"https:\/\/www.erboristerie.com\/it\/wp-json\/wp\/v2\/product"}],"about":[{"href":"https:\/\/www.erboristerie.com\/it\/wp-json\/wp\/v2\/types\/product"}],"wp:featuredmedia":[{"embeddable":true,"href":"https:\/\/www.erboristerie.com\/it\/wp-json\/wp\/v2\/media\/110043"}],"wp:attachment":[{"href":"https:\/\/www.erboristerie.com\/it\/wp-json\/wp\/v2\/media?parent=71194"}],"wp:term":[{"taxonomy":"product_brand","embeddable":true,"href":"https:\/\/www.erboristerie.com\/it\/wp-json\/wp\/v2\/product_brand?post=71194"},{"taxonomy":"product_cat","embeddable":true,"href":"https:\/\/www.erboristerie.com\/it\/wp-json\/wp\/v2\/product_cat?post=71194"},{"taxonomy":"product_tag","embeddable":true,"href":"https:\/\/www.erboristerie.com\/it\/wp-json\/wp\/v2\/product_tag?post=71194"},{"taxonomy":"giftcard-category","embeddable":true,"href":"https:\/\/www.erboristerie.com\/it\/wp-json\/wp\/v2\/giftcard-category?post=71194"}],"curies":[{"name":"wp","href":"https:\/\/api.w.org\/{rel}","templated":true}]}}