{"id":70646,"date":"2015-11-13T14:10:14","date_gmt":"2015-11-13T13:10:14","guid":{"rendered":"http:\/\/www.erboristerie.com\/?post_type=product&#038;p=70646"},"modified":"2026-02-26T16:24:43","modified_gmt":"2026-02-26T15:24:43","slug":"beavis-180-pastiglie-per-la-funzionalita-del-plesso-emorroidario","status":"publish","type":"product","link":"https:\/\/www.erboristerie.com\/it\/prodotto\/beavis-180-pastiglie-per-la-funzionalita-del-plesso-emorroidario\/","title":{"rendered":"Beavis 180 Pastiglie per la funzionalit\u00e0 del plesso emorroidario"},"content":{"rendered":"<p><strong>Beavis 180 Pastiglie &#8211; dr. Giorgini<\/strong><\/p>\n<p>Funzionalit\u00e0 del plesso emorroidario<\/p>\n<p>Integratore alimentare a base di erbe, vitamine e altri nutritivi.<\/p>\n<p>Rusco e meliloto favoriscono, insieme alle cortecce dell\u2019ippocastano, la <strong>funzionalit\u00e0 del microcircolo<\/strong> e promuovono, insieme all\u2019amamelide, la c<strong>ircolazione venosa e la funzionalit\u00e0 del plesso emorroidario.<\/strong><\/p>\n<p>Altea e fieno greco svolgono un\u2019azione emolliente e lenitiva utile per il<strong> benessere di tutto l\u2019apparato digerente<\/strong>.<\/p>\n<p>Inoltre, amamelide, ippocastano, altea, rosa canina e cannella regolano il transito intestinale mentre fieno greco, zenzero, aneto, anice verde, finocchio e angelica di Boemia contribuiscono alla <strong>funzione digestiva.<\/strong><\/p>\n<p><strong>Consigli d&#8217;uso<\/strong><\/p>\n<p>Si consiglia l\u2019assunzione di 6 pastiglie una o due volte al giorno in qualunque momento (da 6 a 12 pastiglie al giorno); suggerito prima di mangiare o a stomaco vuoto. Richiudere accuratamente dopo l\u2019utilizzo.<\/p>\n<p><strong>Ingredienti<\/strong><\/p>\n<p>Cremor tartaro di vino purificato, magnesio ossido, rusco o pungitopo (Ruscus aculeatus) radici E.S. (titolato al 5% in ruscogenina), amamelide (Hamamelis virginiana) foglie E.S. (titolato al 10% in tannini), ippocastano (Aesculus hippocastanum) semi E.S (titolato al 20% in escina), gomma arabica\u00b0, cellulosa microcristallina\u00b0, altea (Althaea officinalis) radici Plv, fieno greco (Trigonella foenum-graecum) semi Plv, (L-)cistina, meliloto (Melilotus officinalis) erba con fiori E.S. (titolato al 20% in cumarine), silicio biossido\u00b0\u00b0, aneto (Anethum graveolens) frutti Plv, anice verde (Pimpinella anisum) frutti Plv, finocchio (Foeniculum vulgare) frutti Plv, rosa canina (Rosa canina) frutti E.S. (titolato al 70% in vitamina C), zenzero (Zingiber officinalis) rizomi Plv, equiseto o coda cavallina (Equisetum arvense) erba Plv, (L-)cisteina HCL o cloridrato, finocchio (Foeniculum vulgare) frutti O.E., (L-)istidina, (L-)metionina, taurina, angelica di Boemia (Angelica archangelica) radici Plv, cannella (Cinnamomum zeylanicum) cortecce Plv, fermenti lattici (Bacillus coagulans o Lactobacillus sporanges MTCC 25157), magnesio stearato di origine vegetale\u00b0\u00b0, vitamina E di origine vegetale (acetato di D-\u03b1-tocoferile), acerola (Malpighia glabra) frutti E.S. (titolato al 50% in vitamina C), vitamina B3 (niacina), vitamina B5 (pantotenato di calcio), vitamina A (acetato di retinile), vitamina B6 (piridossina cloridrato), vitamina B1 (tiamina cloridrato), vitamina B2 (riboflavina), vitamina K1 (fillochinone), acido folico, biotina, vitamina B12 (cianocobalamina).<br \/>\n\u00b0Agente di carica. \u00b0\u00b0Antiagglomerante.<br \/>\nPlv= Polvere. E.S.= Estratto secco.\u00a0 O.E.= Olio essenziale (Aetheroleum). NRV= Valore nutritivo di riferimento.<\/p>\n","protected":false},"excerpt":{"rendered":"<p>Beavis 180 Pastiglie &#8211; dr. Giorgini Funzionalit\u00e0 del plesso emorroidario Integratore alimentare a base di erbe, vitamine e altri nutritivi. Rusco e meliloto favoriscono, insieme alle cortecce dell\u2019ippocastano, la funzionalit\u00e0 del microcircolo e promuovono, insieme all\u2019amamelide, la circolazione venosa e la funzionalit\u00e0 del plesso emorroidario&#8230;.<\/p>\n","protected":false},"featured_media":119281,"template":"","meta":{"_acf_changed":false},"product_brand":[9598],"product_cat":[45105,46261,46262,10163],"product_tag":[],"giftcard-category":[],"class_list":{"0":"post-70646","1":"product","2":"type-product","3":"status-publish","4":"has-post-thumbnail","6":"product_brand-dr-giorgini-martino-ser-vis","7":"product_cat-fermenti-lattici","8":"product_cat-dr-apparato-cardiovascolare","9":"product_cat-dr-apparato-digerente","10":"product_cat-linea-oro-classica","11":"pa_formato-180-pastiglie","12":"pa_linea-linea-oro","13":"pa_marca-dr-giorgini","14":"pa_tipologia-compresse","16":"first","17":"instock","18":"sale","19":"taxable","20":"shipping-taxable","21":"purchasable","22":"product-type-simple"},"acf":[],"yoast_head":"<!-- This site is optimized with the Yoast SEO plugin v24.9 - https:\/\/yoast.com\/wordpress\/plugins\/seo\/ -->\n<title>Beavis 180 Pastiglie per la funzionalit\u00e0 del plesso emorroidario - Erboristeria Demetra<\/title>\n<meta name=\"description\" content=\"Integratore che favorisce la funzionalit\u00e0 del microcircolo e promuove la circolazione venosa e la funzionalit\u00e0 del plesso emorroidario\" \/>\n<meta name=\"robots\" content=\"index, follow, max-snippet:-1, max-image-preview:large, max-video-preview:-1\" \/>\n<link rel=\"canonical\" href=\"https:\/\/www.erboristerie.com\/it\/prodotto\/beavis-180-pastiglie-per-la-funzionalita-del-plesso-emorroidario\/\" \/>\n<meta property=\"og:locale\" content=\"it_IT\" \/>\n<meta property=\"og:type\" content=\"article\" \/>\n<meta property=\"og:title\" content=\"Beavis 180 Pastiglie per la funzionalit\u00e0 del plesso emorroidario - Erboristeria Demetra\" \/>\n<meta property=\"og:description\" content=\"Integratore che favorisce la funzionalit\u00e0 del microcircolo e promuove la circolazione venosa e la funzionalit\u00e0 del plesso emorroidario\" \/>\n<meta property=\"og:url\" content=\"https:\/\/www.erboristerie.com\/it\/prodotto\/beavis-180-pastiglie-per-la-funzionalita-del-plesso-emorroidario\/\" \/>\n<meta property=\"og:site_name\" content=\"Erboristeria Demetra\" \/>\n<meta property=\"article:publisher\" content=\"https:\/\/www.facebook.com\/erboristeria.demetra.online\" \/>\n<meta property=\"article:modified_time\" content=\"2026-02-26T15:24:43+00:00\" \/>\n<meta property=\"og:image\" content=\"https:\/\/www.erboristerie.com\/wp-content\/uploads\/2015\/11\/00010523-beavis-180-pastiglie.jpeg\" \/>\n\t<meta property=\"og:image:width\" content=\"1200\" \/>\n\t<meta property=\"og:image:height\" content=\"1200\" \/>\n\t<meta property=\"og:image:type\" content=\"image\/jpeg\" \/>\n<meta name=\"twitter:card\" content=\"summary_large_image\" \/>\n<meta name=\"twitter:label1\" content=\"Tempo di lettura stimato\" \/>\n\t<meta name=\"twitter:data1\" content=\"2 minuti\" \/>\n<script type=\"application\/ld+json\" class=\"yoast-schema-graph\">{\"@context\":\"https:\/\/schema.org\",\"@graph\":[{\"@type\":\"WebPage\",\"@id\":\"https:\/\/www.erboristerie.com\/it\/prodotto\/beavis-180-pastiglie-per-la-funzionalita-del-plesso-emorroidario\/\",\"url\":\"https:\/\/www.erboristerie.com\/it\/prodotto\/beavis-180-pastiglie-per-la-funzionalita-del-plesso-emorroidario\/\",\"name\":\"Beavis 180 Pastiglie per la funzionalit\u00e0 del plesso emorroidario - Erboristeria Demetra\",\"isPartOf\":{\"@id\":\"https:\/\/www.erboristerie.com\/it\/#website\"},\"primaryImageOfPage\":{\"@id\":\"https:\/\/www.erboristerie.com\/it\/prodotto\/beavis-180-pastiglie-per-la-funzionalita-del-plesso-emorroidario\/#primaryimage\"},\"image\":{\"@id\":\"https:\/\/www.erboristerie.com\/it\/prodotto\/beavis-180-pastiglie-per-la-funzionalita-del-plesso-emorroidario\/#primaryimage\"},\"thumbnailUrl\":\"https:\/\/www.erboristerie.com\/wp-content\/uploads\/2015\/11\/00010523-beavis-180-pastiglie.jpeg\",\"datePublished\":\"2015-11-13T13:10:14+00:00\",\"dateModified\":\"2026-02-26T15:24:43+00:00\",\"description\":\"Integratore che favorisce la funzionalit\u00e0 del microcircolo e promuove la circolazione venosa e la funzionalit\u00e0 del plesso emorroidario\",\"breadcrumb\":{\"@id\":\"https:\/\/www.erboristerie.com\/it\/prodotto\/beavis-180-pastiglie-per-la-funzionalita-del-plesso-emorroidario\/#breadcrumb\"},\"inLanguage\":\"it-IT\",\"potentialAction\":[{\"@type\":\"ReadAction\",\"target\":[\"https:\/\/www.erboristerie.com\/it\/prodotto\/beavis-180-pastiglie-per-la-funzionalita-del-plesso-emorroidario\/\"]}]},{\"@type\":\"ImageObject\",\"inLanguage\":\"it-IT\",\"@id\":\"https:\/\/www.erboristerie.com\/it\/prodotto\/beavis-180-pastiglie-per-la-funzionalita-del-plesso-emorroidario\/#primaryimage\",\"url\":\"https:\/\/www.erboristerie.com\/wp-content\/uploads\/2015\/11\/00010523-beavis-180-pastiglie.jpeg\",\"contentUrl\":\"https:\/\/www.erboristerie.com\/wp-content\/uploads\/2015\/11\/00010523-beavis-180-pastiglie.jpeg\",\"width\":1200,\"height\":1200},{\"@type\":\"BreadcrumbList\",\"@id\":\"https:\/\/www.erboristerie.com\/it\/prodotto\/beavis-180-pastiglie-per-la-funzionalita-del-plesso-emorroidario\/#breadcrumb\",\"itemListElement\":[{\"@type\":\"ListItem\",\"position\":1,\"name\":\"Home\",\"item\":\"https:\/\/www.erboristerie.com\/it\/\"},{\"@type\":\"ListItem\",\"position\":2,\"name\":\"Tutti i prodotti\",\"item\":\"https:\/\/www.erboristerie.com\/it\/tutti-i-prodotti\/\"},{\"@type\":\"ListItem\",\"position\":3,\"name\":\"Beavis 180 Pastiglie per la funzionalit\u00e0 del plesso emorroidario\"}]},{\"@type\":\"WebSite\",\"@id\":\"https:\/\/www.erboristerie.com\/it\/#website\",\"url\":\"https:\/\/www.erboristerie.com\/it\/\",\"name\":\"Erboristeria Demetra\",\"description\":\"La tua salute al naturale\",\"publisher\":{\"@id\":\"https:\/\/www.erboristerie.com\/it\/#organization\"},\"potentialAction\":[{\"@type\":\"SearchAction\",\"target\":{\"@type\":\"EntryPoint\",\"urlTemplate\":\"https:\/\/www.erboristerie.com\/it\/?s={search_term_string}\"},\"query-input\":{\"@type\":\"PropertyValueSpecification\",\"valueRequired\":true,\"valueName\":\"search_term_string\"}}],\"inLanguage\":\"it-IT\"},{\"@type\":\"Organization\",\"@id\":\"https:\/\/www.erboristerie.com\/it\/#organization\",\"name\":\"Erboristeria Demetra\",\"url\":\"https:\/\/www.erboristerie.com\/it\/\",\"logo\":{\"@type\":\"ImageObject\",\"inLanguage\":\"it-IT\",\"@id\":\"https:\/\/www.erboristerie.com\/it\/#\/schema\/logo\/image\/\",\"url\":\"https:\/\/www.erboristerie.com\/wp-content\/uploads\/2019\/11\/LOGO_ERBORISTERIA_DEMETRA_original.png?v=1611516981\",\"contentUrl\":\"https:\/\/www.erboristerie.com\/wp-content\/uploads\/2019\/11\/LOGO_ERBORISTERIA_DEMETRA_original.png?v=1611516981\",\"width\":201,\"height\":54,\"caption\":\"Erboristeria Demetra\"},\"image\":{\"@id\":\"https:\/\/www.erboristerie.com\/it\/#\/schema\/logo\/image\/\"},\"sameAs\":[\"https:\/\/www.facebook.com\/erboristeria.demetra.online\"]}]}<\/script>\n<!-- \/ Yoast SEO plugin. -->","yoast_head_json":{"title":"Beavis 180 Pastiglie per la funzionalit\u00e0 del plesso emorroidario - Erboristeria Demetra","description":"Integratore che favorisce la funzionalit\u00e0 del microcircolo e promuove la circolazione venosa e la funzionalit\u00e0 del plesso emorroidario","robots":{"index":"index","follow":"follow","max-snippet":"max-snippet:-1","max-image-preview":"max-image-preview:large","max-video-preview":"max-video-preview:-1"},"canonical":"https:\/\/www.erboristerie.com\/it\/prodotto\/beavis-180-pastiglie-per-la-funzionalita-del-plesso-emorroidario\/","og_locale":"it_IT","og_type":"article","og_title":"Beavis 180 Pastiglie per la funzionalit\u00e0 del plesso emorroidario - Erboristeria Demetra","og_description":"Integratore che favorisce la funzionalit\u00e0 del microcircolo e promuove la circolazione venosa e la funzionalit\u00e0 del plesso emorroidario","og_url":"https:\/\/www.erboristerie.com\/it\/prodotto\/beavis-180-pastiglie-per-la-funzionalita-del-plesso-emorroidario\/","og_site_name":"Erboristeria Demetra","article_publisher":"https:\/\/www.facebook.com\/erboristeria.demetra.online","article_modified_time":"2026-02-26T15:24:43+00:00","og_image":[{"width":1200,"height":1200,"url":"https:\/\/www.erboristerie.com\/wp-content\/uploads\/2015\/11\/00010523-beavis-180-pastiglie.jpeg","type":"image\/jpeg"}],"twitter_card":"summary_large_image","twitter_misc":{"Tempo di lettura stimato":"2 minuti"},"schema":{"@context":"https:\/\/schema.org","@graph":[{"@type":"WebPage","@id":"https:\/\/www.erboristerie.com\/it\/prodotto\/beavis-180-pastiglie-per-la-funzionalita-del-plesso-emorroidario\/","url":"https:\/\/www.erboristerie.com\/it\/prodotto\/beavis-180-pastiglie-per-la-funzionalita-del-plesso-emorroidario\/","name":"Beavis 180 Pastiglie per la funzionalit\u00e0 del plesso emorroidario - Erboristeria Demetra","isPartOf":{"@id":"https:\/\/www.erboristerie.com\/it\/#website"},"primaryImageOfPage":{"@id":"https:\/\/www.erboristerie.com\/it\/prodotto\/beavis-180-pastiglie-per-la-funzionalita-del-plesso-emorroidario\/#primaryimage"},"image":{"@id":"https:\/\/www.erboristerie.com\/it\/prodotto\/beavis-180-pastiglie-per-la-funzionalita-del-plesso-emorroidario\/#primaryimage"},"thumbnailUrl":"https:\/\/www.erboristerie.com\/wp-content\/uploads\/2015\/11\/00010523-beavis-180-pastiglie.jpeg","datePublished":"2015-11-13T13:10:14+00:00","dateModified":"2026-02-26T15:24:43+00:00","description":"Integratore che favorisce la funzionalit\u00e0 del microcircolo e promuove la circolazione venosa e la funzionalit\u00e0 del plesso emorroidario","breadcrumb":{"@id":"https:\/\/www.erboristerie.com\/it\/prodotto\/beavis-180-pastiglie-per-la-funzionalita-del-plesso-emorroidario\/#breadcrumb"},"inLanguage":"it-IT","potentialAction":[{"@type":"ReadAction","target":["https:\/\/www.erboristerie.com\/it\/prodotto\/beavis-180-pastiglie-per-la-funzionalita-del-plesso-emorroidario\/"]}]},{"@type":"ImageObject","inLanguage":"it-IT","@id":"https:\/\/www.erboristerie.com\/it\/prodotto\/beavis-180-pastiglie-per-la-funzionalita-del-plesso-emorroidario\/#primaryimage","url":"https:\/\/www.erboristerie.com\/wp-content\/uploads\/2015\/11\/00010523-beavis-180-pastiglie.jpeg","contentUrl":"https:\/\/www.erboristerie.com\/wp-content\/uploads\/2015\/11\/00010523-beavis-180-pastiglie.jpeg","width":1200,"height":1200},{"@type":"BreadcrumbList","@id":"https:\/\/www.erboristerie.com\/it\/prodotto\/beavis-180-pastiglie-per-la-funzionalita-del-plesso-emorroidario\/#breadcrumb","itemListElement":[{"@type":"ListItem","position":1,"name":"Home","item":"https:\/\/www.erboristerie.com\/it\/"},{"@type":"ListItem","position":2,"name":"Tutti i prodotti","item":"https:\/\/www.erboristerie.com\/it\/tutti-i-prodotti\/"},{"@type":"ListItem","position":3,"name":"Beavis 180 Pastiglie per la funzionalit\u00e0 del plesso emorroidario"}]},{"@type":"WebSite","@id":"https:\/\/www.erboristerie.com\/it\/#website","url":"https:\/\/www.erboristerie.com\/it\/","name":"Erboristeria Demetra","description":"La tua salute al naturale","publisher":{"@id":"https:\/\/www.erboristerie.com\/it\/#organization"},"potentialAction":[{"@type":"SearchAction","target":{"@type":"EntryPoint","urlTemplate":"https:\/\/www.erboristerie.com\/it\/?s={search_term_string}"},"query-input":{"@type":"PropertyValueSpecification","valueRequired":true,"valueName":"search_term_string"}}],"inLanguage":"it-IT"},{"@type":"Organization","@id":"https:\/\/www.erboristerie.com\/it\/#organization","name":"Erboristeria Demetra","url":"https:\/\/www.erboristerie.com\/it\/","logo":{"@type":"ImageObject","inLanguage":"it-IT","@id":"https:\/\/www.erboristerie.com\/it\/#\/schema\/logo\/image\/","url":"https:\/\/www.erboristerie.com\/wp-content\/uploads\/2019\/11\/LOGO_ERBORISTERIA_DEMETRA_original.png?v=1611516981","contentUrl":"https:\/\/www.erboristerie.com\/wp-content\/uploads\/2019\/11\/LOGO_ERBORISTERIA_DEMETRA_original.png?v=1611516981","width":201,"height":54,"caption":"Erboristeria Demetra"},"image":{"@id":"https:\/\/www.erboristerie.com\/it\/#\/schema\/logo\/image\/"},"sameAs":["https:\/\/www.facebook.com\/erboristeria.demetra.online"]}]}},"_links":{"self":[{"href":"https:\/\/www.erboristerie.com\/it\/wp-json\/wp\/v2\/product\/70646","targetHints":{"allow":["GET"]}}],"collection":[{"href":"https:\/\/www.erboristerie.com\/it\/wp-json\/wp\/v2\/product"}],"about":[{"href":"https:\/\/www.erboristerie.com\/it\/wp-json\/wp\/v2\/types\/product"}],"wp:featuredmedia":[{"embeddable":true,"href":"https:\/\/www.erboristerie.com\/it\/wp-json\/wp\/v2\/media\/119281"}],"wp:attachment":[{"href":"https:\/\/www.erboristerie.com\/it\/wp-json\/wp\/v2\/media?parent=70646"}],"wp:term":[{"taxonomy":"product_brand","embeddable":true,"href":"https:\/\/www.erboristerie.com\/it\/wp-json\/wp\/v2\/product_brand?post=70646"},{"taxonomy":"product_cat","embeddable":true,"href":"https:\/\/www.erboristerie.com\/it\/wp-json\/wp\/v2\/product_cat?post=70646"},{"taxonomy":"product_tag","embeddable":true,"href":"https:\/\/www.erboristerie.com\/it\/wp-json\/wp\/v2\/product_tag?post=70646"},{"taxonomy":"giftcard-category","embeddable":true,"href":"https:\/\/www.erboristerie.com\/it\/wp-json\/wp\/v2\/giftcard-category?post=70646"}],"curies":[{"name":"wp","href":"https:\/\/api.w.org\/{rel}","templated":true}]}}