{"id":70246,"date":"2015-09-29T17:32:15","date_gmt":"2015-09-29T15:32:15","guid":{"rendered":"http:\/\/www.erboristerie.com\/?post_type=product&#038;p=70246"},"modified":"2026-02-04T12:04:41","modified_gmt":"2026-02-04T11:04:41","slug":"vitamine-e-minerali-erbamea-24-compresse","status":"publish","type":"product","link":"https:\/\/www.erboristerie.com\/it\/prodotto\/vitamine-e-minerali-erbamea-24-compresse\/","title":{"rendered":"VITAMINE E MINERALI ERBAMEA 24 COMPRESSE"},"content":{"rendered":"<p>\n\t<strong>VITAMINE E MINERALI ERBAMEA 24 COMPRESSE &#8211; <\/strong>Vitamine, minerali e antiossidanti: pi\u00f9 energia per il benessere!<br \/>\n\tIl piacere di vivere e sentirsi bene si pu\u00f2 misurare anche in base al corretto svolgimento delle funzioni legate al nostro metabolismo. L&#8217;organismo richiede infatti tutti i giorni un equilibrato apporto di sostanze nutritive, tra cui sono di particolare importanza piccole dosi di vitamine e minerali. Questi micronutrienti sono indispensabili per attivare e regolare la maggior parte dei principali processi fisiologici. Partecipano al metabolismo energetico e dei nutrienti, difendono il nostro benessere dall&#8217;insulto di radicali liberi in eccesso, aiutano il sistema immunitario a rimanere efficiente e svolgere correttamente il suo lavoro, favoriscono il fisiologico funzionamento del sistema nervoso e contribuiscono al mantenimento di ossa, cartilagini, denti, muscoli, cuore, vasi sanguigni, mucose, pelle e capelli in buono stato.<br \/>\n\tNasce cos\u00ec l&#8217;esigenza di assicurarsi un giusto apporto giornaliero di vitamine e minerali, attraverso una alimentazione sana, varia ed equilibrata, associata ad uno stile di vita sano.<br \/>\n\t<strong>L&#8217;integrazione nell&#8217;alimentazione. Il frutto dell&#8217;esperienza.<\/strong><br \/>\n\tScelte alimentari particolari, pasti ridotti, poco vari e consumati in fretta, spesso poveri di frutta e verdura, insieme a inquinamento, cattive abitudini, come il fumo, oppure lavori pesanti e intensa attivit\u00e0 sportiva, o un et\u00e0 non proprio giovane, possono richiedere un apporto maggiore di questi elementi. Pu\u00f2 rivelarsi quindi in alcuni casi opportuna un&#8217;integrazione, per aiutare a conservare le migliori condizioni fisiche e psichiche e disporre tutti i giorni della giusta carica di energia.<br \/>\n\tDall&#8217;esperienza di Erbamea nasce un integratore contenente 13 vitamine e 11 minerali, arricchito con Luteina e Zeaxatina ottenute dai fiori di Tagete e addizionato di un estratto secco di frutta e verdura. Assumendo la dose giornaliera consigliata \u00e8 possibile ottenere una buona integrazione di Vitamine e Minerali. E sar\u00e0 presto facile raccogliere i\u2026 frutti di questa efficace scelta!<br \/>\n\t<strong>Contiene:<\/strong><br \/>\n\t13 Vitamine (A, B1, B2, B6, B12, C, D, E, K, Acido pantotenico, Biotina, Niacina e Acido folico), 11 minerali (Calcio, Cromo, Ferro, Fosforo, Iodio, Magnesio, Manganese, Molibdeno, Rame, Selenio e Zinco), Luteina e Zeaxantina, i carotenoidi naturalmente presenti nell&#8217;occhio, e un estratto secco di frutta e verdura (Arancia, Mirtillo, Mirtillo rosso americano (Cranberry), Acerola, Carota, Spinacio, Barbabietola rossa, Cavolfiore e Zucca).<br \/>\n\t<strong>Modo d&#8217;uso:<\/strong><br \/>\n\tassumere 1 compressa al giorno, a pranzo o a cena.<\/p>\n","protected":false},"excerpt":{"rendered":"<p>VITAMINE E MINERALI ERBAMEA 24 COMPRESSE &#8211; Vitamine, minerali e antiossidanti: pi\u00f9 energia per il benessere! Il piacere di vivere e sentirsi bene si pu\u00f2 misurare anche in base al corretto svolgimento delle funzioni legate al nostro metabolismo. L&#8217;organismo richiede infatti tutti i giorni un&#8230;<\/p>\n","protected":false},"featured_media":70247,"template":"","meta":{"_acf_changed":false},"product_brand":[9617],"product_cat":[9799],"product_tag":[12861,10768,20528,12270,10583,10769,16864],"giftcard-category":[],"class_list":{"0":"post-70246","1":"product","2":"type-product","3":"status-publish","4":"has-post-thumbnail","6":"product_brand-erbamea","7":"product_cat-vitamine-e-minerali","8":"product_tag-compresse","9":"product_tag-epresat","10":"product_tag-erbamea","11":"product_tag-minerali","12":"product_tag-multi","13":"product_tag-vitam","14":"product_tag-vitamine","16":"first","17":"instock","18":"sale","19":"taxable","20":"shipping-taxable","21":"purchasable","22":"product-type-simple"},"acf":[],"yoast_head":"<!-- This site is optimized with the Yoast SEO plugin v24.9 - https:\/\/yoast.com\/wordpress\/plugins\/seo\/ -->\n<title>VITAMINE E MINERALI ERBAMEA 24 COMPRESSE<\/title>\n<meta name=\"robots\" content=\"index, follow, max-snippet:-1, max-image-preview:large, max-video-preview:-1\" \/>\n<link rel=\"canonical\" href=\"https:\/\/www.erboristerie.com\/it\/prodotto\/vitamine-e-minerali-erbamea-24-compresse\/\" \/>\n<meta property=\"og:locale\" content=\"it_IT\" \/>\n<meta property=\"og:type\" content=\"article\" \/>\n<meta property=\"og:title\" content=\"VITAMINE E MINERALI ERBAMEA 24 COMPRESSE\" \/>\n<meta property=\"og:description\" content=\"VITAMINE E MINERALI ERBAMEA 24 COMPRESSE &#8211; Vitamine, minerali e antiossidanti: pi\u00f9 energia per il benessere! Il piacere di vivere e sentirsi bene si pu\u00f2 misurare anche in base al corretto svolgimento delle funzioni legate al nostro metabolismo. L&#8217;organismo richiede infatti tutti i giorni un...\" \/>\n<meta property=\"og:url\" content=\"https:\/\/www.erboristerie.com\/it\/prodotto\/vitamine-e-minerali-erbamea-24-compresse\/\" \/>\n<meta property=\"og:site_name\" content=\"Erboristeria Demetra\" \/>\n<meta property=\"article:publisher\" content=\"https:\/\/www.facebook.com\/erboristeria.demetra.online\" \/>\n<meta property=\"article:modified_time\" content=\"2026-02-04T11:04:41+00:00\" \/>\n<meta property=\"og:image\" content=\"https:\/\/www.erboristerie.com\/wp-content\/uploads\/2019\/01\/products-00010798.jpg\" \/>\n\t<meta property=\"og:image:width\" content=\"469\" \/>\n\t<meta property=\"og:image:height\" content=\"375\" \/>\n\t<meta property=\"og:image:type\" content=\"image\/jpeg\" \/>\n<meta name=\"twitter:card\" content=\"summary_large_image\" \/>\n<meta name=\"twitter:label1\" content=\"Tempo di lettura stimato\" \/>\n\t<meta name=\"twitter:data1\" content=\"2 minuti\" \/>\n<script type=\"application\/ld+json\" class=\"yoast-schema-graph\">{\"@context\":\"https:\/\/schema.org\",\"@graph\":[{\"@type\":\"WebPage\",\"@id\":\"https:\/\/www.erboristerie.com\/it\/prodotto\/vitamine-e-minerali-erbamea-24-compresse\/\",\"url\":\"https:\/\/www.erboristerie.com\/it\/prodotto\/vitamine-e-minerali-erbamea-24-compresse\/\",\"name\":\"VITAMINE E MINERALI ERBAMEA 24 COMPRESSE\",\"isPartOf\":{\"@id\":\"https:\/\/www.erboristerie.com\/it\/#website\"},\"primaryImageOfPage\":{\"@id\":\"https:\/\/www.erboristerie.com\/it\/prodotto\/vitamine-e-minerali-erbamea-24-compresse\/#primaryimage\"},\"image\":{\"@id\":\"https:\/\/www.erboristerie.com\/it\/prodotto\/vitamine-e-minerali-erbamea-24-compresse\/#primaryimage\"},\"thumbnailUrl\":\"https:\/\/www.erboristerie.com\/wp-content\/uploads\/2019\/01\/products-00010798.jpg\",\"datePublished\":\"2015-09-29T15:32:15+00:00\",\"dateModified\":\"2026-02-04T11:04:41+00:00\",\"breadcrumb\":{\"@id\":\"https:\/\/www.erboristerie.com\/it\/prodotto\/vitamine-e-minerali-erbamea-24-compresse\/#breadcrumb\"},\"inLanguage\":\"it-IT\",\"potentialAction\":[{\"@type\":\"ReadAction\",\"target\":[\"https:\/\/www.erboristerie.com\/it\/prodotto\/vitamine-e-minerali-erbamea-24-compresse\/\"]}]},{\"@type\":\"ImageObject\",\"inLanguage\":\"it-IT\",\"@id\":\"https:\/\/www.erboristerie.com\/it\/prodotto\/vitamine-e-minerali-erbamea-24-compresse\/#primaryimage\",\"url\":\"https:\/\/www.erboristerie.com\/wp-content\/uploads\/2019\/01\/products-00010798.jpg\",\"contentUrl\":\"https:\/\/www.erboristerie.com\/wp-content\/uploads\/2019\/01\/products-00010798.jpg\",\"width\":\"469\",\"height\":\"375\",\"caption\":\"VITAMINE E MINERALI ERBAMEA 24 COMPRESSE\"},{\"@type\":\"BreadcrumbList\",\"@id\":\"https:\/\/www.erboristerie.com\/it\/prodotto\/vitamine-e-minerali-erbamea-24-compresse\/#breadcrumb\",\"itemListElement\":[{\"@type\":\"ListItem\",\"position\":1,\"name\":\"Home\",\"item\":\"https:\/\/www.erboristerie.com\/it\/\"},{\"@type\":\"ListItem\",\"position\":2,\"name\":\"Tutti i prodotti\",\"item\":\"https:\/\/www.erboristerie.com\/it\/tutti-i-prodotti\/\"},{\"@type\":\"ListItem\",\"position\":3,\"name\":\"VITAMINE E MINERALI ERBAMEA 24 COMPRESSE\"}]},{\"@type\":\"WebSite\",\"@id\":\"https:\/\/www.erboristerie.com\/it\/#website\",\"url\":\"https:\/\/www.erboristerie.com\/it\/\",\"name\":\"Erboristeria Demetra\",\"description\":\"La tua salute al naturale\",\"publisher\":{\"@id\":\"https:\/\/www.erboristerie.com\/it\/#organization\"},\"potentialAction\":[{\"@type\":\"SearchAction\",\"target\":{\"@type\":\"EntryPoint\",\"urlTemplate\":\"https:\/\/www.erboristerie.com\/it\/?s={search_term_string}\"},\"query-input\":{\"@type\":\"PropertyValueSpecification\",\"valueRequired\":true,\"valueName\":\"search_term_string\"}}],\"inLanguage\":\"it-IT\"},{\"@type\":\"Organization\",\"@id\":\"https:\/\/www.erboristerie.com\/it\/#organization\",\"name\":\"Erboristeria Demetra\",\"url\":\"https:\/\/www.erboristerie.com\/it\/\",\"logo\":{\"@type\":\"ImageObject\",\"inLanguage\":\"it-IT\",\"@id\":\"https:\/\/www.erboristerie.com\/it\/#\/schema\/logo\/image\/\",\"url\":\"https:\/\/www.erboristerie.com\/wp-content\/uploads\/2019\/11\/LOGO_ERBORISTERIA_DEMETRA_original.png?v=1611516981\",\"contentUrl\":\"https:\/\/www.erboristerie.com\/wp-content\/uploads\/2019\/11\/LOGO_ERBORISTERIA_DEMETRA_original.png?v=1611516981\",\"width\":201,\"height\":54,\"caption\":\"Erboristeria Demetra\"},\"image\":{\"@id\":\"https:\/\/www.erboristerie.com\/it\/#\/schema\/logo\/image\/\"},\"sameAs\":[\"https:\/\/www.facebook.com\/erboristeria.demetra.online\"]}]}<\/script>\n<!-- \/ Yoast SEO plugin. -->","yoast_head_json":{"title":"VITAMINE E MINERALI ERBAMEA 24 COMPRESSE","robots":{"index":"index","follow":"follow","max-snippet":"max-snippet:-1","max-image-preview":"max-image-preview:large","max-video-preview":"max-video-preview:-1"},"canonical":"https:\/\/www.erboristerie.com\/it\/prodotto\/vitamine-e-minerali-erbamea-24-compresse\/","og_locale":"it_IT","og_type":"article","og_title":"VITAMINE E MINERALI ERBAMEA 24 COMPRESSE","og_description":"VITAMINE E MINERALI ERBAMEA 24 COMPRESSE &#8211; Vitamine, minerali e antiossidanti: pi\u00f9 energia per il benessere! Il piacere di vivere e sentirsi bene si pu\u00f2 misurare anche in base al corretto svolgimento delle funzioni legate al nostro metabolismo. L&#8217;organismo richiede infatti tutti i giorni un...","og_url":"https:\/\/www.erboristerie.com\/it\/prodotto\/vitamine-e-minerali-erbamea-24-compresse\/","og_site_name":"Erboristeria Demetra","article_publisher":"https:\/\/www.facebook.com\/erboristeria.demetra.online","article_modified_time":"2026-02-04T11:04:41+00:00","og_image":[{"width":469,"height":375,"url":"https:\/\/www.erboristerie.com\/wp-content\/uploads\/2019\/01\/products-00010798.jpg","type":"image\/jpeg"}],"twitter_card":"summary_large_image","twitter_misc":{"Tempo di lettura stimato":"2 minuti"},"schema":{"@context":"https:\/\/schema.org","@graph":[{"@type":"WebPage","@id":"https:\/\/www.erboristerie.com\/it\/prodotto\/vitamine-e-minerali-erbamea-24-compresse\/","url":"https:\/\/www.erboristerie.com\/it\/prodotto\/vitamine-e-minerali-erbamea-24-compresse\/","name":"VITAMINE E MINERALI ERBAMEA 24 COMPRESSE","isPartOf":{"@id":"https:\/\/www.erboristerie.com\/it\/#website"},"primaryImageOfPage":{"@id":"https:\/\/www.erboristerie.com\/it\/prodotto\/vitamine-e-minerali-erbamea-24-compresse\/#primaryimage"},"image":{"@id":"https:\/\/www.erboristerie.com\/it\/prodotto\/vitamine-e-minerali-erbamea-24-compresse\/#primaryimage"},"thumbnailUrl":"https:\/\/www.erboristerie.com\/wp-content\/uploads\/2019\/01\/products-00010798.jpg","datePublished":"2015-09-29T15:32:15+00:00","dateModified":"2026-02-04T11:04:41+00:00","breadcrumb":{"@id":"https:\/\/www.erboristerie.com\/it\/prodotto\/vitamine-e-minerali-erbamea-24-compresse\/#breadcrumb"},"inLanguage":"it-IT","potentialAction":[{"@type":"ReadAction","target":["https:\/\/www.erboristerie.com\/it\/prodotto\/vitamine-e-minerali-erbamea-24-compresse\/"]}]},{"@type":"ImageObject","inLanguage":"it-IT","@id":"https:\/\/www.erboristerie.com\/it\/prodotto\/vitamine-e-minerali-erbamea-24-compresse\/#primaryimage","url":"https:\/\/www.erboristerie.com\/wp-content\/uploads\/2019\/01\/products-00010798.jpg","contentUrl":"https:\/\/www.erboristerie.com\/wp-content\/uploads\/2019\/01\/products-00010798.jpg","width":"469","height":"375","caption":"VITAMINE E MINERALI ERBAMEA 24 COMPRESSE"},{"@type":"BreadcrumbList","@id":"https:\/\/www.erboristerie.com\/it\/prodotto\/vitamine-e-minerali-erbamea-24-compresse\/#breadcrumb","itemListElement":[{"@type":"ListItem","position":1,"name":"Home","item":"https:\/\/www.erboristerie.com\/it\/"},{"@type":"ListItem","position":2,"name":"Tutti i prodotti","item":"https:\/\/www.erboristerie.com\/it\/tutti-i-prodotti\/"},{"@type":"ListItem","position":3,"name":"VITAMINE E MINERALI ERBAMEA 24 COMPRESSE"}]},{"@type":"WebSite","@id":"https:\/\/www.erboristerie.com\/it\/#website","url":"https:\/\/www.erboristerie.com\/it\/","name":"Erboristeria Demetra","description":"La tua salute al naturale","publisher":{"@id":"https:\/\/www.erboristerie.com\/it\/#organization"},"potentialAction":[{"@type":"SearchAction","target":{"@type":"EntryPoint","urlTemplate":"https:\/\/www.erboristerie.com\/it\/?s={search_term_string}"},"query-input":{"@type":"PropertyValueSpecification","valueRequired":true,"valueName":"search_term_string"}}],"inLanguage":"it-IT"},{"@type":"Organization","@id":"https:\/\/www.erboristerie.com\/it\/#organization","name":"Erboristeria Demetra","url":"https:\/\/www.erboristerie.com\/it\/","logo":{"@type":"ImageObject","inLanguage":"it-IT","@id":"https:\/\/www.erboristerie.com\/it\/#\/schema\/logo\/image\/","url":"https:\/\/www.erboristerie.com\/wp-content\/uploads\/2019\/11\/LOGO_ERBORISTERIA_DEMETRA_original.png?v=1611516981","contentUrl":"https:\/\/www.erboristerie.com\/wp-content\/uploads\/2019\/11\/LOGO_ERBORISTERIA_DEMETRA_original.png?v=1611516981","width":201,"height":54,"caption":"Erboristeria Demetra"},"image":{"@id":"https:\/\/www.erboristerie.com\/it\/#\/schema\/logo\/image\/"},"sameAs":["https:\/\/www.facebook.com\/erboristeria.demetra.online"]}]}},"_links":{"self":[{"href":"https:\/\/www.erboristerie.com\/it\/wp-json\/wp\/v2\/product\/70246","targetHints":{"allow":["GET"]}}],"collection":[{"href":"https:\/\/www.erboristerie.com\/it\/wp-json\/wp\/v2\/product"}],"about":[{"href":"https:\/\/www.erboristerie.com\/it\/wp-json\/wp\/v2\/types\/product"}],"wp:featuredmedia":[{"embeddable":true,"href":"https:\/\/www.erboristerie.com\/it\/wp-json\/wp\/v2\/media\/70247"}],"wp:attachment":[{"href":"https:\/\/www.erboristerie.com\/it\/wp-json\/wp\/v2\/media?parent=70246"}],"wp:term":[{"taxonomy":"product_brand","embeddable":true,"href":"https:\/\/www.erboristerie.com\/it\/wp-json\/wp\/v2\/product_brand?post=70246"},{"taxonomy":"product_cat","embeddable":true,"href":"https:\/\/www.erboristerie.com\/it\/wp-json\/wp\/v2\/product_cat?post=70246"},{"taxonomy":"product_tag","embeddable":true,"href":"https:\/\/www.erboristerie.com\/it\/wp-json\/wp\/v2\/product_tag?post=70246"},{"taxonomy":"giftcard-category","embeddable":true,"href":"https:\/\/www.erboristerie.com\/it\/wp-json\/wp\/v2\/giftcard-category?post=70246"}],"curies":[{"name":"wp","href":"https:\/\/api.w.org\/{rel}","templated":true}]}}