{"id":69898,"date":"2015-06-11T12:21:19","date_gmt":"2015-06-11T10:21:19","guid":{"rendered":"http:\/\/www.erboristerie.com\/?post_type=product&#038;p=69898"},"modified":"2024-10-06T20:52:11","modified_gmt":"2024-10-06T18:52:11","slug":"olio-di-dattero-shampoo-ultra-delicato-200ml","status":"publish","type":"product","link":"https:\/\/www.erboristerie.com\/it\/prodotto\/olio-di-dattero-shampoo-ultra-delicato-200ml\/","title":{"rendered":"Olio di Dattero Shampoo Ultra Delicato 200ml"},"content":{"rendered":"<p>\n\t<strong>OLIODIDATTERO SHAMPOO ULTRADELICATO 200ML &#8211; <\/strong><em>Per tutti i tipi di capelli<\/em><br \/>\n\tIdeale per i capelli pi\u00f9 delicati che richiedono protezione, equilibrio e dolcezza. L\u2019azione detergente \u00e8 affidata a tensioattivi vegetali che agiscono delicatamente senza intaccare l\u2019equilibrio idrolipidico dei capelli.<br \/>\n\tPerfetto per tutta la famiglia.<br \/>\n\tCon olio di Dattero*, dalle straordinarie propriet\u00e0 nutrienti e idratanti, e Avena, ricca di sostanze emollienti che rendono i capelli subito pi\u00f9 morbidi, luminosi e docili al pettine.<\/p>\n<p>\n\t<strong>OLIODIDATTERO<\/strong> &#8211; <em>La linea per lo splendore dei capelli<\/em><br \/>\n\tL\u2019olio di Dattero* \u00e8 l\u2019ingrediente che caratterizza l\u2019innovativa linea Nature\u2019s di shampoo e trattamenti per la bellezza e vitalit\u00e0 delle diverse tipologie di capello.<br \/>\n\tLa ricerca Nature\u2019s ha selezionato i semi del Dattero del Sahel, noto anche come dattero del deserto, per il suo straordinario olio, ricco di sostanze nutrienti, protettive e ristrutturanti, utili per il benessere e lo splendore dei capelli.<br \/>\n\tTipico delle zone aride dell\u2019Africa sub-sahariana, la Balanites roxburghii, della famiglia delle Balanitaceae, \u00e8 una pianta robusta che pu\u00f2 raggiungere i 10 metri di altezza e il suo frutto \u00e8 in grado di sopravvivere in condizioni di estrema siccit\u00e0.<br \/>\n\tL\u2019olio di Dattero* utilizzato da Nature\u2019s proviene dal Burkina Faso dove una cooperativa di donne lo estrae con un particolare procedimento di spremitura a freddo per preservare l\u2019elevato contenuto di flavonoidi e acidi grassi ad azione nutriente e riparatrice.<br \/>\n\t*da agricoltura biologica<\/p>\n","protected":false},"excerpt":{"rendered":"<p>OLIODIDATTERO SHAMPOO ULTRADELICATO 200ML &#8211; Per tutti i tipi di capelli Ideale per i capelli pi\u00f9 delicati che richiedono protezione, equilibrio e dolcezza. L\u2019azione detergente \u00e8 affidata a tensioattivi vegetali che agiscono delicatamente senza intaccare l\u2019equilibrio idrolipidico dei capelli. Perfetto per tutta la famiglia. Con&#8230;<\/p>\n","protected":false},"featured_media":69899,"template":"","meta":{"_acf_changed":false},"product_brand":[9650],"product_cat":[10307,45044],"product_tag":[10917,10920,10919,11485,11206,10671,17455,10918,10829,10962,17456],"giftcard-category":[],"class_list":{"0":"post-69898","1":"product","2":"type-product","3":"status-publish","4":"has-post-thumbnail","6":"product_brand-nature-s","7":"product_cat-capelli","8":"product_cat-detergenza","9":"product_tag-200ml","10":"product_tag-anticaduta","11":"product_tag-biokap","12":"product_tag-dattero","13":"product_tag-delicato","14":"product_tag-olio","15":"product_tag-oliodidattero","16":"product_tag-rinforzante","17":"product_tag-shampoo","18":"product_tag-ultra","19":"product_tag-ultradelicato","20":"pa_formato-200-ml","21":"pa_linea-profumazione-olio-di-dattero","22":"pa_marca-natures","23":"pa_tipologia-shampoo","25":"first","26":"instock","27":"sale","28":"taxable","29":"shipping-taxable","30":"purchasable","31":"product-type-simple"},"acf":[],"yoast_head":"<!-- This site is optimized with the Yoast SEO plugin v24.9 - https:\/\/yoast.com\/wordpress\/plugins\/seo\/ -->\n<title>Olio di Dattero Shampoo Ultra Delicato 200ml<\/title>\n<meta name=\"description\" content=\"Ideale per i capelli pi\u00f9 delicati che richiedono protezione, equilibrio e dolcezza.\" \/>\n<meta name=\"robots\" content=\"index, follow, max-snippet:-1, max-image-preview:large, max-video-preview:-1\" \/>\n<link rel=\"canonical\" href=\"https:\/\/www.erboristerie.com\/it\/prodotto\/olio-di-dattero-shampoo-ultra-delicato-200ml\/\" \/>\n<meta property=\"og:locale\" content=\"it_IT\" \/>\n<meta property=\"og:type\" content=\"article\" \/>\n<meta property=\"og:title\" content=\"Olio di Dattero Shampoo Ultra Delicato 200ml\" \/>\n<meta property=\"og:description\" content=\"Ideale per i capelli pi\u00f9 delicati che richiedono protezione, equilibrio e dolcezza.\" \/>\n<meta property=\"og:url\" content=\"https:\/\/www.erboristerie.com\/it\/prodotto\/olio-di-dattero-shampoo-ultra-delicato-200ml\/\" \/>\n<meta property=\"og:site_name\" content=\"Erboristeria Demetra\" \/>\n<meta property=\"article:publisher\" content=\"https:\/\/www.facebook.com\/erboristeria.demetra.online\" \/>\n<meta property=\"article:modified_time\" content=\"2024-10-06T18:52:11+00:00\" \/>\n<meta property=\"og:image\" content=\"https:\/\/www.erboristerie.com\/wp-content\/uploads\/2019\/01\/products-00007460.jpg\" \/>\n\t<meta property=\"og:image:width\" content=\"745\" \/>\n\t<meta property=\"og:image:height\" content=\"817\" \/>\n\t<meta property=\"og:image:type\" content=\"image\/jpeg\" \/>\n<meta name=\"twitter:card\" content=\"summary_large_image\" \/>\n<meta name=\"twitter:label1\" content=\"Tempo di lettura stimato\" \/>\n\t<meta name=\"twitter:data1\" content=\"1 minuto\" \/>\n<script type=\"application\/ld+json\" class=\"yoast-schema-graph\">{\"@context\":\"https:\/\/schema.org\",\"@graph\":[{\"@type\":\"WebPage\",\"@id\":\"https:\/\/www.erboristerie.com\/it\/prodotto\/olio-di-dattero-shampoo-ultra-delicato-200ml\/\",\"url\":\"https:\/\/www.erboristerie.com\/it\/prodotto\/olio-di-dattero-shampoo-ultra-delicato-200ml\/\",\"name\":\"Olio di Dattero Shampoo Ultra Delicato 200ml\",\"isPartOf\":{\"@id\":\"https:\/\/www.erboristerie.com\/it\/#website\"},\"primaryImageOfPage\":{\"@id\":\"https:\/\/www.erboristerie.com\/it\/prodotto\/olio-di-dattero-shampoo-ultra-delicato-200ml\/#primaryimage\"},\"image\":{\"@id\":\"https:\/\/www.erboristerie.com\/it\/prodotto\/olio-di-dattero-shampoo-ultra-delicato-200ml\/#primaryimage\"},\"thumbnailUrl\":\"https:\/\/www.erboristerie.com\/wp-content\/uploads\/2019\/01\/products-00007460.jpg\",\"datePublished\":\"2015-06-11T10:21:19+00:00\",\"dateModified\":\"2024-10-06T18:52:11+00:00\",\"description\":\"Ideale per i capelli pi\u00f9 delicati che richiedono protezione, equilibrio e dolcezza.\",\"breadcrumb\":{\"@id\":\"https:\/\/www.erboristerie.com\/it\/prodotto\/olio-di-dattero-shampoo-ultra-delicato-200ml\/#breadcrumb\"},\"inLanguage\":\"it-IT\",\"potentialAction\":[{\"@type\":\"ReadAction\",\"target\":[\"https:\/\/www.erboristerie.com\/it\/prodotto\/olio-di-dattero-shampoo-ultra-delicato-200ml\/\"]}]},{\"@type\":\"ImageObject\",\"inLanguage\":\"it-IT\",\"@id\":\"https:\/\/www.erboristerie.com\/it\/prodotto\/olio-di-dattero-shampoo-ultra-delicato-200ml\/#primaryimage\",\"url\":\"https:\/\/www.erboristerie.com\/wp-content\/uploads\/2019\/01\/products-00007460.jpg\",\"contentUrl\":\"https:\/\/www.erboristerie.com\/wp-content\/uploads\/2019\/01\/products-00007460.jpg\",\"width\":\"745\",\"height\":\"817\",\"caption\":\"Olio di Dattero Shampoo Ultra Delicato 200ml\"},{\"@type\":\"BreadcrumbList\",\"@id\":\"https:\/\/www.erboristerie.com\/it\/prodotto\/olio-di-dattero-shampoo-ultra-delicato-200ml\/#breadcrumb\",\"itemListElement\":[{\"@type\":\"ListItem\",\"position\":1,\"name\":\"Home\",\"item\":\"https:\/\/www.erboristerie.com\/it\/\"},{\"@type\":\"ListItem\",\"position\":2,\"name\":\"Tutti i prodotti\",\"item\":\"https:\/\/www.erboristerie.com\/it\/tutti-i-prodotti\/\"},{\"@type\":\"ListItem\",\"position\":3,\"name\":\"Olio di Dattero Shampoo Ultra Delicato 200ml\"}]},{\"@type\":\"WebSite\",\"@id\":\"https:\/\/www.erboristerie.com\/it\/#website\",\"url\":\"https:\/\/www.erboristerie.com\/it\/\",\"name\":\"Erboristeria Demetra\",\"description\":\"La tua salute al naturale\",\"publisher\":{\"@id\":\"https:\/\/www.erboristerie.com\/it\/#organization\"},\"potentialAction\":[{\"@type\":\"SearchAction\",\"target\":{\"@type\":\"EntryPoint\",\"urlTemplate\":\"https:\/\/www.erboristerie.com\/it\/?s={search_term_string}\"},\"query-input\":{\"@type\":\"PropertyValueSpecification\",\"valueRequired\":true,\"valueName\":\"search_term_string\"}}],\"inLanguage\":\"it-IT\"},{\"@type\":\"Organization\",\"@id\":\"https:\/\/www.erboristerie.com\/it\/#organization\",\"name\":\"Erboristeria Demetra\",\"url\":\"https:\/\/www.erboristerie.com\/it\/\",\"logo\":{\"@type\":\"ImageObject\",\"inLanguage\":\"it-IT\",\"@id\":\"https:\/\/www.erboristerie.com\/it\/#\/schema\/logo\/image\/\",\"url\":\"https:\/\/www.erboristerie.com\/wp-content\/uploads\/2019\/11\/LOGO_ERBORISTERIA_DEMETRA_original.png?v=1611516981\",\"contentUrl\":\"https:\/\/www.erboristerie.com\/wp-content\/uploads\/2019\/11\/LOGO_ERBORISTERIA_DEMETRA_original.png?v=1611516981\",\"width\":201,\"height\":54,\"caption\":\"Erboristeria Demetra\"},\"image\":{\"@id\":\"https:\/\/www.erboristerie.com\/it\/#\/schema\/logo\/image\/\"},\"sameAs\":[\"https:\/\/www.facebook.com\/erboristeria.demetra.online\"]}]}<\/script>\n<!-- \/ Yoast SEO plugin. -->","yoast_head_json":{"title":"Olio di Dattero Shampoo Ultra Delicato 200ml","description":"Ideale per i capelli pi\u00f9 delicati che richiedono protezione, equilibrio e dolcezza.","robots":{"index":"index","follow":"follow","max-snippet":"max-snippet:-1","max-image-preview":"max-image-preview:large","max-video-preview":"max-video-preview:-1"},"canonical":"https:\/\/www.erboristerie.com\/it\/prodotto\/olio-di-dattero-shampoo-ultra-delicato-200ml\/","og_locale":"it_IT","og_type":"article","og_title":"Olio di Dattero Shampoo Ultra Delicato 200ml","og_description":"Ideale per i capelli pi\u00f9 delicati che richiedono protezione, equilibrio e dolcezza.","og_url":"https:\/\/www.erboristerie.com\/it\/prodotto\/olio-di-dattero-shampoo-ultra-delicato-200ml\/","og_site_name":"Erboristeria Demetra","article_publisher":"https:\/\/www.facebook.com\/erboristeria.demetra.online","article_modified_time":"2024-10-06T18:52:11+00:00","og_image":[{"width":745,"height":817,"url":"https:\/\/www.erboristerie.com\/wp-content\/uploads\/2019\/01\/products-00007460.jpg","type":"image\/jpeg"}],"twitter_card":"summary_large_image","twitter_misc":{"Tempo di lettura stimato":"1 minuto"},"schema":{"@context":"https:\/\/schema.org","@graph":[{"@type":"WebPage","@id":"https:\/\/www.erboristerie.com\/it\/prodotto\/olio-di-dattero-shampoo-ultra-delicato-200ml\/","url":"https:\/\/www.erboristerie.com\/it\/prodotto\/olio-di-dattero-shampoo-ultra-delicato-200ml\/","name":"Olio di Dattero Shampoo Ultra Delicato 200ml","isPartOf":{"@id":"https:\/\/www.erboristerie.com\/it\/#website"},"primaryImageOfPage":{"@id":"https:\/\/www.erboristerie.com\/it\/prodotto\/olio-di-dattero-shampoo-ultra-delicato-200ml\/#primaryimage"},"image":{"@id":"https:\/\/www.erboristerie.com\/it\/prodotto\/olio-di-dattero-shampoo-ultra-delicato-200ml\/#primaryimage"},"thumbnailUrl":"https:\/\/www.erboristerie.com\/wp-content\/uploads\/2019\/01\/products-00007460.jpg","datePublished":"2015-06-11T10:21:19+00:00","dateModified":"2024-10-06T18:52:11+00:00","description":"Ideale per i capelli pi\u00f9 delicati che richiedono protezione, equilibrio e dolcezza.","breadcrumb":{"@id":"https:\/\/www.erboristerie.com\/it\/prodotto\/olio-di-dattero-shampoo-ultra-delicato-200ml\/#breadcrumb"},"inLanguage":"it-IT","potentialAction":[{"@type":"ReadAction","target":["https:\/\/www.erboristerie.com\/it\/prodotto\/olio-di-dattero-shampoo-ultra-delicato-200ml\/"]}]},{"@type":"ImageObject","inLanguage":"it-IT","@id":"https:\/\/www.erboristerie.com\/it\/prodotto\/olio-di-dattero-shampoo-ultra-delicato-200ml\/#primaryimage","url":"https:\/\/www.erboristerie.com\/wp-content\/uploads\/2019\/01\/products-00007460.jpg","contentUrl":"https:\/\/www.erboristerie.com\/wp-content\/uploads\/2019\/01\/products-00007460.jpg","width":"745","height":"817","caption":"Olio di Dattero Shampoo Ultra Delicato 200ml"},{"@type":"BreadcrumbList","@id":"https:\/\/www.erboristerie.com\/it\/prodotto\/olio-di-dattero-shampoo-ultra-delicato-200ml\/#breadcrumb","itemListElement":[{"@type":"ListItem","position":1,"name":"Home","item":"https:\/\/www.erboristerie.com\/it\/"},{"@type":"ListItem","position":2,"name":"Tutti i prodotti","item":"https:\/\/www.erboristerie.com\/it\/tutti-i-prodotti\/"},{"@type":"ListItem","position":3,"name":"Olio di Dattero Shampoo Ultra Delicato 200ml"}]},{"@type":"WebSite","@id":"https:\/\/www.erboristerie.com\/it\/#website","url":"https:\/\/www.erboristerie.com\/it\/","name":"Erboristeria Demetra","description":"La tua salute al naturale","publisher":{"@id":"https:\/\/www.erboristerie.com\/it\/#organization"},"potentialAction":[{"@type":"SearchAction","target":{"@type":"EntryPoint","urlTemplate":"https:\/\/www.erboristerie.com\/it\/?s={search_term_string}"},"query-input":{"@type":"PropertyValueSpecification","valueRequired":true,"valueName":"search_term_string"}}],"inLanguage":"it-IT"},{"@type":"Organization","@id":"https:\/\/www.erboristerie.com\/it\/#organization","name":"Erboristeria Demetra","url":"https:\/\/www.erboristerie.com\/it\/","logo":{"@type":"ImageObject","inLanguage":"it-IT","@id":"https:\/\/www.erboristerie.com\/it\/#\/schema\/logo\/image\/","url":"https:\/\/www.erboristerie.com\/wp-content\/uploads\/2019\/11\/LOGO_ERBORISTERIA_DEMETRA_original.png?v=1611516981","contentUrl":"https:\/\/www.erboristerie.com\/wp-content\/uploads\/2019\/11\/LOGO_ERBORISTERIA_DEMETRA_original.png?v=1611516981","width":201,"height":54,"caption":"Erboristeria Demetra"},"image":{"@id":"https:\/\/www.erboristerie.com\/it\/#\/schema\/logo\/image\/"},"sameAs":["https:\/\/www.facebook.com\/erboristeria.demetra.online"]}]}},"_links":{"self":[{"href":"https:\/\/www.erboristerie.com\/it\/wp-json\/wp\/v2\/product\/69898","targetHints":{"allow":["GET"]}}],"collection":[{"href":"https:\/\/www.erboristerie.com\/it\/wp-json\/wp\/v2\/product"}],"about":[{"href":"https:\/\/www.erboristerie.com\/it\/wp-json\/wp\/v2\/types\/product"}],"wp:featuredmedia":[{"embeddable":true,"href":"https:\/\/www.erboristerie.com\/it\/wp-json\/wp\/v2\/media\/69899"}],"wp:attachment":[{"href":"https:\/\/www.erboristerie.com\/it\/wp-json\/wp\/v2\/media?parent=69898"}],"wp:term":[{"taxonomy":"product_brand","embeddable":true,"href":"https:\/\/www.erboristerie.com\/it\/wp-json\/wp\/v2\/product_brand?post=69898"},{"taxonomy":"product_cat","embeddable":true,"href":"https:\/\/www.erboristerie.com\/it\/wp-json\/wp\/v2\/product_cat?post=69898"},{"taxonomy":"product_tag","embeddable":true,"href":"https:\/\/www.erboristerie.com\/it\/wp-json\/wp\/v2\/product_tag?post=69898"},{"taxonomy":"giftcard-category","embeddable":true,"href":"https:\/\/www.erboristerie.com\/it\/wp-json\/wp\/v2\/giftcard-category?post=69898"}],"curies":[{"name":"wp","href":"https:\/\/api.w.org\/{rel}","templated":true}]}}