{"id":69502,"date":"2015-04-03T12:55:03","date_gmt":"2015-04-03T10:55:03","guid":{"rendered":"http:\/\/www.erboristerie.com\/?post_type=product&#038;p=69502"},"modified":"2025-11-30T19:49:44","modified_gmt":"2025-11-30T18:49:44","slug":"diffusore-bastoncini-agrumi-di-sicilia-100ml-nasoterapia","status":"publish","type":"product","link":"https:\/\/www.erboristerie.com\/it\/prodotto\/diffusore-bastoncini-agrumi-di-sicilia-100ml-nasoterapia\/","title":{"rendered":"Diffusore bastoncini Agrumi di Sicilia 100ml Nasoterapia"},"content":{"rendered":"<p><strong>Diffusore a bastoncini Agrumi di Sicilia &#8211; Nasoterapia<\/strong><\/p>\n<p>Confezione con flacone da 100ml <strong>completo di bastoncini<\/strong><\/p>\n<p>Le note di testa racchiudono la gioia di una giornata al sole in un giardino di Sicilia, la sinfonia delle note agruma-te da\u0300 vita a un profumo che e\u0300 un inno all\u2019allegria.<\/p>\n<p>Le note dolci di Mandarino e Arancio si uniscono a quelle citrate del Limone in un&#8217;armonia di buonumore.<\/p>\n<p>Il cuore di Pepe rosa e Geranio incornicia la vitalita\u0300 degli agrumi insieme al fondo legnoso e leggermente agrumato del Vetiver.<\/p>\n<p>I bastoncini in rattan immersi nell\u2019essenza diffondono nell\u2019aria in modo costante le varie composizioni aromatiche di Nasoterapia, ora note dolci e foreali, ora fruttate, ora speziate e legnose, per regalare sempre nuove atmosfere.<\/p>\n<p><strong>Modo d&#8217;uso<\/strong><\/p>\n<p>Immergere i bastoncini nel flacone. Attendere alcune ore dopodich\u00e8, per capillarit\u00e0 il profumo si diffondera in tutti i bastoncini (anche nella parte &#8220;aerea&#8221;) e lessenza iniziar\u00e0 delicatamente e costantemente a profumare l&#8217;ambiente.<\/p>\n<p>Basta capovolgerli per ravvivare il profumo e l\u2019emozione.<\/p>\n<p><a href=\"https:\/\/www.erboristerie.com\/it\/?s=bastoncini&amp;post_type=product&amp;type_aws=true&amp;lang=it\">Clicca qui<\/a> per tutti i diffusori a bastoncini e le ricariche<\/p>\n","protected":false},"excerpt":{"rendered":"<p>Diffusore a bastoncini Agrumi di Sicilia &#8211; Nasoterapia Confezione con flacone da 100ml completo di bastoncini Le note di testa racchiudono la gioia di una giornata al sole in un giardino di Sicilia, la sinfonia delle note agruma-te da\u0300 vita a un profumo che e\u0300&#8230;<\/p>\n","protected":false},"featured_media":126883,"template":"","meta":{"_acf_changed":false},"product_brand":[9649],"product_cat":[9719],"product_tag":[10588,10833,10587,10585,17386,10591,12821],"giftcard-category":[],"class_list":{"0":"post-69502","1":"product","2":"type-product","3":"status-publish","4":"has-post-thumbnail","6":"product_brand-nasoterapia-di-hp-italia","7":"product_cat-diffusori-profumi-ambiente","8":"product_tag-100ml","9":"product_tag-agrumi","10":"product_tag-bastoncini","11":"product_tag-diffusore","12":"product_tag-mediterranei","13":"product_tag-nasoterapia","14":"product_tag-oceano","15":"pa_formato-100-ml","16":"pa_marca-nasoterapia","17":"pa_tipologia-profumo-ambiente","19":"first","20":"instock","21":"sale","22":"taxable","23":"shipping-taxable","24":"purchasable","25":"product-type-simple"},"acf":[],"yoast_head":"<!-- This site is optimized with the Yoast SEO plugin v24.9 - https:\/\/yoast.com\/wordpress\/plugins\/seo\/ -->\n<title>Diffusore bastoncini Agrumi di Sicilia 100ml Nasoterapia - Erboristeria Demetra<\/title>\n<meta name=\"description\" content=\"I diffusori a bastoncini diffondono nell\u2019aria in modo costante per regalare sempre nuove atmosfere. Basta capovolgerli per ravvivare il profumo e l\u2019emozione\" \/>\n<meta name=\"robots\" content=\"index, follow, max-snippet:-1, max-image-preview:large, max-video-preview:-1\" \/>\n<link rel=\"canonical\" href=\"https:\/\/www.erboristerie.com\/it\/prodotto\/diffusore-bastoncini-agrumi-di-sicilia-100ml-nasoterapia\/\" \/>\n<meta property=\"og:locale\" content=\"it_IT\" \/>\n<meta property=\"og:type\" content=\"article\" \/>\n<meta property=\"og:title\" content=\"Diffusore bastoncini Agrumi di Sicilia 100ml Nasoterapia - Erboristeria Demetra\" \/>\n<meta property=\"og:description\" content=\"I diffusori a bastoncini diffondono nell\u2019aria in modo costante per regalare sempre nuove atmosfere. Basta capovolgerli per ravvivare il profumo e l\u2019emozione\" \/>\n<meta property=\"og:url\" content=\"https:\/\/www.erboristerie.com\/it\/prodotto\/diffusore-bastoncini-agrumi-di-sicilia-100ml-nasoterapia\/\" \/>\n<meta property=\"og:site_name\" content=\"Erboristeria Demetra\" \/>\n<meta property=\"article:publisher\" content=\"https:\/\/www.facebook.com\/erboristeria.demetra.online\" \/>\n<meta property=\"article:modified_time\" content=\"2025-11-30T18:49:44+00:00\" \/>\n<meta property=\"og:image\" content=\"https:\/\/www.erboristerie.com\/wp-content\/uploads\/2023\/07\/00007714-diffusore-bastoncini-agrumi-di-sicilia-nasoterapia-erboristerie-com.jpg\" \/>\n\t<meta property=\"og:image:width\" content=\"1000\" \/>\n\t<meta property=\"og:image:height\" content=\"1000\" \/>\n\t<meta property=\"og:image:type\" content=\"image\/jpeg\" \/>\n<meta name=\"twitter:card\" content=\"summary_large_image\" \/>\n<meta name=\"twitter:label1\" content=\"Tempo di lettura stimato\" \/>\n\t<meta name=\"twitter:data1\" content=\"2 minuti\" \/>\n<script type=\"application\/ld+json\" class=\"yoast-schema-graph\">{\"@context\":\"https:\/\/schema.org\",\"@graph\":[{\"@type\":\"WebPage\",\"@id\":\"https:\/\/www.erboristerie.com\/it\/prodotto\/diffusore-bastoncini-agrumi-di-sicilia-100ml-nasoterapia\/\",\"url\":\"https:\/\/www.erboristerie.com\/it\/prodotto\/diffusore-bastoncini-agrumi-di-sicilia-100ml-nasoterapia\/\",\"name\":\"Diffusore bastoncini Agrumi di Sicilia 100ml Nasoterapia - Erboristeria Demetra\",\"isPartOf\":{\"@id\":\"https:\/\/www.erboristerie.com\/it\/#website\"},\"primaryImageOfPage\":{\"@id\":\"https:\/\/www.erboristerie.com\/it\/prodotto\/diffusore-bastoncini-agrumi-di-sicilia-100ml-nasoterapia\/#primaryimage\"},\"image\":{\"@id\":\"https:\/\/www.erboristerie.com\/it\/prodotto\/diffusore-bastoncini-agrumi-di-sicilia-100ml-nasoterapia\/#primaryimage\"},\"thumbnailUrl\":\"https:\/\/www.erboristerie.com\/wp-content\/uploads\/2023\/07\/00007714-diffusore-bastoncini-agrumi-di-sicilia-nasoterapia-erboristerie-com.jpg\",\"datePublished\":\"2015-04-03T10:55:03+00:00\",\"dateModified\":\"2025-11-30T18:49:44+00:00\",\"description\":\"I diffusori a bastoncini diffondono nell\u2019aria in modo costante per regalare sempre nuove atmosfere. Basta capovolgerli per ravvivare il profumo e l\u2019emozione\",\"breadcrumb\":{\"@id\":\"https:\/\/www.erboristerie.com\/it\/prodotto\/diffusore-bastoncini-agrumi-di-sicilia-100ml-nasoterapia\/#breadcrumb\"},\"inLanguage\":\"it-IT\",\"potentialAction\":[{\"@type\":\"ReadAction\",\"target\":[\"https:\/\/www.erboristerie.com\/it\/prodotto\/diffusore-bastoncini-agrumi-di-sicilia-100ml-nasoterapia\/\"]}]},{\"@type\":\"ImageObject\",\"inLanguage\":\"it-IT\",\"@id\":\"https:\/\/www.erboristerie.com\/it\/prodotto\/diffusore-bastoncini-agrumi-di-sicilia-100ml-nasoterapia\/#primaryimage\",\"url\":\"https:\/\/www.erboristerie.com\/wp-content\/uploads\/2023\/07\/00007714-diffusore-bastoncini-agrumi-di-sicilia-nasoterapia-erboristerie-com.jpg\",\"contentUrl\":\"https:\/\/www.erboristerie.com\/wp-content\/uploads\/2023\/07\/00007714-diffusore-bastoncini-agrumi-di-sicilia-nasoterapia-erboristerie-com.jpg\",\"width\":1000,\"height\":1000},{\"@type\":\"BreadcrumbList\",\"@id\":\"https:\/\/www.erboristerie.com\/it\/prodotto\/diffusore-bastoncini-agrumi-di-sicilia-100ml-nasoterapia\/#breadcrumb\",\"itemListElement\":[{\"@type\":\"ListItem\",\"position\":1,\"name\":\"Home\",\"item\":\"https:\/\/www.erboristerie.com\/it\/\"},{\"@type\":\"ListItem\",\"position\":2,\"name\":\"Tutti i prodotti\",\"item\":\"https:\/\/www.erboristerie.com\/it\/tutti-i-prodotti\/\"},{\"@type\":\"ListItem\",\"position\":3,\"name\":\"Diffusore bastoncini Agrumi di Sicilia 100ml Nasoterapia\"}]},{\"@type\":\"WebSite\",\"@id\":\"https:\/\/www.erboristerie.com\/it\/#website\",\"url\":\"https:\/\/www.erboristerie.com\/it\/\",\"name\":\"Erboristeria Demetra\",\"description\":\"La tua salute al naturale\",\"publisher\":{\"@id\":\"https:\/\/www.erboristerie.com\/it\/#organization\"},\"potentialAction\":[{\"@type\":\"SearchAction\",\"target\":{\"@type\":\"EntryPoint\",\"urlTemplate\":\"https:\/\/www.erboristerie.com\/it\/?s={search_term_string}\"},\"query-input\":{\"@type\":\"PropertyValueSpecification\",\"valueRequired\":true,\"valueName\":\"search_term_string\"}}],\"inLanguage\":\"it-IT\"},{\"@type\":\"Organization\",\"@id\":\"https:\/\/www.erboristerie.com\/it\/#organization\",\"name\":\"Erboristeria Demetra\",\"url\":\"https:\/\/www.erboristerie.com\/it\/\",\"logo\":{\"@type\":\"ImageObject\",\"inLanguage\":\"it-IT\",\"@id\":\"https:\/\/www.erboristerie.com\/it\/#\/schema\/logo\/image\/\",\"url\":\"https:\/\/www.erboristerie.com\/wp-content\/uploads\/2019\/11\/LOGO_ERBORISTERIA_DEMETRA_original.png?v=1611516981\",\"contentUrl\":\"https:\/\/www.erboristerie.com\/wp-content\/uploads\/2019\/11\/LOGO_ERBORISTERIA_DEMETRA_original.png?v=1611516981\",\"width\":201,\"height\":54,\"caption\":\"Erboristeria Demetra\"},\"image\":{\"@id\":\"https:\/\/www.erboristerie.com\/it\/#\/schema\/logo\/image\/\"},\"sameAs\":[\"https:\/\/www.facebook.com\/erboristeria.demetra.online\"]}]}<\/script>\n<!-- \/ Yoast SEO plugin. -->","yoast_head_json":{"title":"Diffusore bastoncini Agrumi di Sicilia 100ml Nasoterapia - Erboristeria Demetra","description":"I diffusori a bastoncini diffondono nell\u2019aria in modo costante per regalare sempre nuove atmosfere. Basta capovolgerli per ravvivare il profumo e l\u2019emozione","robots":{"index":"index","follow":"follow","max-snippet":"max-snippet:-1","max-image-preview":"max-image-preview:large","max-video-preview":"max-video-preview:-1"},"canonical":"https:\/\/www.erboristerie.com\/it\/prodotto\/diffusore-bastoncini-agrumi-di-sicilia-100ml-nasoterapia\/","og_locale":"it_IT","og_type":"article","og_title":"Diffusore bastoncini Agrumi di Sicilia 100ml Nasoterapia - Erboristeria Demetra","og_description":"I diffusori a bastoncini diffondono nell\u2019aria in modo costante per regalare sempre nuove atmosfere. Basta capovolgerli per ravvivare il profumo e l\u2019emozione","og_url":"https:\/\/www.erboristerie.com\/it\/prodotto\/diffusore-bastoncini-agrumi-di-sicilia-100ml-nasoterapia\/","og_site_name":"Erboristeria Demetra","article_publisher":"https:\/\/www.facebook.com\/erboristeria.demetra.online","article_modified_time":"2025-11-30T18:49:44+00:00","og_image":[{"width":1000,"height":1000,"url":"https:\/\/www.erboristerie.com\/wp-content\/uploads\/2023\/07\/00007714-diffusore-bastoncini-agrumi-di-sicilia-nasoterapia-erboristerie-com.jpg","type":"image\/jpeg"}],"twitter_card":"summary_large_image","twitter_misc":{"Tempo di lettura stimato":"2 minuti"},"schema":{"@context":"https:\/\/schema.org","@graph":[{"@type":"WebPage","@id":"https:\/\/www.erboristerie.com\/it\/prodotto\/diffusore-bastoncini-agrumi-di-sicilia-100ml-nasoterapia\/","url":"https:\/\/www.erboristerie.com\/it\/prodotto\/diffusore-bastoncini-agrumi-di-sicilia-100ml-nasoterapia\/","name":"Diffusore bastoncini Agrumi di Sicilia 100ml Nasoterapia - Erboristeria Demetra","isPartOf":{"@id":"https:\/\/www.erboristerie.com\/it\/#website"},"primaryImageOfPage":{"@id":"https:\/\/www.erboristerie.com\/it\/prodotto\/diffusore-bastoncini-agrumi-di-sicilia-100ml-nasoterapia\/#primaryimage"},"image":{"@id":"https:\/\/www.erboristerie.com\/it\/prodotto\/diffusore-bastoncini-agrumi-di-sicilia-100ml-nasoterapia\/#primaryimage"},"thumbnailUrl":"https:\/\/www.erboristerie.com\/wp-content\/uploads\/2023\/07\/00007714-diffusore-bastoncini-agrumi-di-sicilia-nasoterapia-erboristerie-com.jpg","datePublished":"2015-04-03T10:55:03+00:00","dateModified":"2025-11-30T18:49:44+00:00","description":"I diffusori a bastoncini diffondono nell\u2019aria in modo costante per regalare sempre nuove atmosfere. Basta capovolgerli per ravvivare il profumo e l\u2019emozione","breadcrumb":{"@id":"https:\/\/www.erboristerie.com\/it\/prodotto\/diffusore-bastoncini-agrumi-di-sicilia-100ml-nasoterapia\/#breadcrumb"},"inLanguage":"it-IT","potentialAction":[{"@type":"ReadAction","target":["https:\/\/www.erboristerie.com\/it\/prodotto\/diffusore-bastoncini-agrumi-di-sicilia-100ml-nasoterapia\/"]}]},{"@type":"ImageObject","inLanguage":"it-IT","@id":"https:\/\/www.erboristerie.com\/it\/prodotto\/diffusore-bastoncini-agrumi-di-sicilia-100ml-nasoterapia\/#primaryimage","url":"https:\/\/www.erboristerie.com\/wp-content\/uploads\/2023\/07\/00007714-diffusore-bastoncini-agrumi-di-sicilia-nasoterapia-erboristerie-com.jpg","contentUrl":"https:\/\/www.erboristerie.com\/wp-content\/uploads\/2023\/07\/00007714-diffusore-bastoncini-agrumi-di-sicilia-nasoterapia-erboristerie-com.jpg","width":1000,"height":1000},{"@type":"BreadcrumbList","@id":"https:\/\/www.erboristerie.com\/it\/prodotto\/diffusore-bastoncini-agrumi-di-sicilia-100ml-nasoterapia\/#breadcrumb","itemListElement":[{"@type":"ListItem","position":1,"name":"Home","item":"https:\/\/www.erboristerie.com\/it\/"},{"@type":"ListItem","position":2,"name":"Tutti i prodotti","item":"https:\/\/www.erboristerie.com\/it\/tutti-i-prodotti\/"},{"@type":"ListItem","position":3,"name":"Diffusore bastoncini Agrumi di Sicilia 100ml Nasoterapia"}]},{"@type":"WebSite","@id":"https:\/\/www.erboristerie.com\/it\/#website","url":"https:\/\/www.erboristerie.com\/it\/","name":"Erboristeria Demetra","description":"La tua salute al naturale","publisher":{"@id":"https:\/\/www.erboristerie.com\/it\/#organization"},"potentialAction":[{"@type":"SearchAction","target":{"@type":"EntryPoint","urlTemplate":"https:\/\/www.erboristerie.com\/it\/?s={search_term_string}"},"query-input":{"@type":"PropertyValueSpecification","valueRequired":true,"valueName":"search_term_string"}}],"inLanguage":"it-IT"},{"@type":"Organization","@id":"https:\/\/www.erboristerie.com\/it\/#organization","name":"Erboristeria Demetra","url":"https:\/\/www.erboristerie.com\/it\/","logo":{"@type":"ImageObject","inLanguage":"it-IT","@id":"https:\/\/www.erboristerie.com\/it\/#\/schema\/logo\/image\/","url":"https:\/\/www.erboristerie.com\/wp-content\/uploads\/2019\/11\/LOGO_ERBORISTERIA_DEMETRA_original.png?v=1611516981","contentUrl":"https:\/\/www.erboristerie.com\/wp-content\/uploads\/2019\/11\/LOGO_ERBORISTERIA_DEMETRA_original.png?v=1611516981","width":201,"height":54,"caption":"Erboristeria Demetra"},"image":{"@id":"https:\/\/www.erboristerie.com\/it\/#\/schema\/logo\/image\/"},"sameAs":["https:\/\/www.facebook.com\/erboristeria.demetra.online"]}]}},"_links":{"self":[{"href":"https:\/\/www.erboristerie.com\/it\/wp-json\/wp\/v2\/product\/69502","targetHints":{"allow":["GET"]}}],"collection":[{"href":"https:\/\/www.erboristerie.com\/it\/wp-json\/wp\/v2\/product"}],"about":[{"href":"https:\/\/www.erboristerie.com\/it\/wp-json\/wp\/v2\/types\/product"}],"wp:featuredmedia":[{"embeddable":true,"href":"https:\/\/www.erboristerie.com\/it\/wp-json\/wp\/v2\/media\/126883"}],"wp:attachment":[{"href":"https:\/\/www.erboristerie.com\/it\/wp-json\/wp\/v2\/media?parent=69502"}],"wp:term":[{"taxonomy":"product_brand","embeddable":true,"href":"https:\/\/www.erboristerie.com\/it\/wp-json\/wp\/v2\/product_brand?post=69502"},{"taxonomy":"product_cat","embeddable":true,"href":"https:\/\/www.erboristerie.com\/it\/wp-json\/wp\/v2\/product_cat?post=69502"},{"taxonomy":"product_tag","embeddable":true,"href":"https:\/\/www.erboristerie.com\/it\/wp-json\/wp\/v2\/product_tag?post=69502"},{"taxonomy":"giftcard-category","embeddable":true,"href":"https:\/\/www.erboristerie.com\/it\/wp-json\/wp\/v2\/giftcard-category?post=69502"}],"curies":[{"name":"wp","href":"https:\/\/api.w.org\/{rel}","templated":true}]}}