{"id":69086,"date":"2014-11-06T11:59:51","date_gmt":"2014-11-06T10:59:51","guid":{"rendered":"http:\/\/www.erboristerie.com\/?post_type=product&#038;p=69086"},"modified":"2025-09-14T17:29:16","modified_gmt":"2025-09-14T15:29:16","slug":"estratto-universale-rimedio-di-soccorso-rescue-remedy-20ml-spray-bach-flowers","status":"publish","type":"product","link":"https:\/\/www.erboristerie.com\/it\/prodotto\/estratto-universale-rimedio-di-soccorso-rescue-remedy-20ml-spray-bach-flowers\/","title":{"rendered":"Estratto Universale Rimedio di Soccorso Rescue Remedy 20ml Spray Bach Flowers"},"content":{"rendered":"<p><strong>Rimedio Floreale di Bach ESTRATTO UNIVERSALE o rimedio di soccorso (In inglese Rescue Remedy), detto anche 39\u00b0 rimedio.<\/strong><\/p>\n<p>Flacone da 20ml spray<\/p>\n<p>L&#8217;Estratto Universale\u00ae \u00e8\u00a0un rimedio utilissimo in molte situazioni e in casi di emergenza e, come pronto soccorso, agisce di norma molto rapidamente.<\/p>\n<p>Pu\u00f2 essere utilizzato in situazioni di tensione non troppo grave per ristabilire l&#8217;equilibrio emotivo e psicologico e in situazioni critiche prima e durante la somministrazione di altri prodotti<\/p>\n<p>Il dottor Bach sapeva che la buona salute dipende dall&#8217;armonia tra i fattori spirituali, mentali ed emotivi, come gi\u00e0 prima di lui Ippocrate, Paracelso e Hahnemann avevano scoperto.<\/p>\n<p>Gli effetti della disarmonia si traducono in umori e pensieri negativi dei quali ognuno di noi \u00e8 periodicamente vittima.<\/p>\n<p>Il dottor Bach cap\u00ec che questi, a loro volta, possono attaccare il corpo, privandolo di forza e vitalit\u00e0, bloccando la forza vitale necessaria per la nostra esistenza.<\/p>\n<p>Aprendo il passaggio a questo indispensabile flusso di vita, e quindi ristabilendo l&#8217;armonia, si ottiene la vera guarigione.<\/p>\n<p>Il dottor Bach acutamente not\u00f2 che la malattia riveste anche un ruolo benefico: \u00e8 un mezzo, uno strumento che la nostra anima utilizza per indicarci i nostri errori e per darci la possibilit\u00e0 di purificarci.<\/p>\n<p>L&#8217;Estratto Universale\u00ae dovrebbe essere sempre a portata di mano di tutti: sia nello studio di coloro che si occupano di salute, sia nel corredo di pronto soccorso che tutti quanti dovremmo tenere in casa e in auto.<\/p>\n<p>L&#8217;Estratto Universale\u00ae fu chiamato dal dottor Bach &#8220;rimedio di soccorso&#8221; per i suoi effetti calmanti e stabilizzanti sulle emozioni nel corso di una crisi.<\/p>\n<p>L&#8217;Estratto Universale\u00ae \u00e8 composto dai seguenti cinque rimedi floreali :<\/p>\n<p><strong>Impatiens<\/strong>: per impazienza, irritabilit\u00e0, agitazione spesso accompagnate da tensione. Questi stati possono spesso dar luogo a tensione e dolore muscolare.<br \/>\n<strong>Clematis<\/strong>: per stati di incoscienza, sensazione di distacco dalla realt\u00e0 senso di mancamento e sensazioni di estraneit\u00e0 che spesso accompagnano un trauma.<br \/>\n<strong>Rock Rose<\/strong>: per stati di terrore, panico e isteria.<br \/>\n<strong>Cherry Plum<\/strong>: per il timore di perdere il controllo sia fisico che mentale.<br \/>\n<strong>Star of Bethlehem:<\/strong> per traumi sia mentali che fisici.<\/p>\n<p><strong>Come utilizzare l&#8217;Estratto Universale\u00ae<\/strong><\/p>\n<p>L&#8217;Estratto Universale\u00ae pu\u00f2 essere utilizzato da solo o in combinazione con altri Fiori di Bach.<\/p>\n<p>Come riportato in molti esempi, l&#8217;Estratto Universale\u00ae \u00e8 completamente atossico, non provoca assuefazione e non ha effetti collaterali.<\/p>\n<p>L&#8217;Estratto Universale\u00ae esercita un effetto calmante e stabilizzante in una vasta gamma di situazioni di tensione tra cui il nervosismo, l&#8217;ansia e lo stress derivante da crisi di sconforto, grossi spaventi, isteria, angoscia e disperazione.<\/p>\n<p>Anche situazioni di tensione di minore incidenza come il dover affrontare discussioni animate, sostenere gli esami, tenere un discorso o sottoporsi a un colloquio di lavoro vengono decisamente facilitate grazie all&#8217;assunzione Estratto Universale\u00ae.<\/p>\n<p><strong>Modo d&#8217;uso<\/strong><\/p>\n<p><strong>Uso interno:<\/strong> Assumere quattro gocce direttamente sotto la lingua 4 o pi\u00f9 volte al giorno; in casi di emergenza quattro gocce ogni 5 minuti. E&#8217; necessario diluire il rimedio se la persona \u00e8 sensibile all&#8217;alcool. Le gocce possono anche venire aggiunte a un cucchiaino d&#8217;acqua. Trattenere il liquido nella bocca per qualche secondo prima di inghiottirlo.<\/p>\n<p><strong>Uso esterno: <\/strong>Si \u00e8 dimostrato particolarmente efficace quando applicato su contusioni accompagnate da gonfiore, distorsioni, graffiature, punture di insetti, infiammazioni non gravi e tagli non troppo profondi e particolarmente nel ridurre la rigidit\u00e0 muscolare, applicandolo nella parte con lieve massaggio.<\/p>\n","protected":false},"excerpt":{"rendered":"<p>Rimedio Floreale di Bach ESTRATTO UNIVERSALE o rimedio di soccorso (In inglese Rescue Remedy), detto anche 39\u00b0 rimedio. Flacone da 20ml spray L&#8217;Estratto Universale\u00ae \u00e8\u00a0un rimedio utilissimo in molte situazioni e in casi di emergenza e, come pronto soccorso, agisce di norma molto rapidamente. Pu\u00f2&#8230;<\/p>\n","protected":false},"featured_media":69087,"template":"","meta":{"_acf_changed":false},"product_brand":[9639],"product_cat":[45104],"product_tag":[12394,10856,11016,17297,12397,12395,12398,17298,17296,18944,20766],"giftcard-category":[],"class_list":{"0":"post-69086","1":"product","2":"type-product","3":"status-publish","4":"has-post-thumbnail","6":"product_brand-laboratorio-erboristico-di-leo","7":"product_cat-fiori-di-bach","8":"product_tag-bach","9":"product_tag-estratto","10":"product_tag-fiori","11":"product_tag-five","12":"product_tag-flowers","13":"product_tag-healing","14":"product_tag-herbs","15":"product_tag-remedy","16":"product_tag-rescue","17":"product_tag-spray-3","18":"product_tag-universale-2","19":"pa_formato-20-ml","20":"pa_linea-fiori-bach-flowers","21":"pa_marca-di-leo","22":"pa_tipologia-gocce","23":"pa_tipologia-spray","24":"pa_tipologia-liquido-alcolico","26":"first","27":"instock","28":"sale","29":"taxable","30":"shipping-taxable","31":"purchasable","32":"product-type-simple"},"acf":[],"yoast_head":"<!-- This site is optimized with the Yoast SEO plugin v24.9 - https:\/\/yoast.com\/wordpress\/plugins\/seo\/ -->\n<title>Estratto Universale Rimedio di Soccorso Rescue Remedy 20ml Spray Bach Flowers - Erboristeria Demetra<\/title>\n<meta name=\"description\" content=\"L&#039;Estratto Universale\u00ae \u00e8\u00a0un rimedio utilissimo in molte situazioni e in casi di emergenza e, come pronto soccorso, agisce di norma molto rapidamente.\" \/>\n<meta name=\"robots\" content=\"index, follow, max-snippet:-1, max-image-preview:large, max-video-preview:-1\" \/>\n<link rel=\"canonical\" href=\"https:\/\/www.erboristerie.com\/it\/prodotto\/estratto-universale-rimedio-di-soccorso-rescue-remedy-20ml-spray-bach-flowers\/\" \/>\n<meta property=\"og:locale\" content=\"it_IT\" \/>\n<meta property=\"og:type\" content=\"article\" \/>\n<meta property=\"og:title\" content=\"Estratto Universale Rimedio di Soccorso Rescue Remedy 20ml Spray Bach Flowers - Erboristeria Demetra\" \/>\n<meta property=\"og:description\" content=\"L&#039;Estratto Universale\u00ae \u00e8\u00a0un rimedio utilissimo in molte situazioni e in casi di emergenza e, come pronto soccorso, agisce di norma molto rapidamente.\" \/>\n<meta property=\"og:url\" content=\"https:\/\/www.erboristerie.com\/it\/prodotto\/estratto-universale-rimedio-di-soccorso-rescue-remedy-20ml-spray-bach-flowers\/\" \/>\n<meta property=\"og:site_name\" content=\"Erboristeria Demetra\" \/>\n<meta property=\"article:publisher\" content=\"https:\/\/www.facebook.com\/erboristeria.demetra.online\" \/>\n<meta property=\"article:modified_time\" content=\"2025-09-14T15:29:16+00:00\" \/>\n<meta property=\"og:image\" content=\"https:\/\/www.erboristerie.com\/wp-content\/uploads\/2019\/01\/products-00006949.jpg\" \/>\n\t<meta property=\"og:image:width\" content=\"500\" \/>\n\t<meta property=\"og:image:height\" content=\"488\" \/>\n\t<meta property=\"og:image:type\" content=\"image\/jpeg\" \/>\n<meta name=\"twitter:card\" content=\"summary_large_image\" \/>\n<meta name=\"twitter:label1\" content=\"Tempo di lettura stimato\" \/>\n\t<meta name=\"twitter:data1\" content=\"4 minuti\" \/>\n<script type=\"application\/ld+json\" class=\"yoast-schema-graph\">{\"@context\":\"https:\/\/schema.org\",\"@graph\":[{\"@type\":\"WebPage\",\"@id\":\"https:\/\/www.erboristerie.com\/it\/prodotto\/estratto-universale-rimedio-di-soccorso-rescue-remedy-20ml-spray-bach-flowers\/\",\"url\":\"https:\/\/www.erboristerie.com\/it\/prodotto\/estratto-universale-rimedio-di-soccorso-rescue-remedy-20ml-spray-bach-flowers\/\",\"name\":\"Estratto Universale Rimedio di Soccorso Rescue Remedy 20ml Spray Bach Flowers - Erboristeria Demetra\",\"isPartOf\":{\"@id\":\"https:\/\/www.erboristerie.com\/it\/#website\"},\"primaryImageOfPage\":{\"@id\":\"https:\/\/www.erboristerie.com\/it\/prodotto\/estratto-universale-rimedio-di-soccorso-rescue-remedy-20ml-spray-bach-flowers\/#primaryimage\"},\"image\":{\"@id\":\"https:\/\/www.erboristerie.com\/it\/prodotto\/estratto-universale-rimedio-di-soccorso-rescue-remedy-20ml-spray-bach-flowers\/#primaryimage\"},\"thumbnailUrl\":\"https:\/\/www.erboristerie.com\/wp-content\/uploads\/2019\/01\/products-00006949.jpg\",\"datePublished\":\"2014-11-06T10:59:51+00:00\",\"dateModified\":\"2025-09-14T15:29:16+00:00\",\"description\":\"L'Estratto Universale\u00ae \u00e8\u00a0un rimedio utilissimo in molte situazioni e in casi di emergenza e, come pronto soccorso, agisce di norma molto rapidamente.\",\"breadcrumb\":{\"@id\":\"https:\/\/www.erboristerie.com\/it\/prodotto\/estratto-universale-rimedio-di-soccorso-rescue-remedy-20ml-spray-bach-flowers\/#breadcrumb\"},\"inLanguage\":\"it-IT\",\"potentialAction\":[{\"@type\":\"ReadAction\",\"target\":[\"https:\/\/www.erboristerie.com\/it\/prodotto\/estratto-universale-rimedio-di-soccorso-rescue-remedy-20ml-spray-bach-flowers\/\"]}]},{\"@type\":\"ImageObject\",\"inLanguage\":\"it-IT\",\"@id\":\"https:\/\/www.erboristerie.com\/it\/prodotto\/estratto-universale-rimedio-di-soccorso-rescue-remedy-20ml-spray-bach-flowers\/#primaryimage\",\"url\":\"https:\/\/www.erboristerie.com\/wp-content\/uploads\/2019\/01\/products-00006949.jpg\",\"contentUrl\":\"https:\/\/www.erboristerie.com\/wp-content\/uploads\/2019\/01\/products-00006949.jpg\",\"width\":\"500\",\"height\":\"488\",\"caption\":\"RESCUE REMEDY ESTRATTO UNIVERSALE SPRAY ML 20 FIORI DI BACH\"},{\"@type\":\"BreadcrumbList\",\"@id\":\"https:\/\/www.erboristerie.com\/it\/prodotto\/estratto-universale-rimedio-di-soccorso-rescue-remedy-20ml-spray-bach-flowers\/#breadcrumb\",\"itemListElement\":[{\"@type\":\"ListItem\",\"position\":1,\"name\":\"Home\",\"item\":\"https:\/\/www.erboristerie.com\/it\/\"},{\"@type\":\"ListItem\",\"position\":2,\"name\":\"Tutti i prodotti\",\"item\":\"https:\/\/www.erboristerie.com\/it\/tutti-i-prodotti\/\"},{\"@type\":\"ListItem\",\"position\":3,\"name\":\"Estratto Universale Rimedio di Soccorso Rescue Remedy 20ml Spray Bach Flowers\"}]},{\"@type\":\"WebSite\",\"@id\":\"https:\/\/www.erboristerie.com\/it\/#website\",\"url\":\"https:\/\/www.erboristerie.com\/it\/\",\"name\":\"Erboristeria Demetra\",\"description\":\"La tua salute al naturale\",\"publisher\":{\"@id\":\"https:\/\/www.erboristerie.com\/it\/#organization\"},\"potentialAction\":[{\"@type\":\"SearchAction\",\"target\":{\"@type\":\"EntryPoint\",\"urlTemplate\":\"https:\/\/www.erboristerie.com\/it\/?s={search_term_string}\"},\"query-input\":{\"@type\":\"PropertyValueSpecification\",\"valueRequired\":true,\"valueName\":\"search_term_string\"}}],\"inLanguage\":\"it-IT\"},{\"@type\":\"Organization\",\"@id\":\"https:\/\/www.erboristerie.com\/it\/#organization\",\"name\":\"Erboristeria Demetra\",\"url\":\"https:\/\/www.erboristerie.com\/it\/\",\"logo\":{\"@type\":\"ImageObject\",\"inLanguage\":\"it-IT\",\"@id\":\"https:\/\/www.erboristerie.com\/it\/#\/schema\/logo\/image\/\",\"url\":\"https:\/\/www.erboristerie.com\/wp-content\/uploads\/2019\/11\/LOGO_ERBORISTERIA_DEMETRA_original.png?v=1611516981\",\"contentUrl\":\"https:\/\/www.erboristerie.com\/wp-content\/uploads\/2019\/11\/LOGO_ERBORISTERIA_DEMETRA_original.png?v=1611516981\",\"width\":201,\"height\":54,\"caption\":\"Erboristeria Demetra\"},\"image\":{\"@id\":\"https:\/\/www.erboristerie.com\/it\/#\/schema\/logo\/image\/\"},\"sameAs\":[\"https:\/\/www.facebook.com\/erboristeria.demetra.online\"]}]}<\/script>\n<!-- \/ Yoast SEO plugin. -->","yoast_head_json":{"title":"Estratto Universale Rimedio di Soccorso Rescue Remedy 20ml Spray Bach Flowers - Erboristeria Demetra","description":"L'Estratto Universale\u00ae \u00e8\u00a0un rimedio utilissimo in molte situazioni e in casi di emergenza e, come pronto soccorso, agisce di norma molto rapidamente.","robots":{"index":"index","follow":"follow","max-snippet":"max-snippet:-1","max-image-preview":"max-image-preview:large","max-video-preview":"max-video-preview:-1"},"canonical":"https:\/\/www.erboristerie.com\/it\/prodotto\/estratto-universale-rimedio-di-soccorso-rescue-remedy-20ml-spray-bach-flowers\/","og_locale":"it_IT","og_type":"article","og_title":"Estratto Universale Rimedio di Soccorso Rescue Remedy 20ml Spray Bach Flowers - Erboristeria Demetra","og_description":"L'Estratto Universale\u00ae \u00e8\u00a0un rimedio utilissimo in molte situazioni e in casi di emergenza e, come pronto soccorso, agisce di norma molto rapidamente.","og_url":"https:\/\/www.erboristerie.com\/it\/prodotto\/estratto-universale-rimedio-di-soccorso-rescue-remedy-20ml-spray-bach-flowers\/","og_site_name":"Erboristeria Demetra","article_publisher":"https:\/\/www.facebook.com\/erboristeria.demetra.online","article_modified_time":"2025-09-14T15:29:16+00:00","og_image":[{"width":500,"height":488,"url":"https:\/\/www.erboristerie.com\/wp-content\/uploads\/2019\/01\/products-00006949.jpg","type":"image\/jpeg"}],"twitter_card":"summary_large_image","twitter_misc":{"Tempo di lettura stimato":"4 minuti"},"schema":{"@context":"https:\/\/schema.org","@graph":[{"@type":"WebPage","@id":"https:\/\/www.erboristerie.com\/it\/prodotto\/estratto-universale-rimedio-di-soccorso-rescue-remedy-20ml-spray-bach-flowers\/","url":"https:\/\/www.erboristerie.com\/it\/prodotto\/estratto-universale-rimedio-di-soccorso-rescue-remedy-20ml-spray-bach-flowers\/","name":"Estratto Universale Rimedio di Soccorso Rescue Remedy 20ml Spray Bach Flowers - Erboristeria Demetra","isPartOf":{"@id":"https:\/\/www.erboristerie.com\/it\/#website"},"primaryImageOfPage":{"@id":"https:\/\/www.erboristerie.com\/it\/prodotto\/estratto-universale-rimedio-di-soccorso-rescue-remedy-20ml-spray-bach-flowers\/#primaryimage"},"image":{"@id":"https:\/\/www.erboristerie.com\/it\/prodotto\/estratto-universale-rimedio-di-soccorso-rescue-remedy-20ml-spray-bach-flowers\/#primaryimage"},"thumbnailUrl":"https:\/\/www.erboristerie.com\/wp-content\/uploads\/2019\/01\/products-00006949.jpg","datePublished":"2014-11-06T10:59:51+00:00","dateModified":"2025-09-14T15:29:16+00:00","description":"L'Estratto Universale\u00ae \u00e8\u00a0un rimedio utilissimo in molte situazioni e in casi di emergenza e, come pronto soccorso, agisce di norma molto rapidamente.","breadcrumb":{"@id":"https:\/\/www.erboristerie.com\/it\/prodotto\/estratto-universale-rimedio-di-soccorso-rescue-remedy-20ml-spray-bach-flowers\/#breadcrumb"},"inLanguage":"it-IT","potentialAction":[{"@type":"ReadAction","target":["https:\/\/www.erboristerie.com\/it\/prodotto\/estratto-universale-rimedio-di-soccorso-rescue-remedy-20ml-spray-bach-flowers\/"]}]},{"@type":"ImageObject","inLanguage":"it-IT","@id":"https:\/\/www.erboristerie.com\/it\/prodotto\/estratto-universale-rimedio-di-soccorso-rescue-remedy-20ml-spray-bach-flowers\/#primaryimage","url":"https:\/\/www.erboristerie.com\/wp-content\/uploads\/2019\/01\/products-00006949.jpg","contentUrl":"https:\/\/www.erboristerie.com\/wp-content\/uploads\/2019\/01\/products-00006949.jpg","width":"500","height":"488","caption":"RESCUE REMEDY ESTRATTO UNIVERSALE SPRAY ML 20 FIORI DI BACH"},{"@type":"BreadcrumbList","@id":"https:\/\/www.erboristerie.com\/it\/prodotto\/estratto-universale-rimedio-di-soccorso-rescue-remedy-20ml-spray-bach-flowers\/#breadcrumb","itemListElement":[{"@type":"ListItem","position":1,"name":"Home","item":"https:\/\/www.erboristerie.com\/it\/"},{"@type":"ListItem","position":2,"name":"Tutti i prodotti","item":"https:\/\/www.erboristerie.com\/it\/tutti-i-prodotti\/"},{"@type":"ListItem","position":3,"name":"Estratto Universale Rimedio di Soccorso Rescue Remedy 20ml Spray Bach Flowers"}]},{"@type":"WebSite","@id":"https:\/\/www.erboristerie.com\/it\/#website","url":"https:\/\/www.erboristerie.com\/it\/","name":"Erboristeria Demetra","description":"La tua salute al naturale","publisher":{"@id":"https:\/\/www.erboristerie.com\/it\/#organization"},"potentialAction":[{"@type":"SearchAction","target":{"@type":"EntryPoint","urlTemplate":"https:\/\/www.erboristerie.com\/it\/?s={search_term_string}"},"query-input":{"@type":"PropertyValueSpecification","valueRequired":true,"valueName":"search_term_string"}}],"inLanguage":"it-IT"},{"@type":"Organization","@id":"https:\/\/www.erboristerie.com\/it\/#organization","name":"Erboristeria Demetra","url":"https:\/\/www.erboristerie.com\/it\/","logo":{"@type":"ImageObject","inLanguage":"it-IT","@id":"https:\/\/www.erboristerie.com\/it\/#\/schema\/logo\/image\/","url":"https:\/\/www.erboristerie.com\/wp-content\/uploads\/2019\/11\/LOGO_ERBORISTERIA_DEMETRA_original.png?v=1611516981","contentUrl":"https:\/\/www.erboristerie.com\/wp-content\/uploads\/2019\/11\/LOGO_ERBORISTERIA_DEMETRA_original.png?v=1611516981","width":201,"height":54,"caption":"Erboristeria Demetra"},"image":{"@id":"https:\/\/www.erboristerie.com\/it\/#\/schema\/logo\/image\/"},"sameAs":["https:\/\/www.facebook.com\/erboristeria.demetra.online"]}]}},"_links":{"self":[{"href":"https:\/\/www.erboristerie.com\/it\/wp-json\/wp\/v2\/product\/69086","targetHints":{"allow":["GET"]}}],"collection":[{"href":"https:\/\/www.erboristerie.com\/it\/wp-json\/wp\/v2\/product"}],"about":[{"href":"https:\/\/www.erboristerie.com\/it\/wp-json\/wp\/v2\/types\/product"}],"wp:featuredmedia":[{"embeddable":true,"href":"https:\/\/www.erboristerie.com\/it\/wp-json\/wp\/v2\/media\/69087"}],"wp:attachment":[{"href":"https:\/\/www.erboristerie.com\/it\/wp-json\/wp\/v2\/media?parent=69086"}],"wp:term":[{"taxonomy":"product_brand","embeddable":true,"href":"https:\/\/www.erboristerie.com\/it\/wp-json\/wp\/v2\/product_brand?post=69086"},{"taxonomy":"product_cat","embeddable":true,"href":"https:\/\/www.erboristerie.com\/it\/wp-json\/wp\/v2\/product_cat?post=69086"},{"taxonomy":"product_tag","embeddable":true,"href":"https:\/\/www.erboristerie.com\/it\/wp-json\/wp\/v2\/product_tag?post=69086"},{"taxonomy":"giftcard-category","embeddable":true,"href":"https:\/\/www.erboristerie.com\/it\/wp-json\/wp\/v2\/giftcard-category?post=69086"}],"curies":[{"name":"wp","href":"https:\/\/api.w.org\/{rel}","templated":true}]}}