{"id":68814,"date":"2014-09-25T17:43:10","date_gmt":"2014-09-25T15:43:10","guid":{"rendered":"http:\/\/www.erboristerie.com\/?post_type=product&#038;p=68814"},"modified":"2026-01-23T17:03:51","modified_gmt":"2026-01-23T16:03:51","slug":"accordo-arancio-bagnoschiuma-250ml","status":"publish","type":"product","link":"https:\/\/www.erboristerie.com\/it\/prodotto\/accordo-arancio-bagnoschiuma-250ml\/","title":{"rendered":"Accordo Arancio Bagnoschiuma 250ml"},"content":{"rendered":"<p>\n\t<strong>Accordo Arancio Bagnoschiuma<\/strong><br \/>\n\tCon estratti di Mandarino, Arancia amaro, Alchechengi<br \/>\n\tCom\u2019\u00e8 vitale e frizzante l\u2019originale sentore di questo Bagnoschiuma! Il piacere tonificante di un bagno o di una doccia si fa ancora pi\u00f9 vivo e intenso con questo invito profumato: nella cremosa schiuma sono concentrate le ottime qualit\u00e0 di ingredienti vegetali selezionati, come quelle delle proteine dal Grano e dell\u2019idrolizzato proteico ricavato dall\u2019Orzo, alleate per rendere delicata l\u2019azione detergente e pi\u00f9 che mai protettiva, grazie a un sottile film con cui viene avvolta la pelle. Poi \u00e8 il turno degli estratti di polpa, scorza e foglie di Mandarino, di scorza d\u2019Arancia amara e del frutto di Alchechengi, tutti di colore Arancione, qui deputati a svolgere una buona attivit\u00e0 idratante e addolcente, ma anche antiossidante ed elasticizzante. Questa ricetta della linea Accordo Arancio assicura una sinfonia di virt\u00f9 specifiche molto in sintonia con il bisogno della pelle di riscoprirsi sempre pi\u00f9 morbida e compatta!<br \/>\n\tUso<br \/>\n\tBastano un paio di cucchiai di Bagnoschiuma sulla spugna o sotto il getto dell&#8217;acqua ed ecco che si genera una dolce schiuma dal sentore rasserenante.<\/p>\n<p>\n\t<img decoding=\"async\" alt=\"\" src=\"https:\/\/www.erboristerie.com\/2\/image\/data\/_ACCORDOARANCIO.jpg\" style=\"width: 607px; height: 270px;\" \/><\/p>\n<p>\n\t<strong>ACCORDO ARANCIO<\/strong><br \/>\n\tTutte di segno positivo sono le simbologie legate a una delle pi\u00f9 vivaci tonalit\u00e0 esistenti: l&#8217;Arancione. Questo intenso colore si sintonizza appieno con la vitalit\u00e0 e l&#8217;armonia interiore e ha un effetto riequilibrante sullo stato d&#8217;animo. Si dice anche che rappresenti il bisogno di esperienze da cui trarre sensazioni piacevoli e rigeneranti: ecco perch\u00e9 la pelle del corpo con entusiasmo si affider\u00e0 all&#8217;efficacia di Accordo Arancio, una linea di ottime ricette dedicate alla sua bellezza, la cui fresca fragranza si distingue per una positiva, luminosa energia. Premiante per l&#8217;epidermide si rivela il valore delle azioni fitocosmetiche di pregiati ingredienti vegetali, tra cui spiccano tre frutti, tutti di colore Arancione, selezionati dalla Ricerca de L&#8217;Erbolario per le loro virt\u00f9 a favore della compattezza dei tessuti cutanei: il Mandarino, l&#8217;Arancia amara e l&#8217;Alchechengi.<\/p>\n<p>\tIl Paese originario del primo di questi, il Mandarino, si supponeva fosse la Cina: cos\u00ec, una volta apparso in Europa a met\u00e0 dell&#8217;Ottocento, il colore del frutto fu associato a quello delle vesti dei nobili governanti cinesi dell&#8217;antichit\u00e0, i Mandarini. L&#8217;Erbolario l&#8217;ha scelto per la sue elevata quota di flavonoidi, Vitamina C, vitamine del Gruppo B e A, Ferro, Magnesio e Acido folico: in questi prodotti sono racchiusi gli estratti dalla sua polpa, foglie e scorza, e una pura Acqua distillata dai frutti, il tutto per assicurare alla pelle effetti antiossidanti e protettivi. L&#8217;Arancia amara, che proviene dalla pianta di Citrus aurantium, fece il suo ingresso in Sicilia grazie agli Arabi che la coltivavano dalla fine del primo millennio. Era molto impiegata anche dalla medicina tradizionale cinese, per le doti stimolanti a vantaggio delle funzioni vitali fisiologiche. Qui entra in campo per dispensare elasticit\u00e0 all&#8217;epidermide, in forza delle propriet\u00e0 addolcenti e tonificanti dell&#8217;estratto ottenuto dalla sua scorza. Ricco \u00e8 infine il contenuto in Tannini, Vitamine, Saccaridi e Sali minerali dell&#8217;Alchechengi, una bacca commestibile il cui nome significa &#8220;bolla&#8221;, poich\u00e9 il calice che racchiude il suo frutto ha un&#8217;aggraziata forma sferica: i suoi attivi impreziosiscono l&#8217;estratto idroglicerico che rende queste formule capaci di idratare e risvegliare la freschezza della pelle. L&#8217;Arancio da oggi si addice davvero a un&#8217;epidermide morbida e levigata grazie agli effetti di queste specialit\u00e0: una tonalit\u00e0 appassionata come l&#8217;Accordo ricercato del suo profumo, ideale compagno quotidiano di ogni Donna e di ogni Uomo.<\/p>\n","protected":false},"excerpt":{"rendered":"<p>Accordo Arancio Bagnoschiuma Con estratti di Mandarino, Arancia amaro, Alchechengi Com\u2019\u00e8 vitale e frizzante l\u2019originale sentore di questo Bagnoschiuma! Il piacere tonificante di un bagno o di una doccia si fa ancora pi\u00f9 vivo e intenso con questo invito profumato: nella cremosa schiuma sono concentrate&#8230;<\/p>\n","protected":false},"featured_media":68815,"template":"","meta":{"_acf_changed":false},"product_brand":[9603],"product_cat":[45044],"product_tag":[11561,14442,19084,11559],"giftcard-category":[],"class_list":{"0":"post-68814","1":"product","2":"type-product","3":"status-publish","4":"has-post-thumbnail","6":"product_brand-erbolario","7":"product_cat-detergenza","8":"product_tag-250ml","9":"product_tag-accordo","10":"product_tag-arancio-2","11":"product_tag-bagnoschiuma","12":"pa_formato-250-ml","13":"pa_linea-profumazione-accordo-arancio","14":"pa_marca-lerbolario","15":"pa_tipologia-bagnoschiuma","17":"first","18":"outofstock","19":"sale","20":"taxable","21":"shipping-taxable","22":"purchasable","23":"product-type-simple"},"acf":[],"yoast_head":"<!-- This site is optimized with the Yoast SEO plugin v24.9 - https:\/\/yoast.com\/wordpress\/plugins\/seo\/ -->\n<title>Accordo Arancio Bagnoschiuma 250ml<\/title>\n<meta name=\"description\" content=\"Il piacere tonificante di un bagno o di una doccia si fa ancora pi\u00f9 vivo e intenso con questo invito profumato\" \/>\n<meta name=\"robots\" content=\"index, follow, max-snippet:-1, max-image-preview:large, max-video-preview:-1\" \/>\n<link rel=\"canonical\" href=\"https:\/\/www.erboristerie.com\/it\/prodotto\/accordo-arancio-bagnoschiuma-250ml\/\" \/>\n<meta property=\"og:locale\" content=\"it_IT\" \/>\n<meta property=\"og:type\" content=\"article\" \/>\n<meta property=\"og:title\" content=\"Accordo Arancio Bagnoschiuma 250ml\" \/>\n<meta property=\"og:description\" content=\"Il piacere tonificante di un bagno o di una doccia si fa ancora pi\u00f9 vivo e intenso con questo invito profumato\" \/>\n<meta property=\"og:url\" content=\"https:\/\/www.erboristerie.com\/it\/prodotto\/accordo-arancio-bagnoschiuma-250ml\/\" \/>\n<meta property=\"og:site_name\" content=\"Erboristeria Demetra\" \/>\n<meta property=\"article:publisher\" content=\"https:\/\/www.facebook.com\/erboristeria.demetra.online\" \/>\n<meta property=\"article:modified_time\" content=\"2026-01-23T16:03:51+00:00\" \/>\n<meta property=\"og:image\" content=\"https:\/\/www.erboristerie.com\/wp-content\/uploads\/2019\/01\/products-00006299.jpg\" \/>\n\t<meta property=\"og:image:width\" content=\"367\" \/>\n\t<meta property=\"og:image:height\" content=\"427\" \/>\n\t<meta property=\"og:image:type\" content=\"image\/jpeg\" \/>\n<meta name=\"twitter:card\" content=\"summary_large_image\" \/>\n<meta name=\"twitter:label1\" content=\"Tempo di lettura stimato\" \/>\n\t<meta name=\"twitter:data1\" content=\"3 minuti\" \/>\n<script type=\"application\/ld+json\" class=\"yoast-schema-graph\">{\"@context\":\"https:\/\/schema.org\",\"@graph\":[{\"@type\":\"WebPage\",\"@id\":\"https:\/\/www.erboristerie.com\/it\/prodotto\/accordo-arancio-bagnoschiuma-250ml\/\",\"url\":\"https:\/\/www.erboristerie.com\/it\/prodotto\/accordo-arancio-bagnoschiuma-250ml\/\",\"name\":\"Accordo Arancio Bagnoschiuma 250ml\",\"isPartOf\":{\"@id\":\"https:\/\/www.erboristerie.com\/it\/#website\"},\"primaryImageOfPage\":{\"@id\":\"https:\/\/www.erboristerie.com\/it\/prodotto\/accordo-arancio-bagnoschiuma-250ml\/#primaryimage\"},\"image\":{\"@id\":\"https:\/\/www.erboristerie.com\/it\/prodotto\/accordo-arancio-bagnoschiuma-250ml\/#primaryimage\"},\"thumbnailUrl\":\"https:\/\/www.erboristerie.com\/wp-content\/uploads\/2019\/01\/products-00006299.jpg\",\"datePublished\":\"2014-09-25T15:43:10+00:00\",\"dateModified\":\"2026-01-23T16:03:51+00:00\",\"description\":\"Il piacere tonificante di un bagno o di una doccia si fa ancora pi\u00f9 vivo e intenso con questo invito profumato\",\"breadcrumb\":{\"@id\":\"https:\/\/www.erboristerie.com\/it\/prodotto\/accordo-arancio-bagnoschiuma-250ml\/#breadcrumb\"},\"inLanguage\":\"it-IT\",\"potentialAction\":[{\"@type\":\"ReadAction\",\"target\":[\"https:\/\/www.erboristerie.com\/it\/prodotto\/accordo-arancio-bagnoschiuma-250ml\/\"]}]},{\"@type\":\"ImageObject\",\"inLanguage\":\"it-IT\",\"@id\":\"https:\/\/www.erboristerie.com\/it\/prodotto\/accordo-arancio-bagnoschiuma-250ml\/#primaryimage\",\"url\":\"https:\/\/www.erboristerie.com\/wp-content\/uploads\/2019\/01\/products-00006299.jpg\",\"contentUrl\":\"https:\/\/www.erboristerie.com\/wp-content\/uploads\/2019\/01\/products-00006299.jpg\",\"width\":\"367\",\"height\":\"427\",\"caption\":\"Accordo Arancio Bagnoschiuma 250ml\"},{\"@type\":\"BreadcrumbList\",\"@id\":\"https:\/\/www.erboristerie.com\/it\/prodotto\/accordo-arancio-bagnoschiuma-250ml\/#breadcrumb\",\"itemListElement\":[{\"@type\":\"ListItem\",\"position\":1,\"name\":\"Home\",\"item\":\"https:\/\/www.erboristerie.com\/it\/\"},{\"@type\":\"ListItem\",\"position\":2,\"name\":\"Tutti i prodotti\",\"item\":\"https:\/\/www.erboristerie.com\/it\/tutti-i-prodotti\/\"},{\"@type\":\"ListItem\",\"position\":3,\"name\":\"Accordo Arancio Bagnoschiuma 250ml\"}]},{\"@type\":\"WebSite\",\"@id\":\"https:\/\/www.erboristerie.com\/it\/#website\",\"url\":\"https:\/\/www.erboristerie.com\/it\/\",\"name\":\"Erboristeria Demetra\",\"description\":\"La tua salute al naturale\",\"publisher\":{\"@id\":\"https:\/\/www.erboristerie.com\/it\/#organization\"},\"potentialAction\":[{\"@type\":\"SearchAction\",\"target\":{\"@type\":\"EntryPoint\",\"urlTemplate\":\"https:\/\/www.erboristerie.com\/it\/?s={search_term_string}\"},\"query-input\":{\"@type\":\"PropertyValueSpecification\",\"valueRequired\":true,\"valueName\":\"search_term_string\"}}],\"inLanguage\":\"it-IT\"},{\"@type\":\"Organization\",\"@id\":\"https:\/\/www.erboristerie.com\/it\/#organization\",\"name\":\"Erboristeria Demetra\",\"url\":\"https:\/\/www.erboristerie.com\/it\/\",\"logo\":{\"@type\":\"ImageObject\",\"inLanguage\":\"it-IT\",\"@id\":\"https:\/\/www.erboristerie.com\/it\/#\/schema\/logo\/image\/\",\"url\":\"https:\/\/www.erboristerie.com\/wp-content\/uploads\/2019\/11\/LOGO_ERBORISTERIA_DEMETRA_original.png?v=1611516981\",\"contentUrl\":\"https:\/\/www.erboristerie.com\/wp-content\/uploads\/2019\/11\/LOGO_ERBORISTERIA_DEMETRA_original.png?v=1611516981\",\"width\":201,\"height\":54,\"caption\":\"Erboristeria Demetra\"},\"image\":{\"@id\":\"https:\/\/www.erboristerie.com\/it\/#\/schema\/logo\/image\/\"},\"sameAs\":[\"https:\/\/www.facebook.com\/erboristeria.demetra.online\"]}]}<\/script>\n<!-- \/ Yoast SEO plugin. -->","yoast_head_json":{"title":"Accordo Arancio Bagnoschiuma 250ml","description":"Il piacere tonificante di un bagno o di una doccia si fa ancora pi\u00f9 vivo e intenso con questo invito profumato","robots":{"index":"index","follow":"follow","max-snippet":"max-snippet:-1","max-image-preview":"max-image-preview:large","max-video-preview":"max-video-preview:-1"},"canonical":"https:\/\/www.erboristerie.com\/it\/prodotto\/accordo-arancio-bagnoschiuma-250ml\/","og_locale":"it_IT","og_type":"article","og_title":"Accordo Arancio Bagnoschiuma 250ml","og_description":"Il piacere tonificante di un bagno o di una doccia si fa ancora pi\u00f9 vivo e intenso con questo invito profumato","og_url":"https:\/\/www.erboristerie.com\/it\/prodotto\/accordo-arancio-bagnoschiuma-250ml\/","og_site_name":"Erboristeria Demetra","article_publisher":"https:\/\/www.facebook.com\/erboristeria.demetra.online","article_modified_time":"2026-01-23T16:03:51+00:00","og_image":[{"width":367,"height":427,"url":"https:\/\/www.erboristerie.com\/wp-content\/uploads\/2019\/01\/products-00006299.jpg","type":"image\/jpeg"}],"twitter_card":"summary_large_image","twitter_misc":{"Tempo di lettura stimato":"3 minuti"},"schema":{"@context":"https:\/\/schema.org","@graph":[{"@type":"WebPage","@id":"https:\/\/www.erboristerie.com\/it\/prodotto\/accordo-arancio-bagnoschiuma-250ml\/","url":"https:\/\/www.erboristerie.com\/it\/prodotto\/accordo-arancio-bagnoschiuma-250ml\/","name":"Accordo Arancio Bagnoschiuma 250ml","isPartOf":{"@id":"https:\/\/www.erboristerie.com\/it\/#website"},"primaryImageOfPage":{"@id":"https:\/\/www.erboristerie.com\/it\/prodotto\/accordo-arancio-bagnoschiuma-250ml\/#primaryimage"},"image":{"@id":"https:\/\/www.erboristerie.com\/it\/prodotto\/accordo-arancio-bagnoschiuma-250ml\/#primaryimage"},"thumbnailUrl":"https:\/\/www.erboristerie.com\/wp-content\/uploads\/2019\/01\/products-00006299.jpg","datePublished":"2014-09-25T15:43:10+00:00","dateModified":"2026-01-23T16:03:51+00:00","description":"Il piacere tonificante di un bagno o di una doccia si fa ancora pi\u00f9 vivo e intenso con questo invito profumato","breadcrumb":{"@id":"https:\/\/www.erboristerie.com\/it\/prodotto\/accordo-arancio-bagnoschiuma-250ml\/#breadcrumb"},"inLanguage":"it-IT","potentialAction":[{"@type":"ReadAction","target":["https:\/\/www.erboristerie.com\/it\/prodotto\/accordo-arancio-bagnoschiuma-250ml\/"]}]},{"@type":"ImageObject","inLanguage":"it-IT","@id":"https:\/\/www.erboristerie.com\/it\/prodotto\/accordo-arancio-bagnoschiuma-250ml\/#primaryimage","url":"https:\/\/www.erboristerie.com\/wp-content\/uploads\/2019\/01\/products-00006299.jpg","contentUrl":"https:\/\/www.erboristerie.com\/wp-content\/uploads\/2019\/01\/products-00006299.jpg","width":"367","height":"427","caption":"Accordo Arancio Bagnoschiuma 250ml"},{"@type":"BreadcrumbList","@id":"https:\/\/www.erboristerie.com\/it\/prodotto\/accordo-arancio-bagnoschiuma-250ml\/#breadcrumb","itemListElement":[{"@type":"ListItem","position":1,"name":"Home","item":"https:\/\/www.erboristerie.com\/it\/"},{"@type":"ListItem","position":2,"name":"Tutti i prodotti","item":"https:\/\/www.erboristerie.com\/it\/tutti-i-prodotti\/"},{"@type":"ListItem","position":3,"name":"Accordo Arancio Bagnoschiuma 250ml"}]},{"@type":"WebSite","@id":"https:\/\/www.erboristerie.com\/it\/#website","url":"https:\/\/www.erboristerie.com\/it\/","name":"Erboristeria Demetra","description":"La tua salute al naturale","publisher":{"@id":"https:\/\/www.erboristerie.com\/it\/#organization"},"potentialAction":[{"@type":"SearchAction","target":{"@type":"EntryPoint","urlTemplate":"https:\/\/www.erboristerie.com\/it\/?s={search_term_string}"},"query-input":{"@type":"PropertyValueSpecification","valueRequired":true,"valueName":"search_term_string"}}],"inLanguage":"it-IT"},{"@type":"Organization","@id":"https:\/\/www.erboristerie.com\/it\/#organization","name":"Erboristeria Demetra","url":"https:\/\/www.erboristerie.com\/it\/","logo":{"@type":"ImageObject","inLanguage":"it-IT","@id":"https:\/\/www.erboristerie.com\/it\/#\/schema\/logo\/image\/","url":"https:\/\/www.erboristerie.com\/wp-content\/uploads\/2019\/11\/LOGO_ERBORISTERIA_DEMETRA_original.png?v=1611516981","contentUrl":"https:\/\/www.erboristerie.com\/wp-content\/uploads\/2019\/11\/LOGO_ERBORISTERIA_DEMETRA_original.png?v=1611516981","width":201,"height":54,"caption":"Erboristeria Demetra"},"image":{"@id":"https:\/\/www.erboristerie.com\/it\/#\/schema\/logo\/image\/"},"sameAs":["https:\/\/www.facebook.com\/erboristeria.demetra.online"]}]}},"_links":{"self":[{"href":"https:\/\/www.erboristerie.com\/it\/wp-json\/wp\/v2\/product\/68814","targetHints":{"allow":["GET"]}}],"collection":[{"href":"https:\/\/www.erboristerie.com\/it\/wp-json\/wp\/v2\/product"}],"about":[{"href":"https:\/\/www.erboristerie.com\/it\/wp-json\/wp\/v2\/types\/product"}],"wp:featuredmedia":[{"embeddable":true,"href":"https:\/\/www.erboristerie.com\/it\/wp-json\/wp\/v2\/media\/68815"}],"wp:attachment":[{"href":"https:\/\/www.erboristerie.com\/it\/wp-json\/wp\/v2\/media?parent=68814"}],"wp:term":[{"taxonomy":"product_brand","embeddable":true,"href":"https:\/\/www.erboristerie.com\/it\/wp-json\/wp\/v2\/product_brand?post=68814"},{"taxonomy":"product_cat","embeddable":true,"href":"https:\/\/www.erboristerie.com\/it\/wp-json\/wp\/v2\/product_cat?post=68814"},{"taxonomy":"product_tag","embeddable":true,"href":"https:\/\/www.erboristerie.com\/it\/wp-json\/wp\/v2\/product_tag?post=68814"},{"taxonomy":"giftcard-category","embeddable":true,"href":"https:\/\/www.erboristerie.com\/it\/wp-json\/wp\/v2\/giftcard-category?post=68814"}],"curies":[{"name":"wp","href":"https:\/\/api.w.org\/{rel}","templated":true}]}}