{"id":68518,"date":"2014-06-28T17:35:44","date_gmt":"2014-06-28T15:35:44","guid":{"rendered":"http:\/\/www.erboristerie.com\/?post_type=product&#038;p=68518"},"modified":"2025-09-30T18:56:19","modified_gmt":"2025-09-30T16:56:19","slug":"te-nero-infuso-biologico-20-buste-filtro-erbamea","status":"publish","type":"product","link":"https:\/\/www.erboristerie.com\/it\/prodotto\/te-nero-infuso-biologico-20-buste-filtro-erbamea\/","title":{"rendered":"T\u00e8 Nero infuso biologico 20 buste filtro Erbamea"},"content":{"rendered":"<p><strong>T\u00e8 Nero infuso biologico 20 buste filtro Erbamea<\/strong><\/p>\n<p>Il T\u00e8 nero \u00e8 prodotto nei paesi d\u2019origine attraverso un particolare processo di essiccazione e fermentazione controllata.<\/p>\n<p>Le foglioline della pianta del T\u00e8, cos\u00ec trattate, assumono un aroma caratteristico, molto apprezzato in Occidente.<\/p>\n<p>Erbamea ha selezionato un T\u00e8 nero pregiato e certificato biologico con cui preparare tante tazze di infuso particolarmente profumato, dal piacevole colore rosso-bruno e dal gusto importante e rotondo, perfetto per ogni momento della giornata.<\/p>\n<p><strong>Consigli d&#8217;uso<\/strong><\/p>\n<p>Per preparare un ottimo infuso, versare acqua bollente in una tazza (circa 150 ml), mettere una bustina filtro e lasciare riposare per 2-3 minuti; coprire la tazza per non disperdere le sostanze pi\u00f9 volatili.<\/p>\n<p>Prima di togliere la bustina filtro premerla leggermente con il dorso del cucchiaino.<\/p>\n<p>Utilizzare una bustina per tazza. L&#8217;infuso pu\u00f2 essere dolcificato a piacere.<\/p>\n<p><strong>Ingredienti<\/strong><\/p>\n<p>T\u00e8 nero biologico foglie 100%<\/p>\n<p><strong>100% Made in Italy<\/strong><br \/>\n<strong>Certificato Biologico<\/strong><br \/>\n<strong>Gluten Free<\/strong><\/p>\n","protected":false},"excerpt":{"rendered":"<p>T\u00e8 Nero infuso biologico 20 buste filtro Erbamea Il T\u00e8 nero \u00e8 prodotto nei paesi d\u2019origine attraverso un particolare processo di essiccazione e fermentazione controllata. Le foglioline della pianta del T\u00e8, cos\u00ec trattate, assumono un aroma caratteristico, molto apprezzato in Occidente. Erbamea ha selezionato un&#8230;<\/p>\n","protected":false},"featured_media":129870,"template":"","meta":{"_acf_changed":false},"product_brand":[9617],"product_cat":[49559],"product_tag":[12763,11920,12768,19488],"giftcard-category":[],"class_list":{"0":"post-68518","1":"product","2":"type-product","3":"status-publish","4":"has-post-thumbnail","6":"product_brand-erbamea","7":"product_cat-infusi-tisane-in-filtri","8":"product_tag-biologico","9":"product_tag-filtri","10":"product_tag-infuso","11":"product_tag-nero-2","12":"pa_tipologia-te","14":"first","15":"instock","16":"sale","17":"taxable","18":"shipping-taxable","19":"purchasable","20":"product-type-simple"},"acf":[],"yoast_head":"<!-- This site is optimized with the Yoast SEO plugin v24.9 - https:\/\/yoast.com\/wordpress\/plugins\/seo\/ -->\n<title>T\u00e8 Nero infuso biologico 20 buste filtro Erbamea - Erboristeria Demetra<\/title>\n<meta name=\"description\" content=\"Erbamea ha selezionato un T\u00e8 nero pregiato e certificato biologico con cui preparare tante tazze di infuso perfetto per ogni momento della giornata.\" \/>\n<meta name=\"robots\" content=\"index, follow, max-snippet:-1, max-image-preview:large, max-video-preview:-1\" \/>\n<link rel=\"canonical\" href=\"https:\/\/www.erboristerie.com\/it\/prodotto\/te-nero-infuso-biologico-20-buste-filtro-erbamea\/\" \/>\n<meta property=\"og:locale\" content=\"it_IT\" \/>\n<meta property=\"og:type\" content=\"article\" \/>\n<meta property=\"og:title\" content=\"T\u00e8 Nero infuso biologico 20 buste filtro Erbamea - Erboristeria Demetra\" \/>\n<meta property=\"og:description\" content=\"Erbamea ha selezionato un T\u00e8 nero pregiato e certificato biologico con cui preparare tante tazze di infuso perfetto per ogni momento della giornata.\" \/>\n<meta property=\"og:url\" content=\"https:\/\/www.erboristerie.com\/it\/prodotto\/te-nero-infuso-biologico-20-buste-filtro-erbamea\/\" \/>\n<meta property=\"og:site_name\" content=\"Erboristeria Demetra\" \/>\n<meta property=\"article:publisher\" content=\"https:\/\/www.facebook.com\/erboristeria.demetra.online\" \/>\n<meta property=\"article:modified_time\" content=\"2025-09-30T16:56:19+00:00\" \/>\n<meta property=\"og:image\" content=\"https:\/\/www.erboristerie.com\/wp-content\/uploads\/2014\/06\/00010722-infuso-te-nero-20-filtri-erbamea-erboristerie-com.jpg\" \/>\n\t<meta property=\"og:image:width\" content=\"800\" \/>\n\t<meta property=\"og:image:height\" content=\"800\" \/>\n\t<meta property=\"og:image:type\" content=\"image\/jpeg\" \/>\n<meta name=\"twitter:card\" content=\"summary_large_image\" \/>\n<meta name=\"twitter:label1\" content=\"Tempo di lettura stimato\" \/>\n\t<meta name=\"twitter:data1\" content=\"1 minuto\" \/>\n<script type=\"application\/ld+json\" class=\"yoast-schema-graph\">{\"@context\":\"https:\/\/schema.org\",\"@graph\":[{\"@type\":\"WebPage\",\"@id\":\"https:\/\/www.erboristerie.com\/it\/prodotto\/te-nero-infuso-biologico-20-buste-filtro-erbamea\/\",\"url\":\"https:\/\/www.erboristerie.com\/it\/prodotto\/te-nero-infuso-biologico-20-buste-filtro-erbamea\/\",\"name\":\"T\u00e8 Nero infuso biologico 20 buste filtro Erbamea - Erboristeria Demetra\",\"isPartOf\":{\"@id\":\"https:\/\/www.erboristerie.com\/it\/#website\"},\"primaryImageOfPage\":{\"@id\":\"https:\/\/www.erboristerie.com\/it\/prodotto\/te-nero-infuso-biologico-20-buste-filtro-erbamea\/#primaryimage\"},\"image\":{\"@id\":\"https:\/\/www.erboristerie.com\/it\/prodotto\/te-nero-infuso-biologico-20-buste-filtro-erbamea\/#primaryimage\"},\"thumbnailUrl\":\"https:\/\/www.erboristerie.com\/wp-content\/uploads\/2014\/06\/00010722-infuso-te-nero-20-filtri-erbamea-erboristerie-com.jpg\",\"datePublished\":\"2014-06-28T15:35:44+00:00\",\"dateModified\":\"2025-09-30T16:56:19+00:00\",\"description\":\"Erbamea ha selezionato un T\u00e8 nero pregiato e certificato biologico con cui preparare tante tazze di infuso perfetto per ogni momento della giornata.\",\"breadcrumb\":{\"@id\":\"https:\/\/www.erboristerie.com\/it\/prodotto\/te-nero-infuso-biologico-20-buste-filtro-erbamea\/#breadcrumb\"},\"inLanguage\":\"it-IT\",\"potentialAction\":[{\"@type\":\"ReadAction\",\"target\":[\"https:\/\/www.erboristerie.com\/it\/prodotto\/te-nero-infuso-biologico-20-buste-filtro-erbamea\/\"]}]},{\"@type\":\"ImageObject\",\"inLanguage\":\"it-IT\",\"@id\":\"https:\/\/www.erboristerie.com\/it\/prodotto\/te-nero-infuso-biologico-20-buste-filtro-erbamea\/#primaryimage\",\"url\":\"https:\/\/www.erboristerie.com\/wp-content\/uploads\/2014\/06\/00010722-infuso-te-nero-20-filtri-erbamea-erboristerie-com.jpg\",\"contentUrl\":\"https:\/\/www.erboristerie.com\/wp-content\/uploads\/2014\/06\/00010722-infuso-te-nero-20-filtri-erbamea-erboristerie-com.jpg\",\"width\":800,\"height\":800},{\"@type\":\"BreadcrumbList\",\"@id\":\"https:\/\/www.erboristerie.com\/it\/prodotto\/te-nero-infuso-biologico-20-buste-filtro-erbamea\/#breadcrumb\",\"itemListElement\":[{\"@type\":\"ListItem\",\"position\":1,\"name\":\"Home\",\"item\":\"https:\/\/www.erboristerie.com\/it\/\"},{\"@type\":\"ListItem\",\"position\":2,\"name\":\"Tutti i prodotti\",\"item\":\"https:\/\/www.erboristerie.com\/it\/tutti-i-prodotti\/\"},{\"@type\":\"ListItem\",\"position\":3,\"name\":\"T\u00e8 Nero infuso biologico 20 buste filtro Erbamea\"}]},{\"@type\":\"WebSite\",\"@id\":\"https:\/\/www.erboristerie.com\/it\/#website\",\"url\":\"https:\/\/www.erboristerie.com\/it\/\",\"name\":\"Erboristeria Demetra\",\"description\":\"La tua salute al naturale\",\"publisher\":{\"@id\":\"https:\/\/www.erboristerie.com\/it\/#organization\"},\"potentialAction\":[{\"@type\":\"SearchAction\",\"target\":{\"@type\":\"EntryPoint\",\"urlTemplate\":\"https:\/\/www.erboristerie.com\/it\/?s={search_term_string}\"},\"query-input\":{\"@type\":\"PropertyValueSpecification\",\"valueRequired\":true,\"valueName\":\"search_term_string\"}}],\"inLanguage\":\"it-IT\"},{\"@type\":\"Organization\",\"@id\":\"https:\/\/www.erboristerie.com\/it\/#organization\",\"name\":\"Erboristeria Demetra\",\"url\":\"https:\/\/www.erboristerie.com\/it\/\",\"logo\":{\"@type\":\"ImageObject\",\"inLanguage\":\"it-IT\",\"@id\":\"https:\/\/www.erboristerie.com\/it\/#\/schema\/logo\/image\/\",\"url\":\"https:\/\/www.erboristerie.com\/wp-content\/uploads\/2019\/11\/LOGO_ERBORISTERIA_DEMETRA_original.png?v=1611516981\",\"contentUrl\":\"https:\/\/www.erboristerie.com\/wp-content\/uploads\/2019\/11\/LOGO_ERBORISTERIA_DEMETRA_original.png?v=1611516981\",\"width\":201,\"height\":54,\"caption\":\"Erboristeria Demetra\"},\"image\":{\"@id\":\"https:\/\/www.erboristerie.com\/it\/#\/schema\/logo\/image\/\"},\"sameAs\":[\"https:\/\/www.facebook.com\/erboristeria.demetra.online\"]}]}<\/script>\n<!-- \/ Yoast SEO plugin. -->","yoast_head_json":{"title":"T\u00e8 Nero infuso biologico 20 buste filtro Erbamea - Erboristeria Demetra","description":"Erbamea ha selezionato un T\u00e8 nero pregiato e certificato biologico con cui preparare tante tazze di infuso perfetto per ogni momento della giornata.","robots":{"index":"index","follow":"follow","max-snippet":"max-snippet:-1","max-image-preview":"max-image-preview:large","max-video-preview":"max-video-preview:-1"},"canonical":"https:\/\/www.erboristerie.com\/it\/prodotto\/te-nero-infuso-biologico-20-buste-filtro-erbamea\/","og_locale":"it_IT","og_type":"article","og_title":"T\u00e8 Nero infuso biologico 20 buste filtro Erbamea - Erboristeria Demetra","og_description":"Erbamea ha selezionato un T\u00e8 nero pregiato e certificato biologico con cui preparare tante tazze di infuso perfetto per ogni momento della giornata.","og_url":"https:\/\/www.erboristerie.com\/it\/prodotto\/te-nero-infuso-biologico-20-buste-filtro-erbamea\/","og_site_name":"Erboristeria Demetra","article_publisher":"https:\/\/www.facebook.com\/erboristeria.demetra.online","article_modified_time":"2025-09-30T16:56:19+00:00","og_image":[{"width":800,"height":800,"url":"https:\/\/www.erboristerie.com\/wp-content\/uploads\/2014\/06\/00010722-infuso-te-nero-20-filtri-erbamea-erboristerie-com.jpg","type":"image\/jpeg"}],"twitter_card":"summary_large_image","twitter_misc":{"Tempo di lettura stimato":"1 minuto"},"schema":{"@context":"https:\/\/schema.org","@graph":[{"@type":"WebPage","@id":"https:\/\/www.erboristerie.com\/it\/prodotto\/te-nero-infuso-biologico-20-buste-filtro-erbamea\/","url":"https:\/\/www.erboristerie.com\/it\/prodotto\/te-nero-infuso-biologico-20-buste-filtro-erbamea\/","name":"T\u00e8 Nero infuso biologico 20 buste filtro Erbamea - Erboristeria Demetra","isPartOf":{"@id":"https:\/\/www.erboristerie.com\/it\/#website"},"primaryImageOfPage":{"@id":"https:\/\/www.erboristerie.com\/it\/prodotto\/te-nero-infuso-biologico-20-buste-filtro-erbamea\/#primaryimage"},"image":{"@id":"https:\/\/www.erboristerie.com\/it\/prodotto\/te-nero-infuso-biologico-20-buste-filtro-erbamea\/#primaryimage"},"thumbnailUrl":"https:\/\/www.erboristerie.com\/wp-content\/uploads\/2014\/06\/00010722-infuso-te-nero-20-filtri-erbamea-erboristerie-com.jpg","datePublished":"2014-06-28T15:35:44+00:00","dateModified":"2025-09-30T16:56:19+00:00","description":"Erbamea ha selezionato un T\u00e8 nero pregiato e certificato biologico con cui preparare tante tazze di infuso perfetto per ogni momento della giornata.","breadcrumb":{"@id":"https:\/\/www.erboristerie.com\/it\/prodotto\/te-nero-infuso-biologico-20-buste-filtro-erbamea\/#breadcrumb"},"inLanguage":"it-IT","potentialAction":[{"@type":"ReadAction","target":["https:\/\/www.erboristerie.com\/it\/prodotto\/te-nero-infuso-biologico-20-buste-filtro-erbamea\/"]}]},{"@type":"ImageObject","inLanguage":"it-IT","@id":"https:\/\/www.erboristerie.com\/it\/prodotto\/te-nero-infuso-biologico-20-buste-filtro-erbamea\/#primaryimage","url":"https:\/\/www.erboristerie.com\/wp-content\/uploads\/2014\/06\/00010722-infuso-te-nero-20-filtri-erbamea-erboristerie-com.jpg","contentUrl":"https:\/\/www.erboristerie.com\/wp-content\/uploads\/2014\/06\/00010722-infuso-te-nero-20-filtri-erbamea-erboristerie-com.jpg","width":800,"height":800},{"@type":"BreadcrumbList","@id":"https:\/\/www.erboristerie.com\/it\/prodotto\/te-nero-infuso-biologico-20-buste-filtro-erbamea\/#breadcrumb","itemListElement":[{"@type":"ListItem","position":1,"name":"Home","item":"https:\/\/www.erboristerie.com\/it\/"},{"@type":"ListItem","position":2,"name":"Tutti i prodotti","item":"https:\/\/www.erboristerie.com\/it\/tutti-i-prodotti\/"},{"@type":"ListItem","position":3,"name":"T\u00e8 Nero infuso biologico 20 buste filtro Erbamea"}]},{"@type":"WebSite","@id":"https:\/\/www.erboristerie.com\/it\/#website","url":"https:\/\/www.erboristerie.com\/it\/","name":"Erboristeria Demetra","description":"La tua salute al naturale","publisher":{"@id":"https:\/\/www.erboristerie.com\/it\/#organization"},"potentialAction":[{"@type":"SearchAction","target":{"@type":"EntryPoint","urlTemplate":"https:\/\/www.erboristerie.com\/it\/?s={search_term_string}"},"query-input":{"@type":"PropertyValueSpecification","valueRequired":true,"valueName":"search_term_string"}}],"inLanguage":"it-IT"},{"@type":"Organization","@id":"https:\/\/www.erboristerie.com\/it\/#organization","name":"Erboristeria Demetra","url":"https:\/\/www.erboristerie.com\/it\/","logo":{"@type":"ImageObject","inLanguage":"it-IT","@id":"https:\/\/www.erboristerie.com\/it\/#\/schema\/logo\/image\/","url":"https:\/\/www.erboristerie.com\/wp-content\/uploads\/2019\/11\/LOGO_ERBORISTERIA_DEMETRA_original.png?v=1611516981","contentUrl":"https:\/\/www.erboristerie.com\/wp-content\/uploads\/2019\/11\/LOGO_ERBORISTERIA_DEMETRA_original.png?v=1611516981","width":201,"height":54,"caption":"Erboristeria Demetra"},"image":{"@id":"https:\/\/www.erboristerie.com\/it\/#\/schema\/logo\/image\/"},"sameAs":["https:\/\/www.facebook.com\/erboristeria.demetra.online"]}]}},"_links":{"self":[{"href":"https:\/\/www.erboristerie.com\/it\/wp-json\/wp\/v2\/product\/68518","targetHints":{"allow":["GET"]}}],"collection":[{"href":"https:\/\/www.erboristerie.com\/it\/wp-json\/wp\/v2\/product"}],"about":[{"href":"https:\/\/www.erboristerie.com\/it\/wp-json\/wp\/v2\/types\/product"}],"wp:featuredmedia":[{"embeddable":true,"href":"https:\/\/www.erboristerie.com\/it\/wp-json\/wp\/v2\/media\/129870"}],"wp:attachment":[{"href":"https:\/\/www.erboristerie.com\/it\/wp-json\/wp\/v2\/media?parent=68518"}],"wp:term":[{"taxonomy":"product_brand","embeddable":true,"href":"https:\/\/www.erboristerie.com\/it\/wp-json\/wp\/v2\/product_brand?post=68518"},{"taxonomy":"product_cat","embeddable":true,"href":"https:\/\/www.erboristerie.com\/it\/wp-json\/wp\/v2\/product_cat?post=68518"},{"taxonomy":"product_tag","embeddable":true,"href":"https:\/\/www.erboristerie.com\/it\/wp-json\/wp\/v2\/product_tag?post=68518"},{"taxonomy":"giftcard-category","embeddable":true,"href":"https:\/\/www.erboristerie.com\/it\/wp-json\/wp\/v2\/giftcard-category?post=68518"}],"curies":[{"name":"wp","href":"https:\/\/api.w.org\/{rel}","templated":true}]}}