{"id":68454,"date":"2014-06-03T17:33:38","date_gmt":"2014-06-03T15:33:38","guid":{"rendered":"http:\/\/www.erboristerie.com\/?post_type=product&#038;p=68454"},"modified":"2025-09-10T18:54:13","modified_gmt":"2025-09-10T16:54:13","slug":"cc-cream-acido-ialuronico-spf20-tonalita-medio-scura-50ml-lerbolario","status":"publish","type":"product","link":"https:\/\/www.erboristerie.com\/it\/prodotto\/cc-cream-acido-ialuronico-spf20-tonalita-medio-scura-50ml-lerbolario\/","title":{"rendered":"CC Cream Acido Ialuronico SPF20 Tonalit\u00e0 Caramello (medio-scura) 50ml L&#8217;Erbolario"},"content":{"rendered":"<p><strong>CC Cream Acido Ialuronico SPF20 Tonalit\u00e0 Caramello (medio-scura) 50ml &#8211; L&#8217;Erbolario<\/strong><\/p>\n<p>Tante ottime soluzioni con un solo, facile gesto: mentre \u00e8 capace di dare risalto al naturale tono dell\u2019incarnato, questa CC Cream perfeziona il colorito dell\u2019epidermide, coprendo le discromie e minimizzando le imperfezioni.<\/p>\n<p>Nella formula si evidenzia l\u2019azione dell\u2019estratto di semi di Farro che protegge dal precoce invecchiamento cutaneo.<\/p>\n<p>Eccellente \u00e8 poi l\u2019apporto idratante dell\u2019Acido Ialuronico, presente ad alto, medio e basso peso molecolare ma anche in forma niosomiale, per convogliare in profondit\u00e0 tutta la sua efficacia idrorestitutiva.<\/p>\n<p>La ricetta assicura infine l\u2019innovativa attivit\u00e0 idratante e illuminante del bellissimo Fiore di Porcellana, il cui estratto ricco in flavonoidi e fitosteroli contribuisce a donare un viso\u2026 di porcellana.<\/p>\n<p><strong>SPF 20 Protezione media<\/strong><\/p>\n<p><strong>Formula non comedogenica.<\/strong><\/p>\n<p><strong>Senza siliconi, parabeni e petrolati<\/strong><br \/>\n97% ingredienti di origine naturale<br \/>\nLa restante percentuale di ingredienti garantisce stabilit\u00e0 e gradevolezza del prodotto.<\/p>\n<p><strong>Uso<\/strong><\/p>\n<p>Dopo aver deterso il viso, distribuire aiutandosi con una spugnetta per il make up: l\u2019effetto sar\u00e0 quello di un incarnato dal finish opaco, uniforme ma molto naturale.<\/p>\n<p><strong>Sostanze funzionali<\/strong><\/p>\n<p>Acido Ialuronico a basso, medio e alto peso molecolare, Cheratina vegetale da Grano e Soja, distillato di polpa di Cocco, burro di Karit\u00e8, fitosteroli di Crambe abyssinica, estratto dai frutti di Limone, Mela e Uva di provenienza italiana, estratto dai fiori di Verbasco e Primula<\/p>\n<p><strong>Ingredienti (INCI)<\/strong><\/p>\n<p>Aqua (Water), Cocos Nucifera (Coconut) Water, Cetearyl Alcohol, Butyrospermum Parkii (Shea) Butter, Distearoylethyl Hydroxyethylmonium Methosulfate, Glycerin, Behenamidopropyl Dimethylamine, Myristyl Alcohol, Parfum (Fragrance), Crambe Abyssinica Seed Oil, Sodium Hyaluronate, Hydrolyzed Verbascum Thapsus Flower, Citrus Limon (Lemon) Fruit Extract, Primula Veris Extract, Pyrus Malus (Apple) Fruit Extract, Soy Amino Acids, Wheat Amino Acids, Hydrolyzed Wheat Bran, Hydrolyzed Grape Fruit, Arginine HCl, Serine, Threonine, Phytosterols, Citric Acid, Lactic Acid, Tartaric Acid, Starch Hydroxypropyltrimonium Chloride, Oleyl Alcohol, Glyceryl Caprylate, Rosmarinus Officinalis (Rosemary) Leaf Extract, Brassica Campestris (Rapeseed) Seed Oil, Euphorbia Cerifera (Candelilla) Wax, Hydrogenated Vegetable Oil, Olus Oil (Vegetable Oil), Sodium Lactate, Ethyl Lauroyl Arginate HCl, Glyceryl Undecylenate, Urea, Sodium Chloride, Benzoic Acid, Benzyl Alcohol, Potassium Sorbate, Sodium Benzoate.<\/p>\n<p><strong>Cosa sapere in pi\u00f9<\/strong><\/p>\n<p>100% Made in Italy<br \/>\n8 Metalli testati<br \/>\nDermatologicamente Testato<br \/>\nLAV \u2013 Dalla parte degli animali<br \/>\nSenza ingredienti di derivazione animale<br \/>\n12 MPaO (Period after Opening \u2013 periodo dopo l\u2019apertura)<\/p>\n","protected":false},"excerpt":{"rendered":"<p>CC Cream Acido Ialuronico SPF20 Tonalit\u00e0 Caramello (medio-scura) 50ml &#8211; L&#8217;Erbolario Tante ottime soluzioni con un solo, facile gesto: mentre \u00e8 capace di dare risalto al naturale tono dell\u2019incarnato, questa CC Cream perfeziona il colorito dell\u2019epidermide, coprendo le discromie e minimizzando le imperfezioni. Nella formula&#8230;<\/p>\n","protected":false},"featured_media":109964,"template":"","meta":{"_acf_changed":false},"product_brand":[9603],"product_cat":[45040],"product_tag":[18192,10566,14468,17226,18241,19339,13074],"giftcard-category":[],"class_list":{"0":"post-68454","1":"product","2":"type-product","3":"status-publish","4":"has-post-thumbnail","6":"product_brand-erbolario","7":"product_cat-viso","8":"product_tag-50ml-2","9":"product_tag-acido","10":"product_tag-caramello","11":"product_tag-cream","12":"product_tag-crema-2","13":"product_tag-ialuronico-2","14":"product_tag-spf20","15":"pa_formato-50-ml","16":"pa_linea-profumazione-acido-ialuronico","17":"pa_marca-lerbolario","18":"pa_tipologia-crema","20":"first","21":"instock","22":"sale","23":"taxable","24":"shipping-taxable","25":"purchasable","26":"product-type-simple"},"acf":[],"yoast_head":"<!-- This site is optimized with the Yoast SEO plugin v24.9 - https:\/\/yoast.com\/wordpress\/plugins\/seo\/ -->\n<title>CC Cream Acido Ialuronico SPF20 Tonalit\u00e0 Caramello (medio-scura) 50ml L&#039;Erbolario - Erboristeria Demetra<\/title>\n<meta name=\"description\" content=\"CC Cream in un unico gesto \u00e8 capace di coprire le discromie, mimetizzare le imperfezioni, valorizzare la naturale luminosit\u00e0.\" \/>\n<meta name=\"robots\" content=\"index, follow, max-snippet:-1, max-image-preview:large, max-video-preview:-1\" \/>\n<link rel=\"canonical\" href=\"https:\/\/www.erboristerie.com\/it\/prodotto\/cc-cream-acido-ialuronico-spf20-tonalita-medio-scura-50ml-lerbolario\/\" \/>\n<meta property=\"og:locale\" content=\"it_IT\" \/>\n<meta property=\"og:type\" content=\"article\" \/>\n<meta property=\"og:title\" content=\"CC Cream Acido Ialuronico SPF20 Tonalit\u00e0 Caramello (medio-scura) 50ml L&#039;Erbolario - Erboristeria Demetra\" \/>\n<meta property=\"og:description\" content=\"CC Cream in un unico gesto \u00e8 capace di coprire le discromie, mimetizzare le imperfezioni, valorizzare la naturale luminosit\u00e0.\" \/>\n<meta property=\"og:url\" content=\"https:\/\/www.erboristerie.com\/it\/prodotto\/cc-cream-acido-ialuronico-spf20-tonalita-medio-scura-50ml-lerbolario\/\" \/>\n<meta property=\"og:site_name\" content=\"Erboristeria Demetra\" \/>\n<meta property=\"article:publisher\" content=\"https:\/\/www.facebook.com\/erboristeria.demetra.online\" \/>\n<meta property=\"article:modified_time\" content=\"2025-09-10T16:54:13+00:00\" \/>\n<meta property=\"og:image\" content=\"https:\/\/www.erboristerie.com\/wp-content\/uploads\/2014\/06\/00010751-1.jpg\" \/>\n\t<meta property=\"og:image:width\" content=\"458\" \/>\n\t<meta property=\"og:image:height\" content=\"551\" \/>\n\t<meta property=\"og:image:type\" content=\"image\/jpeg\" \/>\n<meta name=\"twitter:card\" content=\"summary_large_image\" \/>\n<meta name=\"twitter:label1\" content=\"Tempo di lettura stimato\" \/>\n\t<meta name=\"twitter:data1\" content=\"2 minuti\" \/>\n<script type=\"application\/ld+json\" class=\"yoast-schema-graph\">{\"@context\":\"https:\/\/schema.org\",\"@graph\":[{\"@type\":\"WebPage\",\"@id\":\"https:\/\/www.erboristerie.com\/it\/prodotto\/cc-cream-acido-ialuronico-spf20-tonalita-medio-scura-50ml-lerbolario\/\",\"url\":\"https:\/\/www.erboristerie.com\/it\/prodotto\/cc-cream-acido-ialuronico-spf20-tonalita-medio-scura-50ml-lerbolario\/\",\"name\":\"CC Cream Acido Ialuronico SPF20 Tonalit\u00e0 Caramello (medio-scura) 50ml L'Erbolario - Erboristeria Demetra\",\"isPartOf\":{\"@id\":\"https:\/\/www.erboristerie.com\/it\/#website\"},\"primaryImageOfPage\":{\"@id\":\"https:\/\/www.erboristerie.com\/it\/prodotto\/cc-cream-acido-ialuronico-spf20-tonalita-medio-scura-50ml-lerbolario\/#primaryimage\"},\"image\":{\"@id\":\"https:\/\/www.erboristerie.com\/it\/prodotto\/cc-cream-acido-ialuronico-spf20-tonalita-medio-scura-50ml-lerbolario\/#primaryimage\"},\"thumbnailUrl\":\"https:\/\/www.erboristerie.com\/wp-content\/uploads\/2014\/06\/00010751-1.jpg\",\"datePublished\":\"2014-06-03T15:33:38+00:00\",\"dateModified\":\"2025-09-10T16:54:13+00:00\",\"description\":\"CC Cream in un unico gesto \u00e8 capace di coprire le discromie, mimetizzare le imperfezioni, valorizzare la naturale luminosit\u00e0.\",\"breadcrumb\":{\"@id\":\"https:\/\/www.erboristerie.com\/it\/prodotto\/cc-cream-acido-ialuronico-spf20-tonalita-medio-scura-50ml-lerbolario\/#breadcrumb\"},\"inLanguage\":\"it-IT\",\"potentialAction\":[{\"@type\":\"ReadAction\",\"target\":[\"https:\/\/www.erboristerie.com\/it\/prodotto\/cc-cream-acido-ialuronico-spf20-tonalita-medio-scura-50ml-lerbolario\/\"]}]},{\"@type\":\"ImageObject\",\"inLanguage\":\"it-IT\",\"@id\":\"https:\/\/www.erboristerie.com\/it\/prodotto\/cc-cream-acido-ialuronico-spf20-tonalita-medio-scura-50ml-lerbolario\/#primaryimage\",\"url\":\"https:\/\/www.erboristerie.com\/wp-content\/uploads\/2014\/06\/00010751-1.jpg\",\"contentUrl\":\"https:\/\/www.erboristerie.com\/wp-content\/uploads\/2014\/06\/00010751-1.jpg\",\"width\":458,\"height\":551},{\"@type\":\"BreadcrumbList\",\"@id\":\"https:\/\/www.erboristerie.com\/it\/prodotto\/cc-cream-acido-ialuronico-spf20-tonalita-medio-scura-50ml-lerbolario\/#breadcrumb\",\"itemListElement\":[{\"@type\":\"ListItem\",\"position\":1,\"name\":\"Home\",\"item\":\"https:\/\/www.erboristerie.com\/it\/\"},{\"@type\":\"ListItem\",\"position\":2,\"name\":\"Tutti i prodotti\",\"item\":\"https:\/\/www.erboristerie.com\/it\/tutti-i-prodotti\/\"},{\"@type\":\"ListItem\",\"position\":3,\"name\":\"CC Cream Acido Ialuronico SPF20 Tonalit\u00e0 Caramello (medio-scura) 50ml L&#8217;Erbolario\"}]},{\"@type\":\"WebSite\",\"@id\":\"https:\/\/www.erboristerie.com\/it\/#website\",\"url\":\"https:\/\/www.erboristerie.com\/it\/\",\"name\":\"Erboristeria Demetra\",\"description\":\"La tua salute al naturale\",\"publisher\":{\"@id\":\"https:\/\/www.erboristerie.com\/it\/#organization\"},\"potentialAction\":[{\"@type\":\"SearchAction\",\"target\":{\"@type\":\"EntryPoint\",\"urlTemplate\":\"https:\/\/www.erboristerie.com\/it\/?s={search_term_string}\"},\"query-input\":{\"@type\":\"PropertyValueSpecification\",\"valueRequired\":true,\"valueName\":\"search_term_string\"}}],\"inLanguage\":\"it-IT\"},{\"@type\":\"Organization\",\"@id\":\"https:\/\/www.erboristerie.com\/it\/#organization\",\"name\":\"Erboristeria Demetra\",\"url\":\"https:\/\/www.erboristerie.com\/it\/\",\"logo\":{\"@type\":\"ImageObject\",\"inLanguage\":\"it-IT\",\"@id\":\"https:\/\/www.erboristerie.com\/it\/#\/schema\/logo\/image\/\",\"url\":\"https:\/\/www.erboristerie.com\/wp-content\/uploads\/2019\/11\/LOGO_ERBORISTERIA_DEMETRA_original.png?v=1611516981\",\"contentUrl\":\"https:\/\/www.erboristerie.com\/wp-content\/uploads\/2019\/11\/LOGO_ERBORISTERIA_DEMETRA_original.png?v=1611516981\",\"width\":201,\"height\":54,\"caption\":\"Erboristeria Demetra\"},\"image\":{\"@id\":\"https:\/\/www.erboristerie.com\/it\/#\/schema\/logo\/image\/\"},\"sameAs\":[\"https:\/\/www.facebook.com\/erboristeria.demetra.online\"]}]}<\/script>\n<!-- \/ Yoast SEO plugin. -->","yoast_head_json":{"title":"CC Cream Acido Ialuronico SPF20 Tonalit\u00e0 Caramello (medio-scura) 50ml L'Erbolario - Erboristeria Demetra","description":"CC Cream in un unico gesto \u00e8 capace di coprire le discromie, mimetizzare le imperfezioni, valorizzare la naturale luminosit\u00e0.","robots":{"index":"index","follow":"follow","max-snippet":"max-snippet:-1","max-image-preview":"max-image-preview:large","max-video-preview":"max-video-preview:-1"},"canonical":"https:\/\/www.erboristerie.com\/it\/prodotto\/cc-cream-acido-ialuronico-spf20-tonalita-medio-scura-50ml-lerbolario\/","og_locale":"it_IT","og_type":"article","og_title":"CC Cream Acido Ialuronico SPF20 Tonalit\u00e0 Caramello (medio-scura) 50ml L'Erbolario - Erboristeria Demetra","og_description":"CC Cream in un unico gesto \u00e8 capace di coprire le discromie, mimetizzare le imperfezioni, valorizzare la naturale luminosit\u00e0.","og_url":"https:\/\/www.erboristerie.com\/it\/prodotto\/cc-cream-acido-ialuronico-spf20-tonalita-medio-scura-50ml-lerbolario\/","og_site_name":"Erboristeria Demetra","article_publisher":"https:\/\/www.facebook.com\/erboristeria.demetra.online","article_modified_time":"2025-09-10T16:54:13+00:00","og_image":[{"width":458,"height":551,"url":"https:\/\/www.erboristerie.com\/wp-content\/uploads\/2014\/06\/00010751-1.jpg","type":"image\/jpeg"}],"twitter_card":"summary_large_image","twitter_misc":{"Tempo di lettura stimato":"2 minuti"},"schema":{"@context":"https:\/\/schema.org","@graph":[{"@type":"WebPage","@id":"https:\/\/www.erboristerie.com\/it\/prodotto\/cc-cream-acido-ialuronico-spf20-tonalita-medio-scura-50ml-lerbolario\/","url":"https:\/\/www.erboristerie.com\/it\/prodotto\/cc-cream-acido-ialuronico-spf20-tonalita-medio-scura-50ml-lerbolario\/","name":"CC Cream Acido Ialuronico SPF20 Tonalit\u00e0 Caramello (medio-scura) 50ml L'Erbolario - Erboristeria Demetra","isPartOf":{"@id":"https:\/\/www.erboristerie.com\/it\/#website"},"primaryImageOfPage":{"@id":"https:\/\/www.erboristerie.com\/it\/prodotto\/cc-cream-acido-ialuronico-spf20-tonalita-medio-scura-50ml-lerbolario\/#primaryimage"},"image":{"@id":"https:\/\/www.erboristerie.com\/it\/prodotto\/cc-cream-acido-ialuronico-spf20-tonalita-medio-scura-50ml-lerbolario\/#primaryimage"},"thumbnailUrl":"https:\/\/www.erboristerie.com\/wp-content\/uploads\/2014\/06\/00010751-1.jpg","datePublished":"2014-06-03T15:33:38+00:00","dateModified":"2025-09-10T16:54:13+00:00","description":"CC Cream in un unico gesto \u00e8 capace di coprire le discromie, mimetizzare le imperfezioni, valorizzare la naturale luminosit\u00e0.","breadcrumb":{"@id":"https:\/\/www.erboristerie.com\/it\/prodotto\/cc-cream-acido-ialuronico-spf20-tonalita-medio-scura-50ml-lerbolario\/#breadcrumb"},"inLanguage":"it-IT","potentialAction":[{"@type":"ReadAction","target":["https:\/\/www.erboristerie.com\/it\/prodotto\/cc-cream-acido-ialuronico-spf20-tonalita-medio-scura-50ml-lerbolario\/"]}]},{"@type":"ImageObject","inLanguage":"it-IT","@id":"https:\/\/www.erboristerie.com\/it\/prodotto\/cc-cream-acido-ialuronico-spf20-tonalita-medio-scura-50ml-lerbolario\/#primaryimage","url":"https:\/\/www.erboristerie.com\/wp-content\/uploads\/2014\/06\/00010751-1.jpg","contentUrl":"https:\/\/www.erboristerie.com\/wp-content\/uploads\/2014\/06\/00010751-1.jpg","width":458,"height":551},{"@type":"BreadcrumbList","@id":"https:\/\/www.erboristerie.com\/it\/prodotto\/cc-cream-acido-ialuronico-spf20-tonalita-medio-scura-50ml-lerbolario\/#breadcrumb","itemListElement":[{"@type":"ListItem","position":1,"name":"Home","item":"https:\/\/www.erboristerie.com\/it\/"},{"@type":"ListItem","position":2,"name":"Tutti i prodotti","item":"https:\/\/www.erboristerie.com\/it\/tutti-i-prodotti\/"},{"@type":"ListItem","position":3,"name":"CC Cream Acido Ialuronico SPF20 Tonalit\u00e0 Caramello (medio-scura) 50ml L&#8217;Erbolario"}]},{"@type":"WebSite","@id":"https:\/\/www.erboristerie.com\/it\/#website","url":"https:\/\/www.erboristerie.com\/it\/","name":"Erboristeria Demetra","description":"La tua salute al naturale","publisher":{"@id":"https:\/\/www.erboristerie.com\/it\/#organization"},"potentialAction":[{"@type":"SearchAction","target":{"@type":"EntryPoint","urlTemplate":"https:\/\/www.erboristerie.com\/it\/?s={search_term_string}"},"query-input":{"@type":"PropertyValueSpecification","valueRequired":true,"valueName":"search_term_string"}}],"inLanguage":"it-IT"},{"@type":"Organization","@id":"https:\/\/www.erboristerie.com\/it\/#organization","name":"Erboristeria Demetra","url":"https:\/\/www.erboristerie.com\/it\/","logo":{"@type":"ImageObject","inLanguage":"it-IT","@id":"https:\/\/www.erboristerie.com\/it\/#\/schema\/logo\/image\/","url":"https:\/\/www.erboristerie.com\/wp-content\/uploads\/2019\/11\/LOGO_ERBORISTERIA_DEMETRA_original.png?v=1611516981","contentUrl":"https:\/\/www.erboristerie.com\/wp-content\/uploads\/2019\/11\/LOGO_ERBORISTERIA_DEMETRA_original.png?v=1611516981","width":201,"height":54,"caption":"Erboristeria Demetra"},"image":{"@id":"https:\/\/www.erboristerie.com\/it\/#\/schema\/logo\/image\/"},"sameAs":["https:\/\/www.facebook.com\/erboristeria.demetra.online"]}]}},"_links":{"self":[{"href":"https:\/\/www.erboristerie.com\/it\/wp-json\/wp\/v2\/product\/68454","targetHints":{"allow":["GET"]}}],"collection":[{"href":"https:\/\/www.erboristerie.com\/it\/wp-json\/wp\/v2\/product"}],"about":[{"href":"https:\/\/www.erboristerie.com\/it\/wp-json\/wp\/v2\/types\/product"}],"wp:featuredmedia":[{"embeddable":true,"href":"https:\/\/www.erboristerie.com\/it\/wp-json\/wp\/v2\/media\/109964"}],"wp:attachment":[{"href":"https:\/\/www.erboristerie.com\/it\/wp-json\/wp\/v2\/media?parent=68454"}],"wp:term":[{"taxonomy":"product_brand","embeddable":true,"href":"https:\/\/www.erboristerie.com\/it\/wp-json\/wp\/v2\/product_brand?post=68454"},{"taxonomy":"product_cat","embeddable":true,"href":"https:\/\/www.erboristerie.com\/it\/wp-json\/wp\/v2\/product_cat?post=68454"},{"taxonomy":"product_tag","embeddable":true,"href":"https:\/\/www.erboristerie.com\/it\/wp-json\/wp\/v2\/product_tag?post=68454"},{"taxonomy":"giftcard-category","embeddable":true,"href":"https:\/\/www.erboristerie.com\/it\/wp-json\/wp\/v2\/giftcard-category?post=68454"}],"curies":[{"name":"wp","href":"https:\/\/api.w.org\/{rel}","templated":true}]}}