{"id":68254,"date":"2014-03-19T09:05:43","date_gmt":"2014-03-19T09:05:43","guid":{"rendered":"http:\/\/www.erboristerie.com\/?post_type=product&#038;p=68254"},"modified":"2026-02-04T12:04:43","modified_gmt":"2026-02-04T11:04:43","slug":"tarassaco-50-capsule-vegetali-taraxacum-officinale-weber-erbamea","status":"publish","type":"product","link":"https:\/\/www.erboristerie.com\/it\/prodotto\/tarassaco-50-capsule-vegetali-taraxacum-officinale-weber-erbamea\/","title":{"rendered":"Tarassaco 50 capsule vegetali (Taraxacum officinale Weber) Erbamea"},"content":{"rendered":"<p class=\"\" data-start=\"92\" data-end=\"164\"><strong data-start=\"92\" data-end=\"164\">Tarassaco (Taraxacum officinale Weber) 50 capsule vegetali \u2013 Erbamea<\/strong><\/p>\n<p class=\"\" data-start=\"166\" data-end=\"263\">Il Tarassaco \u00e8 una pianta tradizionalmente conosciuta per le sue propriet\u00e0 depurative e drenanti.<\/p>\n<p class=\"\" data-start=\"265\" data-end=\"478\">Favorisce la funzionalit\u00e0 epatica e biliare, contribuendo al benessere digestivo.<\/p>\n<p class=\"\" data-start=\"265\" data-end=\"478\">Grazie all\u2019attivit\u00e0 diuretica, \u00e8 utile in caso di ritenzione idrica, gonfiori e nella lotta contro gli inestetismi della cellulite.<\/p>\n<p class=\"\" data-start=\"480\" data-end=\"553\">Un valido alleato per chi desidera depurare l\u2019organismo in modo naturale.<\/p>\n<p class=\"\" data-start=\"555\" data-end=\"689\"><strong data-start=\"555\" data-end=\"586\">1 capsula vegetale contiene<\/strong><\/p>\n<p class=\"\" data-start=\"555\" data-end=\"689\">Tarassaco radice estratto secco (titolato al 2% in inulina) 150 mg<br data-start=\"655\" data-end=\"658\" \/>Tarassaco radice polvere 230 mg<\/p>\n<p class=\"\" data-start=\"691\" data-end=\"756\"><strong data-start=\"691\" data-end=\"705\">Modo d\u2019uso<\/strong><\/p>\n<p class=\"\" data-start=\"691\" data-end=\"756\">Assumere 1 capsula al mattino e 1 al pomeriggio.<\/p>\n<p class=\"\" data-start=\"758\" data-end=\"796\"><strong data-start=\"758\" data-end=\"775\">Senza glutine<\/strong><br data-start=\"775\" data-end=\"778\" \/><strong data-start=\"778\" data-end=\"796\">Senza lattosio<\/strong><\/p>\n","protected":false},"excerpt":{"rendered":"<p>Tarassaco (Taraxacum officinale Weber) 50 capsule vegetali \u2013 Erbamea Il Tarassaco \u00e8 una pianta tradizionalmente conosciuta per le sue propriet\u00e0 depurative e drenanti. Favorisce la funzionalit\u00e0 epatica e biliare, contribuendo al benessere digestivo. Grazie all\u2019attivit\u00e0 diuretica, \u00e8 utile in caso di ritenzione idrica, gonfiori e&#8230;<\/p>\n","protected":false},"featured_media":59563,"template":"","meta":{"_acf_changed":false},"product_brand":[9617],"product_cat":[9747,9867,49560],"product_tag":[10574,20528,13082,10576],"giftcard-category":[],"class_list":{"0":"post-68254","1":"product","2":"type-product","3":"status-publish","4":"has-post-thumbnail","6":"product_brand-erbamea","7":"product_cat-benessere-del-fegato","8":"product_cat-drenaggio-e-depurazione","9":"product_cat-singoli-in-pastiglie","10":"product_tag-capsule","11":"product_tag-erbamea","12":"product_tag-tarassaco","13":"product_tag-vegetali","14":"pa_tipologia-capsule","16":"first","17":"instock","18":"sale","19":"taxable","20":"shipping-taxable","21":"purchasable","22":"product-type-simple"},"acf":[],"yoast_head":"<!-- This site is optimized with the Yoast SEO plugin v24.9 - https:\/\/yoast.com\/wordpress\/plugins\/seo\/ -->\n<title>Tarassaco 50 capsule vegetali (Taraxacum officinale Weber) Erbamea - Erboristeria Demetra<\/title>\n<meta name=\"description\" content=\"Il Tarassaco \u00e8 una pianta tradizionalmente conosciuta per le sue propriet\u00e0 depurative e drenanti. Favorisce la funzionalit\u00e0 epatica e biliare\" \/>\n<meta name=\"robots\" content=\"index, follow, max-snippet:-1, max-image-preview:large, max-video-preview:-1\" \/>\n<link rel=\"canonical\" href=\"https:\/\/www.erboristerie.com\/it\/prodotto\/tarassaco-50-capsule-vegetali-taraxacum-officinale-weber-erbamea\/\" \/>\n<meta property=\"og:locale\" content=\"it_IT\" \/>\n<meta property=\"og:type\" content=\"article\" \/>\n<meta property=\"og:title\" content=\"Tarassaco 50 capsule vegetali (Taraxacum officinale Weber) Erbamea - Erboristeria Demetra\" \/>\n<meta property=\"og:description\" content=\"Il Tarassaco \u00e8 una pianta tradizionalmente conosciuta per le sue propriet\u00e0 depurative e drenanti. Favorisce la funzionalit\u00e0 epatica e biliare\" \/>\n<meta property=\"og:url\" content=\"https:\/\/www.erboristerie.com\/it\/prodotto\/tarassaco-50-capsule-vegetali-taraxacum-officinale-weber-erbamea\/\" \/>\n<meta property=\"og:site_name\" content=\"Erboristeria Demetra\" \/>\n<meta property=\"article:publisher\" content=\"https:\/\/www.facebook.com\/erboristeria.demetra.online\" \/>\n<meta property=\"article:modified_time\" content=\"2026-02-04T11:04:43+00:00\" \/>\n<meta property=\"og:image\" content=\"https:\/\/www.erboristerie.com\/wp-content\/uploads\/2019\/01\/products-ERBAMEA-4.jpg\" \/>\n\t<meta property=\"og:image:width\" content=\"492\" \/>\n\t<meta property=\"og:image:height\" content=\"320\" \/>\n\t<meta property=\"og:image:type\" content=\"image\/jpeg\" \/>\n<meta name=\"twitter:card\" content=\"summary_large_image\" \/>\n<meta name=\"twitter:label1\" content=\"Tempo di lettura stimato\" \/>\n\t<meta name=\"twitter:data1\" content=\"1 minuto\" \/>\n<script type=\"application\/ld+json\" class=\"yoast-schema-graph\">{\"@context\":\"https:\/\/schema.org\",\"@graph\":[{\"@type\":\"WebPage\",\"@id\":\"https:\/\/www.erboristerie.com\/it\/prodotto\/tarassaco-50-capsule-vegetali-taraxacum-officinale-weber-erbamea\/\",\"url\":\"https:\/\/www.erboristerie.com\/it\/prodotto\/tarassaco-50-capsule-vegetali-taraxacum-officinale-weber-erbamea\/\",\"name\":\"Tarassaco 50 capsule vegetali (Taraxacum officinale Weber) Erbamea - Erboristeria Demetra\",\"isPartOf\":{\"@id\":\"https:\/\/www.erboristerie.com\/it\/#website\"},\"primaryImageOfPage\":{\"@id\":\"https:\/\/www.erboristerie.com\/it\/prodotto\/tarassaco-50-capsule-vegetali-taraxacum-officinale-weber-erbamea\/#primaryimage\"},\"image\":{\"@id\":\"https:\/\/www.erboristerie.com\/it\/prodotto\/tarassaco-50-capsule-vegetali-taraxacum-officinale-weber-erbamea\/#primaryimage\"},\"thumbnailUrl\":\"https:\/\/www.erboristerie.com\/wp-content\/uploads\/2019\/01\/products-ERBAMEA-4.jpg\",\"datePublished\":\"2014-03-19T09:05:43+00:00\",\"dateModified\":\"2026-02-04T11:04:43+00:00\",\"description\":\"Il Tarassaco \u00e8 una pianta tradizionalmente conosciuta per le sue propriet\u00e0 depurative e drenanti. Favorisce la funzionalit\u00e0 epatica e biliare\",\"breadcrumb\":{\"@id\":\"https:\/\/www.erboristerie.com\/it\/prodotto\/tarassaco-50-capsule-vegetali-taraxacum-officinale-weber-erbamea\/#breadcrumb\"},\"inLanguage\":\"it-IT\",\"potentialAction\":[{\"@type\":\"ReadAction\",\"target\":[\"https:\/\/www.erboristerie.com\/it\/prodotto\/tarassaco-50-capsule-vegetali-taraxacum-officinale-weber-erbamea\/\"]}]},{\"@type\":\"ImageObject\",\"inLanguage\":\"it-IT\",\"@id\":\"https:\/\/www.erboristerie.com\/it\/prodotto\/tarassaco-50-capsule-vegetali-taraxacum-officinale-weber-erbamea\/#primaryimage\",\"url\":\"https:\/\/www.erboristerie.com\/wp-content\/uploads\/2019\/01\/products-ERBAMEA-4.jpg\",\"contentUrl\":\"https:\/\/www.erboristerie.com\/wp-content\/uploads\/2019\/01\/products-ERBAMEA-4.jpg\",\"width\":\"492\",\"height\":\"320\",\"caption\":\"GRIFFONIA 50 CAPSULE (GRIFFONIA SIMPLICIFOLIA)\"},{\"@type\":\"BreadcrumbList\",\"@id\":\"https:\/\/www.erboristerie.com\/it\/prodotto\/tarassaco-50-capsule-vegetali-taraxacum-officinale-weber-erbamea\/#breadcrumb\",\"itemListElement\":[{\"@type\":\"ListItem\",\"position\":1,\"name\":\"Home\",\"item\":\"https:\/\/www.erboristerie.com\/it\/\"},{\"@type\":\"ListItem\",\"position\":2,\"name\":\"Tutti i prodotti\",\"item\":\"https:\/\/www.erboristerie.com\/it\/tutti-i-prodotti\/\"},{\"@type\":\"ListItem\",\"position\":3,\"name\":\"Tarassaco 50 capsule vegetali (Taraxacum officinale Weber) Erbamea\"}]},{\"@type\":\"WebSite\",\"@id\":\"https:\/\/www.erboristerie.com\/it\/#website\",\"url\":\"https:\/\/www.erboristerie.com\/it\/\",\"name\":\"Erboristeria Demetra\",\"description\":\"La tua salute al naturale\",\"publisher\":{\"@id\":\"https:\/\/www.erboristerie.com\/it\/#organization\"},\"potentialAction\":[{\"@type\":\"SearchAction\",\"target\":{\"@type\":\"EntryPoint\",\"urlTemplate\":\"https:\/\/www.erboristerie.com\/it\/?s={search_term_string}\"},\"query-input\":{\"@type\":\"PropertyValueSpecification\",\"valueRequired\":true,\"valueName\":\"search_term_string\"}}],\"inLanguage\":\"it-IT\"},{\"@type\":\"Organization\",\"@id\":\"https:\/\/www.erboristerie.com\/it\/#organization\",\"name\":\"Erboristeria Demetra\",\"url\":\"https:\/\/www.erboristerie.com\/it\/\",\"logo\":{\"@type\":\"ImageObject\",\"inLanguage\":\"it-IT\",\"@id\":\"https:\/\/www.erboristerie.com\/it\/#\/schema\/logo\/image\/\",\"url\":\"https:\/\/www.erboristerie.com\/wp-content\/uploads\/2019\/11\/LOGO_ERBORISTERIA_DEMETRA_original.png?v=1611516981\",\"contentUrl\":\"https:\/\/www.erboristerie.com\/wp-content\/uploads\/2019\/11\/LOGO_ERBORISTERIA_DEMETRA_original.png?v=1611516981\",\"width\":201,\"height\":54,\"caption\":\"Erboristeria Demetra\"},\"image\":{\"@id\":\"https:\/\/www.erboristerie.com\/it\/#\/schema\/logo\/image\/\"},\"sameAs\":[\"https:\/\/www.facebook.com\/erboristeria.demetra.online\"]}]}<\/script>\n<!-- \/ Yoast SEO plugin. -->","yoast_head_json":{"title":"Tarassaco 50 capsule vegetali (Taraxacum officinale Weber) Erbamea - Erboristeria Demetra","description":"Il Tarassaco \u00e8 una pianta tradizionalmente conosciuta per le sue propriet\u00e0 depurative e drenanti. Favorisce la funzionalit\u00e0 epatica e biliare","robots":{"index":"index","follow":"follow","max-snippet":"max-snippet:-1","max-image-preview":"max-image-preview:large","max-video-preview":"max-video-preview:-1"},"canonical":"https:\/\/www.erboristerie.com\/it\/prodotto\/tarassaco-50-capsule-vegetali-taraxacum-officinale-weber-erbamea\/","og_locale":"it_IT","og_type":"article","og_title":"Tarassaco 50 capsule vegetali (Taraxacum officinale Weber) Erbamea - Erboristeria Demetra","og_description":"Il Tarassaco \u00e8 una pianta tradizionalmente conosciuta per le sue propriet\u00e0 depurative e drenanti. Favorisce la funzionalit\u00e0 epatica e biliare","og_url":"https:\/\/www.erboristerie.com\/it\/prodotto\/tarassaco-50-capsule-vegetali-taraxacum-officinale-weber-erbamea\/","og_site_name":"Erboristeria Demetra","article_publisher":"https:\/\/www.facebook.com\/erboristeria.demetra.online","article_modified_time":"2026-02-04T11:04:43+00:00","og_image":[{"width":492,"height":320,"url":"https:\/\/www.erboristerie.com\/wp-content\/uploads\/2019\/01\/products-ERBAMEA-4.jpg","type":"image\/jpeg"}],"twitter_card":"summary_large_image","twitter_misc":{"Tempo di lettura stimato":"1 minuto"},"schema":{"@context":"https:\/\/schema.org","@graph":[{"@type":"WebPage","@id":"https:\/\/www.erboristerie.com\/it\/prodotto\/tarassaco-50-capsule-vegetali-taraxacum-officinale-weber-erbamea\/","url":"https:\/\/www.erboristerie.com\/it\/prodotto\/tarassaco-50-capsule-vegetali-taraxacum-officinale-weber-erbamea\/","name":"Tarassaco 50 capsule vegetali (Taraxacum officinale Weber) Erbamea - Erboristeria Demetra","isPartOf":{"@id":"https:\/\/www.erboristerie.com\/it\/#website"},"primaryImageOfPage":{"@id":"https:\/\/www.erboristerie.com\/it\/prodotto\/tarassaco-50-capsule-vegetali-taraxacum-officinale-weber-erbamea\/#primaryimage"},"image":{"@id":"https:\/\/www.erboristerie.com\/it\/prodotto\/tarassaco-50-capsule-vegetali-taraxacum-officinale-weber-erbamea\/#primaryimage"},"thumbnailUrl":"https:\/\/www.erboristerie.com\/wp-content\/uploads\/2019\/01\/products-ERBAMEA-4.jpg","datePublished":"2014-03-19T09:05:43+00:00","dateModified":"2026-02-04T11:04:43+00:00","description":"Il Tarassaco \u00e8 una pianta tradizionalmente conosciuta per le sue propriet\u00e0 depurative e drenanti. Favorisce la funzionalit\u00e0 epatica e biliare","breadcrumb":{"@id":"https:\/\/www.erboristerie.com\/it\/prodotto\/tarassaco-50-capsule-vegetali-taraxacum-officinale-weber-erbamea\/#breadcrumb"},"inLanguage":"it-IT","potentialAction":[{"@type":"ReadAction","target":["https:\/\/www.erboristerie.com\/it\/prodotto\/tarassaco-50-capsule-vegetali-taraxacum-officinale-weber-erbamea\/"]}]},{"@type":"ImageObject","inLanguage":"it-IT","@id":"https:\/\/www.erboristerie.com\/it\/prodotto\/tarassaco-50-capsule-vegetali-taraxacum-officinale-weber-erbamea\/#primaryimage","url":"https:\/\/www.erboristerie.com\/wp-content\/uploads\/2019\/01\/products-ERBAMEA-4.jpg","contentUrl":"https:\/\/www.erboristerie.com\/wp-content\/uploads\/2019\/01\/products-ERBAMEA-4.jpg","width":"492","height":"320","caption":"GRIFFONIA 50 CAPSULE (GRIFFONIA SIMPLICIFOLIA)"},{"@type":"BreadcrumbList","@id":"https:\/\/www.erboristerie.com\/it\/prodotto\/tarassaco-50-capsule-vegetali-taraxacum-officinale-weber-erbamea\/#breadcrumb","itemListElement":[{"@type":"ListItem","position":1,"name":"Home","item":"https:\/\/www.erboristerie.com\/it\/"},{"@type":"ListItem","position":2,"name":"Tutti i prodotti","item":"https:\/\/www.erboristerie.com\/it\/tutti-i-prodotti\/"},{"@type":"ListItem","position":3,"name":"Tarassaco 50 capsule vegetali (Taraxacum officinale Weber) Erbamea"}]},{"@type":"WebSite","@id":"https:\/\/www.erboristerie.com\/it\/#website","url":"https:\/\/www.erboristerie.com\/it\/","name":"Erboristeria Demetra","description":"La tua salute al naturale","publisher":{"@id":"https:\/\/www.erboristerie.com\/it\/#organization"},"potentialAction":[{"@type":"SearchAction","target":{"@type":"EntryPoint","urlTemplate":"https:\/\/www.erboristerie.com\/it\/?s={search_term_string}"},"query-input":{"@type":"PropertyValueSpecification","valueRequired":true,"valueName":"search_term_string"}}],"inLanguage":"it-IT"},{"@type":"Organization","@id":"https:\/\/www.erboristerie.com\/it\/#organization","name":"Erboristeria Demetra","url":"https:\/\/www.erboristerie.com\/it\/","logo":{"@type":"ImageObject","inLanguage":"it-IT","@id":"https:\/\/www.erboristerie.com\/it\/#\/schema\/logo\/image\/","url":"https:\/\/www.erboristerie.com\/wp-content\/uploads\/2019\/11\/LOGO_ERBORISTERIA_DEMETRA_original.png?v=1611516981","contentUrl":"https:\/\/www.erboristerie.com\/wp-content\/uploads\/2019\/11\/LOGO_ERBORISTERIA_DEMETRA_original.png?v=1611516981","width":201,"height":54,"caption":"Erboristeria Demetra"},"image":{"@id":"https:\/\/www.erboristerie.com\/it\/#\/schema\/logo\/image\/"},"sameAs":["https:\/\/www.facebook.com\/erboristeria.demetra.online"]}]}},"_links":{"self":[{"href":"https:\/\/www.erboristerie.com\/it\/wp-json\/wp\/v2\/product\/68254","targetHints":{"allow":["GET"]}}],"collection":[{"href":"https:\/\/www.erboristerie.com\/it\/wp-json\/wp\/v2\/product"}],"about":[{"href":"https:\/\/www.erboristerie.com\/it\/wp-json\/wp\/v2\/types\/product"}],"wp:featuredmedia":[{"embeddable":true,"href":"https:\/\/www.erboristerie.com\/it\/wp-json\/wp\/v2\/media\/59563"}],"wp:attachment":[{"href":"https:\/\/www.erboristerie.com\/it\/wp-json\/wp\/v2\/media?parent=68254"}],"wp:term":[{"taxonomy":"product_brand","embeddable":true,"href":"https:\/\/www.erboristerie.com\/it\/wp-json\/wp\/v2\/product_brand?post=68254"},{"taxonomy":"product_cat","embeddable":true,"href":"https:\/\/www.erboristerie.com\/it\/wp-json\/wp\/v2\/product_cat?post=68254"},{"taxonomy":"product_tag","embeddable":true,"href":"https:\/\/www.erboristerie.com\/it\/wp-json\/wp\/v2\/product_tag?post=68254"},{"taxonomy":"giftcard-category","embeddable":true,"href":"https:\/\/www.erboristerie.com\/it\/wp-json\/wp\/v2\/giftcard-category?post=68254"}],"curies":[{"name":"wp","href":"https:\/\/api.w.org\/{rel}","templated":true}]}}