{"id":67022,"date":"2013-10-02T11:47:36","date_gmt":"2013-10-02T09:47:36","guid":{"rendered":"http:\/\/www.erboristerie.com\/?post_type=product&#038;p=67022"},"modified":"2024-09-14T21:41:23","modified_gmt":"2024-09-14T19:41:23","slug":"diffusore-bastoncini-arancio-e-cannella-nasoterapia","status":"publish","type":"product","link":"https:\/\/www.erboristerie.com\/it\/prodotto\/diffusore-bastoncini-arancio-e-cannella-nasoterapia\/","title":{"rendered":"Diffusore bastoncini Arancio e Cannella Nasoterapia"},"content":{"rendered":"<p><strong>Diffusore bastoncini Arancio e Cannella &#8211; Nasoterapia<\/strong><\/p>\n<p>Confezione con flacone da 100ml <strong>completo di bastoncini<\/strong><\/p>\n<p>Il profumo succoso dell\u2019Arancia rossa ricorda le tradizioni familiari e la gioia dello stare insieme.<\/p>\n<p>Le note del Limone verde e del Mandarino arricchiscono l\u2019accordo olfattivo di una sfaccettatura vivace.<\/p>\n<p>Il cuore, fresco e avvolgente, unisce Bergamotto e Zenzero che si dissolvono in un fondo speziato di Cannella e Chiodi di Garofano.<\/p>\n<p>Le fragranze, impreziosite da un\u2019alta concentrazione di oli essenziali puri e dall\u2019esclusivo utilizzo di colori per alimenti, sono prodotte interamente in Italia e certifcate a norma IFRA.<\/p>\n<p>I bastoncini in rattan immersi nell\u2019essenza diffondono nell\u2019aria in modo costante le varie composizioni aromatiche di Nasoterapia, ora note dolci e foreali, ora fruttate, ora speziate e legnose, per regalare sempre nuove atmosfere.<\/p>\n<p><strong>Modo d&#8217;uso<\/strong><\/p>\n<p>Immergere i bastoncini nel flacone.<\/p>\n<p>Attendere alcune ore dopodich\u00e8, per capillarit\u00e0 il profumo si diffondera in tutti i bastoncini (anche nella parte &#8220;aerea&#8221;) e lessenza iniziar\u00e0 delicatamente e costantemente a profumare l&#8217;ambiente.<\/p>\n<p>Basta capovolgerli per ravvivare il profumo e l\u2019emozione.<\/p>\n<p><a href=\"https:\/\/www.erboristerie.com\/it\/?s=bastoncini&amp;post_type=product&amp;type_aws=true&amp;lang=it\">Clicca qui<\/a> per tutti i diffusori a bastoncini e le ricariche<\/p>\n","protected":false},"excerpt":{"rendered":"<p>Diffusore bastoncini Arancio e Cannella &#8211; Nasoterapia Confezione con flacone da 100ml completo di bastoncini Il profumo succoso dell\u2019Arancia rossa ricorda le tradizioni familiari e la gioia dello stare insieme. Le note del Limone verde e del Mandarino arricchiscono l\u2019accordo olfattivo di una sfaccettatura vivace&#8230;.<\/p>\n","protected":false},"featured_media":126869,"template":"","meta":{"_acf_changed":false},"product_brand":[9649],"product_cat":[9719],"product_tag":[10588,19084,10587,11827,10585,16932,10591,16933],"giftcard-category":[],"class_list":{"0":"post-67022","1":"product","2":"type-product","3":"status-publish","4":"has-post-thumbnail","6":"product_brand-nasoterapia-di-hp-italia","7":"product_cat-diffusori-profumi-ambiente","8":"product_tag-100ml","9":"product_tag-arancio-2","10":"product_tag-bastoncini","11":"product_tag-cannella","12":"product_tag-diffusore","13":"product_tag-giardini","14":"product_tag-nasoterapia","15":"product_tag-zen","16":"pa_formato-100-ml","17":"pa_marca-nasoterapia","18":"pa_tipologia-profumo-ambiente","20":"first","21":"instock","22":"sale","23":"taxable","24":"shipping-taxable","25":"purchasable","26":"product-type-simple"},"acf":[],"yoast_head":"<!-- This site is optimized with the Yoast SEO plugin v24.9 - https:\/\/yoast.com\/wordpress\/plugins\/seo\/ -->\n<title>Diffusore bastoncini Arancio e Cannella Nasoterapia - Erboristeria Demetra<\/title>\n<meta name=\"description\" content=\"I diffusori a bastoncini diffondono nell\u2019aria in modo costante per regalare sempre nuove atmosfere. Basta capovolgerli per ravvivare il profumo e l\u2019emozione\" \/>\n<meta name=\"robots\" content=\"index, follow, max-snippet:-1, max-image-preview:large, max-video-preview:-1\" \/>\n<link rel=\"canonical\" href=\"https:\/\/www.erboristerie.com\/it\/prodotto\/diffusore-bastoncini-arancio-e-cannella-nasoterapia\/\" \/>\n<meta property=\"og:locale\" content=\"it_IT\" \/>\n<meta property=\"og:type\" content=\"article\" \/>\n<meta property=\"og:title\" content=\"Diffusore bastoncini Arancio e Cannella Nasoterapia - Erboristeria Demetra\" \/>\n<meta property=\"og:description\" content=\"I diffusori a bastoncini diffondono nell\u2019aria in modo costante per regalare sempre nuove atmosfere. Basta capovolgerli per ravvivare il profumo e l\u2019emozione\" \/>\n<meta property=\"og:url\" content=\"https:\/\/www.erboristerie.com\/it\/prodotto\/diffusore-bastoncini-arancio-e-cannella-nasoterapia\/\" \/>\n<meta property=\"og:site_name\" content=\"Erboristeria Demetra\" \/>\n<meta property=\"article:publisher\" content=\"https:\/\/www.facebook.com\/erboristeria.demetra.online\" \/>\n<meta property=\"article:modified_time\" content=\"2024-09-14T19:41:23+00:00\" \/>\n<meta property=\"og:image\" content=\"https:\/\/www.erboristerie.com\/wp-content\/uploads\/2023\/07\/00005552-diffusore-bastoncini-arancio-dolce-cannella-nasoterapia-erboristerie-com.jpg\" \/>\n\t<meta property=\"og:image:width\" content=\"1000\" \/>\n\t<meta property=\"og:image:height\" content=\"1000\" \/>\n\t<meta property=\"og:image:type\" content=\"image\/jpeg\" \/>\n<meta name=\"twitter:card\" content=\"summary_large_image\" \/>\n<meta name=\"twitter:label1\" content=\"Tempo di lettura stimato\" \/>\n\t<meta name=\"twitter:data1\" content=\"1 minuto\" \/>\n<script type=\"application\/ld+json\" class=\"yoast-schema-graph\">{\"@context\":\"https:\/\/schema.org\",\"@graph\":[{\"@type\":\"WebPage\",\"@id\":\"https:\/\/www.erboristerie.com\/it\/prodotto\/diffusore-bastoncini-arancio-e-cannella-nasoterapia\/\",\"url\":\"https:\/\/www.erboristerie.com\/it\/prodotto\/diffusore-bastoncini-arancio-e-cannella-nasoterapia\/\",\"name\":\"Diffusore bastoncini Arancio e Cannella Nasoterapia - Erboristeria Demetra\",\"isPartOf\":{\"@id\":\"https:\/\/www.erboristerie.com\/it\/#website\"},\"primaryImageOfPage\":{\"@id\":\"https:\/\/www.erboristerie.com\/it\/prodotto\/diffusore-bastoncini-arancio-e-cannella-nasoterapia\/#primaryimage\"},\"image\":{\"@id\":\"https:\/\/www.erboristerie.com\/it\/prodotto\/diffusore-bastoncini-arancio-e-cannella-nasoterapia\/#primaryimage\"},\"thumbnailUrl\":\"https:\/\/www.erboristerie.com\/wp-content\/uploads\/2023\/07\/00005552-diffusore-bastoncini-arancio-dolce-cannella-nasoterapia-erboristerie-com.jpg\",\"datePublished\":\"2013-10-02T09:47:36+00:00\",\"dateModified\":\"2024-09-14T19:41:23+00:00\",\"description\":\"I diffusori a bastoncini diffondono nell\u2019aria in modo costante per regalare sempre nuove atmosfere. Basta capovolgerli per ravvivare il profumo e l\u2019emozione\",\"breadcrumb\":{\"@id\":\"https:\/\/www.erboristerie.com\/it\/prodotto\/diffusore-bastoncini-arancio-e-cannella-nasoterapia\/#breadcrumb\"},\"inLanguage\":\"it-IT\",\"potentialAction\":[{\"@type\":\"ReadAction\",\"target\":[\"https:\/\/www.erboristerie.com\/it\/prodotto\/diffusore-bastoncini-arancio-e-cannella-nasoterapia\/\"]}]},{\"@type\":\"ImageObject\",\"inLanguage\":\"it-IT\",\"@id\":\"https:\/\/www.erboristerie.com\/it\/prodotto\/diffusore-bastoncini-arancio-e-cannella-nasoterapia\/#primaryimage\",\"url\":\"https:\/\/www.erboristerie.com\/wp-content\/uploads\/2023\/07\/00005552-diffusore-bastoncini-arancio-dolce-cannella-nasoterapia-erboristerie-com.jpg\",\"contentUrl\":\"https:\/\/www.erboristerie.com\/wp-content\/uploads\/2023\/07\/00005552-diffusore-bastoncini-arancio-dolce-cannella-nasoterapia-erboristerie-com.jpg\",\"width\":1000,\"height\":1000},{\"@type\":\"BreadcrumbList\",\"@id\":\"https:\/\/www.erboristerie.com\/it\/prodotto\/diffusore-bastoncini-arancio-e-cannella-nasoterapia\/#breadcrumb\",\"itemListElement\":[{\"@type\":\"ListItem\",\"position\":1,\"name\":\"Home\",\"item\":\"https:\/\/www.erboristerie.com\/it\/\"},{\"@type\":\"ListItem\",\"position\":2,\"name\":\"Tutti i prodotti\",\"item\":\"https:\/\/www.erboristerie.com\/it\/tutti-i-prodotti\/\"},{\"@type\":\"ListItem\",\"position\":3,\"name\":\"Diffusore bastoncini Arancio e Cannella Nasoterapia\"}]},{\"@type\":\"WebSite\",\"@id\":\"https:\/\/www.erboristerie.com\/it\/#website\",\"url\":\"https:\/\/www.erboristerie.com\/it\/\",\"name\":\"Erboristeria Demetra\",\"description\":\"La tua salute al naturale\",\"publisher\":{\"@id\":\"https:\/\/www.erboristerie.com\/it\/#organization\"},\"potentialAction\":[{\"@type\":\"SearchAction\",\"target\":{\"@type\":\"EntryPoint\",\"urlTemplate\":\"https:\/\/www.erboristerie.com\/it\/?s={search_term_string}\"},\"query-input\":{\"@type\":\"PropertyValueSpecification\",\"valueRequired\":true,\"valueName\":\"search_term_string\"}}],\"inLanguage\":\"it-IT\"},{\"@type\":\"Organization\",\"@id\":\"https:\/\/www.erboristerie.com\/it\/#organization\",\"name\":\"Erboristeria Demetra\",\"url\":\"https:\/\/www.erboristerie.com\/it\/\",\"logo\":{\"@type\":\"ImageObject\",\"inLanguage\":\"it-IT\",\"@id\":\"https:\/\/www.erboristerie.com\/it\/#\/schema\/logo\/image\/\",\"url\":\"https:\/\/www.erboristerie.com\/wp-content\/uploads\/2019\/11\/LOGO_ERBORISTERIA_DEMETRA_original.png?v=1611516981\",\"contentUrl\":\"https:\/\/www.erboristerie.com\/wp-content\/uploads\/2019\/11\/LOGO_ERBORISTERIA_DEMETRA_original.png?v=1611516981\",\"width\":201,\"height\":54,\"caption\":\"Erboristeria Demetra\"},\"image\":{\"@id\":\"https:\/\/www.erboristerie.com\/it\/#\/schema\/logo\/image\/\"},\"sameAs\":[\"https:\/\/www.facebook.com\/erboristeria.demetra.online\"]}]}<\/script>\n<!-- \/ Yoast SEO plugin. -->","yoast_head_json":{"title":"Diffusore bastoncini Arancio e Cannella Nasoterapia - Erboristeria Demetra","description":"I diffusori a bastoncini diffondono nell\u2019aria in modo costante per regalare sempre nuove atmosfere. Basta capovolgerli per ravvivare il profumo e l\u2019emozione","robots":{"index":"index","follow":"follow","max-snippet":"max-snippet:-1","max-image-preview":"max-image-preview:large","max-video-preview":"max-video-preview:-1"},"canonical":"https:\/\/www.erboristerie.com\/it\/prodotto\/diffusore-bastoncini-arancio-e-cannella-nasoterapia\/","og_locale":"it_IT","og_type":"article","og_title":"Diffusore bastoncini Arancio e Cannella Nasoterapia - Erboristeria Demetra","og_description":"I diffusori a bastoncini diffondono nell\u2019aria in modo costante per regalare sempre nuove atmosfere. Basta capovolgerli per ravvivare il profumo e l\u2019emozione","og_url":"https:\/\/www.erboristerie.com\/it\/prodotto\/diffusore-bastoncini-arancio-e-cannella-nasoterapia\/","og_site_name":"Erboristeria Demetra","article_publisher":"https:\/\/www.facebook.com\/erboristeria.demetra.online","article_modified_time":"2024-09-14T19:41:23+00:00","og_image":[{"width":1000,"height":1000,"url":"https:\/\/www.erboristerie.com\/wp-content\/uploads\/2023\/07\/00005552-diffusore-bastoncini-arancio-dolce-cannella-nasoterapia-erboristerie-com.jpg","type":"image\/jpeg"}],"twitter_card":"summary_large_image","twitter_misc":{"Tempo di lettura stimato":"1 minuto"},"schema":{"@context":"https:\/\/schema.org","@graph":[{"@type":"WebPage","@id":"https:\/\/www.erboristerie.com\/it\/prodotto\/diffusore-bastoncini-arancio-e-cannella-nasoterapia\/","url":"https:\/\/www.erboristerie.com\/it\/prodotto\/diffusore-bastoncini-arancio-e-cannella-nasoterapia\/","name":"Diffusore bastoncini Arancio e Cannella Nasoterapia - Erboristeria Demetra","isPartOf":{"@id":"https:\/\/www.erboristerie.com\/it\/#website"},"primaryImageOfPage":{"@id":"https:\/\/www.erboristerie.com\/it\/prodotto\/diffusore-bastoncini-arancio-e-cannella-nasoterapia\/#primaryimage"},"image":{"@id":"https:\/\/www.erboristerie.com\/it\/prodotto\/diffusore-bastoncini-arancio-e-cannella-nasoterapia\/#primaryimage"},"thumbnailUrl":"https:\/\/www.erboristerie.com\/wp-content\/uploads\/2023\/07\/00005552-diffusore-bastoncini-arancio-dolce-cannella-nasoterapia-erboristerie-com.jpg","datePublished":"2013-10-02T09:47:36+00:00","dateModified":"2024-09-14T19:41:23+00:00","description":"I diffusori a bastoncini diffondono nell\u2019aria in modo costante per regalare sempre nuove atmosfere. Basta capovolgerli per ravvivare il profumo e l\u2019emozione","breadcrumb":{"@id":"https:\/\/www.erboristerie.com\/it\/prodotto\/diffusore-bastoncini-arancio-e-cannella-nasoterapia\/#breadcrumb"},"inLanguage":"it-IT","potentialAction":[{"@type":"ReadAction","target":["https:\/\/www.erboristerie.com\/it\/prodotto\/diffusore-bastoncini-arancio-e-cannella-nasoterapia\/"]}]},{"@type":"ImageObject","inLanguage":"it-IT","@id":"https:\/\/www.erboristerie.com\/it\/prodotto\/diffusore-bastoncini-arancio-e-cannella-nasoterapia\/#primaryimage","url":"https:\/\/www.erboristerie.com\/wp-content\/uploads\/2023\/07\/00005552-diffusore-bastoncini-arancio-dolce-cannella-nasoterapia-erboristerie-com.jpg","contentUrl":"https:\/\/www.erboristerie.com\/wp-content\/uploads\/2023\/07\/00005552-diffusore-bastoncini-arancio-dolce-cannella-nasoterapia-erboristerie-com.jpg","width":1000,"height":1000},{"@type":"BreadcrumbList","@id":"https:\/\/www.erboristerie.com\/it\/prodotto\/diffusore-bastoncini-arancio-e-cannella-nasoterapia\/#breadcrumb","itemListElement":[{"@type":"ListItem","position":1,"name":"Home","item":"https:\/\/www.erboristerie.com\/it\/"},{"@type":"ListItem","position":2,"name":"Tutti i prodotti","item":"https:\/\/www.erboristerie.com\/it\/tutti-i-prodotti\/"},{"@type":"ListItem","position":3,"name":"Diffusore bastoncini Arancio e Cannella Nasoterapia"}]},{"@type":"WebSite","@id":"https:\/\/www.erboristerie.com\/it\/#website","url":"https:\/\/www.erboristerie.com\/it\/","name":"Erboristeria Demetra","description":"La tua salute al naturale","publisher":{"@id":"https:\/\/www.erboristerie.com\/it\/#organization"},"potentialAction":[{"@type":"SearchAction","target":{"@type":"EntryPoint","urlTemplate":"https:\/\/www.erboristerie.com\/it\/?s={search_term_string}"},"query-input":{"@type":"PropertyValueSpecification","valueRequired":true,"valueName":"search_term_string"}}],"inLanguage":"it-IT"},{"@type":"Organization","@id":"https:\/\/www.erboristerie.com\/it\/#organization","name":"Erboristeria Demetra","url":"https:\/\/www.erboristerie.com\/it\/","logo":{"@type":"ImageObject","inLanguage":"it-IT","@id":"https:\/\/www.erboristerie.com\/it\/#\/schema\/logo\/image\/","url":"https:\/\/www.erboristerie.com\/wp-content\/uploads\/2019\/11\/LOGO_ERBORISTERIA_DEMETRA_original.png?v=1611516981","contentUrl":"https:\/\/www.erboristerie.com\/wp-content\/uploads\/2019\/11\/LOGO_ERBORISTERIA_DEMETRA_original.png?v=1611516981","width":201,"height":54,"caption":"Erboristeria Demetra"},"image":{"@id":"https:\/\/www.erboristerie.com\/it\/#\/schema\/logo\/image\/"},"sameAs":["https:\/\/www.facebook.com\/erboristeria.demetra.online"]}]}},"_links":{"self":[{"href":"https:\/\/www.erboristerie.com\/it\/wp-json\/wp\/v2\/product\/67022","targetHints":{"allow":["GET"]}}],"collection":[{"href":"https:\/\/www.erboristerie.com\/it\/wp-json\/wp\/v2\/product"}],"about":[{"href":"https:\/\/www.erboristerie.com\/it\/wp-json\/wp\/v2\/types\/product"}],"wp:featuredmedia":[{"embeddable":true,"href":"https:\/\/www.erboristerie.com\/it\/wp-json\/wp\/v2\/media\/126869"}],"wp:attachment":[{"href":"https:\/\/www.erboristerie.com\/it\/wp-json\/wp\/v2\/media?parent=67022"}],"wp:term":[{"taxonomy":"product_brand","embeddable":true,"href":"https:\/\/www.erboristerie.com\/it\/wp-json\/wp\/v2\/product_brand?post=67022"},{"taxonomy":"product_cat","embeddable":true,"href":"https:\/\/www.erboristerie.com\/it\/wp-json\/wp\/v2\/product_cat?post=67022"},{"taxonomy":"product_tag","embeddable":true,"href":"https:\/\/www.erboristerie.com\/it\/wp-json\/wp\/v2\/product_tag?post=67022"},{"taxonomy":"giftcard-category","embeddable":true,"href":"https:\/\/www.erboristerie.com\/it\/wp-json\/wp\/v2\/giftcard-category?post=67022"}],"curies":[{"name":"wp","href":"https:\/\/api.w.org\/{rel}","templated":true}]}}