{"id":66634,"date":"2013-07-09T09:58:27","date_gmt":"2013-07-09T09:58:27","guid":{"rendered":"http:\/\/www.erboristerie.com\/?post_type=product&#038;p=66634"},"modified":"2026-02-18T21:28:01","modified_gmt":"2026-02-18T20:28:01","slug":"lerbolario-uomo-deo-roll-on-efficacia-e-protezione-anche-per-pelli-sensibili","status":"publish","type":"product","link":"https:\/\/www.erboristerie.com\/it\/prodotto\/lerbolario-uomo-deo-roll-on-efficacia-e-protezione-anche-per-pelli-sensibili\/","title":{"rendered":"L&#8217;Erbolario Uomo Deo Roll-on efficacia e protezione anche per pelli sensibili"},"content":{"rendered":"<p><strong>L&#8217;Erbolario Uomo Deo Roll-on &#8211; L&#8217;Erbolario<\/strong><\/p>\n<p>Ricetta deodorante altamente specifica: efficacia e protezione anche per pelli sensibili<\/p>\n<p>Per un benessere a tutto tondo e una freschezza duratura, la Ricerca de L\u2019Erbolario ha individuato e impiegato ingredienti specifici che siano effettivamente in grado di prevenire e limitare l\u2019effetto dei batteri responsabili dei cattivi odori.<\/p>\n<p>Ha cos\u00ec messo a punto una squadra di sostanze funzionali davvero innovative: per inibire gli odori pi\u00f9 sgradevoli si affida a ingredienti mirati come il Trietilcitrato da biotecnologia derivato dal Mais e l\u2019acido shikimico, derivato dall\u2019Anice stellato, coadiuvati dallo Zinco Ricinoleato, derivato dall\u2019Olio di Ricino.<\/p>\n<p>Gli estratti di Baobab e Caff\u00e8 verde per donare protezione ed emollienza alla delicata pelle del cavo ascellare.<\/p>\n<p>Il Deo Roll-on L\u2019Erbolario Uomo \u00e8 da considerarsi ancor pi\u00f9 delicato perch\u00e9 privo di sali d\u2019alluminio e di Alcool.<\/p>\n<p><strong>Fragranza<\/strong><\/p>\n<p>agrumata, acquatica<\/p>\n<p><strong>Consigli d&#8217;uso<\/strong><\/p>\n<p>Applicare con il comodo roll on sull\u2019epidermide pulita e asciutta lasciando al prodotto il breve tempo necessario al suo assorbimento, prima di indossare gli abiti.<\/p>\n<p><strong>Sostanze funzionali<\/strong><\/p>\n<p>Estratto fluido di frutto di Baobab, estratto fluido di semi di Caff\u00e8 verde, olio di Baobab, esteri della cera di Jojoba, trietil citrato da biotecnologia, acido shikimico dall\u2019Anice stellato, Zinco ricinoleato, acido tannico, olio di Girasole biologico, Vitamina E dai semi della Soja, oli essenziali di Arancia dolce, limetta, Mandarino verde, Limone, Chiodi di Garofano, Patchouly e Balsamo Copahu<\/p>\n<p><strong>Ingredienti\/INCI<\/strong><\/p>\n<p>aqua (water), triethyl citrate, decyl cocoate, glycerin, shikimic acid, zinc ricinoleate, xanthan gum, sodium stearoyl glutamate, adansonia digitata seed oil, adansonia digitata fruit extract, coffea arabica (coffee) seed extract, hydrolyzed jojoba esters, tannic acid, tocopherol, adansonia digitata seed extract, adansonia digitata pulp extract, citrus aurantifolia (lime) peel extract, citrus nobilis (mandarin orange) peel oil, citrus limon peel oil, citrus aurantium dulcis (orange) fruit extract, eugenia caryophyllus (clove) bud extract, copaifera reticulata balsam oil, pogostemon cablin oil, brassica campestris (rapeseed) seed oil, rosmarinus officinalis (rosemary) leaf extract, helianthus annuus (sunflower) seed oil, citric acid, parfum (fragrance), alpha-isomethyl ionone, benzyl alcohol, citral, citronellol, citrus aurantium flower oil, citrus aurantium peel oil, geraniol, limonene, linalool, linalyl acetate, pinene, tetramethyl acetyloctahydronaphthalenes, sodium chloride, dehydroacetic acid, potassium sorbate, sodium benzoate<\/p>\n<p><strong>Cosa sapere in pi\u00f9<\/strong><\/p>\n<p>100% Made in Italy.<br \/>\n7 Metalli testati<br \/>\nDa sempre amici degli animali<br \/>\nDermatologicamente Testato<br \/>\nSenza ingredienti di derivazione animale<\/p>\n","protected":false},"excerpt":{"rendered":"<p>L&#8217;Erbolario Uomo Deo Roll-on &#8211; L&#8217;Erbolario Ricetta deodorante altamente specifica: efficacia e protezione anche per pelli sensibili Per un benessere a tutto tondo e una freschezza duratura, la Ricerca de L\u2019Erbolario ha individuato e impiegato ingredienti specifici che siano effettivamente in grado di prevenire e&#8230;<\/p>\n","protected":false},"featured_media":116525,"template":"","meta":{"_acf_changed":false},"product_brand":[9603],"product_cat":[9687,9715],"product_tag":[18192,15273,11353,14264,12933],"giftcard-category":[],"class_list":{"0":"post-66634","1":"product","2":"type-product","3":"status-publish","4":"has-post-thumbnail","6":"product_brand-erbolario","7":"product_cat-deodoranti","8":"product_cat-uomo","9":"product_tag-50ml-2","10":"product_tag-deo","11":"product_tag-lerbolario","12":"product_tag-roll","13":"product_tag-uomo","14":"pa_formato-50-ml","15":"pa_linea-profumazione-erbolario-uomo-baobab","16":"pa_marca-lerbolario","17":"pa_tipologia-deodorante","18":"pa_tipologia-roll-on","20":"first","21":"instock","22":"sale","23":"taxable","24":"shipping-taxable","25":"purchasable","26":"product-type-simple"},"acf":[],"yoast_head":"<!-- This site is optimized with the Yoast SEO plugin v24.9 - https:\/\/yoast.com\/wordpress\/plugins\/seo\/ -->\n<title>L&#039;Erbolario Uomo Deo Roll-on efficacia e protezione anche per pelli sensibili - Erboristeria Demetra<\/title>\n<meta name=\"description\" content=\"Ricetta deodorante altamente specifica: efficacia e protezione anche per pelli sensibili. Privo di sali d\u2019alluminio e Alcool. Fragranza agrumata, acquatica\" \/>\n<meta name=\"robots\" content=\"index, follow, max-snippet:-1, max-image-preview:large, max-video-preview:-1\" \/>\n<link rel=\"canonical\" href=\"https:\/\/www.erboristerie.com\/it\/prodotto\/lerbolario-uomo-deo-roll-on-efficacia-e-protezione-anche-per-pelli-sensibili\/\" \/>\n<meta property=\"og:locale\" content=\"it_IT\" \/>\n<meta property=\"og:type\" content=\"article\" \/>\n<meta property=\"og:title\" content=\"L&#039;Erbolario Uomo Deo Roll-on efficacia e protezione anche per pelli sensibili - Erboristeria Demetra\" \/>\n<meta property=\"og:description\" content=\"Ricetta deodorante altamente specifica: efficacia e protezione anche per pelli sensibili. Privo di sali d\u2019alluminio e Alcool. Fragranza agrumata, acquatica\" \/>\n<meta property=\"og:url\" content=\"https:\/\/www.erboristerie.com\/it\/prodotto\/lerbolario-uomo-deo-roll-on-efficacia-e-protezione-anche-per-pelli-sensibili\/\" \/>\n<meta property=\"og:site_name\" content=\"Erboristeria Demetra\" \/>\n<meta property=\"article:publisher\" content=\"https:\/\/www.facebook.com\/erboristeria.demetra.online\" \/>\n<meta property=\"article:modified_time\" content=\"2026-02-18T20:28:01+00:00\" \/>\n<meta property=\"og:image\" content=\"https:\/\/www.erboristerie.com\/wp-content\/uploads\/2013\/07\/00010297.png\" \/>\n\t<meta property=\"og:image:width\" content=\"1000\" \/>\n\t<meta property=\"og:image:height\" content=\"1000\" \/>\n\t<meta property=\"og:image:type\" content=\"image\/png\" \/>\n<meta name=\"twitter:card\" content=\"summary_large_image\" \/>\n<meta name=\"twitter:label1\" content=\"Tempo di lettura stimato\" \/>\n\t<meta name=\"twitter:data1\" content=\"3 minuti\" \/>\n<script type=\"application\/ld+json\" class=\"yoast-schema-graph\">{\"@context\":\"https:\/\/schema.org\",\"@graph\":[{\"@type\":\"WebPage\",\"@id\":\"https:\/\/www.erboristerie.com\/it\/prodotto\/lerbolario-uomo-deo-roll-on-efficacia-e-protezione-anche-per-pelli-sensibili\/\",\"url\":\"https:\/\/www.erboristerie.com\/it\/prodotto\/lerbolario-uomo-deo-roll-on-efficacia-e-protezione-anche-per-pelli-sensibili\/\",\"name\":\"L'Erbolario Uomo Deo Roll-on efficacia e protezione anche per pelli sensibili - Erboristeria Demetra\",\"isPartOf\":{\"@id\":\"https:\/\/www.erboristerie.com\/it\/#website\"},\"primaryImageOfPage\":{\"@id\":\"https:\/\/www.erboristerie.com\/it\/prodotto\/lerbolario-uomo-deo-roll-on-efficacia-e-protezione-anche-per-pelli-sensibili\/#primaryimage\"},\"image\":{\"@id\":\"https:\/\/www.erboristerie.com\/it\/prodotto\/lerbolario-uomo-deo-roll-on-efficacia-e-protezione-anche-per-pelli-sensibili\/#primaryimage\"},\"thumbnailUrl\":\"https:\/\/www.erboristerie.com\/wp-content\/uploads\/2013\/07\/00010297.png\",\"datePublished\":\"2013-07-09T09:58:27+00:00\",\"dateModified\":\"2026-02-18T20:28:01+00:00\",\"description\":\"Ricetta deodorante altamente specifica: efficacia e protezione anche per pelli sensibili. Privo di sali d\u2019alluminio e Alcool. Fragranza agrumata, acquatica\",\"breadcrumb\":{\"@id\":\"https:\/\/www.erboristerie.com\/it\/prodotto\/lerbolario-uomo-deo-roll-on-efficacia-e-protezione-anche-per-pelli-sensibili\/#breadcrumb\"},\"inLanguage\":\"it-IT\",\"potentialAction\":[{\"@type\":\"ReadAction\",\"target\":[\"https:\/\/www.erboristerie.com\/it\/prodotto\/lerbolario-uomo-deo-roll-on-efficacia-e-protezione-anche-per-pelli-sensibili\/\"]}]},{\"@type\":\"ImageObject\",\"inLanguage\":\"it-IT\",\"@id\":\"https:\/\/www.erboristerie.com\/it\/prodotto\/lerbolario-uomo-deo-roll-on-efficacia-e-protezione-anche-per-pelli-sensibili\/#primaryimage\",\"url\":\"https:\/\/www.erboristerie.com\/wp-content\/uploads\/2013\/07\/00010297.png\",\"contentUrl\":\"https:\/\/www.erboristerie.com\/wp-content\/uploads\/2013\/07\/00010297.png\",\"width\":1000,\"height\":1000},{\"@type\":\"BreadcrumbList\",\"@id\":\"https:\/\/www.erboristerie.com\/it\/prodotto\/lerbolario-uomo-deo-roll-on-efficacia-e-protezione-anche-per-pelli-sensibili\/#breadcrumb\",\"itemListElement\":[{\"@type\":\"ListItem\",\"position\":1,\"name\":\"Home\",\"item\":\"https:\/\/www.erboristerie.com\/it\/\"},{\"@type\":\"ListItem\",\"position\":2,\"name\":\"Tutti i prodotti\",\"item\":\"https:\/\/www.erboristerie.com\/it\/tutti-i-prodotti\/\"},{\"@type\":\"ListItem\",\"position\":3,\"name\":\"L&#8217;Erbolario Uomo Deo Roll-on efficacia e protezione anche per pelli sensibili\"}]},{\"@type\":\"WebSite\",\"@id\":\"https:\/\/www.erboristerie.com\/it\/#website\",\"url\":\"https:\/\/www.erboristerie.com\/it\/\",\"name\":\"Erboristeria Demetra\",\"description\":\"La tua salute al naturale\",\"publisher\":{\"@id\":\"https:\/\/www.erboristerie.com\/it\/#organization\"},\"potentialAction\":[{\"@type\":\"SearchAction\",\"target\":{\"@type\":\"EntryPoint\",\"urlTemplate\":\"https:\/\/www.erboristerie.com\/it\/?s={search_term_string}\"},\"query-input\":{\"@type\":\"PropertyValueSpecification\",\"valueRequired\":true,\"valueName\":\"search_term_string\"}}],\"inLanguage\":\"it-IT\"},{\"@type\":\"Organization\",\"@id\":\"https:\/\/www.erboristerie.com\/it\/#organization\",\"name\":\"Erboristeria Demetra\",\"url\":\"https:\/\/www.erboristerie.com\/it\/\",\"logo\":{\"@type\":\"ImageObject\",\"inLanguage\":\"it-IT\",\"@id\":\"https:\/\/www.erboristerie.com\/it\/#\/schema\/logo\/image\/\",\"url\":\"https:\/\/www.erboristerie.com\/wp-content\/uploads\/2019\/11\/LOGO_ERBORISTERIA_DEMETRA_original.png?v=1611516981\",\"contentUrl\":\"https:\/\/www.erboristerie.com\/wp-content\/uploads\/2019\/11\/LOGO_ERBORISTERIA_DEMETRA_original.png?v=1611516981\",\"width\":201,\"height\":54,\"caption\":\"Erboristeria Demetra\"},\"image\":{\"@id\":\"https:\/\/www.erboristerie.com\/it\/#\/schema\/logo\/image\/\"},\"sameAs\":[\"https:\/\/www.facebook.com\/erboristeria.demetra.online\"]}]}<\/script>\n<!-- \/ Yoast SEO plugin. -->","yoast_head_json":{"title":"L'Erbolario Uomo Deo Roll-on efficacia e protezione anche per pelli sensibili - Erboristeria Demetra","description":"Ricetta deodorante altamente specifica: efficacia e protezione anche per pelli sensibili. Privo di sali d\u2019alluminio e Alcool. Fragranza agrumata, acquatica","robots":{"index":"index","follow":"follow","max-snippet":"max-snippet:-1","max-image-preview":"max-image-preview:large","max-video-preview":"max-video-preview:-1"},"canonical":"https:\/\/www.erboristerie.com\/it\/prodotto\/lerbolario-uomo-deo-roll-on-efficacia-e-protezione-anche-per-pelli-sensibili\/","og_locale":"it_IT","og_type":"article","og_title":"L'Erbolario Uomo Deo Roll-on efficacia e protezione anche per pelli sensibili - Erboristeria Demetra","og_description":"Ricetta deodorante altamente specifica: efficacia e protezione anche per pelli sensibili. Privo di sali d\u2019alluminio e Alcool. Fragranza agrumata, acquatica","og_url":"https:\/\/www.erboristerie.com\/it\/prodotto\/lerbolario-uomo-deo-roll-on-efficacia-e-protezione-anche-per-pelli-sensibili\/","og_site_name":"Erboristeria Demetra","article_publisher":"https:\/\/www.facebook.com\/erboristeria.demetra.online","article_modified_time":"2026-02-18T20:28:01+00:00","og_image":[{"width":1000,"height":1000,"url":"https:\/\/www.erboristerie.com\/wp-content\/uploads\/2013\/07\/00010297.png","type":"image\/png"}],"twitter_card":"summary_large_image","twitter_misc":{"Tempo di lettura stimato":"3 minuti"},"schema":{"@context":"https:\/\/schema.org","@graph":[{"@type":"WebPage","@id":"https:\/\/www.erboristerie.com\/it\/prodotto\/lerbolario-uomo-deo-roll-on-efficacia-e-protezione-anche-per-pelli-sensibili\/","url":"https:\/\/www.erboristerie.com\/it\/prodotto\/lerbolario-uomo-deo-roll-on-efficacia-e-protezione-anche-per-pelli-sensibili\/","name":"L'Erbolario Uomo Deo Roll-on efficacia e protezione anche per pelli sensibili - Erboristeria Demetra","isPartOf":{"@id":"https:\/\/www.erboristerie.com\/it\/#website"},"primaryImageOfPage":{"@id":"https:\/\/www.erboristerie.com\/it\/prodotto\/lerbolario-uomo-deo-roll-on-efficacia-e-protezione-anche-per-pelli-sensibili\/#primaryimage"},"image":{"@id":"https:\/\/www.erboristerie.com\/it\/prodotto\/lerbolario-uomo-deo-roll-on-efficacia-e-protezione-anche-per-pelli-sensibili\/#primaryimage"},"thumbnailUrl":"https:\/\/www.erboristerie.com\/wp-content\/uploads\/2013\/07\/00010297.png","datePublished":"2013-07-09T09:58:27+00:00","dateModified":"2026-02-18T20:28:01+00:00","description":"Ricetta deodorante altamente specifica: efficacia e protezione anche per pelli sensibili. Privo di sali d\u2019alluminio e Alcool. Fragranza agrumata, acquatica","breadcrumb":{"@id":"https:\/\/www.erboristerie.com\/it\/prodotto\/lerbolario-uomo-deo-roll-on-efficacia-e-protezione-anche-per-pelli-sensibili\/#breadcrumb"},"inLanguage":"it-IT","potentialAction":[{"@type":"ReadAction","target":["https:\/\/www.erboristerie.com\/it\/prodotto\/lerbolario-uomo-deo-roll-on-efficacia-e-protezione-anche-per-pelli-sensibili\/"]}]},{"@type":"ImageObject","inLanguage":"it-IT","@id":"https:\/\/www.erboristerie.com\/it\/prodotto\/lerbolario-uomo-deo-roll-on-efficacia-e-protezione-anche-per-pelli-sensibili\/#primaryimage","url":"https:\/\/www.erboristerie.com\/wp-content\/uploads\/2013\/07\/00010297.png","contentUrl":"https:\/\/www.erboristerie.com\/wp-content\/uploads\/2013\/07\/00010297.png","width":1000,"height":1000},{"@type":"BreadcrumbList","@id":"https:\/\/www.erboristerie.com\/it\/prodotto\/lerbolario-uomo-deo-roll-on-efficacia-e-protezione-anche-per-pelli-sensibili\/#breadcrumb","itemListElement":[{"@type":"ListItem","position":1,"name":"Home","item":"https:\/\/www.erboristerie.com\/it\/"},{"@type":"ListItem","position":2,"name":"Tutti i prodotti","item":"https:\/\/www.erboristerie.com\/it\/tutti-i-prodotti\/"},{"@type":"ListItem","position":3,"name":"L&#8217;Erbolario Uomo Deo Roll-on efficacia e protezione anche per pelli sensibili"}]},{"@type":"WebSite","@id":"https:\/\/www.erboristerie.com\/it\/#website","url":"https:\/\/www.erboristerie.com\/it\/","name":"Erboristeria Demetra","description":"La tua salute al naturale","publisher":{"@id":"https:\/\/www.erboristerie.com\/it\/#organization"},"potentialAction":[{"@type":"SearchAction","target":{"@type":"EntryPoint","urlTemplate":"https:\/\/www.erboristerie.com\/it\/?s={search_term_string}"},"query-input":{"@type":"PropertyValueSpecification","valueRequired":true,"valueName":"search_term_string"}}],"inLanguage":"it-IT"},{"@type":"Organization","@id":"https:\/\/www.erboristerie.com\/it\/#organization","name":"Erboristeria Demetra","url":"https:\/\/www.erboristerie.com\/it\/","logo":{"@type":"ImageObject","inLanguage":"it-IT","@id":"https:\/\/www.erboristerie.com\/it\/#\/schema\/logo\/image\/","url":"https:\/\/www.erboristerie.com\/wp-content\/uploads\/2019\/11\/LOGO_ERBORISTERIA_DEMETRA_original.png?v=1611516981","contentUrl":"https:\/\/www.erboristerie.com\/wp-content\/uploads\/2019\/11\/LOGO_ERBORISTERIA_DEMETRA_original.png?v=1611516981","width":201,"height":54,"caption":"Erboristeria Demetra"},"image":{"@id":"https:\/\/www.erboristerie.com\/it\/#\/schema\/logo\/image\/"},"sameAs":["https:\/\/www.facebook.com\/erboristeria.demetra.online"]}]}},"_links":{"self":[{"href":"https:\/\/www.erboristerie.com\/it\/wp-json\/wp\/v2\/product\/66634","targetHints":{"allow":["GET"]}}],"collection":[{"href":"https:\/\/www.erboristerie.com\/it\/wp-json\/wp\/v2\/product"}],"about":[{"href":"https:\/\/www.erboristerie.com\/it\/wp-json\/wp\/v2\/types\/product"}],"wp:featuredmedia":[{"embeddable":true,"href":"https:\/\/www.erboristerie.com\/it\/wp-json\/wp\/v2\/media\/116525"}],"wp:attachment":[{"href":"https:\/\/www.erboristerie.com\/it\/wp-json\/wp\/v2\/media?parent=66634"}],"wp:term":[{"taxonomy":"product_brand","embeddable":true,"href":"https:\/\/www.erboristerie.com\/it\/wp-json\/wp\/v2\/product_brand?post=66634"},{"taxonomy":"product_cat","embeddable":true,"href":"https:\/\/www.erboristerie.com\/it\/wp-json\/wp\/v2\/product_cat?post=66634"},{"taxonomy":"product_tag","embeddable":true,"href":"https:\/\/www.erboristerie.com\/it\/wp-json\/wp\/v2\/product_tag?post=66634"},{"taxonomy":"giftcard-category","embeddable":true,"href":"https:\/\/www.erboristerie.com\/it\/wp-json\/wp\/v2\/giftcard-category?post=66634"}],"curies":[{"name":"wp","href":"https:\/\/api.w.org\/{rel}","templated":true}]}}