{"id":64426,"date":"2013-05-11T00:00:00","date_gmt":"2013-05-11T00:00:00","guid":{"rendered":"http:\/\/www.erboristerie.com\/?post_type=product&#038;p=64426"},"modified":"2026-01-08T09:41:32","modified_gmt":"2026-01-08T08:41:32","slug":"mugovis-olio-balsamico-e-fluidificante-125ml-dr-giorgini","status":"publish","type":"product","link":"https:\/\/www.erboristerie.com\/it\/prodotto\/mugovis-olio-balsamico-e-fluidificante-125ml-dr-giorgini\/","title":{"rendered":"Mugovis olio balsamico e fluidificante 125ml dr. Giorgini"},"content":{"rendered":"<p><strong>Mugovis olio balsamico e fluidificante 125ml &#8211; dr. Giorgini<\/strong><\/p>\n<p>Miscela di oli essenziali di eucalipto, niaouli, cajeput, abete bianco, pino (marittimo e silvestre), lavanda, tea tree e timo, dalle propriet\u00e0 balsamiche e fluidificanti; con mentolo e borneolo naturali ad azione rinfrescante ed olio di mandorle dolci emolliente.<\/p>\n<p>Per applicazioni locali esterne decongestionanti su petto, schiena e punti nevralgici, dona sollievo liberando una piacevole essenza balsamica.<\/p>\n<p><strong>Consigli uso<\/strong><\/p>\n<p>Applicare sul petto e sulla schiena all\u2019altezza dei polmoni e massaggiare delicatamente per favorirne l\u2019assorbimento.<\/p>\n<p>La dose specificata nella tabella (10 spruzzi = 5 ml) \u00e8 indicativa: il prodotto pu\u00f2 essere applicato in quantit\u00e0 maggiore o minore, in funzione della superficie di applicazione o della frequenza di impiego.<\/p>\n<p>Evitare il contatto con gli occhi e le mucose.<\/p>\n<p>Il prodotto pu\u00f2 anche essere diffuso nell\u2019ambiente diluendone 5 &#8211; 10 spruzzi (2,5 &#8211; 5ml) in circa 250 ml di acqua molto calda.<\/p>\n<p><strong>Ingredients<\/strong><\/p>\n<p>Prunus amygdalus dulcis oil, Melaleuca viridiflora leaf oil, d-Limonene*, Eucalyptus globulus leaf oil, Melaleuca leucadendron cajaputi leaf oil, Pinus pumilio leaf\/twig oil, Borneol, Menthol, Lavandula angustifolia herb oil, Abies pectinata leaf\/twig oil, Abies sibirica leaf\/twig oil, Pinus pinaster leaf\/twig oil, Pinus sylvestris cone oil, Melaleuca alternifolia leaf oil, Thymus vulgaris leaf oil, Linalool*, Geraniol*, Citronellol*, Eugenol*, Cumarin*.<br \/>\n*Componenti degli oli essenziali naturali.<br \/>\nO.E.= Olio essenziale (Aetheroleum).<\/p>\n<p><strong>Non contiene parabeni n\u00e9 altri conservanti, coloranti e profumazioni sintetiche o artificiali.<\/strong><\/p>\n","protected":false},"excerpt":{"rendered":"<p>Mugovis olio balsamico e fluidificante 125ml &#8211; dr. Giorgini Miscela di oli essenziali di eucalipto, niaouli, cajeput, abete bianco, pino (marittimo e silvestre), lavanda, tea tree e timo, dalle propriet\u00e0 balsamiche e fluidificanti; con mentolo e borneolo naturali ad azione rinfrescante ed olio di mandorle&#8230;<\/p>\n","protected":false},"featured_media":118348,"template":"","meta":{"_acf_changed":false},"product_brand":[9598],"product_cat":[10167],"product_tag":[11314,19375,16054],"giftcard-category":[],"class_list":{"0":"post-64426","1":"product","2":"type-product","3":"status-publish","4":"has-post-thumbnail","6":"product_brand-dr-giorgini-martino-ser-vis","7":"product_cat-cosmetici-corpo","8":"product_tag-balsamico","9":"product_tag-dr-giorgini","10":"product_tag-mugovis","11":"pa_formato-125-ml","12":"pa_linea-cosmetici","13":"pa_marca-dr-giorgini","14":"pa_tipologia-olio","16":"first","17":"instock","18":"sale","19":"taxable","20":"shipping-taxable","21":"purchasable","22":"product-type-simple"},"acf":[],"yoast_head":"<!-- This site is optimized with the Yoast SEO plugin v24.9 - https:\/\/yoast.com\/wordpress\/plugins\/seo\/ -->\n<title>Mugovis olio balsamico e fluidificante 125ml dr. Giorgini - Erboristeria Demetra<\/title>\n<meta name=\"description\" content=\"Per applicazioni locali esterne decongestionanti su petto, schiena e punti nevralgici, dona sollievo liberando una piacevole essenza balsamica.\" \/>\n<meta name=\"robots\" content=\"index, follow, max-snippet:-1, max-image-preview:large, max-video-preview:-1\" \/>\n<link rel=\"canonical\" href=\"https:\/\/www.erboristerie.com\/it\/prodotto\/mugovis-olio-balsamico-e-fluidificante-125ml-dr-giorgini\/\" \/>\n<meta property=\"og:locale\" content=\"it_IT\" \/>\n<meta property=\"og:type\" content=\"article\" \/>\n<meta property=\"og:title\" content=\"Mugovis olio balsamico e fluidificante 125ml dr. Giorgini - Erboristeria Demetra\" \/>\n<meta property=\"og:description\" content=\"Per applicazioni locali esterne decongestionanti su petto, schiena e punti nevralgici, dona sollievo liberando una piacevole essenza balsamica.\" \/>\n<meta property=\"og:url\" content=\"https:\/\/www.erboristerie.com\/it\/prodotto\/mugovis-olio-balsamico-e-fluidificante-125ml-dr-giorgini\/\" \/>\n<meta property=\"og:site_name\" content=\"Erboristeria Demetra\" \/>\n<meta property=\"article:publisher\" content=\"https:\/\/www.facebook.com\/erboristeria.demetra.online\" \/>\n<meta property=\"article:modified_time\" content=\"2026-01-08T08:41:32+00:00\" \/>\n<meta property=\"og:image\" content=\"https:\/\/www.erboristerie.com\/wp-content\/uploads\/2013\/05\/00009084-mugovis.jpg\" \/>\n\t<meta property=\"og:image:width\" content=\"800\" \/>\n\t<meta property=\"og:image:height\" content=\"800\" \/>\n\t<meta property=\"og:image:type\" content=\"image\/jpeg\" \/>\n<meta name=\"twitter:card\" content=\"summary_large_image\" \/>\n<meta name=\"twitter:label1\" content=\"Tempo di lettura stimato\" \/>\n\t<meta name=\"twitter:data1\" content=\"2 minuti\" \/>\n<script type=\"application\/ld+json\" class=\"yoast-schema-graph\">{\"@context\":\"https:\/\/schema.org\",\"@graph\":[{\"@type\":\"WebPage\",\"@id\":\"https:\/\/www.erboristerie.com\/it\/prodotto\/mugovis-olio-balsamico-e-fluidificante-125ml-dr-giorgini\/\",\"url\":\"https:\/\/www.erboristerie.com\/it\/prodotto\/mugovis-olio-balsamico-e-fluidificante-125ml-dr-giorgini\/\",\"name\":\"Mugovis olio balsamico e fluidificante 125ml dr. Giorgini - Erboristeria Demetra\",\"isPartOf\":{\"@id\":\"https:\/\/www.erboristerie.com\/it\/#website\"},\"primaryImageOfPage\":{\"@id\":\"https:\/\/www.erboristerie.com\/it\/prodotto\/mugovis-olio-balsamico-e-fluidificante-125ml-dr-giorgini\/#primaryimage\"},\"image\":{\"@id\":\"https:\/\/www.erboristerie.com\/it\/prodotto\/mugovis-olio-balsamico-e-fluidificante-125ml-dr-giorgini\/#primaryimage\"},\"thumbnailUrl\":\"https:\/\/www.erboristerie.com\/wp-content\/uploads\/2013\/05\/00009084-mugovis.jpg\",\"datePublished\":\"2013-05-11T00:00:00+00:00\",\"dateModified\":\"2026-01-08T08:41:32+00:00\",\"description\":\"Per applicazioni locali esterne decongestionanti su petto, schiena e punti nevralgici, dona sollievo liberando una piacevole essenza balsamica.\",\"breadcrumb\":{\"@id\":\"https:\/\/www.erboristerie.com\/it\/prodotto\/mugovis-olio-balsamico-e-fluidificante-125ml-dr-giorgini\/#breadcrumb\"},\"inLanguage\":\"it-IT\",\"potentialAction\":[{\"@type\":\"ReadAction\",\"target\":[\"https:\/\/www.erboristerie.com\/it\/prodotto\/mugovis-olio-balsamico-e-fluidificante-125ml-dr-giorgini\/\"]}]},{\"@type\":\"ImageObject\",\"inLanguage\":\"it-IT\",\"@id\":\"https:\/\/www.erboristerie.com\/it\/prodotto\/mugovis-olio-balsamico-e-fluidificante-125ml-dr-giorgini\/#primaryimage\",\"url\":\"https:\/\/www.erboristerie.com\/wp-content\/uploads\/2013\/05\/00009084-mugovis.jpg\",\"contentUrl\":\"https:\/\/www.erboristerie.com\/wp-content\/uploads\/2013\/05\/00009084-mugovis.jpg\",\"width\":800,\"height\":800},{\"@type\":\"BreadcrumbList\",\"@id\":\"https:\/\/www.erboristerie.com\/it\/prodotto\/mugovis-olio-balsamico-e-fluidificante-125ml-dr-giorgini\/#breadcrumb\",\"itemListElement\":[{\"@type\":\"ListItem\",\"position\":1,\"name\":\"Home\",\"item\":\"https:\/\/www.erboristerie.com\/it\/\"},{\"@type\":\"ListItem\",\"position\":2,\"name\":\"Tutti i prodotti\",\"item\":\"https:\/\/www.erboristerie.com\/it\/tutti-i-prodotti\/\"},{\"@type\":\"ListItem\",\"position\":3,\"name\":\"Mugovis olio balsamico e fluidificante 125ml dr. Giorgini\"}]},{\"@type\":\"WebSite\",\"@id\":\"https:\/\/www.erboristerie.com\/it\/#website\",\"url\":\"https:\/\/www.erboristerie.com\/it\/\",\"name\":\"Erboristeria Demetra\",\"description\":\"La tua salute al naturale\",\"publisher\":{\"@id\":\"https:\/\/www.erboristerie.com\/it\/#organization\"},\"potentialAction\":[{\"@type\":\"SearchAction\",\"target\":{\"@type\":\"EntryPoint\",\"urlTemplate\":\"https:\/\/www.erboristerie.com\/it\/?s={search_term_string}\"},\"query-input\":{\"@type\":\"PropertyValueSpecification\",\"valueRequired\":true,\"valueName\":\"search_term_string\"}}],\"inLanguage\":\"it-IT\"},{\"@type\":\"Organization\",\"@id\":\"https:\/\/www.erboristerie.com\/it\/#organization\",\"name\":\"Erboristeria Demetra\",\"url\":\"https:\/\/www.erboristerie.com\/it\/\",\"logo\":{\"@type\":\"ImageObject\",\"inLanguage\":\"it-IT\",\"@id\":\"https:\/\/www.erboristerie.com\/it\/#\/schema\/logo\/image\/\",\"url\":\"https:\/\/www.erboristerie.com\/wp-content\/uploads\/2019\/11\/LOGO_ERBORISTERIA_DEMETRA_original.png?v=1611516981\",\"contentUrl\":\"https:\/\/www.erboristerie.com\/wp-content\/uploads\/2019\/11\/LOGO_ERBORISTERIA_DEMETRA_original.png?v=1611516981\",\"width\":201,\"height\":54,\"caption\":\"Erboristeria Demetra\"},\"image\":{\"@id\":\"https:\/\/www.erboristerie.com\/it\/#\/schema\/logo\/image\/\"},\"sameAs\":[\"https:\/\/www.facebook.com\/erboristeria.demetra.online\"]}]}<\/script>\n<!-- \/ Yoast SEO plugin. -->","yoast_head_json":{"title":"Mugovis olio balsamico e fluidificante 125ml dr. Giorgini - Erboristeria Demetra","description":"Per applicazioni locali esterne decongestionanti su petto, schiena e punti nevralgici, dona sollievo liberando una piacevole essenza balsamica.","robots":{"index":"index","follow":"follow","max-snippet":"max-snippet:-1","max-image-preview":"max-image-preview:large","max-video-preview":"max-video-preview:-1"},"canonical":"https:\/\/www.erboristerie.com\/it\/prodotto\/mugovis-olio-balsamico-e-fluidificante-125ml-dr-giorgini\/","og_locale":"it_IT","og_type":"article","og_title":"Mugovis olio balsamico e fluidificante 125ml dr. Giorgini - Erboristeria Demetra","og_description":"Per applicazioni locali esterne decongestionanti su petto, schiena e punti nevralgici, dona sollievo liberando una piacevole essenza balsamica.","og_url":"https:\/\/www.erboristerie.com\/it\/prodotto\/mugovis-olio-balsamico-e-fluidificante-125ml-dr-giorgini\/","og_site_name":"Erboristeria Demetra","article_publisher":"https:\/\/www.facebook.com\/erboristeria.demetra.online","article_modified_time":"2026-01-08T08:41:32+00:00","og_image":[{"width":800,"height":800,"url":"https:\/\/www.erboristerie.com\/wp-content\/uploads\/2013\/05\/00009084-mugovis.jpg","type":"image\/jpeg"}],"twitter_card":"summary_large_image","twitter_misc":{"Tempo di lettura stimato":"2 minuti"},"schema":{"@context":"https:\/\/schema.org","@graph":[{"@type":"WebPage","@id":"https:\/\/www.erboristerie.com\/it\/prodotto\/mugovis-olio-balsamico-e-fluidificante-125ml-dr-giorgini\/","url":"https:\/\/www.erboristerie.com\/it\/prodotto\/mugovis-olio-balsamico-e-fluidificante-125ml-dr-giorgini\/","name":"Mugovis olio balsamico e fluidificante 125ml dr. Giorgini - Erboristeria Demetra","isPartOf":{"@id":"https:\/\/www.erboristerie.com\/it\/#website"},"primaryImageOfPage":{"@id":"https:\/\/www.erboristerie.com\/it\/prodotto\/mugovis-olio-balsamico-e-fluidificante-125ml-dr-giorgini\/#primaryimage"},"image":{"@id":"https:\/\/www.erboristerie.com\/it\/prodotto\/mugovis-olio-balsamico-e-fluidificante-125ml-dr-giorgini\/#primaryimage"},"thumbnailUrl":"https:\/\/www.erboristerie.com\/wp-content\/uploads\/2013\/05\/00009084-mugovis.jpg","datePublished":"2013-05-11T00:00:00+00:00","dateModified":"2026-01-08T08:41:32+00:00","description":"Per applicazioni locali esterne decongestionanti su petto, schiena e punti nevralgici, dona sollievo liberando una piacevole essenza balsamica.","breadcrumb":{"@id":"https:\/\/www.erboristerie.com\/it\/prodotto\/mugovis-olio-balsamico-e-fluidificante-125ml-dr-giorgini\/#breadcrumb"},"inLanguage":"it-IT","potentialAction":[{"@type":"ReadAction","target":["https:\/\/www.erboristerie.com\/it\/prodotto\/mugovis-olio-balsamico-e-fluidificante-125ml-dr-giorgini\/"]}]},{"@type":"ImageObject","inLanguage":"it-IT","@id":"https:\/\/www.erboristerie.com\/it\/prodotto\/mugovis-olio-balsamico-e-fluidificante-125ml-dr-giorgini\/#primaryimage","url":"https:\/\/www.erboristerie.com\/wp-content\/uploads\/2013\/05\/00009084-mugovis.jpg","contentUrl":"https:\/\/www.erboristerie.com\/wp-content\/uploads\/2013\/05\/00009084-mugovis.jpg","width":800,"height":800},{"@type":"BreadcrumbList","@id":"https:\/\/www.erboristerie.com\/it\/prodotto\/mugovis-olio-balsamico-e-fluidificante-125ml-dr-giorgini\/#breadcrumb","itemListElement":[{"@type":"ListItem","position":1,"name":"Home","item":"https:\/\/www.erboristerie.com\/it\/"},{"@type":"ListItem","position":2,"name":"Tutti i prodotti","item":"https:\/\/www.erboristerie.com\/it\/tutti-i-prodotti\/"},{"@type":"ListItem","position":3,"name":"Mugovis olio balsamico e fluidificante 125ml dr. Giorgini"}]},{"@type":"WebSite","@id":"https:\/\/www.erboristerie.com\/it\/#website","url":"https:\/\/www.erboristerie.com\/it\/","name":"Erboristeria Demetra","description":"La tua salute al naturale","publisher":{"@id":"https:\/\/www.erboristerie.com\/it\/#organization"},"potentialAction":[{"@type":"SearchAction","target":{"@type":"EntryPoint","urlTemplate":"https:\/\/www.erboristerie.com\/it\/?s={search_term_string}"},"query-input":{"@type":"PropertyValueSpecification","valueRequired":true,"valueName":"search_term_string"}}],"inLanguage":"it-IT"},{"@type":"Organization","@id":"https:\/\/www.erboristerie.com\/it\/#organization","name":"Erboristeria Demetra","url":"https:\/\/www.erboristerie.com\/it\/","logo":{"@type":"ImageObject","inLanguage":"it-IT","@id":"https:\/\/www.erboristerie.com\/it\/#\/schema\/logo\/image\/","url":"https:\/\/www.erboristerie.com\/wp-content\/uploads\/2019\/11\/LOGO_ERBORISTERIA_DEMETRA_original.png?v=1611516981","contentUrl":"https:\/\/www.erboristerie.com\/wp-content\/uploads\/2019\/11\/LOGO_ERBORISTERIA_DEMETRA_original.png?v=1611516981","width":201,"height":54,"caption":"Erboristeria Demetra"},"image":{"@id":"https:\/\/www.erboristerie.com\/it\/#\/schema\/logo\/image\/"},"sameAs":["https:\/\/www.facebook.com\/erboristeria.demetra.online"]}]}},"_links":{"self":[{"href":"https:\/\/www.erboristerie.com\/it\/wp-json\/wp\/v2\/product\/64426","targetHints":{"allow":["GET"]}}],"collection":[{"href":"https:\/\/www.erboristerie.com\/it\/wp-json\/wp\/v2\/product"}],"about":[{"href":"https:\/\/www.erboristerie.com\/it\/wp-json\/wp\/v2\/types\/product"}],"wp:featuredmedia":[{"embeddable":true,"href":"https:\/\/www.erboristerie.com\/it\/wp-json\/wp\/v2\/media\/118348"}],"wp:attachment":[{"href":"https:\/\/www.erboristerie.com\/it\/wp-json\/wp\/v2\/media?parent=64426"}],"wp:term":[{"taxonomy":"product_brand","embeddable":true,"href":"https:\/\/www.erboristerie.com\/it\/wp-json\/wp\/v2\/product_brand?post=64426"},{"taxonomy":"product_cat","embeddable":true,"href":"https:\/\/www.erboristerie.com\/it\/wp-json\/wp\/v2\/product_cat?post=64426"},{"taxonomy":"product_tag","embeddable":true,"href":"https:\/\/www.erboristerie.com\/it\/wp-json\/wp\/v2\/product_tag?post=64426"},{"taxonomy":"giftcard-category","embeddable":true,"href":"https:\/\/www.erboristerie.com\/it\/wp-json\/wp\/v2\/giftcard-category?post=64426"}],"curies":[{"name":"wp","href":"https:\/\/api.w.org\/{rel}","templated":true}]}}