{"id":61478,"date":"2013-03-07T17:26:08","date_gmt":"2013-03-07T17:26:08","guid":{"rendered":"http:\/\/www.erboristerie.com\/?post_type=product&#038;p=61478"},"modified":"2026-03-13T13:05:02","modified_gmt":"2026-03-13T12:05:02","slug":"cell-plus-booster-anticellulite-200ml-cellulite-iniziale-o-avanzata","status":"publish","type":"product","link":"https:\/\/www.erboristerie.com\/it\/prodotto\/cell-plus-booster-anticellulite-200ml-cellulite-iniziale-o-avanzata\/","title":{"rendered":"Cell-Plus\u00ae Booster Anticellulite 200ml cellulite iniziale o avanzata"},"content":{"rendered":"<p><strong>Cell-Plus\u00ae Booster Anticellulite 200ml &#8211; Biosline\u00a0<\/strong><\/p>\n<p><strong>Cell-Plus<\/strong><sup>\u00ae<\/sup><strong>\u00a0Booster Anticellulite<\/strong>\u00a0\u00e8 un trattamento cosmetico contro gli inestetismi della cellulite, sia in fase iniziale che avanzata.<\/p>\n<p>La cellulite pi\u00f9 resistente \u00e8 spesso accompagnata da perdita di tonicit\u00e0 dei tessuti e da inestetismi cutanei (pelle a materasso).<\/p>\n<p>I laboratori Bios Line hanno utilizzato un\u2019associazione specifica di attivi per aiutare a combattere gli inestetismi della cellulite in fase avanzata: un <strong>complesso ad azione freddo-caldo<\/strong>, che aiuta a ridurre gli accumuli adiposi e a rendere la pelle pi\u00f9 tonica e elastica, unito a <strong>Caffeina e Carnitina<\/strong>, che favoriscono la diminuzione della ritenzione idrica.<\/p>\n<p>L\u2019efficacia del prodotto, inoltre, \u00e8 potenziata dalla presenza dell\u2019<strong>Attivatore di Snellimento<\/strong>*, un complesso brevettato di <em>Crithmum maritimum<\/em> ed estratto di Rosmarino, titolato al 10 % in Acido carnosico.<\/p>\n<p>L\u2019uso quotidiano del prodotto rende la pelle pi\u00f9 tonica e favorisce la riduzione delle adiposit\u00e0 localizzate.<\/p>\n<p>L\u2019uso quotidiano del prodotto rende la pelle pi\u00f9 tonica e favorisce la riduzione delle adiposit\u00e0 localizzate.<\/p>\n<p><strong>Quando usarlo<\/strong><\/p>\n<p>Per il trattamento cosmetico degli inestetismi della cellulite, sia in fase iniziale che avanzata, con pelle \u201cad effetto materasso\u201d e tessuti cutanei rilassati. Il trattamento pu\u00f2 essere ripetuto pi\u00f9 volte all\u2019anno.<\/p>\n<p><strong>Come usarlo<\/strong><\/p>\n<p>Applicare sulle aree interessate con movimenti circolari, seguendo il flusso linfatico.<\/p>\n<p>Dopo l\u2019applicazione lavare accuratamente le mani.<\/p>\n<p>L\u2019effetto calore che si avverte dopo l\u2019applicazione, indice dell\u2019attivit\u00e0 del prodotto, \u00e8 soggettivo e, in alcuni casi, pu\u00f2 persistere a lungo.<\/p>\n<p>Si consiglia di utilizzare il prodotto quotidianamente, mattina e sera, per almeno 3 settimane, associandolo ad una dieta sana e ad un buon livello di attivit\u00e0 fisica al fine di ottimizzarne l\u2019effetto.<\/p>\n<p><strong>Cosa Contiene<\/strong><\/p>\n<p>Estratto di\u00a0<em>Chritmum maritimum<\/em>\u00a0e di Rosmarino (tit. al 10% in acido carnosico), <em>Gelidium cartilagineum<\/em>, Caffeina, Carnitina, Mentolo.<\/p>\n<p><strong>Note:<\/strong><\/p>\n<p>Senza Parabeni, senza PEG, senza coloranti di sintesi, senza siliconi.<\/p>\n<p>Senza Iodio (la presenza in tracce pu\u00f2 essere dovute ad estratti vegeali o marini). Nickel Tested.<\/p>\n<p>Non usare in gravidanza e allattamento.<\/p>\n<p>*Azione cosmetica di rimodellamento che non comporta perdita di peso.<\/p>\n<p><strong>INCI<\/strong><\/p>\n<p>aqua\/water, alcohol denat., caffeine, cetyl alcohol, polysorbate 80, isopropyl isostearate, dicaprylyl carbonate, hexyldecanol, hexyldecyl laurate, carbomer, phenethyl alcohol, hydroxyacetophenone, parfum\/fragrance, vanillyl butyl ether, caprylyl glycol, 1,2-hexanediol,\u00a0 hydrogenated rapeseed alcohol, rosmarinus officinalis leaf extract\/rosmarinus officinalis (rosemary) leaf extract, sodium hydroxide, menthol, ethylhexylglycerin, carnitine HCl, linalyl acetate, polyglyceryl-4 oleate, maltodextrin, glycerin, trisodium ethylenediamine disuccinate, glyceryl olivate, butylene glycol, silica, hydrolyzed glycosaminoglycans, tocopherol, gelidium cartilagineum extract, crithmum maritimum extract, theobromine<br \/>\nLa lista degli ingredienti pu\u00f2 subire delle leggere modifiche, fai riferimento a quella riportata sulla confezione del prodotto.<\/p>\n","protected":false},"excerpt":{"rendered":"<p>Cell-Plus\u00ae Booster Anticellulite 200ml &#8211; Biosline\u00a0 Cell-Plus\u00ae\u00a0Booster Anticellulite\u00a0\u00e8 un trattamento cosmetico contro gli inestetismi della cellulite, sia in fase iniziale che avanzata. La cellulite pi\u00f9 resistente \u00e8 spesso accompagnata da perdita di tonicit\u00e0 dei tessuti e da inestetismi cutanei (pelle a materasso). I laboratori Bios&#8230;<\/p>\n","protected":false},"featured_media":120181,"template":"","meta":{"_acf_changed":false},"product_brand":[9595,9650],"product_cat":[9691],"product_tag":[14610,14607,10943,10537],"giftcard-category":[],"class_list":{"0":"post-61478","1":"product","2":"type-product","3":"status-publish","4":"has-post-thumbnail","6":"product_brand-biosline","7":"product_brand-nature-s","8":"product_cat-cellulite","9":"product_tag-anticellulite","10":"product_tag-booster","11":"product_tag-cell","12":"product_tag-plus","13":"pa_formato-200-ml","14":"pa_linea-cell-plus","15":"pa_marca-biosline","16":"pa_tipologia-crema","18":"first","19":"instock","20":"sale","21":"purchasable","22":"product-type-simple"},"acf":[],"yoast_head":"<!-- This site is optimized with the Yoast SEO plugin v24.9 - https:\/\/yoast.com\/wordpress\/plugins\/seo\/ -->\n<title>Cell-Plus\u00ae Booster Anticellulite 200ml cellulite iniziale o avanzata - Erboristeria Demetra<\/title>\n<meta name=\"description\" content=\"Cell-Plus\u00ae\u00a0Booster Anticellulite\u00a0\u00e8 un trattamento cosmetico contro gli inestetismi della cellulite, sia in fase iniziale che avanzata.\" \/>\n<meta name=\"robots\" content=\"index, follow, max-snippet:-1, max-image-preview:large, max-video-preview:-1\" \/>\n<link rel=\"canonical\" href=\"https:\/\/www.erboristerie.com\/it\/prodotto\/cell-plus-booster-anticellulite-200ml-cellulite-iniziale-o-avanzata\/\" \/>\n<meta property=\"og:locale\" content=\"it_IT\" \/>\n<meta property=\"og:type\" content=\"article\" \/>\n<meta property=\"og:title\" content=\"Cell-Plus\u00ae Booster Anticellulite 200ml cellulite iniziale o avanzata - Erboristeria Demetra\" \/>\n<meta property=\"og:description\" content=\"Cell-Plus\u00ae\u00a0Booster Anticellulite\u00a0\u00e8 un trattamento cosmetico contro gli inestetismi della cellulite, sia in fase iniziale che avanzata.\" \/>\n<meta property=\"og:url\" content=\"https:\/\/www.erboristerie.com\/it\/prodotto\/cell-plus-booster-anticellulite-200ml-cellulite-iniziale-o-avanzata\/\" \/>\n<meta property=\"og:site_name\" content=\"Erboristeria Demetra\" \/>\n<meta property=\"article:publisher\" content=\"https:\/\/www.facebook.com\/erboristeria.demetra.online\" \/>\n<meta property=\"article:modified_time\" content=\"2026-03-13T12:05:02+00:00\" \/>\n<meta property=\"og:image\" content=\"https:\/\/www.erboristerie.com\/wp-content\/uploads\/2013\/03\/00009087-Cell-Plus-BoosterAnticellulite-200ml.jpeg\" \/>\n\t<meta property=\"og:image:width\" content=\"1200\" \/>\n\t<meta property=\"og:image:height\" content=\"1200\" \/>\n\t<meta property=\"og:image:type\" content=\"image\/jpeg\" \/>\n<meta name=\"twitter:card\" content=\"summary_large_image\" \/>\n<meta name=\"twitter:label1\" content=\"Tempo di lettura stimato\" \/>\n\t<meta name=\"twitter:data1\" content=\"3 minuti\" \/>\n<script type=\"application\/ld+json\" class=\"yoast-schema-graph\">{\"@context\":\"https:\/\/schema.org\",\"@graph\":[{\"@type\":\"WebPage\",\"@id\":\"https:\/\/www.erboristerie.com\/it\/prodotto\/cell-plus-booster-anticellulite-200ml-cellulite-iniziale-o-avanzata\/\",\"url\":\"https:\/\/www.erboristerie.com\/it\/prodotto\/cell-plus-booster-anticellulite-200ml-cellulite-iniziale-o-avanzata\/\",\"name\":\"Cell-Plus\u00ae Booster Anticellulite 200ml cellulite iniziale o avanzata - Erboristeria Demetra\",\"isPartOf\":{\"@id\":\"https:\/\/www.erboristerie.com\/it\/#website\"},\"primaryImageOfPage\":{\"@id\":\"https:\/\/www.erboristerie.com\/it\/prodotto\/cell-plus-booster-anticellulite-200ml-cellulite-iniziale-o-avanzata\/#primaryimage\"},\"image\":{\"@id\":\"https:\/\/www.erboristerie.com\/it\/prodotto\/cell-plus-booster-anticellulite-200ml-cellulite-iniziale-o-avanzata\/#primaryimage\"},\"thumbnailUrl\":\"https:\/\/www.erboristerie.com\/wp-content\/uploads\/2013\/03\/00009087-Cell-Plus-BoosterAnticellulite-200ml.jpeg\",\"datePublished\":\"2013-03-07T17:26:08+00:00\",\"dateModified\":\"2026-03-13T12:05:02+00:00\",\"description\":\"Cell-Plus\u00ae\u00a0Booster Anticellulite\u00a0\u00e8 un trattamento cosmetico contro gli inestetismi della cellulite, sia in fase iniziale che avanzata.\",\"breadcrumb\":{\"@id\":\"https:\/\/www.erboristerie.com\/it\/prodotto\/cell-plus-booster-anticellulite-200ml-cellulite-iniziale-o-avanzata\/#breadcrumb\"},\"inLanguage\":\"it-IT\",\"potentialAction\":[{\"@type\":\"ReadAction\",\"target\":[\"https:\/\/www.erboristerie.com\/it\/prodotto\/cell-plus-booster-anticellulite-200ml-cellulite-iniziale-o-avanzata\/\"]}]},{\"@type\":\"ImageObject\",\"inLanguage\":\"it-IT\",\"@id\":\"https:\/\/www.erboristerie.com\/it\/prodotto\/cell-plus-booster-anticellulite-200ml-cellulite-iniziale-o-avanzata\/#primaryimage\",\"url\":\"https:\/\/www.erboristerie.com\/wp-content\/uploads\/2013\/03\/00009087-Cell-Plus-BoosterAnticellulite-200ml.jpeg\",\"contentUrl\":\"https:\/\/www.erboristerie.com\/wp-content\/uploads\/2013\/03\/00009087-Cell-Plus-BoosterAnticellulite-200ml.jpeg\",\"width\":1200,\"height\":1200,\"caption\":\"APIXefferv 003\"},{\"@type\":\"BreadcrumbList\",\"@id\":\"https:\/\/www.erboristerie.com\/it\/prodotto\/cell-plus-booster-anticellulite-200ml-cellulite-iniziale-o-avanzata\/#breadcrumb\",\"itemListElement\":[{\"@type\":\"ListItem\",\"position\":1,\"name\":\"Home\",\"item\":\"https:\/\/www.erboristerie.com\/it\/\"},{\"@type\":\"ListItem\",\"position\":2,\"name\":\"Tutti i prodotti\",\"item\":\"https:\/\/www.erboristerie.com\/it\/tutti-i-prodotti\/\"},{\"@type\":\"ListItem\",\"position\":3,\"name\":\"Cell-Plus\u00ae Booster Anticellulite 200ml cellulite iniziale o avanzata\"}]},{\"@type\":\"WebSite\",\"@id\":\"https:\/\/www.erboristerie.com\/it\/#website\",\"url\":\"https:\/\/www.erboristerie.com\/it\/\",\"name\":\"Erboristeria Demetra\",\"description\":\"La tua salute al naturale\",\"publisher\":{\"@id\":\"https:\/\/www.erboristerie.com\/it\/#organization\"},\"potentialAction\":[{\"@type\":\"SearchAction\",\"target\":{\"@type\":\"EntryPoint\",\"urlTemplate\":\"https:\/\/www.erboristerie.com\/it\/?s={search_term_string}\"},\"query-input\":{\"@type\":\"PropertyValueSpecification\",\"valueRequired\":true,\"valueName\":\"search_term_string\"}}],\"inLanguage\":\"it-IT\"},{\"@type\":\"Organization\",\"@id\":\"https:\/\/www.erboristerie.com\/it\/#organization\",\"name\":\"Erboristeria Demetra\",\"url\":\"https:\/\/www.erboristerie.com\/it\/\",\"logo\":{\"@type\":\"ImageObject\",\"inLanguage\":\"it-IT\",\"@id\":\"https:\/\/www.erboristerie.com\/it\/#\/schema\/logo\/image\/\",\"url\":\"https:\/\/www.erboristerie.com\/wp-content\/uploads\/2019\/11\/LOGO_ERBORISTERIA_DEMETRA_original.png?v=1611516981\",\"contentUrl\":\"https:\/\/www.erboristerie.com\/wp-content\/uploads\/2019\/11\/LOGO_ERBORISTERIA_DEMETRA_original.png?v=1611516981\",\"width\":201,\"height\":54,\"caption\":\"Erboristeria Demetra\"},\"image\":{\"@id\":\"https:\/\/www.erboristerie.com\/it\/#\/schema\/logo\/image\/\"},\"sameAs\":[\"https:\/\/www.facebook.com\/erboristeria.demetra.online\"]}]}<\/script>\n<!-- \/ Yoast SEO plugin. -->","yoast_head_json":{"title":"Cell-Plus\u00ae Booster Anticellulite 200ml cellulite iniziale o avanzata - Erboristeria Demetra","description":"Cell-Plus\u00ae\u00a0Booster Anticellulite\u00a0\u00e8 un trattamento cosmetico contro gli inestetismi della cellulite, sia in fase iniziale che avanzata.","robots":{"index":"index","follow":"follow","max-snippet":"max-snippet:-1","max-image-preview":"max-image-preview:large","max-video-preview":"max-video-preview:-1"},"canonical":"https:\/\/www.erboristerie.com\/it\/prodotto\/cell-plus-booster-anticellulite-200ml-cellulite-iniziale-o-avanzata\/","og_locale":"it_IT","og_type":"article","og_title":"Cell-Plus\u00ae Booster Anticellulite 200ml cellulite iniziale o avanzata - Erboristeria Demetra","og_description":"Cell-Plus\u00ae\u00a0Booster Anticellulite\u00a0\u00e8 un trattamento cosmetico contro gli inestetismi della cellulite, sia in fase iniziale che avanzata.","og_url":"https:\/\/www.erboristerie.com\/it\/prodotto\/cell-plus-booster-anticellulite-200ml-cellulite-iniziale-o-avanzata\/","og_site_name":"Erboristeria Demetra","article_publisher":"https:\/\/www.facebook.com\/erboristeria.demetra.online","article_modified_time":"2026-03-13T12:05:02+00:00","og_image":[{"width":1200,"height":1200,"url":"https:\/\/www.erboristerie.com\/wp-content\/uploads\/2013\/03\/00009087-Cell-Plus-BoosterAnticellulite-200ml.jpeg","type":"image\/jpeg"}],"twitter_card":"summary_large_image","twitter_misc":{"Tempo di lettura stimato":"3 minuti"},"schema":{"@context":"https:\/\/schema.org","@graph":[{"@type":"WebPage","@id":"https:\/\/www.erboristerie.com\/it\/prodotto\/cell-plus-booster-anticellulite-200ml-cellulite-iniziale-o-avanzata\/","url":"https:\/\/www.erboristerie.com\/it\/prodotto\/cell-plus-booster-anticellulite-200ml-cellulite-iniziale-o-avanzata\/","name":"Cell-Plus\u00ae Booster Anticellulite 200ml cellulite iniziale o avanzata - Erboristeria Demetra","isPartOf":{"@id":"https:\/\/www.erboristerie.com\/it\/#website"},"primaryImageOfPage":{"@id":"https:\/\/www.erboristerie.com\/it\/prodotto\/cell-plus-booster-anticellulite-200ml-cellulite-iniziale-o-avanzata\/#primaryimage"},"image":{"@id":"https:\/\/www.erboristerie.com\/it\/prodotto\/cell-plus-booster-anticellulite-200ml-cellulite-iniziale-o-avanzata\/#primaryimage"},"thumbnailUrl":"https:\/\/www.erboristerie.com\/wp-content\/uploads\/2013\/03\/00009087-Cell-Plus-BoosterAnticellulite-200ml.jpeg","datePublished":"2013-03-07T17:26:08+00:00","dateModified":"2026-03-13T12:05:02+00:00","description":"Cell-Plus\u00ae\u00a0Booster Anticellulite\u00a0\u00e8 un trattamento cosmetico contro gli inestetismi della cellulite, sia in fase iniziale che avanzata.","breadcrumb":{"@id":"https:\/\/www.erboristerie.com\/it\/prodotto\/cell-plus-booster-anticellulite-200ml-cellulite-iniziale-o-avanzata\/#breadcrumb"},"inLanguage":"it-IT","potentialAction":[{"@type":"ReadAction","target":["https:\/\/www.erboristerie.com\/it\/prodotto\/cell-plus-booster-anticellulite-200ml-cellulite-iniziale-o-avanzata\/"]}]},{"@type":"ImageObject","inLanguage":"it-IT","@id":"https:\/\/www.erboristerie.com\/it\/prodotto\/cell-plus-booster-anticellulite-200ml-cellulite-iniziale-o-avanzata\/#primaryimage","url":"https:\/\/www.erboristerie.com\/wp-content\/uploads\/2013\/03\/00009087-Cell-Plus-BoosterAnticellulite-200ml.jpeg","contentUrl":"https:\/\/www.erboristerie.com\/wp-content\/uploads\/2013\/03\/00009087-Cell-Plus-BoosterAnticellulite-200ml.jpeg","width":1200,"height":1200,"caption":"APIXefferv 003"},{"@type":"BreadcrumbList","@id":"https:\/\/www.erboristerie.com\/it\/prodotto\/cell-plus-booster-anticellulite-200ml-cellulite-iniziale-o-avanzata\/#breadcrumb","itemListElement":[{"@type":"ListItem","position":1,"name":"Home","item":"https:\/\/www.erboristerie.com\/it\/"},{"@type":"ListItem","position":2,"name":"Tutti i prodotti","item":"https:\/\/www.erboristerie.com\/it\/tutti-i-prodotti\/"},{"@type":"ListItem","position":3,"name":"Cell-Plus\u00ae Booster Anticellulite 200ml cellulite iniziale o avanzata"}]},{"@type":"WebSite","@id":"https:\/\/www.erboristerie.com\/it\/#website","url":"https:\/\/www.erboristerie.com\/it\/","name":"Erboristeria Demetra","description":"La tua salute al naturale","publisher":{"@id":"https:\/\/www.erboristerie.com\/it\/#organization"},"potentialAction":[{"@type":"SearchAction","target":{"@type":"EntryPoint","urlTemplate":"https:\/\/www.erboristerie.com\/it\/?s={search_term_string}"},"query-input":{"@type":"PropertyValueSpecification","valueRequired":true,"valueName":"search_term_string"}}],"inLanguage":"it-IT"},{"@type":"Organization","@id":"https:\/\/www.erboristerie.com\/it\/#organization","name":"Erboristeria Demetra","url":"https:\/\/www.erboristerie.com\/it\/","logo":{"@type":"ImageObject","inLanguage":"it-IT","@id":"https:\/\/www.erboristerie.com\/it\/#\/schema\/logo\/image\/","url":"https:\/\/www.erboristerie.com\/wp-content\/uploads\/2019\/11\/LOGO_ERBORISTERIA_DEMETRA_original.png?v=1611516981","contentUrl":"https:\/\/www.erboristerie.com\/wp-content\/uploads\/2019\/11\/LOGO_ERBORISTERIA_DEMETRA_original.png?v=1611516981","width":201,"height":54,"caption":"Erboristeria Demetra"},"image":{"@id":"https:\/\/www.erboristerie.com\/it\/#\/schema\/logo\/image\/"},"sameAs":["https:\/\/www.facebook.com\/erboristeria.demetra.online"]}]}},"_links":{"self":[{"href":"https:\/\/www.erboristerie.com\/it\/wp-json\/wp\/v2\/product\/61478","targetHints":{"allow":["GET"]}}],"collection":[{"href":"https:\/\/www.erboristerie.com\/it\/wp-json\/wp\/v2\/product"}],"about":[{"href":"https:\/\/www.erboristerie.com\/it\/wp-json\/wp\/v2\/types\/product"}],"wp:featuredmedia":[{"embeddable":true,"href":"https:\/\/www.erboristerie.com\/it\/wp-json\/wp\/v2\/media\/120181"}],"wp:attachment":[{"href":"https:\/\/www.erboristerie.com\/it\/wp-json\/wp\/v2\/media?parent=61478"}],"wp:term":[{"taxonomy":"product_brand","embeddable":true,"href":"https:\/\/www.erboristerie.com\/it\/wp-json\/wp\/v2\/product_brand?post=61478"},{"taxonomy":"product_cat","embeddable":true,"href":"https:\/\/www.erboristerie.com\/it\/wp-json\/wp\/v2\/product_cat?post=61478"},{"taxonomy":"product_tag","embeddable":true,"href":"https:\/\/www.erboristerie.com\/it\/wp-json\/wp\/v2\/product_tag?post=61478"},{"taxonomy":"giftcard-category","embeddable":true,"href":"https:\/\/www.erboristerie.com\/it\/wp-json\/wp\/v2\/giftcard-category?post=61478"}],"curies":[{"name":"wp","href":"https:\/\/api.w.org\/{rel}","templated":true}]}}