{"id":61446,"date":"2013-03-06T13:31:40","date_gmt":"2013-03-06T13:31:40","guid":{"rendered":"http:\/\/www.erboristerie.com\/?post_type=product&#038;p=61446"},"modified":"2025-09-10T18:54:20","modified_gmt":"2025-09-10T16:54:20","slug":"acido-ialuronico-crema-corpo-idratazione-intensa-a-tripla-azione-200ml","status":"publish","type":"product","link":"https:\/\/www.erboristerie.com\/it\/prodotto\/acido-ialuronico-crema-corpo-idratazione-intensa-a-tripla-azione-200ml\/","title":{"rendered":"Acido Ialuronico Crema Corpo Idratazione Intensa a Tripla Azione 200ml"},"content":{"rendered":"<p>\n\t<strong>Crema Corpo Tripla Azione 200ml &#8211; Acido Ialuronico<\/strong><br \/>\n\tCon Acido Ialuronico a basso, medio e alto peso molecolare e con estratto di fiori d\u2019Arancio amaro Trattamento anti-age.<\/p>\n<p>\n\tNegli anni della giovinezza i tessuti cutanei si presentano fermi e compatti anche in virt\u00f9 dell\u2019alta concentrazione di Acido Ialuronico contenuta in essi. La sua spiccata capacit\u00e0 di regolare il grado di idratazione che presiede il turgore e la tonicit\u00e0 dell\u2019epidermide \u00e8 anche il punto di forza di questo trattamento per il corpo, innovativo e specialmente efficace. Questa formulazione si fregia infatti di contenere questa eccellente molecola idrofila \u2013 definita \u201cpolisaccaride della giovinezza\u201d \u2013 a basso, medio e alto peso molecolare, in grado di coinvolgere ben tre differenti livelli cutanei. L\u2019Acido Ialuronico ad alto peso molecolare argina l\u2019evaporazione che depaupera il capitale idrico cutaneo, quello a medio peso molecolare supera la barriera cutanea e fornisce un surplus di acqua per incrementare la fermezza dei tessuti, infine quello a basso peso molecolare si distingue per la capacit\u00e0 di favorire la naturale produzione di Collagene. Tutto il valore fitocosmetico di questa preziosa molecola \u00e8 potenziato da un team affiatato di ottimi ingredienti, come nel caso dell\u2019estratto di fiori di Arancio amaro, qui chiamato a contribuire alla fisiologica produzione di Acido Ialuronico. E di tre nobili Oli, di Ibisco, Oliva e Girasole, per una triplice efficacia emolliente, compattante e seborestitutiva. Quando l\u2019epidermide del corpo incontra questo trattamento mirato si vede, perch\u00e9 appare pi\u00f9 tonica e meno soggetta a infeltrimenti e rilassamenti. E si sente, perch\u00e9 ha veramente il tocco della seta!<\/p>\n<p>\n\t<strong>Uso:<\/strong><br \/>\n\tApplicare questa crema dalla piacevolissima texture su tutto il corpo, con maggiore insistenza nelle zone che appaiono pi\u00f9 disidratate e aride e con un leggero massaggio, sfiorando dalle caviglie alla vita, dalle braccia verso il d\u00e9collet\u00e9.<\/p>\n<p>\n\t<br \/>\n\t&nbsp;<\/p>\n<p>\n\t&nbsp;<\/p>\n","protected":false},"excerpt":{"rendered":"<p>Crema Corpo Tripla Azione 200ml &#8211; Acido Ialuronico Con Acido Ialuronico a basso, medio e alto peso molecolare e con estratto di fiori d\u2019Arancio amaro Trattamento anti-age. Negli anni della giovinezza i tessuti cutanei si presentano fermi e compatti anche in virt\u00f9 dell\u2019alta concentrazione di&#8230;<\/p>\n","protected":false},"featured_media":61447,"template":"","meta":{"_acf_changed":false},"product_brand":[9603],"product_cat":[45041],"product_tag":[10917,10566,14028,11524,10650,10946,11024,13399,13401,14134],"giftcard-category":[],"class_list":{"0":"post-61446","1":"product","2":"type-product","3":"status-publish","4":"has-post-thumbnail","6":"product_brand-erbolario","7":"product_cat-corpo","8":"product_tag-200ml","9":"product_tag-acido","10":"product_tag-azione","11":"product_tag-corpo","12":"product_tag-crema","13":"product_tag-ialuronico","14":"product_tag-idratante","15":"product_tag-idratazione","16":"product_tag-intensa","17":"product_tag-tripla","18":"pa_formato-200-ml","19":"pa_linea-profumazione-acido-ialuronico","20":"pa_marca-lerbolario","21":"pa_tipologia-crema","23":"first","24":"instock","25":"sale","26":"taxable","27":"shipping-taxable","28":"purchasable","29":"product-type-simple"},"acf":[],"yoast_head":"<!-- This site is optimized with the Yoast SEO plugin v24.9 - https:\/\/yoast.com\/wordpress\/plugins\/seo\/ -->\n<title>Acido Ialuronico Crema Corpo Idratazione Intensa a Tripla Azione 200ml<\/title>\n<meta name=\"description\" content=\"Con Acido Ialuronico a basso, medio e alto peso molecolare e con estratto di fiori d\u2019Arancio amaro Trattamento anti-age.\" \/>\n<meta name=\"robots\" content=\"index, follow, max-snippet:-1, max-image-preview:large, max-video-preview:-1\" \/>\n<link rel=\"canonical\" href=\"https:\/\/www.erboristerie.com\/it\/prodotto\/acido-ialuronico-crema-corpo-idratazione-intensa-a-tripla-azione-200ml\/\" \/>\n<meta property=\"og:locale\" content=\"it_IT\" \/>\n<meta property=\"og:type\" content=\"article\" \/>\n<meta property=\"og:title\" content=\"Acido Ialuronico Crema Corpo Idratazione Intensa a Tripla Azione 200ml\" \/>\n<meta property=\"og:description\" content=\"Con Acido Ialuronico a basso, medio e alto peso molecolare e con estratto di fiori d\u2019Arancio amaro Trattamento anti-age.\" \/>\n<meta property=\"og:url\" content=\"https:\/\/www.erboristerie.com\/it\/prodotto\/acido-ialuronico-crema-corpo-idratazione-intensa-a-tripla-azione-200ml\/\" \/>\n<meta property=\"og:site_name\" content=\"Erboristeria Demetra\" \/>\n<meta property=\"article:publisher\" content=\"https:\/\/www.facebook.com\/erboristeria.demetra.online\" \/>\n<meta property=\"article:modified_time\" content=\"2025-09-10T16:54:20+00:00\" \/>\n<meta property=\"og:image\" content=\"https:\/\/www.erboristerie.com\/wp-content\/uploads\/2019\/01\/products-00010265.jpg\" \/>\n\t<meta property=\"og:image:width\" content=\"498\" \/>\n\t<meta property=\"og:image:height\" content=\"272\" \/>\n\t<meta property=\"og:image:type\" content=\"image\/jpeg\" \/>\n<meta name=\"twitter:card\" content=\"summary_large_image\" \/>\n<meta name=\"twitter:label1\" content=\"Tempo di lettura stimato\" \/>\n\t<meta name=\"twitter:data1\" content=\"1 minuto\" \/>\n<script type=\"application\/ld+json\" class=\"yoast-schema-graph\">{\"@context\":\"https:\/\/schema.org\",\"@graph\":[{\"@type\":\"WebPage\",\"@id\":\"https:\/\/www.erboristerie.com\/it\/prodotto\/acido-ialuronico-crema-corpo-idratazione-intensa-a-tripla-azione-200ml\/\",\"url\":\"https:\/\/www.erboristerie.com\/it\/prodotto\/acido-ialuronico-crema-corpo-idratazione-intensa-a-tripla-azione-200ml\/\",\"name\":\"Acido Ialuronico Crema Corpo Idratazione Intensa a Tripla Azione 200ml\",\"isPartOf\":{\"@id\":\"https:\/\/www.erboristerie.com\/it\/#website\"},\"primaryImageOfPage\":{\"@id\":\"https:\/\/www.erboristerie.com\/it\/prodotto\/acido-ialuronico-crema-corpo-idratazione-intensa-a-tripla-azione-200ml\/#primaryimage\"},\"image\":{\"@id\":\"https:\/\/www.erboristerie.com\/it\/prodotto\/acido-ialuronico-crema-corpo-idratazione-intensa-a-tripla-azione-200ml\/#primaryimage\"},\"thumbnailUrl\":\"https:\/\/www.erboristerie.com\/wp-content\/uploads\/2019\/01\/products-00010265.jpg\",\"datePublished\":\"2013-03-06T13:31:40+00:00\",\"dateModified\":\"2025-09-10T16:54:20+00:00\",\"description\":\"Con Acido Ialuronico a basso, medio e alto peso molecolare e con estratto di fiori d\u2019Arancio amaro Trattamento anti-age.\",\"breadcrumb\":{\"@id\":\"https:\/\/www.erboristerie.com\/it\/prodotto\/acido-ialuronico-crema-corpo-idratazione-intensa-a-tripla-azione-200ml\/#breadcrumb\"},\"inLanguage\":\"it-IT\",\"potentialAction\":[{\"@type\":\"ReadAction\",\"target\":[\"https:\/\/www.erboristerie.com\/it\/prodotto\/acido-ialuronico-crema-corpo-idratazione-intensa-a-tripla-azione-200ml\/\"]}]},{\"@type\":\"ImageObject\",\"inLanguage\":\"it-IT\",\"@id\":\"https:\/\/www.erboristerie.com\/it\/prodotto\/acido-ialuronico-crema-corpo-idratazione-intensa-a-tripla-azione-200ml\/#primaryimage\",\"url\":\"https:\/\/www.erboristerie.com\/wp-content\/uploads\/2019\/01\/products-00010265.jpg\",\"contentUrl\":\"https:\/\/www.erboristerie.com\/wp-content\/uploads\/2019\/01\/products-00010265.jpg\",\"width\":\"498\",\"height\":\"272\",\"caption\":\"Acido Ialuronico Crema Corpo Idratazione Intensa a Tripla Azione 200ml\"},{\"@type\":\"BreadcrumbList\",\"@id\":\"https:\/\/www.erboristerie.com\/it\/prodotto\/acido-ialuronico-crema-corpo-idratazione-intensa-a-tripla-azione-200ml\/#breadcrumb\",\"itemListElement\":[{\"@type\":\"ListItem\",\"position\":1,\"name\":\"Home\",\"item\":\"https:\/\/www.erboristerie.com\/it\/\"},{\"@type\":\"ListItem\",\"position\":2,\"name\":\"Tutti i prodotti\",\"item\":\"https:\/\/www.erboristerie.com\/it\/tutti-i-prodotti\/\"},{\"@type\":\"ListItem\",\"position\":3,\"name\":\"Acido Ialuronico Crema Corpo Idratazione Intensa a Tripla Azione 200ml\"}]},{\"@type\":\"WebSite\",\"@id\":\"https:\/\/www.erboristerie.com\/it\/#website\",\"url\":\"https:\/\/www.erboristerie.com\/it\/\",\"name\":\"Erboristeria Demetra\",\"description\":\"La tua salute al naturale\",\"publisher\":{\"@id\":\"https:\/\/www.erboristerie.com\/it\/#organization\"},\"potentialAction\":[{\"@type\":\"SearchAction\",\"target\":{\"@type\":\"EntryPoint\",\"urlTemplate\":\"https:\/\/www.erboristerie.com\/it\/?s={search_term_string}\"},\"query-input\":{\"@type\":\"PropertyValueSpecification\",\"valueRequired\":true,\"valueName\":\"search_term_string\"}}],\"inLanguage\":\"it-IT\"},{\"@type\":\"Organization\",\"@id\":\"https:\/\/www.erboristerie.com\/it\/#organization\",\"name\":\"Erboristeria Demetra\",\"url\":\"https:\/\/www.erboristerie.com\/it\/\",\"logo\":{\"@type\":\"ImageObject\",\"inLanguage\":\"it-IT\",\"@id\":\"https:\/\/www.erboristerie.com\/it\/#\/schema\/logo\/image\/\",\"url\":\"https:\/\/www.erboristerie.com\/wp-content\/uploads\/2019\/11\/LOGO_ERBORISTERIA_DEMETRA_original.png?v=1611516981\",\"contentUrl\":\"https:\/\/www.erboristerie.com\/wp-content\/uploads\/2019\/11\/LOGO_ERBORISTERIA_DEMETRA_original.png?v=1611516981\",\"width\":201,\"height\":54,\"caption\":\"Erboristeria Demetra\"},\"image\":{\"@id\":\"https:\/\/www.erboristerie.com\/it\/#\/schema\/logo\/image\/\"},\"sameAs\":[\"https:\/\/www.facebook.com\/erboristeria.demetra.online\"]}]}<\/script>\n<!-- \/ Yoast SEO plugin. -->","yoast_head_json":{"title":"Acido Ialuronico Crema Corpo Idratazione Intensa a Tripla Azione 200ml","description":"Con Acido Ialuronico a basso, medio e alto peso molecolare e con estratto di fiori d\u2019Arancio amaro Trattamento anti-age.","robots":{"index":"index","follow":"follow","max-snippet":"max-snippet:-1","max-image-preview":"max-image-preview:large","max-video-preview":"max-video-preview:-1"},"canonical":"https:\/\/www.erboristerie.com\/it\/prodotto\/acido-ialuronico-crema-corpo-idratazione-intensa-a-tripla-azione-200ml\/","og_locale":"it_IT","og_type":"article","og_title":"Acido Ialuronico Crema Corpo Idratazione Intensa a Tripla Azione 200ml","og_description":"Con Acido Ialuronico a basso, medio e alto peso molecolare e con estratto di fiori d\u2019Arancio amaro Trattamento anti-age.","og_url":"https:\/\/www.erboristerie.com\/it\/prodotto\/acido-ialuronico-crema-corpo-idratazione-intensa-a-tripla-azione-200ml\/","og_site_name":"Erboristeria Demetra","article_publisher":"https:\/\/www.facebook.com\/erboristeria.demetra.online","article_modified_time":"2025-09-10T16:54:20+00:00","og_image":[{"width":498,"height":272,"url":"https:\/\/www.erboristerie.com\/wp-content\/uploads\/2019\/01\/products-00010265.jpg","type":"image\/jpeg"}],"twitter_card":"summary_large_image","twitter_misc":{"Tempo di lettura stimato":"1 minuto"},"schema":{"@context":"https:\/\/schema.org","@graph":[{"@type":"WebPage","@id":"https:\/\/www.erboristerie.com\/it\/prodotto\/acido-ialuronico-crema-corpo-idratazione-intensa-a-tripla-azione-200ml\/","url":"https:\/\/www.erboristerie.com\/it\/prodotto\/acido-ialuronico-crema-corpo-idratazione-intensa-a-tripla-azione-200ml\/","name":"Acido Ialuronico Crema Corpo Idratazione Intensa a Tripla Azione 200ml","isPartOf":{"@id":"https:\/\/www.erboristerie.com\/it\/#website"},"primaryImageOfPage":{"@id":"https:\/\/www.erboristerie.com\/it\/prodotto\/acido-ialuronico-crema-corpo-idratazione-intensa-a-tripla-azione-200ml\/#primaryimage"},"image":{"@id":"https:\/\/www.erboristerie.com\/it\/prodotto\/acido-ialuronico-crema-corpo-idratazione-intensa-a-tripla-azione-200ml\/#primaryimage"},"thumbnailUrl":"https:\/\/www.erboristerie.com\/wp-content\/uploads\/2019\/01\/products-00010265.jpg","datePublished":"2013-03-06T13:31:40+00:00","dateModified":"2025-09-10T16:54:20+00:00","description":"Con Acido Ialuronico a basso, medio e alto peso molecolare e con estratto di fiori d\u2019Arancio amaro Trattamento anti-age.","breadcrumb":{"@id":"https:\/\/www.erboristerie.com\/it\/prodotto\/acido-ialuronico-crema-corpo-idratazione-intensa-a-tripla-azione-200ml\/#breadcrumb"},"inLanguage":"it-IT","potentialAction":[{"@type":"ReadAction","target":["https:\/\/www.erboristerie.com\/it\/prodotto\/acido-ialuronico-crema-corpo-idratazione-intensa-a-tripla-azione-200ml\/"]}]},{"@type":"ImageObject","inLanguage":"it-IT","@id":"https:\/\/www.erboristerie.com\/it\/prodotto\/acido-ialuronico-crema-corpo-idratazione-intensa-a-tripla-azione-200ml\/#primaryimage","url":"https:\/\/www.erboristerie.com\/wp-content\/uploads\/2019\/01\/products-00010265.jpg","contentUrl":"https:\/\/www.erboristerie.com\/wp-content\/uploads\/2019\/01\/products-00010265.jpg","width":"498","height":"272","caption":"Acido Ialuronico Crema Corpo Idratazione Intensa a Tripla Azione 200ml"},{"@type":"BreadcrumbList","@id":"https:\/\/www.erboristerie.com\/it\/prodotto\/acido-ialuronico-crema-corpo-idratazione-intensa-a-tripla-azione-200ml\/#breadcrumb","itemListElement":[{"@type":"ListItem","position":1,"name":"Home","item":"https:\/\/www.erboristerie.com\/it\/"},{"@type":"ListItem","position":2,"name":"Tutti i prodotti","item":"https:\/\/www.erboristerie.com\/it\/tutti-i-prodotti\/"},{"@type":"ListItem","position":3,"name":"Acido Ialuronico Crema Corpo Idratazione Intensa a Tripla Azione 200ml"}]},{"@type":"WebSite","@id":"https:\/\/www.erboristerie.com\/it\/#website","url":"https:\/\/www.erboristerie.com\/it\/","name":"Erboristeria Demetra","description":"La tua salute al naturale","publisher":{"@id":"https:\/\/www.erboristerie.com\/it\/#organization"},"potentialAction":[{"@type":"SearchAction","target":{"@type":"EntryPoint","urlTemplate":"https:\/\/www.erboristerie.com\/it\/?s={search_term_string}"},"query-input":{"@type":"PropertyValueSpecification","valueRequired":true,"valueName":"search_term_string"}}],"inLanguage":"it-IT"},{"@type":"Organization","@id":"https:\/\/www.erboristerie.com\/it\/#organization","name":"Erboristeria Demetra","url":"https:\/\/www.erboristerie.com\/it\/","logo":{"@type":"ImageObject","inLanguage":"it-IT","@id":"https:\/\/www.erboristerie.com\/it\/#\/schema\/logo\/image\/","url":"https:\/\/www.erboristerie.com\/wp-content\/uploads\/2019\/11\/LOGO_ERBORISTERIA_DEMETRA_original.png?v=1611516981","contentUrl":"https:\/\/www.erboristerie.com\/wp-content\/uploads\/2019\/11\/LOGO_ERBORISTERIA_DEMETRA_original.png?v=1611516981","width":201,"height":54,"caption":"Erboristeria Demetra"},"image":{"@id":"https:\/\/www.erboristerie.com\/it\/#\/schema\/logo\/image\/"},"sameAs":["https:\/\/www.facebook.com\/erboristeria.demetra.online"]}]}},"_links":{"self":[{"href":"https:\/\/www.erboristerie.com\/it\/wp-json\/wp\/v2\/product\/61446","targetHints":{"allow":["GET"]}}],"collection":[{"href":"https:\/\/www.erboristerie.com\/it\/wp-json\/wp\/v2\/product"}],"about":[{"href":"https:\/\/www.erboristerie.com\/it\/wp-json\/wp\/v2\/types\/product"}],"wp:featuredmedia":[{"embeddable":true,"href":"https:\/\/www.erboristerie.com\/it\/wp-json\/wp\/v2\/media\/61447"}],"wp:attachment":[{"href":"https:\/\/www.erboristerie.com\/it\/wp-json\/wp\/v2\/media?parent=61446"}],"wp:term":[{"taxonomy":"product_brand","embeddable":true,"href":"https:\/\/www.erboristerie.com\/it\/wp-json\/wp\/v2\/product_brand?post=61446"},{"taxonomy":"product_cat","embeddable":true,"href":"https:\/\/www.erboristerie.com\/it\/wp-json\/wp\/v2\/product_cat?post=61446"},{"taxonomy":"product_tag","embeddable":true,"href":"https:\/\/www.erboristerie.com\/it\/wp-json\/wp\/v2\/product_tag?post=61446"},{"taxonomy":"giftcard-category","embeddable":true,"href":"https:\/\/www.erboristerie.com\/it\/wp-json\/wp\/v2\/giftcard-category?post=61446"}],"curies":[{"name":"wp","href":"https:\/\/api.w.org\/{rel}","templated":true}]}}