{"id":61438,"date":"2013-03-06T13:29:28","date_gmt":"2013-03-06T13:29:28","guid":{"rendered":"http:\/\/www.erboristerie.com\/?post_type=product&#038;p=61438"},"modified":"2025-09-10T18:54:12","modified_gmt":"2025-09-10T16:54:12","slug":"acido-ialuronico-crema-viso-notte-tripla-azione-50-ml","status":"publish","type":"product","link":"https:\/\/www.erboristerie.com\/it\/prodotto\/acido-ialuronico-crema-viso-notte-tripla-azione-50-ml\/","title":{"rendered":"Acido Ialuronico Crema Viso Notte Tripla Azione 50 ML"},"content":{"rendered":"<p>\n\t<strong>Sostanze funzionali:<\/strong><br \/>\n\tAcido Ialuronico a basso, medio e alto peso molecolare, Cellule staminali da foglie di Rododendro alpino, Estratto secco di Echinacea, Olio diSemi di Ibisco, Olio di Babassu, Olio di Girasole biologico, Frazione insaponificabile dell\u2019Olio di Oliva, Vitamina&nbsp;E dai semi della Soja.<br \/>\n\t<strong>Descrizione:<\/strong><br \/>\n\tAl calare della notte, non \u00e8 un sogno per la pelle del viso ritrovare il suo patrimonio di tonicit\u00e0 \u00e8 bellezza. Mentre l\u2019epidermide si abbandona a un sereno riposo, questa ricetta mette in campo la dinamica molecola dell\u2019Acido Ialuronico, ingrediente cosmetico deputato ad apportare acqua in grandi quantit\u00e0 e a fornire quindi un mirabile contributo idratante. Tre volte attivo in questa innovativa formulazione, a basso, medio e alto peso molecolare, l\u2019Acido Ialuronico dispensa benefici che abbracciano ben tre livelli cutanei. Ad alto peso molecolare, questo pregiato ingrediente crea sulla superficie dell\u2019epidermide un film protettivo limitando con determinazione la dispersione di umidit\u00e0 e il rischio di aridit\u00e0, che predispone i tessuti alla comparsa di rilassamenti e solchi d\u2019espressione. All\u2019Acido Ialuronico a medio peso molecolare \u00e8 affidato lo specifico compito di accrescere e rinforzare la funzione di naturale barriera della cute, mentre quello a basso peso molecolare promuove la fisiologica produzione di Collagene, proteina che determina la compattezza dei tessuti. Mentre lentamente scorrono le ore della notte, l\u2019epidermide non rinuncia ad approfittare della forza anti-age e protettiva dell\u2019antiossidante estratto di Echinacea che si rivela anche un attivatore della produzione di Acido Ialuronico naturale, nonch\u00e9 dell\u2019efficacia antidisidratante delle Cellule staminali da foglie di Rododendro alpino. L\u2019Olio di Ibisco, d\u2019Oliva, di Babassu e di Girasole preparano infine la pelle del viso a un risveglio nel segno della compattezza, della freschezza e di una vellutata morbidezza. Il buon giorno si vede dai tratti del volto distesi e luminosi, dove rughe e increspature sono visibilmente pi\u00f9 attenuati: la pelle ora \u00e8 davvero pronta a ricevere l\u2019efficacia degli altri prodotti della linea e a vivere una giornata a tutto splendore.<br \/>\n\t<strong>Uso:<\/strong><br \/>\n\tDistribuire sul viso e sul collo. Per una perfetta assimilazione \u00e8 sufficiente un leggero massaggio.<\/p>\n","protected":false},"excerpt":{"rendered":"<p>Sostanze funzionali: Acido Ialuronico a basso, medio e alto peso molecolare, Cellule staminali da foglie di Rododendro alpino, Estratto secco di Echinacea, Olio diSemi di Ibisco, Olio di Babassu, Olio di Girasole biologico, Frazione insaponificabile dell\u2019Olio di Oliva, Vitamina&nbsp;E dai semi della Soja. Descrizione: Al&#8230;<\/p>\n","protected":false},"featured_media":61439,"template":"","meta":{"_acf_changed":false},"product_brand":[9603],"product_cat":[45040],"product_tag":[10566,14028,10650,10946,11018,14134,10985],"giftcard-category":[],"class_list":{"0":"post-61438","1":"product","2":"type-product","3":"status-publish","4":"has-post-thumbnail","6":"product_brand-erbolario","7":"product_cat-viso","8":"product_tag-acido","9":"product_tag-azione","10":"product_tag-crema","11":"product_tag-ialuronico","12":"product_tag-notte","13":"product_tag-tripla","14":"product_tag-viso","15":"pa_formato-50-ml","16":"pa_linea-profumazione-acido-ialuronico","17":"pa_marca-lerbolario","18":"pa_tipologia-crema","20":"first","21":"instock","22":"sale","23":"taxable","24":"shipping-taxable","25":"purchasable","26":"product-type-simple"},"acf":[],"yoast_head":"<!-- This site is optimized with the Yoast SEO plugin v24.9 - https:\/\/yoast.com\/wordpress\/plugins\/seo\/ -->\n<title>Acido Ialuronico Crema Viso Notte Tripla Azione 50 ML<\/title>\n<meta name=\"description\" content=\"Con Acido Ialuronico a basso, medio e alto peso molecolare e con estratto di Echinacea\" \/>\n<meta name=\"robots\" content=\"index, follow, max-snippet:-1, max-image-preview:large, max-video-preview:-1\" \/>\n<link rel=\"canonical\" href=\"https:\/\/www.erboristerie.com\/it\/prodotto\/acido-ialuronico-crema-viso-notte-tripla-azione-50-ml\/\" \/>\n<meta property=\"og:locale\" content=\"it_IT\" \/>\n<meta property=\"og:type\" content=\"article\" \/>\n<meta property=\"og:title\" content=\"Acido Ialuronico Crema Viso Notte Tripla Azione 50 ML\" \/>\n<meta property=\"og:description\" content=\"Con Acido Ialuronico a basso, medio e alto peso molecolare e con estratto di Echinacea\" \/>\n<meta property=\"og:url\" content=\"https:\/\/www.erboristerie.com\/it\/prodotto\/acido-ialuronico-crema-viso-notte-tripla-azione-50-ml\/\" \/>\n<meta property=\"og:site_name\" content=\"Erboristeria Demetra\" \/>\n<meta property=\"article:publisher\" content=\"https:\/\/www.facebook.com\/erboristeria.demetra.online\" \/>\n<meta property=\"article:modified_time\" content=\"2025-09-10T16:54:12+00:00\" \/>\n<meta property=\"og:image\" content=\"https:\/\/www.erboristerie.com\/wp-content\/uploads\/2019\/01\/products-00010264.jpg\" \/>\n\t<meta property=\"og:image:width\" content=\"257\" \/>\n\t<meta property=\"og:image:height\" content=\"366\" \/>\n\t<meta property=\"og:image:type\" content=\"image\/jpeg\" \/>\n<meta name=\"twitter:card\" content=\"summary_large_image\" \/>\n<meta name=\"twitter:label1\" content=\"Tempo di lettura stimato\" \/>\n\t<meta name=\"twitter:data1\" content=\"2 minuti\" \/>\n<script type=\"application\/ld+json\" class=\"yoast-schema-graph\">{\"@context\":\"https:\/\/schema.org\",\"@graph\":[{\"@type\":\"WebPage\",\"@id\":\"https:\/\/www.erboristerie.com\/it\/prodotto\/acido-ialuronico-crema-viso-notte-tripla-azione-50-ml\/\",\"url\":\"https:\/\/www.erboristerie.com\/it\/prodotto\/acido-ialuronico-crema-viso-notte-tripla-azione-50-ml\/\",\"name\":\"Acido Ialuronico Crema Viso Notte Tripla Azione 50 ML\",\"isPartOf\":{\"@id\":\"https:\/\/www.erboristerie.com\/it\/#website\"},\"primaryImageOfPage\":{\"@id\":\"https:\/\/www.erboristerie.com\/it\/prodotto\/acido-ialuronico-crema-viso-notte-tripla-azione-50-ml\/#primaryimage\"},\"image\":{\"@id\":\"https:\/\/www.erboristerie.com\/it\/prodotto\/acido-ialuronico-crema-viso-notte-tripla-azione-50-ml\/#primaryimage\"},\"thumbnailUrl\":\"https:\/\/www.erboristerie.com\/wp-content\/uploads\/2019\/01\/products-00010264.jpg\",\"datePublished\":\"2013-03-06T13:29:28+00:00\",\"dateModified\":\"2025-09-10T16:54:12+00:00\",\"description\":\"Con Acido Ialuronico a basso, medio e alto peso molecolare e con estratto di Echinacea\",\"breadcrumb\":{\"@id\":\"https:\/\/www.erboristerie.com\/it\/prodotto\/acido-ialuronico-crema-viso-notte-tripla-azione-50-ml\/#breadcrumb\"},\"inLanguage\":\"it-IT\",\"potentialAction\":[{\"@type\":\"ReadAction\",\"target\":[\"https:\/\/www.erboristerie.com\/it\/prodotto\/acido-ialuronico-crema-viso-notte-tripla-azione-50-ml\/\"]}]},{\"@type\":\"ImageObject\",\"inLanguage\":\"it-IT\",\"@id\":\"https:\/\/www.erboristerie.com\/it\/prodotto\/acido-ialuronico-crema-viso-notte-tripla-azione-50-ml\/#primaryimage\",\"url\":\"https:\/\/www.erboristerie.com\/wp-content\/uploads\/2019\/01\/products-00010264.jpg\",\"contentUrl\":\"https:\/\/www.erboristerie.com\/wp-content\/uploads\/2019\/01\/products-00010264.jpg\",\"width\":\"257\",\"height\":\"366\",\"caption\":\"Acido Ialuronico Crema Viso Notte Tripla Azione 50 ML\"},{\"@type\":\"BreadcrumbList\",\"@id\":\"https:\/\/www.erboristerie.com\/it\/prodotto\/acido-ialuronico-crema-viso-notte-tripla-azione-50-ml\/#breadcrumb\",\"itemListElement\":[{\"@type\":\"ListItem\",\"position\":1,\"name\":\"Home\",\"item\":\"https:\/\/www.erboristerie.com\/it\/\"},{\"@type\":\"ListItem\",\"position\":2,\"name\":\"Tutti i prodotti\",\"item\":\"https:\/\/www.erboristerie.com\/it\/tutti-i-prodotti\/\"},{\"@type\":\"ListItem\",\"position\":3,\"name\":\"Acido Ialuronico Crema Viso Notte Tripla Azione 50 ML\"}]},{\"@type\":\"WebSite\",\"@id\":\"https:\/\/www.erboristerie.com\/it\/#website\",\"url\":\"https:\/\/www.erboristerie.com\/it\/\",\"name\":\"Erboristeria Demetra\",\"description\":\"La tua salute al naturale\",\"publisher\":{\"@id\":\"https:\/\/www.erboristerie.com\/it\/#organization\"},\"potentialAction\":[{\"@type\":\"SearchAction\",\"target\":{\"@type\":\"EntryPoint\",\"urlTemplate\":\"https:\/\/www.erboristerie.com\/it\/?s={search_term_string}\"},\"query-input\":{\"@type\":\"PropertyValueSpecification\",\"valueRequired\":true,\"valueName\":\"search_term_string\"}}],\"inLanguage\":\"it-IT\"},{\"@type\":\"Organization\",\"@id\":\"https:\/\/www.erboristerie.com\/it\/#organization\",\"name\":\"Erboristeria Demetra\",\"url\":\"https:\/\/www.erboristerie.com\/it\/\",\"logo\":{\"@type\":\"ImageObject\",\"inLanguage\":\"it-IT\",\"@id\":\"https:\/\/www.erboristerie.com\/it\/#\/schema\/logo\/image\/\",\"url\":\"https:\/\/www.erboristerie.com\/wp-content\/uploads\/2019\/11\/LOGO_ERBORISTERIA_DEMETRA_original.png?v=1611516981\",\"contentUrl\":\"https:\/\/www.erboristerie.com\/wp-content\/uploads\/2019\/11\/LOGO_ERBORISTERIA_DEMETRA_original.png?v=1611516981\",\"width\":201,\"height\":54,\"caption\":\"Erboristeria Demetra\"},\"image\":{\"@id\":\"https:\/\/www.erboristerie.com\/it\/#\/schema\/logo\/image\/\"},\"sameAs\":[\"https:\/\/www.facebook.com\/erboristeria.demetra.online\"]}]}<\/script>\n<!-- \/ Yoast SEO plugin. -->","yoast_head_json":{"title":"Acido Ialuronico Crema Viso Notte Tripla Azione 50 ML","description":"Con Acido Ialuronico a basso, medio e alto peso molecolare e con estratto di Echinacea","robots":{"index":"index","follow":"follow","max-snippet":"max-snippet:-1","max-image-preview":"max-image-preview:large","max-video-preview":"max-video-preview:-1"},"canonical":"https:\/\/www.erboristerie.com\/it\/prodotto\/acido-ialuronico-crema-viso-notte-tripla-azione-50-ml\/","og_locale":"it_IT","og_type":"article","og_title":"Acido Ialuronico Crema Viso Notte Tripla Azione 50 ML","og_description":"Con Acido Ialuronico a basso, medio e alto peso molecolare e con estratto di Echinacea","og_url":"https:\/\/www.erboristerie.com\/it\/prodotto\/acido-ialuronico-crema-viso-notte-tripla-azione-50-ml\/","og_site_name":"Erboristeria Demetra","article_publisher":"https:\/\/www.facebook.com\/erboristeria.demetra.online","article_modified_time":"2025-09-10T16:54:12+00:00","og_image":[{"width":257,"height":366,"url":"https:\/\/www.erboristerie.com\/wp-content\/uploads\/2019\/01\/products-00010264.jpg","type":"image\/jpeg"}],"twitter_card":"summary_large_image","twitter_misc":{"Tempo di lettura stimato":"2 minuti"},"schema":{"@context":"https:\/\/schema.org","@graph":[{"@type":"WebPage","@id":"https:\/\/www.erboristerie.com\/it\/prodotto\/acido-ialuronico-crema-viso-notte-tripla-azione-50-ml\/","url":"https:\/\/www.erboristerie.com\/it\/prodotto\/acido-ialuronico-crema-viso-notte-tripla-azione-50-ml\/","name":"Acido Ialuronico Crema Viso Notte Tripla Azione 50 ML","isPartOf":{"@id":"https:\/\/www.erboristerie.com\/it\/#website"},"primaryImageOfPage":{"@id":"https:\/\/www.erboristerie.com\/it\/prodotto\/acido-ialuronico-crema-viso-notte-tripla-azione-50-ml\/#primaryimage"},"image":{"@id":"https:\/\/www.erboristerie.com\/it\/prodotto\/acido-ialuronico-crema-viso-notte-tripla-azione-50-ml\/#primaryimage"},"thumbnailUrl":"https:\/\/www.erboristerie.com\/wp-content\/uploads\/2019\/01\/products-00010264.jpg","datePublished":"2013-03-06T13:29:28+00:00","dateModified":"2025-09-10T16:54:12+00:00","description":"Con Acido Ialuronico a basso, medio e alto peso molecolare e con estratto di Echinacea","breadcrumb":{"@id":"https:\/\/www.erboristerie.com\/it\/prodotto\/acido-ialuronico-crema-viso-notte-tripla-azione-50-ml\/#breadcrumb"},"inLanguage":"it-IT","potentialAction":[{"@type":"ReadAction","target":["https:\/\/www.erboristerie.com\/it\/prodotto\/acido-ialuronico-crema-viso-notte-tripla-azione-50-ml\/"]}]},{"@type":"ImageObject","inLanguage":"it-IT","@id":"https:\/\/www.erboristerie.com\/it\/prodotto\/acido-ialuronico-crema-viso-notte-tripla-azione-50-ml\/#primaryimage","url":"https:\/\/www.erboristerie.com\/wp-content\/uploads\/2019\/01\/products-00010264.jpg","contentUrl":"https:\/\/www.erboristerie.com\/wp-content\/uploads\/2019\/01\/products-00010264.jpg","width":"257","height":"366","caption":"Acido Ialuronico Crema Viso Notte Tripla Azione 50 ML"},{"@type":"BreadcrumbList","@id":"https:\/\/www.erboristerie.com\/it\/prodotto\/acido-ialuronico-crema-viso-notte-tripla-azione-50-ml\/#breadcrumb","itemListElement":[{"@type":"ListItem","position":1,"name":"Home","item":"https:\/\/www.erboristerie.com\/it\/"},{"@type":"ListItem","position":2,"name":"Tutti i prodotti","item":"https:\/\/www.erboristerie.com\/it\/tutti-i-prodotti\/"},{"@type":"ListItem","position":3,"name":"Acido Ialuronico Crema Viso Notte Tripla Azione 50 ML"}]},{"@type":"WebSite","@id":"https:\/\/www.erboristerie.com\/it\/#website","url":"https:\/\/www.erboristerie.com\/it\/","name":"Erboristeria Demetra","description":"La tua salute al naturale","publisher":{"@id":"https:\/\/www.erboristerie.com\/it\/#organization"},"potentialAction":[{"@type":"SearchAction","target":{"@type":"EntryPoint","urlTemplate":"https:\/\/www.erboristerie.com\/it\/?s={search_term_string}"},"query-input":{"@type":"PropertyValueSpecification","valueRequired":true,"valueName":"search_term_string"}}],"inLanguage":"it-IT"},{"@type":"Organization","@id":"https:\/\/www.erboristerie.com\/it\/#organization","name":"Erboristeria Demetra","url":"https:\/\/www.erboristerie.com\/it\/","logo":{"@type":"ImageObject","inLanguage":"it-IT","@id":"https:\/\/www.erboristerie.com\/it\/#\/schema\/logo\/image\/","url":"https:\/\/www.erboristerie.com\/wp-content\/uploads\/2019\/11\/LOGO_ERBORISTERIA_DEMETRA_original.png?v=1611516981","contentUrl":"https:\/\/www.erboristerie.com\/wp-content\/uploads\/2019\/11\/LOGO_ERBORISTERIA_DEMETRA_original.png?v=1611516981","width":201,"height":54,"caption":"Erboristeria Demetra"},"image":{"@id":"https:\/\/www.erboristerie.com\/it\/#\/schema\/logo\/image\/"},"sameAs":["https:\/\/www.facebook.com\/erboristeria.demetra.online"]}]}},"_links":{"self":[{"href":"https:\/\/www.erboristerie.com\/it\/wp-json\/wp\/v2\/product\/61438","targetHints":{"allow":["GET"]}}],"collection":[{"href":"https:\/\/www.erboristerie.com\/it\/wp-json\/wp\/v2\/product"}],"about":[{"href":"https:\/\/www.erboristerie.com\/it\/wp-json\/wp\/v2\/types\/product"}],"wp:featuredmedia":[{"embeddable":true,"href":"https:\/\/www.erboristerie.com\/it\/wp-json\/wp\/v2\/media\/61439"}],"wp:attachment":[{"href":"https:\/\/www.erboristerie.com\/it\/wp-json\/wp\/v2\/media?parent=61438"}],"wp:term":[{"taxonomy":"product_brand","embeddable":true,"href":"https:\/\/www.erboristerie.com\/it\/wp-json\/wp\/v2\/product_brand?post=61438"},{"taxonomy":"product_cat","embeddable":true,"href":"https:\/\/www.erboristerie.com\/it\/wp-json\/wp\/v2\/product_cat?post=61438"},{"taxonomy":"product_tag","embeddable":true,"href":"https:\/\/www.erboristerie.com\/it\/wp-json\/wp\/v2\/product_tag?post=61438"},{"taxonomy":"giftcard-category","embeddable":true,"href":"https:\/\/www.erboristerie.com\/it\/wp-json\/wp\/v2\/giftcard-category?post=61438"}],"curies":[{"name":"wp","href":"https:\/\/api.w.org\/{rel}","templated":true}]}}