{"id":61234,"date":"2013-01-16T10:41:15","date_gmt":"2013-01-16T10:41:15","guid":{"rendered":"http:\/\/www.erboristerie.com\/?post_type=product&#038;p=61234"},"modified":"2026-02-04T12:04:47","modified_gmt":"2026-02-04T11:04:47","slug":"magnesio-e-potassio-24-compresse","status":"publish","type":"product","link":"https:\/\/www.erboristerie.com\/it\/prodotto\/magnesio-e-potassio-24-compresse\/","title":{"rendered":"MAGNESIO E POTASSIO 24 COMPRESSE"},"content":{"rendered":"<p>\n\tIl piacere di sentirsi bene dipende dal corretto svolgimento di tutte le funzioni metaboliche del nostro organismo, un\u2019attivit\u00e0 che richiede tutti i giorni un apporto equilibrato di sostanze nutritive e di piccole, ma indispensabili, quantit\u00e0 di sali minerali. Essi regolano infatti la maggior parte dei processi fisiologici difendendo il nostro benessere.<br \/>\n\tI due protagonisti campioni di benessere.<br \/>\n\tMagnesio e Potassio esercitano un ruolo di primo piano nel corretto svolgimento delle principali funzioni vitali. Il nostro organismo conta infatti sul Potassio, per garantire l\u2019efficienza del sistema nervoso e muscolare e soprattutto perch\u00e9 assicurato sia il giusto equilibrio di acqua e sali minerali a livello cellulare e in tutto il corpo. Il Magnesio attiva oltre 300 enzimi che regolano le pi\u00f9 importanti attivit\u00e0 metaboliche, \u00e8 fondamentale per la produzione di energia e favorisce un naturale rilassamento e un fisiologico recupero in caso di affaticamento fisico. Per un sostegno nei momenti di stanchezza e stress, o quando ci si dedica ai propri hobbies e si suda molto, \u00e8 pi\u00f9 che mai utile l\u2019intervento di questi sali minerali. Per un\u2019efficacia davvero unica e completa, la risposta Erbamea \u00e8 una formula doppiamente consigliabile, perch\u00e9 racchiude entrambi questi componenti: Magnesio &amp; Potassio.<br \/>\n\tPer stare bene, due \u00e8 meglio!<br \/>\n\tNumerose sono le fonti naturali di Potassio (verdura e frutta fresca, legumi secchi) e Magnesio (cacao, farina di soja, cereali integrali, frutta secca, molluschi), ma spesso scelte dietetiche non ben bilanciate non garantiscono un ottimale apporto di questi minerali. Ogni compressa di Magnesio &amp; Potassio di Erbamea contiene 670 mg di Fosfato di Potassio e 93,75 mg di Ossido di Magnesio, assieme ad un mix di estratti di frutta e verdura: Arancia, Mirtillo gigante americano, Mirtillo, Acerola, Carota, Spinacio, Barbabietola rossa, Cavolfiore e Zucca. Si suggerisce di assumere 2 compresse al giorno di questo integratore (per un apporto di Magnesio e Potassio pari al 30% della dose giornaliera consigliata: RDA) quando aumenta la richiesta di Potassio e Magnesio da parte dell\u2019organismo, che pu\u00f2 manifestarsi, ad esempio, con una sensazione di stanchezza, debolezza muscolare e crampi. E che slancio in caso di intensa attivit\u00e0 fisica!<\/p>\n","protected":false},"excerpt":{"rendered":"<p>Il piacere di sentirsi bene dipende dal corretto svolgimento di tutte le funzioni metaboliche del nostro organismo, un\u2019attivit\u00e0 che richiede tutti i giorni un apporto equilibrato di sostanze nutritive e di piccole, ma indispensabili, quantit\u00e0 di sali minerali. Essi regolano infatti la maggior parte dei&#8230;<\/p>\n","protected":false},"featured_media":61235,"template":"","meta":{"_acf_changed":false},"product_brand":[9617],"product_cat":[9799],"product_tag":[12861,10524,10608],"giftcard-category":[],"class_list":{"0":"post-61234","1":"product","2":"type-product","3":"status-publish","4":"has-post-thumbnail","6":"product_brand-erbamea","7":"product_cat-vitamine-e-minerali","8":"product_tag-compresse","9":"product_tag-magnesio","10":"product_tag-potassio","12":"first","13":"instock","14":"sale","15":"taxable","16":"shipping-taxable","17":"purchasable","18":"product-type-simple"},"acf":[],"yoast_head":"<!-- This site is optimized with the Yoast SEO plugin v24.9 - https:\/\/yoast.com\/wordpress\/plugins\/seo\/ -->\n<title>MAGNESIO E POTASSIO 24 COMPRESSE<\/title>\n<meta name=\"robots\" content=\"index, follow, max-snippet:-1, max-image-preview:large, max-video-preview:-1\" \/>\n<link rel=\"canonical\" href=\"https:\/\/www.erboristerie.com\/it\/prodotto\/magnesio-e-potassio-24-compresse\/\" \/>\n<meta property=\"og:locale\" content=\"it_IT\" \/>\n<meta property=\"og:type\" content=\"article\" \/>\n<meta property=\"og:title\" content=\"MAGNESIO E POTASSIO 24 COMPRESSE\" \/>\n<meta property=\"og:description\" content=\"Il piacere di sentirsi bene dipende dal corretto svolgimento di tutte le funzioni metaboliche del nostro organismo, un\u2019attivit\u00e0 che richiede tutti i giorni un apporto equilibrato di sostanze nutritive e di piccole, ma indispensabili, quantit\u00e0 di sali minerali. Essi regolano infatti la maggior parte dei...\" \/>\n<meta property=\"og:url\" content=\"https:\/\/www.erboristerie.com\/it\/prodotto\/magnesio-e-potassio-24-compresse\/\" \/>\n<meta property=\"og:site_name\" content=\"Erboristeria Demetra\" \/>\n<meta property=\"article:publisher\" content=\"https:\/\/www.facebook.com\/erboristeria.demetra.online\" \/>\n<meta property=\"article:modified_time\" content=\"2026-02-04T11:04:47+00:00\" \/>\n<meta property=\"og:image\" content=\"https:\/\/www.erboristerie.com\/wp-content\/uploads\/2019\/01\/products-00009090.jpg\" \/>\n\t<meta property=\"og:image:width\" content=\"720\" \/>\n\t<meta property=\"og:image:height\" content=\"268\" \/>\n\t<meta property=\"og:image:type\" content=\"image\/jpeg\" \/>\n<meta name=\"twitter:card\" content=\"summary_large_image\" \/>\n<meta name=\"twitter:label1\" content=\"Tempo di lettura stimato\" \/>\n\t<meta name=\"twitter:data1\" content=\"2 minuti\" \/>\n<script type=\"application\/ld+json\" class=\"yoast-schema-graph\">{\"@context\":\"https:\/\/schema.org\",\"@graph\":[{\"@type\":\"WebPage\",\"@id\":\"https:\/\/www.erboristerie.com\/it\/prodotto\/magnesio-e-potassio-24-compresse\/\",\"url\":\"https:\/\/www.erboristerie.com\/it\/prodotto\/magnesio-e-potassio-24-compresse\/\",\"name\":\"MAGNESIO E POTASSIO 24 COMPRESSE\",\"isPartOf\":{\"@id\":\"https:\/\/www.erboristerie.com\/it\/#website\"},\"primaryImageOfPage\":{\"@id\":\"https:\/\/www.erboristerie.com\/it\/prodotto\/magnesio-e-potassio-24-compresse\/#primaryimage\"},\"image\":{\"@id\":\"https:\/\/www.erboristerie.com\/it\/prodotto\/magnesio-e-potassio-24-compresse\/#primaryimage\"},\"thumbnailUrl\":\"https:\/\/www.erboristerie.com\/wp-content\/uploads\/2019\/01\/products-00009090.jpg\",\"datePublished\":\"2013-01-16T10:41:15+00:00\",\"dateModified\":\"2026-02-04T11:04:47+00:00\",\"breadcrumb\":{\"@id\":\"https:\/\/www.erboristerie.com\/it\/prodotto\/magnesio-e-potassio-24-compresse\/#breadcrumb\"},\"inLanguage\":\"it-IT\",\"potentialAction\":[{\"@type\":\"ReadAction\",\"target\":[\"https:\/\/www.erboristerie.com\/it\/prodotto\/magnesio-e-potassio-24-compresse\/\"]}]},{\"@type\":\"ImageObject\",\"inLanguage\":\"it-IT\",\"@id\":\"https:\/\/www.erboristerie.com\/it\/prodotto\/magnesio-e-potassio-24-compresse\/#primaryimage\",\"url\":\"https:\/\/www.erboristerie.com\/wp-content\/uploads\/2019\/01\/products-00009090.jpg\",\"contentUrl\":\"https:\/\/www.erboristerie.com\/wp-content\/uploads\/2019\/01\/products-00009090.jpg\",\"width\":\"720\",\"height\":\"268\",\"caption\":\"MAGNESIO E POTASSIO 24 COMPRESSE\"},{\"@type\":\"BreadcrumbList\",\"@id\":\"https:\/\/www.erboristerie.com\/it\/prodotto\/magnesio-e-potassio-24-compresse\/#breadcrumb\",\"itemListElement\":[{\"@type\":\"ListItem\",\"position\":1,\"name\":\"Home\",\"item\":\"https:\/\/www.erboristerie.com\/it\/\"},{\"@type\":\"ListItem\",\"position\":2,\"name\":\"Tutti i prodotti\",\"item\":\"https:\/\/www.erboristerie.com\/it\/tutti-i-prodotti\/\"},{\"@type\":\"ListItem\",\"position\":3,\"name\":\"MAGNESIO E POTASSIO 24 COMPRESSE\"}]},{\"@type\":\"WebSite\",\"@id\":\"https:\/\/www.erboristerie.com\/it\/#website\",\"url\":\"https:\/\/www.erboristerie.com\/it\/\",\"name\":\"Erboristeria Demetra\",\"description\":\"La tua salute al naturale\",\"publisher\":{\"@id\":\"https:\/\/www.erboristerie.com\/it\/#organization\"},\"potentialAction\":[{\"@type\":\"SearchAction\",\"target\":{\"@type\":\"EntryPoint\",\"urlTemplate\":\"https:\/\/www.erboristerie.com\/it\/?s={search_term_string}\"},\"query-input\":{\"@type\":\"PropertyValueSpecification\",\"valueRequired\":true,\"valueName\":\"search_term_string\"}}],\"inLanguage\":\"it-IT\"},{\"@type\":\"Organization\",\"@id\":\"https:\/\/www.erboristerie.com\/it\/#organization\",\"name\":\"Erboristeria Demetra\",\"url\":\"https:\/\/www.erboristerie.com\/it\/\",\"logo\":{\"@type\":\"ImageObject\",\"inLanguage\":\"it-IT\",\"@id\":\"https:\/\/www.erboristerie.com\/it\/#\/schema\/logo\/image\/\",\"url\":\"https:\/\/www.erboristerie.com\/wp-content\/uploads\/2019\/11\/LOGO_ERBORISTERIA_DEMETRA_original.png?v=1611516981\",\"contentUrl\":\"https:\/\/www.erboristerie.com\/wp-content\/uploads\/2019\/11\/LOGO_ERBORISTERIA_DEMETRA_original.png?v=1611516981\",\"width\":201,\"height\":54,\"caption\":\"Erboristeria Demetra\"},\"image\":{\"@id\":\"https:\/\/www.erboristerie.com\/it\/#\/schema\/logo\/image\/\"},\"sameAs\":[\"https:\/\/www.facebook.com\/erboristeria.demetra.online\"]}]}<\/script>\n<!-- \/ Yoast SEO plugin. -->","yoast_head_json":{"title":"MAGNESIO E POTASSIO 24 COMPRESSE","robots":{"index":"index","follow":"follow","max-snippet":"max-snippet:-1","max-image-preview":"max-image-preview:large","max-video-preview":"max-video-preview:-1"},"canonical":"https:\/\/www.erboristerie.com\/it\/prodotto\/magnesio-e-potassio-24-compresse\/","og_locale":"it_IT","og_type":"article","og_title":"MAGNESIO E POTASSIO 24 COMPRESSE","og_description":"Il piacere di sentirsi bene dipende dal corretto svolgimento di tutte le funzioni metaboliche del nostro organismo, un\u2019attivit\u00e0 che richiede tutti i giorni un apporto equilibrato di sostanze nutritive e di piccole, ma indispensabili, quantit\u00e0 di sali minerali. Essi regolano infatti la maggior parte dei...","og_url":"https:\/\/www.erboristerie.com\/it\/prodotto\/magnesio-e-potassio-24-compresse\/","og_site_name":"Erboristeria Demetra","article_publisher":"https:\/\/www.facebook.com\/erboristeria.demetra.online","article_modified_time":"2026-02-04T11:04:47+00:00","og_image":[{"width":720,"height":268,"url":"https:\/\/www.erboristerie.com\/wp-content\/uploads\/2019\/01\/products-00009090.jpg","type":"image\/jpeg"}],"twitter_card":"summary_large_image","twitter_misc":{"Tempo di lettura stimato":"2 minuti"},"schema":{"@context":"https:\/\/schema.org","@graph":[{"@type":"WebPage","@id":"https:\/\/www.erboristerie.com\/it\/prodotto\/magnesio-e-potassio-24-compresse\/","url":"https:\/\/www.erboristerie.com\/it\/prodotto\/magnesio-e-potassio-24-compresse\/","name":"MAGNESIO E POTASSIO 24 COMPRESSE","isPartOf":{"@id":"https:\/\/www.erboristerie.com\/it\/#website"},"primaryImageOfPage":{"@id":"https:\/\/www.erboristerie.com\/it\/prodotto\/magnesio-e-potassio-24-compresse\/#primaryimage"},"image":{"@id":"https:\/\/www.erboristerie.com\/it\/prodotto\/magnesio-e-potassio-24-compresse\/#primaryimage"},"thumbnailUrl":"https:\/\/www.erboristerie.com\/wp-content\/uploads\/2019\/01\/products-00009090.jpg","datePublished":"2013-01-16T10:41:15+00:00","dateModified":"2026-02-04T11:04:47+00:00","breadcrumb":{"@id":"https:\/\/www.erboristerie.com\/it\/prodotto\/magnesio-e-potassio-24-compresse\/#breadcrumb"},"inLanguage":"it-IT","potentialAction":[{"@type":"ReadAction","target":["https:\/\/www.erboristerie.com\/it\/prodotto\/magnesio-e-potassio-24-compresse\/"]}]},{"@type":"ImageObject","inLanguage":"it-IT","@id":"https:\/\/www.erboristerie.com\/it\/prodotto\/magnesio-e-potassio-24-compresse\/#primaryimage","url":"https:\/\/www.erboristerie.com\/wp-content\/uploads\/2019\/01\/products-00009090.jpg","contentUrl":"https:\/\/www.erboristerie.com\/wp-content\/uploads\/2019\/01\/products-00009090.jpg","width":"720","height":"268","caption":"MAGNESIO E POTASSIO 24 COMPRESSE"},{"@type":"BreadcrumbList","@id":"https:\/\/www.erboristerie.com\/it\/prodotto\/magnesio-e-potassio-24-compresse\/#breadcrumb","itemListElement":[{"@type":"ListItem","position":1,"name":"Home","item":"https:\/\/www.erboristerie.com\/it\/"},{"@type":"ListItem","position":2,"name":"Tutti i prodotti","item":"https:\/\/www.erboristerie.com\/it\/tutti-i-prodotti\/"},{"@type":"ListItem","position":3,"name":"MAGNESIO E POTASSIO 24 COMPRESSE"}]},{"@type":"WebSite","@id":"https:\/\/www.erboristerie.com\/it\/#website","url":"https:\/\/www.erboristerie.com\/it\/","name":"Erboristeria Demetra","description":"La tua salute al naturale","publisher":{"@id":"https:\/\/www.erboristerie.com\/it\/#organization"},"potentialAction":[{"@type":"SearchAction","target":{"@type":"EntryPoint","urlTemplate":"https:\/\/www.erboristerie.com\/it\/?s={search_term_string}"},"query-input":{"@type":"PropertyValueSpecification","valueRequired":true,"valueName":"search_term_string"}}],"inLanguage":"it-IT"},{"@type":"Organization","@id":"https:\/\/www.erboristerie.com\/it\/#organization","name":"Erboristeria Demetra","url":"https:\/\/www.erboristerie.com\/it\/","logo":{"@type":"ImageObject","inLanguage":"it-IT","@id":"https:\/\/www.erboristerie.com\/it\/#\/schema\/logo\/image\/","url":"https:\/\/www.erboristerie.com\/wp-content\/uploads\/2019\/11\/LOGO_ERBORISTERIA_DEMETRA_original.png?v=1611516981","contentUrl":"https:\/\/www.erboristerie.com\/wp-content\/uploads\/2019\/11\/LOGO_ERBORISTERIA_DEMETRA_original.png?v=1611516981","width":201,"height":54,"caption":"Erboristeria Demetra"},"image":{"@id":"https:\/\/www.erboristerie.com\/it\/#\/schema\/logo\/image\/"},"sameAs":["https:\/\/www.facebook.com\/erboristeria.demetra.online"]}]}},"_links":{"self":[{"href":"https:\/\/www.erboristerie.com\/it\/wp-json\/wp\/v2\/product\/61234","targetHints":{"allow":["GET"]}}],"collection":[{"href":"https:\/\/www.erboristerie.com\/it\/wp-json\/wp\/v2\/product"}],"about":[{"href":"https:\/\/www.erboristerie.com\/it\/wp-json\/wp\/v2\/types\/product"}],"wp:featuredmedia":[{"embeddable":true,"href":"https:\/\/www.erboristerie.com\/it\/wp-json\/wp\/v2\/media\/61235"}],"wp:attachment":[{"href":"https:\/\/www.erboristerie.com\/it\/wp-json\/wp\/v2\/media?parent=61234"}],"wp:term":[{"taxonomy":"product_brand","embeddable":true,"href":"https:\/\/www.erboristerie.com\/it\/wp-json\/wp\/v2\/product_brand?post=61234"},{"taxonomy":"product_cat","embeddable":true,"href":"https:\/\/www.erboristerie.com\/it\/wp-json\/wp\/v2\/product_cat?post=61234"},{"taxonomy":"product_tag","embeddable":true,"href":"https:\/\/www.erboristerie.com\/it\/wp-json\/wp\/v2\/product_tag?post=61234"},{"taxonomy":"giftcard-category","embeddable":true,"href":"https:\/\/www.erboristerie.com\/it\/wp-json\/wp\/v2\/giftcard-category?post=61234"}],"curies":[{"name":"wp","href":"https:\/\/api.w.org\/{rel}","templated":true}]}}