{"id":60578,"date":"2012-06-12T16:39:32","date_gmt":"2012-06-12T16:39:32","guid":{"rendered":"http:\/\/www.erboristerie.com\/?post_type=product&#038;p=60578"},"modified":"2026-02-04T12:04:47","modified_gmt":"2026-02-04T11:04:47","slug":"sinergicum-pilosella-ml-100-drenante","status":"publish","type":"product","link":"https:\/\/www.erboristerie.com\/it\/prodotto\/sinergicum-pilosella-ml-100-drenante\/","title":{"rendered":"SINERGICUM PILOSELLA ML 100 &#8211; DRENANTE"},"content":{"rendered":"<p>\n\tFormulazioni sinergiche di Estratti idroalcolici 1:5 (D\/S) e Macerati glicerinati (Gemmoderivati).<br \/>\n\tFlacone in vetro da 100 ml con pompetta contagocce.&nbsp;I Sinergicum sono formulazioni&nbsp;pronte, per garantire la massima efficacia, coniugando l\u2019attivit\u00e0 di pi\u00f9 piante medicinali, che concorrono sinergicamente per raggiungere lo stesso obiettivo di benessere. In questo modo \u00e8 possibile mettere insieme ogni volta le forme estrattive pi\u00f9 adatte di ciascuna pianta e raggiungere il dosaggio pi\u00f9 efficace per le pi\u00f9 diverse esigenze. Nei SINERGICUM fluidi, presentati in flacone di vetro bruno con pompetta contagocce, sono associati estratti idroalcolici 1:5 (rapporto tra pianta da estrarre e alcol) e gemmoderivati.<\/p>\n<p>\n\t<strong>SINERGICUM PILOSELLA PER AGEVOLARE L&#8217;ELIMINAZIONE DEI LIQUIDI<\/strong><br \/>\n\tContiene<\/p>\n<ul>\n<li>\n\t\tPilosella<\/li>\n<li>\n\t\tVerga D&#8217;oro &#8211; Solidagine<\/li>\n<li>\n\t\tSpirea Ulmaria<\/li>\n<li>\n\t\tMais barbe<\/li>\n<li>\n\t\tBetulla<\/li>\n<li>\n\t\tFaggio<\/li>\n<\/ul>\n<p>\n\tIl dosaggio suggerito \u00e8 di 60 gocce da diluire in poca acqua, 2 volte al giorno.<\/p>\n","protected":false},"excerpt":{"rendered":"<p>Formulazioni sinergiche di Estratti idroalcolici 1:5 (D\/S) e Macerati glicerinati (Gemmoderivati). Flacone in vetro da 100 ml con pompetta contagocce.&nbsp;I Sinergicum sono formulazioni&nbsp;pronte, per garantire la massima efficacia, coniugando l\u2019attivit\u00e0 di pi\u00f9 piante medicinali, che concorrono sinergicamente per raggiungere lo stesso obiettivo di benessere. In&#8230;<\/p>\n","protected":false},"featured_media":60571,"template":"","meta":{"_acf_changed":false},"product_brand":[9617],"product_cat":[9867],"product_tag":[11884,11653,14419],"giftcard-category":[],"class_list":{"0":"post-60578","1":"product","2":"type-product","3":"status-publish","4":"has-post-thumbnail","6":"product_brand-erbamea","7":"product_cat-drenaggio-e-depurazione","8":"product_tag-drenante","9":"product_tag-pilosella","10":"product_tag-sinergicum","12":"first","13":"instock","14":"sale","15":"taxable","16":"shipping-taxable","17":"purchasable","18":"product-type-simple"},"acf":[],"yoast_head":"<!-- This site is optimized with the Yoast SEO plugin v24.9 - https:\/\/yoast.com\/wordpress\/plugins\/seo\/ -->\n<title>SINERGICUM PILOSELLA ML 100 - DRENANTE<\/title>\n<meta name=\"robots\" content=\"index, follow, max-snippet:-1, max-image-preview:large, max-video-preview:-1\" \/>\n<link rel=\"canonical\" href=\"https:\/\/www.erboristerie.com\/it\/prodotto\/sinergicum-pilosella-ml-100-drenante\/\" \/>\n<meta property=\"og:locale\" content=\"it_IT\" \/>\n<meta property=\"og:type\" content=\"article\" \/>\n<meta property=\"og:title\" content=\"SINERGICUM PILOSELLA ML 100 - DRENANTE\" \/>\n<meta property=\"og:description\" content=\"Formulazioni sinergiche di Estratti idroalcolici 1:5 (D\/S) e Macerati glicerinati (Gemmoderivati). Flacone in vetro da 100 ml con pompetta contagocce.&nbsp;I Sinergicum sono formulazioni&nbsp;pronte, per garantire la massima efficacia, coniugando l\u2019attivit\u00e0 di pi\u00f9 piante medicinali, che concorrono sinergicamente per raggiungere lo stesso obiettivo di benessere. In...\" \/>\n<meta property=\"og:url\" content=\"https:\/\/www.erboristerie.com\/it\/prodotto\/sinergicum-pilosella-ml-100-drenante\/\" \/>\n<meta property=\"og:site_name\" content=\"Erboristeria Demetra\" \/>\n<meta property=\"article:publisher\" content=\"https:\/\/www.facebook.com\/erboristeria.demetra.online\" \/>\n<meta property=\"article:modified_time\" content=\"2026-02-04T11:04:47+00:00\" \/>\n<meta property=\"og:image\" content=\"https:\/\/www.erboristerie.com\/wp-content\/uploads\/2019\/01\/products-_ERBAMEASINERGICUM.jpg\" \/>\n\t<meta property=\"og:image:width\" content=\"406\" \/>\n\t<meta property=\"og:image:height\" content=\"292\" \/>\n\t<meta property=\"og:image:type\" content=\"image\/jpeg\" \/>\n<meta name=\"twitter:card\" content=\"summary_large_image\" \/>\n<meta name=\"twitter:label1\" content=\"Tempo di lettura stimato\" \/>\n\t<meta name=\"twitter:data1\" content=\"1 minuto\" \/>\n<script type=\"application\/ld+json\" class=\"yoast-schema-graph\">{\"@context\":\"https:\/\/schema.org\",\"@graph\":[{\"@type\":\"WebPage\",\"@id\":\"https:\/\/www.erboristerie.com\/it\/prodotto\/sinergicum-pilosella-ml-100-drenante\/\",\"url\":\"https:\/\/www.erboristerie.com\/it\/prodotto\/sinergicum-pilosella-ml-100-drenante\/\",\"name\":\"SINERGICUM PILOSELLA ML 100 - DRENANTE\",\"isPartOf\":{\"@id\":\"https:\/\/www.erboristerie.com\/it\/#website\"},\"primaryImageOfPage\":{\"@id\":\"https:\/\/www.erboristerie.com\/it\/prodotto\/sinergicum-pilosella-ml-100-drenante\/#primaryimage\"},\"image\":{\"@id\":\"https:\/\/www.erboristerie.com\/it\/prodotto\/sinergicum-pilosella-ml-100-drenante\/#primaryimage\"},\"thumbnailUrl\":\"https:\/\/www.erboristerie.com\/wp-content\/uploads\/2019\/01\/products-_ERBAMEASINERGICUM.jpg\",\"datePublished\":\"2012-06-12T16:39:32+00:00\",\"dateModified\":\"2026-02-04T11:04:47+00:00\",\"breadcrumb\":{\"@id\":\"https:\/\/www.erboristerie.com\/it\/prodotto\/sinergicum-pilosella-ml-100-drenante\/#breadcrumb\"},\"inLanguage\":\"it-IT\",\"potentialAction\":[{\"@type\":\"ReadAction\",\"target\":[\"https:\/\/www.erboristerie.com\/it\/prodotto\/sinergicum-pilosella-ml-100-drenante\/\"]}]},{\"@type\":\"ImageObject\",\"inLanguage\":\"it-IT\",\"@id\":\"https:\/\/www.erboristerie.com\/it\/prodotto\/sinergicum-pilosella-ml-100-drenante\/#primaryimage\",\"url\":\"https:\/\/www.erboristerie.com\/wp-content\/uploads\/2019\/01\/products-_ERBAMEASINERGICUM.jpg\",\"contentUrl\":\"https:\/\/www.erboristerie.com\/wp-content\/uploads\/2019\/01\/products-_ERBAMEASINERGICUM.jpg\",\"width\":\"406\",\"height\":\"292\",\"caption\":\"SINERGICUM VITE ROSSA ML 100 - CIRCOLAZIONE VENE\"},{\"@type\":\"BreadcrumbList\",\"@id\":\"https:\/\/www.erboristerie.com\/it\/prodotto\/sinergicum-pilosella-ml-100-drenante\/#breadcrumb\",\"itemListElement\":[{\"@type\":\"ListItem\",\"position\":1,\"name\":\"Home\",\"item\":\"https:\/\/www.erboristerie.com\/it\/\"},{\"@type\":\"ListItem\",\"position\":2,\"name\":\"Tutti i prodotti\",\"item\":\"https:\/\/www.erboristerie.com\/it\/tutti-i-prodotti\/\"},{\"@type\":\"ListItem\",\"position\":3,\"name\":\"SINERGICUM PILOSELLA ML 100 &#8211; DRENANTE\"}]},{\"@type\":\"WebSite\",\"@id\":\"https:\/\/www.erboristerie.com\/it\/#website\",\"url\":\"https:\/\/www.erboristerie.com\/it\/\",\"name\":\"Erboristeria Demetra\",\"description\":\"La tua salute al naturale\",\"publisher\":{\"@id\":\"https:\/\/www.erboristerie.com\/it\/#organization\"},\"potentialAction\":[{\"@type\":\"SearchAction\",\"target\":{\"@type\":\"EntryPoint\",\"urlTemplate\":\"https:\/\/www.erboristerie.com\/it\/?s={search_term_string}\"},\"query-input\":{\"@type\":\"PropertyValueSpecification\",\"valueRequired\":true,\"valueName\":\"search_term_string\"}}],\"inLanguage\":\"it-IT\"},{\"@type\":\"Organization\",\"@id\":\"https:\/\/www.erboristerie.com\/it\/#organization\",\"name\":\"Erboristeria Demetra\",\"url\":\"https:\/\/www.erboristerie.com\/it\/\",\"logo\":{\"@type\":\"ImageObject\",\"inLanguage\":\"it-IT\",\"@id\":\"https:\/\/www.erboristerie.com\/it\/#\/schema\/logo\/image\/\",\"url\":\"https:\/\/www.erboristerie.com\/wp-content\/uploads\/2019\/11\/LOGO_ERBORISTERIA_DEMETRA_original.png?v=1611516981\",\"contentUrl\":\"https:\/\/www.erboristerie.com\/wp-content\/uploads\/2019\/11\/LOGO_ERBORISTERIA_DEMETRA_original.png?v=1611516981\",\"width\":201,\"height\":54,\"caption\":\"Erboristeria Demetra\"},\"image\":{\"@id\":\"https:\/\/www.erboristerie.com\/it\/#\/schema\/logo\/image\/\"},\"sameAs\":[\"https:\/\/www.facebook.com\/erboristeria.demetra.online\"]}]}<\/script>\n<!-- \/ Yoast SEO plugin. -->","yoast_head_json":{"title":"SINERGICUM PILOSELLA ML 100 - DRENANTE","robots":{"index":"index","follow":"follow","max-snippet":"max-snippet:-1","max-image-preview":"max-image-preview:large","max-video-preview":"max-video-preview:-1"},"canonical":"https:\/\/www.erboristerie.com\/it\/prodotto\/sinergicum-pilosella-ml-100-drenante\/","og_locale":"it_IT","og_type":"article","og_title":"SINERGICUM PILOSELLA ML 100 - DRENANTE","og_description":"Formulazioni sinergiche di Estratti idroalcolici 1:5 (D\/S) e Macerati glicerinati (Gemmoderivati). Flacone in vetro da 100 ml con pompetta contagocce.&nbsp;I Sinergicum sono formulazioni&nbsp;pronte, per garantire la massima efficacia, coniugando l\u2019attivit\u00e0 di pi\u00f9 piante medicinali, che concorrono sinergicamente per raggiungere lo stesso obiettivo di benessere. In...","og_url":"https:\/\/www.erboristerie.com\/it\/prodotto\/sinergicum-pilosella-ml-100-drenante\/","og_site_name":"Erboristeria Demetra","article_publisher":"https:\/\/www.facebook.com\/erboristeria.demetra.online","article_modified_time":"2026-02-04T11:04:47+00:00","og_image":[{"width":406,"height":292,"url":"https:\/\/www.erboristerie.com\/wp-content\/uploads\/2019\/01\/products-_ERBAMEASINERGICUM.jpg","type":"image\/jpeg"}],"twitter_card":"summary_large_image","twitter_misc":{"Tempo di lettura stimato":"1 minuto"},"schema":{"@context":"https:\/\/schema.org","@graph":[{"@type":"WebPage","@id":"https:\/\/www.erboristerie.com\/it\/prodotto\/sinergicum-pilosella-ml-100-drenante\/","url":"https:\/\/www.erboristerie.com\/it\/prodotto\/sinergicum-pilosella-ml-100-drenante\/","name":"SINERGICUM PILOSELLA ML 100 - DRENANTE","isPartOf":{"@id":"https:\/\/www.erboristerie.com\/it\/#website"},"primaryImageOfPage":{"@id":"https:\/\/www.erboristerie.com\/it\/prodotto\/sinergicum-pilosella-ml-100-drenante\/#primaryimage"},"image":{"@id":"https:\/\/www.erboristerie.com\/it\/prodotto\/sinergicum-pilosella-ml-100-drenante\/#primaryimage"},"thumbnailUrl":"https:\/\/www.erboristerie.com\/wp-content\/uploads\/2019\/01\/products-_ERBAMEASINERGICUM.jpg","datePublished":"2012-06-12T16:39:32+00:00","dateModified":"2026-02-04T11:04:47+00:00","breadcrumb":{"@id":"https:\/\/www.erboristerie.com\/it\/prodotto\/sinergicum-pilosella-ml-100-drenante\/#breadcrumb"},"inLanguage":"it-IT","potentialAction":[{"@type":"ReadAction","target":["https:\/\/www.erboristerie.com\/it\/prodotto\/sinergicum-pilosella-ml-100-drenante\/"]}]},{"@type":"ImageObject","inLanguage":"it-IT","@id":"https:\/\/www.erboristerie.com\/it\/prodotto\/sinergicum-pilosella-ml-100-drenante\/#primaryimage","url":"https:\/\/www.erboristerie.com\/wp-content\/uploads\/2019\/01\/products-_ERBAMEASINERGICUM.jpg","contentUrl":"https:\/\/www.erboristerie.com\/wp-content\/uploads\/2019\/01\/products-_ERBAMEASINERGICUM.jpg","width":"406","height":"292","caption":"SINERGICUM VITE ROSSA ML 100 - CIRCOLAZIONE VENE"},{"@type":"BreadcrumbList","@id":"https:\/\/www.erboristerie.com\/it\/prodotto\/sinergicum-pilosella-ml-100-drenante\/#breadcrumb","itemListElement":[{"@type":"ListItem","position":1,"name":"Home","item":"https:\/\/www.erboristerie.com\/it\/"},{"@type":"ListItem","position":2,"name":"Tutti i prodotti","item":"https:\/\/www.erboristerie.com\/it\/tutti-i-prodotti\/"},{"@type":"ListItem","position":3,"name":"SINERGICUM PILOSELLA ML 100 &#8211; DRENANTE"}]},{"@type":"WebSite","@id":"https:\/\/www.erboristerie.com\/it\/#website","url":"https:\/\/www.erboristerie.com\/it\/","name":"Erboristeria Demetra","description":"La tua salute al naturale","publisher":{"@id":"https:\/\/www.erboristerie.com\/it\/#organization"},"potentialAction":[{"@type":"SearchAction","target":{"@type":"EntryPoint","urlTemplate":"https:\/\/www.erboristerie.com\/it\/?s={search_term_string}"},"query-input":{"@type":"PropertyValueSpecification","valueRequired":true,"valueName":"search_term_string"}}],"inLanguage":"it-IT"},{"@type":"Organization","@id":"https:\/\/www.erboristerie.com\/it\/#organization","name":"Erboristeria Demetra","url":"https:\/\/www.erboristerie.com\/it\/","logo":{"@type":"ImageObject","inLanguage":"it-IT","@id":"https:\/\/www.erboristerie.com\/it\/#\/schema\/logo\/image\/","url":"https:\/\/www.erboristerie.com\/wp-content\/uploads\/2019\/11\/LOGO_ERBORISTERIA_DEMETRA_original.png?v=1611516981","contentUrl":"https:\/\/www.erboristerie.com\/wp-content\/uploads\/2019\/11\/LOGO_ERBORISTERIA_DEMETRA_original.png?v=1611516981","width":201,"height":54,"caption":"Erboristeria Demetra"},"image":{"@id":"https:\/\/www.erboristerie.com\/it\/#\/schema\/logo\/image\/"},"sameAs":["https:\/\/www.facebook.com\/erboristeria.demetra.online"]}]}},"_links":{"self":[{"href":"https:\/\/www.erboristerie.com\/it\/wp-json\/wp\/v2\/product\/60578","targetHints":{"allow":["GET"]}}],"collection":[{"href":"https:\/\/www.erboristerie.com\/it\/wp-json\/wp\/v2\/product"}],"about":[{"href":"https:\/\/www.erboristerie.com\/it\/wp-json\/wp\/v2\/types\/product"}],"wp:featuredmedia":[{"embeddable":true,"href":"https:\/\/www.erboristerie.com\/it\/wp-json\/wp\/v2\/media\/60571"}],"wp:attachment":[{"href":"https:\/\/www.erboristerie.com\/it\/wp-json\/wp\/v2\/media?parent=60578"}],"wp:term":[{"taxonomy":"product_brand","embeddable":true,"href":"https:\/\/www.erboristerie.com\/it\/wp-json\/wp\/v2\/product_brand?post=60578"},{"taxonomy":"product_cat","embeddable":true,"href":"https:\/\/www.erboristerie.com\/it\/wp-json\/wp\/v2\/product_cat?post=60578"},{"taxonomy":"product_tag","embeddable":true,"href":"https:\/\/www.erboristerie.com\/it\/wp-json\/wp\/v2\/product_tag?post=60578"},{"taxonomy":"giftcard-category","embeddable":true,"href":"https:\/\/www.erboristerie.com\/it\/wp-json\/wp\/v2\/giftcard-category?post=60578"}],"curies":[{"name":"wp","href":"https:\/\/api.w.org\/{rel}","templated":true}]}}