{"id":60530,"date":"2012-05-25T17:49:59","date_gmt":"2012-05-25T15:49:59","guid":{"rendered":"http:\/\/www.erboristerie.com\/?post_type=product&#038;p=60530"},"modified":"2026-01-26T18:31:21","modified_gmt":"2026-01-26T17:31:21","slug":"carta-aromatica-d-eritrea-confezione-60-listelli","status":"publish","type":"product","link":"https:\/\/www.erboristerie.com\/it\/prodotto\/carta-aromatica-d-eritrea-confezione-60-listelli\/","title":{"rendered":"Carta Aromatica d&#8217;Eritrea confezione 60 listelli"},"content":{"rendered":"<p><strong>Carta Aromatica d&#8217; Eritrea confezione 60 listelli<\/strong><\/p>\n<p>Prodotto altamente ecologico creato nel 1927 dal dott. V. Casanova farmacista in Genova.<\/p>\n<p>la Carta Aromatica d\u2019Eritrea\u00ae viene realizzata da un mix di <strong>muschi<\/strong>, <strong>resine<\/strong> e oltre <strong>30 oli essenziali naturali<\/strong>, la maggioranza dei quali di origine Africana ed Asiatica. Le resine ancora oggi vengono polverizzate a mano nel mortaio e lasciate per settimane in infusione in una soluzione idroalcolica.<\/p>\n<p>La carta bibula composta da cellulosa pura viene imbevuta con il miscuglio finale, e dopo l\u2019asciugatura viene tagliata e fustellata per realizzare i classici \u201clibretti\u201d.<\/p>\n<p>Il profumo straordinario della Carta Aromatica d\u2019Eritrea\u00ae sprigionato dalla combustione dei listelli \u00e8 ottenuto senza l\u2019utilizzo di coloranti artificiali, n\u00e9 di fragranze ricostruite in laboratorio.<\/p>\n<p>Accendendo un listello di Carta Aromatica d&#8217;Eritrea si profuma ogni ambiente, senza arrecare danno all&#8217;atmosfera.<\/p>\n<p>Gli oli essenziali e le resine naturali che la compongono hanno effetti benefici per la loro azione sedativa e rivitalizzante: <strong>aiutano a rilassarsi, a combattere la stanchezza, a migliorare la capacit\u00e0 di apprendimento stimolando la concentrazione.<\/strong><\/p>\n<p>Ma dove la Carta Aromatica d&#8217;Eritrea \u00e8 veramente insostituibile \u00e8 nelle camere dove si soggiorna molto e nelle stanze dei malati perch\u00e9 ha <strong>propriet\u00e0 di disinfettante e antisettico<\/strong>.<\/p>\n<p>La Carta Aromatica d&#8217;Eritrea <strong>non copre gli odori, li elimina<\/strong>, soprattutto l&#8217;odore del <strong>fumo<\/strong>&#8230;.. e d&#8217;estate, <strong>allontana le zanzare<\/strong>!<\/p>\n<p><strong>Modalit\u00e0 d&#8217;uso<\/strong><\/p>\n<p>Si accende ad una estremit\u00e0, un listello di Carta Aromatica d&#8217;Eritrea, che brucer\u00e0 lentamente, profumando e purificando l&#8217;ambiente.<\/p>\n","protected":false},"excerpt":{"rendered":"<p>Carta Aromatica d&#8217; Eritrea confezione 60 listelli Prodotto altamente ecologico creato nel 1927 dal dott. V. Casanova farmacista in Genova. la Carta Aromatica d\u2019Eritrea\u00ae viene realizzata da un mix di muschi, resine e oltre 30 oli essenziali naturali, la maggioranza dei quali di origine Africana&#8230;<\/p>\n","protected":false},"featured_media":108277,"template":"","meta":{"_acf_changed":false},"product_brand":[9608],"product_cat":[9719],"product_tag":[11969,11967,11966,11968],"giftcard-category":[],"class_list":{"0":"post-60530","1":"product","2":"type-product","3":"status-publish","4":"has-post-thumbnail","6":"product_brand-casanova-farmaceutici","7":"product_cat-diffusori-profumi-ambiente","8":"product_tag-aromatica","9":"product_tag-carta","10":"product_tag-eritrea","11":"product_tag-listelli","13":"first","14":"instock","15":"sale","16":"taxable","17":"shipping-taxable","18":"purchasable","19":"product-type-simple"},"acf":[],"yoast_head":"<!-- This site is optimized with the Yoast SEO plugin v24.9 - https:\/\/yoast.com\/wordpress\/plugins\/seo\/ -->\n<title>Carta Aromatica d&#039;Eritrea confezione 60 listelli - Erboristeria Demetra<\/title>\n<meta name=\"description\" content=\"Non copre gli odori, li rimuove! La Carta Aromatica d\u2019Eritrea viene realizzata da un mix di muschi, resine e oltre 30 oli essenziali naturali.\" \/>\n<meta name=\"robots\" content=\"index, follow, max-snippet:-1, max-image-preview:large, max-video-preview:-1\" \/>\n<link rel=\"canonical\" href=\"https:\/\/www.erboristerie.com\/it\/prodotto\/carta-aromatica-d-eritrea-confezione-60-listelli\/\" \/>\n<meta property=\"og:locale\" content=\"it_IT\" \/>\n<meta property=\"og:type\" content=\"article\" \/>\n<meta property=\"og:title\" content=\"Carta Aromatica d&#039;Eritrea confezione 60 listelli - Erboristeria Demetra\" \/>\n<meta property=\"og:description\" content=\"Non copre gli odori, li rimuove! La Carta Aromatica d\u2019Eritrea viene realizzata da un mix di muschi, resine e oltre 30 oli essenziali naturali.\" \/>\n<meta property=\"og:url\" content=\"https:\/\/www.erboristerie.com\/it\/prodotto\/carta-aromatica-d-eritrea-confezione-60-listelli\/\" \/>\n<meta property=\"og:site_name\" content=\"Erboristeria Demetra\" \/>\n<meta property=\"article:publisher\" content=\"https:\/\/www.facebook.com\/erboristeria.demetra.online\" \/>\n<meta property=\"article:modified_time\" content=\"2026-01-26T17:31:21+00:00\" \/>\n<meta property=\"og:image\" content=\"https:\/\/www.erboristerie.com\/wp-content\/uploads\/2012\/05\/00008833.jpg?v=1611515994\" \/>\n\t<meta property=\"og:image:width\" content=\"604\" \/>\n\t<meta property=\"og:image:height\" content=\"566\" \/>\n\t<meta property=\"og:image:type\" content=\"image\/jpeg\" \/>\n<meta name=\"twitter:card\" content=\"summary_large_image\" \/>\n<meta name=\"twitter:label1\" content=\"Tempo di lettura stimato\" \/>\n\t<meta name=\"twitter:data1\" content=\"2 minuti\" \/>\n<script type=\"application\/ld+json\" class=\"yoast-schema-graph\">{\"@context\":\"https:\/\/schema.org\",\"@graph\":[{\"@type\":\"WebPage\",\"@id\":\"https:\/\/www.erboristerie.com\/it\/prodotto\/carta-aromatica-d-eritrea-confezione-60-listelli\/\",\"url\":\"https:\/\/www.erboristerie.com\/it\/prodotto\/carta-aromatica-d-eritrea-confezione-60-listelli\/\",\"name\":\"Carta Aromatica d'Eritrea confezione 60 listelli - Erboristeria Demetra\",\"isPartOf\":{\"@id\":\"https:\/\/www.erboristerie.com\/it\/#website\"},\"primaryImageOfPage\":{\"@id\":\"https:\/\/www.erboristerie.com\/it\/prodotto\/carta-aromatica-d-eritrea-confezione-60-listelli\/#primaryimage\"},\"image\":{\"@id\":\"https:\/\/www.erboristerie.com\/it\/prodotto\/carta-aromatica-d-eritrea-confezione-60-listelli\/#primaryimage\"},\"thumbnailUrl\":\"https:\/\/www.erboristerie.com\/wp-content\/uploads\/2012\/05\/00008833.jpg?v=1611515994\",\"datePublished\":\"2012-05-25T15:49:59+00:00\",\"dateModified\":\"2026-01-26T17:31:21+00:00\",\"description\":\"Non copre gli odori, li rimuove! La Carta Aromatica d\u2019Eritrea viene realizzata da un mix di muschi, resine e oltre 30 oli essenziali naturali.\",\"breadcrumb\":{\"@id\":\"https:\/\/www.erboristerie.com\/it\/prodotto\/carta-aromatica-d-eritrea-confezione-60-listelli\/#breadcrumb\"},\"inLanguage\":\"it-IT\",\"potentialAction\":[{\"@type\":\"ReadAction\",\"target\":[\"https:\/\/www.erboristerie.com\/it\/prodotto\/carta-aromatica-d-eritrea-confezione-60-listelli\/\"]}]},{\"@type\":\"ImageObject\",\"inLanguage\":\"it-IT\",\"@id\":\"https:\/\/www.erboristerie.com\/it\/prodotto\/carta-aromatica-d-eritrea-confezione-60-listelli\/#primaryimage\",\"url\":\"https:\/\/www.erboristerie.com\/wp-content\/uploads\/2012\/05\/00008833.jpg?v=1611515994\",\"contentUrl\":\"https:\/\/www.erboristerie.com\/wp-content\/uploads\/2012\/05\/00008833.jpg?v=1611515994\",\"width\":604,\"height\":566},{\"@type\":\"BreadcrumbList\",\"@id\":\"https:\/\/www.erboristerie.com\/it\/prodotto\/carta-aromatica-d-eritrea-confezione-60-listelli\/#breadcrumb\",\"itemListElement\":[{\"@type\":\"ListItem\",\"position\":1,\"name\":\"Home\",\"item\":\"https:\/\/www.erboristerie.com\/it\/\"},{\"@type\":\"ListItem\",\"position\":2,\"name\":\"Tutti i prodotti\",\"item\":\"https:\/\/www.erboristerie.com\/it\/tutti-i-prodotti\/\"},{\"@type\":\"ListItem\",\"position\":3,\"name\":\"Carta Aromatica d&#8217;Eritrea confezione 60 listelli\"}]},{\"@type\":\"WebSite\",\"@id\":\"https:\/\/www.erboristerie.com\/it\/#website\",\"url\":\"https:\/\/www.erboristerie.com\/it\/\",\"name\":\"Erboristeria Demetra\",\"description\":\"La tua salute al naturale\",\"publisher\":{\"@id\":\"https:\/\/www.erboristerie.com\/it\/#organization\"},\"potentialAction\":[{\"@type\":\"SearchAction\",\"target\":{\"@type\":\"EntryPoint\",\"urlTemplate\":\"https:\/\/www.erboristerie.com\/it\/?s={search_term_string}\"},\"query-input\":{\"@type\":\"PropertyValueSpecification\",\"valueRequired\":true,\"valueName\":\"search_term_string\"}}],\"inLanguage\":\"it-IT\"},{\"@type\":\"Organization\",\"@id\":\"https:\/\/www.erboristerie.com\/it\/#organization\",\"name\":\"Erboristeria Demetra\",\"url\":\"https:\/\/www.erboristerie.com\/it\/\",\"logo\":{\"@type\":\"ImageObject\",\"inLanguage\":\"it-IT\",\"@id\":\"https:\/\/www.erboristerie.com\/it\/#\/schema\/logo\/image\/\",\"url\":\"https:\/\/www.erboristerie.com\/wp-content\/uploads\/2019\/11\/LOGO_ERBORISTERIA_DEMETRA_original.png?v=1611516981\",\"contentUrl\":\"https:\/\/www.erboristerie.com\/wp-content\/uploads\/2019\/11\/LOGO_ERBORISTERIA_DEMETRA_original.png?v=1611516981\",\"width\":201,\"height\":54,\"caption\":\"Erboristeria Demetra\"},\"image\":{\"@id\":\"https:\/\/www.erboristerie.com\/it\/#\/schema\/logo\/image\/\"},\"sameAs\":[\"https:\/\/www.facebook.com\/erboristeria.demetra.online\"]}]}<\/script>\n<!-- \/ Yoast SEO plugin. -->","yoast_head_json":{"title":"Carta Aromatica d'Eritrea confezione 60 listelli - Erboristeria Demetra","description":"Non copre gli odori, li rimuove! La Carta Aromatica d\u2019Eritrea viene realizzata da un mix di muschi, resine e oltre 30 oli essenziali naturali.","robots":{"index":"index","follow":"follow","max-snippet":"max-snippet:-1","max-image-preview":"max-image-preview:large","max-video-preview":"max-video-preview:-1"},"canonical":"https:\/\/www.erboristerie.com\/it\/prodotto\/carta-aromatica-d-eritrea-confezione-60-listelli\/","og_locale":"it_IT","og_type":"article","og_title":"Carta Aromatica d'Eritrea confezione 60 listelli - Erboristeria Demetra","og_description":"Non copre gli odori, li rimuove! La Carta Aromatica d\u2019Eritrea viene realizzata da un mix di muschi, resine e oltre 30 oli essenziali naturali.","og_url":"https:\/\/www.erboristerie.com\/it\/prodotto\/carta-aromatica-d-eritrea-confezione-60-listelli\/","og_site_name":"Erboristeria Demetra","article_publisher":"https:\/\/www.facebook.com\/erboristeria.demetra.online","article_modified_time":"2026-01-26T17:31:21+00:00","og_image":[{"width":604,"height":566,"url":"https:\/\/www.erboristerie.com\/wp-content\/uploads\/2012\/05\/00008833.jpg?v=1611515994","type":"image\/jpeg"}],"twitter_card":"summary_large_image","twitter_misc":{"Tempo di lettura stimato":"2 minuti"},"schema":{"@context":"https:\/\/schema.org","@graph":[{"@type":"WebPage","@id":"https:\/\/www.erboristerie.com\/it\/prodotto\/carta-aromatica-d-eritrea-confezione-60-listelli\/","url":"https:\/\/www.erboristerie.com\/it\/prodotto\/carta-aromatica-d-eritrea-confezione-60-listelli\/","name":"Carta Aromatica d'Eritrea confezione 60 listelli - Erboristeria Demetra","isPartOf":{"@id":"https:\/\/www.erboristerie.com\/it\/#website"},"primaryImageOfPage":{"@id":"https:\/\/www.erboristerie.com\/it\/prodotto\/carta-aromatica-d-eritrea-confezione-60-listelli\/#primaryimage"},"image":{"@id":"https:\/\/www.erboristerie.com\/it\/prodotto\/carta-aromatica-d-eritrea-confezione-60-listelli\/#primaryimage"},"thumbnailUrl":"https:\/\/www.erboristerie.com\/wp-content\/uploads\/2012\/05\/00008833.jpg?v=1611515994","datePublished":"2012-05-25T15:49:59+00:00","dateModified":"2026-01-26T17:31:21+00:00","description":"Non copre gli odori, li rimuove! La Carta Aromatica d\u2019Eritrea viene realizzata da un mix di muschi, resine e oltre 30 oli essenziali naturali.","breadcrumb":{"@id":"https:\/\/www.erboristerie.com\/it\/prodotto\/carta-aromatica-d-eritrea-confezione-60-listelli\/#breadcrumb"},"inLanguage":"it-IT","potentialAction":[{"@type":"ReadAction","target":["https:\/\/www.erboristerie.com\/it\/prodotto\/carta-aromatica-d-eritrea-confezione-60-listelli\/"]}]},{"@type":"ImageObject","inLanguage":"it-IT","@id":"https:\/\/www.erboristerie.com\/it\/prodotto\/carta-aromatica-d-eritrea-confezione-60-listelli\/#primaryimage","url":"https:\/\/www.erboristerie.com\/wp-content\/uploads\/2012\/05\/00008833.jpg?v=1611515994","contentUrl":"https:\/\/www.erboristerie.com\/wp-content\/uploads\/2012\/05\/00008833.jpg?v=1611515994","width":604,"height":566},{"@type":"BreadcrumbList","@id":"https:\/\/www.erboristerie.com\/it\/prodotto\/carta-aromatica-d-eritrea-confezione-60-listelli\/#breadcrumb","itemListElement":[{"@type":"ListItem","position":1,"name":"Home","item":"https:\/\/www.erboristerie.com\/it\/"},{"@type":"ListItem","position":2,"name":"Tutti i prodotti","item":"https:\/\/www.erboristerie.com\/it\/tutti-i-prodotti\/"},{"@type":"ListItem","position":3,"name":"Carta Aromatica d&#8217;Eritrea confezione 60 listelli"}]},{"@type":"WebSite","@id":"https:\/\/www.erboristerie.com\/it\/#website","url":"https:\/\/www.erboristerie.com\/it\/","name":"Erboristeria Demetra","description":"La tua salute al naturale","publisher":{"@id":"https:\/\/www.erboristerie.com\/it\/#organization"},"potentialAction":[{"@type":"SearchAction","target":{"@type":"EntryPoint","urlTemplate":"https:\/\/www.erboristerie.com\/it\/?s={search_term_string}"},"query-input":{"@type":"PropertyValueSpecification","valueRequired":true,"valueName":"search_term_string"}}],"inLanguage":"it-IT"},{"@type":"Organization","@id":"https:\/\/www.erboristerie.com\/it\/#organization","name":"Erboristeria Demetra","url":"https:\/\/www.erboristerie.com\/it\/","logo":{"@type":"ImageObject","inLanguage":"it-IT","@id":"https:\/\/www.erboristerie.com\/it\/#\/schema\/logo\/image\/","url":"https:\/\/www.erboristerie.com\/wp-content\/uploads\/2019\/11\/LOGO_ERBORISTERIA_DEMETRA_original.png?v=1611516981","contentUrl":"https:\/\/www.erboristerie.com\/wp-content\/uploads\/2019\/11\/LOGO_ERBORISTERIA_DEMETRA_original.png?v=1611516981","width":201,"height":54,"caption":"Erboristeria Demetra"},"image":{"@id":"https:\/\/www.erboristerie.com\/it\/#\/schema\/logo\/image\/"},"sameAs":["https:\/\/www.facebook.com\/erboristeria.demetra.online"]}]}},"_links":{"self":[{"href":"https:\/\/www.erboristerie.com\/it\/wp-json\/wp\/v2\/product\/60530","targetHints":{"allow":["GET"]}}],"collection":[{"href":"https:\/\/www.erboristerie.com\/it\/wp-json\/wp\/v2\/product"}],"about":[{"href":"https:\/\/www.erboristerie.com\/it\/wp-json\/wp\/v2\/types\/product"}],"wp:featuredmedia":[{"embeddable":true,"href":"https:\/\/www.erboristerie.com\/it\/wp-json\/wp\/v2\/media\/108277"}],"wp:attachment":[{"href":"https:\/\/www.erboristerie.com\/it\/wp-json\/wp\/v2\/media?parent=60530"}],"wp:term":[{"taxonomy":"product_brand","embeddable":true,"href":"https:\/\/www.erboristerie.com\/it\/wp-json\/wp\/v2\/product_brand?post=60530"},{"taxonomy":"product_cat","embeddable":true,"href":"https:\/\/www.erboristerie.com\/it\/wp-json\/wp\/v2\/product_cat?post=60530"},{"taxonomy":"product_tag","embeddable":true,"href":"https:\/\/www.erboristerie.com\/it\/wp-json\/wp\/v2\/product_tag?post=60530"},{"taxonomy":"giftcard-category","embeddable":true,"href":"https:\/\/www.erboristerie.com\/it\/wp-json\/wp\/v2\/giftcard-category?post=60530"}],"curies":[{"name":"wp","href":"https:\/\/api.w.org\/{rel}","templated":true}]}}