{"id":60290,"date":"2012-04-10T18:31:16","date_gmt":"2012-04-10T16:31:16","guid":{"rendered":"http:\/\/www.erboristerie.com\/?post_type=product&#038;p=60290"},"modified":"2025-09-10T18:54:28","modified_gmt":"2025-09-10T16:54:28","slug":"meharees-crema-deodorante-50ml-piacevole-e-a-lunga-durata-allinsegna-dellesotica-profumazione-di-meharees","status":"publish","type":"product","link":"https:\/\/www.erboristerie.com\/it\/prodotto\/meharees-crema-deodorante-50ml-piacevole-e-a-lunga-durata-allinsegna-dellesotica-profumazione-di-meharees\/","title":{"rendered":"Meharees Crema Deodorante 50ml piacevole e a lunga durata all\u2019insegna dell\u2019esotica profumazione di M\u00e9har\u00e9es"},"content":{"rendered":"<p><strong>Meharees Crema Deodorante 50ml &#8211; L&#8217;Erbolario<\/strong><\/p>\n<p>Delicatamente profumata e super efficace, questa Crema deodorante veglier\u00e0 a lungo sulla freschezza della vostra persona, assicurando<strong> tanta delicatezza alla pelle sensibile della zona ascellare<\/strong>.<\/p>\n<p>Si attivano in questo senso gli estratti di Mirra, di Dattero e l\u2019Olio di Cotone, tutti apprezzati per le loro doti tonificanti, protettive ed addolcenti.<\/p>\n<p>Inoltre, il Sodio usnato derivato dall\u2019Usnea barbata, inibisce lo sviluppo microbico e, quindi, il degradarsi del sudore.<\/p>\n<p><strong>Senza siliconi, parabeni e petrolati<\/strong><\/p>\n<p>98% ingredienti di origine naturale<\/p>\n<p>La restante percentuale di ingredienti garantisce stabilit\u00e0 e gradevolezza del prodotto.<\/p>\n<p><strong>Fragranza<\/strong><\/p>\n<p>ambrata, vanigliata<\/p>\n<p><strong>Consigli d&#8217;uso<\/strong><\/p>\n<p>Dopo un\u2019accurata detersione, distribuire con un lieve massaggio una piccola quantit\u00e0 di Crema Deodorante sulle zone interessate.<\/p>\n<p>Si tratta di un prodotto che si rivela ideale per chi non utilizza le soluzioni alcoliche e desidera vivere un piacevole senso di freschezza che dura a lungo.<\/p>\n<p>Si pu\u00f2 applicare anche pi\u00f9 volte al giorno, grazie alla delicatezza della formulazione.<\/p>\n<p><strong>Sostanze funzionali<\/strong><\/p>\n<p>Estratti di Mirra e Dattero, Olio di Cotone, Acqua distillata di Cotone, Sodio usnato da Usnea barbata, Vitamina E acetato.<\/p>\n<p><strong>Cosa sapere in pi\u00f9<\/strong><\/p>\n<ul>\n<li>100% Made in Italy.<\/li>\n<li>7 Metalli testati<\/li>\n<li>Da sempre amici degli animali<\/li>\n<li>Dermatologicamente Testato<\/li>\n<li>Senza ingredienti di derivazione animale<\/li>\n<\/ul>\n<p><strong>Ingredienti (INCI)<\/strong><\/p>\n<p>aqua (water), aluminum sesquichlorohydrate, coco-caprylate\/caprate, dicaprylyl ether, polyglyceryl-3 polyricinoleate, glycerin, gossypium herbaceum (cotton) fruit water, parfum (fragrance), polyglyceryl-4 oleate, polyglyceryl-6 oleate, commiphora myrrha resin extract, phoenix dactylifera (date) fruit extract, gossypium herbaceum (cotton) seed oil, helianthus annuus (sunflower) seed oil, cera alba (beeswax), hydrogenated castor oil, sodium usnate, tocopherol, lecithin, citric acid, ascorbyl palmitate, benzyl alcohol, benzyl benzoate, cinnamal, cinnamomum zeylanicum bark oil, citral, citrus aurantium peel oil, citrus limon peel oil, eugenol, geraniol, hexyl cinnamal, limonene, linalool, linalyl acetate, pinene, terpineol, tetramethyl acetyloctahydronaphthalenes, potassium sorbate, sodium benzoate<\/p>\n","protected":false},"excerpt":{"rendered":"<p>Meharees Crema Deodorante 50ml &#8211; L&#8217;Erbolario Delicatamente profumata e super efficace, questa Crema deodorante veglier\u00e0 a lungo sulla freschezza della vostra persona, assicurando tanta delicatezza alla pelle sensibile della zona ascellare. Si attivano in questo senso gli estratti di Mirra, di Dattero e l\u2019Olio di&#8230;<\/p>\n","protected":false},"featured_media":128382,"template":"","meta":{"_acf_changed":false},"product_brand":[9603],"product_cat":[9687],"product_tag":[11423,10650,10832,10801,12263],"giftcard-category":[],"class_list":{"0":"post-60290","1":"product","2":"type-product","3":"status-publish","4":"has-post-thumbnail","6":"product_brand-erbolario","7":"product_cat-deodoranti","8":"product_tag-50ml","9":"product_tag-crema","10":"product_tag-deodorante","11":"product_tag-linea","12":"product_tag-meharees","13":"pa_formato-50-ml","14":"pa_linea-profumazione-meharees","15":"pa_marca-lerbolario","16":"pa_tipologia-crema","17":"pa_tipologia-deodorante","19":"first","20":"instock","21":"sale","22":"taxable","23":"shipping-taxable","24":"purchasable","25":"product-type-simple"},"acf":[],"yoast_head":"<!-- This site is optimized with the Yoast SEO plugin v24.9 - https:\/\/yoast.com\/wordpress\/plugins\/seo\/ -->\n<title>Meharees Crema Deodorante 50ml piacevole e a lunga durata all\u2019insegna dell\u2019esotica profumazione di M\u00e9har\u00e9es - Erboristeria Demetra<\/title>\n<meta name=\"description\" content=\"Delicatamente profumata e super efficace, veglier\u00e0 a lungo sulla freschezza della vostra persona, assicurando tanta delicatezza alla pelle sensibile\" \/>\n<meta name=\"robots\" content=\"index, follow, max-snippet:-1, max-image-preview:large, max-video-preview:-1\" \/>\n<link rel=\"canonical\" href=\"https:\/\/www.erboristerie.com\/it\/prodotto\/meharees-crema-deodorante-50ml-piacevole-e-a-lunga-durata-allinsegna-dellesotica-profumazione-di-meharees\/\" \/>\n<meta property=\"og:locale\" content=\"it_IT\" \/>\n<meta property=\"og:type\" content=\"article\" \/>\n<meta property=\"og:title\" content=\"Meharees Crema Deodorante 50ml piacevole e a lunga durata all\u2019insegna dell\u2019esotica profumazione di M\u00e9har\u00e9es - Erboristeria Demetra\" \/>\n<meta property=\"og:description\" content=\"Delicatamente profumata e super efficace, veglier\u00e0 a lungo sulla freschezza della vostra persona, assicurando tanta delicatezza alla pelle sensibile\" \/>\n<meta property=\"og:url\" content=\"https:\/\/www.erboristerie.com\/it\/prodotto\/meharees-crema-deodorante-50ml-piacevole-e-a-lunga-durata-allinsegna-dellesotica-profumazione-di-meharees\/\" \/>\n<meta property=\"og:site_name\" content=\"Erboristeria Demetra\" \/>\n<meta property=\"article:publisher\" content=\"https:\/\/www.facebook.com\/erboristeria.demetra.online\" \/>\n<meta property=\"article:modified_time\" content=\"2025-09-10T16:54:28+00:00\" \/>\n<meta property=\"og:image\" content=\"https:\/\/www.erboristerie.com\/wp-content\/uploads\/2012\/04\/00008037-meharees-crema-deodorante-erbolario-erboristerie-com.jpg\" \/>\n\t<meta property=\"og:image:width\" content=\"800\" \/>\n\t<meta property=\"og:image:height\" content=\"800\" \/>\n\t<meta property=\"og:image:type\" content=\"image\/jpeg\" \/>\n<meta name=\"twitter:card\" content=\"summary_large_image\" \/>\n<meta name=\"twitter:label1\" content=\"Tempo di lettura stimato\" \/>\n\t<meta name=\"twitter:data1\" content=\"2 minuti\" \/>\n<script type=\"application\/ld+json\" class=\"yoast-schema-graph\">{\"@context\":\"https:\/\/schema.org\",\"@graph\":[{\"@type\":\"WebPage\",\"@id\":\"https:\/\/www.erboristerie.com\/it\/prodotto\/meharees-crema-deodorante-50ml-piacevole-e-a-lunga-durata-allinsegna-dellesotica-profumazione-di-meharees\/\",\"url\":\"https:\/\/www.erboristerie.com\/it\/prodotto\/meharees-crema-deodorante-50ml-piacevole-e-a-lunga-durata-allinsegna-dellesotica-profumazione-di-meharees\/\",\"name\":\"Meharees Crema Deodorante 50ml piacevole e a lunga durata all\u2019insegna dell\u2019esotica profumazione di M\u00e9har\u00e9es - Erboristeria Demetra\",\"isPartOf\":{\"@id\":\"https:\/\/www.erboristerie.com\/it\/#website\"},\"primaryImageOfPage\":{\"@id\":\"https:\/\/www.erboristerie.com\/it\/prodotto\/meharees-crema-deodorante-50ml-piacevole-e-a-lunga-durata-allinsegna-dellesotica-profumazione-di-meharees\/#primaryimage\"},\"image\":{\"@id\":\"https:\/\/www.erboristerie.com\/it\/prodotto\/meharees-crema-deodorante-50ml-piacevole-e-a-lunga-durata-allinsegna-dellesotica-profumazione-di-meharees\/#primaryimage\"},\"thumbnailUrl\":\"https:\/\/www.erboristerie.com\/wp-content\/uploads\/2012\/04\/00008037-meharees-crema-deodorante-erbolario-erboristerie-com.jpg\",\"datePublished\":\"2012-04-10T16:31:16+00:00\",\"dateModified\":\"2025-09-10T16:54:28+00:00\",\"description\":\"Delicatamente profumata e super efficace, veglier\u00e0 a lungo sulla freschezza della vostra persona, assicurando tanta delicatezza alla pelle sensibile\",\"breadcrumb\":{\"@id\":\"https:\/\/www.erboristerie.com\/it\/prodotto\/meharees-crema-deodorante-50ml-piacevole-e-a-lunga-durata-allinsegna-dellesotica-profumazione-di-meharees\/#breadcrumb\"},\"inLanguage\":\"it-IT\",\"potentialAction\":[{\"@type\":\"ReadAction\",\"target\":[\"https:\/\/www.erboristerie.com\/it\/prodotto\/meharees-crema-deodorante-50ml-piacevole-e-a-lunga-durata-allinsegna-dellesotica-profumazione-di-meharees\/\"]}]},{\"@type\":\"ImageObject\",\"inLanguage\":\"it-IT\",\"@id\":\"https:\/\/www.erboristerie.com\/it\/prodotto\/meharees-crema-deodorante-50ml-piacevole-e-a-lunga-durata-allinsegna-dellesotica-profumazione-di-meharees\/#primaryimage\",\"url\":\"https:\/\/www.erboristerie.com\/wp-content\/uploads\/2012\/04\/00008037-meharees-crema-deodorante-erbolario-erboristerie-com.jpg\",\"contentUrl\":\"https:\/\/www.erboristerie.com\/wp-content\/uploads\/2012\/04\/00008037-meharees-crema-deodorante-erbolario-erboristerie-com.jpg\",\"width\":800,\"height\":800},{\"@type\":\"BreadcrumbList\",\"@id\":\"https:\/\/www.erboristerie.com\/it\/prodotto\/meharees-crema-deodorante-50ml-piacevole-e-a-lunga-durata-allinsegna-dellesotica-profumazione-di-meharees\/#breadcrumb\",\"itemListElement\":[{\"@type\":\"ListItem\",\"position\":1,\"name\":\"Home\",\"item\":\"https:\/\/www.erboristerie.com\/it\/\"},{\"@type\":\"ListItem\",\"position\":2,\"name\":\"Tutti i prodotti\",\"item\":\"https:\/\/www.erboristerie.com\/it\/tutti-i-prodotti\/\"},{\"@type\":\"ListItem\",\"position\":3,\"name\":\"Meharees Crema Deodorante 50ml piacevole e a lunga durata all\u2019insegna dell\u2019esotica profumazione di M\u00e9har\u00e9es\"}]},{\"@type\":\"WebSite\",\"@id\":\"https:\/\/www.erboristerie.com\/it\/#website\",\"url\":\"https:\/\/www.erboristerie.com\/it\/\",\"name\":\"Erboristeria Demetra\",\"description\":\"La tua salute al naturale\",\"publisher\":{\"@id\":\"https:\/\/www.erboristerie.com\/it\/#organization\"},\"potentialAction\":[{\"@type\":\"SearchAction\",\"target\":{\"@type\":\"EntryPoint\",\"urlTemplate\":\"https:\/\/www.erboristerie.com\/it\/?s={search_term_string}\"},\"query-input\":{\"@type\":\"PropertyValueSpecification\",\"valueRequired\":true,\"valueName\":\"search_term_string\"}}],\"inLanguage\":\"it-IT\"},{\"@type\":\"Organization\",\"@id\":\"https:\/\/www.erboristerie.com\/it\/#organization\",\"name\":\"Erboristeria Demetra\",\"url\":\"https:\/\/www.erboristerie.com\/it\/\",\"logo\":{\"@type\":\"ImageObject\",\"inLanguage\":\"it-IT\",\"@id\":\"https:\/\/www.erboristerie.com\/it\/#\/schema\/logo\/image\/\",\"url\":\"https:\/\/www.erboristerie.com\/wp-content\/uploads\/2019\/11\/LOGO_ERBORISTERIA_DEMETRA_original.png?v=1611516981\",\"contentUrl\":\"https:\/\/www.erboristerie.com\/wp-content\/uploads\/2019\/11\/LOGO_ERBORISTERIA_DEMETRA_original.png?v=1611516981\",\"width\":201,\"height\":54,\"caption\":\"Erboristeria Demetra\"},\"image\":{\"@id\":\"https:\/\/www.erboristerie.com\/it\/#\/schema\/logo\/image\/\"},\"sameAs\":[\"https:\/\/www.facebook.com\/erboristeria.demetra.online\"]}]}<\/script>\n<!-- \/ Yoast SEO plugin. -->","yoast_head_json":{"title":"Meharees Crema Deodorante 50ml piacevole e a lunga durata all\u2019insegna dell\u2019esotica profumazione di M\u00e9har\u00e9es - Erboristeria Demetra","description":"Delicatamente profumata e super efficace, veglier\u00e0 a lungo sulla freschezza della vostra persona, assicurando tanta delicatezza alla pelle sensibile","robots":{"index":"index","follow":"follow","max-snippet":"max-snippet:-1","max-image-preview":"max-image-preview:large","max-video-preview":"max-video-preview:-1"},"canonical":"https:\/\/www.erboristerie.com\/it\/prodotto\/meharees-crema-deodorante-50ml-piacevole-e-a-lunga-durata-allinsegna-dellesotica-profumazione-di-meharees\/","og_locale":"it_IT","og_type":"article","og_title":"Meharees Crema Deodorante 50ml piacevole e a lunga durata all\u2019insegna dell\u2019esotica profumazione di M\u00e9har\u00e9es - Erboristeria Demetra","og_description":"Delicatamente profumata e super efficace, veglier\u00e0 a lungo sulla freschezza della vostra persona, assicurando tanta delicatezza alla pelle sensibile","og_url":"https:\/\/www.erboristerie.com\/it\/prodotto\/meharees-crema-deodorante-50ml-piacevole-e-a-lunga-durata-allinsegna-dellesotica-profumazione-di-meharees\/","og_site_name":"Erboristeria Demetra","article_publisher":"https:\/\/www.facebook.com\/erboristeria.demetra.online","article_modified_time":"2025-09-10T16:54:28+00:00","og_image":[{"width":800,"height":800,"url":"https:\/\/www.erboristerie.com\/wp-content\/uploads\/2012\/04\/00008037-meharees-crema-deodorante-erbolario-erboristerie-com.jpg","type":"image\/jpeg"}],"twitter_card":"summary_large_image","twitter_misc":{"Tempo di lettura stimato":"2 minuti"},"schema":{"@context":"https:\/\/schema.org","@graph":[{"@type":"WebPage","@id":"https:\/\/www.erboristerie.com\/it\/prodotto\/meharees-crema-deodorante-50ml-piacevole-e-a-lunga-durata-allinsegna-dellesotica-profumazione-di-meharees\/","url":"https:\/\/www.erboristerie.com\/it\/prodotto\/meharees-crema-deodorante-50ml-piacevole-e-a-lunga-durata-allinsegna-dellesotica-profumazione-di-meharees\/","name":"Meharees Crema Deodorante 50ml piacevole e a lunga durata all\u2019insegna dell\u2019esotica profumazione di M\u00e9har\u00e9es - Erboristeria Demetra","isPartOf":{"@id":"https:\/\/www.erboristerie.com\/it\/#website"},"primaryImageOfPage":{"@id":"https:\/\/www.erboristerie.com\/it\/prodotto\/meharees-crema-deodorante-50ml-piacevole-e-a-lunga-durata-allinsegna-dellesotica-profumazione-di-meharees\/#primaryimage"},"image":{"@id":"https:\/\/www.erboristerie.com\/it\/prodotto\/meharees-crema-deodorante-50ml-piacevole-e-a-lunga-durata-allinsegna-dellesotica-profumazione-di-meharees\/#primaryimage"},"thumbnailUrl":"https:\/\/www.erboristerie.com\/wp-content\/uploads\/2012\/04\/00008037-meharees-crema-deodorante-erbolario-erboristerie-com.jpg","datePublished":"2012-04-10T16:31:16+00:00","dateModified":"2025-09-10T16:54:28+00:00","description":"Delicatamente profumata e super efficace, veglier\u00e0 a lungo sulla freschezza della vostra persona, assicurando tanta delicatezza alla pelle sensibile","breadcrumb":{"@id":"https:\/\/www.erboristerie.com\/it\/prodotto\/meharees-crema-deodorante-50ml-piacevole-e-a-lunga-durata-allinsegna-dellesotica-profumazione-di-meharees\/#breadcrumb"},"inLanguage":"it-IT","potentialAction":[{"@type":"ReadAction","target":["https:\/\/www.erboristerie.com\/it\/prodotto\/meharees-crema-deodorante-50ml-piacevole-e-a-lunga-durata-allinsegna-dellesotica-profumazione-di-meharees\/"]}]},{"@type":"ImageObject","inLanguage":"it-IT","@id":"https:\/\/www.erboristerie.com\/it\/prodotto\/meharees-crema-deodorante-50ml-piacevole-e-a-lunga-durata-allinsegna-dellesotica-profumazione-di-meharees\/#primaryimage","url":"https:\/\/www.erboristerie.com\/wp-content\/uploads\/2012\/04\/00008037-meharees-crema-deodorante-erbolario-erboristerie-com.jpg","contentUrl":"https:\/\/www.erboristerie.com\/wp-content\/uploads\/2012\/04\/00008037-meharees-crema-deodorante-erbolario-erboristerie-com.jpg","width":800,"height":800},{"@type":"BreadcrumbList","@id":"https:\/\/www.erboristerie.com\/it\/prodotto\/meharees-crema-deodorante-50ml-piacevole-e-a-lunga-durata-allinsegna-dellesotica-profumazione-di-meharees\/#breadcrumb","itemListElement":[{"@type":"ListItem","position":1,"name":"Home","item":"https:\/\/www.erboristerie.com\/it\/"},{"@type":"ListItem","position":2,"name":"Tutti i prodotti","item":"https:\/\/www.erboristerie.com\/it\/tutti-i-prodotti\/"},{"@type":"ListItem","position":3,"name":"Meharees Crema Deodorante 50ml piacevole e a lunga durata all\u2019insegna dell\u2019esotica profumazione di M\u00e9har\u00e9es"}]},{"@type":"WebSite","@id":"https:\/\/www.erboristerie.com\/it\/#website","url":"https:\/\/www.erboristerie.com\/it\/","name":"Erboristeria Demetra","description":"La tua salute al naturale","publisher":{"@id":"https:\/\/www.erboristerie.com\/it\/#organization"},"potentialAction":[{"@type":"SearchAction","target":{"@type":"EntryPoint","urlTemplate":"https:\/\/www.erboristerie.com\/it\/?s={search_term_string}"},"query-input":{"@type":"PropertyValueSpecification","valueRequired":true,"valueName":"search_term_string"}}],"inLanguage":"it-IT"},{"@type":"Organization","@id":"https:\/\/www.erboristerie.com\/it\/#organization","name":"Erboristeria Demetra","url":"https:\/\/www.erboristerie.com\/it\/","logo":{"@type":"ImageObject","inLanguage":"it-IT","@id":"https:\/\/www.erboristerie.com\/it\/#\/schema\/logo\/image\/","url":"https:\/\/www.erboristerie.com\/wp-content\/uploads\/2019\/11\/LOGO_ERBORISTERIA_DEMETRA_original.png?v=1611516981","contentUrl":"https:\/\/www.erboristerie.com\/wp-content\/uploads\/2019\/11\/LOGO_ERBORISTERIA_DEMETRA_original.png?v=1611516981","width":201,"height":54,"caption":"Erboristeria Demetra"},"image":{"@id":"https:\/\/www.erboristerie.com\/it\/#\/schema\/logo\/image\/"},"sameAs":["https:\/\/www.facebook.com\/erboristeria.demetra.online"]}]}},"_links":{"self":[{"href":"https:\/\/www.erboristerie.com\/it\/wp-json\/wp\/v2\/product\/60290","targetHints":{"allow":["GET"]}}],"collection":[{"href":"https:\/\/www.erboristerie.com\/it\/wp-json\/wp\/v2\/product"}],"about":[{"href":"https:\/\/www.erboristerie.com\/it\/wp-json\/wp\/v2\/types\/product"}],"wp:featuredmedia":[{"embeddable":true,"href":"https:\/\/www.erboristerie.com\/it\/wp-json\/wp\/v2\/media\/128382"}],"wp:attachment":[{"href":"https:\/\/www.erboristerie.com\/it\/wp-json\/wp\/v2\/media?parent=60290"}],"wp:term":[{"taxonomy":"product_brand","embeddable":true,"href":"https:\/\/www.erboristerie.com\/it\/wp-json\/wp\/v2\/product_brand?post=60290"},{"taxonomy":"product_cat","embeddable":true,"href":"https:\/\/www.erboristerie.com\/it\/wp-json\/wp\/v2\/product_cat?post=60290"},{"taxonomy":"product_tag","embeddable":true,"href":"https:\/\/www.erboristerie.com\/it\/wp-json\/wp\/v2\/product_tag?post=60290"},{"taxonomy":"giftcard-category","embeddable":true,"href":"https:\/\/www.erboristerie.com\/it\/wp-json\/wp\/v2\/giftcard-category?post=60290"}],"curies":[{"name":"wp","href":"https:\/\/api.w.org\/{rel}","templated":true}]}}