{"id":59842,"date":"2011-07-29T17:35:38","date_gmt":"2011-07-29T17:35:38","guid":{"rendered":"http:\/\/www.erboristerie.com\/?post_type=product&#038;p=59842"},"modified":"2025-01-09T20:59:26","modified_gmt":"2025-01-09T19:59:26","slug":"soliven-gamber-leggere-defaticante-100-ml","status":"publish","type":"product","link":"https:\/\/www.erboristerie.com\/it\/prodotto\/soliven-gamber-leggere-defaticante-100-ml\/","title":{"rendered":"Soliven Gambe Leggere Defaticante 100 ml"},"content":{"rendered":"<p><strong>SoliVen gambe leggere Crema &#8211; Benessere immediato per le gambe!<\/strong><\/p>\n<p><strong>Come agisce:<\/strong><br \/>\nGambe pesanti, caviglie gonfie, capillari in rilievo sono a volte segnali di una cattiva circolazione. Si possono presentare in modo sporadico o frequente e possono essere ereditari, oppure dovuti allo stile di vita.<br \/>\nLa formula di SoliVen gambe leggere, frutto della R&amp;D Bios Line, favorisce la fisiologica funzionalit\u00e0 del microcircolo e contribuisce ad alleviare stanchezza e gonfiori, ridonando un piacevole ed immediato senso di benessere e leggerezza alle gambe. Tutto questo in virt\u00f9 dell\u2019efficacia dei suoi ingredienti erboristici: la Vite rossa in semi, che aiuta a sostenere la circolazione grazie all\u2019elevata concentrazione di Proantocianidine (OPC); l\u2019IppocastanoL&#8217;ippocastano<br \/>\nL\u2019Ippocastano, il bell\u2019albero che si trova anche in molti parchi cittadini, \u00e8 una pianta tuttofare. Il suo nome viene dal greco e significa \u201ccastagna del cavallo\u201d: in tempi antichi infatti i frutti venivano dati macinati ai cavalli per curarli della tosse. Nella medicina popolare le castagne erano usate per curare le emorroidi. E, una volta cotte, per preparare un\u2019ottima\u2026 colla domestica. Attenzione solo a non consumarle, perch\u00e9 la presenza di saponine le rende tossiche., il cui estratto di corteccia pu\u00f2 restituire tonicit\u00e0 ai vasi e contrastare i gonfiori alle gambe; il Rusco, i cui principi attivi (le ruscogenine) svolgono un\u2019azione regolante sulla permeabilit\u00e0 e l\u2019elasticit\u00e0 dei vasi; la Solidago virga aurea, che contribuisce al drenaggio dei liquidi in eccesso.<br \/>\n<strong>QUANDO USARLO:<br \/>\n<\/strong>Efficace in caso di pesantezza alle gambe, caviglie gonfie, capillari in rilievo, generalmente sintomi di cattiva circolazione.<br \/>\n<strong>COME USARLO:<br \/>\n<\/strong>Applicare con un leggero massaggio dalle caviglie verso le cosce, fino a completo assorbimento. Usare anche pi\u00f9 volte durante il giorno.<br \/>\n<strong>COSA CONTIENE:<br \/>\n<\/strong>Semi di Vite rossa, Ippocastano, Escina, Rusco, Solidago virga aurea, Centella.<br \/>\nSenza parabeni e oli minerali. Nickel tested e dermatologicamente testata.<br \/>\nLeggere le avvertenze riportate sulla confezione.<\/p>\n<p>&nbsp;<\/p>\n<p>&nbsp;<\/p>\n<p>&nbsp;<\/p>\n<p align=\"center\"><img decoding=\"async\" src=\"https:\/\/www.erboristerie.com\/images\/archivio\/_SOLIVEN.jpg\" alt=\"\" align=\"bottom\" border=\"0\" hspace=\"0\" \/><\/p>\n","protected":false},"excerpt":{"rendered":"<p>SoliVen gambe leggere Crema &#8211; Benessere immediato per le gambe! Come agisce: Gambe pesanti, caviglie gonfie, capillari in rilievo sono a volte segnali di una cattiva circolazione. Si possono presentare in modo sporadico o frequente e possono essere ereditari, oppure dovuti allo stile di vita&#8230;.<\/p>\n","protected":false},"featured_media":59843,"template":"","meta":{"_acf_changed":false},"product_brand":[9595],"product_cat":[9887,9823],"product_tag":[14250,12292,13969,14150],"giftcard-category":[],"class_list":{"0":"post-59842","1":"product","2":"type-product","3":"status-publish","4":"has-post-thumbnail","6":"product_brand-biosline","7":"product_cat-piedi-e-gambe","8":"product_cat-benessere-ardio-ascolare","9":"product_tag-defatigante","10":"product_tag-gambe","11":"product_tag-leggere","12":"product_tag-soliven","13":"pa_linea-soliven","14":"pa_marca-biosline","15":"pa_tipologia-crema","17":"first","18":"instock","19":"sale","20":"taxable","21":"shipping-taxable","22":"purchasable","23":"product-type-simple"},"acf":[],"yoast_head":"<!-- This site is optimized with the Yoast SEO plugin v24.9 - https:\/\/yoast.com\/wordpress\/plugins\/seo\/ -->\n<title>Soliven Gambe Leggere Defaticante 100 ml - Erboristeria Demetra<\/title>\n<meta name=\"robots\" content=\"index, follow, max-snippet:-1, max-image-preview:large, max-video-preview:-1\" \/>\n<link rel=\"canonical\" href=\"https:\/\/www.erboristerie.com\/it\/prodotto\/soliven-gamber-leggere-defaticante-100-ml\/\" \/>\n<meta property=\"og:locale\" content=\"it_IT\" \/>\n<meta property=\"og:type\" content=\"article\" \/>\n<meta property=\"og:title\" content=\"Soliven Gambe Leggere Defaticante 100 ml - Erboristeria Demetra\" \/>\n<meta property=\"og:description\" content=\"SoliVen gambe leggere Crema &#8211; Benessere immediato per le gambe! Come agisce: Gambe pesanti, caviglie gonfie, capillari in rilievo sono a volte segnali di una cattiva circolazione. Si possono presentare in modo sporadico o frequente e possono essere ereditari, oppure dovuti allo stile di vita....\" \/>\n<meta property=\"og:url\" content=\"https:\/\/www.erboristerie.com\/it\/prodotto\/soliven-gamber-leggere-defaticante-100-ml\/\" \/>\n<meta property=\"og:site_name\" content=\"Erboristeria Demetra\" \/>\n<meta property=\"article:publisher\" content=\"https:\/\/www.facebook.com\/erboristeria.demetra.online\" \/>\n<meta property=\"article:modified_time\" content=\"2025-01-09T19:59:26+00:00\" \/>\n<meta property=\"og:image\" content=\"https:\/\/www.erboristerie.com\/wp-content\/uploads\/2019\/01\/products-00008652.jpg\" \/>\n\t<meta property=\"og:image:width\" content=\"555\" \/>\n\t<meta property=\"og:image:height\" content=\"756\" \/>\n\t<meta property=\"og:image:type\" content=\"image\/jpeg\" \/>\n<meta name=\"twitter:card\" content=\"summary_large_image\" \/>\n<meta name=\"twitter:label1\" content=\"Tempo di lettura stimato\" \/>\n\t<meta name=\"twitter:data1\" content=\"2 minuti\" \/>\n<script type=\"application\/ld+json\" class=\"yoast-schema-graph\">{\"@context\":\"https:\/\/schema.org\",\"@graph\":[{\"@type\":\"WebPage\",\"@id\":\"https:\/\/www.erboristerie.com\/it\/prodotto\/soliven-gamber-leggere-defaticante-100-ml\/\",\"url\":\"https:\/\/www.erboristerie.com\/it\/prodotto\/soliven-gamber-leggere-defaticante-100-ml\/\",\"name\":\"Soliven Gambe Leggere Defaticante 100 ml - Erboristeria Demetra\",\"isPartOf\":{\"@id\":\"https:\/\/www.erboristerie.com\/it\/#website\"},\"primaryImageOfPage\":{\"@id\":\"https:\/\/www.erboristerie.com\/it\/prodotto\/soliven-gamber-leggere-defaticante-100-ml\/#primaryimage\"},\"image\":{\"@id\":\"https:\/\/www.erboristerie.com\/it\/prodotto\/soliven-gamber-leggere-defaticante-100-ml\/#primaryimage\"},\"thumbnailUrl\":\"https:\/\/www.erboristerie.com\/wp-content\/uploads\/2019\/01\/products-00008652.jpg\",\"datePublished\":\"2011-07-29T17:35:38+00:00\",\"dateModified\":\"2025-01-09T19:59:26+00:00\",\"breadcrumb\":{\"@id\":\"https:\/\/www.erboristerie.com\/it\/prodotto\/soliven-gamber-leggere-defaticante-100-ml\/#breadcrumb\"},\"inLanguage\":\"it-IT\",\"potentialAction\":[{\"@type\":\"ReadAction\",\"target\":[\"https:\/\/www.erboristerie.com\/it\/prodotto\/soliven-gamber-leggere-defaticante-100-ml\/\"]}]},{\"@type\":\"ImageObject\",\"inLanguage\":\"it-IT\",\"@id\":\"https:\/\/www.erboristerie.com\/it\/prodotto\/soliven-gamber-leggere-defaticante-100-ml\/#primaryimage\",\"url\":\"https:\/\/www.erboristerie.com\/wp-content\/uploads\/2019\/01\/products-00008652.jpg\",\"contentUrl\":\"https:\/\/www.erboristerie.com\/wp-content\/uploads\/2019\/01\/products-00008652.jpg\",\"width\":\"555\",\"height\":\"756\",\"caption\":\"SOLIVEN GAMBE LEGGERE DEFATIGANTE ML 100\"},{\"@type\":\"BreadcrumbList\",\"@id\":\"https:\/\/www.erboristerie.com\/it\/prodotto\/soliven-gamber-leggere-defaticante-100-ml\/#breadcrumb\",\"itemListElement\":[{\"@type\":\"ListItem\",\"position\":1,\"name\":\"Home\",\"item\":\"https:\/\/www.erboristerie.com\/it\/\"},{\"@type\":\"ListItem\",\"position\":2,\"name\":\"Tutti i prodotti\",\"item\":\"https:\/\/www.erboristerie.com\/it\/tutti-i-prodotti\/\"},{\"@type\":\"ListItem\",\"position\":3,\"name\":\"Soliven Gambe Leggere Defaticante 100 ml\"}]},{\"@type\":\"WebSite\",\"@id\":\"https:\/\/www.erboristerie.com\/it\/#website\",\"url\":\"https:\/\/www.erboristerie.com\/it\/\",\"name\":\"Erboristeria Demetra\",\"description\":\"La tua salute al naturale\",\"publisher\":{\"@id\":\"https:\/\/www.erboristerie.com\/it\/#organization\"},\"potentialAction\":[{\"@type\":\"SearchAction\",\"target\":{\"@type\":\"EntryPoint\",\"urlTemplate\":\"https:\/\/www.erboristerie.com\/it\/?s={search_term_string}\"},\"query-input\":{\"@type\":\"PropertyValueSpecification\",\"valueRequired\":true,\"valueName\":\"search_term_string\"}}],\"inLanguage\":\"it-IT\"},{\"@type\":\"Organization\",\"@id\":\"https:\/\/www.erboristerie.com\/it\/#organization\",\"name\":\"Erboristeria Demetra\",\"url\":\"https:\/\/www.erboristerie.com\/it\/\",\"logo\":{\"@type\":\"ImageObject\",\"inLanguage\":\"it-IT\",\"@id\":\"https:\/\/www.erboristerie.com\/it\/#\/schema\/logo\/image\/\",\"url\":\"https:\/\/www.erboristerie.com\/wp-content\/uploads\/2019\/11\/LOGO_ERBORISTERIA_DEMETRA_original.png?v=1611516981\",\"contentUrl\":\"https:\/\/www.erboristerie.com\/wp-content\/uploads\/2019\/11\/LOGO_ERBORISTERIA_DEMETRA_original.png?v=1611516981\",\"width\":201,\"height\":54,\"caption\":\"Erboristeria Demetra\"},\"image\":{\"@id\":\"https:\/\/www.erboristerie.com\/it\/#\/schema\/logo\/image\/\"},\"sameAs\":[\"https:\/\/www.facebook.com\/erboristeria.demetra.online\"]}]}<\/script>\n<!-- \/ Yoast SEO plugin. -->","yoast_head_json":{"title":"Soliven Gambe Leggere Defaticante 100 ml - Erboristeria Demetra","robots":{"index":"index","follow":"follow","max-snippet":"max-snippet:-1","max-image-preview":"max-image-preview:large","max-video-preview":"max-video-preview:-1"},"canonical":"https:\/\/www.erboristerie.com\/it\/prodotto\/soliven-gamber-leggere-defaticante-100-ml\/","og_locale":"it_IT","og_type":"article","og_title":"Soliven Gambe Leggere Defaticante 100 ml - Erboristeria Demetra","og_description":"SoliVen gambe leggere Crema &#8211; Benessere immediato per le gambe! Come agisce: Gambe pesanti, caviglie gonfie, capillari in rilievo sono a volte segnali di una cattiva circolazione. Si possono presentare in modo sporadico o frequente e possono essere ereditari, oppure dovuti allo stile di vita....","og_url":"https:\/\/www.erboristerie.com\/it\/prodotto\/soliven-gamber-leggere-defaticante-100-ml\/","og_site_name":"Erboristeria Demetra","article_publisher":"https:\/\/www.facebook.com\/erboristeria.demetra.online","article_modified_time":"2025-01-09T19:59:26+00:00","og_image":[{"width":555,"height":756,"url":"https:\/\/www.erboristerie.com\/wp-content\/uploads\/2019\/01\/products-00008652.jpg","type":"image\/jpeg"}],"twitter_card":"summary_large_image","twitter_misc":{"Tempo di lettura stimato":"2 minuti"},"schema":{"@context":"https:\/\/schema.org","@graph":[{"@type":"WebPage","@id":"https:\/\/www.erboristerie.com\/it\/prodotto\/soliven-gamber-leggere-defaticante-100-ml\/","url":"https:\/\/www.erboristerie.com\/it\/prodotto\/soliven-gamber-leggere-defaticante-100-ml\/","name":"Soliven Gambe Leggere Defaticante 100 ml - Erboristeria Demetra","isPartOf":{"@id":"https:\/\/www.erboristerie.com\/it\/#website"},"primaryImageOfPage":{"@id":"https:\/\/www.erboristerie.com\/it\/prodotto\/soliven-gamber-leggere-defaticante-100-ml\/#primaryimage"},"image":{"@id":"https:\/\/www.erboristerie.com\/it\/prodotto\/soliven-gamber-leggere-defaticante-100-ml\/#primaryimage"},"thumbnailUrl":"https:\/\/www.erboristerie.com\/wp-content\/uploads\/2019\/01\/products-00008652.jpg","datePublished":"2011-07-29T17:35:38+00:00","dateModified":"2025-01-09T19:59:26+00:00","breadcrumb":{"@id":"https:\/\/www.erboristerie.com\/it\/prodotto\/soliven-gamber-leggere-defaticante-100-ml\/#breadcrumb"},"inLanguage":"it-IT","potentialAction":[{"@type":"ReadAction","target":["https:\/\/www.erboristerie.com\/it\/prodotto\/soliven-gamber-leggere-defaticante-100-ml\/"]}]},{"@type":"ImageObject","inLanguage":"it-IT","@id":"https:\/\/www.erboristerie.com\/it\/prodotto\/soliven-gamber-leggere-defaticante-100-ml\/#primaryimage","url":"https:\/\/www.erboristerie.com\/wp-content\/uploads\/2019\/01\/products-00008652.jpg","contentUrl":"https:\/\/www.erboristerie.com\/wp-content\/uploads\/2019\/01\/products-00008652.jpg","width":"555","height":"756","caption":"SOLIVEN GAMBE LEGGERE DEFATIGANTE ML 100"},{"@type":"BreadcrumbList","@id":"https:\/\/www.erboristerie.com\/it\/prodotto\/soliven-gamber-leggere-defaticante-100-ml\/#breadcrumb","itemListElement":[{"@type":"ListItem","position":1,"name":"Home","item":"https:\/\/www.erboristerie.com\/it\/"},{"@type":"ListItem","position":2,"name":"Tutti i prodotti","item":"https:\/\/www.erboristerie.com\/it\/tutti-i-prodotti\/"},{"@type":"ListItem","position":3,"name":"Soliven Gambe Leggere Defaticante 100 ml"}]},{"@type":"WebSite","@id":"https:\/\/www.erboristerie.com\/it\/#website","url":"https:\/\/www.erboristerie.com\/it\/","name":"Erboristeria Demetra","description":"La tua salute al naturale","publisher":{"@id":"https:\/\/www.erboristerie.com\/it\/#organization"},"potentialAction":[{"@type":"SearchAction","target":{"@type":"EntryPoint","urlTemplate":"https:\/\/www.erboristerie.com\/it\/?s={search_term_string}"},"query-input":{"@type":"PropertyValueSpecification","valueRequired":true,"valueName":"search_term_string"}}],"inLanguage":"it-IT"},{"@type":"Organization","@id":"https:\/\/www.erboristerie.com\/it\/#organization","name":"Erboristeria Demetra","url":"https:\/\/www.erboristerie.com\/it\/","logo":{"@type":"ImageObject","inLanguage":"it-IT","@id":"https:\/\/www.erboristerie.com\/it\/#\/schema\/logo\/image\/","url":"https:\/\/www.erboristerie.com\/wp-content\/uploads\/2019\/11\/LOGO_ERBORISTERIA_DEMETRA_original.png?v=1611516981","contentUrl":"https:\/\/www.erboristerie.com\/wp-content\/uploads\/2019\/11\/LOGO_ERBORISTERIA_DEMETRA_original.png?v=1611516981","width":201,"height":54,"caption":"Erboristeria Demetra"},"image":{"@id":"https:\/\/www.erboristerie.com\/it\/#\/schema\/logo\/image\/"},"sameAs":["https:\/\/www.facebook.com\/erboristeria.demetra.online"]}]}},"_links":{"self":[{"href":"https:\/\/www.erboristerie.com\/it\/wp-json\/wp\/v2\/product\/59842","targetHints":{"allow":["GET"]}}],"collection":[{"href":"https:\/\/www.erboristerie.com\/it\/wp-json\/wp\/v2\/product"}],"about":[{"href":"https:\/\/www.erboristerie.com\/it\/wp-json\/wp\/v2\/types\/product"}],"wp:featuredmedia":[{"embeddable":true,"href":"https:\/\/www.erboristerie.com\/it\/wp-json\/wp\/v2\/media\/59843"}],"wp:attachment":[{"href":"https:\/\/www.erboristerie.com\/it\/wp-json\/wp\/v2\/media?parent=59842"}],"wp:term":[{"taxonomy":"product_brand","embeddable":true,"href":"https:\/\/www.erboristerie.com\/it\/wp-json\/wp\/v2\/product_brand?post=59842"},{"taxonomy":"product_cat","embeddable":true,"href":"https:\/\/www.erboristerie.com\/it\/wp-json\/wp\/v2\/product_cat?post=59842"},{"taxonomy":"product_tag","embeddable":true,"href":"https:\/\/www.erboristerie.com\/it\/wp-json\/wp\/v2\/product_tag?post=59842"},{"taxonomy":"giftcard-category","embeddable":true,"href":"https:\/\/www.erboristerie.com\/it\/wp-json\/wp\/v2\/giftcard-category?post=59842"}],"curies":[{"name":"wp","href":"https:\/\/api.w.org\/{rel}","templated":true}]}}