{"id":59826,"date":"2011-07-29T17:24:37","date_gmt":"2011-07-29T15:24:37","guid":{"rendered":"http:\/\/www.erboristerie.com\/?post_type=product&#038;p=59826"},"modified":"2025-09-14T17:49:53","modified_gmt":"2025-09-14T15:49:53","slug":"water-violet-rimedio-bach-flowers-n34-per-chi-e-introverso-e-solitario-ma-che-ha-un-forte-desiderio-di-aiutare-gli-altri","status":"publish","type":"product","link":"https:\/\/www.erboristerie.com\/it\/prodotto\/water-violet-rimedio-bach-flowers-n34-per-chi-e-introverso-e-solitario-ma-che-ha-un-forte-desiderio-di-aiutare-gli-altri\/","title":{"rendered":"Water Violet rimedio Bach Flowers n\u00b034 Per chi \u00e8 introverso e solitario, ma che ha un forte desiderio di aiutare gli altri"},"content":{"rendered":"<p data-start=\"0\" data-end=\"126\"><strong data-start=\"0\" data-end=\"124\">Water Violet rimedio di Bach n\u00b0 34 &#8211; Per chi \u00e8 introverso e solitario, ma che ha un forte desiderio di aiutare gli altri<\/strong><\/p>\n<p data-start=\"128\" data-end=\"206\"><strong data-start=\"128\" data-end=\"188\">Water Violet (Hottonia palustris) &#8211; rimedio di Bach n\u00b034<\/strong><br data-start=\"188\" data-end=\"191\" \/>Flacone 10 ml<\/p>\n<p data-start=\"208\" data-end=\"303\"><em data-start=\"208\" data-end=\"301\">&#8220;Per chi preferisce restare solo, ma non \u00e8 egoista e ha un desiderio di aiutare gli altri.&#8221;<\/em><\/p>\n<p data-start=\"305\" data-end=\"736\">Water Violet \u00e8 il rimedio di Bach per coloro che sono introversi, indipendenti e che tendono a isolarsi, ma che possiedono un grande cuore e un sincero desiderio di aiutare gli altri. Queste persone spesso si sentono pi\u00f9 a loro agio da sole piuttosto che in compagnia, preferendo la tranquillit\u00e0 e l&#8217;autosufficienza. Nonostante la loro solitudine, sono in grado di offrire supporto agli altri grazie alla loro grande sensibilit\u00e0.<\/p>\n<p data-start=\"738\" data-end=\"1060\">Water Violet aiuta a rendere pi\u00f9 equilibrato il rapporto con gli altri, incoraggiando una connessione pi\u00f9 affettuosa e umana senza rinunciare alla propria individualit\u00e0. Questo rimedio pu\u00f2 favorire il superamento dell&#8217;isolamento emotivo, promuovendo una maggiore apertura verso gli altri senza compromettere l&#8217;autonomia.<\/p>\n<p data-start=\"1062\" data-end=\"1231\" data-is-last-node=\"\" data-is-only-node=\"\"><strong data-start=\"1062\" data-end=\"1076\">Modo d&#8217;uso<\/strong><br data-start=\"1076\" data-end=\"1079\" \/>Secondo il Dr. Bach, i rimedi floreali vanno assunti nella dose di 4 gocce alla volta, 4 volte al giorno, direttamente in bocca o diluiti in poca acqua.<\/p>\n","protected":false},"excerpt":{"rendered":"<p>Water Violet rimedio di Bach n\u00b0 34 &#8211; Per chi \u00e8 introverso e solitario, ma che ha un forte desiderio di aiutare gli altri Water Violet (Hottonia palustris) &#8211; rimedio di Bach n\u00b034Flacone 10 ml &#8220;Per chi preferisce restare solo, ma non \u00e8 egoista e&#8230;<\/p>\n","protected":false},"featured_media":54531,"template":"","meta":{"_acf_changed":false},"product_brand":[9639],"product_cat":[45104],"product_tag":[12394,11016,12397,12395,12398,14237,14238,14183],"giftcard-category":[],"class_list":{"0":"post-59826","1":"product","2":"type-product","3":"status-publish","4":"has-post-thumbnail","6":"product_brand-laboratorio-erboristico-di-leo","7":"product_cat-fiori-di-bach","8":"product_tag-bach","9":"product_tag-fiori","10":"product_tag-flowers","11":"product_tag-healing","12":"product_tag-herbs","13":"product_tag-n-34","14":"product_tag-violet","15":"product_tag-water","16":"pa_formato-10-ml","17":"pa_linea-fiori-bach-flowers","18":"pa_marca-di-leo","19":"pa_tipologia-gocce","20":"pa_tipologia-liquido-alcolico","22":"first","23":"instock","24":"sale","25":"taxable","26":"shipping-taxable","27":"purchasable","28":"product-type-simple"},"acf":[],"yoast_head":"<!-- This site is optimized with the Yoast SEO plugin v24.9 - https:\/\/yoast.com\/wordpress\/plugins\/seo\/ -->\n<title>Water Violet rimedio Bach Flowers n\u00b034 Per chi \u00e8 introverso e solitario, ma che ha un forte desiderio di aiutare gli altri - Erboristeria Demetra<\/title>\n<meta name=\"description\" content=\"Water Violet \u00e8 il rimedio di Bach per gli introversi, indipendenti e che tendono a isolarsi, ma che possiedono un grande cuore e un desiderio di aiutare gli altri\" \/>\n<meta name=\"robots\" content=\"index, follow, max-snippet:-1, max-image-preview:large, max-video-preview:-1\" \/>\n<link rel=\"canonical\" href=\"https:\/\/www.erboristerie.com\/it\/prodotto\/water-violet-rimedio-bach-flowers-n34-per-chi-e-introverso-e-solitario-ma-che-ha-un-forte-desiderio-di-aiutare-gli-altri\/\" \/>\n<meta property=\"og:locale\" content=\"it_IT\" \/>\n<meta property=\"og:type\" content=\"article\" \/>\n<meta property=\"og:title\" content=\"Water Violet rimedio Bach Flowers n\u00b034 Per chi \u00e8 introverso e solitario, ma che ha un forte desiderio di aiutare gli altri - Erboristeria Demetra\" \/>\n<meta property=\"og:description\" content=\"Water Violet \u00e8 il rimedio di Bach per gli introversi, indipendenti e che tendono a isolarsi, ma che possiedono un grande cuore e un desiderio di aiutare gli altri\" \/>\n<meta property=\"og:url\" content=\"https:\/\/www.erboristerie.com\/it\/prodotto\/water-violet-rimedio-bach-flowers-n34-per-chi-e-introverso-e-solitario-ma-che-ha-un-forte-desiderio-di-aiutare-gli-altri\/\" \/>\n<meta property=\"og:site_name\" content=\"Erboristeria Demetra\" \/>\n<meta property=\"article:publisher\" content=\"https:\/\/www.facebook.com\/erboristeria.demetra.online\" \/>\n<meta property=\"article:modified_time\" content=\"2025-09-14T15:49:53+00:00\" \/>\n<meta property=\"og:image\" content=\"https:\/\/www.erboristerie.com\/wp-content\/uploads\/2019\/01\/products-_BACHDILEO.jpg\" \/>\n\t<meta property=\"og:image:width\" content=\"500\" \/>\n\t<meta property=\"og:image:height\" content=\"640\" \/>\n\t<meta property=\"og:image:type\" content=\"image\/jpeg\" \/>\n<meta name=\"twitter:card\" content=\"summary_large_image\" \/>\n<meta name=\"twitter:label1\" content=\"Tempo di lettura stimato\" \/>\n\t<meta name=\"twitter:data1\" content=\"2 minuti\" \/>\n<script type=\"application\/ld+json\" class=\"yoast-schema-graph\">{\"@context\":\"https:\/\/schema.org\",\"@graph\":[{\"@type\":\"WebPage\",\"@id\":\"https:\/\/www.erboristerie.com\/it\/prodotto\/water-violet-rimedio-bach-flowers-n34-per-chi-e-introverso-e-solitario-ma-che-ha-un-forte-desiderio-di-aiutare-gli-altri\/\",\"url\":\"https:\/\/www.erboristerie.com\/it\/prodotto\/water-violet-rimedio-bach-flowers-n34-per-chi-e-introverso-e-solitario-ma-che-ha-un-forte-desiderio-di-aiutare-gli-altri\/\",\"name\":\"Water Violet rimedio Bach Flowers n\u00b034 Per chi \u00e8 introverso e solitario, ma che ha un forte desiderio di aiutare gli altri - Erboristeria Demetra\",\"isPartOf\":{\"@id\":\"https:\/\/www.erboristerie.com\/it\/#website\"},\"primaryImageOfPage\":{\"@id\":\"https:\/\/www.erboristerie.com\/it\/prodotto\/water-violet-rimedio-bach-flowers-n34-per-chi-e-introverso-e-solitario-ma-che-ha-un-forte-desiderio-di-aiutare-gli-altri\/#primaryimage\"},\"image\":{\"@id\":\"https:\/\/www.erboristerie.com\/it\/prodotto\/water-violet-rimedio-bach-flowers-n34-per-chi-e-introverso-e-solitario-ma-che-ha-un-forte-desiderio-di-aiutare-gli-altri\/#primaryimage\"},\"thumbnailUrl\":\"https:\/\/www.erboristerie.com\/wp-content\/uploads\/2019\/01\/products-_BACHDILEO.jpg\",\"datePublished\":\"2011-07-29T15:24:37+00:00\",\"dateModified\":\"2025-09-14T15:49:53+00:00\",\"description\":\"Water Violet \u00e8 il rimedio di Bach per gli introversi, indipendenti e che tendono a isolarsi, ma che possiedono un grande cuore e un desiderio di aiutare gli altri\",\"breadcrumb\":{\"@id\":\"https:\/\/www.erboristerie.com\/it\/prodotto\/water-violet-rimedio-bach-flowers-n34-per-chi-e-introverso-e-solitario-ma-che-ha-un-forte-desiderio-di-aiutare-gli-altri\/#breadcrumb\"},\"inLanguage\":\"it-IT\",\"potentialAction\":[{\"@type\":\"ReadAction\",\"target\":[\"https:\/\/www.erboristerie.com\/it\/prodotto\/water-violet-rimedio-bach-flowers-n34-per-chi-e-introverso-e-solitario-ma-che-ha-un-forte-desiderio-di-aiutare-gli-altri\/\"]}]},{\"@type\":\"ImageObject\",\"inLanguage\":\"it-IT\",\"@id\":\"https:\/\/www.erboristerie.com\/it\/prodotto\/water-violet-rimedio-bach-flowers-n34-per-chi-e-introverso-e-solitario-ma-che-ha-un-forte-desiderio-di-aiutare-gli-altri\/#primaryimage\",\"url\":\"https:\/\/www.erboristerie.com\/wp-content\/uploads\/2019\/01\/products-_BACHDILEO.jpg\",\"contentUrl\":\"https:\/\/www.erboristerie.com\/wp-content\/uploads\/2019\/01\/products-_BACHDILEO.jpg\",\"width\":\"500\",\"height\":\"640\",\"caption\":\"CRAB APPLE 10 ML - FIORI DI BACH\"},{\"@type\":\"BreadcrumbList\",\"@id\":\"https:\/\/www.erboristerie.com\/it\/prodotto\/water-violet-rimedio-bach-flowers-n34-per-chi-e-introverso-e-solitario-ma-che-ha-un-forte-desiderio-di-aiutare-gli-altri\/#breadcrumb\",\"itemListElement\":[{\"@type\":\"ListItem\",\"position\":1,\"name\":\"Home\",\"item\":\"https:\/\/www.erboristerie.com\/it\/\"},{\"@type\":\"ListItem\",\"position\":2,\"name\":\"Tutti i prodotti\",\"item\":\"https:\/\/www.erboristerie.com\/it\/tutti-i-prodotti\/\"},{\"@type\":\"ListItem\",\"position\":3,\"name\":\"Water Violet rimedio Bach Flowers n\u00b034 Per chi \u00e8 introverso e solitario, ma che ha un forte desiderio di aiutare gli altri\"}]},{\"@type\":\"WebSite\",\"@id\":\"https:\/\/www.erboristerie.com\/it\/#website\",\"url\":\"https:\/\/www.erboristerie.com\/it\/\",\"name\":\"Erboristeria Demetra\",\"description\":\"La tua salute al naturale\",\"publisher\":{\"@id\":\"https:\/\/www.erboristerie.com\/it\/#organization\"},\"potentialAction\":[{\"@type\":\"SearchAction\",\"target\":{\"@type\":\"EntryPoint\",\"urlTemplate\":\"https:\/\/www.erboristerie.com\/it\/?s={search_term_string}\"},\"query-input\":{\"@type\":\"PropertyValueSpecification\",\"valueRequired\":true,\"valueName\":\"search_term_string\"}}],\"inLanguage\":\"it-IT\"},{\"@type\":\"Organization\",\"@id\":\"https:\/\/www.erboristerie.com\/it\/#organization\",\"name\":\"Erboristeria Demetra\",\"url\":\"https:\/\/www.erboristerie.com\/it\/\",\"logo\":{\"@type\":\"ImageObject\",\"inLanguage\":\"it-IT\",\"@id\":\"https:\/\/www.erboristerie.com\/it\/#\/schema\/logo\/image\/\",\"url\":\"https:\/\/www.erboristerie.com\/wp-content\/uploads\/2019\/11\/LOGO_ERBORISTERIA_DEMETRA_original.png?v=1611516981\",\"contentUrl\":\"https:\/\/www.erboristerie.com\/wp-content\/uploads\/2019\/11\/LOGO_ERBORISTERIA_DEMETRA_original.png?v=1611516981\",\"width\":201,\"height\":54,\"caption\":\"Erboristeria Demetra\"},\"image\":{\"@id\":\"https:\/\/www.erboristerie.com\/it\/#\/schema\/logo\/image\/\"},\"sameAs\":[\"https:\/\/www.facebook.com\/erboristeria.demetra.online\"]}]}<\/script>\n<!-- \/ Yoast SEO plugin. -->","yoast_head_json":{"title":"Water Violet rimedio Bach Flowers n\u00b034 Per chi \u00e8 introverso e solitario, ma che ha un forte desiderio di aiutare gli altri - Erboristeria Demetra","description":"Water Violet \u00e8 il rimedio di Bach per gli introversi, indipendenti e che tendono a isolarsi, ma che possiedono un grande cuore e un desiderio di aiutare gli altri","robots":{"index":"index","follow":"follow","max-snippet":"max-snippet:-1","max-image-preview":"max-image-preview:large","max-video-preview":"max-video-preview:-1"},"canonical":"https:\/\/www.erboristerie.com\/it\/prodotto\/water-violet-rimedio-bach-flowers-n34-per-chi-e-introverso-e-solitario-ma-che-ha-un-forte-desiderio-di-aiutare-gli-altri\/","og_locale":"it_IT","og_type":"article","og_title":"Water Violet rimedio Bach Flowers n\u00b034 Per chi \u00e8 introverso e solitario, ma che ha un forte desiderio di aiutare gli altri - Erboristeria Demetra","og_description":"Water Violet \u00e8 il rimedio di Bach per gli introversi, indipendenti e che tendono a isolarsi, ma che possiedono un grande cuore e un desiderio di aiutare gli altri","og_url":"https:\/\/www.erboristerie.com\/it\/prodotto\/water-violet-rimedio-bach-flowers-n34-per-chi-e-introverso-e-solitario-ma-che-ha-un-forte-desiderio-di-aiutare-gli-altri\/","og_site_name":"Erboristeria Demetra","article_publisher":"https:\/\/www.facebook.com\/erboristeria.demetra.online","article_modified_time":"2025-09-14T15:49:53+00:00","og_image":[{"width":500,"height":640,"url":"https:\/\/www.erboristerie.com\/wp-content\/uploads\/2019\/01\/products-_BACHDILEO.jpg","type":"image\/jpeg"}],"twitter_card":"summary_large_image","twitter_misc":{"Tempo di lettura stimato":"2 minuti"},"schema":{"@context":"https:\/\/schema.org","@graph":[{"@type":"WebPage","@id":"https:\/\/www.erboristerie.com\/it\/prodotto\/water-violet-rimedio-bach-flowers-n34-per-chi-e-introverso-e-solitario-ma-che-ha-un-forte-desiderio-di-aiutare-gli-altri\/","url":"https:\/\/www.erboristerie.com\/it\/prodotto\/water-violet-rimedio-bach-flowers-n34-per-chi-e-introverso-e-solitario-ma-che-ha-un-forte-desiderio-di-aiutare-gli-altri\/","name":"Water Violet rimedio Bach Flowers n\u00b034 Per chi \u00e8 introverso e solitario, ma che ha un forte desiderio di aiutare gli altri - Erboristeria Demetra","isPartOf":{"@id":"https:\/\/www.erboristerie.com\/it\/#website"},"primaryImageOfPage":{"@id":"https:\/\/www.erboristerie.com\/it\/prodotto\/water-violet-rimedio-bach-flowers-n34-per-chi-e-introverso-e-solitario-ma-che-ha-un-forte-desiderio-di-aiutare-gli-altri\/#primaryimage"},"image":{"@id":"https:\/\/www.erboristerie.com\/it\/prodotto\/water-violet-rimedio-bach-flowers-n34-per-chi-e-introverso-e-solitario-ma-che-ha-un-forte-desiderio-di-aiutare-gli-altri\/#primaryimage"},"thumbnailUrl":"https:\/\/www.erboristerie.com\/wp-content\/uploads\/2019\/01\/products-_BACHDILEO.jpg","datePublished":"2011-07-29T15:24:37+00:00","dateModified":"2025-09-14T15:49:53+00:00","description":"Water Violet \u00e8 il rimedio di Bach per gli introversi, indipendenti e che tendono a isolarsi, ma che possiedono un grande cuore e un desiderio di aiutare gli altri","breadcrumb":{"@id":"https:\/\/www.erboristerie.com\/it\/prodotto\/water-violet-rimedio-bach-flowers-n34-per-chi-e-introverso-e-solitario-ma-che-ha-un-forte-desiderio-di-aiutare-gli-altri\/#breadcrumb"},"inLanguage":"it-IT","potentialAction":[{"@type":"ReadAction","target":["https:\/\/www.erboristerie.com\/it\/prodotto\/water-violet-rimedio-bach-flowers-n34-per-chi-e-introverso-e-solitario-ma-che-ha-un-forte-desiderio-di-aiutare-gli-altri\/"]}]},{"@type":"ImageObject","inLanguage":"it-IT","@id":"https:\/\/www.erboristerie.com\/it\/prodotto\/water-violet-rimedio-bach-flowers-n34-per-chi-e-introverso-e-solitario-ma-che-ha-un-forte-desiderio-di-aiutare-gli-altri\/#primaryimage","url":"https:\/\/www.erboristerie.com\/wp-content\/uploads\/2019\/01\/products-_BACHDILEO.jpg","contentUrl":"https:\/\/www.erboristerie.com\/wp-content\/uploads\/2019\/01\/products-_BACHDILEO.jpg","width":"500","height":"640","caption":"CRAB APPLE 10 ML - FIORI DI BACH"},{"@type":"BreadcrumbList","@id":"https:\/\/www.erboristerie.com\/it\/prodotto\/water-violet-rimedio-bach-flowers-n34-per-chi-e-introverso-e-solitario-ma-che-ha-un-forte-desiderio-di-aiutare-gli-altri\/#breadcrumb","itemListElement":[{"@type":"ListItem","position":1,"name":"Home","item":"https:\/\/www.erboristerie.com\/it\/"},{"@type":"ListItem","position":2,"name":"Tutti i prodotti","item":"https:\/\/www.erboristerie.com\/it\/tutti-i-prodotti\/"},{"@type":"ListItem","position":3,"name":"Water Violet rimedio Bach Flowers n\u00b034 Per chi \u00e8 introverso e solitario, ma che ha un forte desiderio di aiutare gli altri"}]},{"@type":"WebSite","@id":"https:\/\/www.erboristerie.com\/it\/#website","url":"https:\/\/www.erboristerie.com\/it\/","name":"Erboristeria Demetra","description":"La tua salute al naturale","publisher":{"@id":"https:\/\/www.erboristerie.com\/it\/#organization"},"potentialAction":[{"@type":"SearchAction","target":{"@type":"EntryPoint","urlTemplate":"https:\/\/www.erboristerie.com\/it\/?s={search_term_string}"},"query-input":{"@type":"PropertyValueSpecification","valueRequired":true,"valueName":"search_term_string"}}],"inLanguage":"it-IT"},{"@type":"Organization","@id":"https:\/\/www.erboristerie.com\/it\/#organization","name":"Erboristeria Demetra","url":"https:\/\/www.erboristerie.com\/it\/","logo":{"@type":"ImageObject","inLanguage":"it-IT","@id":"https:\/\/www.erboristerie.com\/it\/#\/schema\/logo\/image\/","url":"https:\/\/www.erboristerie.com\/wp-content\/uploads\/2019\/11\/LOGO_ERBORISTERIA_DEMETRA_original.png?v=1611516981","contentUrl":"https:\/\/www.erboristerie.com\/wp-content\/uploads\/2019\/11\/LOGO_ERBORISTERIA_DEMETRA_original.png?v=1611516981","width":201,"height":54,"caption":"Erboristeria Demetra"},"image":{"@id":"https:\/\/www.erboristerie.com\/it\/#\/schema\/logo\/image\/"},"sameAs":["https:\/\/www.facebook.com\/erboristeria.demetra.online"]}]}},"_links":{"self":[{"href":"https:\/\/www.erboristerie.com\/it\/wp-json\/wp\/v2\/product\/59826","targetHints":{"allow":["GET"]}}],"collection":[{"href":"https:\/\/www.erboristerie.com\/it\/wp-json\/wp\/v2\/product"}],"about":[{"href":"https:\/\/www.erboristerie.com\/it\/wp-json\/wp\/v2\/types\/product"}],"wp:featuredmedia":[{"embeddable":true,"href":"https:\/\/www.erboristerie.com\/it\/wp-json\/wp\/v2\/media\/54531"}],"wp:attachment":[{"href":"https:\/\/www.erboristerie.com\/it\/wp-json\/wp\/v2\/media?parent=59826"}],"wp:term":[{"taxonomy":"product_brand","embeddable":true,"href":"https:\/\/www.erboristerie.com\/it\/wp-json\/wp\/v2\/product_brand?post=59826"},{"taxonomy":"product_cat","embeddable":true,"href":"https:\/\/www.erboristerie.com\/it\/wp-json\/wp\/v2\/product_cat?post=59826"},{"taxonomy":"product_tag","embeddable":true,"href":"https:\/\/www.erboristerie.com\/it\/wp-json\/wp\/v2\/product_tag?post=59826"},{"taxonomy":"giftcard-category","embeddable":true,"href":"https:\/\/www.erboristerie.com\/it\/wp-json\/wp\/v2\/giftcard-category?post=59826"}],"curies":[{"name":"wp","href":"https:\/\/api.w.org\/{rel}","templated":true}]}}