{"id":59758,"date":"2011-07-28T17:53:02","date_gmt":"2011-07-28T15:53:02","guid":{"rendered":"http:\/\/www.erboristerie.com\/?post_type=product&#038;p=59758"},"modified":"2025-09-14T17:49:03","modified_gmt":"2025-09-14T15:49:03","slug":"star-of-bethlehem-rimedio-bach-flowers-n29-per-il-trauma-il-dolore-e-lo-shock","status":"publish","type":"product","link":"https:\/\/www.erboristerie.com\/it\/prodotto\/star-of-bethlehem-rimedio-bach-flowers-n29-per-il-trauma-il-dolore-e-lo-shock\/","title":{"rendered":"Star of Bethlehem rimedio Bach Flowers n\u00b029 Per il trauma, il dolore e lo shock"},"content":{"rendered":"<p data-start=\"0\" data-end=\"81\"><strong data-start=\"0\" data-end=\"81\">Star of Bethlehem rimedio di Bach n\u00b0 29 &#8211; Per il trauma, il dolore e lo shock<\/strong><\/p>\n<p data-start=\"83\" data-end=\"171\"><strong data-start=\"83\" data-end=\"153\">Star of Bethlehem (Ornithogalum umbellatum) &#8211; rimedio di Bach n\u00b029<\/strong><br data-start=\"153\" data-end=\"156\" \/>Flacone 10 ml<\/p>\n<p data-start=\"173\" data-end=\"267\"><em data-start=\"173\" data-end=\"265\">&#8220;Per chi ha vissuto un trauma o un dolore emotivo che continua a influenzare la sua vita.&#8221;<\/em><\/p>\n<p data-start=\"269\" data-end=\"701\">Star of Bethlehem \u00e8 il rimedio di Bach per coloro che hanno subito un trauma, un dolore o un&#8217;esperienza emotiva intensa che lascia una cicatrice duratura. Questo fiore aiuta a superare le difficolt\u00e0 emotive causate da un evento scioccante, portando sollievo e guarigione alle ferite invisibili dell&#8217;anima. \u00c8 utile per chi ha subito una perdita, un incidente o un&#8217;esperienza dolorosa che non \u00e8 stata ancora elaborata completamente.<\/p>\n<p data-start=\"703\" data-end=\"1001\">Star of Bethlehem agisce come un balsamo per le cicatrici emotive, riportando la pace interiore e aiutando a liberarsi dal peso del dolore passato. \u00c8 il rimedio perfetto per chi \u00e8 ancora legato a esperienze traumatiche e ha bisogno di liberarsi per proseguire nel cammino della vita con serenit\u00e0.<\/p>\n<p data-start=\"1003\" data-end=\"1172\" data-is-last-node=\"\" data-is-only-node=\"\"><strong data-start=\"1003\" data-end=\"1017\">Modo d&#8217;uso<\/strong><\/p>\n<p data-start=\"1003\" data-end=\"1172\" data-is-last-node=\"\" data-is-only-node=\"\">Secondo il Dr. Bach, i rimedi floreali vanno assunti nella dose di 4 gocce alla volta, 4 volte al giorno, direttamente in bocca o diluiti in poca acqua.<\/p>\n","protected":false},"excerpt":{"rendered":"<p>Star of Bethlehem rimedio di Bach n\u00b0 29 &#8211; Per il trauma, il dolore e lo shock Star of Bethlehem (Ornithogalum umbellatum) &#8211; rimedio di Bach n\u00b029Flacone 10 ml &#8220;Per chi ha vissuto un trauma o un dolore emotivo che continua a influenzare la sua&#8230;<\/p>\n","protected":false},"featured_media":54531,"template":"","meta":{"_acf_changed":false},"product_brand":[9639],"product_cat":[45104],"product_tag":[12394,14187,11016,12397,12395,12398,14186,14185],"giftcard-category":[],"class_list":{"0":"post-59758","1":"product","2":"type-product","3":"status-publish","4":"has-post-thumbnail","6":"product_brand-laboratorio-erboristico-di-leo","7":"product_cat-fiori-di-bach","8":"product_tag-bach","9":"product_tag-bethlehem","10":"product_tag-fiori","11":"product_tag-flowers","12":"product_tag-healing","13":"product_tag-herbs","14":"product_tag-n-29","15":"product_tag-star","16":"pa_formato-10-ml","17":"pa_linea-fiori-bach-flowers","18":"pa_marca-di-leo","19":"pa_tipologia-gocce","20":"pa_tipologia-liquido-alcolico","22":"first","23":"instock","24":"sale","25":"taxable","26":"shipping-taxable","27":"purchasable","28":"product-type-simple"},"acf":[],"yoast_head":"<!-- This site is optimized with the Yoast SEO plugin v24.9 - https:\/\/yoast.com\/wordpress\/plugins\/seo\/ -->\n<title>Star of Bethlehem rimedio Bach Flowers n\u00b029 Per il trauma, il dolore e lo shock - Erboristeria Demetra<\/title>\n<meta name=\"description\" content=\"Star of Bethlehem \u00e8 il rimedio di Bach per coloro che hanno subito un trauma, un dolore o un&#039;esperienza emotiva intensa che lascia una cicatrice duratura\" \/>\n<meta name=\"robots\" content=\"index, follow, max-snippet:-1, max-image-preview:large, max-video-preview:-1\" \/>\n<link rel=\"canonical\" href=\"https:\/\/www.erboristerie.com\/it\/prodotto\/star-of-bethlehem-rimedio-bach-flowers-n29-per-il-trauma-il-dolore-e-lo-shock\/\" \/>\n<meta property=\"og:locale\" content=\"it_IT\" \/>\n<meta property=\"og:type\" content=\"article\" \/>\n<meta property=\"og:title\" content=\"Star of Bethlehem rimedio Bach Flowers n\u00b029 Per il trauma, il dolore e lo shock - Erboristeria Demetra\" \/>\n<meta property=\"og:description\" content=\"Star of Bethlehem \u00e8 il rimedio di Bach per coloro che hanno subito un trauma, un dolore o un&#039;esperienza emotiva intensa che lascia una cicatrice duratura\" \/>\n<meta property=\"og:url\" content=\"https:\/\/www.erboristerie.com\/it\/prodotto\/star-of-bethlehem-rimedio-bach-flowers-n29-per-il-trauma-il-dolore-e-lo-shock\/\" \/>\n<meta property=\"og:site_name\" content=\"Erboristeria Demetra\" \/>\n<meta property=\"article:publisher\" content=\"https:\/\/www.facebook.com\/erboristeria.demetra.online\" \/>\n<meta property=\"article:modified_time\" content=\"2025-09-14T15:49:03+00:00\" \/>\n<meta property=\"og:image\" content=\"https:\/\/www.erboristerie.com\/wp-content\/uploads\/2019\/01\/products-_BACHDILEO.jpg\" \/>\n\t<meta property=\"og:image:width\" content=\"500\" \/>\n\t<meta property=\"og:image:height\" content=\"640\" \/>\n\t<meta property=\"og:image:type\" content=\"image\/jpeg\" \/>\n<meta name=\"twitter:card\" content=\"summary_large_image\" \/>\n<meta name=\"twitter:label1\" content=\"Tempo di lettura stimato\" \/>\n\t<meta name=\"twitter:data1\" content=\"2 minuti\" \/>\n<script type=\"application\/ld+json\" class=\"yoast-schema-graph\">{\"@context\":\"https:\/\/schema.org\",\"@graph\":[{\"@type\":\"WebPage\",\"@id\":\"https:\/\/www.erboristerie.com\/it\/prodotto\/star-of-bethlehem-rimedio-bach-flowers-n29-per-il-trauma-il-dolore-e-lo-shock\/\",\"url\":\"https:\/\/www.erboristerie.com\/it\/prodotto\/star-of-bethlehem-rimedio-bach-flowers-n29-per-il-trauma-il-dolore-e-lo-shock\/\",\"name\":\"Star of Bethlehem rimedio Bach Flowers n\u00b029 Per il trauma, il dolore e lo shock - Erboristeria Demetra\",\"isPartOf\":{\"@id\":\"https:\/\/www.erboristerie.com\/it\/#website\"},\"primaryImageOfPage\":{\"@id\":\"https:\/\/www.erboristerie.com\/it\/prodotto\/star-of-bethlehem-rimedio-bach-flowers-n29-per-il-trauma-il-dolore-e-lo-shock\/#primaryimage\"},\"image\":{\"@id\":\"https:\/\/www.erboristerie.com\/it\/prodotto\/star-of-bethlehem-rimedio-bach-flowers-n29-per-il-trauma-il-dolore-e-lo-shock\/#primaryimage\"},\"thumbnailUrl\":\"https:\/\/www.erboristerie.com\/wp-content\/uploads\/2019\/01\/products-_BACHDILEO.jpg\",\"datePublished\":\"2011-07-28T15:53:02+00:00\",\"dateModified\":\"2025-09-14T15:49:03+00:00\",\"description\":\"Star of Bethlehem \u00e8 il rimedio di Bach per coloro che hanno subito un trauma, un dolore o un'esperienza emotiva intensa che lascia una cicatrice duratura\",\"breadcrumb\":{\"@id\":\"https:\/\/www.erboristerie.com\/it\/prodotto\/star-of-bethlehem-rimedio-bach-flowers-n29-per-il-trauma-il-dolore-e-lo-shock\/#breadcrumb\"},\"inLanguage\":\"it-IT\",\"potentialAction\":[{\"@type\":\"ReadAction\",\"target\":[\"https:\/\/www.erboristerie.com\/it\/prodotto\/star-of-bethlehem-rimedio-bach-flowers-n29-per-il-trauma-il-dolore-e-lo-shock\/\"]}]},{\"@type\":\"ImageObject\",\"inLanguage\":\"it-IT\",\"@id\":\"https:\/\/www.erboristerie.com\/it\/prodotto\/star-of-bethlehem-rimedio-bach-flowers-n29-per-il-trauma-il-dolore-e-lo-shock\/#primaryimage\",\"url\":\"https:\/\/www.erboristerie.com\/wp-content\/uploads\/2019\/01\/products-_BACHDILEO.jpg\",\"contentUrl\":\"https:\/\/www.erboristerie.com\/wp-content\/uploads\/2019\/01\/products-_BACHDILEO.jpg\",\"width\":\"500\",\"height\":\"640\",\"caption\":\"CRAB APPLE 10 ML - FIORI DI BACH\"},{\"@type\":\"BreadcrumbList\",\"@id\":\"https:\/\/www.erboristerie.com\/it\/prodotto\/star-of-bethlehem-rimedio-bach-flowers-n29-per-il-trauma-il-dolore-e-lo-shock\/#breadcrumb\",\"itemListElement\":[{\"@type\":\"ListItem\",\"position\":1,\"name\":\"Home\",\"item\":\"https:\/\/www.erboristerie.com\/it\/\"},{\"@type\":\"ListItem\",\"position\":2,\"name\":\"Tutti i prodotti\",\"item\":\"https:\/\/www.erboristerie.com\/it\/tutti-i-prodotti\/\"},{\"@type\":\"ListItem\",\"position\":3,\"name\":\"Star of Bethlehem rimedio Bach Flowers n\u00b029 Per il trauma, il dolore e lo shock\"}]},{\"@type\":\"WebSite\",\"@id\":\"https:\/\/www.erboristerie.com\/it\/#website\",\"url\":\"https:\/\/www.erboristerie.com\/it\/\",\"name\":\"Erboristeria Demetra\",\"description\":\"La tua salute al naturale\",\"publisher\":{\"@id\":\"https:\/\/www.erboristerie.com\/it\/#organization\"},\"potentialAction\":[{\"@type\":\"SearchAction\",\"target\":{\"@type\":\"EntryPoint\",\"urlTemplate\":\"https:\/\/www.erboristerie.com\/it\/?s={search_term_string}\"},\"query-input\":{\"@type\":\"PropertyValueSpecification\",\"valueRequired\":true,\"valueName\":\"search_term_string\"}}],\"inLanguage\":\"it-IT\"},{\"@type\":\"Organization\",\"@id\":\"https:\/\/www.erboristerie.com\/it\/#organization\",\"name\":\"Erboristeria Demetra\",\"url\":\"https:\/\/www.erboristerie.com\/it\/\",\"logo\":{\"@type\":\"ImageObject\",\"inLanguage\":\"it-IT\",\"@id\":\"https:\/\/www.erboristerie.com\/it\/#\/schema\/logo\/image\/\",\"url\":\"https:\/\/www.erboristerie.com\/wp-content\/uploads\/2019\/11\/LOGO_ERBORISTERIA_DEMETRA_original.png?v=1611516981\",\"contentUrl\":\"https:\/\/www.erboristerie.com\/wp-content\/uploads\/2019\/11\/LOGO_ERBORISTERIA_DEMETRA_original.png?v=1611516981\",\"width\":201,\"height\":54,\"caption\":\"Erboristeria Demetra\"},\"image\":{\"@id\":\"https:\/\/www.erboristerie.com\/it\/#\/schema\/logo\/image\/\"},\"sameAs\":[\"https:\/\/www.facebook.com\/erboristeria.demetra.online\"]}]}<\/script>\n<!-- \/ Yoast SEO plugin. -->","yoast_head_json":{"title":"Star of Bethlehem rimedio Bach Flowers n\u00b029 Per il trauma, il dolore e lo shock - Erboristeria Demetra","description":"Star of Bethlehem \u00e8 il rimedio di Bach per coloro che hanno subito un trauma, un dolore o un'esperienza emotiva intensa che lascia una cicatrice duratura","robots":{"index":"index","follow":"follow","max-snippet":"max-snippet:-1","max-image-preview":"max-image-preview:large","max-video-preview":"max-video-preview:-1"},"canonical":"https:\/\/www.erboristerie.com\/it\/prodotto\/star-of-bethlehem-rimedio-bach-flowers-n29-per-il-trauma-il-dolore-e-lo-shock\/","og_locale":"it_IT","og_type":"article","og_title":"Star of Bethlehem rimedio Bach Flowers n\u00b029 Per il trauma, il dolore e lo shock - Erboristeria Demetra","og_description":"Star of Bethlehem \u00e8 il rimedio di Bach per coloro che hanno subito un trauma, un dolore o un'esperienza emotiva intensa che lascia una cicatrice duratura","og_url":"https:\/\/www.erboristerie.com\/it\/prodotto\/star-of-bethlehem-rimedio-bach-flowers-n29-per-il-trauma-il-dolore-e-lo-shock\/","og_site_name":"Erboristeria Demetra","article_publisher":"https:\/\/www.facebook.com\/erboristeria.demetra.online","article_modified_time":"2025-09-14T15:49:03+00:00","og_image":[{"width":500,"height":640,"url":"https:\/\/www.erboristerie.com\/wp-content\/uploads\/2019\/01\/products-_BACHDILEO.jpg","type":"image\/jpeg"}],"twitter_card":"summary_large_image","twitter_misc":{"Tempo di lettura stimato":"2 minuti"},"schema":{"@context":"https:\/\/schema.org","@graph":[{"@type":"WebPage","@id":"https:\/\/www.erboristerie.com\/it\/prodotto\/star-of-bethlehem-rimedio-bach-flowers-n29-per-il-trauma-il-dolore-e-lo-shock\/","url":"https:\/\/www.erboristerie.com\/it\/prodotto\/star-of-bethlehem-rimedio-bach-flowers-n29-per-il-trauma-il-dolore-e-lo-shock\/","name":"Star of Bethlehem rimedio Bach Flowers n\u00b029 Per il trauma, il dolore e lo shock - Erboristeria Demetra","isPartOf":{"@id":"https:\/\/www.erboristerie.com\/it\/#website"},"primaryImageOfPage":{"@id":"https:\/\/www.erboristerie.com\/it\/prodotto\/star-of-bethlehem-rimedio-bach-flowers-n29-per-il-trauma-il-dolore-e-lo-shock\/#primaryimage"},"image":{"@id":"https:\/\/www.erboristerie.com\/it\/prodotto\/star-of-bethlehem-rimedio-bach-flowers-n29-per-il-trauma-il-dolore-e-lo-shock\/#primaryimage"},"thumbnailUrl":"https:\/\/www.erboristerie.com\/wp-content\/uploads\/2019\/01\/products-_BACHDILEO.jpg","datePublished":"2011-07-28T15:53:02+00:00","dateModified":"2025-09-14T15:49:03+00:00","description":"Star of Bethlehem \u00e8 il rimedio di Bach per coloro che hanno subito un trauma, un dolore o un'esperienza emotiva intensa che lascia una cicatrice duratura","breadcrumb":{"@id":"https:\/\/www.erboristerie.com\/it\/prodotto\/star-of-bethlehem-rimedio-bach-flowers-n29-per-il-trauma-il-dolore-e-lo-shock\/#breadcrumb"},"inLanguage":"it-IT","potentialAction":[{"@type":"ReadAction","target":["https:\/\/www.erboristerie.com\/it\/prodotto\/star-of-bethlehem-rimedio-bach-flowers-n29-per-il-trauma-il-dolore-e-lo-shock\/"]}]},{"@type":"ImageObject","inLanguage":"it-IT","@id":"https:\/\/www.erboristerie.com\/it\/prodotto\/star-of-bethlehem-rimedio-bach-flowers-n29-per-il-trauma-il-dolore-e-lo-shock\/#primaryimage","url":"https:\/\/www.erboristerie.com\/wp-content\/uploads\/2019\/01\/products-_BACHDILEO.jpg","contentUrl":"https:\/\/www.erboristerie.com\/wp-content\/uploads\/2019\/01\/products-_BACHDILEO.jpg","width":"500","height":"640","caption":"CRAB APPLE 10 ML - FIORI DI BACH"},{"@type":"BreadcrumbList","@id":"https:\/\/www.erboristerie.com\/it\/prodotto\/star-of-bethlehem-rimedio-bach-flowers-n29-per-il-trauma-il-dolore-e-lo-shock\/#breadcrumb","itemListElement":[{"@type":"ListItem","position":1,"name":"Home","item":"https:\/\/www.erboristerie.com\/it\/"},{"@type":"ListItem","position":2,"name":"Tutti i prodotti","item":"https:\/\/www.erboristerie.com\/it\/tutti-i-prodotti\/"},{"@type":"ListItem","position":3,"name":"Star of Bethlehem rimedio Bach Flowers n\u00b029 Per il trauma, il dolore e lo shock"}]},{"@type":"WebSite","@id":"https:\/\/www.erboristerie.com\/it\/#website","url":"https:\/\/www.erboristerie.com\/it\/","name":"Erboristeria Demetra","description":"La tua salute al naturale","publisher":{"@id":"https:\/\/www.erboristerie.com\/it\/#organization"},"potentialAction":[{"@type":"SearchAction","target":{"@type":"EntryPoint","urlTemplate":"https:\/\/www.erboristerie.com\/it\/?s={search_term_string}"},"query-input":{"@type":"PropertyValueSpecification","valueRequired":true,"valueName":"search_term_string"}}],"inLanguage":"it-IT"},{"@type":"Organization","@id":"https:\/\/www.erboristerie.com\/it\/#organization","name":"Erboristeria Demetra","url":"https:\/\/www.erboristerie.com\/it\/","logo":{"@type":"ImageObject","inLanguage":"it-IT","@id":"https:\/\/www.erboristerie.com\/it\/#\/schema\/logo\/image\/","url":"https:\/\/www.erboristerie.com\/wp-content\/uploads\/2019\/11\/LOGO_ERBORISTERIA_DEMETRA_original.png?v=1611516981","contentUrl":"https:\/\/www.erboristerie.com\/wp-content\/uploads\/2019\/11\/LOGO_ERBORISTERIA_DEMETRA_original.png?v=1611516981","width":201,"height":54,"caption":"Erboristeria Demetra"},"image":{"@id":"https:\/\/www.erboristerie.com\/it\/#\/schema\/logo\/image\/"},"sameAs":["https:\/\/www.facebook.com\/erboristeria.demetra.online"]}]}},"_links":{"self":[{"href":"https:\/\/www.erboristerie.com\/it\/wp-json\/wp\/v2\/product\/59758","targetHints":{"allow":["GET"]}}],"collection":[{"href":"https:\/\/www.erboristerie.com\/it\/wp-json\/wp\/v2\/product"}],"about":[{"href":"https:\/\/www.erboristerie.com\/it\/wp-json\/wp\/v2\/types\/product"}],"wp:featuredmedia":[{"embeddable":true,"href":"https:\/\/www.erboristerie.com\/it\/wp-json\/wp\/v2\/media\/54531"}],"wp:attachment":[{"href":"https:\/\/www.erboristerie.com\/it\/wp-json\/wp\/v2\/media?parent=59758"}],"wp:term":[{"taxonomy":"product_brand","embeddable":true,"href":"https:\/\/www.erboristerie.com\/it\/wp-json\/wp\/v2\/product_brand?post=59758"},{"taxonomy":"product_cat","embeddable":true,"href":"https:\/\/www.erboristerie.com\/it\/wp-json\/wp\/v2\/product_cat?post=59758"},{"taxonomy":"product_tag","embeddable":true,"href":"https:\/\/www.erboristerie.com\/it\/wp-json\/wp\/v2\/product_tag?post=59758"},{"taxonomy":"giftcard-category","embeddable":true,"href":"https:\/\/www.erboristerie.com\/it\/wp-json\/wp\/v2\/giftcard-category?post=59758"}],"curies":[{"name":"wp","href":"https:\/\/api.w.org\/{rel}","templated":true}]}}