{"id":59746,"date":"2011-07-28T17:48:46","date_gmt":"2011-07-28T15:48:46","guid":{"rendered":"http:\/\/www.erboristerie.com\/?post_type=product&#038;p=59746"},"modified":"2025-09-14T17:47:05","modified_gmt":"2025-09-14T15:47:05","slug":"larch-rimedio-bach-flowers-n19-per-chi-manca-di-fiducia-in-se-stesso","status":"publish","type":"product","link":"https:\/\/www.erboristerie.com\/it\/prodotto\/larch-rimedio-bach-flowers-n19-per-chi-manca-di-fiducia-in-se-stesso\/","title":{"rendered":"Larch rimedio Bach Flowers n\u00b019 Per chi manca di fiducia in s\u00e9 stesso"},"content":{"rendered":"<p data-start=\"0\" data-end=\"72\"><strong data-start=\"0\" data-end=\"70\">Larch rimedio di Bach n\u00b019 &#8211; Per chi manca di fiducia in s\u00e9 stesso<\/strong><\/p>\n<p data-start=\"74\" data-end=\"140\"><strong data-start=\"74\" data-end=\"122\">Larch (Larix decidua) &#8211; rimedio di Bach n\u00b019<\/strong><br data-start=\"122\" data-end=\"125\" \/>Flacone 10 ml<\/p>\n<p data-start=\"142\" data-end=\"301\"><em data-start=\"142\" data-end=\"299\">&#8220;Per coloro che si sentono inferiori, che temono di fallire e non osano nemmeno provare. Larch dona fiducia e coraggio, aiutando a superare l&#8217;insicurezza.&#8221;<\/em><\/p>\n<p data-start=\"303\" data-end=\"640\">Larch \u00e8 il rimedio adatto a chi soffre di una profonda mancanza di fiducia in s\u00e9 stesso, a chi si sente inferiore agli altri e teme di non essere all\u2019altezza delle situazioni. Queste persone evitano di mettersi alla prova perch\u00e9 sono convinte di fallire, anche se in realt\u00e0 hanno capacit\u00e0 e potenzialit\u00e0 che non riescono a riconoscere.<\/p>\n<p data-start=\"642\" data-end=\"808\">Questo fiore aiuta a ritrovare l&#8217;autostima, a sviluppare fiducia nelle proprie capacit\u00e0 e ad affrontare le sfide della vita con maggiore determinazione e sicurezza.<\/p>\n<p data-start=\"810\" data-end=\"979\" data-is-only-node=\"\" data-is-last-node=\"\"><strong data-start=\"810\" data-end=\"824\">Modo d&#8217;uso<\/strong><\/p>\n<p data-start=\"810\" data-end=\"979\" data-is-only-node=\"\" data-is-last-node=\"\">Secondo il Dr. Bach, i rimedi floreali vanno assunti nella dose di 4 gocce alla volta, 4 volte al giorno, direttamente in bocca o diluiti in poca acqua.<\/p>\n","protected":false},"excerpt":{"rendered":"<p>Larch rimedio di Bach n\u00b019 &#8211; Per chi manca di fiducia in s\u00e9 stesso Larch (Larix decidua) &#8211; rimedio di Bach n\u00b019Flacone 10 ml &#8220;Per coloro che si sentono inferiori, che temono di fallire e non osano nemmeno provare. Larch dona fiducia e coraggio, aiutando&#8230;<\/p>\n","protected":false},"featured_media":54531,"template":"","meta":{"_acf_changed":false},"product_brand":[9639],"product_cat":[45104],"product_tag":[12394,11016,12397,12395,12398,14176,14177],"giftcard-category":[],"class_list":{"0":"post-59746","1":"product","2":"type-product","3":"status-publish","4":"has-post-thumbnail","6":"product_brand-laboratorio-erboristico-di-leo","7":"product_cat-fiori-di-bach","8":"product_tag-bach","9":"product_tag-fiori","10":"product_tag-flowers","11":"product_tag-healing","12":"product_tag-herbs","13":"product_tag-larch","14":"product_tag-n-19","15":"pa_formato-10-ml","16":"pa_linea-fiori-bach-flowers","17":"pa_marca-di-leo","18":"pa_tipologia-gocce","19":"pa_tipologia-liquido-alcolico","21":"first","22":"instock","23":"sale","24":"taxable","25":"shipping-taxable","26":"purchasable","27":"product-type-simple"},"acf":[],"yoast_head":"<!-- This site is optimized with the Yoast SEO plugin v24.9 - https:\/\/yoast.com\/wordpress\/plugins\/seo\/ -->\n<title>Larch rimedio Bach Flowers n\u00b019 Per chi manca di fiducia in s\u00e9 stesso - Erboristeria Demetra<\/title>\n<meta name=\"description\" content=\"Larch \u00e8 adatto a chi soffre di una profonda mancanza di fiducia in s\u00e9 stesso, a chi si sente inferiore agli altri e teme di non essere all\u2019altezza delle situazioni.\" \/>\n<meta name=\"robots\" content=\"index, follow, max-snippet:-1, max-image-preview:large, max-video-preview:-1\" \/>\n<link rel=\"canonical\" href=\"https:\/\/www.erboristerie.com\/it\/prodotto\/larch-rimedio-bach-flowers-n19-per-chi-manca-di-fiducia-in-se-stesso\/\" \/>\n<meta property=\"og:locale\" content=\"it_IT\" \/>\n<meta property=\"og:type\" content=\"article\" \/>\n<meta property=\"og:title\" content=\"Larch rimedio Bach Flowers n\u00b019 Per chi manca di fiducia in s\u00e9 stesso - Erboristeria Demetra\" \/>\n<meta property=\"og:description\" content=\"Larch \u00e8 adatto a chi soffre di una profonda mancanza di fiducia in s\u00e9 stesso, a chi si sente inferiore agli altri e teme di non essere all\u2019altezza delle situazioni.\" \/>\n<meta property=\"og:url\" content=\"https:\/\/www.erboristerie.com\/it\/prodotto\/larch-rimedio-bach-flowers-n19-per-chi-manca-di-fiducia-in-se-stesso\/\" \/>\n<meta property=\"og:site_name\" content=\"Erboristeria Demetra\" \/>\n<meta property=\"article:publisher\" content=\"https:\/\/www.facebook.com\/erboristeria.demetra.online\" \/>\n<meta property=\"article:modified_time\" content=\"2025-09-14T15:47:05+00:00\" \/>\n<meta property=\"og:image\" content=\"https:\/\/www.erboristerie.com\/wp-content\/uploads\/2019\/01\/products-_BACHDILEO.jpg\" \/>\n\t<meta property=\"og:image:width\" content=\"500\" \/>\n\t<meta property=\"og:image:height\" content=\"640\" \/>\n\t<meta property=\"og:image:type\" content=\"image\/jpeg\" \/>\n<meta name=\"twitter:card\" content=\"summary_large_image\" \/>\n<meta name=\"twitter:label1\" content=\"Tempo di lettura stimato\" \/>\n\t<meta name=\"twitter:data1\" content=\"1 minuto\" \/>\n<script type=\"application\/ld+json\" class=\"yoast-schema-graph\">{\"@context\":\"https:\/\/schema.org\",\"@graph\":[{\"@type\":\"WebPage\",\"@id\":\"https:\/\/www.erboristerie.com\/it\/prodotto\/larch-rimedio-bach-flowers-n19-per-chi-manca-di-fiducia-in-se-stesso\/\",\"url\":\"https:\/\/www.erboristerie.com\/it\/prodotto\/larch-rimedio-bach-flowers-n19-per-chi-manca-di-fiducia-in-se-stesso\/\",\"name\":\"Larch rimedio Bach Flowers n\u00b019 Per chi manca di fiducia in s\u00e9 stesso - Erboristeria Demetra\",\"isPartOf\":{\"@id\":\"https:\/\/www.erboristerie.com\/it\/#website\"},\"primaryImageOfPage\":{\"@id\":\"https:\/\/www.erboristerie.com\/it\/prodotto\/larch-rimedio-bach-flowers-n19-per-chi-manca-di-fiducia-in-se-stesso\/#primaryimage\"},\"image\":{\"@id\":\"https:\/\/www.erboristerie.com\/it\/prodotto\/larch-rimedio-bach-flowers-n19-per-chi-manca-di-fiducia-in-se-stesso\/#primaryimage\"},\"thumbnailUrl\":\"https:\/\/www.erboristerie.com\/wp-content\/uploads\/2019\/01\/products-_BACHDILEO.jpg\",\"datePublished\":\"2011-07-28T15:48:46+00:00\",\"dateModified\":\"2025-09-14T15:47:05+00:00\",\"description\":\"Larch \u00e8 adatto a chi soffre di una profonda mancanza di fiducia in s\u00e9 stesso, a chi si sente inferiore agli altri e teme di non essere all\u2019altezza delle situazioni.\",\"breadcrumb\":{\"@id\":\"https:\/\/www.erboristerie.com\/it\/prodotto\/larch-rimedio-bach-flowers-n19-per-chi-manca-di-fiducia-in-se-stesso\/#breadcrumb\"},\"inLanguage\":\"it-IT\",\"potentialAction\":[{\"@type\":\"ReadAction\",\"target\":[\"https:\/\/www.erboristerie.com\/it\/prodotto\/larch-rimedio-bach-flowers-n19-per-chi-manca-di-fiducia-in-se-stesso\/\"]}]},{\"@type\":\"ImageObject\",\"inLanguage\":\"it-IT\",\"@id\":\"https:\/\/www.erboristerie.com\/it\/prodotto\/larch-rimedio-bach-flowers-n19-per-chi-manca-di-fiducia-in-se-stesso\/#primaryimage\",\"url\":\"https:\/\/www.erboristerie.com\/wp-content\/uploads\/2019\/01\/products-_BACHDILEO.jpg\",\"contentUrl\":\"https:\/\/www.erboristerie.com\/wp-content\/uploads\/2019\/01\/products-_BACHDILEO.jpg\",\"width\":\"500\",\"height\":\"640\",\"caption\":\"CRAB APPLE 10 ML - FIORI DI BACH\"},{\"@type\":\"BreadcrumbList\",\"@id\":\"https:\/\/www.erboristerie.com\/it\/prodotto\/larch-rimedio-bach-flowers-n19-per-chi-manca-di-fiducia-in-se-stesso\/#breadcrumb\",\"itemListElement\":[{\"@type\":\"ListItem\",\"position\":1,\"name\":\"Home\",\"item\":\"https:\/\/www.erboristerie.com\/it\/\"},{\"@type\":\"ListItem\",\"position\":2,\"name\":\"Tutti i prodotti\",\"item\":\"https:\/\/www.erboristerie.com\/it\/tutti-i-prodotti\/\"},{\"@type\":\"ListItem\",\"position\":3,\"name\":\"Larch rimedio Bach Flowers n\u00b019 Per chi manca di fiducia in s\u00e9 stesso\"}]},{\"@type\":\"WebSite\",\"@id\":\"https:\/\/www.erboristerie.com\/it\/#website\",\"url\":\"https:\/\/www.erboristerie.com\/it\/\",\"name\":\"Erboristeria Demetra\",\"description\":\"La tua salute al naturale\",\"publisher\":{\"@id\":\"https:\/\/www.erboristerie.com\/it\/#organization\"},\"potentialAction\":[{\"@type\":\"SearchAction\",\"target\":{\"@type\":\"EntryPoint\",\"urlTemplate\":\"https:\/\/www.erboristerie.com\/it\/?s={search_term_string}\"},\"query-input\":{\"@type\":\"PropertyValueSpecification\",\"valueRequired\":true,\"valueName\":\"search_term_string\"}}],\"inLanguage\":\"it-IT\"},{\"@type\":\"Organization\",\"@id\":\"https:\/\/www.erboristerie.com\/it\/#organization\",\"name\":\"Erboristeria Demetra\",\"url\":\"https:\/\/www.erboristerie.com\/it\/\",\"logo\":{\"@type\":\"ImageObject\",\"inLanguage\":\"it-IT\",\"@id\":\"https:\/\/www.erboristerie.com\/it\/#\/schema\/logo\/image\/\",\"url\":\"https:\/\/www.erboristerie.com\/wp-content\/uploads\/2019\/11\/LOGO_ERBORISTERIA_DEMETRA_original.png?v=1611516981\",\"contentUrl\":\"https:\/\/www.erboristerie.com\/wp-content\/uploads\/2019\/11\/LOGO_ERBORISTERIA_DEMETRA_original.png?v=1611516981\",\"width\":201,\"height\":54,\"caption\":\"Erboristeria Demetra\"},\"image\":{\"@id\":\"https:\/\/www.erboristerie.com\/it\/#\/schema\/logo\/image\/\"},\"sameAs\":[\"https:\/\/www.facebook.com\/erboristeria.demetra.online\"]}]}<\/script>\n<!-- \/ Yoast SEO plugin. -->","yoast_head_json":{"title":"Larch rimedio Bach Flowers n\u00b019 Per chi manca di fiducia in s\u00e9 stesso - Erboristeria Demetra","description":"Larch \u00e8 adatto a chi soffre di una profonda mancanza di fiducia in s\u00e9 stesso, a chi si sente inferiore agli altri e teme di non essere all\u2019altezza delle situazioni.","robots":{"index":"index","follow":"follow","max-snippet":"max-snippet:-1","max-image-preview":"max-image-preview:large","max-video-preview":"max-video-preview:-1"},"canonical":"https:\/\/www.erboristerie.com\/it\/prodotto\/larch-rimedio-bach-flowers-n19-per-chi-manca-di-fiducia-in-se-stesso\/","og_locale":"it_IT","og_type":"article","og_title":"Larch rimedio Bach Flowers n\u00b019 Per chi manca di fiducia in s\u00e9 stesso - Erboristeria Demetra","og_description":"Larch \u00e8 adatto a chi soffre di una profonda mancanza di fiducia in s\u00e9 stesso, a chi si sente inferiore agli altri e teme di non essere all\u2019altezza delle situazioni.","og_url":"https:\/\/www.erboristerie.com\/it\/prodotto\/larch-rimedio-bach-flowers-n19-per-chi-manca-di-fiducia-in-se-stesso\/","og_site_name":"Erboristeria Demetra","article_publisher":"https:\/\/www.facebook.com\/erboristeria.demetra.online","article_modified_time":"2025-09-14T15:47:05+00:00","og_image":[{"width":500,"height":640,"url":"https:\/\/www.erboristerie.com\/wp-content\/uploads\/2019\/01\/products-_BACHDILEO.jpg","type":"image\/jpeg"}],"twitter_card":"summary_large_image","twitter_misc":{"Tempo di lettura stimato":"1 minuto"},"schema":{"@context":"https:\/\/schema.org","@graph":[{"@type":"WebPage","@id":"https:\/\/www.erboristerie.com\/it\/prodotto\/larch-rimedio-bach-flowers-n19-per-chi-manca-di-fiducia-in-se-stesso\/","url":"https:\/\/www.erboristerie.com\/it\/prodotto\/larch-rimedio-bach-flowers-n19-per-chi-manca-di-fiducia-in-se-stesso\/","name":"Larch rimedio Bach Flowers n\u00b019 Per chi manca di fiducia in s\u00e9 stesso - Erboristeria Demetra","isPartOf":{"@id":"https:\/\/www.erboristerie.com\/it\/#website"},"primaryImageOfPage":{"@id":"https:\/\/www.erboristerie.com\/it\/prodotto\/larch-rimedio-bach-flowers-n19-per-chi-manca-di-fiducia-in-se-stesso\/#primaryimage"},"image":{"@id":"https:\/\/www.erboristerie.com\/it\/prodotto\/larch-rimedio-bach-flowers-n19-per-chi-manca-di-fiducia-in-se-stesso\/#primaryimage"},"thumbnailUrl":"https:\/\/www.erboristerie.com\/wp-content\/uploads\/2019\/01\/products-_BACHDILEO.jpg","datePublished":"2011-07-28T15:48:46+00:00","dateModified":"2025-09-14T15:47:05+00:00","description":"Larch \u00e8 adatto a chi soffre di una profonda mancanza di fiducia in s\u00e9 stesso, a chi si sente inferiore agli altri e teme di non essere all\u2019altezza delle situazioni.","breadcrumb":{"@id":"https:\/\/www.erboristerie.com\/it\/prodotto\/larch-rimedio-bach-flowers-n19-per-chi-manca-di-fiducia-in-se-stesso\/#breadcrumb"},"inLanguage":"it-IT","potentialAction":[{"@type":"ReadAction","target":["https:\/\/www.erboristerie.com\/it\/prodotto\/larch-rimedio-bach-flowers-n19-per-chi-manca-di-fiducia-in-se-stesso\/"]}]},{"@type":"ImageObject","inLanguage":"it-IT","@id":"https:\/\/www.erboristerie.com\/it\/prodotto\/larch-rimedio-bach-flowers-n19-per-chi-manca-di-fiducia-in-se-stesso\/#primaryimage","url":"https:\/\/www.erboristerie.com\/wp-content\/uploads\/2019\/01\/products-_BACHDILEO.jpg","contentUrl":"https:\/\/www.erboristerie.com\/wp-content\/uploads\/2019\/01\/products-_BACHDILEO.jpg","width":"500","height":"640","caption":"CRAB APPLE 10 ML - FIORI DI BACH"},{"@type":"BreadcrumbList","@id":"https:\/\/www.erboristerie.com\/it\/prodotto\/larch-rimedio-bach-flowers-n19-per-chi-manca-di-fiducia-in-se-stesso\/#breadcrumb","itemListElement":[{"@type":"ListItem","position":1,"name":"Home","item":"https:\/\/www.erboristerie.com\/it\/"},{"@type":"ListItem","position":2,"name":"Tutti i prodotti","item":"https:\/\/www.erboristerie.com\/it\/tutti-i-prodotti\/"},{"@type":"ListItem","position":3,"name":"Larch rimedio Bach Flowers n\u00b019 Per chi manca di fiducia in s\u00e9 stesso"}]},{"@type":"WebSite","@id":"https:\/\/www.erboristerie.com\/it\/#website","url":"https:\/\/www.erboristerie.com\/it\/","name":"Erboristeria Demetra","description":"La tua salute al naturale","publisher":{"@id":"https:\/\/www.erboristerie.com\/it\/#organization"},"potentialAction":[{"@type":"SearchAction","target":{"@type":"EntryPoint","urlTemplate":"https:\/\/www.erboristerie.com\/it\/?s={search_term_string}"},"query-input":{"@type":"PropertyValueSpecification","valueRequired":true,"valueName":"search_term_string"}}],"inLanguage":"it-IT"},{"@type":"Organization","@id":"https:\/\/www.erboristerie.com\/it\/#organization","name":"Erboristeria Demetra","url":"https:\/\/www.erboristerie.com\/it\/","logo":{"@type":"ImageObject","inLanguage":"it-IT","@id":"https:\/\/www.erboristerie.com\/it\/#\/schema\/logo\/image\/","url":"https:\/\/www.erboristerie.com\/wp-content\/uploads\/2019\/11\/LOGO_ERBORISTERIA_DEMETRA_original.png?v=1611516981","contentUrl":"https:\/\/www.erboristerie.com\/wp-content\/uploads\/2019\/11\/LOGO_ERBORISTERIA_DEMETRA_original.png?v=1611516981","width":201,"height":54,"caption":"Erboristeria Demetra"},"image":{"@id":"https:\/\/www.erboristerie.com\/it\/#\/schema\/logo\/image\/"},"sameAs":["https:\/\/www.facebook.com\/erboristeria.demetra.online"]}]}},"_links":{"self":[{"href":"https:\/\/www.erboristerie.com\/it\/wp-json\/wp\/v2\/product\/59746","targetHints":{"allow":["GET"]}}],"collection":[{"href":"https:\/\/www.erboristerie.com\/it\/wp-json\/wp\/v2\/product"}],"about":[{"href":"https:\/\/www.erboristerie.com\/it\/wp-json\/wp\/v2\/types\/product"}],"wp:featuredmedia":[{"embeddable":true,"href":"https:\/\/www.erboristerie.com\/it\/wp-json\/wp\/v2\/media\/54531"}],"wp:attachment":[{"href":"https:\/\/www.erboristerie.com\/it\/wp-json\/wp\/v2\/media?parent=59746"}],"wp:term":[{"taxonomy":"product_brand","embeddable":true,"href":"https:\/\/www.erboristerie.com\/it\/wp-json\/wp\/v2\/product_brand?post=59746"},{"taxonomy":"product_cat","embeddable":true,"href":"https:\/\/www.erboristerie.com\/it\/wp-json\/wp\/v2\/product_cat?post=59746"},{"taxonomy":"product_tag","embeddable":true,"href":"https:\/\/www.erboristerie.com\/it\/wp-json\/wp\/v2\/product_tag?post=59746"},{"taxonomy":"giftcard-category","embeddable":true,"href":"https:\/\/www.erboristerie.com\/it\/wp-json\/wp\/v2\/giftcard-category?post=59746"}],"curies":[{"name":"wp","href":"https:\/\/api.w.org\/{rel}","templated":true}]}}