{"id":59734,"date":"2011-07-28T17:43:47","date_gmt":"2011-07-28T15:43:47","guid":{"rendered":"http:\/\/www.erboristerie.com\/?post_type=product&#038;p=59734"},"modified":"2025-09-14T17:44:20","modified_gmt":"2025-09-14T15:44:20","slug":"cherry-plum-rimedio-bach-flowers-n6-la-paura-di-perdere-il-controllo","status":"publish","type":"product","link":"https:\/\/www.erboristerie.com\/it\/prodotto\/cherry-plum-rimedio-bach-flowers-n6-la-paura-di-perdere-il-controllo\/","title":{"rendered":"Cherry Plum rimedio Bach Flowers n\u00b06 La paura di perdere il controllo"},"content":{"rendered":"<p data-start=\"0\" data-end=\"72\"><strong data-start=\"0\" data-end=\"70\">Cherry Plum rimedio di Bach n\u00b06 &#8211; La paura di perdere il controllo<\/strong><\/p>\n<p data-start=\"74\" data-end=\"149\"><strong data-start=\"74\" data-end=\"131\">Cherry Plum (Prunus cerasifera) &#8211; rimedio di Bach n\u00b06<\/strong><br data-start=\"131\" data-end=\"134\" \/>Flacone 10 ml<\/p>\n<p data-start=\"151\" data-end=\"257\"><em data-start=\"151\" data-end=\"255\">&#8220;Per chi teme di perdere il controllo di s\u00e9, di fare qualcosa di terribile contro la propria volont\u00e0.&#8221;<\/em><\/p>\n<p data-start=\"259\" data-end=\"548\">Cherry Plum \u00e8 il rimedio per coloro che vivono con la paura di perdere il controllo mentale ed emotivo, temendo di commettere azioni impulsive, aggressive o distruttive. Questa tensione interiore pu\u00f2 portare a crisi di nervi, scoppi di rabbia improvvisi o un forte senso di disperazione.<\/p>\n<p data-start=\"550\" data-end=\"821\">Si tratta spesso di persone che reprimono a lungo le proprie emozioni fino a sentirsi sul punto di esplodere. Il rimedio aiuta a ritrovare l\u2019equilibrio, a mantenere la calma e ad affrontare le proprie emozioni con maggiore serenit\u00e0, senza paura di perdere il controllo.<\/p>\n<p data-start=\"823\" data-end=\"991\" data-is-only-node=\"\" data-is-last-node=\"\"><strong data-start=\"823\" data-end=\"837\">Modo d&#8217;uso<\/strong><\/p>\n<p data-start=\"823\" data-end=\"991\" data-is-only-node=\"\" data-is-last-node=\"\">Secondo il Dr. Bach i rimedi floreali vanno assunti nella dose di 4 gocce alla volta, 4 volte al giorno, direttamente in bocca o diluiti in poca acqua.<\/p>\n","protected":false},"excerpt":{"rendered":"<p>Cherry Plum rimedio di Bach n\u00b06 &#8211; La paura di perdere il controllo Cherry Plum (Prunus cerasifera) &#8211; rimedio di Bach n\u00b06Flacone 10 ml &#8220;Per chi teme di perdere il controllo di s\u00e9, di fare qualcosa di terribile contro la propria volont\u00e0.&#8221; Cherry Plum \u00e8&#8230;<\/p>\n","protected":false},"featured_media":54531,"template":"","meta":{"_acf_changed":false},"product_brand":[9639],"product_cat":[45104],"product_tag":[12394,14167,11016,12397,12395,12398,14166,14168],"giftcard-category":[],"class_list":{"0":"post-59734","1":"product","2":"type-product","3":"status-publish","4":"has-post-thumbnail","6":"product_brand-laboratorio-erboristico-di-leo","7":"product_cat-fiori-di-bach","8":"product_tag-bach","9":"product_tag-cherry","10":"product_tag-fiori","11":"product_tag-flowers","12":"product_tag-healing","13":"product_tag-herbs","14":"product_tag-n-6","15":"product_tag-plum","16":"pa_formato-10-ml","17":"pa_linea-fiori-bach-flowers","18":"pa_marca-di-leo","19":"pa_tipologia-gocce","20":"pa_tipologia-liquido-alcolico","22":"first","23":"instock","24":"sale","25":"taxable","26":"shipping-taxable","27":"purchasable","28":"product-type-simple"},"acf":[],"yoast_head":"<!-- This site is optimized with the Yoast SEO plugin v24.9 - https:\/\/yoast.com\/wordpress\/plugins\/seo\/ -->\n<title>Cherry Plum rimedio Bach Flowers n\u00b06 La paura di perdere il controllo - Erboristeria Demetra<\/title>\n<meta name=\"description\" content=\"Cherry Plum \u00e8 il rimedio per coloro che vivono con la paura di perdere il controllo mentale ed emotivo, temendo di commettere azioni impulsive o aggressive\" \/>\n<meta name=\"robots\" content=\"index, follow, max-snippet:-1, max-image-preview:large, max-video-preview:-1\" \/>\n<link rel=\"canonical\" href=\"https:\/\/www.erboristerie.com\/it\/prodotto\/cherry-plum-rimedio-bach-flowers-n6-la-paura-di-perdere-il-controllo\/\" \/>\n<meta property=\"og:locale\" content=\"it_IT\" \/>\n<meta property=\"og:type\" content=\"article\" \/>\n<meta property=\"og:title\" content=\"Cherry Plum rimedio Bach Flowers n\u00b06 La paura di perdere il controllo - Erboristeria Demetra\" \/>\n<meta property=\"og:description\" content=\"Cherry Plum \u00e8 il rimedio per coloro che vivono con la paura di perdere il controllo mentale ed emotivo, temendo di commettere azioni impulsive o aggressive\" \/>\n<meta property=\"og:url\" content=\"https:\/\/www.erboristerie.com\/it\/prodotto\/cherry-plum-rimedio-bach-flowers-n6-la-paura-di-perdere-il-controllo\/\" \/>\n<meta property=\"og:site_name\" content=\"Erboristeria Demetra\" \/>\n<meta property=\"article:publisher\" content=\"https:\/\/www.facebook.com\/erboristeria.demetra.online\" \/>\n<meta property=\"article:modified_time\" content=\"2025-09-14T15:44:20+00:00\" \/>\n<meta property=\"og:image\" content=\"https:\/\/www.erboristerie.com\/wp-content\/uploads\/2019\/01\/products-_BACHDILEO.jpg\" \/>\n\t<meta property=\"og:image:width\" content=\"500\" \/>\n\t<meta property=\"og:image:height\" content=\"640\" \/>\n\t<meta property=\"og:image:type\" content=\"image\/jpeg\" \/>\n<meta name=\"twitter:card\" content=\"summary_large_image\" \/>\n<meta name=\"twitter:label1\" content=\"Tempo di lettura stimato\" \/>\n\t<meta name=\"twitter:data1\" content=\"1 minuto\" \/>\n<script type=\"application\/ld+json\" class=\"yoast-schema-graph\">{\"@context\":\"https:\/\/schema.org\",\"@graph\":[{\"@type\":\"WebPage\",\"@id\":\"https:\/\/www.erboristerie.com\/it\/prodotto\/cherry-plum-rimedio-bach-flowers-n6-la-paura-di-perdere-il-controllo\/\",\"url\":\"https:\/\/www.erboristerie.com\/it\/prodotto\/cherry-plum-rimedio-bach-flowers-n6-la-paura-di-perdere-il-controllo\/\",\"name\":\"Cherry Plum rimedio Bach Flowers n\u00b06 La paura di perdere il controllo - Erboristeria Demetra\",\"isPartOf\":{\"@id\":\"https:\/\/www.erboristerie.com\/it\/#website\"},\"primaryImageOfPage\":{\"@id\":\"https:\/\/www.erboristerie.com\/it\/prodotto\/cherry-plum-rimedio-bach-flowers-n6-la-paura-di-perdere-il-controllo\/#primaryimage\"},\"image\":{\"@id\":\"https:\/\/www.erboristerie.com\/it\/prodotto\/cherry-plum-rimedio-bach-flowers-n6-la-paura-di-perdere-il-controllo\/#primaryimage\"},\"thumbnailUrl\":\"https:\/\/www.erboristerie.com\/wp-content\/uploads\/2019\/01\/products-_BACHDILEO.jpg\",\"datePublished\":\"2011-07-28T15:43:47+00:00\",\"dateModified\":\"2025-09-14T15:44:20+00:00\",\"description\":\"Cherry Plum \u00e8 il rimedio per coloro che vivono con la paura di perdere il controllo mentale ed emotivo, temendo di commettere azioni impulsive o aggressive\",\"breadcrumb\":{\"@id\":\"https:\/\/www.erboristerie.com\/it\/prodotto\/cherry-plum-rimedio-bach-flowers-n6-la-paura-di-perdere-il-controllo\/#breadcrumb\"},\"inLanguage\":\"it-IT\",\"potentialAction\":[{\"@type\":\"ReadAction\",\"target\":[\"https:\/\/www.erboristerie.com\/it\/prodotto\/cherry-plum-rimedio-bach-flowers-n6-la-paura-di-perdere-il-controllo\/\"]}]},{\"@type\":\"ImageObject\",\"inLanguage\":\"it-IT\",\"@id\":\"https:\/\/www.erboristerie.com\/it\/prodotto\/cherry-plum-rimedio-bach-flowers-n6-la-paura-di-perdere-il-controllo\/#primaryimage\",\"url\":\"https:\/\/www.erboristerie.com\/wp-content\/uploads\/2019\/01\/products-_BACHDILEO.jpg\",\"contentUrl\":\"https:\/\/www.erboristerie.com\/wp-content\/uploads\/2019\/01\/products-_BACHDILEO.jpg\",\"width\":\"500\",\"height\":\"640\",\"caption\":\"CRAB APPLE 10 ML - FIORI DI BACH\"},{\"@type\":\"BreadcrumbList\",\"@id\":\"https:\/\/www.erboristerie.com\/it\/prodotto\/cherry-plum-rimedio-bach-flowers-n6-la-paura-di-perdere-il-controllo\/#breadcrumb\",\"itemListElement\":[{\"@type\":\"ListItem\",\"position\":1,\"name\":\"Home\",\"item\":\"https:\/\/www.erboristerie.com\/it\/\"},{\"@type\":\"ListItem\",\"position\":2,\"name\":\"Tutti i prodotti\",\"item\":\"https:\/\/www.erboristerie.com\/it\/tutti-i-prodotti\/\"},{\"@type\":\"ListItem\",\"position\":3,\"name\":\"Cherry Plum rimedio Bach Flowers n\u00b06 La paura di perdere il controllo\"}]},{\"@type\":\"WebSite\",\"@id\":\"https:\/\/www.erboristerie.com\/it\/#website\",\"url\":\"https:\/\/www.erboristerie.com\/it\/\",\"name\":\"Erboristeria Demetra\",\"description\":\"La tua salute al naturale\",\"publisher\":{\"@id\":\"https:\/\/www.erboristerie.com\/it\/#organization\"},\"potentialAction\":[{\"@type\":\"SearchAction\",\"target\":{\"@type\":\"EntryPoint\",\"urlTemplate\":\"https:\/\/www.erboristerie.com\/it\/?s={search_term_string}\"},\"query-input\":{\"@type\":\"PropertyValueSpecification\",\"valueRequired\":true,\"valueName\":\"search_term_string\"}}],\"inLanguage\":\"it-IT\"},{\"@type\":\"Organization\",\"@id\":\"https:\/\/www.erboristerie.com\/it\/#organization\",\"name\":\"Erboristeria Demetra\",\"url\":\"https:\/\/www.erboristerie.com\/it\/\",\"logo\":{\"@type\":\"ImageObject\",\"inLanguage\":\"it-IT\",\"@id\":\"https:\/\/www.erboristerie.com\/it\/#\/schema\/logo\/image\/\",\"url\":\"https:\/\/www.erboristerie.com\/wp-content\/uploads\/2019\/11\/LOGO_ERBORISTERIA_DEMETRA_original.png?v=1611516981\",\"contentUrl\":\"https:\/\/www.erboristerie.com\/wp-content\/uploads\/2019\/11\/LOGO_ERBORISTERIA_DEMETRA_original.png?v=1611516981\",\"width\":201,\"height\":54,\"caption\":\"Erboristeria Demetra\"},\"image\":{\"@id\":\"https:\/\/www.erboristerie.com\/it\/#\/schema\/logo\/image\/\"},\"sameAs\":[\"https:\/\/www.facebook.com\/erboristeria.demetra.online\"]}]}<\/script>\n<!-- \/ Yoast SEO plugin. -->","yoast_head_json":{"title":"Cherry Plum rimedio Bach Flowers n\u00b06 La paura di perdere il controllo - Erboristeria Demetra","description":"Cherry Plum \u00e8 il rimedio per coloro che vivono con la paura di perdere il controllo mentale ed emotivo, temendo di commettere azioni impulsive o aggressive","robots":{"index":"index","follow":"follow","max-snippet":"max-snippet:-1","max-image-preview":"max-image-preview:large","max-video-preview":"max-video-preview:-1"},"canonical":"https:\/\/www.erboristerie.com\/it\/prodotto\/cherry-plum-rimedio-bach-flowers-n6-la-paura-di-perdere-il-controllo\/","og_locale":"it_IT","og_type":"article","og_title":"Cherry Plum rimedio Bach Flowers n\u00b06 La paura di perdere il controllo - Erboristeria Demetra","og_description":"Cherry Plum \u00e8 il rimedio per coloro che vivono con la paura di perdere il controllo mentale ed emotivo, temendo di commettere azioni impulsive o aggressive","og_url":"https:\/\/www.erboristerie.com\/it\/prodotto\/cherry-plum-rimedio-bach-flowers-n6-la-paura-di-perdere-il-controllo\/","og_site_name":"Erboristeria Demetra","article_publisher":"https:\/\/www.facebook.com\/erboristeria.demetra.online","article_modified_time":"2025-09-14T15:44:20+00:00","og_image":[{"width":500,"height":640,"url":"https:\/\/www.erboristerie.com\/wp-content\/uploads\/2019\/01\/products-_BACHDILEO.jpg","type":"image\/jpeg"}],"twitter_card":"summary_large_image","twitter_misc":{"Tempo di lettura stimato":"1 minuto"},"schema":{"@context":"https:\/\/schema.org","@graph":[{"@type":"WebPage","@id":"https:\/\/www.erboristerie.com\/it\/prodotto\/cherry-plum-rimedio-bach-flowers-n6-la-paura-di-perdere-il-controllo\/","url":"https:\/\/www.erboristerie.com\/it\/prodotto\/cherry-plum-rimedio-bach-flowers-n6-la-paura-di-perdere-il-controllo\/","name":"Cherry Plum rimedio Bach Flowers n\u00b06 La paura di perdere il controllo - Erboristeria Demetra","isPartOf":{"@id":"https:\/\/www.erboristerie.com\/it\/#website"},"primaryImageOfPage":{"@id":"https:\/\/www.erboristerie.com\/it\/prodotto\/cherry-plum-rimedio-bach-flowers-n6-la-paura-di-perdere-il-controllo\/#primaryimage"},"image":{"@id":"https:\/\/www.erboristerie.com\/it\/prodotto\/cherry-plum-rimedio-bach-flowers-n6-la-paura-di-perdere-il-controllo\/#primaryimage"},"thumbnailUrl":"https:\/\/www.erboristerie.com\/wp-content\/uploads\/2019\/01\/products-_BACHDILEO.jpg","datePublished":"2011-07-28T15:43:47+00:00","dateModified":"2025-09-14T15:44:20+00:00","description":"Cherry Plum \u00e8 il rimedio per coloro che vivono con la paura di perdere il controllo mentale ed emotivo, temendo di commettere azioni impulsive o aggressive","breadcrumb":{"@id":"https:\/\/www.erboristerie.com\/it\/prodotto\/cherry-plum-rimedio-bach-flowers-n6-la-paura-di-perdere-il-controllo\/#breadcrumb"},"inLanguage":"it-IT","potentialAction":[{"@type":"ReadAction","target":["https:\/\/www.erboristerie.com\/it\/prodotto\/cherry-plum-rimedio-bach-flowers-n6-la-paura-di-perdere-il-controllo\/"]}]},{"@type":"ImageObject","inLanguage":"it-IT","@id":"https:\/\/www.erboristerie.com\/it\/prodotto\/cherry-plum-rimedio-bach-flowers-n6-la-paura-di-perdere-il-controllo\/#primaryimage","url":"https:\/\/www.erboristerie.com\/wp-content\/uploads\/2019\/01\/products-_BACHDILEO.jpg","contentUrl":"https:\/\/www.erboristerie.com\/wp-content\/uploads\/2019\/01\/products-_BACHDILEO.jpg","width":"500","height":"640","caption":"CRAB APPLE 10 ML - FIORI DI BACH"},{"@type":"BreadcrumbList","@id":"https:\/\/www.erboristerie.com\/it\/prodotto\/cherry-plum-rimedio-bach-flowers-n6-la-paura-di-perdere-il-controllo\/#breadcrumb","itemListElement":[{"@type":"ListItem","position":1,"name":"Home","item":"https:\/\/www.erboristerie.com\/it\/"},{"@type":"ListItem","position":2,"name":"Tutti i prodotti","item":"https:\/\/www.erboristerie.com\/it\/tutti-i-prodotti\/"},{"@type":"ListItem","position":3,"name":"Cherry Plum rimedio Bach Flowers n\u00b06 La paura di perdere il controllo"}]},{"@type":"WebSite","@id":"https:\/\/www.erboristerie.com\/it\/#website","url":"https:\/\/www.erboristerie.com\/it\/","name":"Erboristeria Demetra","description":"La tua salute al naturale","publisher":{"@id":"https:\/\/www.erboristerie.com\/it\/#organization"},"potentialAction":[{"@type":"SearchAction","target":{"@type":"EntryPoint","urlTemplate":"https:\/\/www.erboristerie.com\/it\/?s={search_term_string}"},"query-input":{"@type":"PropertyValueSpecification","valueRequired":true,"valueName":"search_term_string"}}],"inLanguage":"it-IT"},{"@type":"Organization","@id":"https:\/\/www.erboristerie.com\/it\/#organization","name":"Erboristeria Demetra","url":"https:\/\/www.erboristerie.com\/it\/","logo":{"@type":"ImageObject","inLanguage":"it-IT","@id":"https:\/\/www.erboristerie.com\/it\/#\/schema\/logo\/image\/","url":"https:\/\/www.erboristerie.com\/wp-content\/uploads\/2019\/11\/LOGO_ERBORISTERIA_DEMETRA_original.png?v=1611516981","contentUrl":"https:\/\/www.erboristerie.com\/wp-content\/uploads\/2019\/11\/LOGO_ERBORISTERIA_DEMETRA_original.png?v=1611516981","width":201,"height":54,"caption":"Erboristeria Demetra"},"image":{"@id":"https:\/\/www.erboristerie.com\/it\/#\/schema\/logo\/image\/"},"sameAs":["https:\/\/www.facebook.com\/erboristeria.demetra.online"]}]}},"_links":{"self":[{"href":"https:\/\/www.erboristerie.com\/it\/wp-json\/wp\/v2\/product\/59734","targetHints":{"allow":["GET"]}}],"collection":[{"href":"https:\/\/www.erboristerie.com\/it\/wp-json\/wp\/v2\/product"}],"about":[{"href":"https:\/\/www.erboristerie.com\/it\/wp-json\/wp\/v2\/types\/product"}],"wp:featuredmedia":[{"embeddable":true,"href":"https:\/\/www.erboristerie.com\/it\/wp-json\/wp\/v2\/media\/54531"}],"wp:attachment":[{"href":"https:\/\/www.erboristerie.com\/it\/wp-json\/wp\/v2\/media?parent=59734"}],"wp:term":[{"taxonomy":"product_brand","embeddable":true,"href":"https:\/\/www.erboristerie.com\/it\/wp-json\/wp\/v2\/product_brand?post=59734"},{"taxonomy":"product_cat","embeddable":true,"href":"https:\/\/www.erboristerie.com\/it\/wp-json\/wp\/v2\/product_cat?post=59734"},{"taxonomy":"product_tag","embeddable":true,"href":"https:\/\/www.erboristerie.com\/it\/wp-json\/wp\/v2\/product_tag?post=59734"},{"taxonomy":"giftcard-category","embeddable":true,"href":"https:\/\/www.erboristerie.com\/it\/wp-json\/wp\/v2\/giftcard-category?post=59734"}],"curies":[{"name":"wp","href":"https:\/\/api.w.org\/{rel}","templated":true}]}}