{"id":59654,"date":"2011-06-18T11:50:40","date_gmt":"2011-06-18T09:50:40","guid":{"rendered":"http:\/\/www.erboristerie.com\/?post_type=product&#038;p=59654"},"modified":"2025-09-10T18:54:29","modified_gmt":"2025-09-10T16:54:29","slug":"acido-ialuronico-fluido-anti-age-28ml-a-tripla-azione","status":"publish","type":"product","link":"https:\/\/www.erboristerie.com\/it\/prodotto\/acido-ialuronico-fluido-anti-age-28ml-a-tripla-azione\/","title":{"rendered":"Acido Ialuronico Fluido Anti-Age 28ml a Tripla Azione"},"content":{"rendered":"<div class=\"sx\">\n\t<span class=\"capolettera\"><strong>Sostanze funzionali:<\/strong><br \/>\n\tAcido Ialuronico a basso, medio e alto peso molecolare.<br \/>\n\t<strong>Descrizione:<\/strong><br \/>\n\tA<\/span><span class=\"testo_semplice\">pporta massicce quantit\u00e0 d&#8217;acqua, limita la dispersione verso l&#8217;esterno di umidit\u00e0, favorisce la fisiologica produzione di Collagene: queste le principali funzioni che l&#8217;Acido Ialuronico, forte di tre differenti pesi molecolari, svolge all&#8217;interno di questa formulazione fresca e leggera. Ad ogni applicazione, il prodotto lavora perch\u00e9 alla pelle di viso, collo e decollet\u00e9 non venga mai a mancare la quota d&#8217;acqua necessaria a mantenere nel tempo compattezza e plasticit\u00e0. Inoltre, si attiva per limitare al massimo i fenomeni evaporativi che tengono a sottrarre umidit\u00e0 all&#8217;epidermide, esponendola al rischio della comparsa di rughe, perdite di tono e increspature. Massicciamente idratata, levigata e compattata, giorno dopo giorno la pelle del viso guadagner\u00e0 in freschezza e luminosit\u00e0 e vedr\u00e0 progressivamente minimizzati e distesi i segni del tempo che passa, dalle rughe di vecchia data alle increspature pi\u00f9 recenti e lievi, dai solchi d&#8217;espressione ai primi, antiestetici cedimenti.<\/span><\/p>\n<div class=\"dati_uso\">\n\t\t<strong>Uso:<\/strong><br \/>\n\t\tMattino e sera, distribuire sulla pelle del viso ben detersa qualche goccia di prodotto. L\u2019UNIONE FA LA FORZA: Per ottenere risultati ancor pi\u00f9 apprezzabili e visibili, fare sempre seguire al Fluido l\u2019applicazione della Crema a Triplice Azione. Gli effetti antiet\u00e0 dell\u2019Acido Ialuronico saranno cos\u00ec moltiplicati e intensificati.<\/div>\n<\/div>\n<p>\n\t&nbsp;<\/p>\n","protected":false},"excerpt":{"rendered":"<p>Sostanze funzionali: Acido Ialuronico a basso, medio e alto peso molecolare. Descrizione: Apporta massicce quantit\u00e0 d&#8217;acqua, limita la dispersione verso l&#8217;esterno di umidit\u00e0, favorisce la fisiologica produzione di Collagene: queste le principali funzioni che l&#8217;Acido Ialuronico, forte di tre differenti pesi molecolari, svolge all&#8217;interno di&#8230;<\/p>\n","protected":false},"featured_media":59655,"template":"","meta":{"_acf_changed":false},"product_brand":[9603],"product_cat":[45040],"product_tag":[14137,10566,14138,11502,14028,11487,10946,14134],"giftcard-category":[],"class_list":{"0":"post-59654","1":"product","2":"type-product","3":"status-publish","4":"has-post-thumbnail","6":"product_brand-erbolario","7":"product_cat-viso","8":"product_tag-28ml","9":"product_tag-acido","10":"product_tag-age","11":"product_tag-anti","12":"product_tag-azione","13":"product_tag-fluido","14":"product_tag-ialuronico","15":"product_tag-tripla","16":"pa_formato-28-ml","17":"pa_linea-profumazione-acido-ialuronico","18":"pa_marca-lerbolario","19":"pa_tipologia-detergente","21":"first","22":"instock","23":"sale","24":"taxable","25":"shipping-taxable","26":"purchasable","27":"product-type-simple"},"acf":[],"yoast_head":"<!-- This site is optimized with the Yoast SEO plugin v24.9 - https:\/\/yoast.com\/wordpress\/plugins\/seo\/ -->\n<title>Acido Ialuronico Fluido Anti-Age 28ml a Tripla Azione<\/title>\n<meta name=\"description\" content=\"Con Acido Ialuronico a basso, medio e alto peso molecolare Trattamento anti-age multiattivo\" \/>\n<meta name=\"robots\" content=\"index, follow, max-snippet:-1, max-image-preview:large, max-video-preview:-1\" \/>\n<link rel=\"canonical\" href=\"https:\/\/www.erboristerie.com\/it\/prodotto\/acido-ialuronico-fluido-anti-age-28ml-a-tripla-azione\/\" \/>\n<meta property=\"og:locale\" content=\"it_IT\" \/>\n<meta property=\"og:type\" content=\"article\" \/>\n<meta property=\"og:title\" content=\"Acido Ialuronico Fluido Anti-Age 28ml a Tripla Azione\" \/>\n<meta property=\"og:description\" content=\"Con Acido Ialuronico a basso, medio e alto peso molecolare Trattamento anti-age multiattivo\" \/>\n<meta property=\"og:url\" content=\"https:\/\/www.erboristerie.com\/it\/prodotto\/acido-ialuronico-fluido-anti-age-28ml-a-tripla-azione\/\" \/>\n<meta property=\"og:site_name\" content=\"Erboristeria Demetra\" \/>\n<meta property=\"article:publisher\" content=\"https:\/\/www.facebook.com\/erboristeria.demetra.online\" \/>\n<meta property=\"article:modified_time\" content=\"2025-09-10T16:54:29+00:00\" \/>\n<meta property=\"og:image\" content=\"https:\/\/www.erboristerie.com\/wp-content\/uploads\/2019\/01\/products-00008625.jpg\" \/>\n\t<meta property=\"og:image:width\" content=\"289\" \/>\n\t<meta property=\"og:image:height\" content=\"364\" \/>\n\t<meta property=\"og:image:type\" content=\"image\/jpeg\" \/>\n<meta name=\"twitter:card\" content=\"summary_large_image\" \/>\n<meta name=\"twitter:label1\" content=\"Tempo di lettura stimato\" \/>\n\t<meta name=\"twitter:data1\" content=\"1 minuto\" \/>\n<script type=\"application\/ld+json\" class=\"yoast-schema-graph\">{\"@context\":\"https:\/\/schema.org\",\"@graph\":[{\"@type\":\"WebPage\",\"@id\":\"https:\/\/www.erboristerie.com\/it\/prodotto\/acido-ialuronico-fluido-anti-age-28ml-a-tripla-azione\/\",\"url\":\"https:\/\/www.erboristerie.com\/it\/prodotto\/acido-ialuronico-fluido-anti-age-28ml-a-tripla-azione\/\",\"name\":\"Acido Ialuronico Fluido Anti-Age 28ml a Tripla Azione\",\"isPartOf\":{\"@id\":\"https:\/\/www.erboristerie.com\/it\/#website\"},\"primaryImageOfPage\":{\"@id\":\"https:\/\/www.erboristerie.com\/it\/prodotto\/acido-ialuronico-fluido-anti-age-28ml-a-tripla-azione\/#primaryimage\"},\"image\":{\"@id\":\"https:\/\/www.erboristerie.com\/it\/prodotto\/acido-ialuronico-fluido-anti-age-28ml-a-tripla-azione\/#primaryimage\"},\"thumbnailUrl\":\"https:\/\/www.erboristerie.com\/wp-content\/uploads\/2019\/01\/products-00008625.jpg\",\"datePublished\":\"2011-06-18T09:50:40+00:00\",\"dateModified\":\"2025-09-10T16:54:29+00:00\",\"description\":\"Con Acido Ialuronico a basso, medio e alto peso molecolare Trattamento anti-age multiattivo\",\"breadcrumb\":{\"@id\":\"https:\/\/www.erboristerie.com\/it\/prodotto\/acido-ialuronico-fluido-anti-age-28ml-a-tripla-azione\/#breadcrumb\"},\"inLanguage\":\"it-IT\",\"potentialAction\":[{\"@type\":\"ReadAction\",\"target\":[\"https:\/\/www.erboristerie.com\/it\/prodotto\/acido-ialuronico-fluido-anti-age-28ml-a-tripla-azione\/\"]}]},{\"@type\":\"ImageObject\",\"inLanguage\":\"it-IT\",\"@id\":\"https:\/\/www.erboristerie.com\/it\/prodotto\/acido-ialuronico-fluido-anti-age-28ml-a-tripla-azione\/#primaryimage\",\"url\":\"https:\/\/www.erboristerie.com\/wp-content\/uploads\/2019\/01\/products-00008625.jpg\",\"contentUrl\":\"https:\/\/www.erboristerie.com\/wp-content\/uploads\/2019\/01\/products-00008625.jpg\",\"width\":\"289\",\"height\":\"364\",\"caption\":\"Acido Ialuronico Fluido Anti-Age 28ml a Tripla Azione\"},{\"@type\":\"BreadcrumbList\",\"@id\":\"https:\/\/www.erboristerie.com\/it\/prodotto\/acido-ialuronico-fluido-anti-age-28ml-a-tripla-azione\/#breadcrumb\",\"itemListElement\":[{\"@type\":\"ListItem\",\"position\":1,\"name\":\"Home\",\"item\":\"https:\/\/www.erboristerie.com\/it\/\"},{\"@type\":\"ListItem\",\"position\":2,\"name\":\"Tutti i prodotti\",\"item\":\"https:\/\/www.erboristerie.com\/it\/tutti-i-prodotti\/\"},{\"@type\":\"ListItem\",\"position\":3,\"name\":\"Acido Ialuronico Fluido Anti-Age 28ml a Tripla Azione\"}]},{\"@type\":\"WebSite\",\"@id\":\"https:\/\/www.erboristerie.com\/it\/#website\",\"url\":\"https:\/\/www.erboristerie.com\/it\/\",\"name\":\"Erboristeria Demetra\",\"description\":\"La tua salute al naturale\",\"publisher\":{\"@id\":\"https:\/\/www.erboristerie.com\/it\/#organization\"},\"potentialAction\":[{\"@type\":\"SearchAction\",\"target\":{\"@type\":\"EntryPoint\",\"urlTemplate\":\"https:\/\/www.erboristerie.com\/it\/?s={search_term_string}\"},\"query-input\":{\"@type\":\"PropertyValueSpecification\",\"valueRequired\":true,\"valueName\":\"search_term_string\"}}],\"inLanguage\":\"it-IT\"},{\"@type\":\"Organization\",\"@id\":\"https:\/\/www.erboristerie.com\/it\/#organization\",\"name\":\"Erboristeria Demetra\",\"url\":\"https:\/\/www.erboristerie.com\/it\/\",\"logo\":{\"@type\":\"ImageObject\",\"inLanguage\":\"it-IT\",\"@id\":\"https:\/\/www.erboristerie.com\/it\/#\/schema\/logo\/image\/\",\"url\":\"https:\/\/www.erboristerie.com\/wp-content\/uploads\/2019\/11\/LOGO_ERBORISTERIA_DEMETRA_original.png?v=1611516981\",\"contentUrl\":\"https:\/\/www.erboristerie.com\/wp-content\/uploads\/2019\/11\/LOGO_ERBORISTERIA_DEMETRA_original.png?v=1611516981\",\"width\":201,\"height\":54,\"caption\":\"Erboristeria Demetra\"},\"image\":{\"@id\":\"https:\/\/www.erboristerie.com\/it\/#\/schema\/logo\/image\/\"},\"sameAs\":[\"https:\/\/www.facebook.com\/erboristeria.demetra.online\"]}]}<\/script>\n<!-- \/ Yoast SEO plugin. -->","yoast_head_json":{"title":"Acido Ialuronico Fluido Anti-Age 28ml a Tripla Azione","description":"Con Acido Ialuronico a basso, medio e alto peso molecolare Trattamento anti-age multiattivo","robots":{"index":"index","follow":"follow","max-snippet":"max-snippet:-1","max-image-preview":"max-image-preview:large","max-video-preview":"max-video-preview:-1"},"canonical":"https:\/\/www.erboristerie.com\/it\/prodotto\/acido-ialuronico-fluido-anti-age-28ml-a-tripla-azione\/","og_locale":"it_IT","og_type":"article","og_title":"Acido Ialuronico Fluido Anti-Age 28ml a Tripla Azione","og_description":"Con Acido Ialuronico a basso, medio e alto peso molecolare Trattamento anti-age multiattivo","og_url":"https:\/\/www.erboristerie.com\/it\/prodotto\/acido-ialuronico-fluido-anti-age-28ml-a-tripla-azione\/","og_site_name":"Erboristeria Demetra","article_publisher":"https:\/\/www.facebook.com\/erboristeria.demetra.online","article_modified_time":"2025-09-10T16:54:29+00:00","og_image":[{"width":289,"height":364,"url":"https:\/\/www.erboristerie.com\/wp-content\/uploads\/2019\/01\/products-00008625.jpg","type":"image\/jpeg"}],"twitter_card":"summary_large_image","twitter_misc":{"Tempo di lettura stimato":"1 minuto"},"schema":{"@context":"https:\/\/schema.org","@graph":[{"@type":"WebPage","@id":"https:\/\/www.erboristerie.com\/it\/prodotto\/acido-ialuronico-fluido-anti-age-28ml-a-tripla-azione\/","url":"https:\/\/www.erboristerie.com\/it\/prodotto\/acido-ialuronico-fluido-anti-age-28ml-a-tripla-azione\/","name":"Acido Ialuronico Fluido Anti-Age 28ml a Tripla Azione","isPartOf":{"@id":"https:\/\/www.erboristerie.com\/it\/#website"},"primaryImageOfPage":{"@id":"https:\/\/www.erboristerie.com\/it\/prodotto\/acido-ialuronico-fluido-anti-age-28ml-a-tripla-azione\/#primaryimage"},"image":{"@id":"https:\/\/www.erboristerie.com\/it\/prodotto\/acido-ialuronico-fluido-anti-age-28ml-a-tripla-azione\/#primaryimage"},"thumbnailUrl":"https:\/\/www.erboristerie.com\/wp-content\/uploads\/2019\/01\/products-00008625.jpg","datePublished":"2011-06-18T09:50:40+00:00","dateModified":"2025-09-10T16:54:29+00:00","description":"Con Acido Ialuronico a basso, medio e alto peso molecolare Trattamento anti-age multiattivo","breadcrumb":{"@id":"https:\/\/www.erboristerie.com\/it\/prodotto\/acido-ialuronico-fluido-anti-age-28ml-a-tripla-azione\/#breadcrumb"},"inLanguage":"it-IT","potentialAction":[{"@type":"ReadAction","target":["https:\/\/www.erboristerie.com\/it\/prodotto\/acido-ialuronico-fluido-anti-age-28ml-a-tripla-azione\/"]}]},{"@type":"ImageObject","inLanguage":"it-IT","@id":"https:\/\/www.erboristerie.com\/it\/prodotto\/acido-ialuronico-fluido-anti-age-28ml-a-tripla-azione\/#primaryimage","url":"https:\/\/www.erboristerie.com\/wp-content\/uploads\/2019\/01\/products-00008625.jpg","contentUrl":"https:\/\/www.erboristerie.com\/wp-content\/uploads\/2019\/01\/products-00008625.jpg","width":"289","height":"364","caption":"Acido Ialuronico Fluido Anti-Age 28ml a Tripla Azione"},{"@type":"BreadcrumbList","@id":"https:\/\/www.erboristerie.com\/it\/prodotto\/acido-ialuronico-fluido-anti-age-28ml-a-tripla-azione\/#breadcrumb","itemListElement":[{"@type":"ListItem","position":1,"name":"Home","item":"https:\/\/www.erboristerie.com\/it\/"},{"@type":"ListItem","position":2,"name":"Tutti i prodotti","item":"https:\/\/www.erboristerie.com\/it\/tutti-i-prodotti\/"},{"@type":"ListItem","position":3,"name":"Acido Ialuronico Fluido Anti-Age 28ml a Tripla Azione"}]},{"@type":"WebSite","@id":"https:\/\/www.erboristerie.com\/it\/#website","url":"https:\/\/www.erboristerie.com\/it\/","name":"Erboristeria Demetra","description":"La tua salute al naturale","publisher":{"@id":"https:\/\/www.erboristerie.com\/it\/#organization"},"potentialAction":[{"@type":"SearchAction","target":{"@type":"EntryPoint","urlTemplate":"https:\/\/www.erboristerie.com\/it\/?s={search_term_string}"},"query-input":{"@type":"PropertyValueSpecification","valueRequired":true,"valueName":"search_term_string"}}],"inLanguage":"it-IT"},{"@type":"Organization","@id":"https:\/\/www.erboristerie.com\/it\/#organization","name":"Erboristeria Demetra","url":"https:\/\/www.erboristerie.com\/it\/","logo":{"@type":"ImageObject","inLanguage":"it-IT","@id":"https:\/\/www.erboristerie.com\/it\/#\/schema\/logo\/image\/","url":"https:\/\/www.erboristerie.com\/wp-content\/uploads\/2019\/11\/LOGO_ERBORISTERIA_DEMETRA_original.png?v=1611516981","contentUrl":"https:\/\/www.erboristerie.com\/wp-content\/uploads\/2019\/11\/LOGO_ERBORISTERIA_DEMETRA_original.png?v=1611516981","width":201,"height":54,"caption":"Erboristeria Demetra"},"image":{"@id":"https:\/\/www.erboristerie.com\/it\/#\/schema\/logo\/image\/"},"sameAs":["https:\/\/www.facebook.com\/erboristeria.demetra.online"]}]}},"_links":{"self":[{"href":"https:\/\/www.erboristerie.com\/it\/wp-json\/wp\/v2\/product\/59654","targetHints":{"allow":["GET"]}}],"collection":[{"href":"https:\/\/www.erboristerie.com\/it\/wp-json\/wp\/v2\/product"}],"about":[{"href":"https:\/\/www.erboristerie.com\/it\/wp-json\/wp\/v2\/types\/product"}],"wp:featuredmedia":[{"embeddable":true,"href":"https:\/\/www.erboristerie.com\/it\/wp-json\/wp\/v2\/media\/59655"}],"wp:attachment":[{"href":"https:\/\/www.erboristerie.com\/it\/wp-json\/wp\/v2\/media?parent=59654"}],"wp:term":[{"taxonomy":"product_brand","embeddable":true,"href":"https:\/\/www.erboristerie.com\/it\/wp-json\/wp\/v2\/product_brand?post=59654"},{"taxonomy":"product_cat","embeddable":true,"href":"https:\/\/www.erboristerie.com\/it\/wp-json\/wp\/v2\/product_cat?post=59654"},{"taxonomy":"product_tag","embeddable":true,"href":"https:\/\/www.erboristerie.com\/it\/wp-json\/wp\/v2\/product_tag?post=59654"},{"taxonomy":"giftcard-category","embeddable":true,"href":"https:\/\/www.erboristerie.com\/it\/wp-json\/wp\/v2\/giftcard-category?post=59654"}],"curies":[{"name":"wp","href":"https:\/\/api.w.org\/{rel}","templated":true}]}}