{"id":59474,"date":"2011-03-15T14:13:26","date_gmt":"2011-03-15T14:13:26","guid":{"rendered":"http:\/\/www.erboristerie.com\/?post_type=product&#038;p=59474"},"modified":"2026-02-04T12:04:47","modified_gmt":"2026-02-04T11:04:47","slug":"iperico-36-capsule-hypericum-perforatum","status":"publish","type":"product","link":"https:\/\/www.erboristerie.com\/it\/prodotto\/iperico-36-capsule-hypericum-perforatum\/","title":{"rendered":"IPERICO 36 CAPSULE  HYPERICUM PERFORATUM"},"content":{"rendered":"<p><STRONG>Tutti oggi sono consapevoli<\/STRONG> dell&#8217;importanza di raggiungere e conservare un senso di armonia, che permette di stare bene con se stessi. Una serenit\u00e0 che si traduce nel desiderio di essere attivi, fare progetti, vivere al meglio i rapporti con gli altri.<BR>Non mancano, tuttavia, nella vita di ognuno, quei periodi difficili in cui \u00e8 facile perdere il proprio equilibrio e la voglia di reagire: ci si sente &#8220;gi\u00f9&#8221;, diventa faticoso concentrarsi, non si prova pi\u00f9 interesse per alcuna attivit\u00e0, neppure per gli hobby o gli sport da sempre preferiti.<BR>Questo stato &#8220;negativo&#8221; condiziona anche le relazioni con i familiari, gli amici, le persone che si incontrano sul lavoro e non sembra possibile recuperare la propria tranquillit\u00e0 nemmeno con il riposo notturno. In questi momenti \u00e8 indispensabile non trascurarsi, per ritrovare il proprio buonumore e allontanare inquietudine e svogliatezza.<BR><STRONG>\u2026 E torna naturalmente il sereno!<\/STRONG><BR>Le virt\u00f9 dell&#8217;Iperico rappresentano un&#8217;ottima soluzione offerta dalla Natura per affrontare questi periodi &#8220;grigi&#8221;, in cui l&#8217;umore \u00e8 pi\u00f9 soggetto ad alti e bassi. Si tratta di una pianta che cresce spontanea ed \u00e8 nota come Erba di San Giovanni: le sue propriet\u00e0 specifiche per tenere sotto controllo inquietudine e tensione e, al contempo, favorire buonumore e sonno, erano famose gi\u00e0 pi\u00f9 di 2000 anni or sono. Oggi Erbamea le ripropone, in un&#8217;eccellente formula potenziata da vitamine e minerali.<BR><STRONG>Iperico &#8211; Capsule vegetali<\/STRONG><BR>In questa ricetta \u00e8 presente l&#8217;estratto secco delle sommit\u00e0 fiorite di Iperico titolato allo 0,3% in ipericina: <STRONG>con due capsule al giorno si assumono 0,7 mg di ipericina<\/STRONG>, il massimo dosaggio giornaliero ammesso per un integratore. Per contribuire con ulteriore efficienza al fisiologico benessere del sistema nervoso, la formula concentra l&#8217;attivit\u00e0 naturalmente efficace di Magnesio, Acido Folico e delle Vitamine B2, B6 e B12. Una squadra di elementi ben affiatati per aiutare a riportare il sorriso\u2026 sul nostro umore!<\/p>\n","protected":false},"excerpt":{"rendered":"<p>Tutti oggi sono consapevoli dell&#8217;importanza di raggiungere e conservare un senso di armonia, che permette di stare bene con se stessi. Una serenit\u00e0 che si traduce nel desiderio di essere attivi, fare progetti, vivere al meglio i rapporti con gli altri.Non mancano, tuttavia, nella vita&#8230;<\/p>\n","protected":false},"featured_media":59475,"template":"","meta":{"_acf_changed":false},"product_brand":[9617],"product_cat":[49560,9807],"product_tag":[10574,13582,10994,13580],"giftcard-category":[],"class_list":{"0":"post-59474","1":"product","2":"type-product","3":"status-publish","4":"has-post-thumbnail","6":"product_brand-erbamea","7":"product_cat-singoli-in-pastiglie","8":"product_cat-sonno-riposo-e-umore","9":"product_tag-capsule","10":"product_tag-hypericum","11":"product_tag-iperico","12":"product_tag-perforatum","14":"first","15":"instock","16":"sale","17":"taxable","18":"shipping-taxable","19":"purchasable","20":"product-type-simple"},"acf":[],"yoast_head":"<!-- This site is optimized with the Yoast SEO plugin v24.9 - https:\/\/yoast.com\/wordpress\/plugins\/seo\/ -->\n<title>IPERICO 36 CAPSULE HYPERICUM PERFORATUM<\/title>\n<meta name=\"robots\" content=\"index, follow, max-snippet:-1, max-image-preview:large, max-video-preview:-1\" \/>\n<link rel=\"canonical\" href=\"https:\/\/www.erboristerie.com\/it\/prodotto\/iperico-36-capsule-hypericum-perforatum\/\" \/>\n<meta property=\"og:locale\" content=\"it_IT\" \/>\n<meta property=\"og:type\" content=\"article\" \/>\n<meta property=\"og:title\" content=\"IPERICO 36 CAPSULE HYPERICUM PERFORATUM\" \/>\n<meta property=\"og:description\" content=\"Tutti oggi sono consapevoli dell&#8217;importanza di raggiungere e conservare un senso di armonia, che permette di stare bene con se stessi. Una serenit\u00e0 che si traduce nel desiderio di essere attivi, fare progetti, vivere al meglio i rapporti con gli altri.Non mancano, tuttavia, nella vita...\" \/>\n<meta property=\"og:url\" content=\"https:\/\/www.erboristerie.com\/it\/prodotto\/iperico-36-capsule-hypericum-perforatum\/\" \/>\n<meta property=\"og:site_name\" content=\"Erboristeria Demetra\" \/>\n<meta property=\"article:publisher\" content=\"https:\/\/www.facebook.com\/erboristeria.demetra.online\" \/>\n<meta property=\"article:modified_time\" content=\"2026-02-04T11:04:47+00:00\" \/>\n<meta property=\"og:image\" content=\"https:\/\/www.erboristerie.com\/wp-content\/uploads\/2019\/01\/products-00008318.jpg\" \/>\n\t<meta property=\"og:image:width\" content=\"574\" \/>\n\t<meta property=\"og:image:height\" content=\"356\" \/>\n\t<meta property=\"og:image:type\" content=\"image\/jpeg\" \/>\n<meta name=\"twitter:card\" content=\"summary_large_image\" \/>\n<meta name=\"twitter:label1\" content=\"Tempo di lettura stimato\" \/>\n\t<meta name=\"twitter:data1\" content=\"1 minuto\" \/>\n<script type=\"application\/ld+json\" class=\"yoast-schema-graph\">{\"@context\":\"https:\/\/schema.org\",\"@graph\":[{\"@type\":\"WebPage\",\"@id\":\"https:\/\/www.erboristerie.com\/it\/prodotto\/iperico-36-capsule-hypericum-perforatum\/\",\"url\":\"https:\/\/www.erboristerie.com\/it\/prodotto\/iperico-36-capsule-hypericum-perforatum\/\",\"name\":\"IPERICO 36 CAPSULE HYPERICUM PERFORATUM\",\"isPartOf\":{\"@id\":\"https:\/\/www.erboristerie.com\/it\/#website\"},\"primaryImageOfPage\":{\"@id\":\"https:\/\/www.erboristerie.com\/it\/prodotto\/iperico-36-capsule-hypericum-perforatum\/#primaryimage\"},\"image\":{\"@id\":\"https:\/\/www.erboristerie.com\/it\/prodotto\/iperico-36-capsule-hypericum-perforatum\/#primaryimage\"},\"thumbnailUrl\":\"https:\/\/www.erboristerie.com\/wp-content\/uploads\/2019\/01\/products-00008318.jpg\",\"datePublished\":\"2011-03-15T14:13:26+00:00\",\"dateModified\":\"2026-02-04T11:04:47+00:00\",\"breadcrumb\":{\"@id\":\"https:\/\/www.erboristerie.com\/it\/prodotto\/iperico-36-capsule-hypericum-perforatum\/#breadcrumb\"},\"inLanguage\":\"it-IT\",\"potentialAction\":[{\"@type\":\"ReadAction\",\"target\":[\"https:\/\/www.erboristerie.com\/it\/prodotto\/iperico-36-capsule-hypericum-perforatum\/\"]}]},{\"@type\":\"ImageObject\",\"inLanguage\":\"it-IT\",\"@id\":\"https:\/\/www.erboristerie.com\/it\/prodotto\/iperico-36-capsule-hypericum-perforatum\/#primaryimage\",\"url\":\"https:\/\/www.erboristerie.com\/wp-content\/uploads\/2019\/01\/products-00008318.jpg\",\"contentUrl\":\"https:\/\/www.erboristerie.com\/wp-content\/uploads\/2019\/01\/products-00008318.jpg\",\"width\":\"574\",\"height\":\"356\",\"caption\":\"IPERICO 36 CAPSULE HYPERICUM PERFORATUM\"},{\"@type\":\"BreadcrumbList\",\"@id\":\"https:\/\/www.erboristerie.com\/it\/prodotto\/iperico-36-capsule-hypericum-perforatum\/#breadcrumb\",\"itemListElement\":[{\"@type\":\"ListItem\",\"position\":1,\"name\":\"Home\",\"item\":\"https:\/\/www.erboristerie.com\/it\/\"},{\"@type\":\"ListItem\",\"position\":2,\"name\":\"Tutti i prodotti\",\"item\":\"https:\/\/www.erboristerie.com\/it\/tutti-i-prodotti\/\"},{\"@type\":\"ListItem\",\"position\":3,\"name\":\"IPERICO 36 CAPSULE HYPERICUM PERFORATUM\"}]},{\"@type\":\"WebSite\",\"@id\":\"https:\/\/www.erboristerie.com\/it\/#website\",\"url\":\"https:\/\/www.erboristerie.com\/it\/\",\"name\":\"Erboristeria Demetra\",\"description\":\"La tua salute al naturale\",\"publisher\":{\"@id\":\"https:\/\/www.erboristerie.com\/it\/#organization\"},\"potentialAction\":[{\"@type\":\"SearchAction\",\"target\":{\"@type\":\"EntryPoint\",\"urlTemplate\":\"https:\/\/www.erboristerie.com\/it\/?s={search_term_string}\"},\"query-input\":{\"@type\":\"PropertyValueSpecification\",\"valueRequired\":true,\"valueName\":\"search_term_string\"}}],\"inLanguage\":\"it-IT\"},{\"@type\":\"Organization\",\"@id\":\"https:\/\/www.erboristerie.com\/it\/#organization\",\"name\":\"Erboristeria Demetra\",\"url\":\"https:\/\/www.erboristerie.com\/it\/\",\"logo\":{\"@type\":\"ImageObject\",\"inLanguage\":\"it-IT\",\"@id\":\"https:\/\/www.erboristerie.com\/it\/#\/schema\/logo\/image\/\",\"url\":\"https:\/\/www.erboristerie.com\/wp-content\/uploads\/2019\/11\/LOGO_ERBORISTERIA_DEMETRA_original.png?v=1611516981\",\"contentUrl\":\"https:\/\/www.erboristerie.com\/wp-content\/uploads\/2019\/11\/LOGO_ERBORISTERIA_DEMETRA_original.png?v=1611516981\",\"width\":201,\"height\":54,\"caption\":\"Erboristeria Demetra\"},\"image\":{\"@id\":\"https:\/\/www.erboristerie.com\/it\/#\/schema\/logo\/image\/\"},\"sameAs\":[\"https:\/\/www.facebook.com\/erboristeria.demetra.online\"]}]}<\/script>\n<!-- \/ Yoast SEO plugin. -->","yoast_head_json":{"title":"IPERICO 36 CAPSULE HYPERICUM PERFORATUM","robots":{"index":"index","follow":"follow","max-snippet":"max-snippet:-1","max-image-preview":"max-image-preview:large","max-video-preview":"max-video-preview:-1"},"canonical":"https:\/\/www.erboristerie.com\/it\/prodotto\/iperico-36-capsule-hypericum-perforatum\/","og_locale":"it_IT","og_type":"article","og_title":"IPERICO 36 CAPSULE HYPERICUM PERFORATUM","og_description":"Tutti oggi sono consapevoli dell&#8217;importanza di raggiungere e conservare un senso di armonia, che permette di stare bene con se stessi. Una serenit\u00e0 che si traduce nel desiderio di essere attivi, fare progetti, vivere al meglio i rapporti con gli altri.Non mancano, tuttavia, nella vita...","og_url":"https:\/\/www.erboristerie.com\/it\/prodotto\/iperico-36-capsule-hypericum-perforatum\/","og_site_name":"Erboristeria Demetra","article_publisher":"https:\/\/www.facebook.com\/erboristeria.demetra.online","article_modified_time":"2026-02-04T11:04:47+00:00","og_image":[{"width":574,"height":356,"url":"https:\/\/www.erboristerie.com\/wp-content\/uploads\/2019\/01\/products-00008318.jpg","type":"image\/jpeg"}],"twitter_card":"summary_large_image","twitter_misc":{"Tempo di lettura stimato":"1 minuto"},"schema":{"@context":"https:\/\/schema.org","@graph":[{"@type":"WebPage","@id":"https:\/\/www.erboristerie.com\/it\/prodotto\/iperico-36-capsule-hypericum-perforatum\/","url":"https:\/\/www.erboristerie.com\/it\/prodotto\/iperico-36-capsule-hypericum-perforatum\/","name":"IPERICO 36 CAPSULE HYPERICUM PERFORATUM","isPartOf":{"@id":"https:\/\/www.erboristerie.com\/it\/#website"},"primaryImageOfPage":{"@id":"https:\/\/www.erboristerie.com\/it\/prodotto\/iperico-36-capsule-hypericum-perforatum\/#primaryimage"},"image":{"@id":"https:\/\/www.erboristerie.com\/it\/prodotto\/iperico-36-capsule-hypericum-perforatum\/#primaryimage"},"thumbnailUrl":"https:\/\/www.erboristerie.com\/wp-content\/uploads\/2019\/01\/products-00008318.jpg","datePublished":"2011-03-15T14:13:26+00:00","dateModified":"2026-02-04T11:04:47+00:00","breadcrumb":{"@id":"https:\/\/www.erboristerie.com\/it\/prodotto\/iperico-36-capsule-hypericum-perforatum\/#breadcrumb"},"inLanguage":"it-IT","potentialAction":[{"@type":"ReadAction","target":["https:\/\/www.erboristerie.com\/it\/prodotto\/iperico-36-capsule-hypericum-perforatum\/"]}]},{"@type":"ImageObject","inLanguage":"it-IT","@id":"https:\/\/www.erboristerie.com\/it\/prodotto\/iperico-36-capsule-hypericum-perforatum\/#primaryimage","url":"https:\/\/www.erboristerie.com\/wp-content\/uploads\/2019\/01\/products-00008318.jpg","contentUrl":"https:\/\/www.erboristerie.com\/wp-content\/uploads\/2019\/01\/products-00008318.jpg","width":"574","height":"356","caption":"IPERICO 36 CAPSULE HYPERICUM PERFORATUM"},{"@type":"BreadcrumbList","@id":"https:\/\/www.erboristerie.com\/it\/prodotto\/iperico-36-capsule-hypericum-perforatum\/#breadcrumb","itemListElement":[{"@type":"ListItem","position":1,"name":"Home","item":"https:\/\/www.erboristerie.com\/it\/"},{"@type":"ListItem","position":2,"name":"Tutti i prodotti","item":"https:\/\/www.erboristerie.com\/it\/tutti-i-prodotti\/"},{"@type":"ListItem","position":3,"name":"IPERICO 36 CAPSULE HYPERICUM PERFORATUM"}]},{"@type":"WebSite","@id":"https:\/\/www.erboristerie.com\/it\/#website","url":"https:\/\/www.erboristerie.com\/it\/","name":"Erboristeria Demetra","description":"La tua salute al naturale","publisher":{"@id":"https:\/\/www.erboristerie.com\/it\/#organization"},"potentialAction":[{"@type":"SearchAction","target":{"@type":"EntryPoint","urlTemplate":"https:\/\/www.erboristerie.com\/it\/?s={search_term_string}"},"query-input":{"@type":"PropertyValueSpecification","valueRequired":true,"valueName":"search_term_string"}}],"inLanguage":"it-IT"},{"@type":"Organization","@id":"https:\/\/www.erboristerie.com\/it\/#organization","name":"Erboristeria Demetra","url":"https:\/\/www.erboristerie.com\/it\/","logo":{"@type":"ImageObject","inLanguage":"it-IT","@id":"https:\/\/www.erboristerie.com\/it\/#\/schema\/logo\/image\/","url":"https:\/\/www.erboristerie.com\/wp-content\/uploads\/2019\/11\/LOGO_ERBORISTERIA_DEMETRA_original.png?v=1611516981","contentUrl":"https:\/\/www.erboristerie.com\/wp-content\/uploads\/2019\/11\/LOGO_ERBORISTERIA_DEMETRA_original.png?v=1611516981","width":201,"height":54,"caption":"Erboristeria Demetra"},"image":{"@id":"https:\/\/www.erboristerie.com\/it\/#\/schema\/logo\/image\/"},"sameAs":["https:\/\/www.facebook.com\/erboristeria.demetra.online"]}]}},"_links":{"self":[{"href":"https:\/\/www.erboristerie.com\/it\/wp-json\/wp\/v2\/product\/59474","targetHints":{"allow":["GET"]}}],"collection":[{"href":"https:\/\/www.erboristerie.com\/it\/wp-json\/wp\/v2\/product"}],"about":[{"href":"https:\/\/www.erboristerie.com\/it\/wp-json\/wp\/v2\/types\/product"}],"wp:featuredmedia":[{"embeddable":true,"href":"https:\/\/www.erboristerie.com\/it\/wp-json\/wp\/v2\/media\/59475"}],"wp:attachment":[{"href":"https:\/\/www.erboristerie.com\/it\/wp-json\/wp\/v2\/media?parent=59474"}],"wp:term":[{"taxonomy":"product_brand","embeddable":true,"href":"https:\/\/www.erboristerie.com\/it\/wp-json\/wp\/v2\/product_brand?post=59474"},{"taxonomy":"product_cat","embeddable":true,"href":"https:\/\/www.erboristerie.com\/it\/wp-json\/wp\/v2\/product_cat?post=59474"},{"taxonomy":"product_tag","embeddable":true,"href":"https:\/\/www.erboristerie.com\/it\/wp-json\/wp\/v2\/product_tag?post=59474"},{"taxonomy":"giftcard-category","embeddable":true,"href":"https:\/\/www.erboristerie.com\/it\/wp-json\/wp\/v2\/giftcard-category?post=59474"}],"curies":[{"name":"wp","href":"https:\/\/api.w.org\/{rel}","templated":true}]}}