{"id":59250,"date":"2010-12-08T10:28:18","date_gmt":"2010-12-08T10:28:18","guid":{"rendered":"http:\/\/www.erboristerie.com\/?post_type=product&#038;p=59250"},"modified":"2025-01-09T21:21:40","modified_gmt":"2025-01-09T20:21:40","slug":"irivist-occhi-gocce-monodose-10-fiale","status":"publish","type":"product","link":"https:\/\/www.erboristerie.com\/it\/prodotto\/irivist-occhi-gocce-monodose-10-fiale\/","title":{"rendered":"Irivist Occhi Gocce Oculari Monodose 10 fiale"},"content":{"rendered":"<div><strong>Irivist Occhi Gocce Oculari Monodose &#8211; Biosline<\/strong><\/div>\n<div>10 fiale da 0,5 ml<\/div>\n<div><strong>Irivist\u00ae Gocce Oculari<\/strong>\u00a0\u00e8 una soluzione sterile a pH fisiologico che contiene\u00a0<strong>Acido Ialuronico<\/strong>\u00a0cross-linkato,\u00a0<strong>acque distillate di Camomilla, Calendula ed Eufrasia<\/strong>\u00a0ed\u00a0<strong>agenti viscosizzanti<\/strong>. L\u2019Acido Ialuronico cross-linkato \u00e8 una sostanza che, grazie alla sua struttura reticolare, garantisce un\u00a0<strong>elevato grado di idratazione e persistenza<\/strong>\u00a0sulla superficie oculare rispetto al comune acido ialuronico, stabilizzando il film lacrimale.<\/div>\n<div>\n<p>Irivist\u00ae Gocce\u00a0Oculari favorisce il ripristino delle naturali condizioni funzionali dell\u2019occhio determinando un\u00a0<strong>rapido e prolungato sollievo<\/strong>\u00a0lubrificandolo e formando un film prottetivo che contrasta l\u2019azione dei fattori esterni quali smog, polvere, vento, ecc.<br \/>\nIrivist\u00ae Gocce\u00a0Oculari\u00a0<strong>previene e attenua i fastidi<\/strong>\u00a0caratteristici della sindrome dell\u2019occhio secco e le fastidiosi sensazioni di prurito, bruciore e stanchezza che spesso si manifestano in caso di uso di lenti a contatto, lettura prolungata o attenzione alla guida.<\/p>\n<p><strong class=\"primary\">\u00c8 un dispositivo medico CE 0373.<\/strong><br \/>\nLeggere attentamente le avvertenze o le istruzioni per l\u2019uso.<\/p>\n<\/div>\n<div><strong>QUANDO USARLO<\/strong><\/div>\n<div>Irivist\u00ae Occhi Gocce pu\u00f2 essere utilizzato anche da coloro che usano lenti a contatto; \u00e8 indicato anche per un uso frequente, pi\u00f9 volte al giorno.<\/div>\n<div><strong>COME USARLO<\/strong><\/div>\n<div>Irivist\u00ae Gocce Oculari monodose: instillare 2-3 gocce in ciascun occhio.<\/div>\n<div><strong>COSA CONTIENE<br \/>\n<\/strong>Acqua distillata di: Camomilla, Calendula, Eufrasia, Acido ialuronico cross-linkato.<strong><br \/>\n<\/strong><\/div>\n","protected":false},"excerpt":{"rendered":"<p>Irivist Occhi Gocce Oculari Monodose &#8211; Biosline 10 fiale da 0,5 ml Irivist\u00ae Gocce Oculari\u00a0\u00e8 una soluzione sterile a pH fisiologico che contiene\u00a0Acido Ialuronico\u00a0cross-linkato,\u00a0acque distillate di Camomilla, Calendula ed Eufrasia\u00a0ed\u00a0agenti viscosizzanti. L\u2019Acido Ialuronico cross-linkato \u00e8 una sostanza che, grazie alla sua struttura reticolare, garantisce un\u00a0elevato&#8230;<\/p>\n","protected":false},"featured_media":109055,"template":"","meta":{"_acf_changed":false},"product_brand":[9595],"product_cat":[9879,10367],"product_tag":[10864,11963,10977,12434,10978],"giftcard-category":[],"class_list":{"0":"post-59250","1":"product","2":"type-product","3":"status-publish","4":"has-post-thumbnail","6":"product_brand-biosline","7":"product_cat-occhi-e-vista","8":"product_cat-dispositivi-medici","9":"product_tag-fiale","10":"product_tag-gocce","11":"product_tag-irivist","12":"product_tag-monodose","13":"product_tag-occhi","14":"pa_linea-irivist","15":"pa_marca-biosline","16":"pa_tipologia-fiale","18":"first","19":"instock","20":"sale","21":"taxable","22":"shipping-taxable","23":"purchasable","24":"product-type-simple"},"acf":[],"yoast_head":"<!-- This site is optimized with the Yoast SEO plugin v24.9 - https:\/\/yoast.com\/wordpress\/plugins\/seo\/ -->\n<title>Irivist Occhi Gocce Monodose 10 fiale<\/title>\n<meta name=\"description\" content=\"Con le acque distillate di piante previene ed attenua le fastidiose sensazioni di prurito, bruciore e stanchezza.\" \/>\n<meta name=\"robots\" content=\"index, follow, max-snippet:-1, max-image-preview:large, max-video-preview:-1\" \/>\n<link rel=\"canonical\" href=\"https:\/\/www.erboristerie.com\/it\/prodotto\/irivist-occhi-gocce-monodose-10-fiale\/\" \/>\n<meta property=\"og:locale\" content=\"it_IT\" \/>\n<meta property=\"og:type\" content=\"article\" \/>\n<meta property=\"og:title\" content=\"Irivist Occhi Gocce Monodose 10 fiale\" \/>\n<meta property=\"og:description\" content=\"Con le acque distillate di piante previene ed attenua le fastidiose sensazioni di prurito, bruciore e stanchezza.\" \/>\n<meta property=\"og:url\" content=\"https:\/\/www.erboristerie.com\/it\/prodotto\/irivist-occhi-gocce-monodose-10-fiale\/\" \/>\n<meta property=\"og:site_name\" content=\"Erboristeria Demetra\" \/>\n<meta property=\"article:publisher\" content=\"https:\/\/www.facebook.com\/erboristeria.demetra.online\" \/>\n<meta property=\"article:modified_time\" content=\"2025-01-09T20:21:40+00:00\" \/>\n<meta property=\"og:image\" content=\"https:\/\/www.erboristerie.com\/wp-content\/uploads\/2010\/12\/00008504-1.jpg\" \/>\n\t<meta property=\"og:image:width\" content=\"1200\" \/>\n\t<meta property=\"og:image:height\" content=\"1200\" \/>\n\t<meta property=\"og:image:type\" content=\"image\/jpeg\" \/>\n<meta name=\"twitter:card\" content=\"summary_large_image\" \/>\n<meta name=\"twitter:label1\" content=\"Tempo di lettura stimato\" \/>\n\t<meta name=\"twitter:data1\" content=\"2 minuti\" \/>\n<script type=\"application\/ld+json\" class=\"yoast-schema-graph\">{\"@context\":\"https:\/\/schema.org\",\"@graph\":[{\"@type\":\"WebPage\",\"@id\":\"https:\/\/www.erboristerie.com\/it\/prodotto\/irivist-occhi-gocce-monodose-10-fiale\/\",\"url\":\"https:\/\/www.erboristerie.com\/it\/prodotto\/irivist-occhi-gocce-monodose-10-fiale\/\",\"name\":\"Irivist Occhi Gocce Monodose 10 fiale\",\"isPartOf\":{\"@id\":\"https:\/\/www.erboristerie.com\/it\/#website\"},\"primaryImageOfPage\":{\"@id\":\"https:\/\/www.erboristerie.com\/it\/prodotto\/irivist-occhi-gocce-monodose-10-fiale\/#primaryimage\"},\"image\":{\"@id\":\"https:\/\/www.erboristerie.com\/it\/prodotto\/irivist-occhi-gocce-monodose-10-fiale\/#primaryimage\"},\"thumbnailUrl\":\"https:\/\/www.erboristerie.com\/wp-content\/uploads\/2010\/12\/00008504-1.jpg\",\"datePublished\":\"2010-12-08T10:28:18+00:00\",\"dateModified\":\"2025-01-09T20:21:40+00:00\",\"description\":\"Con le acque distillate di piante previene ed attenua le fastidiose sensazioni di prurito, bruciore e stanchezza.\",\"breadcrumb\":{\"@id\":\"https:\/\/www.erboristerie.com\/it\/prodotto\/irivist-occhi-gocce-monodose-10-fiale\/#breadcrumb\"},\"inLanguage\":\"it-IT\",\"potentialAction\":[{\"@type\":\"ReadAction\",\"target\":[\"https:\/\/www.erboristerie.com\/it\/prodotto\/irivist-occhi-gocce-monodose-10-fiale\/\"]}]},{\"@type\":\"ImageObject\",\"inLanguage\":\"it-IT\",\"@id\":\"https:\/\/www.erboristerie.com\/it\/prodotto\/irivist-occhi-gocce-monodose-10-fiale\/#primaryimage\",\"url\":\"https:\/\/www.erboristerie.com\/wp-content\/uploads\/2010\/12\/00008504-1.jpg\",\"contentUrl\":\"https:\/\/www.erboristerie.com\/wp-content\/uploads\/2010\/12\/00008504-1.jpg\",\"width\":1200,\"height\":1200,\"caption\":\"IRIVISTocchi-10mnds 003\"},{\"@type\":\"BreadcrumbList\",\"@id\":\"https:\/\/www.erboristerie.com\/it\/prodotto\/irivist-occhi-gocce-monodose-10-fiale\/#breadcrumb\",\"itemListElement\":[{\"@type\":\"ListItem\",\"position\":1,\"name\":\"Home\",\"item\":\"https:\/\/www.erboristerie.com\/it\/\"},{\"@type\":\"ListItem\",\"position\":2,\"name\":\"Tutti i prodotti\",\"item\":\"https:\/\/www.erboristerie.com\/it\/tutti-i-prodotti\/\"},{\"@type\":\"ListItem\",\"position\":3,\"name\":\"Irivist Occhi Gocce Oculari Monodose 10 fiale\"}]},{\"@type\":\"WebSite\",\"@id\":\"https:\/\/www.erboristerie.com\/it\/#website\",\"url\":\"https:\/\/www.erboristerie.com\/it\/\",\"name\":\"Erboristeria Demetra\",\"description\":\"La tua salute al naturale\",\"publisher\":{\"@id\":\"https:\/\/www.erboristerie.com\/it\/#organization\"},\"potentialAction\":[{\"@type\":\"SearchAction\",\"target\":{\"@type\":\"EntryPoint\",\"urlTemplate\":\"https:\/\/www.erboristerie.com\/it\/?s={search_term_string}\"},\"query-input\":{\"@type\":\"PropertyValueSpecification\",\"valueRequired\":true,\"valueName\":\"search_term_string\"}}],\"inLanguage\":\"it-IT\"},{\"@type\":\"Organization\",\"@id\":\"https:\/\/www.erboristerie.com\/it\/#organization\",\"name\":\"Erboristeria Demetra\",\"url\":\"https:\/\/www.erboristerie.com\/it\/\",\"logo\":{\"@type\":\"ImageObject\",\"inLanguage\":\"it-IT\",\"@id\":\"https:\/\/www.erboristerie.com\/it\/#\/schema\/logo\/image\/\",\"url\":\"https:\/\/www.erboristerie.com\/wp-content\/uploads\/2019\/11\/LOGO_ERBORISTERIA_DEMETRA_original.png?v=1611516981\",\"contentUrl\":\"https:\/\/www.erboristerie.com\/wp-content\/uploads\/2019\/11\/LOGO_ERBORISTERIA_DEMETRA_original.png?v=1611516981\",\"width\":201,\"height\":54,\"caption\":\"Erboristeria Demetra\"},\"image\":{\"@id\":\"https:\/\/www.erboristerie.com\/it\/#\/schema\/logo\/image\/\"},\"sameAs\":[\"https:\/\/www.facebook.com\/erboristeria.demetra.online\"]}]}<\/script>\n<!-- \/ Yoast SEO plugin. -->","yoast_head_json":{"title":"Irivist Occhi Gocce Monodose 10 fiale","description":"Con le acque distillate di piante previene ed attenua le fastidiose sensazioni di prurito, bruciore e stanchezza.","robots":{"index":"index","follow":"follow","max-snippet":"max-snippet:-1","max-image-preview":"max-image-preview:large","max-video-preview":"max-video-preview:-1"},"canonical":"https:\/\/www.erboristerie.com\/it\/prodotto\/irivist-occhi-gocce-monodose-10-fiale\/","og_locale":"it_IT","og_type":"article","og_title":"Irivist Occhi Gocce Monodose 10 fiale","og_description":"Con le acque distillate di piante previene ed attenua le fastidiose sensazioni di prurito, bruciore e stanchezza.","og_url":"https:\/\/www.erboristerie.com\/it\/prodotto\/irivist-occhi-gocce-monodose-10-fiale\/","og_site_name":"Erboristeria Demetra","article_publisher":"https:\/\/www.facebook.com\/erboristeria.demetra.online","article_modified_time":"2025-01-09T20:21:40+00:00","og_image":[{"width":1200,"height":1200,"url":"https:\/\/www.erboristerie.com\/wp-content\/uploads\/2010\/12\/00008504-1.jpg","type":"image\/jpeg"}],"twitter_card":"summary_large_image","twitter_misc":{"Tempo di lettura stimato":"2 minuti"},"schema":{"@context":"https:\/\/schema.org","@graph":[{"@type":"WebPage","@id":"https:\/\/www.erboristerie.com\/it\/prodotto\/irivist-occhi-gocce-monodose-10-fiale\/","url":"https:\/\/www.erboristerie.com\/it\/prodotto\/irivist-occhi-gocce-monodose-10-fiale\/","name":"Irivist Occhi Gocce Monodose 10 fiale","isPartOf":{"@id":"https:\/\/www.erboristerie.com\/it\/#website"},"primaryImageOfPage":{"@id":"https:\/\/www.erboristerie.com\/it\/prodotto\/irivist-occhi-gocce-monodose-10-fiale\/#primaryimage"},"image":{"@id":"https:\/\/www.erboristerie.com\/it\/prodotto\/irivist-occhi-gocce-monodose-10-fiale\/#primaryimage"},"thumbnailUrl":"https:\/\/www.erboristerie.com\/wp-content\/uploads\/2010\/12\/00008504-1.jpg","datePublished":"2010-12-08T10:28:18+00:00","dateModified":"2025-01-09T20:21:40+00:00","description":"Con le acque distillate di piante previene ed attenua le fastidiose sensazioni di prurito, bruciore e stanchezza.","breadcrumb":{"@id":"https:\/\/www.erboristerie.com\/it\/prodotto\/irivist-occhi-gocce-monodose-10-fiale\/#breadcrumb"},"inLanguage":"it-IT","potentialAction":[{"@type":"ReadAction","target":["https:\/\/www.erboristerie.com\/it\/prodotto\/irivist-occhi-gocce-monodose-10-fiale\/"]}]},{"@type":"ImageObject","inLanguage":"it-IT","@id":"https:\/\/www.erboristerie.com\/it\/prodotto\/irivist-occhi-gocce-monodose-10-fiale\/#primaryimage","url":"https:\/\/www.erboristerie.com\/wp-content\/uploads\/2010\/12\/00008504-1.jpg","contentUrl":"https:\/\/www.erboristerie.com\/wp-content\/uploads\/2010\/12\/00008504-1.jpg","width":1200,"height":1200,"caption":"IRIVISTocchi-10mnds 003"},{"@type":"BreadcrumbList","@id":"https:\/\/www.erboristerie.com\/it\/prodotto\/irivist-occhi-gocce-monodose-10-fiale\/#breadcrumb","itemListElement":[{"@type":"ListItem","position":1,"name":"Home","item":"https:\/\/www.erboristerie.com\/it\/"},{"@type":"ListItem","position":2,"name":"Tutti i prodotti","item":"https:\/\/www.erboristerie.com\/it\/tutti-i-prodotti\/"},{"@type":"ListItem","position":3,"name":"Irivist Occhi Gocce Oculari Monodose 10 fiale"}]},{"@type":"WebSite","@id":"https:\/\/www.erboristerie.com\/it\/#website","url":"https:\/\/www.erboristerie.com\/it\/","name":"Erboristeria Demetra","description":"La tua salute al naturale","publisher":{"@id":"https:\/\/www.erboristerie.com\/it\/#organization"},"potentialAction":[{"@type":"SearchAction","target":{"@type":"EntryPoint","urlTemplate":"https:\/\/www.erboristerie.com\/it\/?s={search_term_string}"},"query-input":{"@type":"PropertyValueSpecification","valueRequired":true,"valueName":"search_term_string"}}],"inLanguage":"it-IT"},{"@type":"Organization","@id":"https:\/\/www.erboristerie.com\/it\/#organization","name":"Erboristeria Demetra","url":"https:\/\/www.erboristerie.com\/it\/","logo":{"@type":"ImageObject","inLanguage":"it-IT","@id":"https:\/\/www.erboristerie.com\/it\/#\/schema\/logo\/image\/","url":"https:\/\/www.erboristerie.com\/wp-content\/uploads\/2019\/11\/LOGO_ERBORISTERIA_DEMETRA_original.png?v=1611516981","contentUrl":"https:\/\/www.erboristerie.com\/wp-content\/uploads\/2019\/11\/LOGO_ERBORISTERIA_DEMETRA_original.png?v=1611516981","width":201,"height":54,"caption":"Erboristeria Demetra"},"image":{"@id":"https:\/\/www.erboristerie.com\/it\/#\/schema\/logo\/image\/"},"sameAs":["https:\/\/www.facebook.com\/erboristeria.demetra.online"]}]}},"_links":{"self":[{"href":"https:\/\/www.erboristerie.com\/it\/wp-json\/wp\/v2\/product\/59250","targetHints":{"allow":["GET"]}}],"collection":[{"href":"https:\/\/www.erboristerie.com\/it\/wp-json\/wp\/v2\/product"}],"about":[{"href":"https:\/\/www.erboristerie.com\/it\/wp-json\/wp\/v2\/types\/product"}],"wp:featuredmedia":[{"embeddable":true,"href":"https:\/\/www.erboristerie.com\/it\/wp-json\/wp\/v2\/media\/109055"}],"wp:attachment":[{"href":"https:\/\/www.erboristerie.com\/it\/wp-json\/wp\/v2\/media?parent=59250"}],"wp:term":[{"taxonomy":"product_brand","embeddable":true,"href":"https:\/\/www.erboristerie.com\/it\/wp-json\/wp\/v2\/product_brand?post=59250"},{"taxonomy":"product_cat","embeddable":true,"href":"https:\/\/www.erboristerie.com\/it\/wp-json\/wp\/v2\/product_cat?post=59250"},{"taxonomy":"product_tag","embeddable":true,"href":"https:\/\/www.erboristerie.com\/it\/wp-json\/wp\/v2\/product_tag?post=59250"},{"taxonomy":"giftcard-category","embeddable":true,"href":"https:\/\/www.erboristerie.com\/it\/wp-json\/wp\/v2\/giftcard-category?post=59250"}],"curies":[{"name":"wp","href":"https:\/\/api.w.org\/{rel}","templated":true}]}}