{"id":58262,"date":"2009-04-14T12:25:06","date_gmt":"2009-04-14T10:25:06","guid":{"rendered":"http:\/\/www.erboristerie.com\/?post_type=product&#038;p=58262"},"modified":"2026-03-13T16:57:52","modified_gmt":"2026-03-13T15:57:52","slug":"acceleratore-dabbronzatura-con-aumento-del-65-abbronzatura-ultra-rapida-intensa-e-di-lunga-durata-natures","status":"publish","type":"product","link":"https:\/\/www.erboristerie.com\/it\/prodotto\/acceleratore-dabbronzatura-con-aumento-del-65-abbronzatura-ultra-rapida-intensa-e-di-lunga-durata-natures\/","title":{"rendered":"Acceleratore d&#8217;abbronzatura con aumento del 65% abbronzatura ultra-rapida, intensa e di lunga durata Nature&#8217;s"},"content":{"rendered":"<p><strong>Acceleratore Abbronzatura +65%\u00a0 150ml &#8211; Nature&#8217;s<\/strong><\/p>\n<p>Formulato <strong>per favorire un\u2019abbronzatura ultra-rapida<\/strong>, intensa e di lunga durata.<\/p>\n<p>Usato sotto il sole intensifica l\u2019abbronzatura mentre, iniziando l\u2019impiego una settimana prima, prepara la pelle all\u2019esposizione solare.<\/p>\n<p>Contiene una speciale miscela di Oleil Tirosina e Olio di Loofah, che intensifica e accelera del 65%* il naturale processo di pigmentazione della pelle.<\/p>\n<p>E\u2019 arricchito inoltre con Acqua Unicellulare bio-attiva di Arancia Dolce bio e Melanina Vegetale.<\/p>\n<p>Si pu\u00f2 utilizzare da solo nel caso di pelle gi\u00e0 abbronzata oppure come base della crema solare protettiva quando la pelle \u00e8 delicata e molto chiara.<\/p>\n<p>Ideale anche per lampade solari.<\/p>\n<p><strong>NON PROTEGGE DAI RAGGI UV.<\/strong><\/p>\n<p>*Studio clinico condotto su 20 soggetti per 12 giorni che dimostra l\u2019efficacia del prodotto nell\u2019accelerare il naturale processo di abbronzatura.<\/p>\n<p><strong>Modo d&#8217;uso<\/strong><\/p>\n<p>stendere su viso e corpo da soIo se Ia peIIe \u00e8 gi\u00e0 abbronzata o, in caso di peIIi pi\u00f9 chiare, come base deIIa Crema SoIare con adeguata protezione.<\/p>\n<p>Uso esterno.<\/p>\n<p><strong>INCI<\/strong><\/p>\n<p>aqua \/ water, ethylhexyl palmitate, glycerin, cetearyl isononanoate, maltodextrin, isopropyl isostearate, cetearyl alcohol, daucus carota sativa seed oil \/ daucus carota sativa (carrot) seed oil, citrus aurantium dulcis fruit extract** \/ citrus aurantium dulcis (orange) fruit extract**, glyceryl stearate, prunus amygdalus dulcis oil \/ prunus amygdalus dulcis (sweet almond) oil, triticum vulgare germ oil \/ triticum vulgare (wheat) germ oil, parfum \/ fragrance, hydroxyethylcellulose, oleoyl tyrosine, phenoxyethanol, cucumis melo juice \/ cucumis melo (melon) juice, ethylhexylglycerin, luffa cylindrica seed oil, helianthus annuus seed oil \/ helianthus annuus (sunflower) seed oil, oryza sativa bran oil \/ oryza sativa (rice) bran oil, tocopheryl acetate, butyrospermum parkii butter \/ butyrospermum parkii (shea) butter, potassium cetyl phosphate, oleic acid, sodium hydroxide, prunus armeniaca fruit extract \/ prunus armeniaca (apricot) fruit extract, melanin, lecithin, phytic acid, hydrolyzed algin, tocopherol, magnesium sulfate, ascorbyl palmitate, manganese sulfate, leuconostoc\/radish root ferment filtrate, citric acid. **da agricoltura biologica \/ from organic farming<\/p>\n<p>La lista degli ingredienti pu\u00f2 subire delle leggere modifiche, fai riferimento a quella riportata sulla confezione del prodotto.<\/p>\n<p>Con estratti vegetali e bio<\/p>\n<p><strong>Formula Vegan<\/strong><\/p>\n<p><strong>NON CONTIENE: parabeni, paraffina, oli minerali, siliconi, ogm, sls, sles, dea, cessori di formaldeide<\/strong><\/p>\n<p><strong>Nickel tested (Nickel &lt; 0,0001%)<\/strong><\/p>\n<p><strong>Dermatologicamente testato<\/strong><\/p>\n","protected":false},"excerpt":{"rendered":"<p>Acceleratore Abbronzatura +65%\u00a0 150ml &#8211; Nature&#8217;s Formulato per favorire un\u2019abbronzatura ultra-rapida, intensa e di lunga durata. Usato sotto il sole intensifica l\u2019abbronzatura mentre, iniziando l\u2019impiego una settimana prima, prepara la pelle all\u2019esposizione solare. Contiene una speciale miscela di Oleil Tirosina e Olio di Loofah, che&#8230;<\/p>\n","protected":false},"featured_media":58263,"template":"","meta":{"_acf_changed":false},"product_brand":[9650],"product_cat":[9695],"product_tag":[12042,13735,13733,13732,13734,10689,12213,12215],"giftcard-category":[],"class_list":{"0":"post-58262","1":"product","2":"type-product","3":"status-publish","4":"has-post-thumbnail","6":"product_brand-nature-s","7":"product_cat-solari","8":"product_tag-150ml","9":"product_tag-13735","10":"product_tag-acceleratore","11":"product_tag-aumento","12":"product_tag-dabbronzatura","13":"product_tag-del","14":"product_tag-natures","15":"product_tag-sun","16":"pa_formato-150-ml","17":"pa_linea-profumazione-solari","18":"pa_marca-natures","19":"pa_tipologia-crema","21":"first","22":"instock","23":"sale","24":"taxable","25":"shipping-taxable","26":"purchasable","27":"product-type-simple"},"acf":[],"yoast_head":"<!-- This site is optimized with the Yoast SEO plugin v24.9 - https:\/\/yoast.com\/wordpress\/plugins\/seo\/ -->\n<title>Acceleratore d&#039;abbronzatura con aumento del 65% abbronzatura ultra-rapida, intensa e di lunga durata Nature&#039;s - Erboristeria Demetra<\/title>\n<meta name=\"description\" content=\"Si pu\u00f2 utilizzare da solo nel caso di pelle gi\u00e0 abbronzata oppure come base della crema solare protettiva quando la pelle \u00e8 delicata e molto chiara.\" \/>\n<meta name=\"robots\" content=\"index, follow, max-snippet:-1, max-image-preview:large, max-video-preview:-1\" \/>\n<link rel=\"canonical\" href=\"https:\/\/www.erboristerie.com\/it\/prodotto\/acceleratore-dabbronzatura-con-aumento-del-65-abbronzatura-ultra-rapida-intensa-e-di-lunga-durata-natures\/\" \/>\n<meta property=\"og:locale\" content=\"it_IT\" \/>\n<meta property=\"og:type\" content=\"article\" \/>\n<meta property=\"og:title\" content=\"Acceleratore d&#039;abbronzatura con aumento del 65% abbronzatura ultra-rapida, intensa e di lunga durata Nature&#039;s - Erboristeria Demetra\" \/>\n<meta property=\"og:description\" content=\"Si pu\u00f2 utilizzare da solo nel caso di pelle gi\u00e0 abbronzata oppure come base della crema solare protettiva quando la pelle \u00e8 delicata e molto chiara.\" \/>\n<meta property=\"og:url\" content=\"https:\/\/www.erboristerie.com\/it\/prodotto\/acceleratore-dabbronzatura-con-aumento-del-65-abbronzatura-ultra-rapida-intensa-e-di-lunga-durata-natures\/\" \/>\n<meta property=\"og:site_name\" content=\"Erboristeria Demetra\" \/>\n<meta property=\"article:publisher\" content=\"https:\/\/www.facebook.com\/erboristeria.demetra.online\" \/>\n<meta property=\"article:modified_time\" content=\"2026-03-13T15:57:52+00:00\" \/>\n<meta property=\"og:image\" content=\"https:\/\/www.erboristerie.com\/wp-content\/uploads\/2019\/01\/products-00007967.jpg\" \/>\n\t<meta property=\"og:image:width\" content=\"494\" \/>\n\t<meta property=\"og:image:height\" content=\"518\" \/>\n\t<meta property=\"og:image:type\" content=\"image\/jpeg\" \/>\n<meta name=\"twitter:card\" content=\"summary_large_image\" \/>\n<meta name=\"twitter:label1\" content=\"Tempo di lettura stimato\" \/>\n\t<meta name=\"twitter:data1\" content=\"3 minuti\" \/>\n<script type=\"application\/ld+json\" class=\"yoast-schema-graph\">{\"@context\":\"https:\/\/schema.org\",\"@graph\":[{\"@type\":\"WebPage\",\"@id\":\"https:\/\/www.erboristerie.com\/it\/prodotto\/acceleratore-dabbronzatura-con-aumento-del-65-abbronzatura-ultra-rapida-intensa-e-di-lunga-durata-natures\/\",\"url\":\"https:\/\/www.erboristerie.com\/it\/prodotto\/acceleratore-dabbronzatura-con-aumento-del-65-abbronzatura-ultra-rapida-intensa-e-di-lunga-durata-natures\/\",\"name\":\"Acceleratore d'abbronzatura con aumento del 65% abbronzatura ultra-rapida, intensa e di lunga durata Nature's - Erboristeria Demetra\",\"isPartOf\":{\"@id\":\"https:\/\/www.erboristerie.com\/it\/#website\"},\"primaryImageOfPage\":{\"@id\":\"https:\/\/www.erboristerie.com\/it\/prodotto\/acceleratore-dabbronzatura-con-aumento-del-65-abbronzatura-ultra-rapida-intensa-e-di-lunga-durata-natures\/#primaryimage\"},\"image\":{\"@id\":\"https:\/\/www.erboristerie.com\/it\/prodotto\/acceleratore-dabbronzatura-con-aumento-del-65-abbronzatura-ultra-rapida-intensa-e-di-lunga-durata-natures\/#primaryimage\"},\"thumbnailUrl\":\"https:\/\/www.erboristerie.com\/wp-content\/uploads\/2019\/01\/products-00007967.jpg\",\"datePublished\":\"2009-04-14T10:25:06+00:00\",\"dateModified\":\"2026-03-13T15:57:52+00:00\",\"description\":\"Si pu\u00f2 utilizzare da solo nel caso di pelle gi\u00e0 abbronzata oppure come base della crema solare protettiva quando la pelle \u00e8 delicata e molto chiara.\",\"breadcrumb\":{\"@id\":\"https:\/\/www.erboristerie.com\/it\/prodotto\/acceleratore-dabbronzatura-con-aumento-del-65-abbronzatura-ultra-rapida-intensa-e-di-lunga-durata-natures\/#breadcrumb\"},\"inLanguage\":\"it-IT\",\"potentialAction\":[{\"@type\":\"ReadAction\",\"target\":[\"https:\/\/www.erboristerie.com\/it\/prodotto\/acceleratore-dabbronzatura-con-aumento-del-65-abbronzatura-ultra-rapida-intensa-e-di-lunga-durata-natures\/\"]}]},{\"@type\":\"ImageObject\",\"inLanguage\":\"it-IT\",\"@id\":\"https:\/\/www.erboristerie.com\/it\/prodotto\/acceleratore-dabbronzatura-con-aumento-del-65-abbronzatura-ultra-rapida-intensa-e-di-lunga-durata-natures\/#primaryimage\",\"url\":\"https:\/\/www.erboristerie.com\/wp-content\/uploads\/2019\/01\/products-00007967.jpg\",\"contentUrl\":\"https:\/\/www.erboristerie.com\/wp-content\/uploads\/2019\/01\/products-00007967.jpg\",\"width\":\"494\",\"height\":\"518\",\"caption\":\"ACCELERATORE D'ABBRONZATURA 150ML AUMENTO DEL 65% NATURE'S\"},{\"@type\":\"BreadcrumbList\",\"@id\":\"https:\/\/www.erboristerie.com\/it\/prodotto\/acceleratore-dabbronzatura-con-aumento-del-65-abbronzatura-ultra-rapida-intensa-e-di-lunga-durata-natures\/#breadcrumb\",\"itemListElement\":[{\"@type\":\"ListItem\",\"position\":1,\"name\":\"Home\",\"item\":\"https:\/\/www.erboristerie.com\/it\/\"},{\"@type\":\"ListItem\",\"position\":2,\"name\":\"Tutti i prodotti\",\"item\":\"https:\/\/www.erboristerie.com\/it\/tutti-i-prodotti\/\"},{\"@type\":\"ListItem\",\"position\":3,\"name\":\"Acceleratore d&#8217;abbronzatura con aumento del 65% abbronzatura ultra-rapida, intensa e di lunga durata Nature&#8217;s\"}]},{\"@type\":\"WebSite\",\"@id\":\"https:\/\/www.erboristerie.com\/it\/#website\",\"url\":\"https:\/\/www.erboristerie.com\/it\/\",\"name\":\"Erboristeria Demetra\",\"description\":\"La tua salute al naturale\",\"publisher\":{\"@id\":\"https:\/\/www.erboristerie.com\/it\/#organization\"},\"potentialAction\":[{\"@type\":\"SearchAction\",\"target\":{\"@type\":\"EntryPoint\",\"urlTemplate\":\"https:\/\/www.erboristerie.com\/it\/?s={search_term_string}\"},\"query-input\":{\"@type\":\"PropertyValueSpecification\",\"valueRequired\":true,\"valueName\":\"search_term_string\"}}],\"inLanguage\":\"it-IT\"},{\"@type\":\"Organization\",\"@id\":\"https:\/\/www.erboristerie.com\/it\/#organization\",\"name\":\"Erboristeria Demetra\",\"url\":\"https:\/\/www.erboristerie.com\/it\/\",\"logo\":{\"@type\":\"ImageObject\",\"inLanguage\":\"it-IT\",\"@id\":\"https:\/\/www.erboristerie.com\/it\/#\/schema\/logo\/image\/\",\"url\":\"https:\/\/www.erboristerie.com\/wp-content\/uploads\/2019\/11\/LOGO_ERBORISTERIA_DEMETRA_original.png?v=1611516981\",\"contentUrl\":\"https:\/\/www.erboristerie.com\/wp-content\/uploads\/2019\/11\/LOGO_ERBORISTERIA_DEMETRA_original.png?v=1611516981\",\"width\":201,\"height\":54,\"caption\":\"Erboristeria Demetra\"},\"image\":{\"@id\":\"https:\/\/www.erboristerie.com\/it\/#\/schema\/logo\/image\/\"},\"sameAs\":[\"https:\/\/www.facebook.com\/erboristeria.demetra.online\"]}]}<\/script>\n<!-- \/ Yoast SEO plugin. -->","yoast_head_json":{"title":"Acceleratore d'abbronzatura con aumento del 65% abbronzatura ultra-rapida, intensa e di lunga durata Nature's - Erboristeria Demetra","description":"Si pu\u00f2 utilizzare da solo nel caso di pelle gi\u00e0 abbronzata oppure come base della crema solare protettiva quando la pelle \u00e8 delicata e molto chiara.","robots":{"index":"index","follow":"follow","max-snippet":"max-snippet:-1","max-image-preview":"max-image-preview:large","max-video-preview":"max-video-preview:-1"},"canonical":"https:\/\/www.erboristerie.com\/it\/prodotto\/acceleratore-dabbronzatura-con-aumento-del-65-abbronzatura-ultra-rapida-intensa-e-di-lunga-durata-natures\/","og_locale":"it_IT","og_type":"article","og_title":"Acceleratore d'abbronzatura con aumento del 65% abbronzatura ultra-rapida, intensa e di lunga durata Nature's - Erboristeria Demetra","og_description":"Si pu\u00f2 utilizzare da solo nel caso di pelle gi\u00e0 abbronzata oppure come base della crema solare protettiva quando la pelle \u00e8 delicata e molto chiara.","og_url":"https:\/\/www.erboristerie.com\/it\/prodotto\/acceleratore-dabbronzatura-con-aumento-del-65-abbronzatura-ultra-rapida-intensa-e-di-lunga-durata-natures\/","og_site_name":"Erboristeria Demetra","article_publisher":"https:\/\/www.facebook.com\/erboristeria.demetra.online","article_modified_time":"2026-03-13T15:57:52+00:00","og_image":[{"width":494,"height":518,"url":"https:\/\/www.erboristerie.com\/wp-content\/uploads\/2019\/01\/products-00007967.jpg","type":"image\/jpeg"}],"twitter_card":"summary_large_image","twitter_misc":{"Tempo di lettura stimato":"3 minuti"},"schema":{"@context":"https:\/\/schema.org","@graph":[{"@type":"WebPage","@id":"https:\/\/www.erboristerie.com\/it\/prodotto\/acceleratore-dabbronzatura-con-aumento-del-65-abbronzatura-ultra-rapida-intensa-e-di-lunga-durata-natures\/","url":"https:\/\/www.erboristerie.com\/it\/prodotto\/acceleratore-dabbronzatura-con-aumento-del-65-abbronzatura-ultra-rapida-intensa-e-di-lunga-durata-natures\/","name":"Acceleratore d'abbronzatura con aumento del 65% abbronzatura ultra-rapida, intensa e di lunga durata Nature's - Erboristeria Demetra","isPartOf":{"@id":"https:\/\/www.erboristerie.com\/it\/#website"},"primaryImageOfPage":{"@id":"https:\/\/www.erboristerie.com\/it\/prodotto\/acceleratore-dabbronzatura-con-aumento-del-65-abbronzatura-ultra-rapida-intensa-e-di-lunga-durata-natures\/#primaryimage"},"image":{"@id":"https:\/\/www.erboristerie.com\/it\/prodotto\/acceleratore-dabbronzatura-con-aumento-del-65-abbronzatura-ultra-rapida-intensa-e-di-lunga-durata-natures\/#primaryimage"},"thumbnailUrl":"https:\/\/www.erboristerie.com\/wp-content\/uploads\/2019\/01\/products-00007967.jpg","datePublished":"2009-04-14T10:25:06+00:00","dateModified":"2026-03-13T15:57:52+00:00","description":"Si pu\u00f2 utilizzare da solo nel caso di pelle gi\u00e0 abbronzata oppure come base della crema solare protettiva quando la pelle \u00e8 delicata e molto chiara.","breadcrumb":{"@id":"https:\/\/www.erboristerie.com\/it\/prodotto\/acceleratore-dabbronzatura-con-aumento-del-65-abbronzatura-ultra-rapida-intensa-e-di-lunga-durata-natures\/#breadcrumb"},"inLanguage":"it-IT","potentialAction":[{"@type":"ReadAction","target":["https:\/\/www.erboristerie.com\/it\/prodotto\/acceleratore-dabbronzatura-con-aumento-del-65-abbronzatura-ultra-rapida-intensa-e-di-lunga-durata-natures\/"]}]},{"@type":"ImageObject","inLanguage":"it-IT","@id":"https:\/\/www.erboristerie.com\/it\/prodotto\/acceleratore-dabbronzatura-con-aumento-del-65-abbronzatura-ultra-rapida-intensa-e-di-lunga-durata-natures\/#primaryimage","url":"https:\/\/www.erboristerie.com\/wp-content\/uploads\/2019\/01\/products-00007967.jpg","contentUrl":"https:\/\/www.erboristerie.com\/wp-content\/uploads\/2019\/01\/products-00007967.jpg","width":"494","height":"518","caption":"ACCELERATORE D'ABBRONZATURA 150ML AUMENTO DEL 65% NATURE'S"},{"@type":"BreadcrumbList","@id":"https:\/\/www.erboristerie.com\/it\/prodotto\/acceleratore-dabbronzatura-con-aumento-del-65-abbronzatura-ultra-rapida-intensa-e-di-lunga-durata-natures\/#breadcrumb","itemListElement":[{"@type":"ListItem","position":1,"name":"Home","item":"https:\/\/www.erboristerie.com\/it\/"},{"@type":"ListItem","position":2,"name":"Tutti i prodotti","item":"https:\/\/www.erboristerie.com\/it\/tutti-i-prodotti\/"},{"@type":"ListItem","position":3,"name":"Acceleratore d&#8217;abbronzatura con aumento del 65% abbronzatura ultra-rapida, intensa e di lunga durata Nature&#8217;s"}]},{"@type":"WebSite","@id":"https:\/\/www.erboristerie.com\/it\/#website","url":"https:\/\/www.erboristerie.com\/it\/","name":"Erboristeria Demetra","description":"La tua salute al naturale","publisher":{"@id":"https:\/\/www.erboristerie.com\/it\/#organization"},"potentialAction":[{"@type":"SearchAction","target":{"@type":"EntryPoint","urlTemplate":"https:\/\/www.erboristerie.com\/it\/?s={search_term_string}"},"query-input":{"@type":"PropertyValueSpecification","valueRequired":true,"valueName":"search_term_string"}}],"inLanguage":"it-IT"},{"@type":"Organization","@id":"https:\/\/www.erboristerie.com\/it\/#organization","name":"Erboristeria Demetra","url":"https:\/\/www.erboristerie.com\/it\/","logo":{"@type":"ImageObject","inLanguage":"it-IT","@id":"https:\/\/www.erboristerie.com\/it\/#\/schema\/logo\/image\/","url":"https:\/\/www.erboristerie.com\/wp-content\/uploads\/2019\/11\/LOGO_ERBORISTERIA_DEMETRA_original.png?v=1611516981","contentUrl":"https:\/\/www.erboristerie.com\/wp-content\/uploads\/2019\/11\/LOGO_ERBORISTERIA_DEMETRA_original.png?v=1611516981","width":201,"height":54,"caption":"Erboristeria Demetra"},"image":{"@id":"https:\/\/www.erboristerie.com\/it\/#\/schema\/logo\/image\/"},"sameAs":["https:\/\/www.facebook.com\/erboristeria.demetra.online"]}]}},"_links":{"self":[{"href":"https:\/\/www.erboristerie.com\/it\/wp-json\/wp\/v2\/product\/58262","targetHints":{"allow":["GET"]}}],"collection":[{"href":"https:\/\/www.erboristerie.com\/it\/wp-json\/wp\/v2\/product"}],"about":[{"href":"https:\/\/www.erboristerie.com\/it\/wp-json\/wp\/v2\/types\/product"}],"wp:featuredmedia":[{"embeddable":true,"href":"https:\/\/www.erboristerie.com\/it\/wp-json\/wp\/v2\/media\/58263"}],"wp:attachment":[{"href":"https:\/\/www.erboristerie.com\/it\/wp-json\/wp\/v2\/media?parent=58262"}],"wp:term":[{"taxonomy":"product_brand","embeddable":true,"href":"https:\/\/www.erboristerie.com\/it\/wp-json\/wp\/v2\/product_brand?post=58262"},{"taxonomy":"product_cat","embeddable":true,"href":"https:\/\/www.erboristerie.com\/it\/wp-json\/wp\/v2\/product_cat?post=58262"},{"taxonomy":"product_tag","embeddable":true,"href":"https:\/\/www.erboristerie.com\/it\/wp-json\/wp\/v2\/product_tag?post=58262"},{"taxonomy":"giftcard-category","embeddable":true,"href":"https:\/\/www.erboristerie.com\/it\/wp-json\/wp\/v2\/giftcard-category?post=58262"}],"curies":[{"name":"wp","href":"https:\/\/api.w.org\/{rel}","templated":true}]}}