{"id":57134,"date":"2007-05-05T16:16:13","date_gmt":"2007-05-05T14:16:13","guid":{"rendered":"http:\/\/www.erboristerie.com\/?post_type=product&#038;p=57134"},"modified":"2025-09-25T20:29:54","modified_gmt":"2025-09-25T18:29:54","slug":"doposole-crema-illuminante-corpo-200ml-l-erbolario","status":"publish","type":"product","link":"https:\/\/www.erboristerie.com\/it\/prodotto\/doposole-crema-illuminante-corpo-200ml-l-erbolario\/","title":{"rendered":"Doposole Crema Illuminante Corpo 200ml"},"content":{"rendered":"<p><strong>Descrizione<\/strong><br \/>\nLuminosa sar\u00e0 l\u2019estate della vostra pelle grazie a questo doposole dalla consistenza morbida e leggera. Alla luce del tramonto o sotto i pallidi raggi lunari le particelle di Mica come piccole stelle si accenderanno sulla vostra pelle, illuminando i toni ambrati della vostra abbronzatura e sottolineando ogni vostro movimento con fugaci sfavillii.<br \/>\n<strong>Consigli d&#8217;uso<\/strong><br \/>\nDistribuire su tutto il corpo massaggiando, dopo il rito della doccia, a fine giornata. Perfetta in estate, questa crema \u00e8 consigliata tutto l\u2019anno, per riaccendere sulla pelle \u2013 con l\u2019ausilio delle paillettes dorate \u2013 la magia della luce estiva.<br \/>\n<strong>Sostanze funzionali<\/strong><br \/>\nOli di Mango, Oliva e Crusca di Riso, Burri di Karit\u00e8 e Cacao, Aloe vera gel, Vitamina E dai Semi della Soja, Acido glicirretico, Alfa bisabololo, Mentolo<\/p>\n<p><strong>Cosa sapere in pi\u00f9<\/strong><br \/>\n100% Made in Italy. Ogni fase della nostra attivit\u00e0, dalla formulazione al controllo qualit\u00e0, dalla preparazione del semilavorato al confezionamento, viene attuata da sempre nel nostro sito produttivo di Lodi: noi non abbiamo delocalizzato alcuna fase produttiva in paesi terzi, men che meno in quelli nei quali i diritti umani e i diritti fondamentali dei lavoratori sono calpestati. I nostri fitocosmetici sono orgogliosi di potersi dire 100% MADE IN ITALY!<br \/>\n7 Metalli testati. Monitoraggio del contenuto di 7 metalli per minimizzare i rischi di allergia: *(Nichel, Piombo, Arsenico, Cadmio, Mercurio, Antimonio e Cromo) e salvaguardare cos\u00ec anche le pelli pi\u00f9 sensibili. Ogni lotto di produzione \u00e8 rigorosamente controllato per garantire un contenuto di ogni singolo metallo inferiore a 0.00005% (limite di rilevabilit\u00e0 strumentale).<br \/>\nDa sempre amici degli animali. Aderiamo allo \u201cStandard Internazionale Stop ai Test su Animali\u201d; garantito da LAV (Lega Anti Vivisezione). Fin dalla sua fondazione nel 1978 L&#8217;Erbolario ha seguito la politica di non ricorrere a test su animali e dal 2006, dopo che le normative europee hanno iniziato a limitare e poi hanno man mano proibito il ricorso ai test su animali per fini cosmetici, ha aderito allo Standard.<br \/>\nDermatologicamente Testato. Questo prodotto ha dimostrato di essere ottimamente tollerato dopo una rigorosa sperimentazione clinica finalizzata alla ricerca di eventuali potenzialit\u00e0 di irritazione e di allergogenesi. La valutazione delle ricerche \u00e8 stata effettuata presso il Dipartimento di Medicina interna e Terapia medica dell\u2019Universit\u00e0 degli Studi di Pavia.<br \/>\nImballo in Carta FSC\u00ae. La confezione esterna cartacea di questo prodotto \u00e8 costituita esclusivamente carta certificata FSC\u00ae, secondo i rigorosi standardambientali e sociali del Forest Stewardship Concil\u00ae a supporto di una corretta e responsabile gestione delle risorse forestali<br \/>\nSenza ingredienti di derivazione animale.<\/p>\n","protected":false},"excerpt":{"rendered":"<p>Descrizione Luminosa sar\u00e0 l\u2019estate della vostra pelle grazie a questo doposole dalla consistenza morbida e leggera. Alla luce del tramonto o sotto i pallidi raggi lunari le particelle di Mica come piccole stelle si accenderanno sulla vostra pelle, illuminando i toni ambrati della vostra abbronzatura&#8230;<\/p>\n","protected":false},"featured_media":57135,"template":"","meta":{"_acf_changed":false},"product_brand":[9603],"product_cat":[9695],"product_tag":[11524,18241,18246,12092,13350,13351],"giftcard-category":[],"class_list":{"0":"post-57134","1":"product","2":"type-product","3":"status-publish","4":"has-post-thumbnail","6":"product_brand-erbolario","7":"product_cat-solari","8":"product_tag-corpo","9":"product_tag-crema-2","10":"product_tag-doposole-2","11":"product_tag-erbolario-2","12":"product_tag-illuminante","13":"product_tag-ml300","14":"pa_formato-200-ml","15":"pa_linea-profumazione-solari","16":"pa_marca-lerbolario","17":"pa_tipologia-crema","19":"first","20":"instock","21":"sale","22":"taxable","23":"shipping-taxable","24":"purchasable","25":"product-type-simple"},"acf":[],"yoast_head":"<!-- This site is optimized with the Yoast SEO plugin v24.9 - https:\/\/yoast.com\/wordpress\/plugins\/seo\/ -->\n<title>Doposole Crema Illuminante Corpo 200ml - L&#039;erbolario<\/title>\n<meta name=\"description\" content=\"Piccole stelle si accenderanno sulla vostra pelle, illuminando i toni ambrati della vostra abbronzatura sottolineando ogni movimento con fugaci sfavillii.\" \/>\n<meta name=\"robots\" content=\"index, follow, max-snippet:-1, max-image-preview:large, max-video-preview:-1\" \/>\n<link rel=\"canonical\" href=\"https:\/\/www.erboristerie.com\/it\/prodotto\/doposole-crema-illuminante-corpo-200ml-l-erbolario\/\" \/>\n<meta property=\"og:locale\" content=\"it_IT\" \/>\n<meta property=\"og:type\" content=\"article\" \/>\n<meta property=\"og:title\" content=\"Doposole Crema Illuminante Corpo 200ml - L&#039;erbolario\" \/>\n<meta property=\"og:description\" content=\"Piccole stelle si accenderanno sulla vostra pelle, illuminando i toni ambrati della vostra abbronzatura sottolineando ogni movimento con fugaci sfavillii.\" \/>\n<meta property=\"og:url\" content=\"https:\/\/www.erboristerie.com\/it\/prodotto\/doposole-crema-illuminante-corpo-200ml-l-erbolario\/\" \/>\n<meta property=\"og:site_name\" content=\"Erboristeria Demetra\" \/>\n<meta property=\"article:publisher\" content=\"https:\/\/www.facebook.com\/erboristeria.demetra.online\" \/>\n<meta property=\"article:modified_time\" content=\"2025-09-25T18:29:54+00:00\" \/>\n<meta property=\"og:image\" content=\"https:\/\/www.erboristerie.com\/wp-content\/uploads\/2019\/01\/products-00010741.jpg\" \/>\n\t<meta property=\"og:image:width\" content=\"859\" \/>\n\t<meta property=\"og:image:height\" content=\"649\" \/>\n\t<meta property=\"og:image:type\" content=\"image\/jpeg\" \/>\n<meta name=\"twitter:card\" content=\"summary_large_image\" \/>\n<meta name=\"twitter:label1\" content=\"Tempo di lettura stimato\" \/>\n\t<meta name=\"twitter:data1\" content=\"2 minuti\" \/>\n<script type=\"application\/ld+json\" class=\"yoast-schema-graph\">{\"@context\":\"https:\/\/schema.org\",\"@graph\":[{\"@type\":\"WebPage\",\"@id\":\"https:\/\/www.erboristerie.com\/it\/prodotto\/doposole-crema-illuminante-corpo-200ml-l-erbolario\/\",\"url\":\"https:\/\/www.erboristerie.com\/it\/prodotto\/doposole-crema-illuminante-corpo-200ml-l-erbolario\/\",\"name\":\"Doposole Crema Illuminante Corpo 200ml - L'erbolario\",\"isPartOf\":{\"@id\":\"https:\/\/www.erboristerie.com\/it\/#website\"},\"primaryImageOfPage\":{\"@id\":\"https:\/\/www.erboristerie.com\/it\/prodotto\/doposole-crema-illuminante-corpo-200ml-l-erbolario\/#primaryimage\"},\"image\":{\"@id\":\"https:\/\/www.erboristerie.com\/it\/prodotto\/doposole-crema-illuminante-corpo-200ml-l-erbolario\/#primaryimage\"},\"thumbnailUrl\":\"https:\/\/www.erboristerie.com\/wp-content\/uploads\/2019\/01\/products-00010741.jpg\",\"datePublished\":\"2007-05-05T14:16:13+00:00\",\"dateModified\":\"2025-09-25T18:29:54+00:00\",\"description\":\"Piccole stelle si accenderanno sulla vostra pelle, illuminando i toni ambrati della vostra abbronzatura sottolineando ogni movimento con fugaci sfavillii.\",\"breadcrumb\":{\"@id\":\"https:\/\/www.erboristerie.com\/it\/prodotto\/doposole-crema-illuminante-corpo-200ml-l-erbolario\/#breadcrumb\"},\"inLanguage\":\"it-IT\",\"potentialAction\":[{\"@type\":\"ReadAction\",\"target\":[\"https:\/\/www.erboristerie.com\/it\/prodotto\/doposole-crema-illuminante-corpo-200ml-l-erbolario\/\"]}]},{\"@type\":\"ImageObject\",\"inLanguage\":\"it-IT\",\"@id\":\"https:\/\/www.erboristerie.com\/it\/prodotto\/doposole-crema-illuminante-corpo-200ml-l-erbolario\/#primaryimage\",\"url\":\"https:\/\/www.erboristerie.com\/wp-content\/uploads\/2019\/01\/products-00010741.jpg\",\"contentUrl\":\"https:\/\/www.erboristerie.com\/wp-content\/uploads\/2019\/01\/products-00010741.jpg\",\"width\":\"859\",\"height\":\"649\",\"caption\":\"Doposole Crema Illuminante Corpo ml300\"},{\"@type\":\"BreadcrumbList\",\"@id\":\"https:\/\/www.erboristerie.com\/it\/prodotto\/doposole-crema-illuminante-corpo-200ml-l-erbolario\/#breadcrumb\",\"itemListElement\":[{\"@type\":\"ListItem\",\"position\":1,\"name\":\"Home\",\"item\":\"https:\/\/www.erboristerie.com\/it\/\"},{\"@type\":\"ListItem\",\"position\":2,\"name\":\"Tutti i prodotti\",\"item\":\"https:\/\/www.erboristerie.com\/it\/tutti-i-prodotti\/\"},{\"@type\":\"ListItem\",\"position\":3,\"name\":\"Doposole Crema Illuminante Corpo 200ml\"}]},{\"@type\":\"WebSite\",\"@id\":\"https:\/\/www.erboristerie.com\/it\/#website\",\"url\":\"https:\/\/www.erboristerie.com\/it\/\",\"name\":\"Erboristeria Demetra\",\"description\":\"La tua salute al naturale\",\"publisher\":{\"@id\":\"https:\/\/www.erboristerie.com\/it\/#organization\"},\"potentialAction\":[{\"@type\":\"SearchAction\",\"target\":{\"@type\":\"EntryPoint\",\"urlTemplate\":\"https:\/\/www.erboristerie.com\/it\/?s={search_term_string}\"},\"query-input\":{\"@type\":\"PropertyValueSpecification\",\"valueRequired\":true,\"valueName\":\"search_term_string\"}}],\"inLanguage\":\"it-IT\"},{\"@type\":\"Organization\",\"@id\":\"https:\/\/www.erboristerie.com\/it\/#organization\",\"name\":\"Erboristeria Demetra\",\"url\":\"https:\/\/www.erboristerie.com\/it\/\",\"logo\":{\"@type\":\"ImageObject\",\"inLanguage\":\"it-IT\",\"@id\":\"https:\/\/www.erboristerie.com\/it\/#\/schema\/logo\/image\/\",\"url\":\"https:\/\/www.erboristerie.com\/wp-content\/uploads\/2019\/11\/LOGO_ERBORISTERIA_DEMETRA_original.png?v=1611516981\",\"contentUrl\":\"https:\/\/www.erboristerie.com\/wp-content\/uploads\/2019\/11\/LOGO_ERBORISTERIA_DEMETRA_original.png?v=1611516981\",\"width\":201,\"height\":54,\"caption\":\"Erboristeria Demetra\"},\"image\":{\"@id\":\"https:\/\/www.erboristerie.com\/it\/#\/schema\/logo\/image\/\"},\"sameAs\":[\"https:\/\/www.facebook.com\/erboristeria.demetra.online\"]}]}<\/script>\n<!-- \/ Yoast SEO plugin. -->","yoast_head_json":{"title":"Doposole Crema Illuminante Corpo 200ml - L'erbolario","description":"Piccole stelle si accenderanno sulla vostra pelle, illuminando i toni ambrati della vostra abbronzatura sottolineando ogni movimento con fugaci sfavillii.","robots":{"index":"index","follow":"follow","max-snippet":"max-snippet:-1","max-image-preview":"max-image-preview:large","max-video-preview":"max-video-preview:-1"},"canonical":"https:\/\/www.erboristerie.com\/it\/prodotto\/doposole-crema-illuminante-corpo-200ml-l-erbolario\/","og_locale":"it_IT","og_type":"article","og_title":"Doposole Crema Illuminante Corpo 200ml - L'erbolario","og_description":"Piccole stelle si accenderanno sulla vostra pelle, illuminando i toni ambrati della vostra abbronzatura sottolineando ogni movimento con fugaci sfavillii.","og_url":"https:\/\/www.erboristerie.com\/it\/prodotto\/doposole-crema-illuminante-corpo-200ml-l-erbolario\/","og_site_name":"Erboristeria Demetra","article_publisher":"https:\/\/www.facebook.com\/erboristeria.demetra.online","article_modified_time":"2025-09-25T18:29:54+00:00","og_image":[{"width":859,"height":649,"url":"https:\/\/www.erboristerie.com\/wp-content\/uploads\/2019\/01\/products-00010741.jpg","type":"image\/jpeg"}],"twitter_card":"summary_large_image","twitter_misc":{"Tempo di lettura stimato":"2 minuti"},"schema":{"@context":"https:\/\/schema.org","@graph":[{"@type":"WebPage","@id":"https:\/\/www.erboristerie.com\/it\/prodotto\/doposole-crema-illuminante-corpo-200ml-l-erbolario\/","url":"https:\/\/www.erboristerie.com\/it\/prodotto\/doposole-crema-illuminante-corpo-200ml-l-erbolario\/","name":"Doposole Crema Illuminante Corpo 200ml - L'erbolario","isPartOf":{"@id":"https:\/\/www.erboristerie.com\/it\/#website"},"primaryImageOfPage":{"@id":"https:\/\/www.erboristerie.com\/it\/prodotto\/doposole-crema-illuminante-corpo-200ml-l-erbolario\/#primaryimage"},"image":{"@id":"https:\/\/www.erboristerie.com\/it\/prodotto\/doposole-crema-illuminante-corpo-200ml-l-erbolario\/#primaryimage"},"thumbnailUrl":"https:\/\/www.erboristerie.com\/wp-content\/uploads\/2019\/01\/products-00010741.jpg","datePublished":"2007-05-05T14:16:13+00:00","dateModified":"2025-09-25T18:29:54+00:00","description":"Piccole stelle si accenderanno sulla vostra pelle, illuminando i toni ambrati della vostra abbronzatura sottolineando ogni movimento con fugaci sfavillii.","breadcrumb":{"@id":"https:\/\/www.erboristerie.com\/it\/prodotto\/doposole-crema-illuminante-corpo-200ml-l-erbolario\/#breadcrumb"},"inLanguage":"it-IT","potentialAction":[{"@type":"ReadAction","target":["https:\/\/www.erboristerie.com\/it\/prodotto\/doposole-crema-illuminante-corpo-200ml-l-erbolario\/"]}]},{"@type":"ImageObject","inLanguage":"it-IT","@id":"https:\/\/www.erboristerie.com\/it\/prodotto\/doposole-crema-illuminante-corpo-200ml-l-erbolario\/#primaryimage","url":"https:\/\/www.erboristerie.com\/wp-content\/uploads\/2019\/01\/products-00010741.jpg","contentUrl":"https:\/\/www.erboristerie.com\/wp-content\/uploads\/2019\/01\/products-00010741.jpg","width":"859","height":"649","caption":"Doposole Crema Illuminante Corpo ml300"},{"@type":"BreadcrumbList","@id":"https:\/\/www.erboristerie.com\/it\/prodotto\/doposole-crema-illuminante-corpo-200ml-l-erbolario\/#breadcrumb","itemListElement":[{"@type":"ListItem","position":1,"name":"Home","item":"https:\/\/www.erboristerie.com\/it\/"},{"@type":"ListItem","position":2,"name":"Tutti i prodotti","item":"https:\/\/www.erboristerie.com\/it\/tutti-i-prodotti\/"},{"@type":"ListItem","position":3,"name":"Doposole Crema Illuminante Corpo 200ml"}]},{"@type":"WebSite","@id":"https:\/\/www.erboristerie.com\/it\/#website","url":"https:\/\/www.erboristerie.com\/it\/","name":"Erboristeria Demetra","description":"La tua salute al naturale","publisher":{"@id":"https:\/\/www.erboristerie.com\/it\/#organization"},"potentialAction":[{"@type":"SearchAction","target":{"@type":"EntryPoint","urlTemplate":"https:\/\/www.erboristerie.com\/it\/?s={search_term_string}"},"query-input":{"@type":"PropertyValueSpecification","valueRequired":true,"valueName":"search_term_string"}}],"inLanguage":"it-IT"},{"@type":"Organization","@id":"https:\/\/www.erboristerie.com\/it\/#organization","name":"Erboristeria Demetra","url":"https:\/\/www.erboristerie.com\/it\/","logo":{"@type":"ImageObject","inLanguage":"it-IT","@id":"https:\/\/www.erboristerie.com\/it\/#\/schema\/logo\/image\/","url":"https:\/\/www.erboristerie.com\/wp-content\/uploads\/2019\/11\/LOGO_ERBORISTERIA_DEMETRA_original.png?v=1611516981","contentUrl":"https:\/\/www.erboristerie.com\/wp-content\/uploads\/2019\/11\/LOGO_ERBORISTERIA_DEMETRA_original.png?v=1611516981","width":201,"height":54,"caption":"Erboristeria Demetra"},"image":{"@id":"https:\/\/www.erboristerie.com\/it\/#\/schema\/logo\/image\/"},"sameAs":["https:\/\/www.facebook.com\/erboristeria.demetra.online"]}]}},"_links":{"self":[{"href":"https:\/\/www.erboristerie.com\/it\/wp-json\/wp\/v2\/product\/57134","targetHints":{"allow":["GET"]}}],"collection":[{"href":"https:\/\/www.erboristerie.com\/it\/wp-json\/wp\/v2\/product"}],"about":[{"href":"https:\/\/www.erboristerie.com\/it\/wp-json\/wp\/v2\/types\/product"}],"wp:featuredmedia":[{"embeddable":true,"href":"https:\/\/www.erboristerie.com\/it\/wp-json\/wp\/v2\/media\/57135"}],"wp:attachment":[{"href":"https:\/\/www.erboristerie.com\/it\/wp-json\/wp\/v2\/media?parent=57134"}],"wp:term":[{"taxonomy":"product_brand","embeddable":true,"href":"https:\/\/www.erboristerie.com\/it\/wp-json\/wp\/v2\/product_brand?post=57134"},{"taxonomy":"product_cat","embeddable":true,"href":"https:\/\/www.erboristerie.com\/it\/wp-json\/wp\/v2\/product_cat?post=57134"},{"taxonomy":"product_tag","embeddable":true,"href":"https:\/\/www.erboristerie.com\/it\/wp-json\/wp\/v2\/product_tag?post=57134"},{"taxonomy":"giftcard-category","embeddable":true,"href":"https:\/\/www.erboristerie.com\/it\/wp-json\/wp\/v2\/giftcard-category?post=57134"}],"curies":[{"name":"wp","href":"https:\/\/api.w.org\/{rel}","templated":true}]}}