{"id":57126,"date":"2008-03-14T10:07:11","date_gmt":"2008-03-14T09:07:11","guid":{"rendered":"http:\/\/www.erboristerie.com\/?post_type=product&#038;p=57126"},"modified":"2026-04-07T21:43:37","modified_gmt":"2026-04-07T19:43:37","slug":"olio-essenziale-di-ylang-ylang-biologico-10ml-fiori-cananga-odorata-erbamea","status":"publish","type":"product","link":"https:\/\/www.erboristerie.com\/it\/prodotto\/olio-essenziale-di-ylang-ylang-biologico-10ml-fiori-cananga-odorata-erbamea\/","title":{"rendered":"Olio Essenziale di Ylang Ylang Biologico 10ml fiori (Cananga odorata) Erbamea"},"content":{"rendered":"<p><strong>Olio Essenziale di Ylang Ylang Biologico 10ml fiori (Cananga odorata) Erbamea<\/strong><\/p>\n<p>L&#8217;olio essenziale di <strong>Ylang Ylang (<span class=\"fontstyle0\">Cananga odorata)<\/span><\/strong> completo \u00e8 un olio di altissima qualit\u00e0, in quanto non contiene solo alcune frazioni separate del prodotto distillato, bens\u00ec l\u2019insieme delle stesse.<\/p>\n<p>L\u2019 Ylang ylang si abbina bene con numerosi oli essenziali ed esercita un\u2019azione profonda ed efficace sullo stress e il sonno.<\/p>\n<p>La sua caratteristica profumazione <strong>ha un effetto calmante e ripristina l\u2019equilibrio psico-emotivo<\/strong>.<\/p>\n<p><strong>Olio essenziale puro e naturale al 100%<\/strong><\/p>\n<p>Notificato al Ministero della Salute come integratore alimentare.<\/p>\n<p>Il fatto di essere un integratore alimentare lo rende adatto anche all&#8217;uso alimentare oltre a quello pi\u00f9 conosciuto per ambienti, massaggi, profumi ecc.<\/p>\n<p>Flacone in <strong>vetro ambrato con pipetta contagocce<\/strong>.<\/p>\n<p><strong>Modo d\u2019uso<\/strong><\/p>\n<p>Via orale: 1-2 gocce, due volte al giorno (65-130 mg\/die)<\/p>\n<p>Da assumere diluito in un cucchiaio di miele o di olio vegetale (es.\u00a0olio\u00a0di\u00a0oliva).<\/p>\n<p><strong>Senza Glutine<\/strong><\/p>\n<p><strong>Senza Lattosio<\/strong><\/p>\n<p><strong>Adatto ai Vegani<\/strong><\/p>\n","protected":false},"excerpt":{"rendered":"<p>Olio Essenziale di Ylang Ylang Biologico 10ml fiori (Cananga odorata) Erbamea L&#8217;olio essenziale di Ylang Ylang (Cananga odorata) completo \u00e8 un olio di altissima qualit\u00e0, in quanto non contiene solo alcune frazioni separate del prodotto distillato, bens\u00ec l\u2019insieme delle stesse. L\u2019 Ylang ylang si abbina&#8230;<\/p>\n","protected":false},"featured_media":53983,"template":"","meta":{"_acf_changed":false},"product_brand":[9617],"product_cat":[45109],"product_tag":[11933,10671,11810],"giftcard-category":[],"class_list":{"0":"post-57126","1":"product","2":"type-product","3":"status-publish","4":"has-post-thumbnail","6":"product_brand-erbamea","7":"product_cat-oli-essenziali-4","8":"product_tag-essenziale","9":"product_tag-olio","10":"product_tag-ylang","11":"pa_formato-10-ml","12":"pa_marca-erbamea","13":"pa_tipologia-olio-essenziale","15":"first","16":"instock","17":"sale","18":"taxable","19":"shipping-taxable","20":"purchasable","21":"product-type-simple"},"acf":[],"yoast_head":"<!-- This site is optimized with the Yoast SEO plugin v24.9 - https:\/\/yoast.com\/wordpress\/plugins\/seo\/ -->\n<title>Olio Essenziale di Ylang Ylang Biologico 10ml fiori (Cananga odorata) Erbamea - Erboristeria Demetra<\/title>\n<meta name=\"description\" content=\"L\u2019 Ylang ylang esercita un\u2019azione efficace sullo stress e il sonno. La sua profumazione ha un effetto calmante e ripristina l\u2019equilibrio psico-emotivo.\" \/>\n<meta name=\"robots\" content=\"index, follow, max-snippet:-1, max-image-preview:large, max-video-preview:-1\" \/>\n<link rel=\"canonical\" href=\"https:\/\/www.erboristerie.com\/it\/prodotto\/olio-essenziale-di-ylang-ylang-biologico-10ml-fiori-cananga-odorata-erbamea\/\" \/>\n<meta property=\"og:locale\" content=\"it_IT\" \/>\n<meta property=\"og:type\" content=\"article\" \/>\n<meta property=\"og:title\" content=\"Olio Essenziale di Ylang Ylang Biologico 10ml fiori (Cananga odorata) Erbamea - Erboristeria Demetra\" \/>\n<meta property=\"og:description\" content=\"L\u2019 Ylang ylang esercita un\u2019azione efficace sullo stress e il sonno. La sua profumazione ha un effetto calmante e ripristina l\u2019equilibrio psico-emotivo.\" \/>\n<meta property=\"og:url\" content=\"https:\/\/www.erboristerie.com\/it\/prodotto\/olio-essenziale-di-ylang-ylang-biologico-10ml-fiori-cananga-odorata-erbamea\/\" \/>\n<meta property=\"og:site_name\" content=\"Erboristeria Demetra\" \/>\n<meta property=\"article:publisher\" content=\"https:\/\/www.facebook.com\/erboristeria.demetra.online\" \/>\n<meta property=\"article:modified_time\" content=\"2026-04-07T19:43:37+00:00\" \/>\n<meta property=\"og:image\" content=\"https:\/\/www.erboristerie.com\/wp-content\/uploads\/2019\/01\/products-_ERBAMEAOE.jpg\" \/>\n\t<meta property=\"og:image:width\" content=\"408\" \/>\n\t<meta property=\"og:image:height\" content=\"277\" \/>\n\t<meta property=\"og:image:type\" content=\"image\/jpeg\" \/>\n<meta name=\"twitter:card\" content=\"summary_large_image\" \/>\n<meta name=\"twitter:label1\" content=\"Tempo di lettura stimato\" \/>\n\t<meta name=\"twitter:data1\" content=\"1 minuto\" \/>\n<script type=\"application\/ld+json\" class=\"yoast-schema-graph\">{\"@context\":\"https:\/\/schema.org\",\"@graph\":[{\"@type\":\"WebPage\",\"@id\":\"https:\/\/www.erboristerie.com\/it\/prodotto\/olio-essenziale-di-ylang-ylang-biologico-10ml-fiori-cananga-odorata-erbamea\/\",\"url\":\"https:\/\/www.erboristerie.com\/it\/prodotto\/olio-essenziale-di-ylang-ylang-biologico-10ml-fiori-cananga-odorata-erbamea\/\",\"name\":\"Olio Essenziale di Ylang Ylang Biologico 10ml fiori (Cananga odorata) Erbamea - Erboristeria Demetra\",\"isPartOf\":{\"@id\":\"https:\/\/www.erboristerie.com\/it\/#website\"},\"primaryImageOfPage\":{\"@id\":\"https:\/\/www.erboristerie.com\/it\/prodotto\/olio-essenziale-di-ylang-ylang-biologico-10ml-fiori-cananga-odorata-erbamea\/#primaryimage\"},\"image\":{\"@id\":\"https:\/\/www.erboristerie.com\/it\/prodotto\/olio-essenziale-di-ylang-ylang-biologico-10ml-fiori-cananga-odorata-erbamea\/#primaryimage\"},\"thumbnailUrl\":\"https:\/\/www.erboristerie.com\/wp-content\/uploads\/2019\/01\/products-_ERBAMEAOE.jpg\",\"datePublished\":\"2008-03-14T09:07:11+00:00\",\"dateModified\":\"2026-04-07T19:43:37+00:00\",\"description\":\"L\u2019 Ylang ylang esercita un\u2019azione efficace sullo stress e il sonno. La sua profumazione ha un effetto calmante e ripristina l\u2019equilibrio psico-emotivo.\",\"breadcrumb\":{\"@id\":\"https:\/\/www.erboristerie.com\/it\/prodotto\/olio-essenziale-di-ylang-ylang-biologico-10ml-fiori-cananga-odorata-erbamea\/#breadcrumb\"},\"inLanguage\":\"it-IT\",\"potentialAction\":[{\"@type\":\"ReadAction\",\"target\":[\"https:\/\/www.erboristerie.com\/it\/prodotto\/olio-essenziale-di-ylang-ylang-biologico-10ml-fiori-cananga-odorata-erbamea\/\"]}]},{\"@type\":\"ImageObject\",\"inLanguage\":\"it-IT\",\"@id\":\"https:\/\/www.erboristerie.com\/it\/prodotto\/olio-essenziale-di-ylang-ylang-biologico-10ml-fiori-cananga-odorata-erbamea\/#primaryimage\",\"url\":\"https:\/\/www.erboristerie.com\/wp-content\/uploads\/2019\/01\/products-_ERBAMEAOE.jpg\",\"contentUrl\":\"https:\/\/www.erboristerie.com\/wp-content\/uploads\/2019\/01\/products-_ERBAMEAOE.jpg\",\"width\":408,\"height\":277,\"caption\":\"OLIO ESSENZIALE ML 10 CANNELLA DI CEYLON\"},{\"@type\":\"BreadcrumbList\",\"@id\":\"https:\/\/www.erboristerie.com\/it\/prodotto\/olio-essenziale-di-ylang-ylang-biologico-10ml-fiori-cananga-odorata-erbamea\/#breadcrumb\",\"itemListElement\":[{\"@type\":\"ListItem\",\"position\":1,\"name\":\"Home\",\"item\":\"https:\/\/www.erboristerie.com\/it\/\"},{\"@type\":\"ListItem\",\"position\":2,\"name\":\"Tutti i prodotti\",\"item\":\"https:\/\/www.erboristerie.com\/it\/tutti-i-prodotti\/\"},{\"@type\":\"ListItem\",\"position\":3,\"name\":\"Olio Essenziale di Ylang Ylang Biologico 10ml fiori (Cananga odorata) Erbamea\"}]},{\"@type\":\"WebSite\",\"@id\":\"https:\/\/www.erboristerie.com\/it\/#website\",\"url\":\"https:\/\/www.erboristerie.com\/it\/\",\"name\":\"Erboristeria Demetra\",\"description\":\"La tua salute al naturale\",\"publisher\":{\"@id\":\"https:\/\/www.erboristerie.com\/it\/#organization\"},\"potentialAction\":[{\"@type\":\"SearchAction\",\"target\":{\"@type\":\"EntryPoint\",\"urlTemplate\":\"https:\/\/www.erboristerie.com\/it\/?s={search_term_string}\"},\"query-input\":{\"@type\":\"PropertyValueSpecification\",\"valueRequired\":true,\"valueName\":\"search_term_string\"}}],\"inLanguage\":\"it-IT\"},{\"@type\":\"Organization\",\"@id\":\"https:\/\/www.erboristerie.com\/it\/#organization\",\"name\":\"Erboristeria Demetra\",\"url\":\"https:\/\/www.erboristerie.com\/it\/\",\"logo\":{\"@type\":\"ImageObject\",\"inLanguage\":\"it-IT\",\"@id\":\"https:\/\/www.erboristerie.com\/it\/#\/schema\/logo\/image\/\",\"url\":\"https:\/\/www.erboristerie.com\/wp-content\/uploads\/2019\/11\/LOGO_ERBORISTERIA_DEMETRA_original.png?v=1611516981\",\"contentUrl\":\"https:\/\/www.erboristerie.com\/wp-content\/uploads\/2019\/11\/LOGO_ERBORISTERIA_DEMETRA_original.png?v=1611516981\",\"width\":201,\"height\":54,\"caption\":\"Erboristeria Demetra\"},\"image\":{\"@id\":\"https:\/\/www.erboristerie.com\/it\/#\/schema\/logo\/image\/\"},\"sameAs\":[\"https:\/\/www.facebook.com\/erboristeria.demetra.online\"]}]}<\/script>\n<!-- \/ Yoast SEO plugin. -->","yoast_head_json":{"title":"Olio Essenziale di Ylang Ylang Biologico 10ml fiori (Cananga odorata) Erbamea - Erboristeria Demetra","description":"L\u2019 Ylang ylang esercita un\u2019azione efficace sullo stress e il sonno. La sua profumazione ha un effetto calmante e ripristina l\u2019equilibrio psico-emotivo.","robots":{"index":"index","follow":"follow","max-snippet":"max-snippet:-1","max-image-preview":"max-image-preview:large","max-video-preview":"max-video-preview:-1"},"canonical":"https:\/\/www.erboristerie.com\/it\/prodotto\/olio-essenziale-di-ylang-ylang-biologico-10ml-fiori-cananga-odorata-erbamea\/","og_locale":"it_IT","og_type":"article","og_title":"Olio Essenziale di Ylang Ylang Biologico 10ml fiori (Cananga odorata) Erbamea - Erboristeria Demetra","og_description":"L\u2019 Ylang ylang esercita un\u2019azione efficace sullo stress e il sonno. La sua profumazione ha un effetto calmante e ripristina l\u2019equilibrio psico-emotivo.","og_url":"https:\/\/www.erboristerie.com\/it\/prodotto\/olio-essenziale-di-ylang-ylang-biologico-10ml-fiori-cananga-odorata-erbamea\/","og_site_name":"Erboristeria Demetra","article_publisher":"https:\/\/www.facebook.com\/erboristeria.demetra.online","article_modified_time":"2026-04-07T19:43:37+00:00","og_image":[{"width":408,"height":277,"url":"https:\/\/www.erboristerie.com\/wp-content\/uploads\/2019\/01\/products-_ERBAMEAOE.jpg","type":"image\/jpeg"}],"twitter_card":"summary_large_image","twitter_misc":{"Tempo di lettura stimato":"1 minuto"},"schema":{"@context":"https:\/\/schema.org","@graph":[{"@type":"WebPage","@id":"https:\/\/www.erboristerie.com\/it\/prodotto\/olio-essenziale-di-ylang-ylang-biologico-10ml-fiori-cananga-odorata-erbamea\/","url":"https:\/\/www.erboristerie.com\/it\/prodotto\/olio-essenziale-di-ylang-ylang-biologico-10ml-fiori-cananga-odorata-erbamea\/","name":"Olio Essenziale di Ylang Ylang Biologico 10ml fiori (Cananga odorata) Erbamea - Erboristeria Demetra","isPartOf":{"@id":"https:\/\/www.erboristerie.com\/it\/#website"},"primaryImageOfPage":{"@id":"https:\/\/www.erboristerie.com\/it\/prodotto\/olio-essenziale-di-ylang-ylang-biologico-10ml-fiori-cananga-odorata-erbamea\/#primaryimage"},"image":{"@id":"https:\/\/www.erboristerie.com\/it\/prodotto\/olio-essenziale-di-ylang-ylang-biologico-10ml-fiori-cananga-odorata-erbamea\/#primaryimage"},"thumbnailUrl":"https:\/\/www.erboristerie.com\/wp-content\/uploads\/2019\/01\/products-_ERBAMEAOE.jpg","datePublished":"2008-03-14T09:07:11+00:00","dateModified":"2026-04-07T19:43:37+00:00","description":"L\u2019 Ylang ylang esercita un\u2019azione efficace sullo stress e il sonno. La sua profumazione ha un effetto calmante e ripristina l\u2019equilibrio psico-emotivo.","breadcrumb":{"@id":"https:\/\/www.erboristerie.com\/it\/prodotto\/olio-essenziale-di-ylang-ylang-biologico-10ml-fiori-cananga-odorata-erbamea\/#breadcrumb"},"inLanguage":"it-IT","potentialAction":[{"@type":"ReadAction","target":["https:\/\/www.erboristerie.com\/it\/prodotto\/olio-essenziale-di-ylang-ylang-biologico-10ml-fiori-cananga-odorata-erbamea\/"]}]},{"@type":"ImageObject","inLanguage":"it-IT","@id":"https:\/\/www.erboristerie.com\/it\/prodotto\/olio-essenziale-di-ylang-ylang-biologico-10ml-fiori-cananga-odorata-erbamea\/#primaryimage","url":"https:\/\/www.erboristerie.com\/wp-content\/uploads\/2019\/01\/products-_ERBAMEAOE.jpg","contentUrl":"https:\/\/www.erboristerie.com\/wp-content\/uploads\/2019\/01\/products-_ERBAMEAOE.jpg","width":408,"height":277,"caption":"OLIO ESSENZIALE ML 10 CANNELLA DI CEYLON"},{"@type":"BreadcrumbList","@id":"https:\/\/www.erboristerie.com\/it\/prodotto\/olio-essenziale-di-ylang-ylang-biologico-10ml-fiori-cananga-odorata-erbamea\/#breadcrumb","itemListElement":[{"@type":"ListItem","position":1,"name":"Home","item":"https:\/\/www.erboristerie.com\/it\/"},{"@type":"ListItem","position":2,"name":"Tutti i prodotti","item":"https:\/\/www.erboristerie.com\/it\/tutti-i-prodotti\/"},{"@type":"ListItem","position":3,"name":"Olio Essenziale di Ylang Ylang Biologico 10ml fiori (Cananga odorata) Erbamea"}]},{"@type":"WebSite","@id":"https:\/\/www.erboristerie.com\/it\/#website","url":"https:\/\/www.erboristerie.com\/it\/","name":"Erboristeria Demetra","description":"La tua salute al naturale","publisher":{"@id":"https:\/\/www.erboristerie.com\/it\/#organization"},"potentialAction":[{"@type":"SearchAction","target":{"@type":"EntryPoint","urlTemplate":"https:\/\/www.erboristerie.com\/it\/?s={search_term_string}"},"query-input":{"@type":"PropertyValueSpecification","valueRequired":true,"valueName":"search_term_string"}}],"inLanguage":"it-IT"},{"@type":"Organization","@id":"https:\/\/www.erboristerie.com\/it\/#organization","name":"Erboristeria Demetra","url":"https:\/\/www.erboristerie.com\/it\/","logo":{"@type":"ImageObject","inLanguage":"it-IT","@id":"https:\/\/www.erboristerie.com\/it\/#\/schema\/logo\/image\/","url":"https:\/\/www.erboristerie.com\/wp-content\/uploads\/2019\/11\/LOGO_ERBORISTERIA_DEMETRA_original.png?v=1611516981","contentUrl":"https:\/\/www.erboristerie.com\/wp-content\/uploads\/2019\/11\/LOGO_ERBORISTERIA_DEMETRA_original.png?v=1611516981","width":201,"height":54,"caption":"Erboristeria Demetra"},"image":{"@id":"https:\/\/www.erboristerie.com\/it\/#\/schema\/logo\/image\/"},"sameAs":["https:\/\/www.facebook.com\/erboristeria.demetra.online"]}]}},"_links":{"self":[{"href":"https:\/\/www.erboristerie.com\/it\/wp-json\/wp\/v2\/product\/57126","targetHints":{"allow":["GET"]}}],"collection":[{"href":"https:\/\/www.erboristerie.com\/it\/wp-json\/wp\/v2\/product"}],"about":[{"href":"https:\/\/www.erboristerie.com\/it\/wp-json\/wp\/v2\/types\/product"}],"wp:featuredmedia":[{"embeddable":true,"href":"https:\/\/www.erboristerie.com\/it\/wp-json\/wp\/v2\/media\/53983"}],"wp:attachment":[{"href":"https:\/\/www.erboristerie.com\/it\/wp-json\/wp\/v2\/media?parent=57126"}],"wp:term":[{"taxonomy":"product_brand","embeddable":true,"href":"https:\/\/www.erboristerie.com\/it\/wp-json\/wp\/v2\/product_brand?post=57126"},{"taxonomy":"product_cat","embeddable":true,"href":"https:\/\/www.erboristerie.com\/it\/wp-json\/wp\/v2\/product_cat?post=57126"},{"taxonomy":"product_tag","embeddable":true,"href":"https:\/\/www.erboristerie.com\/it\/wp-json\/wp\/v2\/product_tag?post=57126"},{"taxonomy":"giftcard-category","embeddable":true,"href":"https:\/\/www.erboristerie.com\/it\/wp-json\/wp\/v2\/giftcard-category?post=57126"}],"curies":[{"name":"wp","href":"https:\/\/api.w.org\/{rel}","templated":true}]}}