{"id":56454,"date":"2008-05-09T10:45:24","date_gmt":"2008-05-09T08:45:24","guid":{"rendered":"http:\/\/www.erboristerie.com\/?post_type=product&#038;p=56454"},"modified":"2025-02-19T21:47:25","modified_gmt":"2025-02-19T20:47:25","slug":"ginkgo-foglie-taglio-tisana-ginkgo-biloba","status":"publish","type":"product","link":"https:\/\/www.erboristerie.com\/it\/prodotto\/ginkgo-foglie-taglio-tisana-ginkgo-biloba\/","title":{"rendered":"Ginkgo foglie in taglio tisana (Ginkgo biloba)"},"content":{"rendered":"<p><strong>Foglie in Taglio Tisana di Ginkgo (Ginkgo biloba)<\/strong><\/p>\n<p>Le foglie di Ginkgo (Ginkgo biloba) sono conosciute da secoli per le loro propriet\u00e0 benefiche sul sistema circolatorio e sul benessere cognitivo.<\/p>\n<p>Questa pianta, una delle pi\u00f9 antiche del pianeta, \u00e8 apprezzata per il suo effetto tonico e rinvigorente, utile per favorire la memoria, la concentrazione e il flusso sanguigno.<\/p>\n<p>Le foglie di Ginkgo biloba sono note per le loro capacit\u00e0 di migliorare la circolazione sanguigna, in particolare a livello cerebrale, e vengono utilizzate come supporto in caso di problemi di memoria e affaticamento mentale. Inoltre, il Ginkgo \u00e8 utile per contrastare la sensazione di gambe pesanti e migliorare la salute cardiovascolare.<\/p>\n<p><strong>Modalit\u00e0 di preparazione<\/strong><\/p>\n<p>Per preparare la tisana, utilizzare 1 cucchiaino di foglie di Ginkgo in acqua bollente, lasciare in infusione per 5-10 minuti e filtrare.<\/p>\n<p>Bere fino a 2 tazze al giorno per migliorare la funzione cerebrale e supportare la circolazione.<\/p>\n<p>Una scelta naturale e delicata per chi cerca un aiuto per la memoria e la circolazione sanguigna<\/p>\n","protected":false},"excerpt":{"rendered":"<p>Foglie in Taglio Tisana di Ginkgo (Ginkgo biloba) Le foglie di Ginkgo (Ginkgo biloba) sono conosciute da secoli per le loro propriet\u00e0 benefiche sul sistema circolatorio e sul benessere cognitivo. Questa pianta, una delle pi\u00f9 antiche del pianeta, \u00e8 apprezzata per il suo effetto tonico&#8230;<\/p>\n","protected":false},"featured_media":50903,"template":"","meta":{"_acf_changed":false},"product_brand":[9617],"product_cat":[10063],"product_tag":[19813,20644,19814,13119,21103],"giftcard-category":[],"class_list":{"0":"post-56454","1":"product","2":"type-product","3":"status-publish","4":"has-post-thumbnail","6":"product_brand-erbamea","7":"product_cat-erbe-g-i-k-l","8":"product_tag-biloba-2","9":"product_tag-foglie-2","10":"product_tag-ginkgo-2","11":"product_tag-ginko","12":"product_tag-gr-2","13":"pa_tipologia-erbe-sfuse","15":"first","16":"instock","17":"sale","18":"taxable","19":"shipping-taxable","20":"purchasable","21":"product-type-variable"},"acf":[],"yoast_head":"<!-- This site is optimized with the Yoast SEO plugin v24.9 - https:\/\/yoast.com\/wordpress\/plugins\/seo\/ -->\n<title>Ginkgo foglie in taglio tisana (Ginkgo biloba) - Erboristeria Demetra<\/title>\n<meta name=\"description\" content=\"Le foglie di Ginkgo (Ginkgo biloba) sono conosciute da secoli per le loro propriet\u00e0 benefiche sul sistema circolatorio e sul benessere cognitivo.\" \/>\n<meta name=\"robots\" content=\"index, follow, max-snippet:-1, max-image-preview:large, max-video-preview:-1\" \/>\n<link rel=\"canonical\" href=\"https:\/\/www.erboristerie.com\/it\/prodotto\/ginkgo-foglie-taglio-tisana-ginkgo-biloba\/\" \/>\n<meta property=\"og:locale\" content=\"it_IT\" \/>\n<meta property=\"og:type\" content=\"article\" \/>\n<meta property=\"og:title\" content=\"Ginkgo foglie in taglio tisana (Ginkgo biloba) - Erboristeria Demetra\" \/>\n<meta property=\"og:description\" content=\"Le foglie di Ginkgo (Ginkgo biloba) sono conosciute da secoli per le loro propriet\u00e0 benefiche sul sistema circolatorio e sul benessere cognitivo.\" \/>\n<meta property=\"og:url\" content=\"https:\/\/www.erboristerie.com\/it\/prodotto\/ginkgo-foglie-taglio-tisana-ginkgo-biloba\/\" \/>\n<meta property=\"og:site_name\" content=\"Erboristeria Demetra\" \/>\n<meta property=\"article:publisher\" content=\"https:\/\/www.facebook.com\/erboristeria.demetra.online\" \/>\n<meta property=\"article:modified_time\" content=\"2025-02-19T20:47:25+00:00\" \/>\n<meta property=\"og:image\" content=\"https:\/\/www.erboristerie.com\/wp-content\/uploads\/2019\/01\/products-00001716.jpg\" \/>\n\t<meta property=\"og:image:width\" content=\"350\" \/>\n\t<meta property=\"og:image:height\" content=\"458\" \/>\n\t<meta property=\"og:image:type\" content=\"image\/jpeg\" \/>\n<meta name=\"twitter:card\" content=\"summary_large_image\" \/>\n<meta name=\"twitter:label1\" content=\"Tempo di lettura stimato\" \/>\n\t<meta name=\"twitter:data1\" content=\"1 minuto\" \/>\n<script type=\"application\/ld+json\" class=\"yoast-schema-graph\">{\"@context\":\"https:\/\/schema.org\",\"@graph\":[{\"@type\":\"WebPage\",\"@id\":\"https:\/\/www.erboristerie.com\/it\/prodotto\/ginkgo-foglie-taglio-tisana-ginkgo-biloba\/\",\"url\":\"https:\/\/www.erboristerie.com\/it\/prodotto\/ginkgo-foglie-taglio-tisana-ginkgo-biloba\/\",\"name\":\"Ginkgo foglie in taglio tisana (Ginkgo biloba) - Erboristeria Demetra\",\"isPartOf\":{\"@id\":\"https:\/\/www.erboristerie.com\/it\/#website\"},\"primaryImageOfPage\":{\"@id\":\"https:\/\/www.erboristerie.com\/it\/prodotto\/ginkgo-foglie-taglio-tisana-ginkgo-biloba\/#primaryimage\"},\"image\":{\"@id\":\"https:\/\/www.erboristerie.com\/it\/prodotto\/ginkgo-foglie-taglio-tisana-ginkgo-biloba\/#primaryimage\"},\"thumbnailUrl\":\"https:\/\/www.erboristerie.com\/wp-content\/uploads\/2019\/01\/products-00001716.jpg\",\"datePublished\":\"2008-05-09T08:45:24+00:00\",\"dateModified\":\"2025-02-19T20:47:25+00:00\",\"description\":\"Le foglie di Ginkgo (Ginkgo biloba) sono conosciute da secoli per le loro propriet\u00e0 benefiche sul sistema circolatorio e sul benessere cognitivo.\",\"breadcrumb\":{\"@id\":\"https:\/\/www.erboristerie.com\/it\/prodotto\/ginkgo-foglie-taglio-tisana-ginkgo-biloba\/#breadcrumb\"},\"inLanguage\":\"it-IT\",\"potentialAction\":[{\"@type\":\"ReadAction\",\"target\":[\"https:\/\/www.erboristerie.com\/it\/prodotto\/ginkgo-foglie-taglio-tisana-ginkgo-biloba\/\"]}]},{\"@type\":\"ImageObject\",\"inLanguage\":\"it-IT\",\"@id\":\"https:\/\/www.erboristerie.com\/it\/prodotto\/ginkgo-foglie-taglio-tisana-ginkgo-biloba\/#primaryimage\",\"url\":\"https:\/\/www.erboristerie.com\/wp-content\/uploads\/2019\/01\/products-00001716.jpg\",\"contentUrl\":\"https:\/\/www.erboristerie.com\/wp-content\/uploads\/2019\/01\/products-00001716.jpg\",\"width\":350,\"height\":458,\"caption\":\"Erbe officinali\"},{\"@type\":\"BreadcrumbList\",\"@id\":\"https:\/\/www.erboristerie.com\/it\/prodotto\/ginkgo-foglie-taglio-tisana-ginkgo-biloba\/#breadcrumb\",\"itemListElement\":[{\"@type\":\"ListItem\",\"position\":1,\"name\":\"Home\",\"item\":\"https:\/\/www.erboristerie.com\/it\/\"},{\"@type\":\"ListItem\",\"position\":2,\"name\":\"Tutti i prodotti\",\"item\":\"https:\/\/www.erboristerie.com\/it\/tutti-i-prodotti\/\"},{\"@type\":\"ListItem\",\"position\":3,\"name\":\"Ginkgo foglie in taglio tisana (Ginkgo biloba)\"}]},{\"@type\":\"WebSite\",\"@id\":\"https:\/\/www.erboristerie.com\/it\/#website\",\"url\":\"https:\/\/www.erboristerie.com\/it\/\",\"name\":\"Erboristeria Demetra\",\"description\":\"La tua salute al naturale\",\"publisher\":{\"@id\":\"https:\/\/www.erboristerie.com\/it\/#organization\"},\"potentialAction\":[{\"@type\":\"SearchAction\",\"target\":{\"@type\":\"EntryPoint\",\"urlTemplate\":\"https:\/\/www.erboristerie.com\/it\/?s={search_term_string}\"},\"query-input\":{\"@type\":\"PropertyValueSpecification\",\"valueRequired\":true,\"valueName\":\"search_term_string\"}}],\"inLanguage\":\"it-IT\"},{\"@type\":\"Organization\",\"@id\":\"https:\/\/www.erboristerie.com\/it\/#organization\",\"name\":\"Erboristeria Demetra\",\"url\":\"https:\/\/www.erboristerie.com\/it\/\",\"logo\":{\"@type\":\"ImageObject\",\"inLanguage\":\"it-IT\",\"@id\":\"https:\/\/www.erboristerie.com\/it\/#\/schema\/logo\/image\/\",\"url\":\"https:\/\/www.erboristerie.com\/wp-content\/uploads\/2019\/11\/LOGO_ERBORISTERIA_DEMETRA_original.png?v=1611516981\",\"contentUrl\":\"https:\/\/www.erboristerie.com\/wp-content\/uploads\/2019\/11\/LOGO_ERBORISTERIA_DEMETRA_original.png?v=1611516981\",\"width\":201,\"height\":54,\"caption\":\"Erboristeria Demetra\"},\"image\":{\"@id\":\"https:\/\/www.erboristerie.com\/it\/#\/schema\/logo\/image\/\"},\"sameAs\":[\"https:\/\/www.facebook.com\/erboristeria.demetra.online\"]}]}<\/script>\n<!-- \/ Yoast SEO plugin. -->","yoast_head_json":{"title":"Ginkgo foglie in taglio tisana (Ginkgo biloba) - Erboristeria Demetra","description":"Le foglie di Ginkgo (Ginkgo biloba) sono conosciute da secoli per le loro propriet\u00e0 benefiche sul sistema circolatorio e sul benessere cognitivo.","robots":{"index":"index","follow":"follow","max-snippet":"max-snippet:-1","max-image-preview":"max-image-preview:large","max-video-preview":"max-video-preview:-1"},"canonical":"https:\/\/www.erboristerie.com\/it\/prodotto\/ginkgo-foglie-taglio-tisana-ginkgo-biloba\/","og_locale":"it_IT","og_type":"article","og_title":"Ginkgo foglie in taglio tisana (Ginkgo biloba) - Erboristeria Demetra","og_description":"Le foglie di Ginkgo (Ginkgo biloba) sono conosciute da secoli per le loro propriet\u00e0 benefiche sul sistema circolatorio e sul benessere cognitivo.","og_url":"https:\/\/www.erboristerie.com\/it\/prodotto\/ginkgo-foglie-taglio-tisana-ginkgo-biloba\/","og_site_name":"Erboristeria Demetra","article_publisher":"https:\/\/www.facebook.com\/erboristeria.demetra.online","article_modified_time":"2025-02-19T20:47:25+00:00","og_image":[{"width":350,"height":458,"url":"https:\/\/www.erboristerie.com\/wp-content\/uploads\/2019\/01\/products-00001716.jpg","type":"image\/jpeg"}],"twitter_card":"summary_large_image","twitter_misc":{"Tempo di lettura stimato":"1 minuto"},"schema":{"@context":"https:\/\/schema.org","@graph":[{"@type":"WebPage","@id":"https:\/\/www.erboristerie.com\/it\/prodotto\/ginkgo-foglie-taglio-tisana-ginkgo-biloba\/","url":"https:\/\/www.erboristerie.com\/it\/prodotto\/ginkgo-foglie-taglio-tisana-ginkgo-biloba\/","name":"Ginkgo foglie in taglio tisana (Ginkgo biloba) - Erboristeria Demetra","isPartOf":{"@id":"https:\/\/www.erboristerie.com\/it\/#website"},"primaryImageOfPage":{"@id":"https:\/\/www.erboristerie.com\/it\/prodotto\/ginkgo-foglie-taglio-tisana-ginkgo-biloba\/#primaryimage"},"image":{"@id":"https:\/\/www.erboristerie.com\/it\/prodotto\/ginkgo-foglie-taglio-tisana-ginkgo-biloba\/#primaryimage"},"thumbnailUrl":"https:\/\/www.erboristerie.com\/wp-content\/uploads\/2019\/01\/products-00001716.jpg","datePublished":"2008-05-09T08:45:24+00:00","dateModified":"2025-02-19T20:47:25+00:00","description":"Le foglie di Ginkgo (Ginkgo biloba) sono conosciute da secoli per le loro propriet\u00e0 benefiche sul sistema circolatorio e sul benessere cognitivo.","breadcrumb":{"@id":"https:\/\/www.erboristerie.com\/it\/prodotto\/ginkgo-foglie-taglio-tisana-ginkgo-biloba\/#breadcrumb"},"inLanguage":"it-IT","potentialAction":[{"@type":"ReadAction","target":["https:\/\/www.erboristerie.com\/it\/prodotto\/ginkgo-foglie-taglio-tisana-ginkgo-biloba\/"]}]},{"@type":"ImageObject","inLanguage":"it-IT","@id":"https:\/\/www.erboristerie.com\/it\/prodotto\/ginkgo-foglie-taglio-tisana-ginkgo-biloba\/#primaryimage","url":"https:\/\/www.erboristerie.com\/wp-content\/uploads\/2019\/01\/products-00001716.jpg","contentUrl":"https:\/\/www.erboristerie.com\/wp-content\/uploads\/2019\/01\/products-00001716.jpg","width":350,"height":458,"caption":"Erbe officinali"},{"@type":"BreadcrumbList","@id":"https:\/\/www.erboristerie.com\/it\/prodotto\/ginkgo-foglie-taglio-tisana-ginkgo-biloba\/#breadcrumb","itemListElement":[{"@type":"ListItem","position":1,"name":"Home","item":"https:\/\/www.erboristerie.com\/it\/"},{"@type":"ListItem","position":2,"name":"Tutti i prodotti","item":"https:\/\/www.erboristerie.com\/it\/tutti-i-prodotti\/"},{"@type":"ListItem","position":3,"name":"Ginkgo foglie in taglio tisana (Ginkgo biloba)"}]},{"@type":"WebSite","@id":"https:\/\/www.erboristerie.com\/it\/#website","url":"https:\/\/www.erboristerie.com\/it\/","name":"Erboristeria Demetra","description":"La tua salute al naturale","publisher":{"@id":"https:\/\/www.erboristerie.com\/it\/#organization"},"potentialAction":[{"@type":"SearchAction","target":{"@type":"EntryPoint","urlTemplate":"https:\/\/www.erboristerie.com\/it\/?s={search_term_string}"},"query-input":{"@type":"PropertyValueSpecification","valueRequired":true,"valueName":"search_term_string"}}],"inLanguage":"it-IT"},{"@type":"Organization","@id":"https:\/\/www.erboristerie.com\/it\/#organization","name":"Erboristeria Demetra","url":"https:\/\/www.erboristerie.com\/it\/","logo":{"@type":"ImageObject","inLanguage":"it-IT","@id":"https:\/\/www.erboristerie.com\/it\/#\/schema\/logo\/image\/","url":"https:\/\/www.erboristerie.com\/wp-content\/uploads\/2019\/11\/LOGO_ERBORISTERIA_DEMETRA_original.png?v=1611516981","contentUrl":"https:\/\/www.erboristerie.com\/wp-content\/uploads\/2019\/11\/LOGO_ERBORISTERIA_DEMETRA_original.png?v=1611516981","width":201,"height":54,"caption":"Erboristeria Demetra"},"image":{"@id":"https:\/\/www.erboristerie.com\/it\/#\/schema\/logo\/image\/"},"sameAs":["https:\/\/www.facebook.com\/erboristeria.demetra.online"]}]}},"_links":{"self":[{"href":"https:\/\/www.erboristerie.com\/it\/wp-json\/wp\/v2\/product\/56454","targetHints":{"allow":["GET"]}}],"collection":[{"href":"https:\/\/www.erboristerie.com\/it\/wp-json\/wp\/v2\/product"}],"about":[{"href":"https:\/\/www.erboristerie.com\/it\/wp-json\/wp\/v2\/types\/product"}],"wp:featuredmedia":[{"embeddable":true,"href":"https:\/\/www.erboristerie.com\/it\/wp-json\/wp\/v2\/media\/50903"}],"wp:attachment":[{"href":"https:\/\/www.erboristerie.com\/it\/wp-json\/wp\/v2\/media?parent=56454"}],"wp:term":[{"taxonomy":"product_brand","embeddable":true,"href":"https:\/\/www.erboristerie.com\/it\/wp-json\/wp\/v2\/product_brand?post=56454"},{"taxonomy":"product_cat","embeddable":true,"href":"https:\/\/www.erboristerie.com\/it\/wp-json\/wp\/v2\/product_cat?post=56454"},{"taxonomy":"product_tag","embeddable":true,"href":"https:\/\/www.erboristerie.com\/it\/wp-json\/wp\/v2\/product_tag?post=56454"},{"taxonomy":"giftcard-category","embeddable":true,"href":"https:\/\/www.erboristerie.com\/it\/wp-json\/wp\/v2\/giftcard-category?post=56454"}],"curies":[{"name":"wp","href":"https:\/\/api.w.org\/{rel}","templated":true}]}}