{"id":56402,"date":"2007-08-03T14:42:39","date_gmt":"2007-08-03T12:42:39","guid":{"rendered":"http:\/\/www.erboristerie.com\/?post_type=product&#038;p=56402"},"modified":"2024-04-09T16:35:59","modified_gmt":"2024-04-09T14:35:59","slug":"la-conoscenza-disintossica-dr-giorgini","status":"publish","type":"product","link":"https:\/\/www.erboristerie.com\/it\/prodotto\/la-conoscenza-disintossica-dr-giorgini\/","title":{"rendered":"LA CONOSCENZA DISINTOSSICA &#8211; DR. GIORGINI"},"content":{"rendered":"<p>LA CONOSCENZA DISINTOSSICA<br \/>\nAutore Dr. Giorgini Martino &#8211; Edizioni Elitto &#8211; 55 pagine<br \/>\nIn questa \u00e7onferenza il Dr. Giorgini propone quattro dimostrazioni dell&#8217;immortalit\u00e0 dell&#8217;Anima; l&#8217;Anima esiste prima e dopo il corpo e possedendo l&#8217;Intelligenza, vede le Idee che sono all&#8217;origine delle cose:<br \/>\n&#8220;&#8230; avremmo dovuto conservare questo sapere per tutta la vita, se non fosse accaduto che, una volta apprese tutte queste Idee, le avessimo dimenticate&#8221;.<br \/>\nNon esiste una casa &#8211; si legge &#8211; se non c&#8217;\u00e8 prima stata l&#8217;idea di quella casa; a questa idea, necessariamente, segue una seconda fase di progettazione matematica ed infine una terza di realizzazione. Tre momenti diversi, tre sostanze diverse. Se una casa non sorge per caso, bisogna allora pensare che anche il mondo, ben pi\u00f9 vasto e complesso, non sia sorto per caso, ma che ci sia stata un&#8217;Idea, realizzata attraverso un progetto matematico&#8230; Si impone, anche in questa conferenza, il paradigma delle Tre Nature, tanto caro all&#8217;Autore; non una sola natura (corpo) come impone la scienza moderna, ma tre come crede la religione (anima, spirito e corpo).<br \/>\nChi non conosce l&#8217;Autore potrebbe essere portato a pensare che il suo sia un filosofeggiare platonico assolutamente teorico, ma non \u00e8 cos\u00ec, perch\u00e9 la medesima filosofia viene dallo stesso applicata tutti i giorni alla preparazione dei numerosi prodotti di erboristeria, inventati in trent&#8217;anni di ricerca dal Dr. Giorgini.<br \/>\nIl Dr. Giorgini dedica questa conferenza &#8220;a tutti Coloro che la leggeranno dieci volte&#8221;, s\u00f9lla falsariga dell&#8217;adagio &#8220;lege, lege et relege&#8221; raccomandato dagli antichi Alchymisti, consapevoli del fatto che la lettura ripetuta di un testo, cos\u00ec come spesso la paziente reiterazione di una operazione in laboratorio, pu\u00f2 portare a dei risultati illuminanti.<\/p>\n","protected":false},"excerpt":{"rendered":"<p>LA CONOSCENZA DISINTOSSICA Autore Dr. Giorgini Martino &#8211; Edizioni Elitto &#8211; 55 pagine In questa \u00e7onferenza il Dr. Giorgini propone quattro dimostrazioni dell&#8217;immortalit\u00e0 dell&#8217;Anima; l&#8217;Anima esiste prima e dopo il corpo e possedendo l&#8217;Intelligenza, vede le Idee che sono all&#8217;origine delle cose: &#8220;&#8230; avremmo dovuto&#8230;<\/p>\n","protected":false},"featured_media":109896,"template":"","meta":{"_acf_changed":false},"product_brand":[9598],"product_cat":[9959],"product_tag":[13105,13106,12312,12309],"giftcard-category":[],"class_list":{"0":"post-56402","1":"product","2":"type-product","3":"status-publish","4":"has-post-thumbnail","6":"product_brand-dr-giorgini-martino-ser-vis","7":"product_cat-libri","8":"product_tag-conoscenza","9":"product_tag-disintossica","10":"product_tag-dr","11":"product_tag-giorgini","13":"first","14":"instock","15":"sale","16":"taxable","17":"shipping-taxable","18":"purchasable","19":"product-type-simple"},"acf":[],"yoast_head":"<!-- This site is optimized with the Yoast SEO plugin v24.9 - https:\/\/yoast.com\/wordpress\/plugins\/seo\/ -->\n<title>LA CONOSCENZA DISINTOSSICA - DR. GIORGINI<\/title>\n<meta name=\"robots\" content=\"index, follow, max-snippet:-1, max-image-preview:large, max-video-preview:-1\" \/>\n<link rel=\"canonical\" href=\"https:\/\/www.erboristerie.com\/it\/prodotto\/la-conoscenza-disintossica-dr-giorgini\/\" \/>\n<meta property=\"og:locale\" content=\"it_IT\" \/>\n<meta property=\"og:type\" content=\"article\" \/>\n<meta property=\"og:title\" content=\"LA CONOSCENZA DISINTOSSICA - DR. GIORGINI\" \/>\n<meta property=\"og:description\" content=\"LA CONOSCENZA DISINTOSSICA Autore Dr. Giorgini Martino &#8211; Edizioni Elitto &#8211; 55 pagine In questa \u00e7onferenza il Dr. Giorgini propone quattro dimostrazioni dell&#8217;immortalit\u00e0 dell&#8217;Anima; l&#8217;Anima esiste prima e dopo il corpo e possedendo l&#8217;Intelligenza, vede le Idee che sono all&#8217;origine delle cose: &#8220;&#8230; avremmo dovuto...\" \/>\n<meta property=\"og:url\" content=\"https:\/\/www.erboristerie.com\/it\/prodotto\/la-conoscenza-disintossica-dr-giorgini\/\" \/>\n<meta property=\"og:site_name\" content=\"Erboristeria Demetra\" \/>\n<meta property=\"article:publisher\" content=\"https:\/\/www.facebook.com\/erboristeria.demetra.online\" \/>\n<meta property=\"article:modified_time\" content=\"2024-04-09T14:35:59+00:00\" \/>\n<meta property=\"og:image\" content=\"https:\/\/www.erboristerie.com\/wp-content\/uploads\/2007\/08\/dr-giorgini-la-conoscenza-disintossica-1.jpg\" \/>\n\t<meta property=\"og:image:width\" content=\"277\" \/>\n\t<meta property=\"og:image:height\" content=\"400\" \/>\n\t<meta property=\"og:image:type\" content=\"image\/jpeg\" \/>\n<meta name=\"twitter:card\" content=\"summary_large_image\" \/>\n<meta name=\"twitter:label1\" content=\"Tempo di lettura stimato\" \/>\n\t<meta name=\"twitter:data1\" content=\"1 minuto\" \/>\n<script type=\"application\/ld+json\" class=\"yoast-schema-graph\">{\"@context\":\"https:\/\/schema.org\",\"@graph\":[{\"@type\":\"WebPage\",\"@id\":\"https:\/\/www.erboristerie.com\/it\/prodotto\/la-conoscenza-disintossica-dr-giorgini\/\",\"url\":\"https:\/\/www.erboristerie.com\/it\/prodotto\/la-conoscenza-disintossica-dr-giorgini\/\",\"name\":\"LA CONOSCENZA DISINTOSSICA - DR. GIORGINI\",\"isPartOf\":{\"@id\":\"https:\/\/www.erboristerie.com\/it\/#website\"},\"primaryImageOfPage\":{\"@id\":\"https:\/\/www.erboristerie.com\/it\/prodotto\/la-conoscenza-disintossica-dr-giorgini\/#primaryimage\"},\"image\":{\"@id\":\"https:\/\/www.erboristerie.com\/it\/prodotto\/la-conoscenza-disintossica-dr-giorgini\/#primaryimage\"},\"thumbnailUrl\":\"https:\/\/www.erboristerie.com\/wp-content\/uploads\/2007\/08\/dr-giorgini-la-conoscenza-disintossica-1.jpg\",\"datePublished\":\"2007-08-03T12:42:39+00:00\",\"dateModified\":\"2024-04-09T14:35:59+00:00\",\"breadcrumb\":{\"@id\":\"https:\/\/www.erboristerie.com\/it\/prodotto\/la-conoscenza-disintossica-dr-giorgini\/#breadcrumb\"},\"inLanguage\":\"it-IT\",\"potentialAction\":[{\"@type\":\"ReadAction\",\"target\":[\"https:\/\/www.erboristerie.com\/it\/prodotto\/la-conoscenza-disintossica-dr-giorgini\/\"]}]},{\"@type\":\"ImageObject\",\"inLanguage\":\"it-IT\",\"@id\":\"https:\/\/www.erboristerie.com\/it\/prodotto\/la-conoscenza-disintossica-dr-giorgini\/#primaryimage\",\"url\":\"https:\/\/www.erboristerie.com\/wp-content\/uploads\/2007\/08\/dr-giorgini-la-conoscenza-disintossica-1.jpg\",\"contentUrl\":\"https:\/\/www.erboristerie.com\/wp-content\/uploads\/2007\/08\/dr-giorgini-la-conoscenza-disintossica-1.jpg\",\"width\":277,\"height\":400},{\"@type\":\"BreadcrumbList\",\"@id\":\"https:\/\/www.erboristerie.com\/it\/prodotto\/la-conoscenza-disintossica-dr-giorgini\/#breadcrumb\",\"itemListElement\":[{\"@type\":\"ListItem\",\"position\":1,\"name\":\"Home\",\"item\":\"https:\/\/www.erboristerie.com\/it\/\"},{\"@type\":\"ListItem\",\"position\":2,\"name\":\"Tutti i prodotti\",\"item\":\"https:\/\/www.erboristerie.com\/it\/tutti-i-prodotti\/\"},{\"@type\":\"ListItem\",\"position\":3,\"name\":\"LA CONOSCENZA DISINTOSSICA &#8211; DR. GIORGINI\"}]},{\"@type\":\"WebSite\",\"@id\":\"https:\/\/www.erboristerie.com\/it\/#website\",\"url\":\"https:\/\/www.erboristerie.com\/it\/\",\"name\":\"Erboristeria Demetra\",\"description\":\"La tua salute al naturale\",\"publisher\":{\"@id\":\"https:\/\/www.erboristerie.com\/it\/#organization\"},\"potentialAction\":[{\"@type\":\"SearchAction\",\"target\":{\"@type\":\"EntryPoint\",\"urlTemplate\":\"https:\/\/www.erboristerie.com\/it\/?s={search_term_string}\"},\"query-input\":{\"@type\":\"PropertyValueSpecification\",\"valueRequired\":true,\"valueName\":\"search_term_string\"}}],\"inLanguage\":\"it-IT\"},{\"@type\":\"Organization\",\"@id\":\"https:\/\/www.erboristerie.com\/it\/#organization\",\"name\":\"Erboristeria Demetra\",\"url\":\"https:\/\/www.erboristerie.com\/it\/\",\"logo\":{\"@type\":\"ImageObject\",\"inLanguage\":\"it-IT\",\"@id\":\"https:\/\/www.erboristerie.com\/it\/#\/schema\/logo\/image\/\",\"url\":\"https:\/\/www.erboristerie.com\/wp-content\/uploads\/2019\/11\/LOGO_ERBORISTERIA_DEMETRA_original.png?v=1611516981\",\"contentUrl\":\"https:\/\/www.erboristerie.com\/wp-content\/uploads\/2019\/11\/LOGO_ERBORISTERIA_DEMETRA_original.png?v=1611516981\",\"width\":201,\"height\":54,\"caption\":\"Erboristeria Demetra\"},\"image\":{\"@id\":\"https:\/\/www.erboristerie.com\/it\/#\/schema\/logo\/image\/\"},\"sameAs\":[\"https:\/\/www.facebook.com\/erboristeria.demetra.online\"]}]}<\/script>\n<!-- \/ Yoast SEO plugin. -->","yoast_head_json":{"title":"LA CONOSCENZA DISINTOSSICA - DR. GIORGINI","robots":{"index":"index","follow":"follow","max-snippet":"max-snippet:-1","max-image-preview":"max-image-preview:large","max-video-preview":"max-video-preview:-1"},"canonical":"https:\/\/www.erboristerie.com\/it\/prodotto\/la-conoscenza-disintossica-dr-giorgini\/","og_locale":"it_IT","og_type":"article","og_title":"LA CONOSCENZA DISINTOSSICA - DR. GIORGINI","og_description":"LA CONOSCENZA DISINTOSSICA Autore Dr. Giorgini Martino &#8211; Edizioni Elitto &#8211; 55 pagine In questa \u00e7onferenza il Dr. Giorgini propone quattro dimostrazioni dell&#8217;immortalit\u00e0 dell&#8217;Anima; l&#8217;Anima esiste prima e dopo il corpo e possedendo l&#8217;Intelligenza, vede le Idee che sono all&#8217;origine delle cose: &#8220;&#8230; avremmo dovuto...","og_url":"https:\/\/www.erboristerie.com\/it\/prodotto\/la-conoscenza-disintossica-dr-giorgini\/","og_site_name":"Erboristeria Demetra","article_publisher":"https:\/\/www.facebook.com\/erboristeria.demetra.online","article_modified_time":"2024-04-09T14:35:59+00:00","og_image":[{"width":277,"height":400,"url":"https:\/\/www.erboristerie.com\/wp-content\/uploads\/2007\/08\/dr-giorgini-la-conoscenza-disintossica-1.jpg","type":"image\/jpeg"}],"twitter_card":"summary_large_image","twitter_misc":{"Tempo di lettura stimato":"1 minuto"},"schema":{"@context":"https:\/\/schema.org","@graph":[{"@type":"WebPage","@id":"https:\/\/www.erboristerie.com\/it\/prodotto\/la-conoscenza-disintossica-dr-giorgini\/","url":"https:\/\/www.erboristerie.com\/it\/prodotto\/la-conoscenza-disintossica-dr-giorgini\/","name":"LA CONOSCENZA DISINTOSSICA - DR. GIORGINI","isPartOf":{"@id":"https:\/\/www.erboristerie.com\/it\/#website"},"primaryImageOfPage":{"@id":"https:\/\/www.erboristerie.com\/it\/prodotto\/la-conoscenza-disintossica-dr-giorgini\/#primaryimage"},"image":{"@id":"https:\/\/www.erboristerie.com\/it\/prodotto\/la-conoscenza-disintossica-dr-giorgini\/#primaryimage"},"thumbnailUrl":"https:\/\/www.erboristerie.com\/wp-content\/uploads\/2007\/08\/dr-giorgini-la-conoscenza-disintossica-1.jpg","datePublished":"2007-08-03T12:42:39+00:00","dateModified":"2024-04-09T14:35:59+00:00","breadcrumb":{"@id":"https:\/\/www.erboristerie.com\/it\/prodotto\/la-conoscenza-disintossica-dr-giorgini\/#breadcrumb"},"inLanguage":"it-IT","potentialAction":[{"@type":"ReadAction","target":["https:\/\/www.erboristerie.com\/it\/prodotto\/la-conoscenza-disintossica-dr-giorgini\/"]}]},{"@type":"ImageObject","inLanguage":"it-IT","@id":"https:\/\/www.erboristerie.com\/it\/prodotto\/la-conoscenza-disintossica-dr-giorgini\/#primaryimage","url":"https:\/\/www.erboristerie.com\/wp-content\/uploads\/2007\/08\/dr-giorgini-la-conoscenza-disintossica-1.jpg","contentUrl":"https:\/\/www.erboristerie.com\/wp-content\/uploads\/2007\/08\/dr-giorgini-la-conoscenza-disintossica-1.jpg","width":277,"height":400},{"@type":"BreadcrumbList","@id":"https:\/\/www.erboristerie.com\/it\/prodotto\/la-conoscenza-disintossica-dr-giorgini\/#breadcrumb","itemListElement":[{"@type":"ListItem","position":1,"name":"Home","item":"https:\/\/www.erboristerie.com\/it\/"},{"@type":"ListItem","position":2,"name":"Tutti i prodotti","item":"https:\/\/www.erboristerie.com\/it\/tutti-i-prodotti\/"},{"@type":"ListItem","position":3,"name":"LA CONOSCENZA DISINTOSSICA &#8211; DR. GIORGINI"}]},{"@type":"WebSite","@id":"https:\/\/www.erboristerie.com\/it\/#website","url":"https:\/\/www.erboristerie.com\/it\/","name":"Erboristeria Demetra","description":"La tua salute al naturale","publisher":{"@id":"https:\/\/www.erboristerie.com\/it\/#organization"},"potentialAction":[{"@type":"SearchAction","target":{"@type":"EntryPoint","urlTemplate":"https:\/\/www.erboristerie.com\/it\/?s={search_term_string}"},"query-input":{"@type":"PropertyValueSpecification","valueRequired":true,"valueName":"search_term_string"}}],"inLanguage":"it-IT"},{"@type":"Organization","@id":"https:\/\/www.erboristerie.com\/it\/#organization","name":"Erboristeria Demetra","url":"https:\/\/www.erboristerie.com\/it\/","logo":{"@type":"ImageObject","inLanguage":"it-IT","@id":"https:\/\/www.erboristerie.com\/it\/#\/schema\/logo\/image\/","url":"https:\/\/www.erboristerie.com\/wp-content\/uploads\/2019\/11\/LOGO_ERBORISTERIA_DEMETRA_original.png?v=1611516981","contentUrl":"https:\/\/www.erboristerie.com\/wp-content\/uploads\/2019\/11\/LOGO_ERBORISTERIA_DEMETRA_original.png?v=1611516981","width":201,"height":54,"caption":"Erboristeria Demetra"},"image":{"@id":"https:\/\/www.erboristerie.com\/it\/#\/schema\/logo\/image\/"},"sameAs":["https:\/\/www.facebook.com\/erboristeria.demetra.online"]}]}},"_links":{"self":[{"href":"https:\/\/www.erboristerie.com\/it\/wp-json\/wp\/v2\/product\/56402","targetHints":{"allow":["GET"]}}],"collection":[{"href":"https:\/\/www.erboristerie.com\/it\/wp-json\/wp\/v2\/product"}],"about":[{"href":"https:\/\/www.erboristerie.com\/it\/wp-json\/wp\/v2\/types\/product"}],"wp:featuredmedia":[{"embeddable":true,"href":"https:\/\/www.erboristerie.com\/it\/wp-json\/wp\/v2\/media\/109896"}],"wp:attachment":[{"href":"https:\/\/www.erboristerie.com\/it\/wp-json\/wp\/v2\/media?parent=56402"}],"wp:term":[{"taxonomy":"product_brand","embeddable":true,"href":"https:\/\/www.erboristerie.com\/it\/wp-json\/wp\/v2\/product_brand?post=56402"},{"taxonomy":"product_cat","embeddable":true,"href":"https:\/\/www.erboristerie.com\/it\/wp-json\/wp\/v2\/product_cat?post=56402"},{"taxonomy":"product_tag","embeddable":true,"href":"https:\/\/www.erboristerie.com\/it\/wp-json\/wp\/v2\/product_tag?post=56402"},{"taxonomy":"giftcard-category","embeddable":true,"href":"https:\/\/www.erboristerie.com\/it\/wp-json\/wp\/v2\/giftcard-category?post=56402"}],"curies":[{"name":"wp","href":"https:\/\/api.w.org\/{rel}","templated":true}]}}