{"id":55422,"date":"2008-05-06T18:06:45","date_gmt":"2008-05-06T16:06:45","guid":{"rendered":"http:\/\/www.erboristerie.com\/?post_type=product&#038;p=55422"},"modified":"2025-11-16T18:10:58","modified_gmt":"2025-11-16T17:10:58","slug":"infuso-di-frutta-1-hg-pesca-albicocca-100-gr","status":"publish","type":"product","link":"https:\/\/www.erboristerie.com\/it\/prodotto\/infuso-di-frutta-1-hg-pesca-albicocca-100-gr\/","title":{"rendered":"Infuso di Frutta Pesca e Albicocca 100gr sfuso"},"content":{"rendered":"<p><strong>Infuso di Frutta sfuso &#8211; <em>di Neavita<\/em><\/strong><br \/>\n\tInfusi di frutta senza T\u00e8 e quindi senza teina. Adatti a tutti, dagli anziani ai bambini, sono bevande gradevoli sia calde sia fredde. Si tratta in effetti, di miscele di frutta con aggiunta alle volte di erbe, con sapore ed aroma predominante quello della denominazione. In confezioni da grammi 100<br \/>\n\tPreparazione:<br \/>\n\t1 cucchiaino o pi\u00f9 per tazza da t\u00e8. Infusione per almeno 5 minuti (o pi\u00f9). Filtrare e dolcificare a piacere. Non contiene foglie di T\u00e8 e quindi non contiene Teina.<\/p>\n<p>\n\tIngredienti: Karkad\u00e8, rosa canina, pezzi di mela, scorze d\u2019arancia, petali di girasole, aromi.<\/p>\n<p><strong>Ulteriori informazioni:<br \/>\n<\/strong>Questo infuso viene pesato e confezionato in sacchetto nel nostro punto vendita come se si trattasse di richiesta di vendita al banco\u00a0nel momento della preparazione dell\u2019ordine. Non presenter\u00e0 altri dati oltre al nome. Resta inteso che su richiesta espressa nelle apposite note in fase di ordine, possono essere indicati altri dati, quali ad esempio, la scadenza.<\/p>\n","protected":false},"excerpt":{"rendered":"<p>Infuso di Frutta sfuso &#8211; di Neavita Infusi di frutta senza T\u00e8 e quindi senza teina. Adatti a tutti, dagli anziani ai bambini, sono bevande gradevoli sia calde sia fredde. Si tratta in effetti, di miscele di frutta con aggiunta alle volte di erbe, con&#8230;<\/p>\n","protected":false},"featured_media":55423,"template":"","meta":{"_acf_changed":false},"product_brand":[9636],"product_cat":[45114],"product_tag":[12774,12769,10952,12768,11465],"giftcard-category":[],"class_list":{"0":"post-55422","1":"product","2":"type-product","3":"status-publish","4":"has-post-thumbnail","6":"product_brand-neavita","7":"product_cat-te-infusi-e-tisane-sfusi","8":"product_tag-albicocca","9":"product_tag-frutta","10":"product_tag-gr","11":"product_tag-infuso","12":"product_tag-pesca","13":"pa_tipologia-infuso-di-frutta","15":"first","16":"instock","17":"taxable","18":"shipping-taxable","19":"purchasable","20":"product-type-simple"},"acf":[],"yoast_head":"<!-- This site is optimized with the Yoast SEO plugin v24.9 - https:\/\/yoast.com\/wordpress\/plugins\/seo\/ -->\n<title>INFUSO DI FRUTTA 1 HG PESCA ALBICOCCA  - 100 gr.<\/title>\n<meta name=\"robots\" content=\"index, follow, max-snippet:-1, max-image-preview:large, max-video-preview:-1\" \/>\n<link rel=\"canonical\" href=\"https:\/\/www.erboristerie.com\/it\/prodotto\/infuso-di-frutta-1-hg-pesca-albicocca-100-gr\/\" \/>\n<meta property=\"og:locale\" content=\"it_IT\" \/>\n<meta property=\"og:type\" content=\"article\" \/>\n<meta property=\"og:title\" content=\"INFUSO DI FRUTTA 1 HG PESCA ALBICOCCA  - 100 gr.\" \/>\n<meta property=\"og:description\" content=\"Infuso di Frutta sfuso &#8211; di Neavita Infusi di frutta senza T\u00e8 e quindi senza teina. Adatti a tutti, dagli anziani ai bambini, sono bevande gradevoli sia calde sia fredde. Si tratta in effetti, di miscele di frutta con aggiunta alle volte di erbe, con...\" \/>\n<meta property=\"og:url\" content=\"https:\/\/www.erboristerie.com\/it\/prodotto\/infuso-di-frutta-1-hg-pesca-albicocca-100-gr\/\" \/>\n<meta property=\"og:site_name\" content=\"Erboristeria Demetra\" \/>\n<meta property=\"article:publisher\" content=\"https:\/\/www.facebook.com\/erboristeria.demetra.online\" \/>\n<meta property=\"article:modified_time\" content=\"2025-11-16T17:10:58+00:00\" \/>\n<meta property=\"og:image\" content=\"https:\/\/www.erboristerie.com\/wp-content\/uploads\/2019\/01\/products-00003090.jpg\" \/>\n\t<meta property=\"og:image:width\" content=\"308\" \/>\n\t<meta property=\"og:image:height\" content=\"306\" \/>\n\t<meta property=\"og:image:type\" content=\"image\/jpeg\" \/>\n<meta name=\"twitter:card\" content=\"summary_large_image\" \/>\n<meta name=\"twitter:label1\" content=\"Tempo di lettura stimato\" \/>\n\t<meta name=\"twitter:data1\" content=\"1 minuto\" \/>\n<script type=\"application\/ld+json\" class=\"yoast-schema-graph\">{\"@context\":\"https:\/\/schema.org\",\"@graph\":[{\"@type\":\"WebPage\",\"@id\":\"https:\/\/www.erboristerie.com\/it\/prodotto\/infuso-di-frutta-1-hg-pesca-albicocca-100-gr\/\",\"url\":\"https:\/\/www.erboristerie.com\/it\/prodotto\/infuso-di-frutta-1-hg-pesca-albicocca-100-gr\/\",\"name\":\"INFUSO DI FRUTTA 1 HG PESCA ALBICOCCA - 100 gr.\",\"isPartOf\":{\"@id\":\"https:\/\/www.erboristerie.com\/it\/#website\"},\"primaryImageOfPage\":{\"@id\":\"https:\/\/www.erboristerie.com\/it\/prodotto\/infuso-di-frutta-1-hg-pesca-albicocca-100-gr\/#primaryimage\"},\"image\":{\"@id\":\"https:\/\/www.erboristerie.com\/it\/prodotto\/infuso-di-frutta-1-hg-pesca-albicocca-100-gr\/#primaryimage\"},\"thumbnailUrl\":\"https:\/\/www.erboristerie.com\/wp-content\/uploads\/2019\/01\/products-00003090.jpg\",\"datePublished\":\"2008-05-06T16:06:45+00:00\",\"dateModified\":\"2025-11-16T17:10:58+00:00\",\"breadcrumb\":{\"@id\":\"https:\/\/www.erboristerie.com\/it\/prodotto\/infuso-di-frutta-1-hg-pesca-albicocca-100-gr\/#breadcrumb\"},\"inLanguage\":\"it-IT\",\"potentialAction\":[{\"@type\":\"ReadAction\",\"target\":[\"https:\/\/www.erboristerie.com\/it\/prodotto\/infuso-di-frutta-1-hg-pesca-albicocca-100-gr\/\"]}]},{\"@type\":\"ImageObject\",\"inLanguage\":\"it-IT\",\"@id\":\"https:\/\/www.erboristerie.com\/it\/prodotto\/infuso-di-frutta-1-hg-pesca-albicocca-100-gr\/#primaryimage\",\"url\":\"https:\/\/www.erboristerie.com\/wp-content\/uploads\/2019\/01\/products-00003090.jpg\",\"contentUrl\":\"https:\/\/www.erboristerie.com\/wp-content\/uploads\/2019\/01\/products-00003090.jpg\",\"width\":\"308\",\"height\":\"306\",\"caption\":\"INFUSO DI FRUTTA 1 HG PESCA ALBICOCCA - 100 gr.\"},{\"@type\":\"BreadcrumbList\",\"@id\":\"https:\/\/www.erboristerie.com\/it\/prodotto\/infuso-di-frutta-1-hg-pesca-albicocca-100-gr\/#breadcrumb\",\"itemListElement\":[{\"@type\":\"ListItem\",\"position\":1,\"name\":\"Home\",\"item\":\"https:\/\/www.erboristerie.com\/it\/\"},{\"@type\":\"ListItem\",\"position\":2,\"name\":\"Tutti i prodotti\",\"item\":\"https:\/\/www.erboristerie.com\/it\/tutti-i-prodotti\/\"},{\"@type\":\"ListItem\",\"position\":3,\"name\":\"Infuso di Frutta Pesca e Albicocca 100gr sfuso\"}]},{\"@type\":\"WebSite\",\"@id\":\"https:\/\/www.erboristerie.com\/it\/#website\",\"url\":\"https:\/\/www.erboristerie.com\/it\/\",\"name\":\"Erboristeria Demetra\",\"description\":\"La tua salute al naturale\",\"publisher\":{\"@id\":\"https:\/\/www.erboristerie.com\/it\/#organization\"},\"potentialAction\":[{\"@type\":\"SearchAction\",\"target\":{\"@type\":\"EntryPoint\",\"urlTemplate\":\"https:\/\/www.erboristerie.com\/it\/?s={search_term_string}\"},\"query-input\":{\"@type\":\"PropertyValueSpecification\",\"valueRequired\":true,\"valueName\":\"search_term_string\"}}],\"inLanguage\":\"it-IT\"},{\"@type\":\"Organization\",\"@id\":\"https:\/\/www.erboristerie.com\/it\/#organization\",\"name\":\"Erboristeria Demetra\",\"url\":\"https:\/\/www.erboristerie.com\/it\/\",\"logo\":{\"@type\":\"ImageObject\",\"inLanguage\":\"it-IT\",\"@id\":\"https:\/\/www.erboristerie.com\/it\/#\/schema\/logo\/image\/\",\"url\":\"https:\/\/www.erboristerie.com\/wp-content\/uploads\/2019\/11\/LOGO_ERBORISTERIA_DEMETRA_original.png?v=1611516981\",\"contentUrl\":\"https:\/\/www.erboristerie.com\/wp-content\/uploads\/2019\/11\/LOGO_ERBORISTERIA_DEMETRA_original.png?v=1611516981\",\"width\":201,\"height\":54,\"caption\":\"Erboristeria Demetra\"},\"image\":{\"@id\":\"https:\/\/www.erboristerie.com\/it\/#\/schema\/logo\/image\/\"},\"sameAs\":[\"https:\/\/www.facebook.com\/erboristeria.demetra.online\"]}]}<\/script>\n<!-- \/ Yoast SEO plugin. -->","yoast_head_json":{"title":"INFUSO DI FRUTTA 1 HG PESCA ALBICOCCA  - 100 gr.","robots":{"index":"index","follow":"follow","max-snippet":"max-snippet:-1","max-image-preview":"max-image-preview:large","max-video-preview":"max-video-preview:-1"},"canonical":"https:\/\/www.erboristerie.com\/it\/prodotto\/infuso-di-frutta-1-hg-pesca-albicocca-100-gr\/","og_locale":"it_IT","og_type":"article","og_title":"INFUSO DI FRUTTA 1 HG PESCA ALBICOCCA  - 100 gr.","og_description":"Infuso di Frutta sfuso &#8211; di Neavita Infusi di frutta senza T\u00e8 e quindi senza teina. Adatti a tutti, dagli anziani ai bambini, sono bevande gradevoli sia calde sia fredde. Si tratta in effetti, di miscele di frutta con aggiunta alle volte di erbe, con...","og_url":"https:\/\/www.erboristerie.com\/it\/prodotto\/infuso-di-frutta-1-hg-pesca-albicocca-100-gr\/","og_site_name":"Erboristeria Demetra","article_publisher":"https:\/\/www.facebook.com\/erboristeria.demetra.online","article_modified_time":"2025-11-16T17:10:58+00:00","og_image":[{"width":308,"height":306,"url":"https:\/\/www.erboristerie.com\/wp-content\/uploads\/2019\/01\/products-00003090.jpg","type":"image\/jpeg"}],"twitter_card":"summary_large_image","twitter_misc":{"Tempo di lettura stimato":"1 minuto"},"schema":{"@context":"https:\/\/schema.org","@graph":[{"@type":"WebPage","@id":"https:\/\/www.erboristerie.com\/it\/prodotto\/infuso-di-frutta-1-hg-pesca-albicocca-100-gr\/","url":"https:\/\/www.erboristerie.com\/it\/prodotto\/infuso-di-frutta-1-hg-pesca-albicocca-100-gr\/","name":"INFUSO DI FRUTTA 1 HG PESCA ALBICOCCA - 100 gr.","isPartOf":{"@id":"https:\/\/www.erboristerie.com\/it\/#website"},"primaryImageOfPage":{"@id":"https:\/\/www.erboristerie.com\/it\/prodotto\/infuso-di-frutta-1-hg-pesca-albicocca-100-gr\/#primaryimage"},"image":{"@id":"https:\/\/www.erboristerie.com\/it\/prodotto\/infuso-di-frutta-1-hg-pesca-albicocca-100-gr\/#primaryimage"},"thumbnailUrl":"https:\/\/www.erboristerie.com\/wp-content\/uploads\/2019\/01\/products-00003090.jpg","datePublished":"2008-05-06T16:06:45+00:00","dateModified":"2025-11-16T17:10:58+00:00","breadcrumb":{"@id":"https:\/\/www.erboristerie.com\/it\/prodotto\/infuso-di-frutta-1-hg-pesca-albicocca-100-gr\/#breadcrumb"},"inLanguage":"it-IT","potentialAction":[{"@type":"ReadAction","target":["https:\/\/www.erboristerie.com\/it\/prodotto\/infuso-di-frutta-1-hg-pesca-albicocca-100-gr\/"]}]},{"@type":"ImageObject","inLanguage":"it-IT","@id":"https:\/\/www.erboristerie.com\/it\/prodotto\/infuso-di-frutta-1-hg-pesca-albicocca-100-gr\/#primaryimage","url":"https:\/\/www.erboristerie.com\/wp-content\/uploads\/2019\/01\/products-00003090.jpg","contentUrl":"https:\/\/www.erboristerie.com\/wp-content\/uploads\/2019\/01\/products-00003090.jpg","width":"308","height":"306","caption":"INFUSO DI FRUTTA 1 HG PESCA ALBICOCCA - 100 gr."},{"@type":"BreadcrumbList","@id":"https:\/\/www.erboristerie.com\/it\/prodotto\/infuso-di-frutta-1-hg-pesca-albicocca-100-gr\/#breadcrumb","itemListElement":[{"@type":"ListItem","position":1,"name":"Home","item":"https:\/\/www.erboristerie.com\/it\/"},{"@type":"ListItem","position":2,"name":"Tutti i prodotti","item":"https:\/\/www.erboristerie.com\/it\/tutti-i-prodotti\/"},{"@type":"ListItem","position":3,"name":"Infuso di Frutta Pesca e Albicocca 100gr sfuso"}]},{"@type":"WebSite","@id":"https:\/\/www.erboristerie.com\/it\/#website","url":"https:\/\/www.erboristerie.com\/it\/","name":"Erboristeria Demetra","description":"La tua salute al naturale","publisher":{"@id":"https:\/\/www.erboristerie.com\/it\/#organization"},"potentialAction":[{"@type":"SearchAction","target":{"@type":"EntryPoint","urlTemplate":"https:\/\/www.erboristerie.com\/it\/?s={search_term_string}"},"query-input":{"@type":"PropertyValueSpecification","valueRequired":true,"valueName":"search_term_string"}}],"inLanguage":"it-IT"},{"@type":"Organization","@id":"https:\/\/www.erboristerie.com\/it\/#organization","name":"Erboristeria Demetra","url":"https:\/\/www.erboristerie.com\/it\/","logo":{"@type":"ImageObject","inLanguage":"it-IT","@id":"https:\/\/www.erboristerie.com\/it\/#\/schema\/logo\/image\/","url":"https:\/\/www.erboristerie.com\/wp-content\/uploads\/2019\/11\/LOGO_ERBORISTERIA_DEMETRA_original.png?v=1611516981","contentUrl":"https:\/\/www.erboristerie.com\/wp-content\/uploads\/2019\/11\/LOGO_ERBORISTERIA_DEMETRA_original.png?v=1611516981","width":201,"height":54,"caption":"Erboristeria Demetra"},"image":{"@id":"https:\/\/www.erboristerie.com\/it\/#\/schema\/logo\/image\/"},"sameAs":["https:\/\/www.facebook.com\/erboristeria.demetra.online"]}]}},"_links":{"self":[{"href":"https:\/\/www.erboristerie.com\/it\/wp-json\/wp\/v2\/product\/55422","targetHints":{"allow":["GET"]}}],"collection":[{"href":"https:\/\/www.erboristerie.com\/it\/wp-json\/wp\/v2\/product"}],"about":[{"href":"https:\/\/www.erboristerie.com\/it\/wp-json\/wp\/v2\/types\/product"}],"wp:featuredmedia":[{"embeddable":true,"href":"https:\/\/www.erboristerie.com\/it\/wp-json\/wp\/v2\/media\/55423"}],"wp:attachment":[{"href":"https:\/\/www.erboristerie.com\/it\/wp-json\/wp\/v2\/media?parent=55422"}],"wp:term":[{"taxonomy":"product_brand","embeddable":true,"href":"https:\/\/www.erboristerie.com\/it\/wp-json\/wp\/v2\/product_brand?post=55422"},{"taxonomy":"product_cat","embeddable":true,"href":"https:\/\/www.erboristerie.com\/it\/wp-json\/wp\/v2\/product_cat?post=55422"},{"taxonomy":"product_tag","embeddable":true,"href":"https:\/\/www.erboristerie.com\/it\/wp-json\/wp\/v2\/product_tag?post=55422"},{"taxonomy":"giftcard-category","embeddable":true,"href":"https:\/\/www.erboristerie.com\/it\/wp-json\/wp\/v2\/giftcard-category?post=55422"}],"curies":[{"name":"wp","href":"https:\/\/api.w.org\/{rel}","templated":true}]}}