{"id":55382,"date":"2008-03-14T10:06:53","date_gmt":"2008-03-14T09:06:53","guid":{"rendered":"http:\/\/www.erboristerie.com\/?post_type=product&#038;p=55382"},"modified":"2026-04-09T21:40:55","modified_gmt":"2026-04-09T19:40:55","slug":"te-tuocha-yunnan-loriginale-in-confezione-nido-di-rondine-da-100-grammi","status":"publish","type":"product","link":"https:\/\/www.erboristerie.com\/it\/prodotto\/te-tuocha-yunnan-loriginale-in-confezione-nido-di-rondine-da-100-grammi\/","title":{"rendered":"T\u00e8 Tuocha Yunnan l&#8217;originale in confezione nido di rondine da 100 grammi"},"content":{"rendered":"<p><strong>T\u00c8 YUNNAN TUOCHA<\/strong><\/p>\n<p><strong>Confezione originale a nido di rondine da 100 grammi.<\/strong><\/p>\n<p>Nello Yunnan Tuocha, a 1500 metri di altitudine, grazie al microclima crescono piante da t\u00e8 giganti.<\/p>\n<p>Il t\u00e8 di queste piante ha propriet\u00e0 depurative miracolose, oggi scientificamente dimostrate.<\/p>\n<p>&#8220;Yunnan Tuocha&#8221; \u00e8 il marchio che ha preso il nome da quella terra favolosa e remota per realizzare un eccezionale t\u00e8 nero preparato ancor oggi seguendo la ricetta dell&#8217;antica tradizione: selezionando e facendo <strong>fermentare le foglie per ben tre volte<\/strong>.<\/p>\n<p>Un consumo regolare di questo <strong>t\u00e8 scioglie i grassi e favorisce la digestione e la riduzione del colesterolo.<\/strong><\/p>\n<p>Le sue virt\u00f9 naturali sono state associate a quelle energetiche del ginseng per creare un infuso in grado di aumentare le prestazioni fisiche e intellettuali, combattendo la sensazione di fatica e di stress.<\/p>\n<p>Per ritrovare la propria armonia psicofisica basta una tazza di t\u00e8 Yunnan Tuocha Naturale.<\/p>\n<p>In Cina \u00e8 tradizione millenaria preparare il t\u00e8 in panetti pressati per conservarlo e renderlo pi\u00f9 idoneo al trasporto.<\/p>\n<p>Il pi\u00f9 famoso tra i t\u00e8 pressati \u00e8 certamente il \u00a0Tuocha cui i cinesi attribuiscono molte propriet\u00e0 curative (digestione, dissenteria, colesterolo, diete dimagranti).<\/p>\n<p><strong>Modo d&#8217;uso<\/strong><\/p>\n<p>Assumere il t\u00e8 Tuocha e&#8217; semplice: Il nido di rondine va rotto, ridotto in pezzettini.<\/p>\n<p>Praticamente lo si riduce a foglioline essiccate sfuse.<\/p>\n<p>Il dosaggio da utilizzare per 1 tazza da t\u00e8 e&#8217; di circa 4 grammi, diciamo l&#8217;ecquivalente della quantita&#8217; che trovate nelle classiche buste filtro del t\u00e8 per avere un paragone visivo.<\/p>\n<p>Va lasciato in infusione in acqua quasi bollente (circa 95\u00b0) per circa 2 minuti per poi filtrare<\/p>\n","protected":false},"excerpt":{"rendered":"<p>T\u00c8 YUNNAN TUOCHA Confezione originale a nido di rondine da 100 grammi. Nello Yunnan Tuocha, a 1500 metri di altitudine, grazie al microclima crescono piante da t\u00e8 giganti. Il t\u00e8 di queste piante ha propriet\u00e0 depurative miracolose, oggi scientificamente dimostrate. &#8220;Yunnan Tuocha&#8221; \u00e8 il marchio&#8230;<\/p>\n","protected":false},"featured_media":108637,"template":"","meta":{"_acf_changed":false},"product_brand":[9600],"product_cat":[45114],"product_tag":[10852,19488,12755,12756,12754,12753,12837,12751,12752],"giftcard-category":[],"class_list":{"0":"post-55382","1":"product","2":"type-product","3":"status-publish","4":"has-post-thumbnail","6":"product_brand-drogherie-carpano","7":"product_cat-te-infusi-e-tisane-sfusi","8":"product_tag-grammi","9":"product_tag-nero-2","10":"product_tag-nido","11":"product_tag-quantita","12":"product_tag-rondine","13":"product_tag-sconti","14":"product_tag-te-26","15":"product_tag-tuocha","16":"product_tag-yunnan","17":"pa_formato-100-grammi","18":"pa_tipologia-te","20":"first","21":"instock","22":"sale","23":"taxable","24":"shipping-taxable","25":"purchasable","26":"product-type-variable"},"acf":[],"yoast_head":"<!-- This site is optimized with the Yoast SEO plugin v24.9 - https:\/\/yoast.com\/wordpress\/plugins\/seo\/ -->\n<title>T\u00e8 Tuocha Yunnan l&#039;originale in confezione nido di rondine da 100 grammi - Erboristeria Demetra<\/title>\n<meta name=\"description\" content=\"L&#039;originale, inconfondibile, unico e benefico T\u00e8 Tuocha della provincia dello Yunnan nella classica confezione a nido di rondine\" \/>\n<meta name=\"robots\" content=\"index, follow, max-snippet:-1, max-image-preview:large, max-video-preview:-1\" \/>\n<link rel=\"canonical\" href=\"https:\/\/www.erboristerie.com\/it\/prodotto\/te-tuocha-yunnan-loriginale-in-confezione-nido-di-rondine-da-100-grammi\/\" \/>\n<meta property=\"og:locale\" content=\"it_IT\" \/>\n<meta property=\"og:type\" content=\"article\" \/>\n<meta property=\"og:title\" content=\"T\u00e8 Tuocha Yunnan l&#039;originale in confezione nido di rondine da 100 grammi - Erboristeria Demetra\" \/>\n<meta property=\"og:description\" content=\"L&#039;originale, inconfondibile, unico e benefico T\u00e8 Tuocha della provincia dello Yunnan nella classica confezione a nido di rondine\" \/>\n<meta property=\"og:url\" content=\"https:\/\/www.erboristerie.com\/it\/prodotto\/te-tuocha-yunnan-loriginale-in-confezione-nido-di-rondine-da-100-grammi\/\" \/>\n<meta property=\"og:site_name\" content=\"Erboristeria Demetra\" \/>\n<meta property=\"article:publisher\" content=\"https:\/\/www.facebook.com\/erboristeria.demetra.online\" \/>\n<meta property=\"article:modified_time\" content=\"2026-04-09T19:40:55+00:00\" \/>\n<meta property=\"og:image\" content=\"https:\/\/www.erboristerie.com\/wp-content\/uploads\/2008\/03\/00002187.jpeg?v=1611515939\" \/>\n\t<meta property=\"og:image:width\" content=\"640\" \/>\n\t<meta property=\"og:image:height\" content=\"607\" \/>\n\t<meta property=\"og:image:type\" content=\"image\/jpeg\" \/>\n<meta name=\"twitter:card\" content=\"summary_large_image\" \/>\n<meta name=\"twitter:label1\" content=\"Tempo di lettura stimato\" \/>\n\t<meta name=\"twitter:data1\" content=\"2 minuti\" \/>\n<script type=\"application\/ld+json\" class=\"yoast-schema-graph\">{\"@context\":\"https:\/\/schema.org\",\"@graph\":[{\"@type\":\"WebPage\",\"@id\":\"https:\/\/www.erboristerie.com\/it\/prodotto\/te-tuocha-yunnan-loriginale-in-confezione-nido-di-rondine-da-100-grammi\/\",\"url\":\"https:\/\/www.erboristerie.com\/it\/prodotto\/te-tuocha-yunnan-loriginale-in-confezione-nido-di-rondine-da-100-grammi\/\",\"name\":\"T\u00e8 Tuocha Yunnan l'originale in confezione nido di rondine da 100 grammi - Erboristeria Demetra\",\"isPartOf\":{\"@id\":\"https:\/\/www.erboristerie.com\/it\/#website\"},\"primaryImageOfPage\":{\"@id\":\"https:\/\/www.erboristerie.com\/it\/prodotto\/te-tuocha-yunnan-loriginale-in-confezione-nido-di-rondine-da-100-grammi\/#primaryimage\"},\"image\":{\"@id\":\"https:\/\/www.erboristerie.com\/it\/prodotto\/te-tuocha-yunnan-loriginale-in-confezione-nido-di-rondine-da-100-grammi\/#primaryimage\"},\"thumbnailUrl\":\"https:\/\/www.erboristerie.com\/wp-content\/uploads\/2008\/03\/00002187.jpeg?v=1611515939\",\"datePublished\":\"2008-03-14T09:06:53+00:00\",\"dateModified\":\"2026-04-09T19:40:55+00:00\",\"description\":\"L'originale, inconfondibile, unico e benefico T\u00e8 Tuocha della provincia dello Yunnan nella classica confezione a nido di rondine\",\"breadcrumb\":{\"@id\":\"https:\/\/www.erboristerie.com\/it\/prodotto\/te-tuocha-yunnan-loriginale-in-confezione-nido-di-rondine-da-100-grammi\/#breadcrumb\"},\"inLanguage\":\"it-IT\",\"potentialAction\":[{\"@type\":\"ReadAction\",\"target\":[\"https:\/\/www.erboristerie.com\/it\/prodotto\/te-tuocha-yunnan-loriginale-in-confezione-nido-di-rondine-da-100-grammi\/\"]}]},{\"@type\":\"ImageObject\",\"inLanguage\":\"it-IT\",\"@id\":\"https:\/\/www.erboristerie.com\/it\/prodotto\/te-tuocha-yunnan-loriginale-in-confezione-nido-di-rondine-da-100-grammi\/#primaryimage\",\"url\":\"https:\/\/www.erboristerie.com\/wp-content\/uploads\/2008\/03\/00002187.jpeg?v=1611515939\",\"contentUrl\":\"https:\/\/www.erboristerie.com\/wp-content\/uploads\/2008\/03\/00002187.jpeg?v=1611515939\",\"width\":640,\"height\":607},{\"@type\":\"BreadcrumbList\",\"@id\":\"https:\/\/www.erboristerie.com\/it\/prodotto\/te-tuocha-yunnan-loriginale-in-confezione-nido-di-rondine-da-100-grammi\/#breadcrumb\",\"itemListElement\":[{\"@type\":\"ListItem\",\"position\":1,\"name\":\"Home\",\"item\":\"https:\/\/www.erboristerie.com\/it\/\"},{\"@type\":\"ListItem\",\"position\":2,\"name\":\"Tutti i prodotti\",\"item\":\"https:\/\/www.erboristerie.com\/it\/tutti-i-prodotti\/\"},{\"@type\":\"ListItem\",\"position\":3,\"name\":\"T\u00e8 Tuocha Yunnan l&#8217;originale in confezione nido di rondine da 100 grammi\"}]},{\"@type\":\"WebSite\",\"@id\":\"https:\/\/www.erboristerie.com\/it\/#website\",\"url\":\"https:\/\/www.erboristerie.com\/it\/\",\"name\":\"Erboristeria Demetra\",\"description\":\"La tua salute al naturale\",\"publisher\":{\"@id\":\"https:\/\/www.erboristerie.com\/it\/#organization\"},\"potentialAction\":[{\"@type\":\"SearchAction\",\"target\":{\"@type\":\"EntryPoint\",\"urlTemplate\":\"https:\/\/www.erboristerie.com\/it\/?s={search_term_string}\"},\"query-input\":{\"@type\":\"PropertyValueSpecification\",\"valueRequired\":true,\"valueName\":\"search_term_string\"}}],\"inLanguage\":\"it-IT\"},{\"@type\":\"Organization\",\"@id\":\"https:\/\/www.erboristerie.com\/it\/#organization\",\"name\":\"Erboristeria Demetra\",\"url\":\"https:\/\/www.erboristerie.com\/it\/\",\"logo\":{\"@type\":\"ImageObject\",\"inLanguage\":\"it-IT\",\"@id\":\"https:\/\/www.erboristerie.com\/it\/#\/schema\/logo\/image\/\",\"url\":\"https:\/\/www.erboristerie.com\/wp-content\/uploads\/2019\/11\/LOGO_ERBORISTERIA_DEMETRA_original.png?v=1611516981\",\"contentUrl\":\"https:\/\/www.erboristerie.com\/wp-content\/uploads\/2019\/11\/LOGO_ERBORISTERIA_DEMETRA_original.png?v=1611516981\",\"width\":201,\"height\":54,\"caption\":\"Erboristeria Demetra\"},\"image\":{\"@id\":\"https:\/\/www.erboristerie.com\/it\/#\/schema\/logo\/image\/\"},\"sameAs\":[\"https:\/\/www.facebook.com\/erboristeria.demetra.online\"]}]}<\/script>\n<!-- \/ Yoast SEO plugin. -->","yoast_head_json":{"title":"T\u00e8 Tuocha Yunnan l'originale in confezione nido di rondine da 100 grammi - Erboristeria Demetra","description":"L'originale, inconfondibile, unico e benefico T\u00e8 Tuocha della provincia dello Yunnan nella classica confezione a nido di rondine","robots":{"index":"index","follow":"follow","max-snippet":"max-snippet:-1","max-image-preview":"max-image-preview:large","max-video-preview":"max-video-preview:-1"},"canonical":"https:\/\/www.erboristerie.com\/it\/prodotto\/te-tuocha-yunnan-loriginale-in-confezione-nido-di-rondine-da-100-grammi\/","og_locale":"it_IT","og_type":"article","og_title":"T\u00e8 Tuocha Yunnan l'originale in confezione nido di rondine da 100 grammi - Erboristeria Demetra","og_description":"L'originale, inconfondibile, unico e benefico T\u00e8 Tuocha della provincia dello Yunnan nella classica confezione a nido di rondine","og_url":"https:\/\/www.erboristerie.com\/it\/prodotto\/te-tuocha-yunnan-loriginale-in-confezione-nido-di-rondine-da-100-grammi\/","og_site_name":"Erboristeria Demetra","article_publisher":"https:\/\/www.facebook.com\/erboristeria.demetra.online","article_modified_time":"2026-04-09T19:40:55+00:00","og_image":[{"width":640,"height":607,"url":"https:\/\/www.erboristerie.com\/wp-content\/uploads\/2008\/03\/00002187.jpeg?v=1611515939","type":"image\/jpeg"}],"twitter_card":"summary_large_image","twitter_misc":{"Tempo di lettura stimato":"2 minuti"},"schema":{"@context":"https:\/\/schema.org","@graph":[{"@type":"WebPage","@id":"https:\/\/www.erboristerie.com\/it\/prodotto\/te-tuocha-yunnan-loriginale-in-confezione-nido-di-rondine-da-100-grammi\/","url":"https:\/\/www.erboristerie.com\/it\/prodotto\/te-tuocha-yunnan-loriginale-in-confezione-nido-di-rondine-da-100-grammi\/","name":"T\u00e8 Tuocha Yunnan l'originale in confezione nido di rondine da 100 grammi - Erboristeria Demetra","isPartOf":{"@id":"https:\/\/www.erboristerie.com\/it\/#website"},"primaryImageOfPage":{"@id":"https:\/\/www.erboristerie.com\/it\/prodotto\/te-tuocha-yunnan-loriginale-in-confezione-nido-di-rondine-da-100-grammi\/#primaryimage"},"image":{"@id":"https:\/\/www.erboristerie.com\/it\/prodotto\/te-tuocha-yunnan-loriginale-in-confezione-nido-di-rondine-da-100-grammi\/#primaryimage"},"thumbnailUrl":"https:\/\/www.erboristerie.com\/wp-content\/uploads\/2008\/03\/00002187.jpeg?v=1611515939","datePublished":"2008-03-14T09:06:53+00:00","dateModified":"2026-04-09T19:40:55+00:00","description":"L'originale, inconfondibile, unico e benefico T\u00e8 Tuocha della provincia dello Yunnan nella classica confezione a nido di rondine","breadcrumb":{"@id":"https:\/\/www.erboristerie.com\/it\/prodotto\/te-tuocha-yunnan-loriginale-in-confezione-nido-di-rondine-da-100-grammi\/#breadcrumb"},"inLanguage":"it-IT","potentialAction":[{"@type":"ReadAction","target":["https:\/\/www.erboristerie.com\/it\/prodotto\/te-tuocha-yunnan-loriginale-in-confezione-nido-di-rondine-da-100-grammi\/"]}]},{"@type":"ImageObject","inLanguage":"it-IT","@id":"https:\/\/www.erboristerie.com\/it\/prodotto\/te-tuocha-yunnan-loriginale-in-confezione-nido-di-rondine-da-100-grammi\/#primaryimage","url":"https:\/\/www.erboristerie.com\/wp-content\/uploads\/2008\/03\/00002187.jpeg?v=1611515939","contentUrl":"https:\/\/www.erboristerie.com\/wp-content\/uploads\/2008\/03\/00002187.jpeg?v=1611515939","width":640,"height":607},{"@type":"BreadcrumbList","@id":"https:\/\/www.erboristerie.com\/it\/prodotto\/te-tuocha-yunnan-loriginale-in-confezione-nido-di-rondine-da-100-grammi\/#breadcrumb","itemListElement":[{"@type":"ListItem","position":1,"name":"Home","item":"https:\/\/www.erboristerie.com\/it\/"},{"@type":"ListItem","position":2,"name":"Tutti i prodotti","item":"https:\/\/www.erboristerie.com\/it\/tutti-i-prodotti\/"},{"@type":"ListItem","position":3,"name":"T\u00e8 Tuocha Yunnan l&#8217;originale in confezione nido di rondine da 100 grammi"}]},{"@type":"WebSite","@id":"https:\/\/www.erboristerie.com\/it\/#website","url":"https:\/\/www.erboristerie.com\/it\/","name":"Erboristeria Demetra","description":"La tua salute al naturale","publisher":{"@id":"https:\/\/www.erboristerie.com\/it\/#organization"},"potentialAction":[{"@type":"SearchAction","target":{"@type":"EntryPoint","urlTemplate":"https:\/\/www.erboristerie.com\/it\/?s={search_term_string}"},"query-input":{"@type":"PropertyValueSpecification","valueRequired":true,"valueName":"search_term_string"}}],"inLanguage":"it-IT"},{"@type":"Organization","@id":"https:\/\/www.erboristerie.com\/it\/#organization","name":"Erboristeria Demetra","url":"https:\/\/www.erboristerie.com\/it\/","logo":{"@type":"ImageObject","inLanguage":"it-IT","@id":"https:\/\/www.erboristerie.com\/it\/#\/schema\/logo\/image\/","url":"https:\/\/www.erboristerie.com\/wp-content\/uploads\/2019\/11\/LOGO_ERBORISTERIA_DEMETRA_original.png?v=1611516981","contentUrl":"https:\/\/www.erboristerie.com\/wp-content\/uploads\/2019\/11\/LOGO_ERBORISTERIA_DEMETRA_original.png?v=1611516981","width":201,"height":54,"caption":"Erboristeria Demetra"},"image":{"@id":"https:\/\/www.erboristerie.com\/it\/#\/schema\/logo\/image\/"},"sameAs":["https:\/\/www.facebook.com\/erboristeria.demetra.online"]}]}},"_links":{"self":[{"href":"https:\/\/www.erboristerie.com\/it\/wp-json\/wp\/v2\/product\/55382","targetHints":{"allow":["GET"]}}],"collection":[{"href":"https:\/\/www.erboristerie.com\/it\/wp-json\/wp\/v2\/product"}],"about":[{"href":"https:\/\/www.erboristerie.com\/it\/wp-json\/wp\/v2\/types\/product"}],"wp:featuredmedia":[{"embeddable":true,"href":"https:\/\/www.erboristerie.com\/it\/wp-json\/wp\/v2\/media\/108637"}],"wp:attachment":[{"href":"https:\/\/www.erboristerie.com\/it\/wp-json\/wp\/v2\/media?parent=55382"}],"wp:term":[{"taxonomy":"product_brand","embeddable":true,"href":"https:\/\/www.erboristerie.com\/it\/wp-json\/wp\/v2\/product_brand?post=55382"},{"taxonomy":"product_cat","embeddable":true,"href":"https:\/\/www.erboristerie.com\/it\/wp-json\/wp\/v2\/product_cat?post=55382"},{"taxonomy":"product_tag","embeddable":true,"href":"https:\/\/www.erboristerie.com\/it\/wp-json\/wp\/v2\/product_tag?post=55382"},{"taxonomy":"giftcard-category","embeddable":true,"href":"https:\/\/www.erboristerie.com\/it\/wp-json\/wp\/v2\/giftcard-category?post=55382"}],"curies":[{"name":"wp","href":"https:\/\/api.w.org\/{rel}","templated":true}]}}