{"id":55354,"date":"2008-03-14T10:07:02","date_gmt":"2008-03-14T10:07:02","guid":{"rendered":"http:\/\/www.erboristerie.com\/?post_type=product&#038;p=55354"},"modified":"2026-02-04T12:04:52","modified_gmt":"2026-02-04T11:04:52","slug":"tribulus-50-capsule-vegetali-tribulus-terrestris-l-erbamea","status":"publish","type":"product","link":"https:\/\/www.erboristerie.com\/it\/prodotto\/tribulus-50-capsule-vegetali-tribulus-terrestris-l-erbamea\/","title":{"rendered":"Tribulus 50 capsule vegetali (Tribulus terrestris L.) Erbamea"},"content":{"rendered":"<p class=\"\" data-start=\"88\" data-end=\"155\"><strong data-start=\"88\" data-end=\"155\">Tribulus (Tribulus terrestris L.) 50 capsule vegetali \u2013 Erbamea<\/strong><\/p>\n<p class=\"\" data-start=\"157\" data-end=\"319\">Il Tribulus terrestris \u00e8 una pianta tradizionalmente utilizzata per supportare la vitalit\u00e0, la tonicit\u00e0 fisica e l\u2019equilibrio ormonale sia maschile che femminile.<\/p>\n<p class=\"\" data-start=\"321\" data-end=\"589\">Grazie al contenuto di saponine, \u00e8 indicato per sostenere la naturale funzionalit\u00e0 ormonale e la libido, favorendo anche forza, resistenza e tono muscolare.<\/p>\n<p class=\"\" data-start=\"321\" data-end=\"589\">Un supporto naturale apprezzato da chi pratica attivit\u00e0 fisica e da chi desidera migliorare l\u2019energia generale.<\/p>\n<p class=\"\" data-start=\"591\" data-end=\"709\"><strong data-start=\"591\" data-end=\"622\">1 capsula vegetale contiene<\/strong><\/p>\n<p class=\"\" data-start=\"591\" data-end=\"709\">Tribulus frutti estratto secco (titolato al 40% in saponine) 150 mg; Inulina 285 mg<\/p>\n<p class=\"\" data-start=\"711\" data-end=\"776\"><strong data-start=\"711\" data-end=\"725\">Modo d\u2019uso<\/strong><\/p>\n<p class=\"\" data-start=\"711\" data-end=\"776\">Assumere 1 capsula al mattino e 1 al pomeriggio.<\/p>\n<p class=\"\" data-start=\"778\" data-end=\"816\"><strong data-start=\"778\" data-end=\"795\">Senza glutine<\/strong><br data-start=\"795\" data-end=\"798\" \/><strong data-start=\"798\" data-end=\"816\">Senza lattosio<\/strong><\/p>\n","protected":false},"excerpt":{"rendered":"<p>Tribulus (Tribulus terrestris L.) 50 capsule vegetali \u2013 Erbamea Il Tribulus terrestris \u00e8 una pianta tradizionalmente utilizzata per supportare la vitalit\u00e0, la tonicit\u00e0 fisica e l\u2019equilibrio ormonale sia maschile che femminile. Grazie al contenuto di saponine, \u00e8 indicato per sostenere la naturale funzionalit\u00e0 ormonale e&#8230;<\/p>\n","protected":false},"featured_media":55091,"template":"","meta":{"_acf_changed":false},"product_brand":[9617],"product_cat":[9987,49560],"product_tag":[10574,12741,12742],"giftcard-category":[],"class_list":{"0":"post-55354","1":"product","2":"type-product","3":"status-publish","4":"has-post-thumbnail","6":"product_brand-erbamea","7":"product_cat-benessere-maschile","8":"product_cat-singoli-in-pastiglie","9":"product_tag-capsule","10":"product_tag-terrestris","11":"product_tag-tribulus","12":"pa_formato-capsule","14":"first","15":"instock","16":"sale","17":"taxable","18":"shipping-taxable","19":"purchasable","20":"product-type-simple"},"acf":[],"yoast_head":"<!-- This site is optimized with the Yoast SEO plugin v24.9 - https:\/\/yoast.com\/wordpress\/plugins\/seo\/ -->\n<title>Tribulus 50 capsule vegetali (Tribulus terrestris L.) Erbamea - Erboristeria Demetra<\/title>\n<meta name=\"description\" content=\"Il Tribulus terrestris \u00e8 una pianta tradizionalmente utilizzata per supportare la vitalit\u00e0, la tonicit\u00e0 fisica e l\u2019equilibrio ormonale maschile o femminile.\" \/>\n<meta name=\"robots\" content=\"index, follow, max-snippet:-1, max-image-preview:large, max-video-preview:-1\" \/>\n<link rel=\"canonical\" href=\"https:\/\/www.erboristerie.com\/it\/prodotto\/tribulus-50-capsule-vegetali-tribulus-terrestris-l-erbamea\/\" \/>\n<meta property=\"og:locale\" content=\"it_IT\" \/>\n<meta property=\"og:type\" content=\"article\" \/>\n<meta property=\"og:title\" content=\"Tribulus 50 capsule vegetali (Tribulus terrestris L.) Erbamea - Erboristeria Demetra\" \/>\n<meta property=\"og:description\" content=\"Il Tribulus terrestris \u00e8 una pianta tradizionalmente utilizzata per supportare la vitalit\u00e0, la tonicit\u00e0 fisica e l\u2019equilibrio ormonale maschile o femminile.\" \/>\n<meta property=\"og:url\" content=\"https:\/\/www.erboristerie.com\/it\/prodotto\/tribulus-50-capsule-vegetali-tribulus-terrestris-l-erbamea\/\" \/>\n<meta property=\"og:site_name\" content=\"Erboristeria Demetra\" \/>\n<meta property=\"article:publisher\" content=\"https:\/\/www.facebook.com\/erboristeria.demetra.online\" \/>\n<meta property=\"article:modified_time\" content=\"2026-02-04T11:04:52+00:00\" \/>\n<meta property=\"og:image\" content=\"https:\/\/www.erboristerie.com\/wp-content\/uploads\/2019\/01\/products-ERBAMEA.jpg\" \/>\n\t<meta property=\"og:image:width\" content=\"492\" \/>\n\t<meta property=\"og:image:height\" content=\"320\" \/>\n\t<meta property=\"og:image:type\" content=\"image\/jpeg\" \/>\n<meta name=\"twitter:card\" content=\"summary_large_image\" \/>\n<meta name=\"twitter:label1\" content=\"Tempo di lettura stimato\" \/>\n\t<meta name=\"twitter:data1\" content=\"1 minuto\" \/>\n<script type=\"application\/ld+json\" class=\"yoast-schema-graph\">{\"@context\":\"https:\/\/schema.org\",\"@graph\":[{\"@type\":\"WebPage\",\"@id\":\"https:\/\/www.erboristerie.com\/it\/prodotto\/tribulus-50-capsule-vegetali-tribulus-terrestris-l-erbamea\/\",\"url\":\"https:\/\/www.erboristerie.com\/it\/prodotto\/tribulus-50-capsule-vegetali-tribulus-terrestris-l-erbamea\/\",\"name\":\"Tribulus 50 capsule vegetali (Tribulus terrestris L.) Erbamea - Erboristeria Demetra\",\"isPartOf\":{\"@id\":\"https:\/\/www.erboristerie.com\/it\/#website\"},\"primaryImageOfPage\":{\"@id\":\"https:\/\/www.erboristerie.com\/it\/prodotto\/tribulus-50-capsule-vegetali-tribulus-terrestris-l-erbamea\/#primaryimage\"},\"image\":{\"@id\":\"https:\/\/www.erboristerie.com\/it\/prodotto\/tribulus-50-capsule-vegetali-tribulus-terrestris-l-erbamea\/#primaryimage\"},\"thumbnailUrl\":\"https:\/\/www.erboristerie.com\/wp-content\/uploads\/2019\/01\/products-ERBAMEA.jpg\",\"datePublished\":\"2008-03-14T10:07:02+00:00\",\"dateModified\":\"2026-02-04T11:04:52+00:00\",\"description\":\"Il Tribulus terrestris \u00e8 una pianta tradizionalmente utilizzata per supportare la vitalit\u00e0, la tonicit\u00e0 fisica e l\u2019equilibrio ormonale maschile o femminile.\",\"breadcrumb\":{\"@id\":\"https:\/\/www.erboristerie.com\/it\/prodotto\/tribulus-50-capsule-vegetali-tribulus-terrestris-l-erbamea\/#breadcrumb\"},\"inLanguage\":\"it-IT\",\"potentialAction\":[{\"@type\":\"ReadAction\",\"target\":[\"https:\/\/www.erboristerie.com\/it\/prodotto\/tribulus-50-capsule-vegetali-tribulus-terrestris-l-erbamea\/\"]}]},{\"@type\":\"ImageObject\",\"inLanguage\":\"it-IT\",\"@id\":\"https:\/\/www.erboristerie.com\/it\/prodotto\/tribulus-50-capsule-vegetali-tribulus-terrestris-l-erbamea\/#primaryimage\",\"url\":\"https:\/\/www.erboristerie.com\/wp-content\/uploads\/2019\/01\/products-ERBAMEA.jpg\",\"contentUrl\":\"https:\/\/www.erboristerie.com\/wp-content\/uploads\/2019\/01\/products-ERBAMEA.jpg\",\"width\":\"492\",\"height\":\"320\",\"caption\":\"DAMIANA 50 CAPSULE (TURNERA DIFFUSA)\"},{\"@type\":\"BreadcrumbList\",\"@id\":\"https:\/\/www.erboristerie.com\/it\/prodotto\/tribulus-50-capsule-vegetali-tribulus-terrestris-l-erbamea\/#breadcrumb\",\"itemListElement\":[{\"@type\":\"ListItem\",\"position\":1,\"name\":\"Home\",\"item\":\"https:\/\/www.erboristerie.com\/it\/\"},{\"@type\":\"ListItem\",\"position\":2,\"name\":\"Tutti i prodotti\",\"item\":\"https:\/\/www.erboristerie.com\/it\/tutti-i-prodotti\/\"},{\"@type\":\"ListItem\",\"position\":3,\"name\":\"Tribulus 50 capsule vegetali (Tribulus terrestris L.) Erbamea\"}]},{\"@type\":\"WebSite\",\"@id\":\"https:\/\/www.erboristerie.com\/it\/#website\",\"url\":\"https:\/\/www.erboristerie.com\/it\/\",\"name\":\"Erboristeria Demetra\",\"description\":\"La tua salute al naturale\",\"publisher\":{\"@id\":\"https:\/\/www.erboristerie.com\/it\/#organization\"},\"potentialAction\":[{\"@type\":\"SearchAction\",\"target\":{\"@type\":\"EntryPoint\",\"urlTemplate\":\"https:\/\/www.erboristerie.com\/it\/?s={search_term_string}\"},\"query-input\":{\"@type\":\"PropertyValueSpecification\",\"valueRequired\":true,\"valueName\":\"search_term_string\"}}],\"inLanguage\":\"it-IT\"},{\"@type\":\"Organization\",\"@id\":\"https:\/\/www.erboristerie.com\/it\/#organization\",\"name\":\"Erboristeria Demetra\",\"url\":\"https:\/\/www.erboristerie.com\/it\/\",\"logo\":{\"@type\":\"ImageObject\",\"inLanguage\":\"it-IT\",\"@id\":\"https:\/\/www.erboristerie.com\/it\/#\/schema\/logo\/image\/\",\"url\":\"https:\/\/www.erboristerie.com\/wp-content\/uploads\/2019\/11\/LOGO_ERBORISTERIA_DEMETRA_original.png?v=1611516981\",\"contentUrl\":\"https:\/\/www.erboristerie.com\/wp-content\/uploads\/2019\/11\/LOGO_ERBORISTERIA_DEMETRA_original.png?v=1611516981\",\"width\":201,\"height\":54,\"caption\":\"Erboristeria Demetra\"},\"image\":{\"@id\":\"https:\/\/www.erboristerie.com\/it\/#\/schema\/logo\/image\/\"},\"sameAs\":[\"https:\/\/www.facebook.com\/erboristeria.demetra.online\"]}]}<\/script>\n<!-- \/ Yoast SEO plugin. -->","yoast_head_json":{"title":"Tribulus 50 capsule vegetali (Tribulus terrestris L.) Erbamea - Erboristeria Demetra","description":"Il Tribulus terrestris \u00e8 una pianta tradizionalmente utilizzata per supportare la vitalit\u00e0, la tonicit\u00e0 fisica e l\u2019equilibrio ormonale maschile o femminile.","robots":{"index":"index","follow":"follow","max-snippet":"max-snippet:-1","max-image-preview":"max-image-preview:large","max-video-preview":"max-video-preview:-1"},"canonical":"https:\/\/www.erboristerie.com\/it\/prodotto\/tribulus-50-capsule-vegetali-tribulus-terrestris-l-erbamea\/","og_locale":"it_IT","og_type":"article","og_title":"Tribulus 50 capsule vegetali (Tribulus terrestris L.) Erbamea - Erboristeria Demetra","og_description":"Il Tribulus terrestris \u00e8 una pianta tradizionalmente utilizzata per supportare la vitalit\u00e0, la tonicit\u00e0 fisica e l\u2019equilibrio ormonale maschile o femminile.","og_url":"https:\/\/www.erboristerie.com\/it\/prodotto\/tribulus-50-capsule-vegetali-tribulus-terrestris-l-erbamea\/","og_site_name":"Erboristeria Demetra","article_publisher":"https:\/\/www.facebook.com\/erboristeria.demetra.online","article_modified_time":"2026-02-04T11:04:52+00:00","og_image":[{"width":492,"height":320,"url":"https:\/\/www.erboristerie.com\/wp-content\/uploads\/2019\/01\/products-ERBAMEA.jpg","type":"image\/jpeg"}],"twitter_card":"summary_large_image","twitter_misc":{"Tempo di lettura stimato":"1 minuto"},"schema":{"@context":"https:\/\/schema.org","@graph":[{"@type":"WebPage","@id":"https:\/\/www.erboristerie.com\/it\/prodotto\/tribulus-50-capsule-vegetali-tribulus-terrestris-l-erbamea\/","url":"https:\/\/www.erboristerie.com\/it\/prodotto\/tribulus-50-capsule-vegetali-tribulus-terrestris-l-erbamea\/","name":"Tribulus 50 capsule vegetali (Tribulus terrestris L.) Erbamea - Erboristeria Demetra","isPartOf":{"@id":"https:\/\/www.erboristerie.com\/it\/#website"},"primaryImageOfPage":{"@id":"https:\/\/www.erboristerie.com\/it\/prodotto\/tribulus-50-capsule-vegetali-tribulus-terrestris-l-erbamea\/#primaryimage"},"image":{"@id":"https:\/\/www.erboristerie.com\/it\/prodotto\/tribulus-50-capsule-vegetali-tribulus-terrestris-l-erbamea\/#primaryimage"},"thumbnailUrl":"https:\/\/www.erboristerie.com\/wp-content\/uploads\/2019\/01\/products-ERBAMEA.jpg","datePublished":"2008-03-14T10:07:02+00:00","dateModified":"2026-02-04T11:04:52+00:00","description":"Il Tribulus terrestris \u00e8 una pianta tradizionalmente utilizzata per supportare la vitalit\u00e0, la tonicit\u00e0 fisica e l\u2019equilibrio ormonale maschile o femminile.","breadcrumb":{"@id":"https:\/\/www.erboristerie.com\/it\/prodotto\/tribulus-50-capsule-vegetali-tribulus-terrestris-l-erbamea\/#breadcrumb"},"inLanguage":"it-IT","potentialAction":[{"@type":"ReadAction","target":["https:\/\/www.erboristerie.com\/it\/prodotto\/tribulus-50-capsule-vegetali-tribulus-terrestris-l-erbamea\/"]}]},{"@type":"ImageObject","inLanguage":"it-IT","@id":"https:\/\/www.erboristerie.com\/it\/prodotto\/tribulus-50-capsule-vegetali-tribulus-terrestris-l-erbamea\/#primaryimage","url":"https:\/\/www.erboristerie.com\/wp-content\/uploads\/2019\/01\/products-ERBAMEA.jpg","contentUrl":"https:\/\/www.erboristerie.com\/wp-content\/uploads\/2019\/01\/products-ERBAMEA.jpg","width":"492","height":"320","caption":"DAMIANA 50 CAPSULE (TURNERA DIFFUSA)"},{"@type":"BreadcrumbList","@id":"https:\/\/www.erboristerie.com\/it\/prodotto\/tribulus-50-capsule-vegetali-tribulus-terrestris-l-erbamea\/#breadcrumb","itemListElement":[{"@type":"ListItem","position":1,"name":"Home","item":"https:\/\/www.erboristerie.com\/it\/"},{"@type":"ListItem","position":2,"name":"Tutti i prodotti","item":"https:\/\/www.erboristerie.com\/it\/tutti-i-prodotti\/"},{"@type":"ListItem","position":3,"name":"Tribulus 50 capsule vegetali (Tribulus terrestris L.) Erbamea"}]},{"@type":"WebSite","@id":"https:\/\/www.erboristerie.com\/it\/#website","url":"https:\/\/www.erboristerie.com\/it\/","name":"Erboristeria Demetra","description":"La tua salute al naturale","publisher":{"@id":"https:\/\/www.erboristerie.com\/it\/#organization"},"potentialAction":[{"@type":"SearchAction","target":{"@type":"EntryPoint","urlTemplate":"https:\/\/www.erboristerie.com\/it\/?s={search_term_string}"},"query-input":{"@type":"PropertyValueSpecification","valueRequired":true,"valueName":"search_term_string"}}],"inLanguage":"it-IT"},{"@type":"Organization","@id":"https:\/\/www.erboristerie.com\/it\/#organization","name":"Erboristeria Demetra","url":"https:\/\/www.erboristerie.com\/it\/","logo":{"@type":"ImageObject","inLanguage":"it-IT","@id":"https:\/\/www.erboristerie.com\/it\/#\/schema\/logo\/image\/","url":"https:\/\/www.erboristerie.com\/wp-content\/uploads\/2019\/11\/LOGO_ERBORISTERIA_DEMETRA_original.png?v=1611516981","contentUrl":"https:\/\/www.erboristerie.com\/wp-content\/uploads\/2019\/11\/LOGO_ERBORISTERIA_DEMETRA_original.png?v=1611516981","width":201,"height":54,"caption":"Erboristeria Demetra"},"image":{"@id":"https:\/\/www.erboristerie.com\/it\/#\/schema\/logo\/image\/"},"sameAs":["https:\/\/www.facebook.com\/erboristeria.demetra.online"]}]}},"_links":{"self":[{"href":"https:\/\/www.erboristerie.com\/it\/wp-json\/wp\/v2\/product\/55354","targetHints":{"allow":["GET"]}}],"collection":[{"href":"https:\/\/www.erboristerie.com\/it\/wp-json\/wp\/v2\/product"}],"about":[{"href":"https:\/\/www.erboristerie.com\/it\/wp-json\/wp\/v2\/types\/product"}],"wp:featuredmedia":[{"embeddable":true,"href":"https:\/\/www.erboristerie.com\/it\/wp-json\/wp\/v2\/media\/55091"}],"wp:attachment":[{"href":"https:\/\/www.erboristerie.com\/it\/wp-json\/wp\/v2\/media?parent=55354"}],"wp:term":[{"taxonomy":"product_brand","embeddable":true,"href":"https:\/\/www.erboristerie.com\/it\/wp-json\/wp\/v2\/product_brand?post=55354"},{"taxonomy":"product_cat","embeddable":true,"href":"https:\/\/www.erboristerie.com\/it\/wp-json\/wp\/v2\/product_cat?post=55354"},{"taxonomy":"product_tag","embeddable":true,"href":"https:\/\/www.erboristerie.com\/it\/wp-json\/wp\/v2\/product_tag?post=55354"},{"taxonomy":"giftcard-category","embeddable":true,"href":"https:\/\/www.erboristerie.com\/it\/wp-json\/wp\/v2\/giftcard-category?post=55354"}],"curies":[{"name":"wp","href":"https:\/\/api.w.org\/{rel}","templated":true}]}}